{"id":22104,"date":"2018-05-04T17:56:13","date_gmt":"2018-05-05T00:56:13","guid":{"rendered":"https:\/\/www.cip-icu.ca\/nous-contacter\/"},"modified":"2023-11-20T15:56:33","modified_gmt":"2023-11-20T23:56:33","slug":"nous-contacter","status":"publish","type":"page","link":"https:\/\/www.cip-icu.ca\/fr\/nous-contacter\/","title":{"rendered":"Nous contacter"},"content":{"rendered":"\n<div style=\"height:140px\" aria-hidden=\"true\" class=\"wp-block-spacer\"><\/div>\n\n<h1 class=\"wp-block-heading\">Nous contacter<\/h1>\n\n<p class=\"lede\"><strong>Institut canadien des urbanistes<\/strong><\/p>\n\n<p>401-141 avenue Laurier Ouest<\/p>\n\n<p>Ottawa ON K1P 5J3<\/p>\n\n<p>1.800.207.2138 (sans frais) ou 613.237.7526 (PLAN)<\/p>\n\n<div style=\"height:90px\" aria-hidden=\"true\" class=\"wp-block-spacer\"><\/div>\n\n<h2 class=\"wp-block-heading\">Envoyez-nous un message<\/h2>\n<div class=\"wpforms-container wpforms-block wpforms-block-40ccd8ce-15f8-48ea-8c78-69aa683b74da\" id=\"wpforms-74\"><form id=\"wpforms-form-74\" class=\"wpforms-validate wpforms-form\" data-formid=\"74\" method=\"post\" enctype=\"multipart\/form-data\" action=\"\/fr\/wp-json\/wp\/v2\/pages\/22104\" data-token=\"7813a7010a5d8ab5ab17290c2cd2d450\" data-token-time=\"1776575635\"><noscript class=\"wpforms-error-noscript\">Please enable JavaScript in your browser to complete this form.<\/noscript><div class=\"wpforms-field-container\"><div id=\"wpforms-74-field_0-container\" class=\"wpforms-field wpforms-field-name form-group\" data-field-id=\"0\"><label class=\"wpforms-field-label\">Nom <span class=\"wpforms-required-label\">*<\/span><\/label><div class=\"wpforms-field-row wpforms-field-large\"><div class=\"wpforms-field-row-block wpforms-first wpforms-one-half\"><input type=\"text\" id=\"wpforms-74-field_0\" class=\"wpforms-field-name-first wpforms-field-required\" name=\"wpforms[fields][0][first]\" required><label for=\"wpforms-74-field_0\" class=\"wpforms-field-sublabel after\">First<\/label><\/div><div class=\"wpforms-field-row-block wpforms-one-half\"><input type=\"text\" id=\"wpforms-74-field_0-last\" class=\"wpforms-field-name-last wpforms-field-required\" name=\"wpforms[fields][0][last]\" required><label for=\"wpforms-74-field_0-last\" class=\"wpforms-field-sublabel after\">Last<\/label><\/div><\/div><\/div><div id=\"wpforms-74-field_1-container\" class=\"wpforms-field wpforms-field-email\" data-field-id=\"1\"><label class=\"wpforms-field-label\" for=\"wpforms-74-field_1\">Courriel : <span class=\"wpforms-required-label\">*<\/span><\/label><input type=\"email\" id=\"wpforms-74-field_1\" class=\"wpforms-field-large wpforms-field-required\" name=\"wpforms[fields][1]\" spellcheck=\"false\" required><\/div><div id=\"wpforms-74-field_9-container\" class=\"wpforms-field wpforms-field-select wpforms-field-select-style-classic\" data-field-id=\"9\"><label class=\"wpforms-field-label\" for=\"wpforms-74-field_9\">S\u00e9lectionner un sujet <span class=\"wpforms-required-label\">*<\/span><\/label><select id=\"wpforms-74-field_9\" class=\"wpforms-field-large wpforms-field-required\" name=\"wpforms[fields][9]\" required=\"required\"><option value=\"Conseil d&#039;administration\"  class=\"choice-4 depth-1\"  >Conseil d&#8217;administration<\/option><option value=\"Conf\u00e9rence\"  class=\"choice-5 depth-1\"  >Conf\u00e9rence<\/option><option value=\"Badges num\u00e9riques\"  class=\"choice-6 depth-1\"  >Badges num\u00e9riques<\/option><option value=\"\u00c9v\u00e9nements et \u00e9ducation\"  class=\"choice-7 depth-1\"  >\u00c9v\u00e9nements et \u00e9ducation<\/option><option value=\"Finance et comptabilit\u00e9\"  class=\"choice-8 depth-1\"  >Finance et comptabilit\u00e9<\/option><option value=\"G\u00e9n\u00e9ral\/Autre\"  class=\"choice-9 depth-1\"  >G\u00e9n\u00e9ral\/Autre<\/option><option value=\"Distinctions et prix\"  class=\"choice-10 depth-1\"  >Distinctions et prix<\/option><option value=\"Job Board\"  class=\"choice-11 depth-1\"  >Job Board<\/option><option value=\"L&#039;adh\u00e9sion\"  class=\"choice-12 depth-1\"  >L&#8217;adh\u00e9sion<\/option><option value=\"Magazine Plan Canada\"  class=\"choice-13 depth-1\"  >Magazine Plan Canada<\/option><option value=\"Politique et partenariats\"  class=\"choice-14 depth-1\"  >Politique et partenariats<\/option><option value=\"Partnerships\"  class=\"choice-16 depth-1\"  >Partnerships<\/option><option value=\"Bourses d&#039;\u00e9tudes\"  class=\"choice-15 depth-1\"  >Bourses d&#8217;\u00e9tudes<\/option><option value=\"Volunteers &amp; Committees\"  class=\"choice-17 depth-1\"  >Volunteers &amp; Committees<\/option><\/select><\/div><div id=\"wpforms-74-field_2-container\" class=\"wpforms-field wpforms-field-textarea\" data-field-id=\"2\"><label class=\"wpforms-field-label\" for=\"wpforms-74-field_2\">Votre message <span class=\"wpforms-required-label\">*<\/span><\/label><textarea id=\"wpforms-74-field_2\" class=\"wpforms-field-medium wpforms-field-required wpforms-limit-words-enabled\" data-form-id=\"74\" data-field-id=\"2\" data-text-limit=\"120\" name=\"wpforms[fields][2]\" placeholder=\"120 mots maximum\" required><\/textarea><\/div><\/div><!-- .wpforms-field-container --><div class=\"wpforms-field wpforms-field-hp\"><label for=\"wpforms-74-field-hp\" class=\"wpforms-field-label\">Website<\/label><input type=\"text\" name=\"wpforms[hp]\" id=\"wpforms-74-field-hp\" class=\"wpforms-field-medium\"><\/div><div class=\"wpforms-recaptcha-container wpforms-is-recaptcha wpforms-is-recaptcha-type-v3\" ><input type=\"hidden\" name=\"wpforms[recaptcha]\" value=\"\"><\/div><div class=\"wpforms-submit-container\" ><input type=\"hidden\" name=\"wpforms[id]\" value=\"74\"><input type=\"hidden\" name=\"page_title\" value=\"\"><input type=\"hidden\" name=\"page_url\" value=\"https:\/\/www.cip-icu.ca\/fr\/wp-json\/wp\/v2\/pages\/22104\"><input type=\"hidden\" name=\"url_referer\" value=\"\"><button type=\"submit\" name=\"wpforms[submit]\" id=\"wpforms-submit-74\" class=\"wpforms-submit\" data-alt-text=\"Envoi...\" data-submit-text=\"Soumettre\" aria-live=\"assertive\" value=\"wpforms-submit\">Soumettre<\/button><\/div><\/form><\/div>  <!-- .wpforms-container -->\n<p>Pour les demandes de renseignements des m\u00e9dias, veuillez contacter <a href=\"mailto:communications@cip-icu.ca\" data-type=\"mailto\" data-id=\"mailto:communications@cip-icu.ca\">Lauren Murray, responsable de la communication<\/a>.<\/p>\n\n<div style=\"height:100px\" aria-hidden=\"true\" class=\"wp-block-spacer\"><\/div>\n","protected":false},"excerpt":{"rendered":"<p>Institut canadien des urbanistes 401-141 avenue Laurier Ouest Ottawa ON K1P 5J3 1.800.207.2138 (sans frais) ou 613.237.7526 (PLAN) Pour les demandes de renseignements des m\u00e9dias,&hellip;<\/p>\n","protected":false},"author":12,"featured_media":0,"parent":0,"menu_order":0,"comment_status":"closed","ping_status":"closed","template":"","meta":{"_acf_changed":false,"footnotes":""},"class_list":["post-22104","page","type-page","status-publish","hentry"],"acf":[],"_links":{"self":[{"href":"https:\/\/www.cip-icu.ca\/fr\/wp-json\/wp\/v2\/pages\/22104","targetHints":{"allow":["GET"]}}],"collection":[{"href":"https:\/\/www.cip-icu.ca\/fr\/wp-json\/wp\/v2\/pages"}],"about":[{"href":"https:\/\/www.cip-icu.ca\/fr\/wp-json\/wp\/v2\/types\/page"}],"author":[{"embeddable":true,"href":"https:\/\/www.cip-icu.ca\/fr\/wp-json\/wp\/v2\/users\/12"}],"replies":[{"embeddable":true,"href":"https:\/\/www.cip-icu.ca\/fr\/wp-json\/wp\/v2\/comments?post=22104"}],"version-history":[{"count":1,"href":"https:\/\/www.cip-icu.ca\/fr\/wp-json\/wp\/v2\/pages\/22104\/revisions"}],"predecessor-version":[{"id":22105,"href":"https:\/\/www.cip-icu.ca\/fr\/wp-json\/wp\/v2\/pages\/22104\/revisions\/22105"}],"wp:attachment":[{"href":"https:\/\/www.cip-icu.ca\/fr\/wp-json\/wp\/v2\/media?parent=22104"}],"curies":[{"name":"wp","href":"https:\/\/api.w.org\/{rel}","templated":true}]}}