{"id":22108,"date":"2023-09-18T12:33:35","date_gmt":"2023-09-18T19:33:35","guid":{"rendered":"https:\/\/www.cip-icu.ca\/questions-dadhesion\/"},"modified":"2024-10-08T11:42:20","modified_gmt":"2024-10-08T18:42:20","slug":"urbanisme","status":"publish","type":"page","link":"https:\/\/www.cip-icu.ca\/fr\/a-propos-de-nous\/urbanisme\/","title":{"rendered":"Qu&#8217;est-ce que l&#8217;urbanisme ?\u00a0\u00a0"},"content":{"rendered":"\n<div style=\"height:140px\" aria-hidden=\"true\" class=\"wp-block-spacer\"><\/div>\n\n\n\n<div class=\"wp-block-columns is-layout-flex wp-container-core-columns-is-layout-9d6595d7 wp-block-columns-is-layout-flex\">\n<div class=\"wp-block-column is-layout-flow wp-block-column-is-layout-flow\" style=\"flex-basis:60%\">\n<h3 class=\"wp-block-heading line-heading-full\">Qu&#8217;est-ce que l&#8217;urbanisme ?<\/h3>\n\n\n\n<h1 class=\"wp-block-heading has-black-color has-text-color\">L&#8217;<strong><mark style=\"background-color:rgba(0, 0, 0, 0)\" class=\"has-inline-color has-accent-color\">urbanisme<\/mark><\/strong>, \u00e7a compte<\/h1>\n\n\n\n<p class=\"lede\">Aujourd&#8217;hui plus que jamais, la planification est importante. La planification a un impact sur l&#8217;endroit o\u00f9 nous vivons, sur la fa\u00e7on dont nous nous d\u00e9pla\u00e7ons, sur les m\u00e9thodes de travail et sur la sant\u00e9 et le bien-\u00eatre de nos villes, communaut\u00e9s et r\u00e9gions. Qu&#8217;il s&#8217;agisse de l&#8217;utilisation des sols et des ressources, de la cr\u00e9ation de politiques et de plans ou de l&#8217;un des nombreux autres r\u00f4les que joue la planification dans notre vie quotidienne, elle est importante pour chacun d&#8217;entre nous car elle nous concerne tous.<\/p>\n<\/div>\n\n\n\n<div class=\"wp-block-column is-layout-flow wp-block-column-is-layout-flow\" style=\"flex-basis:33.33%\"><\/div>\n<\/div>\n\n\n\n<div style=\"height:40px\" aria-hidden=\"true\" class=\"wp-block-spacer\"><\/div>\n\n\n\n<div class=\"wp-block-group alignfull has-gainsboro-background-color has-background\"><div class=\"wp-block-group__inner-container is-layout-constrained wp-block-group-is-layout-constrained\">\n<div class=\"wp-block-group alignwide mdpadding  data-aos_fade-up aos-animate data-aos-delay_50\"><div class=\"wp-block-group__inner-container is-layout-constrained wp-block-group-is-layout-constrained\">\n<div class=\"wp-block-columns is-layout-flex wp-container-core-columns-is-layout-9d6595d7 wp-block-columns-is-layout-flex\">\n<div class=\"wp-block-column is-vertically-aligned-center  data-aos_fade-right aos-animate data-aos-delay_150 is-layout-flow wp-block-column-is-layout-flow\" style=\"flex-basis:33%\">\n<figure class=\"wp-block-image size-full corner-bottom-right\"><img loading=\"lazy\" decoding=\"async\" width=\"900\" height=\"900\" src=\"https:\/\/www.cip-icu.ca\/wp-content\/uploads\/2023\/11\/Planners-Matter.png\" alt=\"\" class=\"wp-image-20029\" srcset=\"https:\/\/www.cip-icu.ca\/wp-content\/uploads\/2023\/11\/Planners-Matter.png 900w, https:\/\/www.cip-icu.ca\/wp-content\/uploads\/2023\/11\/Planners-Matter-636x636.png 636w, https:\/\/www.cip-icu.ca\/wp-content\/uploads\/2023\/11\/Planners-Matter-160x160.png 160w, https:\/\/www.cip-icu.ca\/wp-content\/uploads\/2023\/11\/Planners-Matter-768x768.png 768w\" sizes=\"auto, (max-width: 900px) 100vw, 900px\" \/><\/figure>\n<\/div>\n\n\n\n<div class=\"wp-block-column is-vertically-aligned-center is-layout-flow wp-block-column-is-layout-flow\" style=\"flex-basis:66%\">\n<h2 class=\"wp-block-heading\">Les urbanistes sont importants.<\/h2>\n\n\n\n<p>Les urbanistes sont \u00e0 l&#8217;avant-garde des d\u00e9fis consid\u00e9rables auxquels notre pays est confront\u00e9. Qu&#8217;il s&#8217;agisse de la crise climatique, de l&#8217;accessibilit\u00e9 au logement, des in\u00e9galit\u00e9s sociales, de la r\u00e9conciliation ou de la mont\u00e9e de la d\u00e9sinformation, les urbanistes apportent les solutions et les id\u00e9es n\u00e9cessaires pour aider nos communaut\u00e9s et notre monde \u00e0 prosp\u00e9rer.<\/p>\n<\/div>\n<\/div>\n<\/div><\/div>\n<\/div><\/div>\n\n\n\n<div style=\"height:100px\" aria-hidden=\"true\" class=\"wp-block-spacer\"><\/div>\n\n\n\n<div class=\"wp-block-columns are-vertically-aligned-center is-layout-flex wp-container-core-columns-is-layout-9d6595d7 wp-block-columns-is-layout-flex\">\n<div class=\"wp-block-column is-vertically-aligned-center  data-aos_fade-right aos-animate data-aos-delay_150 is-layout-flow wp-block-column-is-layout-flow\" style=\"flex-basis:66.66%\">\n<h2 class=\"wp-block-heading\">Les planificateurs professionnels sont importants.<\/h2>\n\n\n\n<p>Il est important d&#8217;\u00eatre un planificateur professionnel parce que cela donne de la cr\u00e9dibilit\u00e9 et de la reconnaissance \u00e0 vos connaissances et \u00e0 votre expertise dans le domaine. Les planificateurs agr\u00e9\u00e9s sont tenus de respecter des normes \u00e9lev\u00e9es en mati\u00e8re d&#8217;\u00e9thique et de responsabilit\u00e9, afin de garantir qu&#8217;ils fournissent les meilleurs services, conseils et orientations possibles aux communaut\u00e9s et aux clients qu&#8217;ils servent.  <\/p>\n\n\n\n<div style=\"height:30px\" aria-hidden=\"true\" class=\"wp-block-spacer\"><\/div>\n\n\n\n<div class=\"wp-block-buttons is-layout-flex wp-block-buttons-is-layout-flex\">\n<div class=\"wp-block-button\"><a class=\"wp-block-button__link wp-element-button\" href=\"https:\/\/www.cip-icu.ca\/fr\/devenir-planificateur\/\"><strong>Devenir planificateur professionnel<\/strong><\/a><\/div>\n<\/div>\n<\/div>\n\n\n\n<div class=\"wp-block-column is-vertically-aligned-center  data-aos_fade-left aos-animate data-aos-delay_150 is-layout-flow wp-block-column-is-layout-flow\" style=\"flex-basis:33.33%\">\n<figure class=\"wp-block-image size-full corner-bottom-right\"><img loading=\"lazy\" decoding=\"async\" width=\"900\" height=\"900\" src=\"https:\/\/www.cip-icu.ca\/wp-content\/uploads\/2023\/11\/Professional-Planners-Matter.png\" alt=\"\" class=\"wp-image-20032\" srcset=\"https:\/\/www.cip-icu.ca\/wp-content\/uploads\/2023\/11\/Professional-Planners-Matter.png 900w, https:\/\/www.cip-icu.ca\/wp-content\/uploads\/2023\/11\/Professional-Planners-Matter-636x636.png 636w, https:\/\/www.cip-icu.ca\/wp-content\/uploads\/2023\/11\/Professional-Planners-Matter-160x160.png 160w, https:\/\/www.cip-icu.ca\/wp-content\/uploads\/2023\/11\/Professional-Planners-Matter-768x768.png 768w\" sizes=\"auto, (max-width: 900px) 100vw, 900px\" \/><\/figure>\n<\/div>\n<\/div>\n\n\n\n<div style=\"height:40px\" aria-hidden=\"true\" class=\"wp-block-spacer\"><\/div>\n\n\n\n<div class=\"wp-block-group mdpadding has-green-1-10-opacity-background-color has-background\"><div class=\"wp-block-group__inner-container is-layout-constrained wp-block-group-is-layout-constrained\">\n<div class=\"wp-block-columns are-vertically-aligned-center is-layout-flex wp-container-core-columns-is-layout-9d6595d7 wp-block-columns-is-layout-flex\">\n<div class=\"wp-block-column is-vertically-aligned-center is-layout-flow wp-block-column-is-layout-flow\" style=\"flex-basis:66.66%\">\n<h2 class=\"wp-block-heading\">Questions relatives aux membres.<\/h2>\n\n\n\n<p>\u00catre membre du CIP vous permet d&#8217;\u00eatre reconnu pour vos qualifications, d&#8217;acc\u00e9der \u00e0 des opportunit\u00e9s de d\u00e9veloppement professionnel et de rester inform\u00e9 des derni\u00e8res tendances et des meilleures pratiques en mati\u00e8re de planification, car nous vous soutenons \u00e0 chaque \u00e9tape de votre carri\u00e8re. En outre, l&#8217;adh\u00e9sion offre des possibilit\u00e9s de mise en r\u00e9seau et de collaboration avec d&#8217;autres professionnels du secteur, ce qui permet d&#8217;obtenir des r\u00e9sultats plus efficaces et plus percutants en mati\u00e8re de planification. \u00catre membre de la CIP est un investissement pr\u00e9cieux dans votre carri\u00e8re et un engagement dans l&#8217;\u00e9cosyst\u00e8me de la planification au sens large.<\/p>\n\n\n\n<p>Vous n&#8217;\u00eates pas un planificateur ? Il n&#8217;est pas n\u00e9cessaire d&#8217;\u00eatre un professionnel pour devenir membre &#8211; la planification a un impact sur tout le monde. Devenez un <a href=\"https:\/\/members.cip-icu.ca\/mpower\/cip\/membership\/app-public-subscriber\" data-type=\"link\" data-id=\"https:\/\/members.cip-icu.ca\/mpower\/cip\/membership\/app-public-subscriber\">abonn\u00e9 public<\/a> pour vous tenir au courant des derni\u00e8res nouvelles et des questions qui vous int\u00e9ressent et recevoir des copies num\u00e9riques de notre <a href=\"https:\/\/www.cip-icu.ca\/fr\/plan-canada\/\" data-type=\"page\" data-id=\"16339\">magazine<em>Plan Canada <\/em><\/a>.<\/p>\n\n\n\n<div style=\"height:20px\" aria-hidden=\"true\" class=\"wp-block-spacer\"><\/div>\n\n\n\n<div class=\"wp-block-buttons is-layout-flex wp-block-buttons-is-layout-flex\">\n<div class=\"wp-block-button\"><a class=\"wp-block-button__link wp-element-button\" href=\"https:\/\/www.cip-icu.ca\/fr\/rejoindre-le-cip\/\"><strong>Devenir membre<\/strong><\/a><\/div>\n<\/div>\n<\/div>\n\n\n\n<div class=\"wp-block-column is-vertically-aligned-center is-layout-flow wp-block-column-is-layout-flow\" style=\"flex-basis:33.33%\"><div class=\"wp-block-image\">\n<figure class=\"aligncenter size-full\"><img loading=\"lazy\" decoding=\"async\" width=\"900\" height=\"900\" src=\"https:\/\/www.cip-icu.ca\/wp-content\/uploads\/2023\/11\/Public-Subscribers.png\" alt=\"\" class=\"wp-image-20074\" srcset=\"https:\/\/www.cip-icu.ca\/wp-content\/uploads\/2023\/11\/Public-Subscribers.png 900w, https:\/\/www.cip-icu.ca\/wp-content\/uploads\/2023\/11\/Public-Subscribers-636x636.png 636w, https:\/\/www.cip-icu.ca\/wp-content\/uploads\/2023\/11\/Public-Subscribers-160x160.png 160w, https:\/\/www.cip-icu.ca\/wp-content\/uploads\/2023\/11\/Public-Subscribers-768x768.png 768w\" sizes=\"auto, (max-width: 900px) 100vw, 900px\" \/><\/figure>\n<\/div><\/div>\n<\/div>\n<\/div><\/div>\n\n\n\n<div style=\"height:100px\" aria-hidden=\"true\" class=\"wp-block-spacer hide-mobile\"><\/div>\n\n\n\n\n","protected":false},"excerpt":{"rendered":"<p>Aujourd&#8217;hui plus que jamais, la planification est importante. La planification a un impact sur l&#8217;endroit o\u00f9 nous vivons, sur la fa\u00e7on dont nous nous d\u00e9pla\u00e7ons,&hellip;<\/p>\n","protected":false},"author":12,"featured_media":0,"parent":22109,"menu_order":0,"comment_status":"closed","ping_status":"closed","template":"","meta":{"_acf_changed":false,"footnotes":""},"class_list":["post-22108","page","type-page","status-publish","hentry"],"acf":[],"_links":{"self":[{"href":"https:\/\/www.cip-icu.ca\/fr\/wp-json\/wp\/v2\/pages\/22108","targetHints":{"allow":["GET"]}}],"collection":[{"href":"https:\/\/www.cip-icu.ca\/fr\/wp-json\/wp\/v2\/pages"}],"about":[{"href":"https:\/\/www.cip-icu.ca\/fr\/wp-json\/wp\/v2\/types\/page"}],"author":[{"embeddable":true,"href":"https:\/\/www.cip-icu.ca\/fr\/wp-json\/wp\/v2\/users\/12"}],"replies":[{"embeddable":true,"href":"https:\/\/www.cip-icu.ca\/fr\/wp-json\/wp\/v2\/comments?post=22108"}],"version-history":[{"count":3,"href":"https:\/\/www.cip-icu.ca\/fr\/wp-json\/wp\/v2\/pages\/22108\/revisions"}],"predecessor-version":[{"id":30064,"href":"https:\/\/www.cip-icu.ca\/fr\/wp-json\/wp\/v2\/pages\/22108\/revisions\/30064"}],"up":[{"embeddable":true,"href":"https:\/\/www.cip-icu.ca\/fr\/wp-json\/wp\/v2\/pages\/22109"}],"wp:attachment":[{"href":"https:\/\/www.cip-icu.ca\/fr\/wp-json\/wp\/v2\/media?parent=22108"}],"curies":[{"name":"wp","href":"https:\/\/api.w.org\/{rel}","templated":true}]}}