{"id":22113,"date":"2019-10-30T14:25:17","date_gmt":"2019-10-30T21:25:17","guid":{"rendered":"https:\/\/www.cip-icu.ca\/conditions-dutilisation\/"},"modified":"2023-11-20T15:56:36","modified_gmt":"2023-11-20T23:56:36","slug":"conditions-dutilisation","status":"publish","type":"page","link":"https:\/\/www.cip-icu.ca\/fr\/conditions-dutilisation\/","title":{"rendered":"Conditions d&#8217;utilisation"},"content":{"rendered":"\n<div class=\"wp-block-group mdpadding\"><div class=\"wp-block-group__inner-container is-layout-flow wp-block-group-is-layout-flow\">\n<div style=\"height:100px\" aria-hidden=\"true\" class=\"wp-block-spacer\"><\/div>\n\n\n\n<h1 class=\"wp-block-heading\">Conditions d&#8217;utilisation<\/h1>\n\n\n\n<h3 class=\"wp-block-heading\">1. Conditions d&#8217;utilisation<\/h3>\n\n\n\n<p class=\"lede\">En acc\u00e9dant au site web <a href=\"https:\/\/www.cip-icu.ca\">https:\/\/www.cip-icu.ca<\/a>, vous acceptez d&#8217;\u00eatre li\u00e9 par les pr\u00e9sentes conditions de service, par toutes les lois et r\u00e9glementations applicables, et vous acceptez d&#8217;\u00eatre responsable du respect de toutes les lois locales applicables. Si vous n&#8217;\u00eates pas d&#8217;accord avec l&#8217;une de ces conditions, il vous est interdit d&#8217;utiliser ce site ou d&#8217;y acc\u00e9der. Le mat\u00e9riel contenu dans ce site web est prot\u00e9g\u00e9 par la l\u00e9gislation applicable en mati\u00e8re de droits d&#8217;auteur et de marques d\u00e9pos\u00e9es.<\/p>\n\n\n\n<h3 class=\"wp-block-heading\">2. Utiliser la licence<\/h3>\n\n\n\n<ol class=\"wp-block-list\">\n<li>Il est permis de t\u00e9l\u00e9charger temporairement une copie des documents (informations ou logiciels) sur le site web de Canadian Institute of Planners (CIP)pour une consultation transitoire personnelle et non commerciale uniquement. Il s&#8217;agit de l&#8217;octroi d&#8217;une licence et non d&#8217;un transfert de titre, et en vertu de cette licence, vous n&#8217;\u00eates pas autoris\u00e9 \u00e0\n<ol class=\"wp-block-list\" style=\"list-style-type:lower-roman\">\n<li>modifier ou copier le mat\u00e9riel ;<\/li>\n\n\n\n<li>utiliser le mat\u00e9riel \u00e0 des fins commerciales ou pour une pr\u00e9sentation publique (commerciale ou non) ;<\/li>\n\n\n\n<li>tenter de d\u00e9compiler ou d&#8217;inverser l&#8217;ing\u00e9nierie de tout logiciel contenu sur le site web de Canadian Institute of Planners (CIP);<\/li>\n\n\n\n<li>supprimer toute mention de droit d&#8217;auteur ou autre mention de propri\u00e9t\u00e9 du mat\u00e9riel ; ou<\/li>\n\n\n\n<li>transf\u00e9rer le mat\u00e9riel \u00e0 une autre personne ou le &#8220;refl\u00e9ter&#8221; sur un autre serveur.  <\/li>\n<\/ol>\n<\/li>\n\n\n\n<li>Cette licence sera automatiquement r\u00e9sili\u00e9e si vous violez l&#8217;une de ces restrictions et peut \u00eatre r\u00e9sili\u00e9e par Canadian Institute of Planners (CIP) \u00e0 tout moment. Lorsque vous cessez de consulter ces documents ou lorsque la pr\u00e9sente licence prend fin, vous devez d\u00e9truire tous les documents t\u00e9l\u00e9charg\u00e9s en votre possession, qu&#8217;ils soient sous forme \u00e9lectronique ou imprim\u00e9e.<\/li>\n<\/ol>\n\n\n\n<h3 class=\"wp-block-heading\">3. Clause de non-responsabilit\u00e9<\/h3>\n\n\n\n<ol class=\"wp-block-list\">\n<li>Les documents figurant sur le site web de Canadian Institute of Planners (CIP)sont fournis &#8220;tels quels&#8221;. Canadian Institute of Planners (CIP) ne donne aucune garantie, expresse ou implicite, et rejette par la pr\u00e9sente toutes les autres garanties, y compris, mais sans s&#8217;y limiter, les garanties ou conditions implicites de qualit\u00e9 marchande, d&#8217;ad\u00e9quation \u00e0 un usage particulier ou de non-violation de la propri\u00e9t\u00e9 intellectuelle ou d&#8217;autres violations des droits.<\/li>\n\n\n\n<li>En outre, Canadian Institute of Planners (CIP) ne garantit pas et ne fait aucune d\u00e9claration concernant l&#8217;exactitude, les r\u00e9sultats probables ou la fiabilit\u00e9 de l&#8217;utilisation du mat\u00e9riel sur son site web ou concernant ce mat\u00e9riel ou tout autre site li\u00e9 \u00e0 ce site.<\/li>\n<\/ol>\n\n\n\n<h3 class=\"wp-block-heading\">4. Limites<\/h3>\n\n\n\n<p>En aucun cas  Canadian Institute of Planners (CIP)  ou ses fournisseurs soient responsables de tout dommage (y compris, sans s&#8217;y limiter, les dommages pour perte de donn\u00e9es ou de b\u00e9n\u00e9fices, ou pour interruption d&#8217;activit\u00e9) r\u00e9sultant de l&#8217;utilisation ou de l&#8217;impossibilit\u00e9 d&#8217;utiliser le mat\u00e9riel sur le site Web de  Canadian Institute of Planners (CIP)Le site web de l&#8217;entreprise, m\u00eame si  Canadian Institute of Planners (CIP)  ou un  Canadian Institute of Planners (CIP)  a \u00e9t\u00e9 inform\u00e9 oralement ou par \u00e9crit de la possibilit\u00e9 de tels dommages. Comme certaines juridictions n&#8217;autorisent pas les limitations sur les garanties implicites ou les limitations de responsabilit\u00e9 pour les dommages cons\u00e9cutifs ou accidentels, ces limitations peuvent ne pas s&#8217;appliquer \u00e0 vous.<\/p>\n\n\n\n<h3 class=\"wp-block-heading\">5. Pr\u00e9cision des mat\u00e9riaux<\/h3>\n\n\n\n<p>Les documents figurant sur le site web de Canadian Institute of Planners (CIP) peuvent contenir des erreurs techniques, typographiques ou photographiques. Canadian Institute of Planners (CIP) ne garantit pas que les documents figurant sur son site web sont exacts, complets ou \u00e0 jour. Canadian Institute of Planners (CIP) peut modifier les documents figurant sur son site web \u00e0 tout moment et sans pr\u00e9avis. Toutefois, Canadian Institute of Planners (CIP) ne s&#8217;engage pas \u00e0 mettre \u00e0 jour le mat\u00e9riel.<\/p>\n\n\n\n<h3 class=\"wp-block-heading\">6. Liens<\/h3>\n\n\n\nCanadian Institute of Planners (CIP)  n&#8217;a pas examin\u00e9 tous les sites li\u00e9s \u00e0 son site web et n&#8217;est pas responsable du contenu de ces sites. L&#8217;inclusion d&#8217;un lien n&#8217;implique pas l&#8217;approbation du site par Canadian Institute of Planners (CIP). L&#8217;utilisation d&#8217;un tel site est aux risques et p\u00e9rils de l&#8217;utilisateur.<\/p>\n\n\n\n<h3 class=\"wp-block-heading\">7. Modifications<\/h3>\n\n\n\nCanadian Institute of Planners (CIP)  peut r\u00e9viser les pr\u00e9sentes conditions d&#8217;utilisation de son site web \u00e0 tout moment et sans pr\u00e9avis. En utilisant ce site web, vous acceptez d&#8217;\u00eatre li\u00e9 par la version actuelle de ces conditions de service.<\/p>\n\n\n\n<h3 class=\"wp-block-heading\">8. Droit applicable<\/h3>\n\n\n\n<p>Les pr\u00e9sentes conditions g\u00e9n\u00e9rales sont r\u00e9gies et interpr\u00e9t\u00e9es conform\u00e9ment aux lois de , ,  et vous vous soumettez irr\u00e9vocablement \u00e0 la comp\u00e9tence exclusive des tribunaux de ce lieu.<\/p>\n<\/div><\/div>\n","protected":false},"excerpt":{"rendered":"<p>En acc\u00e9dant au site web <a href=\"https:\/\/www.cip-icu.ca\">https:\/\/www.cip-icu.ca<\/a>, vous acceptez d&#8217;\u00eatre li\u00e9 par les pr\u00e9sentes conditions de service, par toutes les lois et r\u00e9glementations applicables, et vous&hellip;<\/p>\n","protected":false},"author":12,"featured_media":0,"parent":0,"menu_order":0,"comment_status":"closed","ping_status":"closed","template":"","meta":{"_acf_changed":false,"footnotes":""},"class_list":["post-22113","page","type-page","status-publish","hentry"],"acf":[],"_links":{"self":[{"href":"https:\/\/www.cip-icu.ca\/fr\/wp-json\/wp\/v2\/pages\/22113","targetHints":{"allow":["GET"]}}],"collection":[{"href":"https:\/\/www.cip-icu.ca\/fr\/wp-json\/wp\/v2\/pages"}],"about":[{"href":"https:\/\/www.cip-icu.ca\/fr\/wp-json\/wp\/v2\/types\/page"}],"author":[{"embeddable":true,"href":"https:\/\/www.cip-icu.ca\/fr\/wp-json\/wp\/v2\/users\/12"}],"replies":[{"embeddable":true,"href":"https:\/\/www.cip-icu.ca\/fr\/wp-json\/wp\/v2\/comments?post=22113"}],"version-history":[{"count":1,"href":"https:\/\/www.cip-icu.ca\/fr\/wp-json\/wp\/v2\/pages\/22113\/revisions"}],"predecessor-version":[{"id":22114,"href":"https:\/\/www.cip-icu.ca\/fr\/wp-json\/wp\/v2\/pages\/22113\/revisions\/22114"}],"wp:attachment":[{"href":"https:\/\/www.cip-icu.ca\/fr\/wp-json\/wp\/v2\/media?parent=22113"}],"curies":[{"name":"wp","href":"https:\/\/api.w.org\/{rel}","templated":true}]}}