{"id":22115,"date":"2023-09-18T12:33:30","date_gmt":"2023-09-18T19:33:30","guid":{"rendered":"https:\/\/www.cip-icu.ca\/rejoindre-le-cip\/"},"modified":"2024-10-10T10:03:40","modified_gmt":"2024-10-10T17:03:40","slug":"rejoindre-le-cip","status":"publish","type":"page","link":"https:\/\/www.cip-icu.ca\/fr\/rejoindre-le-cip\/","title":{"rendered":"Devenez membre de l\u2019ICU"},"content":{"rendered":"\n<div style=\"height:140px\" aria-hidden=\"true\" class=\"wp-block-spacer\"><\/div>\n\n<div class=\"wp-block-columns is-layout-flex wp-container-core-columns-is-layout-9d6595d7 wp-block-columns-is-layout-flex\">\n<div class=\"wp-block-column is-layout-flow wp-block-column-is-layout-flow\" style=\"flex-basis:60%\">\n<h3 class=\"wp-block-heading line-heading-full\">Devenez membre de l\u2019ICU<\/h3>\n\n\n\n<h1 class=\"wp-block-heading has-black-color has-text-color\">Connectez-vous au plus grand <strong><mark style=\"background-color:rgba(0, 0, 0, 0)\" class=\"has-inline-color has-accent-color\">r\u00e9seau d\u2019urbanistes<\/mark><\/strong> du Canada<\/h1>\n\n\n\n<p class=\"lede\">En devenant membre de l&#8217;Institut canadien des urbanistes (ICU), vous rejoignez le plus grand r\u00e9seau d&#8217;urbanistes et d&#8217;\u00e9tudiants en urbanisme du Canada, fort de plus de 9 000 membres! Nous sommes une organisation bas\u00e9e sur les membres, dont la gestion est renforc\u00e9e par des b\u00e9n\u00e9voles qui soutiennent et contribuent \u00e0 nos activit\u00e9s \u00e0 diff\u00e9rents niveaux. <\/p>\n\n\n\n<p>Nous travaillons en \u00e9troite collaboration avec les <a href=\"https:\/\/www.cip-icu.ca\/fr\/instituts-et-associations-professionnels-et-territoriaux-ptia\/\" data-type=\"page\" data-id=\"16383\">instituts et associations provinciaux et territoriaux<\/a> (IAPT), qui r\u00e9glementent la profession d&#8217;urbaniste et r\u00e9gissent les droits et responsabilit\u00e9s de leurs membres, ainsi qu&#8217;avec le <a href=\"https:\/\/psb-planningcanada.ca\/about\/psb\/\" target=\"_blank\" rel=\"noreferrer noopener\">Conseil des normes professionnelles<\/a> (CNP) (s\u2019ouvre dans un nouvel onglet) qui g\u00e8re le processus de certification des urbanistes professionnels pour le compte des IAPT.<\/p>\n\n\n\n<div style=\"height:30px\" aria-hidden=\"true\" class=\"wp-block-spacer\"><\/div>\n\n\n\n<div class=\"wp-block-buttons is-layout-flex wp-block-buttons-is-layout-flex\">\n<div class=\"wp-block-button\"><a class=\"wp-block-button__link wp-element-button\" href=\"https:\/\/members.cip-icu.ca\/mpower\/cip\/membership\/apply-for-application\">Demande d&#8217;adh\u00e9sion<\/a><\/div>\n<\/div>\n<\/div>\n\n\n\n<div class=\"wp-block-column is-layout-flow wp-block-column-is-layout-flow\" style=\"flex-basis:33.33%\"><\/div>\n<\/div>\n\n<div style=\"height:60px\" aria-hidden=\"true\" class=\"wp-block-spacer\"><\/div>\n\n<div class=\"wp-block-columns is-layout-flex wp-container-core-columns-is-layout-9d6595d7 wp-block-columns-is-layout-flex\">\n<div class=\"wp-block-column is-vertically-aligned-center data-aos_fade-right aos-animate data-aos-delay_150 is-layout-flow wp-block-column-is-layout-flow\" style=\"flex-basis:33%\"><div class=\"wp-block-image\">\n<figure class=\"alignleft size-full\"><img loading=\"lazy\" decoding=\"async\" width=\"900\" height=\"900\" src=\"https:\/\/www.cip-icu.ca\/wp-content\/uploads\/2023\/11\/type-of-CIP-member.png\" alt=\"\" class=\"wp-image-20027\" style=\"object-fit:cover\" srcset=\"https:\/\/www.cip-icu.ca\/wp-content\/uploads\/2023\/11\/type-of-CIP-member.png 900w, https:\/\/www.cip-icu.ca\/wp-content\/uploads\/2023\/11\/type-of-CIP-member-636x636.png 636w, https:\/\/www.cip-icu.ca\/wp-content\/uploads\/2023\/11\/type-of-CIP-member-160x160.png 160w, https:\/\/www.cip-icu.ca\/wp-content\/uploads\/2023\/11\/type-of-CIP-member-768x768.png 768w\" sizes=\"auto, (max-width: 900px) 100vw, 900px\" \/><\/figure>\n<\/div><\/div>\n\n\n\n<div class=\"wp-block-column is-vertically-aligned-center data-aos_fade-left aos-animate data-aos-delay_150 is-layout-flow wp-block-column-is-layout-flow\" style=\"flex-basis:66%\">\n<h2 class=\"wp-block-heading\">Quel type de membre de l\u2019ICU \u00eates-vous?<\/h2>\n\n\n\n<p>Les urbanistes sont \u00e0 l&#8217;avant-garde des d\u00e9fis consid\u00e9rables auxquels notre pays est confront\u00e9. Qu&#8217;il s&#8217;agisse de la crise climatique, de l&#8217;accessibilit\u00e9 au logement, des in\u00e9galit\u00e9s sociales, de la r\u00e9conciliation ou de la mont\u00e9e de la d\u00e9sinformation, les urbanistes apportent les solutions et les id\u00e9es n\u00e9cessaires pour aider nos communaut\u00e9s et notre monde \u00e0 prosp\u00e9rer.<\/p>\n\n\n\n<div class=\"wp-block-buttons is-layout-flex wp-block-buttons-is-layout-flex\">\n<div class=\"wp-block-button\"><a class=\"wp-block-button__link wp-element-button\" href=\"https:\/\/www.cip-icu.ca\/fr\/rejoindre-le-cip\/admissibilite-des-membres\/\"><strong>Voir admissibilit\u00e9 des membres<\/strong><\/a><\/div>\n<\/div>\n<\/div>\n<\/div>\n\n<div style=\"height:40px\" aria-hidden=\"true\" class=\"wp-block-spacer\"><\/div>\n\n<div class=\"wp-block-columns are-vertically-aligned-center is-layout-flex wp-container-core-columns-is-layout-9d6595d7 wp-block-columns-is-layout-flex\">\n<div class=\"wp-block-column is-vertically-aligned-center data-aos_fade-right aos-animate data-aos-delay_150 is-layout-flow wp-block-column-is-layout-flow\" style=\"flex-basis:66.66%\">\n<h2 class=\"wp-block-heading\">Abonn\u00e9s publics<\/h2>\n\n\n\n<p>Est-ce que vous vous int\u00e9ressez \u00e0 l\u2019urbanisme professionnel canadien, mais vous ne r\u00e9pondez pas aux crit\u00e8res de l&#8217;une de nos cat\u00e9gories de membres? Devenez un abonn\u00e9 public pour rester au courant des derni\u00e8res nouvelles et avoir acc\u00e8s aux copies num\u00e9riques de notre magazine <em>Plan Canada<\/em>.<\/p>\n\n\n\n<div class=\"wp-block-buttons is-layout-flex wp-block-buttons-is-layout-flex\">\n<div class=\"wp-block-button\"><a class=\"wp-block-button__link wp-element-button\" href=\"https:\/\/members.cip-icu.ca\/mpower\/cip\/membership\/app-public-subscriber\"><strong>Devenir un abonn\u00e9<\/strong><\/a><\/div>\n<\/div>\n<\/div>\n\n\n\n<div class=\"wp-block-column is-vertically-aligned-center data-aos_fade-left aos-animate data-aos-delay_150 is-layout-flow wp-block-column-is-layout-flow\" style=\"flex-basis:33.33%\"><div class=\"wp-block-image\">\n<figure class=\"aligncenter size-full\"><img loading=\"lazy\" decoding=\"async\" width=\"900\" height=\"900\" src=\"https:\/\/www.cip-icu.ca\/wp-content\/uploads\/2023\/11\/Public-Subscribers.png\" alt=\"\" class=\"wp-image-20074\" srcset=\"https:\/\/www.cip-icu.ca\/wp-content\/uploads\/2023\/11\/Public-Subscribers.png 900w, https:\/\/www.cip-icu.ca\/wp-content\/uploads\/2023\/11\/Public-Subscribers-636x636.png 636w, https:\/\/www.cip-icu.ca\/wp-content\/uploads\/2023\/11\/Public-Subscribers-160x160.png 160w, https:\/\/www.cip-icu.ca\/wp-content\/uploads\/2023\/11\/Public-Subscribers-768x768.png 768w\" sizes=\"auto, (max-width: 900px) 100vw, 900px\" \/><\/figure>\n<\/div><\/div>\n<\/div>\n\n<div style=\"height:60px\" aria-hidden=\"true\" class=\"wp-block-spacer\"><\/div>\n\n<h2 class=\"wp-block-heading\">Avez-vous des questions?<\/h2>\n\n<div class=\"wp-block-buttons is-layout-flex wp-block-buttons-is-layout-flex\">\n<div class=\"wp-block-button\"><a class=\"wp-block-button__link wp-element-button\" href=\"https:\/\/www.cip-icu.ca\/fr\/nous-contacter\/\"><strong>Nous contacter<\/strong><\/a><\/div>\n<\/div>\n\n<div style=\"height:0px\" aria-hidden=\"true\" class=\"wp-block-spacer\"><\/div>\n\n<div class=\"wp-block-group\"><div class=\"wp-block-group__inner-container is-layout-constrained wp-block-group-is-layout-constrained\"><\/div><\/div>\n\n<div style=\"height:88px\" aria-hidden=\"true\" class=\"wp-block-spacer\"><\/div>\n\n<div class=\"wp-block-group d-none\"><div class=\"wp-block-group__inner-container is-layout-constrained wp-block-group-is-layout-constrained\">\n    \n    \n    <div class=\"accordion  \">\n\n                    \n            <div class=\"accordion-item\" >\n                <button class=\"accordion-button no-btn-style\" aria-controls=\"content-1\" aria-expanded=\"false\" id=\"accordion-control-1\" >Membre de l&#8217;Institut canadien des urbanistes (MICU)<\/button>\n\n                <div class=\"content\" aria-hidden=\"true\" id=\"content-1\" >\n                                            <span class=\"inner\">\n                    \n                    <p class=\"lede\">auLes membres de l&#8217;Institut canadien des urbanistes (MICU) exercent activement la profession d&#8217;urbaniste et sont des urbanistes professionnels agr\u00e9\u00e9s (UPC), des urbanistes professionnels agr\u00e9\u00e9s (LPP), des urbanistes ou des membres agr\u00e9\u00e9s \u00e9quivalents r\u00e9sidant au Canada.<\/p>\n<p>Pour adh\u00e9rer \u00e0 l&#8217;ICU et utiliser le titre de MICU, vous devez \u00eatre membre en r\u00e8gle d&#8217;une IAPT.<\/p>\n\n                    <\/span>\n                <\/div>\n            <\/div>\n\n                    \n            <div class=\"accordion-item\" >\n                <button class=\"accordion-button no-btn-style\" aria-controls=\"content-2\" aria-expanded=\"false\" id=\"accordion-control-2\" >Candidat membre<\/button>\n\n                <div class=\"content\" aria-hidden=\"true\" id=\"content-2\" >\n                                            <span class=\"inner\">\n                    \n                    <p class=\"lede\">Les candidats membres du CIP ont \u00e9t\u00e9 admis en tant que candidats membres d&#8217;une PTIA et poursuivent leurs \u00e9tudes pour obtenir le titre de Registered Professional Planner (RPP), Licensed Professional Planner (LPP), Urbaniste, ou un titre \u00e9quivalent au Canada.<\/p>\n\n                    <\/span>\n                <\/div>\n            <\/div>\n\n                    \n            <div class=\"accordion-item\" >\n                <button class=\"accordion-button no-btn-style\" aria-controls=\"content-3\" aria-expanded=\"false\" id=\"accordion-control-3\" >Membre pr\u00e9-candidat<\/button>\n\n                <div class=\"content\" aria-hidden=\"true\" id=\"content-3\" >\n                                            <span class=\"inner\">\n                    \n                    <p class=\"lede\">Les pr\u00e9-candidats ont l&#8217;intention de devenir membres candidats mais ne remplissent pas encore les conditions requises. Il peut s&#8217;agir de personnes titulaires d&#8217;un dipl\u00f4me de planification reconnu qui ne travaillent pas dans le domaine de la planification, ainsi que de personnes sans dipl\u00f4me de planification reconnu qui travaillent dans le domaine de la planification depuis moins de cinq ans.<\/p>\n\n                    <\/span>\n                <\/div>\n            <\/div>\n\n                    \n            <div class=\"accordion-item\" >\n                <button class=\"accordion-button no-btn-style\" aria-controls=\"content-4\" aria-expanded=\"false\" id=\"accordion-control-4\" >Membre retrait\u00e9<\/button>\n\n                <div class=\"content\" aria-hidden=\"true\" id=\"content-4\" >\n                                            <span class=\"inner\">\n                    \n                    <p class=\"lede\">Les membres retrait\u00e9s de l&#8217;ICU sont des membres professionnels qui se sont retir\u00e9s de la planification et ont quitt\u00e9 la profession en r\u00e8gle, et qui souhaitent se tenir au courant des sujets relatifs \u00e0 la planification au Canada. Les membres retrait\u00e9s ne sont pas autoris\u00e9s \u00e0 utiliser le titre MCIP\u00ae.<\/p>\n\n                    <\/span>\n                <\/div>\n            <\/div>\n\n                    \n            <div class=\"accordion-item\" >\n                <button class=\"accordion-button no-btn-style\" aria-controls=\"content-5\" aria-expanded=\"false\" id=\"accordion-control-5\" >Membre \u00e9tudiant<\/button>\n\n                <div class=\"content\" aria-hidden=\"true\" id=\"content-5\" >\n                                            <span class=\"inner\">\n                    \n                    <p class=\"lede\">Le CIP accueille gratuitement tous les \u00e9tudiants canadiens et internationaux qui s&#8217;int\u00e9ressent \u00e0 la planification. Les membres \u00e9tudiants doivent \u00eatre inscrits dans un programme \u00e0 temps plein.<\/p>\n\n                    <\/span>\n                <\/div>\n            <\/div>\n\n                    \n            <div class=\"accordion-item\" >\n                <button class=\"accordion-button no-btn-style\" aria-controls=\"content-6\" aria-expanded=\"false\" id=\"accordion-control-6\" >Planificateurs professionnels am\u00e9ricains et australiens (APA ou PIA)<\/button>\n\n                <div class=\"content\" aria-hidden=\"true\" id=\"content-6\" >\n                                            <span class=\"inner\">\n                    \n                    <p class=\"lede\">Les urbanistes internationaux qui sont membres \u00e0 part enti\u00e8re de l&#8217;<a href=\"https:\/\/www.planning.org\/\">American Planning Association<\/a> (APA) ou du <a href=\"https:\/\/www.planning.org.au\/\">Planning Institute of Australia<\/a> (PIA) peuvent demander \u00e0 devenir membre international du CIP et utiliser le titre MCIP-I. Veuillez noter que cela ne donne pas droit \u00e0 un enregistrement l\u00e9gal pour travailler et\/ou exercer au Canada. Veuillez vous r\u00e9f\u00e9rer au <a href=\"https:\/\/psb-planningcanada.ca\/\">Conseil des normes professionnelles<\/a> pour commencer votre certification.<\/p>\n\n                    <\/span>\n                <\/div>\n            <\/div>\n\n                    \n            <div class=\"accordion-item\" >\n                <button class=\"accordion-button no-btn-style\" aria-controls=\"content-7\" aria-expanded=\"false\" id=\"accordion-control-7\" >Membre international<\/button>\n\n                <div class=\"content\" aria-hidden=\"true\" id=\"content-7\" >\n                                            <span class=\"inner\">\n                    \n                    <p class=\"lede\">Les urbanistes travaillant \u00e0 l&#8217;\u00e9tranger sont invit\u00e9s \u00e0 devenir des abonn\u00e9s publics du PCI. (Voir ci-dessous pour plus de d\u00e9tails).<\/p>\n<p>Si vous pratiquez l&#8217;urbanisme en dehors du Canada et que vous souhaitez devenir un urbaniste canadien agr\u00e9\u00e9, veuillez vous adresser \u00e0 l&#8217;<a href=\"https:\/\/psb-planningcanada.ca\/\">Office des normes professionnelles<\/a> pour commencer votre certification.<\/p>\n\n                    <\/span>\n                <\/div>\n            <\/div>\n\n                    \n            <div class=\"accordion-item\" >\n                <button class=\"accordion-button no-btn-style\" aria-controls=\"content-8\" aria-expanded=\"false\" id=\"accordion-control-8\" >Abonn\u00e9 public<\/button>\n\n                <div class=\"content\" aria-hidden=\"true\" id=\"content-8\" >\n                                            <span class=\"inner\">\n                    \n                    <p class=\"lede\">Vous \u00eates int\u00e9ress\u00e9 par la planification professionnelle canadienne, mais vous ne correspondez pas aux crit\u00e8res de l&#8217;une des cat\u00e9gories de membres \u00e9num\u00e9r\u00e9es ci-dessus ? Devenez un abonn\u00e9 public pour rester au courant des derni\u00e8res nouvelles et des copies num\u00e9riques de notre magazine <i>Plan Canada<\/i>.<\/p>\n\n                    <\/span>\n                <\/div>\n            <\/div>\n\n        \n    <\/div>\n\n    \n<\/div><\/div>\n\n<div style=\"height:100px\" aria-hidden=\"true\" class=\"wp-block-spacer hide-mobile\"><\/div>\n","protected":false},"excerpt":{"rendered":"<p>En devenant membre de l&#8217;Institut canadien des urbanistes (ICU), vous rejoignez le plus grand r\u00e9seau d&#8217;urbanistes et d&#8217;\u00e9tudiants en urbanisme du Canada, fort de plus&hellip;<\/p>\n","protected":false},"author":12,"featured_media":0,"parent":0,"menu_order":0,"comment_status":"closed","ping_status":"closed","template":"","meta":{"_acf_changed":false,"footnotes":""},"class_list":["post-22115","page","type-page","status-publish","hentry"],"acf":[],"_links":{"self":[{"href":"https:\/\/www.cip-icu.ca\/fr\/wp-json\/wp\/v2\/pages\/22115","targetHints":{"allow":["GET"]}}],"collection":[{"href":"https:\/\/www.cip-icu.ca\/fr\/wp-json\/wp\/v2\/pages"}],"about":[{"href":"https:\/\/www.cip-icu.ca\/fr\/wp-json\/wp\/v2\/types\/page"}],"author":[{"embeddable":true,"href":"https:\/\/www.cip-icu.ca\/fr\/wp-json\/wp\/v2\/users\/12"}],"replies":[{"embeddable":true,"href":"https:\/\/www.cip-icu.ca\/fr\/wp-json\/wp\/v2\/comments?post=22115"}],"version-history":[{"count":6,"href":"https:\/\/www.cip-icu.ca\/fr\/wp-json\/wp\/v2\/pages\/22115\/revisions"}],"predecessor-version":[{"id":30098,"href":"https:\/\/www.cip-icu.ca\/fr\/wp-json\/wp\/v2\/pages\/22115\/revisions\/30098"}],"wp:attachment":[{"href":"https:\/\/www.cip-icu.ca\/fr\/wp-json\/wp\/v2\/media?parent=22115"}],"curies":[{"name":"wp","href":"https:\/\/api.w.org\/{rel}","templated":true}]}}