{"id":22119,"date":"2023-09-18T12:33:55","date_gmt":"2023-09-18T16:33:55","guid":{"rendered":"https:\/\/www.cip-icu.ca\/rejoindre-le-cip\/avantages-pour-les-membres\/"},"modified":"2026-05-11T12:39:38","modified_gmt":"2026-05-11T16:39:38","slug":"avantages-pour-les-membres","status":"publish","type":"page","link":"https:\/\/www.cip-icu.ca\/fr\/rejoindre-le-cip\/avantages-pour-les-membres\/","title":{"rendered":"Avantages pour les membres"},"content":{"rendered":"\n<div style=\"height:140px\" aria-hidden=\"true\" class=\"wp-block-spacer\"><\/div>\n\n<div class=\"wp-block-columns is-layout-flex wp-container-core-columns-is-layout-9d6595d7 wp-block-columns-is-layout-flex\">\n<div class=\"wp-block-column is-layout-flow wp-block-column-is-layout-flow\" style=\"flex-basis:60%\">\n<h3 class=\"wp-block-heading line-heading-full\">Avantages pour les membres<\/h3>\n\n\n\n<h1 class=\"wp-block-heading\">D\u00e9couvrez les avantages de <strong><mark style=\"background-color:rgba(0, 0, 0, 0)\" class=\"has-inline-color has-accent-color\">l&#8217;adh\u00e9sion \u00e0 l\u2019ICU<\/mark><\/strong><\/h1>\n\n\n\n<p class=\"has-regular-font-size\" class=\"lede\">L\u2019ICU s&#8217;engage \u00e0 fournir \u00e0 ses membres un soutien professionnel <em>tout au long de leur vie. <\/em> Nous offrons une large gamme de services et d&#8217;avantages, qui \u00e9voluent constamment pour r\u00e9pondre aux besoins de nos membres. Ces services et avantages sont les suivants :<\/p>\n<\/div>\n\n\n\n<div class=\"wp-block-column is-layout-flow wp-block-column-is-layout-flow\"><\/div>\n<\/div>\n\n<div style=\"height:70px\" aria-hidden=\"true\" class=\"wp-block-spacer\"><\/div>\n\n<div class=\"wp-block-columns are-vertically-aligned-center is-layout-flex wp-container-core-columns-is-layout-9d6595d7 wp-block-columns-is-layout-flex\">\n<div class=\"wp-block-column is-vertically-aligned-center  data-aos_fade-right aos-animate data-aos-delay_50 is-layout-flow wp-block-column-is-layout-flow\">\n<h2 class=\"wp-block-heading\">Reconnaissance professionnelle<\/h2>\n\n\n\n<p>Les personnes qui ont satisfait \u00e0 toutes les exigences professionnelles de leur <a href=\"https:\/\/www.cip-icu.ca\/professional-territorial-institutes-associations-ptias\/\" data-type=\"page\" data-id=\"16383\">institut et association provinciale et territoriale<\/a> (IAPT) et qui sont membres en r\u00e8gle de leur IAPT et de l\u2019ICU sont autoris\u00e9es \u00e0 : <\/p>\n\n\n\n<ul class=\"wp-block-list icon-list\">\n<li>Utiliser le titre MICU <\/li>\n\n\n\n<li>Acheter des produits de scellement MICU\u00ae (par exemple, des tampons et des gaufreurs)<\/li>\n\n\n\n<li>Collecter et utiliser des badges num\u00e9riques par le biais du <a href=\"https:\/\/www.cip-icu.ca\/fr\/badges-numeriques\/\">programme d&#8217;accr\u00e9ditation de l\u2019ICU avec Credly<\/a><\/li>\n\n\n\n<li>\u00catre admissibles aux <a href=\"https:\/\/www.cip-icu.ca\/fr\/distinctions-et-prix\/\">distinctions et prix<\/a> de l\u2019ICU<\/li>\n<\/ul>\n<\/div>\n\n\n\n<div class=\"wp-block-column is-vertically-aligned-center  data-aos_fade-left aos-animate data-aos-delay_150 is-layout-flow wp-block-column-is-layout-flow\"><div class=\"wp-block-image\">\n<figure class=\"aligncenter size-full is-resized\"><img loading=\"lazy\" decoding=\"async\" width=\"600\" height=\"600\" src=\"https:\/\/www.cip-icu.ca\/wp-content\/uploads\/2023\/09\/CIP_Credly_badge_EN_MCIP_600x600.png\" alt=\"\" class=\"wp-image-16512\" style=\"width:300px;height:undefinedpx\" srcset=\"https:\/\/www.cip-icu.ca\/wp-content\/uploads\/2023\/09\/CIP_Credly_badge_EN_MCIP_600x600.png 600w, https:\/\/www.cip-icu.ca\/wp-content\/uploads\/2023\/09\/CIP_Credly_badge_EN_MCIP_600x600-160x160.png 160w\" sizes=\"auto, (max-width: 600px) 100vw, 600px\" \/><\/figure>\n<\/div><\/div>\n<\/div>\n\n<div style=\"height:60px\" aria-hidden=\"true\" class=\"wp-block-spacer\"><\/div>\n\n<div class=\"wp-block-group alignfull has-gainsboro-background-color has-background\"><div class=\"wp-block-group__inner-container is-layout-constrained wp-block-group-is-layout-constrained\">\n<div class=\"wp-block-group alignwide mdpadding  data-aos_fade-up aos-animate data-aos-delay_50\"><div class=\"wp-block-group__inner-container is-layout-constrained wp-block-group-is-layout-constrained\">\n<div class=\"wp-block-columns is-layout-flex wp-container-core-columns-is-layout-9d6595d7 wp-block-columns-is-layout-flex\">\n<div class=\"wp-block-column is-vertically-aligned-center  data-aos_fade-left aos-animate data-aos-delay_150 is-layout-flow wp-block-column-is-layout-flow\">\n<div class=\"wp-block-columns is-layout-flex wp-container-core-columns-is-layout-9d6595d7 wp-block-columns-is-layout-flex\">\n<div class=\"wp-block-column is-vertically-aligned-top is-layout-flow wp-block-column-is-layout-flow\"><div class=\"wp-block-image\">\n<figure class=\"aligncenter size-full is-resized\"><img loading=\"lazy\" decoding=\"async\" width=\"1972\" height=\"2560\" src=\"https:\/\/www.cip-icu.ca\/wp-content\/uploads\/2026\/04\/PlanCanada_Vol.66_No.2_Summer-2025-scaled-1.png\" alt=\"\" class=\"wp-image-44375\" style=\"aspect-ratio:0.7703170165379329;object-fit:cover;width:425px;height:auto\" srcset=\"https:\/\/www.cip-icu.ca\/wp-content\/uploads\/2026\/04\/PlanCanada_Vol.66_No.2_Summer-2025-scaled-1.png 1972w, https:\/\/www.cip-icu.ca\/wp-content\/uploads\/2026\/04\/PlanCanada_Vol.66_No.2_Summer-2025-scaled-1-636x826.png 636w, https:\/\/www.cip-icu.ca\/wp-content\/uploads\/2026\/04\/PlanCanada_Vol.66_No.2_Summer-2025-scaled-1-1296x1682.png 1296w, https:\/\/www.cip-icu.ca\/wp-content\/uploads\/2026\/04\/PlanCanada_Vol.66_No.2_Summer-2025-scaled-1-768x997.png 768w, https:\/\/www.cip-icu.ca\/wp-content\/uploads\/2026\/04\/PlanCanada_Vol.66_No.2_Summer-2025-scaled-1-1183x1536.png 1183w, https:\/\/www.cip-icu.ca\/wp-content\/uploads\/2026\/04\/PlanCanada_Vol.66_No.2_Summer-2025-scaled-1-1578x2048.png 1578w, https:\/\/www.cip-icu.ca\/wp-content\/uploads\/2026\/04\/PlanCanada_Vol.66_No.2_Summer-2025-scaled-1-600x779.png 600w\" sizes=\"auto, (max-width: 1972px) 100vw, 1972px\" \/><\/figure>\n<\/div><\/div>\n<\/div>\n<\/div>\n\n\n\n<div class=\"wp-block-column is-vertically-aligned-center is-layout-flow wp-block-column-is-layout-flow\">\n<h2 class=\"wp-block-heading\">Perfectionnement professionnel <\/h2>\n\n\n\n<p>Faites progresser votre carri\u00e8re et \u00e9largissez votre exp\u00e9rience gr\u00e2ce \u00e0 nos outils de perfectionnement professionnel, nos ressources, nos webinaires et nos cours. <\/p>\n\n\n\n<p>En tant que membre, vous avez acc\u00e8s aux \u00e9l\u00e9ments suivants :<\/p>\n\n\n\n<ul class=\"wp-block-list icon-list\">\n<li>Un abonnement \u00e0 <em><a href=\"https:\/\/www.cip-icu.ca\/fr\/plan-canada\/\">Plan Canada<\/a><\/em>, le magazine trimestriel de l&#8217;ICU<\/li>\n\n\n\n<li>Un abonnement \u00e0 l\u2019infolettre de l\u2019ICU contenant les derni\u00e8res nouvelles et mises \u00e0 jour de la profession et des informations sur les prochaines opportunit\u00e9s de formation<\/li>\n\n\n\n<li>Un acc\u00e8s gratuit ou \u00e0 prix r\u00e9duit \u00e0 des offres de formation (par exemple, des conf\u00e9rences, des webinaires, etc.)<\/li>\n\n\n\n<li>Un acc\u00e8s gratuit au <a href=\"https:\/\/www.cip-icu.ca\/fr\/cpl-hub\/\">Carrefour de formation professionnelle continue (FPC)<\/a><\/li>\n\n\n\n<li>D\u00e9veloppement des comp\u00e9tences et des connaissances gr\u00e2ce \u00e0 des cours gratuits sur demande<\/li>\n\n\n\n<li>Outils, mod\u00e8les et documents de r\u00e9f\u00e9rence s\u00e9lectionn\u00e9s dans la biblioth\u00e8que de ressources de l&#8217;ICU<\/li>\n\n\n\n<li>Forums de discussion r\u00e9serv\u00e9s aux membres, o\u00f9 vous pouvez poser des questions, partager vos id\u00e9es et \u00e9changer avec vos pairs<\/li>\n\n\n\n<li>L&#8217;admissibilit\u00e9 \u00e0 des programmes de perfectionnement professionnel sp\u00e9cialis\u00e9s, tels que notre <a href=\"https:\/\/www.cip-icu.ca\/fr\/programme-des-dirigeants-emergents\/\" target=\"_blank\" rel=\"noreferrer noopener\">programme pour les leaders \u00e9mergents<\/a> et <a href=\"https:\/\/www.cip-icu.ca\/fr\/programme-des-futurs-urbanistes\/\">Programme des futurs urbanistes<\/a><\/li>\n\n\n\n<li>L\u2019admissibilit\u00e9 aux <a href=\"https:\/\/www.cip-icu.ca\/fr\/benevole\/\">opportunit\u00e9s de b\u00e9n\u00e9volat<\/a> national et international<\/li>\n<\/ul>\n<\/div>\n<\/div>\n<\/div><\/div>\n<\/div><\/div>\n\n<div style=\"height:66px\" aria-hidden=\"true\" class=\"wp-block-spacer\"><\/div>\n\n<div class=\"wp-block-columns are-vertically-aligned-center is-layout-flex wp-container-core-columns-is-layout-9d6595d7 wp-block-columns-is-layout-flex\">\n<div class=\"wp-block-column is-vertically-aligned-center  data-aos_fade-right aos-animate data-aos-delay_50 is-layout-flow wp-block-column-is-layout-flow\">\n<h2 class=\"wp-block-heading\">Autres soutiens<\/h2>\n\n\n\n<p>Les membres de l\u2019ICU peuvent profiter d&#8217;une s\u00e9rie d&#8217;autres avantages et services, notamment : <\/p>\n\n\n\n<ul class=\"wp-block-list icon-list\">\n<li>Une assurance responsabilit\u00e9 civile professionnelle \u00e0 bas prix avec BMS<\/li>\n\n\n\n<li>Un acc\u00e8s \u00e0 un tarif pr\u00e9f\u00e9rentiel pour les membres de l\u2019ICU sur l&#8217;assurance de groupe de <a href=\"https:\/\/www.thepersonal.com\/on\/en.html?grp=icu\">La Personnelle<\/a> (habitation et automobile)<\/li>\n\n\n\n<li>La possibilit\u00e9 de solliciter le Fonds d&#8217;inclusion de l\u2019ICU, qui offre un soutien financier pour assister \u00e0 la conf\u00e9rence nationale de l\u2019ICU<\/li>\n\n\n\n<li>Les \u00e9tudiants membres peuvent profiter de bourses d&#8217;\u00e9tudes par l&#8217;interm\u00e9diaire de notre organisation caritative partenaire, <a href=\"https:\/\/www.cip-pstf.ca\/?lang=fr\" target=\"_blank\" rel=\"noreferrer noopener\">le fonds en fid\u00e9icommis pour \u00e9tudiants en urbanisme et am\u00e9nagement de l\u2019ICU (FFEUA-ICU)<\/a><\/li>\n<\/ul>\n<\/div>\n\n\n\n<div class=\"wp-block-column is-vertically-aligned-center  data-aos_fade-left aos-animate data-aos-delay_150 is-layout-flow wp-block-column-is-layout-flow\" style=\"flex-basis:33%\"><div class=\"wp-block-image\">\n<figure class=\"aligncenter size-full\"><img loading=\"lazy\" decoding=\"async\" width=\"900\" height=\"900\" src=\"https:\/\/www.cip-icu.ca\/wp-content\/uploads\/2025\/01\/Job-Board-Products.png\" alt=\"\" class=\"wp-image-31397\" style=\"object-fit:cover\" srcset=\"https:\/\/www.cip-icu.ca\/wp-content\/uploads\/2025\/01\/Job-Board-Products.png 900w, https:\/\/www.cip-icu.ca\/wp-content\/uploads\/2025\/01\/Job-Board-Products-636x636.png 636w, https:\/\/www.cip-icu.ca\/wp-content\/uploads\/2025\/01\/Job-Board-Products-160x160.png 160w, https:\/\/www.cip-icu.ca\/wp-content\/uploads\/2025\/01\/Job-Board-Products-768x768.png 768w, https:\/\/www.cip-icu.ca\/wp-content\/uploads\/2025\/01\/Job-Board-Products-300x300.png 300w, https:\/\/www.cip-icu.ca\/wp-content\/uploads\/2025\/01\/Job-Board-Products-600x600.png 600w, https:\/\/www.cip-icu.ca\/wp-content\/uploads\/2025\/01\/Job-Board-Products-100x100.png 100w\" sizes=\"auto, (max-width: 900px) 100vw, 900px\" \/><\/figure>\n<\/div><\/div>\n<\/div>\n\n<div style=\"height:37px\" aria-hidden=\"true\" class=\"wp-block-spacer\"><\/div>\n\n<figure class=\"wp-block-table is-style-regular\"><table class=\"mtr-table mtr-thead-th\"><thead><tr><th data-mtr-content=\"Avantages\" class=\"mtr-th-tag\"><div class=\"mtr-cell-content\"><strong>Avantages<\/strong><\/div><\/th><th data-mtr-content=\"\u00c9pargne\" class=\"mtr-th-tag\"><div class=\"mtr-cell-content\"><strong>\u00c9pargne<\/strong><\/div><\/th><\/tr><\/thead><tbody><tr><td data-mtr-content=\"Avantages\" class=\"mtr-td-tag\"><div class=\"mtr-cell-content\">Abonnement gratuit au magazine <em>Plan Canada<\/em> (livr\u00e9 trimestriellement) <\/div><\/td><td data-mtr-content=\"\u00c9pargne\" class=\"mtr-td-tag\"><div class=\"mtr-cell-content\">149,00 $ + taxes (pour les r\u00e9sidents canadiens)<\/div><\/td><\/tr><tr><td data-mtr-content=\"Avantages\" class=\"mtr-td-tag\"><div class=\"mtr-cell-content\"><a href=\"https:\/\/www.cip-icu.ca\/fr\/rejoindre-le-cip\/assurance-responsabilite-professionnelle\/\" data-type=\"link\" data-id=\"https:\/\/www.cip-icu.ca\/membership\/pli\/\" target=\"_blank\" rel=\"noreferrer noopener\">Assurance responsabilit\u00e9 professionnelle<\/a> <\/div><\/td><td data-mtr-content=\"\u00c9pargne\" class=\"mtr-td-tag\"><div class=\"mtr-cell-content\">Tarif de groupe<\/div><\/td><\/tr><tr><td data-mtr-content=\"Avantages\" class=\"mtr-td-tag\"><div class=\"mtr-cell-content\">Conf\u00e9rence nationale et programmes d\u2019apprentissage en ligne<\/div><\/td><td data-mtr-content=\"\u00c9pargne\" class=\"mtr-td-tag\"><div class=\"mtr-cell-content\">Taux r\u00e9duits<\/div><\/td><\/tr><tr><td data-mtr-content=\"Avantages\" class=\"mtr-td-tag\"><div class=\"mtr-cell-content\">CAP HUB, y compris les cours sur demande<\/div><\/td><td data-mtr-content=\"\u00c9pargne\" class=\"mtr-td-tag\"><div class=\"mtr-cell-content\">Valeur inestimable!<\/div><\/td><\/tr><tr><td data-mtr-content=\"Avantages\" class=\"mtr-td-tag\"><div class=\"mtr-cell-content\"><a href=\"https:\/\/www.thepersonal.com\/on\/en.html?grp=icu\" target=\"_blank\" rel=\"noreferrer noopener\">Assurance collective auto et habitation<\/a><\/div><\/td><td data-mtr-content=\"\u00c9pargne\" class=\"mtr-td-tag\"><div class=\"mtr-cell-content\">Tarif de groupe<\/div><\/td><\/tr><tr><td data-mtr-content=\"Avantages\" class=\"mtr-td-tag\"><div class=\"mtr-cell-content\"><a href=\"https:\/\/www.cip-icu.ca\/fr\/connexion-des-membres\/\">Sceau MICU<\/a><\/div><\/td><td data-mtr-content=\"\u00c9pargne\" class=\"mtr-td-tag\"><div class=\"mtr-cell-content\">Timbre en caoutchouc : 75 $ + taxes<br>Sceau de bureau en m\u00e9tal : 125 $ + taxes<\/div><\/td><\/tr><\/tbody><\/table><\/figure>\n\n<div style=\"height:60px\" aria-hidden=\"true\" class=\"wp-block-spacer\"><\/div>\n\n\n","protected":false},"excerpt":{"rendered":"<p>L\u2019ICU s&#8217;engage \u00e0 fournir \u00e0 ses membres un soutien professionnel tout au long de leur vie. Nous offrons une large gamme de services et d&#8217;avantages,&hellip;<\/p>\n","protected":false},"author":12,"featured_media":0,"parent":22115,"menu_order":0,"comment_status":"closed","ping_status":"closed","template":"","meta":{"_acf_changed":false,"footnotes":""},"class_list":["post-22119","page","type-page","status-publish","hentry"],"acf":[],"_links":{"self":[{"href":"https:\/\/www.cip-icu.ca\/fr\/wp-json\/wp\/v2\/pages\/22119","targetHints":{"allow":["GET"]}}],"collection":[{"href":"https:\/\/www.cip-icu.ca\/fr\/wp-json\/wp\/v2\/pages"}],"about":[{"href":"https:\/\/www.cip-icu.ca\/fr\/wp-json\/wp\/v2\/types\/page"}],"author":[{"embeddable":true,"href":"https:\/\/www.cip-icu.ca\/fr\/wp-json\/wp\/v2\/users\/12"}],"replies":[{"embeddable":true,"href":"https:\/\/www.cip-icu.ca\/fr\/wp-json\/wp\/v2\/comments?post=22119"}],"version-history":[{"count":14,"href":"https:\/\/www.cip-icu.ca\/fr\/wp-json\/wp\/v2\/pages\/22119\/revisions"}],"predecessor-version":[{"id":45505,"href":"https:\/\/www.cip-icu.ca\/fr\/wp-json\/wp\/v2\/pages\/22119\/revisions\/45505"}],"up":[{"embeddable":true,"href":"https:\/\/www.cip-icu.ca\/fr\/wp-json\/wp\/v2\/pages\/22115"}],"wp:attachment":[{"href":"https:\/\/www.cip-icu.ca\/fr\/wp-json\/wp\/v2\/media?parent=22119"}],"curies":[{"name":"wp","href":"https:\/\/api.w.org\/{rel}","templated":true}]}}