{"id":22120,"date":"2023-09-18T12:33:44","date_gmt":"2023-09-18T19:33:44","guid":{"rendered":"https:\/\/www.cip-icu.ca\/rejoindre-le-cip\/admissibilite-des-membres\/"},"modified":"2024-10-10T10:37:29","modified_gmt":"2024-10-10T17:37:29","slug":"admissibilite-des-membres","status":"publish","type":"page","link":"https:\/\/www.cip-icu.ca\/fr\/rejoindre-le-cip\/admissibilite-des-membres\/","title":{"rendered":"Admissibilit\u00e9 des membres"},"content":{"rendered":"\n<div style=\"height:140px\" aria-hidden=\"true\" class=\"wp-block-spacer\"><\/div>\n\n\n\n<div class=\"wp-block-columns is-layout-flex wp-container-core-columns-is-layout-9d6595d7 wp-block-columns-is-layout-flex\">\n<div class=\"wp-block-column is-layout-flow wp-block-column-is-layout-flow\" style=\"flex-basis:60%\">\n<h3 class=\"wp-block-heading line-heading-full\">Admissibilit\u00e9 des membres<\/h3>\n\n\n\n<h1 class=\"wp-block-heading has-black-color has-text-color\">Trouvez le <strong><mark style=\"background-color:rgba(0, 0, 0, 0)\" class=\"has-inline-color has-accent-color\">type d&#8217;adh\u00e9sion<\/mark><\/strong> qui vous convient le mieux<\/h1>\n\n\n\n<p class=\"lede\">Tous sont les bienvenus \u00e0 l&#8217;Institut canadien des urbanistes, quel que soit leur lieu de r\u00e9sidence. Trouvez le type d&#8217;adh\u00e9sion qui vous convient le mieux&nbsp;:<\/p>\n<\/div>\n\n\n\n<div class=\"wp-block-column is-layout-flow wp-block-column-is-layout-flow\" style=\"flex-basis:33.33%\"><\/div>\n<\/div>\n\n\n\n<div style=\"height:100px\" aria-hidden=\"true\" class=\"wp-block-spacer\"><\/div>\n\n\n\n<div class=\"wp-block-columns is-layout-flex wp-container-core-columns-is-layout-9d6595d7 wp-block-columns-is-layout-flex\">\n<div class=\"wp-block-column is-layout-flow wp-block-column-is-layout-flow\">\n<h3 class=\"wp-block-heading\">Au Canada<\/h3>\n\n\n\n    \n    \n    <div class=\"accordion full-width \">\n\n                    \n            <div class=\"accordion-item\" >\n                <button class=\"accordion-button no-btn-style\" aria-controls=\"content-1\" aria-expanded=\"false\" id=\"accordion-control-1\" >R\u00e9sidents canadiens<\/button>\n\n                <div class=\"content\" aria-hidden=\"true\" id=\"content-1\" >\n                                            <span class=\"inner\">\n                    \n                    <h4>Membre \u00e9tudiant<\/h4>\n<p class=\"lede\">L&#8217;ICU invite tous les \u00e9tudiants canadiens qui s&#8217;int\u00e9ressent \u00e0 l&#8217;urbanisme \u00e0 adh\u00e9rer gratuitement. Les \u00e9tudiants membres doivent \u00eatre inscrits \u00e0 un programme \u00e0 temps plein.<\/p>\n<p><a class=\"button has-white-color outline\" href=\"https:\/\/members.cip-icu.ca\/mpower\/cip\/membership\/apply-for-application\" target=\"_blank\" rel=\"noopener\">Demande d&#8217;adh\u00e9sion<\/a><\/p>\n<hr \/>\n<h4>Membre de l&#8217;Institut canadien des urbanistes (MICU)<\/h4>\n<p>Les membres de l&#8217;Institut canadien des urbanistes (MICU) exercent activement la profession d&#8217;urbaniste et sont des urbanistes professionnels agr\u00e9\u00e9s (UPA), des urbanistes professionnels certifi\u00e9s (LPP), des urbanistes ou des membres agr\u00e9\u00e9s \u00e9quivalents r\u00e9sidant au Canada.<\/p>\n<p>Pour adh\u00e9rer \u00e0 l\u2019ICU et utiliser le titre MICU, vous devez \u00eatre membre en r\u00e8gle d&#8217;un IAPT.<\/p>\n<p><a class=\"button has-white-color outline\" href=\"https:\/\/members.cip-icu.ca\/mpower\/cip\/membership\/apply-for-application\" target=\"_blank\" rel=\"noopener\">Demande d&#8217;adh\u00e9sion<\/a><\/p>\n<hr \/>\n<h4>Candidat membre<\/h4>\n<p>Les candidats membres de l\u2019ICU ont \u00e9t\u00e9 admis en tant que candidats membres d&#8217;un IAPT et poursuivent leur formation d\u2019urbaniste professionnel agr\u00e9\u00e9 (UPA), d\u2019urbaniste professionnel certifi\u00e9 (LPP), d&#8217;urbaniste ou de titre \u00e9quivalent au Canada.<\/p>\n<p><a class=\"button has-white-color outline\" href=\"https:\/\/members.cip-icu.ca\/mpower\/cip\/membership\/apply-for-application\" target=\"_blank\" rel=\"noopener\">Demande d&#8217;adh\u00e9sion<\/a><\/p>\n<hr \/>\n<h4>Membre pr\u00e9candidat<\/h4>\n<p>Les pr\u00e9candidats ont l&#8217;intention de devenir membres candidats mais ne remplissent pas encore les conditions requises. Il peut s&#8217;agir de personnes titulaires d&#8217;un dipl\u00f4me d&#8217;urbanisme reconnu qui ne travaillent pas dans le domaine de l&#8217;urbanisme, ainsi que de personnes sans dipl\u00f4me d&#8217;urbanisme reconnu qui travaillent dans le domaine de l&#8217;urbanisme depuis moins de cinq ans.<\/p>\n<p><a class=\"button has-white-color outline\" href=\"https:\/\/members.cip-icu.ca\/mpower\/cip\/membership\/apply-for-application\" target=\"_blank\" rel=\"noopener\">Demande d&#8217;adh\u00e9sion<\/a><\/p>\n<hr \/>\n<h4>Membre retrait\u00e9<\/h4>\n<p>Les membres retrait\u00e9s de l&#8217;ICU sont des membres professionnels qui se sont retir\u00e9s de l\u2019urbanisme et qui ont quitt\u00e9 la profession en r\u00e8gle, et qui souhaitent se tenir au courant des sujets relatifs \u00e0 l\u2019urbanisme au Canada. Les membres retrait\u00e9s ne sont pas autoris\u00e9s \u00e0 utiliser le titre de MICU.<\/p>\n\n                    <\/span>\n                <\/div>\n            <\/div>\n\n        \n    <\/div>\n\n    \n<\/div>\n\n\n\n<div class=\"wp-block-column is-layout-flow wp-block-column-is-layout-flow\">\n<h3 class=\"wp-block-heading\">International<\/h3>\n\n\n\n    \n    \n    <div class=\"accordion full-width \">\n\n                    \n            <div class=\"accordion-item\" >\n                <button class=\"accordion-button no-btn-style\" aria-controls=\"content-1\" aria-expanded=\"false\" id=\"accordion-control-1\" >A l&#8217;ext\u00e9rieur du Canada<\/button>\n\n                <div class=\"content\" aria-hidden=\"true\" id=\"content-1\" >\n                                            <span class=\"inner\">\n                    \n                    <h4>Membre \u00e9tudiant international<\/h4>\n<p class=\"lede\">L\u2019ICU accueille gratuitement tous les \u00e9tudiants internationaux qui s&#8217;int\u00e9ressent \u00e0 l\u2019urbanisme. Les \u00e9tudiants membres doivent \u00eatre inscrits dans un programme \u00e0 temps plein.<\/p>\n<p><a class=\"button has-white-color outline\" href=\"https:\/\/members.cip-icu.ca\/mpower\/cip\/membership\/apply-for-application\" target=\"_blank\" rel=\"noopener\">Demande d&#8217;adh\u00e9sion<\/a><\/p>\n<hr \/>\n<h4>Urbanistes professionnels am\u00e9ricains et australiens (APA ou PIA)<\/h4>\n<p>Les urbanistes internationaux qui sont membres \u00e0 part enti\u00e8re de l&#8217;American Planning Association (APA) ou du Planning Institute of Australia (PIA) peuvent demander de devenir membre international de l\u2019ICU et utiliser le titre MICU-I. Veuillez noter que ce titre ne donne pas droit \u00e0 un enregistrement l\u00e9gal pour travailler et\/ou pratiquer au Canada. Veuillez vous r\u00e9f\u00e9rer au Conseil des normes professionnelles pour commencer votre certification.<\/p>\n<p><a class=\"button has-white-color outline\" href=\"https:\/\/members.cip-icu.ca\/mpower\/cip\/membership\/apply-for-application\" target=\"_blank\" rel=\"noopener\">Demande d&#8217;adh\u00e9sion<\/a><\/p>\n<hr \/>\n<h4>Membre international<\/h4>\n<p>Les urbanistes travaillant \u00e0 l&#8217;\u00e9tranger, ainsi que toute personne int\u00e9ress\u00e9e, sont invit\u00e9s \u00e0 devenir des abonn\u00e9s publics de l\u2019ICU.<\/p>\n<p><a class=\"button has-white-color outline\" href=\"https:\/\/members.cip-icu.ca\/mpower\/cip\/membership\/apply-for-application\" target=\"_blank\" rel=\"noopener\">Demande d&#8217;adh\u00e9sion<\/a><\/p>\n\n                    <\/span>\n                <\/div>\n            <\/div>\n\n        \n    <\/div>\n\n    \n<\/div>\n<\/div>\n\n\n\n<div style=\"height:10px\" aria-hidden=\"true\" class=\"wp-block-spacer\"><\/div>\n\n\n\n<p>Si vous pratiquez l&#8217;urbanisme en dehors du Canada et que vous souhaitez devenir un urbaniste canadien agr\u00e9\u00e9, veuillez vous adresser au Conseil des normes professionnelles pour commencer votre certification.<\/p>\n\n\n\n<div style=\"height:25px\" aria-hidden=\"true\" class=\"wp-block-spacer\"><\/div>\n\n\n\n<div class=\"wp-block-columns mdpadding has-green-1-10-opacity-background-color has-background is-layout-flex wp-container-core-columns-is-layout-9d6595d7 wp-block-columns-is-layout-flex\">\n<div class=\"wp-block-column is-layout-flow wp-block-column-is-layout-flow\" style=\"flex-basis:75%\">\n<div class=\"wp-block-group alignwide\"><div class=\"wp-block-group__inner-container is-layout-constrained wp-block-group-is-layout-constrained\">\n<h2 class=\"wp-block-heading has-text-align-left\">Abonn\u00e9 public<\/h2>\n\n\n\n<p class=\"has-text-align-left\">Vous n&#8217;\u00eates pas un urbaniste professionnel, mais vous \u00eates int\u00e9ress\u00e9 par l\u2019urbanisme professionnel au Canada? Faites-vous partie d&#8217;une profession alli\u00e9e ou adjacente? Vous n&#8217;\u00eates pas admissible \u00e0 l&#8217;une de nos cat\u00e9gories de membres et vous voulez rester en contact? Devenez un abonn\u00e9 public pour rester au courant des derni\u00e8res nouvelles et des copies num\u00e9riques de notre magazine Plan Canada.<\/p>\n\n\n\n<div style=\"height:15px\" aria-hidden=\"true\" class=\"wp-block-spacer\"><\/div>\n\n\n\n<div class=\"wp-block-buttons is-content-justification-left is-layout-flex wp-container-core-buttons-is-layout-fdcfc74e wp-block-buttons-is-layout-flex\">\n<div class=\"wp-block-button\"><a class=\"wp-block-button__link has-text-align-center wp-element-button\" href=\"https:\/\/members.cip-icu.ca\/mpower\/cip\/membership\/app-public-subscriber\" target=\"_blank\" rel=\"noreferrer noopener\"><strong>S&#8217;inscrire ici<\/strong><\/a><\/div>\n<\/div>\n<\/div><\/div>\n<\/div>\n<\/div>\n\n\n\n<div style=\"height:100px\" aria-hidden=\"true\" class=\"wp-block-spacer\"><\/div>\n","protected":false},"excerpt":{"rendered":"<p>Tous sont les bienvenus \u00e0 l&#8217;Institut canadien des urbanistes, quel que soit leur lieu de r\u00e9sidence. Trouvez le type d&#8217;adh\u00e9sion qui vous convient le mieux&nbsp;:&hellip;<\/p>\n","protected":false},"author":12,"featured_media":0,"parent":22115,"menu_order":0,"comment_status":"closed","ping_status":"closed","template":"","meta":{"_acf_changed":false,"footnotes":""},"class_list":["post-22120","page","type-page","status-publish","hentry"],"acf":[],"_links":{"self":[{"href":"https:\/\/www.cip-icu.ca\/fr\/wp-json\/wp\/v2\/pages\/22120","targetHints":{"allow":["GET"]}}],"collection":[{"href":"https:\/\/www.cip-icu.ca\/fr\/wp-json\/wp\/v2\/pages"}],"about":[{"href":"https:\/\/www.cip-icu.ca\/fr\/wp-json\/wp\/v2\/types\/page"}],"author":[{"embeddable":true,"href":"https:\/\/www.cip-icu.ca\/fr\/wp-json\/wp\/v2\/users\/12"}],"replies":[{"embeddable":true,"href":"https:\/\/www.cip-icu.ca\/fr\/wp-json\/wp\/v2\/comments?post=22120"}],"version-history":[{"count":7,"href":"https:\/\/www.cip-icu.ca\/fr\/wp-json\/wp\/v2\/pages\/22120\/revisions"}],"predecessor-version":[{"id":30116,"href":"https:\/\/www.cip-icu.ca\/fr\/wp-json\/wp\/v2\/pages\/22120\/revisions\/30116"}],"up":[{"embeddable":true,"href":"https:\/\/www.cip-icu.ca\/fr\/wp-json\/wp\/v2\/pages\/22115"}],"wp:attachment":[{"href":"https:\/\/www.cip-icu.ca\/fr\/wp-json\/wp\/v2\/media?parent=22120"}],"curies":[{"name":"wp","href":"https:\/\/api.w.org\/{rel}","templated":true}]}}