{"id":22125,"date":"2023-09-18T12:33:50","date_gmt":"2023-09-18T16:33:50","guid":{"rendered":"https:\/\/www.cip-icu.ca\/rejoindre-le-cip\/types-dadhesion-et-cotisations\/"},"modified":"2026-02-11T16:16:48","modified_gmt":"2026-02-11T21:16:48","slug":"types-dadhesion-et-cotisations","status":"publish","type":"page","link":"https:\/\/www.cip-icu.ca\/fr\/rejoindre-le-cip\/types-dadhesion-et-cotisations\/","title":{"rendered":"Types d&#8217;adh\u00e9sion et cotisations"},"content":{"rendered":"\n<div style=\"height:140px\" aria-hidden=\"true\" class=\"wp-block-spacer\"><\/div>\n\n\n\n<div class=\"wp-block-columns is-layout-flex wp-container-core-columns-is-layout-9d6595d7 wp-block-columns-is-layout-flex\">\n<div class=\"wp-block-column is-layout-flow wp-block-column-is-layout-flow\" style=\"flex-basis:60%\">\n<h3 class=\"wp-block-heading line-heading-full\">L&#8217;adh\u00e9sion<\/h3>\n\n\n\n<h1 class=\"wp-block-heading\">Types d&#8217;adh\u00e9sion et <mark style=\"background-color:rgba(0, 0, 0, 0)\" class=\"has-inline-color has-accent-color\">\n  <strong>cotisations<\/strong>\n<\/mark><\/h1>\n\n\n\n<p class=\"lede\">L&#8217;ICU a le plaisir d&#8217;offrir une s\u00e9rie de services aux membres \u00e0 un prix juste et comp\u00e9titif. L&#8217;adh\u00e9sion est gratuite pour tous les \u00e9tudiants canadiens et \u00e9trangers.<\/p>\n\n\n\n<div style=\"height:40px\" aria-hidden=\"true\" class=\"wp-block-spacer\"><\/div>\n\n\n\n<div class=\"wp-block-buttons is-layout-flex wp-block-buttons-is-layout-flex\">\n<div class=\"wp-block-button\"><a class=\"wp-block-button__link wp-element-button\" href=\"https:\/\/www.cip-icu.ca\/fr\/rejoindre-le-cip\/\">Postulez ici<\/a><\/div>\n<\/div>\n<\/div>\n\n\n\n<div class=\"wp-block-column is-layout-flow wp-block-column-is-layout-flow\" style=\"flex-basis:33.33%\"><\/div>\n<\/div>\n\n\n\n<div style=\"height:27px\" aria-hidden=\"true\" class=\"wp-block-spacer\"><\/div>\n\n\n\n<figure class=\"wp-block-table membership-table is-style-regular\"><table class=\"mtr-table mtr-thead-th\"><thead><tr><th data-mtr-content=\"Cat\u00e9gorie de membres\" class=\"mtr-th-tag\"><div class=\"mtr-cell-content\"><strong>Cat\u00e9gorie de membres<\/strong><\/div><\/th><th data-mtr-content=\"Frais\" class=\"mtr-th-tag\"><div class=\"mtr-cell-content\"><strong>Frais<\/strong><\/div><\/th><th data-mtr-content=\"Utilisation du titre MICU\" class=\"mtr-th-tag\"><div class=\"mtr-cell-content\"><strong>Utilisation du titre MICU<\/strong><\/div><\/th><th data-mtr-content=\"Abonnement \u00e0 Plan Canada\" class=\"mtr-th-tag\"><div class=\"mtr-cell-content\"><strong>Abonnement \u00e0 <em>Plan Canada<\/em><\/strong><\/div><\/th><th data-mtr-content=\"Membre votant de l\u2019ICU\" class=\"mtr-th-tag\"><div class=\"mtr-cell-content\"><strong>Membre votant de l\u2019ICU<\/strong><\/div><\/th><th data-mtr-content=\"Adh\u00e9sion obligatoire \u00e0 l\u2019IAPT\" class=\"mtr-th-tag\"><div class=\"mtr-cell-content\">Adh\u00e9sion obligatoire \u00e0 <a href=\"https:\/\/www.cip-icu.ca\/\/cip-icu.ca\/Resources\/Provincial-and-Territorial-Institutes-and-Associat\">l\u2019IAPT<\/a><\/div><\/th><\/tr><\/thead><tbody><tr><td data-mtr-content=\"Cat\u00e9gorie de membres\" class=\"mtr-td-tag\"><div class=\"mtr-cell-content\"><strong>\u00c9tudiant accr\u00e9dit\u00e9<\/strong><br>Un \u00e9tudiant en urbanisme de niveau post-secondaire qui est actuellement inscrit \u00e0 temps plein dans un programme universitaire d\u2019urbanisme <a href=\"https:\/\/psb-planningcanada.ca\/certification-process\/application-process\/accredited-degree\/\" target=\"_blank\" rel=\"noreferrer noopener\">accr\u00e9dit\u00e9 par le Bureau des normes professionnelles<\/a> ou par <a href=\"https:\/\/ouq.qc.ca\/etre-urbaniste\/devenir-membre\/\" target=\"_blank\" rel=\"noreferrer noopener\">l\u2019Ordre des urbanistes du Qu\u00e9bec<\/a>.<\/div><\/td><td data-mtr-content=\"Frais\" class=\"mtr-td-tag\"><div class=\"mtr-cell-content\">Gratuit<\/div><\/td><td data-mtr-content=\"Utilisation du titre MICU\" class=\"mtr-td-tag\"><div class=\"mtr-cell-content\">Non<\/div><\/td><td data-mtr-content=\"Abonnement \u00e0 Plan Canada\" class=\"mtr-td-tag\"><div class=\"mtr-cell-content\">Copie num\u00e9rique<\/div><\/td><td data-mtr-content=\"Membre votant de l\u2019ICU\" class=\"mtr-td-tag\"><div class=\"mtr-cell-content\">Oui<\/div><\/td><td data-mtr-content=\"Adh\u00e9sion obligatoire \u00e0 l\u2019IAPT\" class=\"mtr-td-tag\"><div class=\"mtr-cell-content\">Non<\/div><\/td><\/tr><tr><td data-mtr-content=\"Cat\u00e9gorie de membres\" class=\"mtr-td-tag\"><div class=\"mtr-cell-content\"><strong>\u00c9tudiant non accr\u00e9dit\u00e9<\/strong><br>\u00c9tudiant de niveau postsecondaire qui s\u2019int\u00e9resse \u00e0 la planification et qui est actuellement inscrit \u00e0 temps plein dans un programme universitaire ou coll\u00e9gial au Canada qui n\u2019est pas agr\u00e9\u00e9 par le <a href=\"https:\/\/psb-planningcanada.ca\" target=\"_blank\" rel=\"noreferrer noopener\">Professional Standards Board<\/a>.<\/div><\/td><td data-mtr-content=\"Frais\" class=\"mtr-td-tag\"><div class=\"mtr-cell-content\">Gratuit<\/div><\/td><td data-mtr-content=\"Utilisation du titre MICU\" class=\"mtr-td-tag\"><div class=\"mtr-cell-content\"> Non<\/div><\/td><td data-mtr-content=\"Abonnement \u00e0 Plan Canada\" class=\"mtr-td-tag\"><div class=\"mtr-cell-content\">Copie num\u00e9rique<\/div><\/td><td data-mtr-content=\"Membre votant de l\u2019ICU\" class=\"mtr-td-tag\"><div class=\"mtr-cell-content\">Non<\/div><\/td><td data-mtr-content=\"Adh\u00e9sion obligatoire \u00e0 l\u2019IAPT\" class=\"mtr-td-tag\"><div class=\"mtr-cell-content\">Non<\/div><\/td><\/tr><tr><td data-mtr-content=\"Cat\u00e9gorie de membres\" class=\"mtr-td-tag\"><div class=\"mtr-cell-content\"><strong>\u00c9tudiant \u2013 International<\/strong><br>Un \u00e9tudiant en planification post-secondaire qui est actuellement inscrit \u00e0 temps plein dans une \u00e9cole ou un programme de planification universitaire \u00e0 l\u2019ext\u00e9rieur du Canada.<\/div><\/td><td data-mtr-content=\"Frais\" class=\"mtr-td-tag\"><div class=\"mtr-cell-content\">Gratuit<\/div><\/td><td data-mtr-content=\"Utilisation du titre MICU\" class=\"mtr-td-tag\"><div class=\"mtr-cell-content\"> Non<\/div><\/td><td data-mtr-content=\"Abonnement \u00e0 Plan Canada\" class=\"mtr-td-tag\"><div class=\"mtr-cell-content\">Copie num\u00e9rique<\/div><\/td><td data-mtr-content=\"Membre votant de l\u2019ICU\" class=\"mtr-td-tag\"><div class=\"mtr-cell-content\">Non<\/div><\/td><td data-mtr-content=\"Adh\u00e9sion obligatoire \u00e0 l\u2019IAPT\" class=\"mtr-td-tag\"><div class=\"mtr-cell-content\">Non<\/div><\/td><\/tr><tr><td data-mtr-content=\"Cat\u00e9gorie de membres\" class=\"mtr-td-tag\"><div class=\"mtr-cell-content\"><strong>Pr\u00e9-candidat<\/strong><br>Personne qui a l\u2019intention de devenir membre candidat mais qui ne remplit pas encore les conditions requises. Il peut s\u2019agir de personnes titulaires d\u2019un dipl\u00f4me de planification reconnu qui ne travaillent pas dans le domaine de la planification, ainsi que de personnes sans dipl\u00f4me de planification reconnu qui travaillent dans le domaine de la planification depuis moins de cinq ans. Visitez le site web du <a href=\"https:\/\/psb-planningcanada.ca\/\" target=\"_blank\" rel=\"noreferrer noopener\">Conseil des normes professionnelles<\/a> pour plus d\u2019informations sur la fa\u00e7on de devenir un planificateur professionnel.<\/div><\/td><td data-mtr-content=\"Frais\" class=\"mtr-td-tag\"><div class=\"mtr-cell-content\">268,74$<\/div><\/td><td data-mtr-content=\"Utilisation du titre MICU\" class=\"mtr-td-tag\"><div class=\"mtr-cell-content\"> Non<\/div><\/td><td data-mtr-content=\"Abonnement \u00e0 Plan Canada\" class=\"mtr-td-tag\"><div class=\"mtr-cell-content\">Oui<\/div><\/td><td data-mtr-content=\"Membre votant de l\u2019ICU\" class=\"mtr-td-tag\"><div class=\"mtr-cell-content\">Oui<\/div><\/td><td data-mtr-content=\"Adh\u00e9sion obligatoire \u00e0 l\u2019IAPT\" class=\"mtr-td-tag\"><div class=\"mtr-cell-content\">Oui<\/div><\/td><\/tr><tr><td data-mtr-content=\"Cat\u00e9gorie de membres\" class=\"mtr-td-tag\"><div class=\"mtr-cell-content\"><strong>Membre candidat<\/strong><br>Personne qui a \u00e9t\u00e9 admise comme membre candidat d\u2019une <a href=\"https:\/\/www.cip-icu.ca\/fr\/instituts-et-associations-provinciaux-et-territoriaux\/\" data-type=\"link\" data-id=\"https:\/\/www.cip-icu.ca\/fr\/instituts-et-associations-provinciaux-et-territoriaux\/\">IAPT <\/a>et qui poursuit ses \u00e9tudes en vue d\u2019obtenir le titre de UPC, LPP, Urbaniste ou un titre \u00e9quivalent au Canada.<\/div><\/td><td data-mtr-content=\"Frais\" class=\"mtr-td-tag\"><div class=\"mtr-cell-content\">268,74$<\/div><\/td><td data-mtr-content=\"Utilisation du titre MICU\" class=\"mtr-td-tag\"><div class=\"mtr-cell-content\"> Non<\/div><\/td><td data-mtr-content=\"Abonnement \u00e0 Plan Canada\" class=\"mtr-td-tag\"><div class=\"mtr-cell-content\">Oui<\/div><\/td><td data-mtr-content=\"Membre votant de l\u2019ICU\" class=\"mtr-td-tag\"><div class=\"mtr-cell-content\">Oui<\/div><\/td><td data-mtr-content=\"Adh\u00e9sion obligatoire \u00e0 l\u2019IAPT\" class=\"mtr-td-tag\"><div class=\"mtr-cell-content\">Oui<\/div><\/td><\/tr><tr><td data-mtr-content=\"Cat\u00e9gorie de membres\" class=\"mtr-td-tag\"><div class=\"mtr-cell-content\"><strong>Membre de l\u2019Institut canadien des urbanistes (MICU)<\/strong><br>Une personne qui est un UPC, LPP, Urbaniste ou un membre \u00e9quivalent pleinement certifi\u00e9 r\u00e9sidant au Canada.<\/div><\/td><td data-mtr-content=\"Frais\" class=\"mtr-td-tag\"><div class=\"mtr-cell-content\">268,74$<\/div><\/td><td data-mtr-content=\"Utilisation du titre MICU\" class=\"mtr-td-tag\"><div class=\"mtr-cell-content\">Oui<\/div><\/td><td data-mtr-content=\"Abonnement \u00e0 Plan Canada\" class=\"mtr-td-tag\"><div class=\"mtr-cell-content\">Oui<\/div><\/td><td data-mtr-content=\"Membre votant de l\u2019ICU\" class=\"mtr-td-tag\"><div class=\"mtr-cell-content\">Oui<\/div><\/td><td data-mtr-content=\"Adh\u00e9sion obligatoire \u00e0 l\u2019IAPT\" class=\"mtr-td-tag\"><div class=\"mtr-cell-content\">Oui<\/div><\/td><\/tr><tr><td data-mtr-content=\"Cat\u00e9gorie de membres\" class=\"mtr-td-tag\"><div class=\"mtr-cell-content\"><strong>Retrait\u00e9<\/strong><br>Membre professionnel qui s\u2019est enti\u00e8rement retir\u00e9 de la planification et a quitt\u00e9 la profession en r\u00e8gle.<\/div><\/td><td data-mtr-content=\"Frais\" class=\"mtr-td-tag\"><div class=\"mtr-cell-content\">99,00$<\/div><\/td><td data-mtr-content=\"Utilisation du titre MICU\" class=\"mtr-td-tag\"><div class=\"mtr-cell-content\"> Non<\/div><\/td><td data-mtr-content=\"Abonnement \u00e0 Plan Canada\" class=\"mtr-td-tag\"><div class=\"mtr-cell-content\">Oui<\/div><\/td><td data-mtr-content=\"Membre votant de l\u2019ICU\" class=\"mtr-td-tag\"><div class=\"mtr-cell-content\">Non<\/div><\/td><td data-mtr-content=\"Adh\u00e9sion obligatoire \u00e0 l\u2019IAPT\" class=\"mtr-td-tag\"><div class=\"mtr-cell-content\"> Non<\/div><\/td><\/tr><tr><td data-mtr-content=\"Cat\u00e9gorie de membres\" class=\"mtr-td-tag\"><div class=\"mtr-cell-content\"><strong>Membre professionnel international (MICU-I)<\/strong><br>Un urbaniste qui a satisfait \u00e0 toutes les exigences de certification et qui vit et travaille \u00e0 l\u2019ext\u00e9rieur du Canada au sein d\u2019un institut qui a conclu un accord de r\u00e9ciprocit\u00e9 avec l\u2019ICU (<a href=\"https:\/\/www.cip-icu.ca\/\/www.planning.org\/\" target=\"_blank\" rel=\"noreferrer noopener\">APA <\/a>ou <a href=\"https:\/\/www.planning.org.au\/\" target=\"_blank\" rel=\"noreferrer noopener\">PIA<\/a>). Tous les autres planificateurs internationaux sont invit\u00e9s \u00e0 s\u2019inscrire en tant qu\u2019abonn\u00e9s publics (voir ci-dessous).<\/div><\/td><td data-mtr-content=\"Frais\" class=\"mtr-td-tag\"><div class=\"mtr-cell-content\">268,74$<\/div><\/td><td data-mtr-content=\"Utilisation du titre MICU\" class=\"mtr-td-tag\"><div class=\"mtr-cell-content\">Oui (MICU-I)<\/div><\/td><td data-mtr-content=\"Abonnement \u00e0 Plan Canada\" class=\"mtr-td-tag\"><div class=\"mtr-cell-content\">Copie num\u00e9rique<\/div><\/td><td data-mtr-content=\"Membre votant de l\u2019ICU\" class=\"mtr-td-tag\"><div class=\"mtr-cell-content\">Oui<\/div><\/td><td data-mtr-content=\"Adh\u00e9sion obligatoire \u00e0 l\u2019IAPT\" class=\"mtr-td-tag\"><div class=\"mtr-cell-content\"> Non<\/div><\/td><\/tr><tr><td data-mtr-content=\"Cat\u00e9gorie de membres\" class=\"mtr-td-tag\"><div class=\"mtr-cell-content\"><strong>Abonn\u00e9 public<\/strong><br>Les personnes qui s\u2019int\u00e9ressent \u00e0 la planification professionnelle canadienne, mais qui n\u2019entrent pas dans l\u2019une des cat\u00e9gories de membres susmentionn\u00e9es, peuvent s\u2019inscrire au programme d\u2019abonn\u00e9 public de l\u2019ICU.<\/div><\/td><td data-mtr-content=\"Frais\" class=\"mtr-td-tag\"><div class=\"mtr-cell-content\">149,00$<\/div><\/td><td data-mtr-content=\"Utilisation du titre MICU\" class=\"mtr-td-tag\"><div class=\"mtr-cell-content\"><br>Non<\/div><\/td><td data-mtr-content=\"Abonnement \u00e0 Plan Canada\" class=\"mtr-td-tag\"><div class=\"mtr-cell-content\">Copie num\u00e9rique<\/div><\/td><td data-mtr-content=\"Membre votant de l\u2019ICU\" class=\"mtr-td-tag\"><div class=\"mtr-cell-content\">Non<\/div><\/td><td data-mtr-content=\"Adh\u00e9sion obligatoire \u00e0 l\u2019IAPT\" class=\"mtr-td-tag\"><div class=\"mtr-cell-content\"> Non<\/div><\/td><\/tr><\/tbody><\/table><\/figure>\n\n\n\n<p class=\"has-text-align-left has-small-font-size\"><strong>*n&#8217;inclut pas les taxes<\/strong><br><\/p>\n\n\n\n<div style=\"height:20px\" aria-hidden=\"true\" class=\"wp-block-spacer\"><\/div>\n\n\n\n<p>Notre politique de remboursement stipule que les frais d&#8217;abonnement et d&#8217;adh\u00e9sion au l&#8217;ICU (ou un montant au prorata) ne sont pas remboursables.<br><em><br><\/em>Les taxes suivantes seront appliqu\u00e9es aux frais mentionn\u00e9s ci-dessus :<\/p>\n\n\n\n<ul class=\"wp-block-list\">\n<li>5% GST pour BC, NT, NU, YK, AB, SK, MB, QC<\/li>\n\n\n\n<li>13% TVH pour ON<\/li>\n\n\n\n<li>15% TVH pour NS, NB, PEI, NL<\/li>\n<\/ul>\n\n\n\n<div style=\"height:50px\" aria-hidden=\"true\" class=\"wp-block-spacer\"><\/div>\n\n\n\n<div class=\"wp-block-buttons is-layout-flex wp-block-buttons-is-layout-flex\">\n<div class=\"wp-block-button is-style-fill\"><a class=\"wp-block-button__link wp-element-button\" href=\"https:\/\/www.cip-icu.ca\/fr\/rejoindre-le-cip\/\"><strong>Postulez ici<\/strong><\/a><\/div>\n<\/div>\n\n\n\n<div style=\"height:100px\" aria-hidden=\"true\" class=\"wp-block-spacer\"><\/div>\n","protected":false},"excerpt":{"rendered":"<p>Types d&#8217;adh\u00e9sion et cotisations L&#8217;ICU a le plaisir d&#8217;offrir une s\u00e9rie de services aux membres \u00e0 un prix juste et comp\u00e9titif. L&#8217;adh\u00e9sion est gratuite pour&hellip;<\/p>\n","protected":false},"author":12,"featured_media":0,"parent":22115,"menu_order":0,"comment_status":"closed","ping_status":"closed","template":"","meta":{"_acf_changed":false,"footnotes":""},"class_list":["post-22125","page","type-page","status-publish","hentry"],"acf":[],"_links":{"self":[{"href":"https:\/\/www.cip-icu.ca\/fr\/wp-json\/wp\/v2\/pages\/22125","targetHints":{"allow":["GET"]}}],"collection":[{"href":"https:\/\/www.cip-icu.ca\/fr\/wp-json\/wp\/v2\/pages"}],"about":[{"href":"https:\/\/www.cip-icu.ca\/fr\/wp-json\/wp\/v2\/types\/page"}],"author":[{"embeddable":true,"href":"https:\/\/www.cip-icu.ca\/fr\/wp-json\/wp\/v2\/users\/12"}],"replies":[{"embeddable":true,"href":"https:\/\/www.cip-icu.ca\/fr\/wp-json\/wp\/v2\/comments?post=22125"}],"version-history":[{"count":11,"href":"https:\/\/www.cip-icu.ca\/fr\/wp-json\/wp\/v2\/pages\/22125\/revisions"}],"predecessor-version":[{"id":43017,"href":"https:\/\/www.cip-icu.ca\/fr\/wp-json\/wp\/v2\/pages\/22125\/revisions\/43017"}],"up":[{"embeddable":true,"href":"https:\/\/www.cip-icu.ca\/fr\/wp-json\/wp\/v2\/pages\/22115"}],"wp:attachment":[{"href":"https:\/\/www.cip-icu.ca\/fr\/wp-json\/wp\/v2\/media?parent=22125"}],"curies":[{"name":"wp","href":"https:\/\/api.w.org\/{rel}","templated":true}]}}