{"id":22131,"date":"2023-09-18T12:45:57","date_gmt":"2023-09-18T19:45:57","guid":{"rendered":"https:\/\/www.cip-icu.ca\/enquete-sur-les-remunerations-et-les-avantages-sociaux\/"},"modified":"2024-01-24T13:00:36","modified_gmt":"2024-01-24T21:00:36","slug":"enquete-sur-les-remunerations-et-les-avantages-sociaux","status":"publish","type":"page","link":"https:\/\/www.cip-icu.ca\/fr\/enquete-sur-les-remunerations-et-les-avantages-sociaux\/","title":{"rendered":"Enqu\u00eate nationale sur l\u2019emploi"},"content":{"rendered":"\n<div style=\"height:100px\" aria-hidden=\"true\" class=\"wp-block-spacer\"><\/div>\n\n<div class=\"wp-block-columns is-layout-flex wp-container-core-columns-is-layout-9d6595d7 wp-block-columns-is-layout-flex\">\n<div class=\"wp-block-column is-layout-flow wp-block-column-is-layout-flow\" style=\"flex-basis:60%\">\n<h3 class=\"wp-block-heading line-heading-full\">Carri\u00e8res dans le domaine de l&#8217;urbanisme<\/h3>\n\n\n\n<h1 class=\"wp-block-heading\">Enqu\u00eate nationale sur l\u2019<mark style=\"background-color:rgba(0, 0, 0, 0)\" class=\"has-inline-color has-accent-color\"><strong>emploi<\/strong><\/mark><\/h1>\n\n\n\n<p class=\"lede\">l&#8217;ICU s&#8217;engage \u00e0 fournir des ressources accessibles, pratiques et utiles aux membres tout au long de leur vie professionnelle. <\/p>\n\n\n\n<p>Cette enqu\u00eate a \u00e9t\u00e9 con\u00e7ue pour recueillir des informations sur les caract\u00e9ristiques d\u00e9mographiques, les responsabilit\u00e9s professionnelles, la r\u00e9mun\u00e9ration et les avantages sociaux des urbanistes professionnels au Canada. <\/p>\n<\/div>\n\n\n\n<div class=\"wp-block-column is-layout-flow wp-block-column-is-layout-flow\" style=\"flex-basis:33.33%\"><\/div>\n<\/div>\n\n<div style=\"height:40px\" aria-hidden=\"true\" class=\"wp-block-spacer\"><\/div>\n\n<h2 class=\"wp-block-heading has-regular-font-size\"><strong>Enqu\u00eate nationale sur l\u2019emploi des urbanistes professionnels canadiens 2023<\/strong><\/h2>\n\n<p>Les r\u00e9sultats du sondage fournissent un portrait \u00e0 jour de l\u2019\u00e9tat de l\u2019emploi pour les planificateurs professionnels au Canada. Le sondage a d\u00e9montr\u00e9 que la majorit\u00e9 des r\u00e9pondants \u00e9voluent au sein d\u2019environnements de travail hybrides, que leurs projets de carri\u00e8re ont peu chang\u00e9 durant la pand\u00e9mie et que la plupart sont satisfaits ou tr\u00e8s satisfaits de leur poste actuel.<\/p>\n\n<div class=\"wp-block-buttons is-layout-flex wp-block-buttons-is-layout-flex\">\n<div class=\"wp-block-button\"><a class=\"wp-block-button__link wp-element-button\" href=\"https:\/\/www.cip-icu.ca\/wp-content\/uploads\/2023\/12\/Canadian-Professional-Planners-National-Employment-Survey-Report-2023_Final_EN.pdf\" target=\"_blank\" rel=\"noreferrer noopener\"><strong>Lire le rapport 2023<\/strong><\/a><\/div>\n<\/div>\n\n<div style=\"height:60px\" aria-hidden=\"true\" class=\"wp-block-spacer\"><\/div>\n\n<p>La premi\u00e8re it\u00e9ration de ce sondage national, publi\u00e9e sous le titre <em>Rapport de sondage national sur la r\u00e9mun\u00e9ration et les avantages des planificateurs professionnels canadiens<\/em>, a \u00e9t\u00e9 publi\u00e9e en 2019.<\/p>\n\n<div class=\"wp-block-buttons is-layout-flex wp-block-buttons-is-layout-flex\">\n<div class=\"wp-block-button is-style-outline is-style-outline--1\"><a class=\"wp-block-button__link wp-element-button\" href=\"\/wp-content\/uploads\/2023\/09\/2019-Comp-Benefits-Report-FINAL.pdf\" target=\"_blank\" rel=\"noreferrer noopener\"><strong>Lire le rapport 2019<\/strong><\/a><\/div>\n<\/div>\n\n<div style=\"height:80px\" aria-hidden=\"true\" class=\"wp-block-spacer\"><\/div>\n\n<div class=\"wp-block-group mdpadding has-white-color has-accent-background-color has-text-color has-background\"><div class=\"wp-block-group__inner-container is-layout-constrained wp-block-group-is-layout-constrained\">\n<h2 class=\"wp-block-heading\">Regarder le webinaire \u00e0 la demande<\/h2>\n\n\n\n<p><em>10 janvier 2024<\/em> &#8211; Anim\u00e9 par Kristen Harrison, directrice nationale de la politique et des affaires publiques de l&#8217;ICU, et par le pr\u00e9sentateur Gerald Bramm CMRP, CAE, pr\u00e9sident de <mark style=\"background-color:rgba(0, 0, 0, 0)\" class=\"has-inline-color has-white-color\"><a href=\"https:\/\/www.brammresearch.com\/\">Bramm Research<\/a><\/mark>, le webinaire sur le rapport de l&#8217;enqu\u00eate nationale sur l&#8217;emploi a mis en \u00e9vidence les r\u00e9sultats du rapport 2023, identifi\u00e9 les tendances et \u00e9tabli des comparaisons avec les r\u00e9sultats de 2019. L&#8217;enregistrement du webinaire est disponible pour tous les membres du CIP via le CAP HUB. <\/p>\n\n\n\n<div class=\"wp-block-buttons is-layout-flex wp-block-buttons-is-layout-flex\">\n<div class=\"wp-block-button is-style-outline is-style-outline--2\"><a class=\"wp-block-button__link has-white-color has-text-color has-link-color wp-element-button\" href=\"https:\/\/www.cip-icu.ca\/fr\/connexion-des-membres\/\"><strong>Se connecter au CAP HUB<\/strong><\/a><\/div>\n<\/div>\n<\/div><\/div>\n\n<div style=\"height:100px\" aria-hidden=\"true\" class=\"wp-block-spacer\"><\/div>\n","protected":false},"excerpt":{"rendered":"<p>l&#8217;ICU s&#8217;engage \u00e0 fournir des ressources accessibles, pratiques et utiles aux membres tout au long de leur vie professionnelle. Cette enqu\u00eate a \u00e9t\u00e9 con\u00e7ue pour&hellip;<\/p>\n","protected":false},"author":12,"featured_media":0,"parent":0,"menu_order":0,"comment_status":"closed","ping_status":"closed","template":"","meta":{"_acf_changed":false,"footnotes":""},"class_list":["post-22131","page","type-page","status-publish","hentry"],"acf":[],"_links":{"self":[{"href":"https:\/\/www.cip-icu.ca\/fr\/wp-json\/wp\/v2\/pages\/22131","targetHints":{"allow":["GET"]}}],"collection":[{"href":"https:\/\/www.cip-icu.ca\/fr\/wp-json\/wp\/v2\/pages"}],"about":[{"href":"https:\/\/www.cip-icu.ca\/fr\/wp-json\/wp\/v2\/types\/page"}],"author":[{"embeddable":true,"href":"https:\/\/www.cip-icu.ca\/fr\/wp-json\/wp\/v2\/users\/12"}],"replies":[{"embeddable":true,"href":"https:\/\/www.cip-icu.ca\/fr\/wp-json\/wp\/v2\/comments?post=22131"}],"version-history":[{"count":8,"href":"https:\/\/www.cip-icu.ca\/fr\/wp-json\/wp\/v2\/pages\/22131\/revisions"}],"predecessor-version":[{"id":24925,"href":"https:\/\/www.cip-icu.ca\/fr\/wp-json\/wp\/v2\/pages\/22131\/revisions\/24925"}],"wp:attachment":[{"href":"https:\/\/www.cip-icu.ca\/fr\/wp-json\/wp\/v2\/media?parent=22131"}],"curies":[{"name":"wp","href":"https:\/\/api.w.org\/{rel}","templated":true}]}}