{"id":22135,"date":"2023-09-18T12:47:37","date_gmt":"2023-09-18T16:47:37","guid":{"rendered":"https:\/\/www.cip-icu.ca\/bibliotheque-de-ressources\/"},"modified":"2026-04-15T08:43:14","modified_gmt":"2026-04-15T12:43:14","slug":"bibliotheque-de-ressources","status":"publish","type":"page","link":"https:\/\/www.cip-icu.ca\/fr\/bibliotheque-de-ressources\/","title":{"rendered":"Biblioth\u00e8que de ressources"},"content":{"rendered":"\n<div style=\"height:140px\" aria-hidden=\"true\" class=\"wp-block-spacer\"><\/div>\n\n\n\n<div class=\"wp-block-columns is-layout-flex wp-container-core-columns-is-layout-9d6595d7 wp-block-columns-is-layout-flex\">\n<div class=\"wp-block-column is-layout-flow wp-block-column-is-layout-flow\" style=\"flex-basis:60%\">\n<h3 class=\"wp-block-heading line-heading-full\">Ressources<\/h3>\n\n\n\n<h1 class=\"wp-block-heading\"><mark style=\"background-color:rgba(0, 0, 0, 0)\" class=\"has-inline-color has-accent-color\"><strong>Biblioth\u00e8que de ressources<\/strong> <\/mark>de l&#8217;ICU<\/h1>\n\n\n\n<p class=\"lede\">Bienvenue dans la biblioth\u00e8que de ressources de l&#8217;ICU, o\u00f9 vous pouvez d\u00e9couvrir des recherches, des rapports, des outils et bien d&#8217;autres choses encore, par th\u00e8me ou par format de ressource.<\/p>\n\n\n\n<p>Vous avez une suggestion concernant une ressource qui devrait \u00eatre r\u00e9pertori\u00e9e?  <a href=\"mailto:partnerships@cip-icu.ca\">Contactez notre \u00e9quipe.<\/a><\/p>\n<\/div>\n\n\n\n<div class=\"wp-block-column is-layout-flow wp-block-column-is-layout-flow\"><\/div>\n<\/div>\n\n\n\n<div style=\"height:60px\" aria-hidden=\"true\" class=\"wp-block-spacer\"><\/div>\n\n\n<form data-sf-form-id='22502' data-is-rtl='0' data-maintain-state='' data-results-url='https:\/\/dev-canadian-institute-of-planners.pantheonsite.io\/resource-library\/' data-ajax-url='https:\/\/www.cip-icu.ca\/fr\/?sfid=22502&amp;sf_action=get_data&amp;sf_data=results' data-ajax-form-url='https:\/\/www.cip-icu.ca\/fr\/?sfid=22502&amp;sf_action=get_data&amp;sf_data=form' data-display-result-method='shortcode' data-use-history-api='1' data-template-loaded='0' data-lang-code='fr' data-ajax='1' data-ajax-data-type='json' data-ajax-links-selector='.pagination a' data-ajax-target='#search-filter-results-22502' data-ajax-pagination-type='normal' data-update-ajax-url='0' data-only-results-ajax='1' data-scroll-to-pos='0' data-init-paged='1' data-auto-update='1' action='https:\/\/dev-canadian-institute-of-planners.pantheonsite.io\/resource-library\/' method='post' class='searchandfilter' id='search-filter-form-22502' autocomplete='off' data-instance-count='1'><ul><li class=\"sf-field-taxonomy-resource_category\" data-sf-field-name=\"_sft_resource_category\" data-sf-field-type=\"taxonomy\" data-sf-field-input-type=\"select\"><h4>Domaine th\u00e9matique<\/h4>\t\t<label>\n\t\t\t\t   \t\t<select name=\"_sft_resource_category[]\" class=\"sf-input-select\" title=\"\">\n\t\t\t\t\t\t  \t\t\t<option class=\"sf-level-0 sf-item-0 sf-option-active\" selected=\"selected\" data-sf-count=\"0\" data-sf-depth=\"0\" value=\"\">Tous les th\u00e8mes<\/option>\n\t\t\t\t\t\t\t\t\t\t\t<option class=\"sf-level-0 sf-item-121\" data-sf-count=\"12\" data-sf-depth=\"0\" value=\"adhesion\">Adh\u00e9sion<\/option>\n\t\t\t\t\t\t\t\t\t\t\t<option class=\"sf-level-0 sf-item-120\" data-sf-count=\"73\" data-sf-depth=\"0\" value=\"changement-climatique\">Changement climatique<\/option>\n\t\t\t\t\t\t\t\t\t\t\t<option class=\"sf-level-0 sf-item-122\" data-sf-count=\"67\" data-sf-depth=\"0\" value=\"collectivites-saines\">Collectivit\u00e9s saines<\/option>\n\t\t\t\t\t\t\t\t\t\t\t<option class=\"sf-level-0 sf-item-123\" data-sf-count=\"64\" data-sf-depth=\"0\" value=\"edia-fr\">EDIA<\/option>\n\t\t\t\t\t\t\t\t\t\t\t<option class=\"sf-level-0 sf-item-125\" data-sf-count=\"63\" data-sf-depth=\"0\" value=\"logement\">Logement<\/option>\n\t\t\t\t\t\t\t\t\t\t\t<option class=\"sf-level-0 sf-item-1125\" data-sf-count=\"16\" data-sf-depth=\"0\" value=\"plan-canada\">Plan Canada<\/option>\n\t\t\t\t\t\t\t\t\t\t\t<option class=\"sf-level-0 sf-item-126\" data-sf-count=\"24\" data-sf-depth=\"0\" value=\"plan-strategique\">Plan strat\u00e9gique<\/option>\n\t\t\t\t\t\t\t\t\t\t\t<option class=\"sf-level-0 sf-item-127\" data-sf-count=\"35\" data-sf-depth=\"0\" value=\"reconciliation-fr\">R\u00e9conciliation<\/option>\n\t\t\t\t\t\t\t\t\t\t\t<option class=\"sf-level-0 sf-item-119\" data-sf-count=\"27\" data-sf-depth=\"0\" value=\"soutien-carriere\">Soutien \u00e0 la carri\u00e8re<\/option>\n\t\t\t\t\t\t\t\t\t\t\t<\/select><\/label>\t\t\t\t\t\t\t\t\t\t<\/li><li class=\"sf-field-post-meta-resource_type\" data-sf-field-name=\"_sfm_resource_type\" data-sf-field-type=\"post_meta\" data-sf-field-input-type=\"select\" data-sf-meta-type=\"choice\"><h4>Type de ressource<\/h4>\t\t<label>\n\t\t\t\t   \t\t<select name=\"_sfm_resource_type[]\" class=\"sf-input-select\" title=\"\">\n\t\t\t\t\t\t  \t\t\t<option class=\"sf-level-0 sf-item-0 sf-option-active\" selected=\"selected\" data-sf-depth=\"0\" value=\"\">Tous les types<\/option>\n\t\t\t\t\t\t\t\t\t\t\t<option class=\"sf-level-0 \" data-sf-count=\"-1\" data-sf-depth=\"0\" value=\"Article\">Article<\/option>\n\t\t\t\t\t\t\t\t\t\t\t<option class=\"sf-level-0 \" data-sf-count=\"-1\" data-sf-depth=\"0\" value=\"Case Study\">Case Study<\/option>\n\t\t\t\t\t\t\t\t\t\t\t<option class=\"sf-level-0 \" data-sf-count=\"-1\" data-sf-depth=\"0\" value=\"Fact Sheet\">Fact Sheet<\/option>\n\t\t\t\t\t\t\t\t\t\t\t<option class=\"sf-level-0 \" data-sf-count=\"-1\" data-sf-depth=\"0\" value=\"Multimedia\">Multimedia<\/option>\n\t\t\t\t\t\t\t\t\t\t\t<option class=\"sf-level-0 \" data-sf-count=\"-1\" data-sf-depth=\"0\" value=\"Policy Statement\">Policy Statement<\/option>\n\t\t\t\t\t\t\t\t\t\t\t<option class=\"sf-level-0 \" data-sf-count=\"-1\" data-sf-depth=\"0\" value=\"Poster\">Poster<\/option>\n\t\t\t\t\t\t\t\t\t\t\t<option class=\"sf-level-0 \" data-sf-count=\"-1\" data-sf-depth=\"0\" value=\"Practice Guide\">Practice Guide<\/option>\n\t\t\t\t\t\t\t\t\t\t\t<option class=\"sf-level-0 \" data-sf-count=\"-1\" data-sf-depth=\"0\" value=\"Report\">Report<\/option>\n\t\t\t\t\t\t\t\t\t\t\t<option class=\"sf-level-0 \" data-sf-count=\"-1\" data-sf-depth=\"0\" value=\"Web Page\">Web Page<\/option>\n\t\t\t\t\t\t\t\t\t\t\t<\/select><\/label>\t\t\t\t\t\t\t\t\t\t<\/li><li class=\"sf-field-search\" data-sf-field-name=\"search\" data-sf-field-type=\"search\" data-sf-field-input-type=\"\"><h4>Recherche<\/h4>\t\t<label>\n\t\t\t\t   <input placeholder=\"Recherche...\" name=\"_sf_search[]\" class=\"sf-input-text\" type=\"text\" value=\"\" title=\"\"><\/label>\t\t<\/li><\/ul><\/form>\n\n\n<div class=\"search-filter-results\" id=\"search-filter-results-22502\">\r\n    <div class=\"resource-library-wrap row\">\r\n\r\n\t\t\t<div id=\"resource-44847\" class=\"resource-item col-12 col-sm-12 col-lg-6 col-xl-6\" itemscope itemprop=\"blogPost\" itemtype=\"http:\/\/schema.org\/BlogPosting\" role=\"article\">\r\n\r\n            \r\n            <div class=\"resource-inner\">\r\n\r\n                \r\n                    <div class=\"resource-image\">\r\n\r\n                        \r\n                            <span class=\"resource-type\">Report<\/span>\r\n\r\n                        \r\n                        <img decoding=\"async\" style=\"filter: grayscale(1);\" src=\"https:\/\/www.cip-icu.ca\/wp-content\/themes\/cip-theme\/assets\/cip-placeholder.jpg\" alt=\"Planning for a Changing Climate 2019\" \/>\r\n\r\n                    <\/div>\r\n\r\n                \r\n                <div class=\"resource-text\">\r\n\r\n                    <h2>Planning for a Changing Climate 2019<\/h2>\r\n\r\n                                            <div class=\"topic-area\"><strong>Sujette:<\/strong>\r\n                                                                                <span>Changement climatique<\/span>\r\n                                                <\/div>\r\n                    \r\n\r\n                    \r\n                        <!-- <span class=\"file-type\">Type: PDF<\/span> -->\r\n\r\n                    \r\n                    \r\n                        <a href=\"https:\/\/www.cip-icu.ca\/wp-content\/uploads\/2026\/04\/SS-10-Planning-for-a-Changing-Climate-2019-01-04-Nikki-Lulham.pdf\" class=\"file-link\" target=\"_blank\">T\u00e9l\u00e9charger<\/a>\r\n\r\n                    \r\n                    \r\n                <\/div>\r\n\r\n            <\/div>\r\n\r\n        <\/div><!-- #post-## -->\r\n\r\n\t\t\t\t<div id=\"resource-44843\" class=\"resource-item col-12 col-sm-12 col-lg-6 col-xl-6\" itemscope itemprop=\"blogPost\" itemtype=\"http:\/\/schema.org\/BlogPosting\" role=\"article\">\r\n\r\n            \r\n            <div class=\"resource-inner\">\r\n\r\n                \r\n                    <div class=\"resource-image\">\r\n\r\n                        \r\n                            <span class=\"resource-type\">Presentation<\/span>\r\n\r\n                        \r\n                        <img decoding=\"async\" style=\"filter: grayscale(1);\" src=\"https:\/\/www.cip-icu.ca\/wp-content\/themes\/cip-theme\/assets\/cip-placeholder.jpg\" alt=\"Transformation of First Nation Community Development in Saskatchewan\" \/>\r\n\r\n                    <\/div>\r\n\r\n                \r\n                <div class=\"resource-text\">\r\n\r\n                    <h2>Transformation of First Nation Community Development in Saskatchewan<\/h2>\r\n\r\n                                            <div class=\"topic-area\"><strong>Sujette:<\/strong>\r\n                                                                                <span>R\u00e9conciliation<\/span>\r\n                                                <\/div>\r\n                    \r\n\r\n                    \r\n                        <!-- <span class=\"file-type\">Type: PDF<\/span> -->\r\n\r\n                    \r\n                    \r\n                        <a href=\"https:\/\/www.cip-icu.ca\/wp-content\/uploads\/2026\/04\/SS-59-Transformation-of-First-Nation-Community-Development-in-Saskatchewan.pdf\" class=\"file-link\" target=\"_blank\">T\u00e9l\u00e9charger<\/a>\r\n\r\n                    \r\n                    \r\n                <\/div>\r\n\r\n            <\/div>\r\n\r\n        <\/div><!-- #post-## -->\r\n\r\n\t\t\t\t<div id=\"resource-44839\" class=\"resource-item col-12 col-sm-12 col-lg-6 col-xl-6\" itemscope itemprop=\"blogPost\" itemtype=\"http:\/\/schema.org\/BlogPosting\" role=\"article\">\r\n\r\n            \r\n            <div class=\"resource-inner\">\r\n\r\n                \r\n                    <div class=\"resource-image\">\r\n\r\n                        \r\n                            <span class=\"resource-type\">Report<\/span>\r\n\r\n                        \r\n                        <img decoding=\"async\" style=\"filter: grayscale(1);\" src=\"https:\/\/www.cip-icu.ca\/wp-content\/themes\/cip-theme\/assets\/cip-placeholder.jpg\" alt=\"Planning for Low Carbon Energy in Ottawa Gatineau\" \/>\r\n\r\n                    <\/div>\r\n\r\n                \r\n                <div class=\"resource-text\">\r\n\r\n                    <h2>Planning for Low Carbon Energy in Ottawa Gatineau<\/h2>\r\n\r\n                                            <div class=\"topic-area\"><strong>Sujette:<\/strong>\r\n                                                                                <span>Changement climatique<\/span>\r\n                                                <\/div>\r\n                    \r\n\r\n                    \r\n                        <!-- <span class=\"file-type\">Type: PDF<\/span> -->\r\n\r\n                    \r\n                    \r\n                        <a href=\"https:\/\/www.cip-icu.ca\/wp-content\/uploads\/2026\/04\/SS-49-Planning-for-Low-Carbon-Energy-in-Ottawa-Gatineau.pdf\" class=\"file-link\" target=\"_blank\">T\u00e9l\u00e9charger<\/a>\r\n\r\n                    \r\n                    \r\n                <\/div>\r\n\r\n            <\/div>\r\n\r\n        <\/div><!-- #post-## -->\r\n\r\n\t\t\t\t<div id=\"resource-44834\" class=\"resource-item col-12 col-sm-12 col-lg-6 col-xl-6\" itemscope itemprop=\"blogPost\" itemtype=\"http:\/\/schema.org\/BlogPosting\" role=\"article\">\r\n\r\n            \r\n            <div class=\"resource-inner\">\r\n\r\n                \r\n                    <div class=\"resource-image\">\r\n\r\n                        \r\n                            <span class=\"resource-type\">Presentation<\/span>\r\n\r\n                        \r\n                        <img decoding=\"async\" style=\"filter: grayscale(1);\" src=\"https:\/\/www.cip-icu.ca\/wp-content\/themes\/cip-theme\/assets\/cip-placeholder.jpg\" alt=\"Regeneration of Church Congregations and Properties\" \/>\r\n\r\n                    <\/div>\r\n\r\n                \r\n                <div class=\"resource-text\">\r\n\r\n                    <h2>Regeneration of Church Congregations and Properties<\/h2>\r\n\r\n                                            <div class=\"topic-area\"><strong>Sujette:<\/strong>\r\n                                                                                <span>Plan strat\u00e9gique<\/span>\r\n                                                <\/div>\r\n                    \r\n\r\n                    \r\n                        <!-- <span class=\"file-type\">Type: PDF<\/span> -->\r\n\r\n                    \r\n                    \r\n                        <a href=\"https:\/\/www.cip-icu.ca\/wp-content\/uploads\/2026\/04\/SS-53-Regeneration-of-Church-Congregations-and-Properties.pdf\" class=\"file-link\" target=\"_blank\">T\u00e9l\u00e9charger<\/a>\r\n\r\n                    \r\n                    \r\n                <\/div>\r\n\r\n            <\/div>\r\n\r\n        <\/div><!-- #post-## -->\r\n\r\n\t\t\t\t<div id=\"resource-44830\" class=\"resource-item col-12 col-sm-12 col-lg-6 col-xl-6\" itemscope itemprop=\"blogPost\" itemtype=\"http:\/\/schema.org\/BlogPosting\" role=\"article\">\r\n\r\n            \r\n            <div class=\"resource-inner\">\r\n\r\n                \r\n                    <div class=\"resource-image\">\r\n\r\n                        \r\n                            <span class=\"resource-type\">Presentation<\/span>\r\n\r\n                        \r\n                        <img decoding=\"async\" style=\"filter: grayscale(1);\" src=\"https:\/\/www.cip-icu.ca\/wp-content\/themes\/cip-theme\/assets\/cip-placeholder.jpg\" alt=\"Building a City With Emerging Technologies \u2013 Where Are We Going Next?\" \/>\r\n\r\n                    <\/div>\r\n\r\n                \r\n                <div class=\"resource-text\">\r\n\r\n                    <h2>Building a City With Emerging Technologies \u2013 Where Are We Going Next?<\/h2>\r\n\r\n                                            <div class=\"topic-area\"><strong>Sujette:<\/strong>\r\n                                                                                <span>Collectivit\u00e9s saines<\/span>\r\n                                                <\/div>\r\n                    \r\n\r\n                    \r\n                        <!-- <span class=\"file-type\">Type: PDF<\/span> -->\r\n\r\n                    \r\n                    \r\n                        <a href=\"https:\/\/www.cip-icu.ca\/wp-content\/uploads\/2026\/04\/SS-44-Building-a-City-with-Emerging-Technologies_-Where-are-we-going-next-1400-on-5JULY2019-Lana-Phillips-v2.pdf\" class=\"file-link\" target=\"_blank\">T\u00e9l\u00e9charger<\/a>\r\n\r\n                    \r\n                    \r\n                <\/div>\r\n\r\n            <\/div>\r\n\r\n        <\/div><!-- #post-## -->\r\n\r\n\t\t\t\t<div id=\"resource-44826\" class=\"resource-item col-12 col-sm-12 col-lg-6 col-xl-6\" itemscope itemprop=\"blogPost\" itemtype=\"http:\/\/schema.org\/BlogPosting\" role=\"article\">\r\n\r\n            \r\n            <div class=\"resource-inner\">\r\n\r\n                \r\n                    <div class=\"resource-image\">\r\n\r\n                        \r\n                            <span class=\"resource-type\">Presentation<\/span>\r\n\r\n                        \r\n                        <img decoding=\"async\" style=\"filter: grayscale(1);\" src=\"https:\/\/www.cip-icu.ca\/wp-content\/themes\/cip-theme\/assets\/cip-placeholder.jpg\" alt=\"Growing Canada: A National Growth Plan\" \/>\r\n\r\n                    <\/div>\r\n\r\n                \r\n                <div class=\"resource-text\">\r\n\r\n                    <h2>Growing Canada: A National Growth Plan<\/h2>\r\n\r\n                                            <div class=\"topic-area\"><strong>Sujette:<\/strong>\r\n                                                                                <span>Plan strat\u00e9gique<\/span>\r\n                                                <\/div>\r\n                    \r\n\r\n                    \r\n                        <!-- <span class=\"file-type\">Type: PDF<\/span> -->\r\n\r\n                    \r\n                    \r\n                        <a href=\"https:\/\/www.cip-icu.ca\/wp-content\/uploads\/2026\/04\/SS-15-Growing-Canada-\u2013-A-National-Growth-Plan-for-2100.pdf\" class=\"file-link\" target=\"_blank\">T\u00e9l\u00e9charger<\/a>\r\n\r\n                    \r\n                    \r\n                <\/div>\r\n\r\n            <\/div>\r\n\r\n        <\/div><!-- #post-## -->\r\n\r\n\t\t\t\t<div id=\"resource-44822\" class=\"resource-item col-12 col-sm-12 col-lg-6 col-xl-6\" itemscope itemprop=\"blogPost\" itemtype=\"http:\/\/schema.org\/BlogPosting\" role=\"article\">\r\n\r\n            \r\n            <div class=\"resource-inner\">\r\n\r\n                \r\n                    <div class=\"resource-image\">\r\n\r\n                        \r\n                            <span class=\"resource-type\">Presentation<\/span>\r\n\r\n                        \r\n                        <img decoding=\"async\" style=\"filter: grayscale(1);\" src=\"https:\/\/www.cip-icu.ca\/wp-content\/themes\/cip-theme\/assets\/cip-placeholder.jpg\" alt=\"Bottom-up Planning in First Nations Communities: The Story of Magnetawan First Nation\" \/>\r\n\r\n                    <\/div>\r\n\r\n                \r\n                <div class=\"resource-text\">\r\n\r\n                    <h2>Bottom-up Planning in First Nations Communities: The Story of Magnetawan First Nation<\/h2>\r\n\r\n                                            <div class=\"topic-area\"><strong>Sujette:<\/strong>\r\n                                                                                <span>R\u00e9conciliation<\/span>\r\n                                                <\/div>\r\n                    \r\n\r\n                    \r\n                        <!-- <span class=\"file-type\">Type: PDF<\/span> -->\r\n\r\n                    \r\n                    \r\n                        <a href=\"https:\/\/www.cip-icu.ca\/wp-content\/uploads\/2026\/04\/SS-14-Bottom-Up-Planning-in-First-Nations-Communities-The-Story-of-Magnetewan-First-Nation.pdf\" class=\"file-link\" target=\"_blank\">T\u00e9l\u00e9charger<\/a>\r\n\r\n                    \r\n                    \r\n                <\/div>\r\n\r\n            <\/div>\r\n\r\n        <\/div><!-- #post-## -->\r\n\r\n\t\t\t\t<div id=\"resource-44818\" class=\"resource-item col-12 col-sm-12 col-lg-6 col-xl-6\" itemscope itemprop=\"blogPost\" itemtype=\"http:\/\/schema.org\/BlogPosting\" role=\"article\">\r\n\r\n            \r\n            <div class=\"resource-inner\">\r\n\r\n                \r\n                    <div class=\"resource-image\">\r\n\r\n                        \r\n                            <span class=\"resource-type\">Presentation<\/span>\r\n\r\n                        \r\n                        <img decoding=\"async\" style=\"filter: grayscale(1);\" src=\"https:\/\/www.cip-icu.ca\/wp-content\/themes\/cip-theme\/assets\/cip-placeholder.jpg\" alt=\"Understanding the Linkages Between Social Inclusion and Nimby\" \/>\r\n\r\n                    <\/div>\r\n\r\n                \r\n                <div class=\"resource-text\">\r\n\r\n                    <h2>Understanding the Linkages Between Social Inclusion and Nimby<\/h2>\r\n\r\n                                            <div class=\"topic-area\"><strong>Sujette:<\/strong>\r\n                                                                                <span>Logement<\/span>\r\n                                                <\/div>\r\n                    \r\n\r\n                    \r\n                        <!-- <span class=\"file-type\">Type: PDF<\/span> -->\r\n\r\n                    \r\n                    \r\n                        <a href=\"https:\/\/www.cip-icu.ca\/wp-content\/uploads\/2026\/04\/SS-13-Understanding-the-linkages-between-social-inclusion-and-NIMBY.pdf\" class=\"file-link\" target=\"_blank\">T\u00e9l\u00e9charger<\/a>\r\n\r\n                    \r\n                    \r\n                <\/div>\r\n\r\n            <\/div>\r\n\r\n        <\/div><!-- #post-## -->\r\n\r\n\t\t\r\n    <\/div>\r\n\r\n\r\n    <div class=\"pagination\">\r\n        <br \/><div class='wp-pagenavi' role='navigation'>\n<span class='pages'>Page 1 of 32<\/span><span aria-current='page' class='current'>1<\/span><a class=\"page larger\" title=\"Page 2\" href=\"https:\/\/dev-canadian-institute-of-planners.pantheonsite.io\/resource-library\/?sf_paged=2\">2<\/a><a class=\"page larger\" title=\"Page 3\" href=\"https:\/\/dev-canadian-institute-of-planners.pantheonsite.io\/resource-library\/?sf_paged=3\">3<\/a><a class=\"page larger\" title=\"Page 4\" href=\"https:\/\/dev-canadian-institute-of-planners.pantheonsite.io\/resource-library\/?sf_paged=4\">4<\/a><a class=\"page larger\" title=\"Page 5\" href=\"https:\/\/dev-canadian-institute-of-planners.pantheonsite.io\/resource-library\/?sf_paged=5\">5<\/a><span class='extend'>...<\/span><a class=\"nextpostslink\" rel=\"next\" aria-label=\"Next Page\" href=\"https:\/\/dev-canadian-institute-of-planners.pantheonsite.io\/resource-library\/?sf_paged=2\">&gt;<\/a><a class=\"last\" aria-label=\"Last Page\" href=\"https:\/\/dev-canadian-institute-of-planners.pantheonsite.io\/resource-library\/?sf_paged=32\">32 \u00bb<\/a>\n<\/div>    <\/div>\r\n\r\n\t<\/div>\n","protected":false},"excerpt":{"rendered":"<p>Ressources Biblioth\u00e8que de ressources de l&#8217;ICU Bienvenue dans la biblioth\u00e8que de ressources de l&#8217;ICU, o\u00f9 vous pouvez d\u00e9couvrir des recherches, des rapports, des outils et [&hellip;]<\/p>\n","protected":false},"author":12,"featured_media":0,"parent":0,"menu_order":0,"comment_status":"closed","ping_status":"closed","template":"","meta":{"_acf_changed":false,"footnotes":""},"class_list":["post-22135","page","type-page","status-publish","hentry"],"acf":[],"_links":{"self":[{"href":"https:\/\/www.cip-icu.ca\/fr\/wp-json\/wp\/v2\/pages\/22135","targetHints":{"allow":["GET"]}}],"collection":[{"href":"https:\/\/www.cip-icu.ca\/fr\/wp-json\/wp\/v2\/pages"}],"about":[{"href":"https:\/\/www.cip-icu.ca\/fr\/wp-json\/wp\/v2\/types\/page"}],"author":[{"embeddable":true,"href":"https:\/\/www.cip-icu.ca\/fr\/wp-json\/wp\/v2\/users\/12"}],"replies":[{"embeddable":true,"href":"https:\/\/www.cip-icu.ca\/fr\/wp-json\/wp\/v2\/comments?post=22135"}],"version-history":[{"count":4,"href":"https:\/\/www.cip-icu.ca\/fr\/wp-json\/wp\/v2\/pages\/22135\/revisions"}],"predecessor-version":[{"id":24577,"href":"https:\/\/www.cip-icu.ca\/fr\/wp-json\/wp\/v2\/pages\/22135\/revisions\/24577"}],"wp:attachment":[{"href":"https:\/\/www.cip-icu.ca\/fr\/wp-json\/wp\/v2\/media?parent=22135"}],"curies":[{"name":"wp","href":"https:\/\/api.w.org\/{rel}","templated":true}]}}