{"id":22137,"date":"2023-09-18T12:42:38","date_gmt":"2023-09-18T16:42:38","guid":{"rendered":"https:\/\/www.cip-icu.ca\/programme-des-dirigeants-emergents\/"},"modified":"2026-01-26T09:03:35","modified_gmt":"2026-01-26T14:03:35","slug":"programme-des-dirigeants-emergents","status":"publish","type":"page","link":"https:\/\/www.cip-icu.ca\/fr\/programme-des-dirigeants-emergents\/","title":{"rendered":"Le programme des leaders \u00e9mergents"},"content":{"rendered":"\n<div style=\"height:140px\" aria-hidden=\"true\" class=\"wp-block-spacer\"><\/div>\n\n\n\n<div class=\"wp-block-columns is-layout-flex wp-container-core-columns-is-layout-9d6595d7 wp-block-columns-is-layout-flex\">\n<div class=\"wp-block-column is-layout-flow wp-block-column-is-layout-flow\" style=\"flex-basis:60%\">\n<h3 class=\"wp-block-heading line-heading-full\">Soutien \u00e0 la carri\u00e8re pour la vie <\/h3>\n\n\n\n<h1 class=\"wp-block-heading has-black-color has-text-color\">Le programme des <strong><mark style=\"background-color:rgba(0, 0, 0, 0)\" class=\"has-inline-color has-accent-color\">leaders<\/mark><\/strong> \u00e9mergents<\/h1>\n\n\n\n<p class=\"lede\">Le programme des leaders \u00e9mergents (PL\u00c9) de l\u2019ICU est un programme interactif con\u00e7u pour les aspirants et les urbanistes en d\u00e9but de carri\u00e8re afin d\u2019encourager le d\u00e9veloppement personnel et la r\u00e9ussite professionnelle.<\/p>\n\n\n\n<div style=\"height:40px\" aria-hidden=\"true\" class=\"wp-block-spacer\"><\/div>\n\n\n\n<h2 class=\"wp-block-heading\">Aper\u00e7u du programme<\/h2>\n\n\n\n<p>Le programme introduit des comp\u00e9tences et des concepts li\u00e9s \u00e0 un leadership significatif, et offre des opportunit\u00e9s de cr\u00e9ation de r\u00e9seaux entre pairs et de mentorat :<\/p>\n\n\n\n<ul class=\"wp-block-list icon-list\">\n<li class=\"icon-list\">Modules de webinaires fondamentaux anim\u00e9s par des praticiens et des professionnels de la planification de haut niveau, avec des lectures et des ressources d\u2019apprentissage obligatoires<\/li>\n\n\n\n<li>Programme sp\u00e9cialis\u00e9 lors de la conf\u00e9rence nationale du l\u2019ICU<\/li>\n\n\n\n<li>Article de r\u00e9flexion individuel (400-500 mots)<\/li>\n\n\n\n<li>Discussion finale en ligne <\/li>\n<\/ul>\n\n\n\n<p>\u00c0 l&#8217;issue du programme, les participants recevront un badge num\u00e9rique. Le programme des leaders \u00e9mergents donne droit \u00e9galement \u00e0 des unit\u00e9s de formation professionnelle continue (FPC). <\/p>\n\n\n\n<p><a id=\"_msocom_1\"><\/a><\/p>\n<\/div>\n\n\n\n<div class=\"wp-block-column is-layout-flow wp-block-column-is-layout-flow\" style=\"flex-basis:33.33%\"><div class=\"wp-block-image\">\n<figure class=\"aligncenter size-full is-resized\"><img loading=\"lazy\" decoding=\"async\" width=\"601\" height=\"601\" src=\"https:\/\/www.cip-icu.ca\/wp-content\/uploads\/2025\/12\/CIP_Credly_badge-FR_ELP-2026.png\" alt=\"\" class=\"wp-image-40889\" style=\"width:284px;height:auto\" srcset=\"https:\/\/www.cip-icu.ca\/wp-content\/uploads\/2025\/12\/CIP_Credly_badge-FR_ELP-2026.png 601w, https:\/\/www.cip-icu.ca\/wp-content\/uploads\/2025\/12\/CIP_Credly_badge-FR_ELP-2026-160x160.png 160w, https:\/\/www.cip-icu.ca\/wp-content\/uploads\/2025\/12\/CIP_Credly_badge-FR_ELP-2026-300x300.png 300w, https:\/\/www.cip-icu.ca\/wp-content\/uploads\/2025\/12\/CIP_Credly_badge-FR_ELP-2026-100x100.png 100w\" sizes=\"auto, (max-width: 601px) 100vw, 601px\" \/><\/figure>\n<\/div>\n\n\n<p class=\"has-text-align-center\"><strong>En partenariat avec :<\/strong><\/p>\n\n\n<div class=\"wp-block-image\">\n<figure class=\"aligncenter size-full is-resized\"><a href=\"https:\/\/urbansystems.ca\/\" target=\"_blank\" rel=\" noreferrer noopener\"><img loading=\"lazy\" decoding=\"async\" width=\"714\" height=\"268\" src=\"https:\/\/www.cip-icu.ca\/wp-content\/uploads\/2025\/11\/Urban-Systems-Primary-Logo-Colour-CLEAR.png\" alt=\"\" class=\"wp-image-40516\" style=\"width:225px;height:auto\" srcset=\"https:\/\/www.cip-icu.ca\/wp-content\/uploads\/2025\/11\/Urban-Systems-Primary-Logo-Colour-CLEAR.png 714w, https:\/\/www.cip-icu.ca\/wp-content\/uploads\/2025\/11\/Urban-Systems-Primary-Logo-Colour-CLEAR-636x239.png 636w, https:\/\/www.cip-icu.ca\/wp-content\/uploads\/2025\/11\/Urban-Systems-Primary-Logo-Colour-CLEAR-600x225.png 600w\" sizes=\"auto, (max-width: 714px) 100vw, 714px\" \/><\/a><\/figure>\n<\/div>\n\n<div class=\"wp-block-image\">\n<figure class=\"aligncenter size-full is-resized\"><a href=\"https:\/\/psb-planningcanada.ca\/fr\/\"><img loading=\"lazy\" decoding=\"async\" width=\"380\" height=\"111\" src=\"https:\/\/www.cip-icu.ca\/wp-content\/uploads\/2025\/12\/logo_fr_PSB-2.png\" alt=\"\" class=\"wp-image-40903\" style=\"aspect-ratio:3.4240487514863256;width:284px;height:auto\"\/><\/a><\/figure>\n<\/div><\/div>\n<\/div>\n\n\n\n<div style=\"height:20px\" aria-hidden=\"true\" class=\"wp-block-spacer\"><\/div>\n\n\n\n<h2 class=\"wp-block-heading\">Calendrier du programme 2026<\/h2>\n\n\n\n<p>Le programme des leaders \u00e9mergents est compos\u00e9 de trois modules en ligne et d&#8217;une conf\u00e9rence en pr\u00e9sentiel.<\/p>\n\n\n\n<ul class=\"wp-block-list\">\n<li>Les trois modules en ligne du programme sont g\u00e9n\u00e9ralement espac\u00e9s d&#8217;un mois. Chaque module est anim\u00e9 par des urbanistes exp\u00e9riment\u00e9s qui sont des leaders reconnus dans leur domaine, et met l&#8217;accent sur le d\u00e9veloppement du leadership et la communication efficace. Les participants au programme sont tenus d&#8217;assister \u00e0 tous les modules en ligne.   <\/li>\n\n\n\n<li>Conf\u00e9rence nationale de l\u2019urbanisme FUSION : du 7 au 9 juillet 2026 (Montr\u00e9al, QC). Remarque : la pr\u00e9sence physique pendant toute la journ\u00e9e du 6 juillet 2026 est obligatoire pour les s\u00e9ances et \u00e9v\u00e9nements pr\u00e9conf\u00e9rence, qui sont obligatoires pour tous les participants. <\/li>\n<\/ul>\n\n\n\n<p>Tous les participants sont tenus de s\u2019engager \u00e0 suivre l\u2019int\u00e9gralit\u00e9 du programme, y compris \u00e0 assister en personne \u00e0 la <a href=\"https:\/\/www.cip-icu.ca\/fr\/conference-nationale\/\">conf\u00e9rence nationale du l\u2019ICU<\/a>, car le programme est con\u00e7u pour \u00eatre interactif, progressif et it\u00e9ratif.<\/p>\n\n\n\n<p>Des frais d\u2019inscription minimes \u00e0 la conf\u00e9rence seront demand\u00e9s ; toutefois, ces frais seront rembours\u00e9s \u00e0 l\u2019issue du programme des leaders \u00e9mergents. <strong>Les participants sont responsables de tous les frais de voyage, d\u2019h\u00e9bergement et autres frais accessoires.<\/strong><\/p>\n\n\n\n<div style=\"height:40px\" aria-hidden=\"true\" class=\"wp-block-spacer\"><\/div>\n\n\n\n<div class=\"wp-block-columns is-layout-flex wp-container-core-columns-is-layout-9d6595d7 wp-block-columns-is-layout-flex\">\n<div class=\"wp-block-column is-layout-flow wp-block-column-is-layout-flow\">\n<h3 class=\"wp-block-heading\">Application<\/h3>\n\n\n\n<p>Les candidatures sont ouvertes chaque ann\u00e9e et le nombre de places est limit\u00e9. Veuillez noter que le programme est offert en anglais et est r\u00e9serv\u00e9 aux membres de l&#8217;ICU.  <\/p>\n\n\n\n<p><strong>Les candidatures sont closes.<\/strong><\/p>\n\n\n\n<p><em>Les candidats seront inform\u00e9s de l&#8217;\u00e9tat de leur candidature entre d\u00e9but et mi-f\u00e9vrier.<\/em><\/p>\n\n\n\n<div style=\"height:20px\" aria-hidden=\"true\" class=\"wp-block-spacer\"><\/div>\n\n\n\n<div style=\"height:40px\" aria-hidden=\"true\" class=\"wp-block-spacer\"><\/div>\n\n\n\n<h4 class=\"wp-block-heading\">Vous n&#8217;\u00eates pas membre ?  <\/h4>\n\n\n\n<div class=\"wp-block-buttons is-layout-flex wp-block-buttons-is-layout-flex\">\n<div class=\"wp-block-button is-style-outline is-style-outline--1\"><a class=\"wp-block-button__link wp-element-button\" href=\"https:\/\/www.cip-icu.ca\/fr\/rejoindre-le-cip\/\"><strong>Adh\u00e9rer aujourd&#8217;hui<\/strong><\/a><\/div>\n<\/div>\n<\/div>\n\n\n\n<div class=\"wp-block-column is-layout-flow wp-block-column-is-layout-flow\">\n<h3 class=\"wp-block-heading\">Un merci sp\u00e9cial<\/h3>\n\n\n\n<p>L\u2019ICU est heureux d\u2019accueillir <a href=\"https:\/\/urbansystems.ca\/\" target=\"_blank\" rel=\"noreferrer noopener\">Urban Systems<\/a> et le <a href=\"https:\/\/psb-planningcanada.ca\/\">Conseil des normes professionnelles pour le profession d&#8217;urbaniste au Canada<\/a> comme partenaire pour cette initiative. Nous leur sommes reconnaissants de leur engagement \u00e0 former les futurs leaders de l\u2019am\u00e9nagement du territoire et \u00e0 investir dans notre profession.<\/p>\n\n\n\n<div style=\"height:12px\" aria-hidden=\"true\" class=\"wp-block-spacer\"><\/div>\n\n\n\n<div class=\"wp-block-columns is-layout-flex wp-container-core-columns-is-layout-9d6595d7 wp-block-columns-is-layout-flex\">\n<div class=\"wp-block-column is-layout-flow wp-block-column-is-layout-flow\" style=\"flex-basis:50%\">\n<figure class=\"wp-block-image size-full is-resized\"><a href=\"https:\/\/urbansystems.ca\/\" target=\"_blank\" rel=\" noreferrer noopener\"><img loading=\"lazy\" decoding=\"async\" width=\"714\" height=\"268\" src=\"https:\/\/www.cip-icu.ca\/wp-content\/uploads\/2025\/11\/Urban-Systems-Primary-Logo-Colour-CLEAR.png\" alt=\"\" class=\"wp-image-40516\" style=\"width:210px;height:auto\" srcset=\"https:\/\/www.cip-icu.ca\/wp-content\/uploads\/2025\/11\/Urban-Systems-Primary-Logo-Colour-CLEAR.png 714w, https:\/\/www.cip-icu.ca\/wp-content\/uploads\/2025\/11\/Urban-Systems-Primary-Logo-Colour-CLEAR-636x239.png 636w, https:\/\/www.cip-icu.ca\/wp-content\/uploads\/2025\/11\/Urban-Systems-Primary-Logo-Colour-CLEAR-600x225.png 600w\" sizes=\"auto, (max-width: 714px) 100vw, 714px\" \/><\/a><\/figure>\n<\/div>\n\n\n\n<div class=\"wp-block-column is-layout-flow wp-block-column-is-layout-flow\" style=\"flex-basis:50%\">\n<figure class=\"wp-block-image size-full\"><a href=\"https:\/\/psb-planningcanada.ca\/fr\/\"><img loading=\"lazy\" decoding=\"async\" width=\"380\" height=\"111\" src=\"https:\/\/www.cip-icu.ca\/wp-content\/uploads\/2025\/12\/logo_fr_PSB-2.png\" alt=\"\" class=\"wp-image-40903\"\/><\/a><\/figure>\n<\/div>\n<\/div>\n<\/div>\n<\/div>\n\n\n\n<div style=\"height:50px\" aria-hidden=\"true\" class=\"wp-block-spacer\"><\/div>\n\n\n\n<div class=\"wp-block-group container  data-aos_fade-up aos-animate data-aos-delay_50 has-white-color has-accent-background-color has-text-color has-background\"><div class=\"wp-block-group__inner-container is-layout-constrained wp-block-group-is-layout-constrained\">\n<div class=\"wp-block-columns are-vertically-aligned-center is-layout-flex wp-container-core-columns-is-layout-9d6595d7 wp-block-columns-is-layout-flex\">\n<div class=\"wp-block-column is-vertically-aligned-center is-layout-flow wp-block-column-is-layout-flow\"><div class=\"wp-block-image\">\n<figure class=\"aligncenter size-full\"><img loading=\"lazy\" decoding=\"async\" width=\"900\" height=\"900\" src=\"https:\/\/www.cip-icu.ca\/wp-content\/uploads\/2023\/11\/Embracing-Diversity-1.png\" alt=\"\" class=\"wp-image-20057\" srcset=\"https:\/\/www.cip-icu.ca\/wp-content\/uploads\/2023\/11\/Embracing-Diversity-1.png 900w, https:\/\/www.cip-icu.ca\/wp-content\/uploads\/2023\/11\/Embracing-Diversity-1-636x636.png 636w, https:\/\/www.cip-icu.ca\/wp-content\/uploads\/2023\/11\/Embracing-Diversity-1-160x160.png 160w, https:\/\/www.cip-icu.ca\/wp-content\/uploads\/2023\/11\/Embracing-Diversity-1-768x768.png 768w\" sizes=\"auto, (max-width: 900px) 100vw, 900px\" \/><\/figure>\n<\/div><\/div>\n\n\n\n<div class=\"wp-block-column is-vertically-aligned-center is-layout-flow wp-block-column-is-layout-flow\">\n<h2 class=\"wp-block-heading\"><strong>Embrasser la diversit\u00e9<\/strong><\/h2>\n\n\n\n<p>L&#8217;ICU c\u00e9l\u00e8bre et promeut la diversit\u00e9, l\u2019\u00e9galit\u00e9, l\u2019inclusion et l\u2019accessibilit\u00e9 en offrant des chances \u00e9gales \u00e0 toutes les personnes qualifi\u00e9es, sans distinction de race, de couleur, d\u2019origine ethnique, de religion, de sexe, d\u2019\u00e2ge, d\u2019origine nationale, de handicap, d\u2019orientation sexuelle ou d\u2019apparence. Nous pensons que le fait d\u2019avoir des participants qui refl\u00e8tent la diversit\u00e9 de nos membres et de la population canadienne nous rend plus forts. <\/p>\n\n\n\n<div style=\"height:30px\" aria-hidden=\"true\" class=\"wp-block-spacer\"><\/div>\n<\/div>\n<\/div>\n<\/div><\/div>\n\n\n\n<div style=\"height:100px\" aria-hidden=\"true\" class=\"wp-block-spacer\"><\/div>\n","protected":false},"excerpt":{"rendered":"<p>Le programme des leaders \u00e9mergents (PL\u00c9) de l\u2019ICU est un programme interactif con\u00e7u pour les aspirants et les urbanistes en d\u00e9but de carri\u00e8re afin d\u2019encourager&hellip;<\/p>\n","protected":false},"author":12,"featured_media":0,"parent":0,"menu_order":0,"comment_status":"closed","ping_status":"closed","template":"","meta":{"_acf_changed":false,"footnotes":""},"class_list":["post-22137","page","type-page","status-publish","hentry"],"acf":[],"_links":{"self":[{"href":"https:\/\/www.cip-icu.ca\/fr\/wp-json\/wp\/v2\/pages\/22137","targetHints":{"allow":["GET"]}}],"collection":[{"href":"https:\/\/www.cip-icu.ca\/fr\/wp-json\/wp\/v2\/pages"}],"about":[{"href":"https:\/\/www.cip-icu.ca\/fr\/wp-json\/wp\/v2\/types\/page"}],"author":[{"embeddable":true,"href":"https:\/\/www.cip-icu.ca\/fr\/wp-json\/wp\/v2\/users\/12"}],"replies":[{"embeddable":true,"href":"https:\/\/www.cip-icu.ca\/fr\/wp-json\/wp\/v2\/comments?post=22137"}],"version-history":[{"count":31,"href":"https:\/\/www.cip-icu.ca\/fr\/wp-json\/wp\/v2\/pages\/22137\/revisions"}],"predecessor-version":[{"id":41646,"href":"https:\/\/www.cip-icu.ca\/fr\/wp-json\/wp\/v2\/pages\/22137\/revisions\/41646"}],"wp:attachment":[{"href":"https:\/\/www.cip-icu.ca\/fr\/wp-json\/wp\/v2\/media?parent=22137"}],"curies":[{"name":"wp","href":"https:\/\/api.w.org\/{rel}","templated":true}]}}