{"id":22141,"date":"2023-09-18T12:41:45","date_gmt":"2023-09-18T19:41:45","guid":{"rendered":"https:\/\/www.cip-icu.ca\/devenir-planificateur\/"},"modified":"2023-11-20T15:57:00","modified_gmt":"2023-11-20T23:57:00","slug":"devenir-planificateur","status":"publish","type":"page","link":"https:\/\/www.cip-icu.ca\/fr\/devenir-planificateur\/","title":{"rendered":"Devenir planificateur"},"content":{"rendered":"\n<div style=\"height:140px\" aria-hidden=\"true\" class=\"wp-block-spacer\"><\/div>\n\n<div class=\"wp-block-columns are-vertically-aligned-center is-layout-flex wp-container-core-columns-is-layout-9d6595d7 wp-block-columns-is-layout-flex\">\n<div class=\"wp-block-column is-vertically-aligned-center is-layout-flow wp-block-column-is-layout-flow\" style=\"flex-basis:60%\">\n<h3 class=\"wp-block-heading line-heading-full\">Devenir planificateur<\/h3>\n\n\n\n<h1 class=\"wp-block-heading\">Le chemin vers la <mark style=\"background-color:rgba(0, 0, 0, 0)\" class=\"has-inline-color has-accent-color\">\n  <strong>Certification<\/strong>\n<\/mark><\/h1>\n\n\n\n<p class=\"lede\">Au Canada, les <a href=\"https:\/\/www.cip-icu.ca\/professional-territorial-institutes-associations-ptias\/\" data-type=\"page\" data-id=\"16383\">instituts ou associations provinciaux ou territoriaux<\/a> (PTIA) r\u00e9glementent la profession d&#8217;urbaniste. Cela signifie que le chemin vers la certification diff\u00e8re d&#8217;une r\u00e9gion \u00e0 l&#8217;autre.<\/p>\n<\/div>\n\n\n\n<div class=\"wp-block-column is-vertically-aligned-center is-layout-flow wp-block-column-is-layout-flow\"><\/div>\n<\/div>\n\n<div style=\"height:100px\" aria-hidden=\"true\" class=\"wp-block-spacer\"><\/div>\n\n<div class=\"wp-block-columns are-vertically-aligned-center is-layout-flex wp-container-core-columns-is-layout-9d6595d7 wp-block-columns-is-layout-flex\">\n<div class=\"wp-block-column is-vertically-aligned-center data-aos_fade-right aos-animate is-layout-flow wp-block-column-is-layout-flow\" style=\"flex-basis:100%\">\n<figure class=\"wp-block-image size-full\"><img loading=\"lazy\" decoding=\"async\" width=\"467\" height=\"381\" src=\"https:\/\/www.cip-icu.ca\/wp-content\/uploads\/2023\/11\/MAP-R-1.png\" alt=\"\" class=\"wp-image-18152\"\/><\/figure>\n<\/div>\n\n\n\n<div class=\"wp-block-column is-vertically-aligned-center data-aos_fade-left aos-animate data-aos-delay_150 is-layout-flow wp-block-column-is-layout-flow\" style=\"flex-basis:100%\">\n<h2 class=\"wp-block-heading\">Qui certifie les planificateurs professionnels au Canada ?<\/h2>\n\n\n\n<p>Au Qu\u00e9bec, l&#8217;<a href=\"https:\/\/www.cip-icu.ca\/\/ouq.qc.ca\/\" target=\"_blank\" rel=\"noreferrer noopener\">Ordre des urbanistes du Qu\u00e9bec<\/a> (OUQ) g\u00e8re son propre <a href=\"https:\/\/www.cip-icu.ca\/\/ouq.qc.ca\/etre-urbaniste\/devenir-membre\/\" target=\"_blank\" rel=\"noreferrer noopener\">processus de<\/a> certification des urbanistes et peut \u00eatre contact\u00e9 pour plus d&#8217;informations.<\/p>\n\n\n\n<div class=\"wp-block-columns is-layout-flex wp-container-core-columns-is-layout-9d6595d7 wp-block-columns-is-layout-flex\">\n<div class=\"wp-block-column is-layout-flow wp-block-column-is-layout-flow\">\n<p>Toutes les autres r\u00e9gions suivent le programme de certification g\u00e9r\u00e9 par le <a href=\"https:\/\/psb-planningcanada.ca\/\" target=\"_blank\" rel=\"noreferrer noopener\">Conseil des normes professionnelles pour la profession d&#8217;urbaniste au Canada<\/a> (PSB), qui supervise les six \u00e9tapes pour devenir un urbaniste professionnel enregistr\u00e9 :<\/p>\n<\/div>\n<\/div>\n<\/div>\n<\/div>\n\n<div style=\"height:60px\" aria-hidden=\"true\" class=\"wp-block-spacer\"><\/div>\n\n<div style=\"height:60px\" aria-hidden=\"true\" class=\"wp-block-spacer\"><\/div>\n\n<h2 class=\"wp-block-heading has-text-align-center\">Comment devenir planificateur professionnel agr\u00e9\u00e9<\/h2>\n\n<p class=\"has-text-align-center\"><\/p>\n\n<div style=\"height:100px\" aria-hidden=\"true\" class=\"wp-block-spacer\"><\/div>\n\n<div class=\"wp-block-columns become-planner-steps data-aos_fade-up aos-animate data-aos-delay_50 is-layout-flex wp-container-core-columns-is-layout-9d6595d7 wp-block-columns-is-layout-flex\">\n<div class=\"wp-block-column is-layout-flow wp-block-column-is-layout-flow\">\n<div class=\"wp-block-group has-green-2-10-opacity-background-color has-background\"><div class=\"wp-block-group__inner-container is-layout-constrained wp-block-group-is-layout-constrained\">\n<span class=\"bignum\">1<\/span>\n\n\n<div class=\"wp-block-image\">\n<figure class=\"aligncenter size-large\"><img loading=\"lazy\" decoding=\"async\" width=\"29\" height=\"32\" src=\"https:\/\/www.cip-icu.ca\/wp-content\/uploads\/2023\/10\/Vector4.svg\" alt=\"\" class=\"wp-image-17412\"\/><\/figure>\n<\/div>\n\n\n<p class=\"has-text-align-center has-regular-font-size\"><strong>S&#8217;adresser au <\/strong><a href=\"https:\/\/psb-planningcanada.ca\/\" target=\"_blank\" rel=\"noreferrer noopener\">\n  <strong>Conseil des normes professionnelles<\/strong>\n<\/a><strong> (PSB)<\/strong><\/p>\n\n\n\n<p class=\"has-text-align-center has-small-font-size\">Les nouveaux candidats peuvent s&#8217;inscrire soit par le biais d&#8217;un <a href=\"https:\/\/psb-planningcanada.ca\/certification-process\/application-process\/accredited-degree\/\" target=\"_blank\" rel=\"noreferrer noopener\">dipl\u00f4me accr\u00e9dit\u00e9<\/a>, soit par la <a href=\"https:\/\/psb-planningcanada.ca\/certification-process\/application-process\/prior-learning-assessment-plar\/\" target=\"_blank\" rel=\"noreferrer noopener\">voie de l&#8217;\u00e9valuation des acquis<\/a> (RA), soit par la voie de la <a href=\"https:\/\/psb-planningcanada.ca\/certification-process\/application-process\/reciprocal-advanced-standing\/\" target=\"_blank\" rel=\"noreferrer noopener\">r\u00e9ciprocit\u00e9<\/a>.<\/p>\n<\/div><\/div>\n<\/div>\n\n\n\n<div class=\"wp-block-column is-layout-flow wp-block-column-is-layout-flow\">\n<div class=\"wp-block-group has-blue-10-opacity-background-color has-background\"><div class=\"wp-block-group__inner-container is-layout-constrained wp-block-group-is-layout-constrained\">\n<span class=\"bignum\">2<\/span>\n\n\n<div class=\"wp-block-image\">\n<figure class=\"aligncenter size-large\"><img loading=\"lazy\" decoding=\"async\" width=\"33\" height=\"33\" src=\"https:\/\/www.cip-icu.ca\/wp-content\/uploads\/2023\/10\/tdesign_member.svg\" alt=\"\" class=\"wp-image-17411\"\/><\/figure>\n<\/div>\n\n\n<p class=\"has-text-align-center has-regular-font-size\"><strong>Devenir membre candidat<\/strong><\/p>\n\n\n\n<p class=\"has-text-align-center has-small-font-size\">Une fois que le PSB a re\u00e7u la demande et qu&#8217;elle a \u00e9t\u00e9 approuv\u00e9e par la PTIA, le candidat devient un membre &#8220;candidat&#8221; et dispose de sept ans pour remplir les conditions requises.<\/p>\n<\/div><\/div>\n<\/div>\n\n\n\n<div class=\"wp-block-column is-layout-flow wp-block-column-is-layout-flow\">\n<div class=\"wp-block-group has-orange-10-opacity-background-color has-background\"><div class=\"wp-block-group__inner-container is-layout-constrained wp-block-group-is-layout-constrained\">\n<span class=\"bignum\">3<\/span>\n\n\n<div class=\"wp-block-image\">\n<figure class=\"aligncenter size-large\"><img loading=\"lazy\" decoding=\"async\" width=\"36\" height=\"34\" src=\"https:\/\/www.cip-icu.ca\/wp-content\/uploads\/2023\/10\/Group2.svg\" alt=\"\" class=\"wp-image-17410\"\/><\/figure>\n<\/div>\n\n\n<p class=\"has-text-align-center has-regular-font-size\"><strong>Participer au mentorat<\/strong><\/p>\n\n\n\n<p class=\"has-text-align-center has-small-font-size\">Les candidats rencontrent r\u00e9guli\u00e8rement leur mentor pour discuter de la planification et des diff\u00e9rentes comp\u00e9tences.<\/p>\n<\/div><\/div>\n<\/div>\n<\/div>\n\n<div style=\"height:60px\" aria-hidden=\"true\" class=\"wp-block-spacer\"><\/div>\n\n<div class=\"wp-block-columns become-planner-steps data-aos_fade-up aos-animate data-aos-delay_50 is-layout-flex wp-container-core-columns-is-layout-9d6595d7 wp-block-columns-is-layout-flex\">\n<div class=\"wp-block-column is-layout-flow wp-block-column-is-layout-flow\">\n<div class=\"wp-block-group has-red-10-opacity-background-color has-background\"><div class=\"wp-block-group__inner-container is-layout-constrained wp-block-group-is-layout-constrained\">\n<span class=\"bignum\">4<\/span>\n\n\n<div class=\"wp-block-image\">\n<figure class=\"aligncenter size-large\"><img loading=\"lazy\" decoding=\"async\" width=\"33\" height=\"33\" src=\"https:\/\/www.cip-icu.ca\/wp-content\/uploads\/2023\/10\/Group3.svg\" alt=\"\" class=\"wp-image-17409\"\/><\/figure>\n<\/div>\n\n\n<p class=\"has-text-align-center\"><strong>Journal de l&#8217;exp\u00e9rience professionnelle<\/strong><\/p>\n\n\n\n<p class=\"has-text-align-center has-small-font-size\">Avec l&#8217;aide d&#8217;un parrain, les candidats consigneront leur exp\u00e9rience professionnelle.<\/p>\n<\/div><\/div>\n<\/div>\n\n\n\n<div class=\"wp-block-column is-layout-flow wp-block-column-is-layout-flow\">\n<div class=\"wp-block-group has-green-2-10-opacity-background-color has-background\"><div class=\"wp-block-group__inner-container is-layout-constrained wp-block-group-is-layout-constrained\">\n<span class=\"bignum\">5<\/span>\n\n\n<div class=\"wp-block-image\">\n<figure class=\"aligncenter size-large is-resized\"><img loading=\"lazy\" decoding=\"async\" width=\"33\" height=\"42\" src=\"https:\/\/www.cip-icu.ca\/wp-content\/uploads\/2023\/10\/5.svg\" alt=\"\" class=\"wp-image-17795\" style=\"width:29px;height:32px\"\/><\/figure>\n<\/div>\n\n\n<p class=\"has-text-align-center has-regular-font-size\"><strong><strong>Suivre le cours d&#8217;\u00e9thique et de professionnalisme<\/strong><\/strong><\/p>\n\n\n\n<p class=\"has-text-align-center has-small-font-size\">Les candidats doivent suivre avec succ\u00e8s un cours d&#8217;\u00e9thique et de professionnalisme.<\/p>\n<\/div><\/div>\n<\/div>\n\n\n\n<div class=\"wp-block-column is-layout-flow wp-block-column-is-layout-flow\">\n<div class=\"wp-block-group has-blue-10-opacity-background-color has-background\"><div class=\"wp-block-group__inner-container is-layout-constrained wp-block-group-is-layout-constrained\">\n<span class=\"bignum\">6<\/span>\n\n\n<div class=\"wp-block-image\">\n<figure class=\"aligncenter size-large\"><img loading=\"lazy\" decoding=\"async\" width=\"35\" height=\"43\" src=\"https:\/\/www.cip-icu.ca\/wp-content\/uploads\/2023\/10\/6.svg\" alt=\"\" class=\"wp-image-17794\"\/><\/figure>\n<\/div>\n\n\n<p class=\"has-text-align-center has-regular-font-size\"><strong>R\u00e9ussir l&#8217;examen professionnel<\/strong><\/p>\n\n\n\n<p class=\"has-text-align-center has-small-font-size\">Pour achever le processus de certification et devenir un planificateur professionnel agr\u00e9\u00e9, les candidats doivent passer un examen final \u00e0 choix multiples.<\/p>\n<\/div><\/div>\n<\/div>\n<\/div>\n\n<div style=\"height:40px\" aria-hidden=\"true\" class=\"wp-block-spacer\"><\/div>\n\n<p class=\"has-text-align-center has-small-font-size\"><\/p>\n\n<p>Pour entamer votre parcours vers la certification, veuillez <a href=\"https:\/\/www.cip-icu.ca\/\/www.psb-planningcanada.ca\/CONTACTUS\/index.php\" target=\"_blank\" rel=\"noreferrer noopener\">contacter le PSB<\/a> ou, si vous r\u00e9sidez au Qu\u00e9bec, l&#8217;<a href=\"https:\/\/ouq.qc.ca\/nous-joindre\/\" target=\"_blank\" rel=\"noreferrer noopener\">OUQ<\/a>.<\/p>\n\n<div style=\"height:100px\" aria-hidden=\"true\" class=\"wp-block-spacer\"><\/div>\n","protected":false},"excerpt":{"rendered":"<p>Le chemin vers la Certification Au Canada, les instituts ou associations provinciaux ou territoriaux (PTIA) r\u00e9glementent la profession d&#8217;urbaniste. Cela signifie que le chemin vers&hellip;<\/p>\n","protected":false},"author":12,"featured_media":0,"parent":0,"menu_order":0,"comment_status":"closed","ping_status":"closed","template":"","meta":{"_acf_changed":false,"footnotes":""},"class_list":["post-22141","page","type-page","status-publish","hentry"],"acf":[],"_links":{"self":[{"href":"https:\/\/www.cip-icu.ca\/fr\/wp-json\/wp\/v2\/pages\/22141","targetHints":{"allow":["GET"]}}],"collection":[{"href":"https:\/\/www.cip-icu.ca\/fr\/wp-json\/wp\/v2\/pages"}],"about":[{"href":"https:\/\/www.cip-icu.ca\/fr\/wp-json\/wp\/v2\/types\/page"}],"author":[{"embeddable":true,"href":"https:\/\/www.cip-icu.ca\/fr\/wp-json\/wp\/v2\/users\/12"}],"replies":[{"embeddable":true,"href":"https:\/\/www.cip-icu.ca\/fr\/wp-json\/wp\/v2\/comments?post=22141"}],"version-history":[{"count":2,"href":"https:\/\/www.cip-icu.ca\/fr\/wp-json\/wp\/v2\/pages\/22141\/revisions"}],"predecessor-version":[{"id":42853,"href":"https:\/\/www.cip-icu.ca\/fr\/wp-json\/wp\/v2\/pages\/22141\/revisions\/42853"}],"wp:attachment":[{"href":"https:\/\/www.cip-icu.ca\/fr\/wp-json\/wp\/v2\/media?parent=22141"}],"curies":[{"name":"wp","href":"https:\/\/api.w.org\/{rel}","templated":true}]}}