{"id":22142,"date":"2023-09-18T12:48:07","date_gmt":"2023-09-18T19:48:07","guid":{"rendered":"https:\/\/www.cip-icu.ca\/enregistrez-votre-cpl\/"},"modified":"2023-11-20T15:57:00","modified_gmt":"2023-11-20T23:57:00","slug":"enregistrez-votre-cpl","status":"publish","type":"page","link":"https:\/\/www.cip-icu.ca\/fr\/enregistrez-votre-cpl\/","title":{"rendered":"Enregistrez votre CPL"},"content":{"rendered":"\n<div style=\"height:140px\" aria-hidden=\"true\" class=\"wp-block-spacer\"><\/div>\n\n<div class=\"wp-block-columns is-layout-flex wp-container-core-columns-is-layout-9d6595d7 wp-block-columns-is-layout-flex\">\n<div class=\"wp-block-column is-layout-flow wp-block-column-is-layout-flow\" style=\"flex-basis:66.66%\">\n<h3 class=\"wp-block-heading line-heading-full\">D\u00e9veloppement professionnel<\/h3>\n\n\n\n<h1 class=\"wp-block-heading\">Enregistrez vos <strong>\n  <mark style=\"background-color:rgba(0, 0, 0, 0)\" class=\"has-inline-color has-accent-color\">Unit\u00e9s CPL<\/mark>\n<\/strong> <\/h1>\n\n\n\n<p class=\"lede\">Le CIP travaille en collaboration avec les associations et instituts provinciaux et territoriaux (PTIA) afin de fournir une plateforme conviviale permettant aux planificateurs d&#8217;enregistrer leurs exigences annuelles en mati\u00e8re de formation professionnelle continue (CPL).<\/p>\n\n\n\n<p>Tous les membres \u00e9ligibles peuvent enregistrer leurs unit\u00e9s d&#8217;apprentissage en se connectant \u00e0 leur espace membre PTIA.<\/p>\n\n\n\n<div style=\"height:40px\" aria-hidden=\"true\" class=\"wp-block-spacer\"><\/div>\n\n\n\n<div class=\"wp-block-buttons is-layout-flex wp-block-buttons-is-layout-flex\">\n<div class=\"wp-block-button\"><a class=\"wp-block-button__link wp-element-button\" href=\"https:\/\/www.cip-icu.ca\/\/ams.cip-icu.ca\/login\" target=\"_blank\" rel=\"noreferrer noopener\">Se connecter<\/a><\/div>\n<\/div>\n\n\n\n<div style=\"height:30px\" aria-hidden=\"true\" class=\"wp-block-spacer\"><\/div>\n\n\n\n<p class=\"has-small-font-size\">Les membres du Qu\u00e9bec doivent se connecter directement \u00e0 l&#8217;<a href=\"https:\/\/espacemembre.ouq.qc.ca\/\" target=\"_blank\" rel=\"noreferrer noopener\">Ordre des urbanistes du Qu\u00e9bec*<\/a>.  <\/p>\n<\/div>\n\n\n\n<div class=\"wp-block-column is-layout-flow wp-block-column-is-layout-flow\" style=\"flex-basis:33.33%\"><\/div>\n<\/div>\n\n<div style=\"height:120px\" aria-hidden=\"true\" class=\"wp-block-spacer\"><\/div>\n\n<div class=\"wp-block-group ptia-logos\"><div class=\"wp-block-group__inner-container is-layout-constrained wp-block-group-is-layout-constrained\">\n<h2 class=\"wp-block-heading\">En savoir plus sur les exigences en mati\u00e8re de LPC annuel pour votre PTIA :  <\/h2>\n\n\n\n<div class=\"wp-block-columns is-layout-flex wp-container-core-columns-is-layout-9d6595d7 wp-block-columns-is-layout-flex\">\n<div class=\"wp-block-column is-layout-flow wp-block-column-is-layout-flow\" style=\"flex-basis:33.3%\">\n<div class=\"wp-block-group has-gainsboro-background-color has-background\"><div class=\"wp-block-group__inner-container is-layout-constrained wp-block-group-is-layout-constrained\">\n<figure class=\"wp-block-image size-large\"><img loading=\"lazy\" decoding=\"async\" width=\"1296\" height=\"729\" src=\"https:\/\/www.cip-icu.ca\/wp-content\/uploads\/2023\/11\/API-Atlantic-Planning-Institute-1296x729.png\" alt=\"\" class=\"wp-image-18166\" srcset=\"https:\/\/www.cip-icu.ca\/wp-content\/uploads\/2023\/11\/API-Atlantic-Planning-Institute-1296x729.png 1296w, https:\/\/www.cip-icu.ca\/wp-content\/uploads\/2023\/11\/API-Atlantic-Planning-Institute-636x358.png 636w, https:\/\/www.cip-icu.ca\/wp-content\/uploads\/2023\/11\/API-Atlantic-Planning-Institute-768x432.png 768w, https:\/\/www.cip-icu.ca\/wp-content\/uploads\/2023\/11\/API-Atlantic-Planning-Institute-1536x864.png 1536w, https:\/\/www.cip-icu.ca\/wp-content\/uploads\/2023\/11\/API-Atlantic-Planning-Institute.png 1600w\" sizes=\"auto, (max-width: 1296px) 100vw, 1296px\" \/><\/figure>\n\n\n\n<p><strong><a href=\"https:\/\/atlanticplanners.org\/member-services\/continuous-professional-learning\/\" target=\"_blank\" rel=\"noreferrer noopener\">API &#8211; Institut des planificateurs de l&#8217;Atlantique<\/a> (Terre-Neuve-et-Labrador, \u00ce.-P.-\u00c9. et Nouveau-Brunswick)<\/strong><\/p>\n<\/div><\/div>\n<\/div>\n\n\n\n<div class=\"wp-block-column is-layout-flow wp-block-column-is-layout-flow\" style=\"flex-basis:33.3%\">\n<div class=\"wp-block-group has-gainsboro-background-color has-background\"><div class=\"wp-block-group__inner-container is-layout-constrained wp-block-group-is-layout-constrained\">\n<figure class=\"wp-block-image size-large\"><img loading=\"lazy\" decoding=\"async\" width=\"255\" height=\"159\" src=\"https:\/\/www.cip-icu.ca\/wp-content\/uploads\/2023\/11\/LPPANS-Logo.svg\" alt=\"\" class=\"wp-image-18702\"\/><\/figure>\n\n\n\n<a href=\"https:\/\/lppans.ca\/licensees1\/continuous-professional-learning\/\" target=\"_blank\" rel=\"noreferrer noopener\"><strong>LPPANS &#8211; Licensed Professional Planners Association of Nova Scotia (Association des planificateurs professionnels agr\u00e9\u00e9s de Nouvelle-\u00c9cosse)<\/strong><\/a><\/p>\n<\/div><\/div>\n<\/div>\n\n\n\n<div class=\"wp-block-column is-layout-flow wp-block-column-is-layout-flow\" style=\"flex-basis:33.3%\">\n<div class=\"wp-block-group has-gainsboro-background-color has-background\"><div class=\"wp-block-group__inner-container is-layout-constrained wp-block-group-is-layout-constrained\">\n<div class=\"wp-block-group\"><div class=\"wp-block-group__inner-container is-layout-constrained wp-block-group-is-layout-constrained\">\n<figure class=\"wp-block-image size-large\"><img loading=\"lazy\" decoding=\"async\" width=\"1296\" height=\"729\" src=\"https:\/\/www.cip-icu.ca\/wp-content\/uploads\/2023\/11\/OUQ-Order-des-urbanistes-du-Quebec-1296x729.png\" alt=\"\" class=\"wp-image-18173\" srcset=\"https:\/\/www.cip-icu.ca\/wp-content\/uploads\/2023\/11\/OUQ-Order-des-urbanistes-du-Quebec-1296x729.png 1296w, https:\/\/www.cip-icu.ca\/wp-content\/uploads\/2023\/11\/OUQ-Order-des-urbanistes-du-Quebec-636x358.png 636w, https:\/\/www.cip-icu.ca\/wp-content\/uploads\/2023\/11\/OUQ-Order-des-urbanistes-du-Quebec-768x432.png 768w, https:\/\/www.cip-icu.ca\/wp-content\/uploads\/2023\/11\/OUQ-Order-des-urbanistes-du-Quebec-1536x864.png 1536w, https:\/\/www.cip-icu.ca\/wp-content\/uploads\/2023\/11\/OUQ-Order-des-urbanistes-du-Quebec.png 1600w\" sizes=\"auto, (max-width: 1296px) 100vw, 1296px\" \/><\/figure>\n<\/div><\/div>\n\n\n\n<p><a href=\"https:\/\/ouq.qc.ca\/wp-content\/uploads\/2023\/04\/ouq-guide-regl-form.pdf\" target=\"_blank\" rel=\"noreferrer noopener\"><strong>OUQ &#8211; Ordre des urbanistes du Qu\u00e9bec*<\/strong><\/a>\n<\/div><\/div>\n<\/div>\n<\/div>\n\n\n\n<div class=\"wp-block-columns is-layout-flex wp-container-core-columns-is-layout-9d6595d7 wp-block-columns-is-layout-flex\">\n<div class=\"wp-block-column is-layout-flow wp-block-column-is-layout-flow\" style=\"flex-basis:33.3%\">\n<div class=\"wp-block-group has-gainsboro-background-color has-background\"><div class=\"wp-block-group__inner-container is-layout-constrained wp-block-group-is-layout-constrained\">\n<figure class=\"wp-block-image size-large\"><img loading=\"lazy\" decoding=\"async\" width=\"1296\" height=\"729\" src=\"https:\/\/www.cip-icu.ca\/wp-content\/uploads\/2023\/11\/OPPI-Ontario-Professional-Planners-Institute-1296x729.png\" alt=\"\" class=\"wp-image-18172\" srcset=\"https:\/\/www.cip-icu.ca\/wp-content\/uploads\/2023\/11\/OPPI-Ontario-Professional-Planners-Institute-1296x729.png 1296w, https:\/\/www.cip-icu.ca\/wp-content\/uploads\/2023\/11\/OPPI-Ontario-Professional-Planners-Institute-636x358.png 636w, https:\/\/www.cip-icu.ca\/wp-content\/uploads\/2023\/11\/OPPI-Ontario-Professional-Planners-Institute-768x432.png 768w, https:\/\/www.cip-icu.ca\/wp-content\/uploads\/2023\/11\/OPPI-Ontario-Professional-Planners-Institute-1536x864.png 1536w, https:\/\/www.cip-icu.ca\/wp-content\/uploads\/2023\/11\/OPPI-Ontario-Professional-Planners-Institute.png 1600w\" sizes=\"auto, (max-width: 1296px) 100vw, 1296px\" \/><\/figure>\n\n\n\n<a href=\"https:\/\/ontarioplanners.ca\/inspiring-knowledge\/cpl\" target=\"_blank\" rel=\"noreferrer noopener\"><strong>OPPI &#8211; Institut des planificateurs professionnels de l&#8217;Ontario<\/strong><\/a><\/p>\n<\/div><\/div>\n<\/div>\n\n\n\n<div class=\"wp-block-column is-layout-flow wp-block-column-is-layout-flow\" style=\"flex-basis:33.3%\">\n<div class=\"wp-block-group has-gainsboro-background-color has-background\"><div class=\"wp-block-group__inner-container is-layout-constrained wp-block-group-is-layout-constrained\">\n<figure class=\"wp-block-image size-large\"><img loading=\"lazy\" decoding=\"async\" width=\"1600\" height=\"408\" src=\"https:\/\/www.cip-icu.ca\/wp-content\/uploads\/2023\/11\/MPPI-Manitoba-Professional-Planners-Institute-e1700141028753.png\" alt=\"\" class=\"wp-image-18169\" srcset=\"https:\/\/www.cip-icu.ca\/wp-content\/uploads\/2023\/11\/MPPI-Manitoba-Professional-Planners-Institute-e1700141028753.png 1600w, https:\/\/www.cip-icu.ca\/wp-content\/uploads\/2023\/11\/MPPI-Manitoba-Professional-Planners-Institute-e1700141028753-636x162.png 636w, https:\/\/www.cip-icu.ca\/wp-content\/uploads\/2023\/11\/MPPI-Manitoba-Professional-Planners-Institute-e1700141028753-1296x330.png 1296w, https:\/\/www.cip-icu.ca\/wp-content\/uploads\/2023\/11\/MPPI-Manitoba-Professional-Planners-Institute-e1700141028753-768x196.png 768w, https:\/\/www.cip-icu.ca\/wp-content\/uploads\/2023\/11\/MPPI-Manitoba-Professional-Planners-Institute-e1700141028753-1536x392.png 1536w\" sizes=\"auto, (max-width: 1600px) 100vw, 1600px\" \/><\/figure>\n\n\n\n<p><a href=\"https:\/\/www.cip-icu.ca\/\/www.mppi.mb.ca\/professional-development.asp\" target=\"_blank\" rel=\"noreferrer noopener\"><strong>MPPI &#8211; Institut des planificateurs professionnels du Manitoba  <\/strong><\/a>\n<\/div><\/div>\n<\/div>\n\n\n\n<div class=\"wp-block-column is-layout-flow wp-block-column-is-layout-flow\" style=\"flex-basis:33.3%\">\n<div class=\"wp-block-group has-gainsboro-background-color has-background\"><div class=\"wp-block-group__inner-container is-layout-constrained wp-block-group-is-layout-constrained\">\n<figure class=\"wp-block-image size-large\"><img loading=\"lazy\" decoding=\"async\" width=\"1296\" height=\"729\" src=\"https:\/\/www.cip-icu.ca\/wp-content\/uploads\/2023\/11\/SPPI-Saskatchewan-Professional-Planners-Institute-Landscape-1296x729.png\" alt=\"\" class=\"wp-image-18176\" srcset=\"https:\/\/www.cip-icu.ca\/wp-content\/uploads\/2023\/11\/SPPI-Saskatchewan-Professional-Planners-Institute-Landscape-1296x729.png 1296w, https:\/\/www.cip-icu.ca\/wp-content\/uploads\/2023\/11\/SPPI-Saskatchewan-Professional-Planners-Institute-Landscape-636x358.png 636w, https:\/\/www.cip-icu.ca\/wp-content\/uploads\/2023\/11\/SPPI-Saskatchewan-Professional-Planners-Institute-Landscape-768x432.png 768w, https:\/\/www.cip-icu.ca\/wp-content\/uploads\/2023\/11\/SPPI-Saskatchewan-Professional-Planners-Institute-Landscape-1536x864.png 1536w, https:\/\/www.cip-icu.ca\/wp-content\/uploads\/2023\/11\/SPPI-Saskatchewan-Professional-Planners-Institute-Landscape.png 1600w\" sizes=\"auto, (max-width: 1296px) 100vw, 1296px\" \/><\/figure>\n\n\n\n<a href=\"https:\/\/sppi.ca\/learning-centre\/\" target=\"_blank\" rel=\"noreferrer noopener\"><strong>SPPI &#8211; Institut des planificateurs professionnels de la Saskatchewan<\/strong><\/a><\/p>\n<\/div><\/div>\n<\/div>\n<\/div>\n\n\n\n<div class=\"wp-block-columns is-layout-flex wp-container-core-columns-is-layout-9d6595d7 wp-block-columns-is-layout-flex\">\n<div class=\"wp-block-column is-layout-flow wp-block-column-is-layout-flow\" style=\"flex-basis:33.3%\">\n<div class=\"wp-block-group has-gainsboro-background-color has-background\"><div class=\"wp-block-group__inner-container is-layout-constrained wp-block-group-is-layout-constrained\">\n<figure class=\"wp-block-image size-large\"><img loading=\"lazy\" decoding=\"async\" width=\"1296\" height=\"729\" src=\"https:\/\/www.cip-icu.ca\/wp-content\/uploads\/2023\/11\/APPI-Alberta-Professional-Planners-Institute-1296x729.png\" alt=\"\" class=\"wp-image-18167\" srcset=\"https:\/\/www.cip-icu.ca\/wp-content\/uploads\/2023\/11\/APPI-Alberta-Professional-Planners-Institute-1296x729.png 1296w, https:\/\/www.cip-icu.ca\/wp-content\/uploads\/2023\/11\/APPI-Alberta-Professional-Planners-Institute-636x358.png 636w, https:\/\/www.cip-icu.ca\/wp-content\/uploads\/2023\/11\/APPI-Alberta-Professional-Planners-Institute-768x432.png 768w, https:\/\/www.cip-icu.ca\/wp-content\/uploads\/2023\/11\/APPI-Alberta-Professional-Planners-Institute-1536x864.png 1536w, https:\/\/www.cip-icu.ca\/wp-content\/uploads\/2023\/11\/APPI-Alberta-Professional-Planners-Institute.png 1600w\" sizes=\"auto, (max-width: 1296px) 100vw, 1296px\" \/><\/figure>\n\n\n\n<p><a href=\"https:\/\/www.albertaplanners.com\/professional-development\/continuous-professional-learning\" target=\"_blank\" rel=\"noreferrer noopener\"><strong>APPI &#8211; Institut des planificateurs professionnels de l&#8217;Alberta<\/strong><\/a>\n<\/div><\/div>\n<\/div>\n\n\n\n<div class=\"wp-block-column is-layout-flow wp-block-column-is-layout-flow\" style=\"flex-basis:33.3%\">\n<div class=\"wp-block-group has-gainsboro-background-color has-background\"><div class=\"wp-block-group__inner-container is-layout-constrained wp-block-group-is-layout-constrained\">\n<figure class=\"wp-block-image size-large\"><img loading=\"lazy\" decoding=\"async\" width=\"1296\" height=\"729\" src=\"https:\/\/www.cip-icu.ca\/wp-content\/uploads\/2023\/11\/PIBC-Planning-Institute-of-British-Columbia-1296x729.png\" alt=\"\" class=\"wp-image-18175\" srcset=\"https:\/\/www.cip-icu.ca\/wp-content\/uploads\/2023\/11\/PIBC-Planning-Institute-of-British-Columbia-1296x729.png 1296w, https:\/\/www.cip-icu.ca\/wp-content\/uploads\/2023\/11\/PIBC-Planning-Institute-of-British-Columbia-636x358.png 636w, https:\/\/www.cip-icu.ca\/wp-content\/uploads\/2023\/11\/PIBC-Planning-Institute-of-British-Columbia-768x432.png 768w, https:\/\/www.cip-icu.ca\/wp-content\/uploads\/2023\/11\/PIBC-Planning-Institute-of-British-Columbia-1536x864.png 1536w, https:\/\/www.cip-icu.ca\/wp-content\/uploads\/2023\/11\/PIBC-Planning-Institute-of-British-Columbia.png 1600w\" sizes=\"auto, (max-width: 1296px) 100vw, 1296px\" \/><\/figure>\n\n\n\n<p><a href=\"https:\/\/www.pibc.bc.ca\/about-cpl-program\" target=\"_blank\" rel=\"noreferrer noopener\"><strong>PIBC &#8211; Planning Institute of British Columbia (Institut de planification de la Colombie-Britannique)<\/strong><\/a><\/p>\n<\/div><\/div>\n<\/div>\n\n\n\n<div class=\"wp-block-column is-layout-flow wp-block-column-is-layout-flow\" style=\"flex-basis:33.3%\"><\/div>\n<\/div>\n<\/div><\/div>\n\n<div style=\"height:50px\" aria-hidden=\"true\" class=\"wp-block-spacer\"><\/div>\n\n<p>*Le CCIP<strong>est un prestataire de formation continue reconnu par l&#8217;OUQ<\/strong>. Pour plus d&#8217;informations sur les exigences en mati\u00e8re de formation professionnelle continue qui s&#8217;appliquent aux urbanistes du Qu\u00e9bec, veuillez consulter l&#8217;<a href=\"https:\/\/ouq.qc.ca\/\" target=\"_blank\" rel=\"noreferrer noopener\">Ordre des urbanistes du Qu\u00e9bec<\/a>.<\/p>\n\n<div style=\"height:60px\" aria-hidden=\"true\" class=\"wp-block-spacer\"><\/div>\n","protected":false},"excerpt":{"rendered":"<p>Enregistrez vos Unit\u00e9s CPL Le CIP travaille en collaboration avec les associations et instituts provinciaux et territoriaux (PTIA) afin de fournir une plateforme conviviale permettant&hellip;<\/p>\n","protected":false},"author":12,"featured_media":0,"parent":0,"menu_order":0,"comment_status":"closed","ping_status":"closed","template":"","meta":{"_acf_changed":false,"footnotes":""},"class_list":["post-22142","page","type-page","status-publish","hentry"],"acf":[],"_links":{"self":[{"href":"https:\/\/www.cip-icu.ca\/fr\/wp-json\/wp\/v2\/pages\/22142","targetHints":{"allow":["GET"]}}],"collection":[{"href":"https:\/\/www.cip-icu.ca\/fr\/wp-json\/wp\/v2\/pages"}],"about":[{"href":"https:\/\/www.cip-icu.ca\/fr\/wp-json\/wp\/v2\/types\/page"}],"author":[{"embeddable":true,"href":"https:\/\/www.cip-icu.ca\/fr\/wp-json\/wp\/v2\/users\/12"}],"replies":[{"embeddable":true,"href":"https:\/\/www.cip-icu.ca\/fr\/wp-json\/wp\/v2\/comments?post=22142"}],"version-history":[{"count":1,"href":"https:\/\/www.cip-icu.ca\/fr\/wp-json\/wp\/v2\/pages\/22142\/revisions"}],"predecessor-version":[{"id":22146,"href":"https:\/\/www.cip-icu.ca\/fr\/wp-json\/wp\/v2\/pages\/22142\/revisions\/22146"}],"wp:attachment":[{"href":"https:\/\/www.cip-icu.ca\/fr\/wp-json\/wp\/v2\/media?parent=22142"}],"curies":[{"name":"wp","href":"https:\/\/api.w.org\/{rel}","templated":true}]}}