{"id":22143,"date":"2023-09-18T12:47:47","date_gmt":"2023-09-18T16:47:47","guid":{"rendered":"https:\/\/www.cip-icu.ca\/cpl-hub\/"},"modified":"2026-04-09T12:59:18","modified_gmt":"2026-04-09T16:59:18","slug":"cpl-hub","status":"publish","type":"page","link":"https:\/\/www.cip-icu.ca\/fr\/cpl-hub\/","title":{"rendered":"CAP HUB"},"content":{"rendered":"\n<div style=\"height:140px\" aria-hidden=\"true\" class=\"wp-block-spacer\"><\/div>\n\n\n\n<div class=\"wp-block-columns is-layout-flex wp-container-core-columns-is-layout-9d6595d7 wp-block-columns-is-layout-flex\">\n<div class=\"wp-block-column is-layout-flow wp-block-column-is-layout-flow\" style=\"flex-basis:60%\">\n<h3 class=\"wp-block-heading line-heading-full\">CAP HUB<\/h3>\n\n\n\n<h1 class=\"wp-block-heading\">D\u00e9veloppez vos <strong><mark style=\"background-color:rgba(0, 0, 0, 0)\" class=\"has-inline-color has-accent-color\">comp\u00e9tences professionnelles<\/mark> <\/strong><\/h1>\n\n\n\n<p class=\"lede\">Le CAP HUB est accessible \u00e0 tous les membres de l&#8217;ICU, \u00e0 la demande, sans frais suppl\u00e9mentaires. Ce site centralis\u00e9 comprend des webinaires enregistr\u00e9s et des pr\u00e9sentations de conf\u00e9rences, des ressources et des documents. Organis\u00e9 par th\u00e8me, le CAP HUB est id\u00e9al pour acc\u00e9der au contenu gratuit de l&#8217;apprentissage professionnel continu (FPC) et trouver les meilleures pratiques en mati\u00e8re de planification dans tout le pays.<\/p>\n\n\n\n<div class=\"wp-block-buttons is-layout-flex wp-block-buttons-is-layout-flex\">\n<div class=\"wp-block-button\"><a class=\"wp-block-button__link wp-element-button\" href=\"https:\/\/www.cip-icu.ca\/fr\/connexion-des-membres\/\"><strong>CAP HUB Se connecter<\/strong><\/a><\/div>\n<\/div>\n<\/div>\n\n\n\n<div class=\"wp-block-column is-layout-flow wp-block-column-is-layout-flow\" style=\"flex-basis:33.33%\">\n<div style=\"height:50px\" aria-hidden=\"true\" class=\"wp-block-spacer\"><\/div>\n\n\n\n<figure class=\"wp-block-image size-full\"><img loading=\"lazy\" decoding=\"async\" width=\"960\" height=\"500\" src=\"https:\/\/www.cip-icu.ca\/wp-content\/uploads\/2023\/10\/CPL-HUB.png\" alt=\"\" class=\"wp-image-17616\" srcset=\"https:\/\/www.cip-icu.ca\/wp-content\/uploads\/2023\/10\/CPL-HUB.png 960w, https:\/\/www.cip-icu.ca\/wp-content\/uploads\/2023\/10\/CPL-HUB-636x331.png 636w, https:\/\/www.cip-icu.ca\/wp-content\/uploads\/2023\/10\/CPL-HUB-768x400.png 768w\" sizes=\"auto, (max-width: 960px) 100vw, 960px\" \/><\/figure>\n<\/div>\n<\/div>\n\n\n\n<div style=\"height:90px\" aria-hidden=\"true\" class=\"wp-block-spacer\"><\/div>\n\n\n\n<h2 class=\"wp-block-heading\">Autres possibilit\u00e9s d&#8217;apprentissage<\/h2>\n\n\n\n<p>L&#8217;ICU offre de multiples ressources et opportunit\u00e9s d&#8217;apprentissage aux urbanistes afin qu&#8217;ils puissent am\u00e9liorer leurs connaissances professionnelles et r\u00e9pondre \u00e0 leurs exigences annuelles en mati\u00e8re de FPC. Voici quelques-unes des fa\u00e7ons dont l&#8217;ICU encourage votre croissance professionnelle continue :<\/p>\n\n\n\n<div style=\"height:20px\" aria-hidden=\"true\" class=\"wp-block-spacer\"><\/div>\n\n\n\n<div class=\"wp-block-columns is-layout-flex wp-container-core-columns-is-layout-9d6595d7 wp-block-columns-is-layout-flex\">\n<div class=\"wp-block-column is-layout-flow wp-block-column-is-layout-flow\" style=\"flex-basis:33.3%\">\n<figure class=\"wp-block-image size-full\"><img decoding=\"async\" src=\"https:\/\/www.cip-icu.ca\/wp-content\/uploads\/2026\/04\/Conference-Stock-Photo.png\" alt=\"\" class=\"wp-image-44245\"\/><\/figure>\n\n\n\n<a href=\"https:\/\/site.pheedloop.com\/event\/fusion2026\/home\/\" target=\"_blank\" rel=\"noreferrer noopener\"><strong>Conf\u00e9rence nationale de l&#8217;ICU<\/strong><\/a><\/p>\n<\/div>\n\n\n\n<div class=\"wp-block-column is-layout-flow wp-block-column-is-layout-flow\" style=\"flex-basis:33.3%\">\n<figure class=\"wp-block-image size-full\"><a href=\"https:\/\/www.cip-icu.ca\/fr\/plan-canada\/\"><img loading=\"lazy\" decoding=\"async\" width=\"900\" height=\"600\" src=\"https:\/\/www.cip-icu.ca\/wp-content\/uploads\/2023\/11\/Plan-Canada-CPL-HUB.png\" alt=\"\" class=\"wp-image-20347\" srcset=\"https:\/\/www.cip-icu.ca\/wp-content\/uploads\/2023\/11\/Plan-Canada-CPL-HUB.png 900w, https:\/\/www.cip-icu.ca\/wp-content\/uploads\/2023\/11\/Plan-Canada-CPL-HUB-636x424.png 636w, https:\/\/www.cip-icu.ca\/wp-content\/uploads\/2023\/11\/Plan-Canada-CPL-HUB-768x512.png 768w, https:\/\/www.cip-icu.ca\/wp-content\/uploads\/2023\/11\/Plan-Canada-CPL-HUB-720x480.png 720w\" sizes=\"auto, (max-width: 900px) 100vw, 900px\" \/><\/a><\/figure>\n\n\n\n<p><a href=\"https:\/\/www.cip-icu.ca\/fr\/plan-canada\/\" data-type=\"page\" data-id=\"16339\"><strong>Magazine <em>Plan Canada<\/em> <\/strong><\/a>\n<\/div>\n\n\n\n<div class=\"wp-block-column is-layout-flow wp-block-column-is-layout-flow\" style=\"flex-basis:33.3%\">\n<figure class=\"wp-block-image size-full\"><a href=\"https:\/\/www.cip-icu.ca\/fr\/bibliotheque-de-ressources\/\"><img loading=\"lazy\" decoding=\"async\" width=\"900\" height=\"600\" src=\"https:\/\/www.cip-icu.ca\/wp-content\/uploads\/2023\/11\/CIP-Resource-Library.png\" alt=\"\" class=\"wp-image-20367\" srcset=\"https:\/\/www.cip-icu.ca\/wp-content\/uploads\/2023\/11\/CIP-Resource-Library.png 900w, https:\/\/www.cip-icu.ca\/wp-content\/uploads\/2023\/11\/CIP-Resource-Library-636x424.png 636w, https:\/\/www.cip-icu.ca\/wp-content\/uploads\/2023\/11\/CIP-Resource-Library-768x512.png 768w, https:\/\/www.cip-icu.ca\/wp-content\/uploads\/2023\/11\/CIP-Resource-Library-720x480.png 720w\" sizes=\"auto, (max-width: 900px) 100vw, 900px\" \/><\/a><\/figure>\n\n\n\n<a href=\"https:\/\/www.cip-icu.ca\/fr\/bibliotheque-de-ressources\/\" data-type=\"page\" data-id=\"16341\"><strong>Biblioth\u00e8que de ressources<\/strong><\/a><\/p>\n<\/div>\n<\/div>\n\n\n\n<div class=\"wp-block-columns is-layout-flex wp-container-core-columns-is-layout-9d6595d7 wp-block-columns-is-layout-flex\">\n<div class=\"wp-block-column is-layout-flow wp-block-column-is-layout-flow\" style=\"flex-basis:33.3%\">\n<figure class=\"wp-block-image size-full\"><a href=\"https:\/\/ojs.library.queensu.ca\/index.php\/cpp\" target=\"_blank\" rel=\"noreferrer noopener\"><img loading=\"lazy\" decoding=\"async\" width=\"900\" height=\"600\" src=\"https:\/\/www.cip-icu.ca\/wp-content\/uploads\/2023\/11\/CPP-CPL-HUB.png\" alt=\"\" class=\"wp-image-20348\" srcset=\"https:\/\/www.cip-icu.ca\/wp-content\/uploads\/2023\/11\/CPP-CPL-HUB.png 900w, https:\/\/www.cip-icu.ca\/wp-content\/uploads\/2023\/11\/CPP-CPL-HUB-636x424.png 636w, https:\/\/www.cip-icu.ca\/wp-content\/uploads\/2023\/11\/CPP-CPL-HUB-768x512.png 768w, https:\/\/www.cip-icu.ca\/wp-content\/uploads\/2023\/11\/CPP-CPL-HUB-720x480.png 720w\" sizes=\"auto, (max-width: 900px) 100vw, 900px\" \/><\/a><\/figure>\n\n\n\n<p><a href=\"https:\/\/ojs.library.queensu.ca\/index.php\/cpp\" data-type=\"link\" data-id=\"https:\/\/ojs.library.queensu.ca\/index.php\/cpp\" target=\"_blank\" rel=\"noreferrer noopener\"><strong>Revue am\u00e9nagement et politique au Canada<\/strong><\/a>\n<\/div>\n\n\n\n<div class=\"wp-block-column is-layout-flow wp-block-column-is-layout-flow\" style=\"flex-basis:33.3%\">\n<figure class=\"wp-block-image size-full\"><a href=\"https:\/\/members.cip-icu.ca\/mpower\/event\/landing.action?id=26\" target=\"_blank\" rel=\"noreferrer noopener\"><img loading=\"lazy\" decoding=\"async\" width=\"900\" height=\"600\" src=\"https:\/\/www.cip-icu.ca\/wp-content\/uploads\/2023\/11\/The-Path-CPL-HUB-2.png\" alt=\"\" class=\"wp-image-20355\" srcset=\"https:\/\/www.cip-icu.ca\/wp-content\/uploads\/2023\/11\/The-Path-CPL-HUB-2.png 900w, https:\/\/www.cip-icu.ca\/wp-content\/uploads\/2023\/11\/The-Path-CPL-HUB-2-636x424.png 636w, https:\/\/www.cip-icu.ca\/wp-content\/uploads\/2023\/11\/The-Path-CPL-HUB-2-768x512.png 768w, https:\/\/www.cip-icu.ca\/wp-content\/uploads\/2023\/11\/The-Path-CPL-HUB-2-720x480.png 720w\" sizes=\"auto, (max-width: 900px) 100vw, 900px\" \/><\/a><\/figure>\n\n\n\n<a href=\"https:\/\/members.cip-icu.ca\/mpower\/event\/landing.action?id=26\" target=\"_blank\" rel=\"noreferrer noopener\"><strong>Le Parcours : votre voyage au sein du Canada autochtone<\/strong><\/a><\/p>\n<\/div>\n\n\n\n<div class=\"wp-block-column is-layout-flow wp-block-column-is-layout-flow\" style=\"flex-basis:33.3%\">\n<figure class=\"wp-block-image size-full\"><a href=\"https:\/\/climateriskinstitute.ca\/climate-change-impacts-and-adaptation-training-program-for-professional-planners\/\" target=\"_blank\" rel=\"noreferrer noopener\"><img loading=\"lazy\" decoding=\"async\" width=\"900\" height=\"600\" src=\"https:\/\/www.cip-icu.ca\/wp-content\/uploads\/2023\/11\/Climate-Risk-CPL-HUB-1.png\" alt=\"\" class=\"wp-image-20362\" srcset=\"https:\/\/www.cip-icu.ca\/wp-content\/uploads\/2023\/11\/Climate-Risk-CPL-HUB-1.png 900w, https:\/\/www.cip-icu.ca\/wp-content\/uploads\/2023\/11\/Climate-Risk-CPL-HUB-1-636x424.png 636w, https:\/\/www.cip-icu.ca\/wp-content\/uploads\/2023\/11\/Climate-Risk-CPL-HUB-1-768x512.png 768w, https:\/\/www.cip-icu.ca\/wp-content\/uploads\/2023\/11\/Climate-Risk-CPL-HUB-1-720x480.png 720w\" sizes=\"auto, (max-width: 900px) 100vw, 900px\" \/><\/a><\/figure>\n\n\n\n<p><a href=\"https:\/\/climateriskinstitute.ca\/climate-change-impacts-and-adaptation-training-program-for-professional-planners\/\" target=\"_blank\" rel=\"noreferrer noopener\"><strong>Cours de planification de l&#8217;Institut des risques climatiques<\/strong><\/a>\n<\/div>\n<\/div>\n\n\n\n<div class=\"wp-block-columns is-layout-flex wp-container-core-columns-is-layout-9d6595d7 wp-block-columns-is-layout-flex\">\n<div class=\"wp-block-column is-layout-flow wp-block-column-is-layout-flow\" style=\"flex-basis:33.3%\"><\/div>\n\n\n\n<div class=\"wp-block-column is-layout-flow wp-block-column-is-layout-flow\" style=\"flex-basis:33.3%\">\n\n<\/div>\n\n\n\n<div class=\"wp-block-column is-layout-flow wp-block-column-is-layout-flow\" style=\"flex-basis:33.3%\">\n\n<\/div>\n<\/div>\n\n\n\n<div style=\"height:47px\" aria-hidden=\"true\" class=\"wp-block-spacer\"><\/div>\n\n\n\n<div class=\"wp-block-group lgpadding has-green-1-10-opacity-background-color has-background\"><div class=\"wp-block-group__inner-container is-layout-constrained wp-block-group-is-layout-constrained\">\n<h2 class=\"wp-block-heading has-text-align-center\">Rapporter votre formation professionnelle continue<\/h2>\n\n\n\n<p class=\"has-text-align-center\">L&#8217;ICU travaille en collaboration avec chacun des <a href=\"https:\/\/www.cip-icu.ca\/professional-territorial-institutes-associations-ptias\/\" data-type=\"page\" data-id=\"16383\">instituts et associations provinciaux et territoriaux<\/a> (IAPT) afin de fournir une plateforme conviviale permettant aux planificateurs d\u2019enregistrer leurs exigences annuelles en mati\u00e8re de formation professionnelle continue (FPC).<\/p>\n\n\n\n<div style=\"height:45px\" aria-hidden=\"true\" class=\"wp-block-spacer\"><\/div>\n\n\n\n<div class=\"wp-block-buttons is-content-justification-center is-layout-flex wp-container-core-buttons-is-layout-16018d1d wp-block-buttons-is-layout-flex\">\n<div class=\"wp-block-button is-style-outline is-style-outline--1\"><a class=\"wp-block-button__link wp-element-button\" href=\"https:\/\/www.cip-icu.ca\/fr\/enregistrez-votre-cpl\/\"><strong>Signalez vos unit\u00e9s CPL<\/strong><\/a><\/div>\n<\/div>\n<\/div><\/div>\n\n\n\n<div style=\"height:100px\" aria-hidden=\"true\" class=\"wp-block-spacer\"><\/div>\n","protected":false},"excerpt":{"rendered":"<p>Le CAP HUB est accessible \u00e0 tous les membres de l&#8217;ICU, \u00e0 la demande, sans frais suppl\u00e9mentaires. Ce site centralis\u00e9 comprend des webinaires enregistr\u00e9s et&hellip;<\/p>\n","protected":false},"author":12,"featured_media":0,"parent":0,"menu_order":0,"comment_status":"closed","ping_status":"closed","template":"","meta":{"_acf_changed":false,"footnotes":""},"class_list":["post-22143","page","type-page","status-publish","hentry"],"acf":[],"_links":{"self":[{"href":"https:\/\/www.cip-icu.ca\/fr\/wp-json\/wp\/v2\/pages\/22143","targetHints":{"allow":["GET"]}}],"collection":[{"href":"https:\/\/www.cip-icu.ca\/fr\/wp-json\/wp\/v2\/pages"}],"about":[{"href":"https:\/\/www.cip-icu.ca\/fr\/wp-json\/wp\/v2\/types\/page"}],"author":[{"embeddable":true,"href":"https:\/\/www.cip-icu.ca\/fr\/wp-json\/wp\/v2\/users\/12"}],"replies":[{"embeddable":true,"href":"https:\/\/www.cip-icu.ca\/fr\/wp-json\/wp\/v2\/comments?post=22143"}],"version-history":[{"count":8,"href":"https:\/\/www.cip-icu.ca\/fr\/wp-json\/wp\/v2\/pages\/22143\/revisions"}],"predecessor-version":[{"id":44252,"href":"https:\/\/www.cip-icu.ca\/fr\/wp-json\/wp\/v2\/pages\/22143\/revisions\/44252"}],"wp:attachment":[{"href":"https:\/\/www.cip-icu.ca\/fr\/wp-json\/wp\/v2\/media?parent=22143"}],"curies":[{"name":"wp","href":"https:\/\/api.w.org\/{rel}","templated":true}]}}