{"id":22147,"date":"2023-09-18T12:48:08","date_gmt":"2023-09-18T16:48:08","guid":{"rendered":"https:\/\/www.cip-icu.ca\/conference-nationale\/"},"modified":"2026-04-01T11:17:49","modified_gmt":"2026-04-01T15:17:49","slug":"conference-nationale","status":"publish","type":"page","link":"https:\/\/www.cip-icu.ca\/fr\/conference-nationale\/","title":{"rendered":"Conf\u00e9rence nationale"},"content":{"rendered":"\n<div style=\"height:140px\" aria-hidden=\"true\" class=\"wp-block-spacer\"><\/div>\n\n\n\n<div class=\"wp-block-columns is-layout-flex wp-container-core-columns-is-layout-9d6595d7 wp-block-columns-is-layout-flex\">\n<div class=\"wp-block-column is-layout-flow wp-block-column-is-layout-flow\" style=\"flex-basis:60%\">\n<h3 class=\"wp-block-heading line-heading-full\">Conf\u00e9rence nationale<\/h3>\n\n\n\n<h1 class=\"wp-block-heading\">L\u2019<strong><mark style=\"background-color:rgba(0, 0, 0, 0)\" class=\"has-inline-color has-accent-color\">\u00e9v\u00e9nement <\/mark><\/strong>le plus anticip\u00e9 de l\u2019ann\u00e9e<\/h1>\n\n\n\n<p class=\"has-regular-font-size\" class=\"lede\">La conf\u00e9rence nationale annuelle de l&#8217;ICU combine l\u2019\u00e9ducation et la recherche en planification professionnelle, des ateliers exp\u00e9rientiels, du r\u00e9seautage, du d\u00e9veloppement de carri\u00e8re et du <em>divertissement <\/em>pendant trois jours.<\/p>\n<\/div>\n\n\n\n<div class=\"wp-block-column is-layout-flow wp-block-column-is-layout-flow\" style=\"flex-basis:33.33%\"><\/div>\n<\/div>\n\n\n\n<div style=\"height:37px\" aria-hidden=\"true\" class=\"wp-block-spacer hide-mobile\"><\/div>\n\n\n\n<div class=\"wp-block-columns is-layout-flex wp-container-core-columns-is-layout-9d6595d7 wp-block-columns-is-layout-flex\">\n<div class=\"wp-block-column is-layout-flow wp-block-column-is-layout-flow\">\n<ul class=\"wp-block-list icon-list\">\n<li class=\"has-large-font-size\">Plus de 1000 participants en personne et en ligne <\/li>\n<\/ul>\n<\/div>\n\n\n\n<div class=\"wp-block-column is-layout-flow wp-block-column-is-layout-flow\">\n<ul class=\"wp-block-list icon-list\">\n<li class=\"has-large-font-size\">Programme sp\u00e9cial pour les nouveaux participants et les \u00e9tudiants<\/li>\n<\/ul>\n<\/div>\n\n\n\n<div class=\"wp-block-column is-layout-flow wp-block-column-is-layout-flow\">\n<ul class=\"wp-block-list icon-list\">\n<li class=\"has-large-font-size\">Eligible pour des unit\u00e9s de formation professionnelle continue (FPC) pour toutes les sessions suivies<\/li>\n<\/ul>\n<\/div>\n<\/div>\n\n\n\n<div style=\"height:55px\" aria-hidden=\"true\" class=\"wp-block-spacer\"><\/div>\n\n\n\n<div class=\"wp-block-columns is-layout-flex wp-container-core-columns-is-layout-9d6595d7 wp-block-columns-is-layout-flex\">\n<div class=\"wp-block-column is-layout-flow wp-block-column-is-layout-flow\">\n<h2 class=\"wp-block-heading has-text-align-center\"><strong>Conf\u00e9rence \u00e0 venir<\/strong><\/h2>\n\n\n<div class=\"wp-block-image\">\n<figure class=\"aligncenter size-full is-resized\"><a href=\"https:\/\/site.pheedloop.com\/event\/fusion2026\/home\/\"><img loading=\"lazy\" decoding=\"async\" width=\"2560\" height=\"1067\" src=\"https:\/\/www.cip-icu.ca\/wp-content\/uploads\/2025\/07\/FUSION-V3-4-scaled.png\" alt=\"\" class=\"wp-image-37551\" style=\"width:420px;height:auto\" srcset=\"https:\/\/www.cip-icu.ca\/wp-content\/uploads\/2025\/07\/FUSION-V3-4-scaled.png 2560w, https:\/\/www.cip-icu.ca\/wp-content\/uploads\/2025\/07\/FUSION-V3-4-636x265.png 636w, https:\/\/www.cip-icu.ca\/wp-content\/uploads\/2025\/07\/FUSION-V3-4-1296x540.png 1296w, https:\/\/www.cip-icu.ca\/wp-content\/uploads\/2025\/07\/FUSION-V3-4-768x320.png 768w, https:\/\/www.cip-icu.ca\/wp-content\/uploads\/2025\/07\/FUSION-V3-4-1536x640.png 1536w, https:\/\/www.cip-icu.ca\/wp-content\/uploads\/2025\/07\/FUSION-V3-4-2048x853.png 2048w, https:\/\/www.cip-icu.ca\/wp-content\/uploads\/2025\/07\/FUSION-V3-4-600x250.png 600w\" sizes=\"auto, (max-width: 2560px) 100vw, 2560px\" \/><\/a><\/figure>\n<\/div>\n\n\n<p class=\"has-text-align-left\">L\u2019ICU et l\u2019<strong><a href=\"http:\/\/www.ouq.qc.ca\/\" target=\"_blank\" rel=\"noreferrer noopener\">Ordre des urbanistes du Qu\u00e9bec<\/a><\/strong> (OUQ) accueilleront \u00ab FUSION \u00bb \u00e0 Montr\u00e9al, Qu\u00e9bec, du <strong>7 au 9 juillet 2026.<\/strong><\/p>\n\n\n\n<div style=\"height:17px\" aria-hidden=\"true\" class=\"wp-block-spacer\"><\/div>\n\n\n\n<p><strong>Les inscriptions en personne sont compl\u00e8tes \u00e0 75 % !<\/strong><\/p>\n\n\n\n<p>Le congr\u00e8s national de cette ann\u00e9e est le lieu id\u00e9al pour remplir vos exigences annuelles en mati\u00e8re de formation professionnelle continue (FPC).<\/p>\n\n\n\n<p>La programmation du congr\u00e8s\u00a0en pr\u00e9sentiel comprend trois conf\u00e9rences principales, ainsi que des conf\u00e9rences parall\u00e8les, des activit\u00e9s de r\u00e9seautage et des \u00e9v\u00e8nements sociaux, une salle d&#8217;exposition dynamique et des ateliers pratiques et des visites p\u00e9dagogiques facultatifs.<\/p>\n\n\n\n<p><a href=\"https:\/\/site.pheedloop.com\/event\/fusion2026\/register#category\" target=\"_blank\" rel=\"noreferrer noopener\">Inscrivez-vous<\/a>&nbsp;commencez \u00e0 \u00e9laborer votre programme de congr\u00e8s pour \u00e9viter toute d\u00e9ception !<\/p>\n\n\n\n<div style=\"height:10px\" aria-hidden=\"true\" class=\"wp-block-spacer\"><\/div>\n\n\n\n<div class=\"wp-block-buttons is-layout-flex wp-block-buttons-is-layout-flex\">\n<div class=\"wp-block-button\"><a class=\"wp-block-button__link wp-element-button\" href=\"https:\/\/site.pheedloop.com\/event\/fusion2026\/register#category\" target=\"_blank\" rel=\"noreferrer noopener\">S&#8217;inscrire<\/a><\/div>\n<\/div>\n\n\n\n<div style=\"height:40px\" aria-hidden=\"true\" class=\"wp-block-spacer\"><\/div>\n\n\n\n<p><strong>Partenaire avec l&#8217;ICU\/OUQ<\/strong><\/p>\n\n\n\n<p>Si vous ou votre organisation souhaitez vous associer \u00e0 l\u2019ICU\/OUQ pour soutenir FUSION 2026, veuillez consulter les opportunit\u00e9s de partenariat disponibles ci-dessous ou <a href=\"mailto:development@cip-icu.ca\">nous contacter<\/a> pour discuter d\u2019un forfait personnalis\u00e9 adapt\u00e9 \u00e0 vos objectifs.<\/p>\n\n\n\n<div style=\"height:21px\" aria-hidden=\"true\" class=\"wp-block-spacer\"><\/div>\n\n\n\n<div class=\"wp-block-buttons is-layout-flex wp-block-buttons-is-layout-flex\">\n<div class=\"wp-block-button is-style-outline is-style-outline--1\"><a class=\"wp-block-button__link wp-element-button\" href=\"https:\/\/www.cip-icu.ca\/fr\/conference-nationale\/possibilites-de-partenariat-de-fusion-2026\/\">Possibilit\u00e9s de partenariat<\/a><\/div>\n<\/div>\n<\/div>\n\n\n\n<div class=\"wp-block-column is-layout-flow wp-block-column-is-layout-flow\">\n<h2 class=\"wp-block-heading has-text-align-center\"><strong>Conf\u00e9rences pr\u00e9c\u00e9dentes<\/strong><\/h2>\n\n\n<div class=\"wp-block-image\">\n<figure class=\"aligncenter size-large is-resized\"><img loading=\"lazy\" decoding=\"async\" width=\"1296\" height=\"595\" src=\"https:\/\/www.cip-icu.ca\/wp-content\/uploads\/2024\/07\/2025ActionLogo-1296x595.png\" alt=\"\" class=\"wp-image-29075\" style=\"width:430px;height:auto\" srcset=\"https:\/\/www.cip-icu.ca\/wp-content\/uploads\/2024\/07\/2025ActionLogo-1296x595.png 1296w, https:\/\/www.cip-icu.ca\/wp-content\/uploads\/2024\/07\/2025ActionLogo-636x292.png 636w, https:\/\/www.cip-icu.ca\/wp-content\/uploads\/2024\/07\/2025ActionLogo-768x353.png 768w, https:\/\/www.cip-icu.ca\/wp-content\/uploads\/2024\/07\/2025ActionLogo-1536x706.png 1536w, https:\/\/www.cip-icu.ca\/wp-content\/uploads\/2024\/07\/2025ActionLogo.png 1811w\" sizes=\"auto, (max-width: 1296px) 100vw, 1296px\" \/><\/figure>\n<\/div>\n\n<div class=\"wp-block-image\">\n<figure class=\"aligncenter size-full is-resized\"><img loading=\"lazy\" decoding=\"async\" width=\"353\" height=\"350\" src=\"https:\/\/www.cip-icu.ca\/wp-content\/uploads\/2023\/09\/image11.png\" alt=\"\" class=\"wp-image-16852\" style=\"width:303px;height:auto\" srcset=\"https:\/\/www.cip-icu.ca\/wp-content\/uploads\/2023\/09\/image11.png 353w, https:\/\/www.cip-icu.ca\/wp-content\/uploads\/2023\/09\/image11-160x160.png 160w\" sizes=\"auto, (max-width: 353px) 100vw, 353px\" \/><\/figure>\n<\/div>\n\n<div class=\"wp-block-image\">\n<figure class=\"aligncenter size-large is-resized\"><img loading=\"lazy\" decoding=\"async\" width=\"1296\" height=\"478\" src=\"https:\/\/www.cip-icu.ca\/wp-content\/uploads\/2023\/11\/2023-Navigation-Hybrid-Logo_EN_color_finalize-1296x478.png\" alt=\"\" class=\"wp-image-18737\" style=\"width:474px;height:auto\" srcset=\"https:\/\/www.cip-icu.ca\/wp-content\/uploads\/2023\/11\/2023-Navigation-Hybrid-Logo_EN_color_finalize-1296x478.png 1296w, https:\/\/www.cip-icu.ca\/wp-content\/uploads\/2023\/11\/2023-Navigation-Hybrid-Logo_EN_color_finalize-636x234.png 636w, https:\/\/www.cip-icu.ca\/wp-content\/uploads\/2023\/11\/2023-Navigation-Hybrid-Logo_EN_color_finalize-768x283.png 768w, https:\/\/www.cip-icu.ca\/wp-content\/uploads\/2023\/11\/2023-Navigation-Hybrid-Logo_EN_color_finalize-1536x566.png 1536w, https:\/\/www.cip-icu.ca\/wp-content\/uploads\/2023\/11\/2023-Navigation-Hybrid-Logo_EN_color_finalize-2048x755.png 2048w\" sizes=\"auto, (max-width: 1296px) 100vw, 1296px\" \/><\/figure>\n<\/div>\n\n\n<p class=\"has-text-align-center\">Les \u00e9v\u00e9nements pr\u00e9c\u00e9dents ont eu lieu dans tout le pays. Nos th\u00e8mes pass\u00e9s ont refl\u00e9t\u00e9 les grandes id\u00e9es et les conversations opportunes qui affectent les planificateurs et les communaut\u00e9s dans lesquelles ils vivent et travaillent.<\/p>\n\n\n\n<div style=\"height:30px\" aria-hidden=\"true\" class=\"wp-block-spacer\"><\/div>\n\n\n\n<div class=\"wp-block-buttons is-content-justification-center is-layout-flex wp-container-core-buttons-is-layout-16018d1d wp-block-buttons-is-layout-flex\">\n<div class=\"wp-block-button\"><a class=\"wp-block-button__link wp-element-button\" href=\"https:\/\/www.cip-icu.ca\/fr\/conferences-precedentes\/\"><strong>D\u00e9couvrez les conf\u00e9rences pass\u00e9es<\/strong><\/a><\/div>\n<\/div>\n<\/div>\n<\/div>\n\n\n\n<div style=\"height:60px\" aria-hidden=\"true\" class=\"wp-block-spacer\"><\/div>\n\n\n\n<div class=\"wp-block-group mdpadding has-white-color has-accent-background-color has-text-color has-background\"><div class=\"wp-block-group__inner-container is-layout-constrained wp-block-group-is-layout-constrained\">\n<h2 class=\"wp-block-heading\"><strong>Fonds d&#8217;inclusion<\/strong><\/h2>\n\n\n\n<p>Afin de soutenir la priorit\u00e9 de notre plan strat\u00e9gique visant une <em>planification plus \u00e9quitable, Ensemble<\/em>, l&#8217;ICU a cr\u00e9\u00e9 un fonds pour aider \u00e0 inclure davantage de personnes qui, autrement, n\u2019auraient pas la possibilit\u00e9 d\u2019assister \u00e0 une conf\u00e9rence nationale de l&#8217;ICU. <\/p>\n\n\n\n<p><mark style=\"background-color:rgba(0, 0, 0, 0)\" class=\"has-inline-color has-white-color\">Le&nbsp;<a href=\"https:\/\/site.pheedloop.com\/event\/fusion2026\/inclusion-fund\" target=\"_blank\" rel=\"noreferrer noopener\">Fonds d&#8217;inclusion<\/a>&nbsp;offre actuellement plusieurs inscriptions gratuites, en pr\u00e9sentiel et en ligne, aux candidats admissibles s\u00e9lectionn\u00e9s pour&nbsp;<a href=\"https:\/\/site.pheedloop.com\/event\/fusion2026\/home\/\" target=\"_blank\" rel=\"noreferrer noopener\">FUSION<\/a>.&nbsp;&nbsp;Merci \u00e0 notre partenaire&nbsp;<a href=\"https:\/\/www.urbanstrategies.com\/\" target=\"_blank\" rel=\"noreferrer noopener\">Urban Strategies Inc.<\/a>&nbsp;pour son soutien \u00e0 cette initiative.<\/mark><\/p>\n\n\n\n<p><mark style=\"background-color:rgba(0, 0, 0, 0)\" class=\"has-inline-color has-white-color\">L\u2019adh\u00e9sion \u00e0 l\u2019ICU ou l\u2019<a href=\"https:\/\/ouq.qc.ca\/\" target=\"_blank\" rel=\"noreferrer noopener\">OUQ<\/a>&nbsp;n\u2019est pas requise.<\/mark><\/p>\n\n\n\n<p><strong>Les candidatures sont d\u00e9sormais closes<\/strong><\/p>\n<\/div><\/div>\n\n\n\n<div class=\"wp-block-columns is-layout-flex wp-container-core-columns-is-layout-9d6595d7 wp-block-columns-is-layout-flex\">\n<div class=\"wp-block-column is-layout-flow wp-block-column-is-layout-flow\" style=\"flex-basis:25%\"><\/div>\n\n\n\n<div class=\"wp-block-column is-layout-flow wp-block-column-is-layout-flow\" style=\"flex-basis:65%\"><\/div>\n\n\n\n<div class=\"wp-block-column is-layout-flow wp-block-column-is-layout-flow\" style=\"flex-basis:25%\"><\/div>\n<\/div>\n\n\n\n<div style=\"height:100px\" aria-hidden=\"true\" class=\"wp-block-spacer\"><\/div>\n","protected":false},"excerpt":{"rendered":"<p>La conf\u00e9rence nationale annuelle de l&#8217;ICU combine l\u2019\u00e9ducation et la recherche en planification professionnelle, des ateliers exp\u00e9rientiels, du r\u00e9seautage, du d\u00e9veloppement de carri\u00e8re et du&hellip;<\/p>\n","protected":false},"author":12,"featured_media":0,"parent":0,"menu_order":0,"comment_status":"closed","ping_status":"closed","template":"","meta":{"_acf_changed":false,"footnotes":""},"class_list":["post-22147","page","type-page","status-publish","hentry"],"acf":[],"_links":{"self":[{"href":"https:\/\/www.cip-icu.ca\/fr\/wp-json\/wp\/v2\/pages\/22147","targetHints":{"allow":["GET"]}}],"collection":[{"href":"https:\/\/www.cip-icu.ca\/fr\/wp-json\/wp\/v2\/pages"}],"about":[{"href":"https:\/\/www.cip-icu.ca\/fr\/wp-json\/wp\/v2\/types\/page"}],"author":[{"embeddable":true,"href":"https:\/\/www.cip-icu.ca\/fr\/wp-json\/wp\/v2\/users\/12"}],"replies":[{"embeddable":true,"href":"https:\/\/www.cip-icu.ca\/fr\/wp-json\/wp\/v2\/comments?post=22147"}],"version-history":[{"count":61,"href":"https:\/\/www.cip-icu.ca\/fr\/wp-json\/wp\/v2\/pages\/22147\/revisions"}],"predecessor-version":[{"id":44122,"href":"https:\/\/www.cip-icu.ca\/fr\/wp-json\/wp\/v2\/pages\/22147\/revisions\/44122"}],"wp:attachment":[{"href":"https:\/\/www.cip-icu.ca\/fr\/wp-json\/wp\/v2\/media?parent=22147"}],"curies":[{"name":"wp","href":"https:\/\/api.w.org\/{rel}","templated":true}]}}