{"id":22148,"date":"2023-09-18T12:46:07","date_gmt":"2023-09-18T16:46:07","guid":{"rendered":"https:\/\/www.cip-icu.ca\/distinctions-et-prix\/"},"modified":"2026-01-28T09:33:02","modified_gmt":"2026-01-28T14:33:02","slug":"distinctions-et-prix","status":"publish","type":"page","link":"https:\/\/www.cip-icu.ca\/fr\/distinctions-et-prix\/","title":{"rendered":"Honneurs et prix"},"content":{"rendered":"\n<div style=\"height:140px\" aria-hidden=\"true\" class=\"wp-block-spacer\"><\/div>\n\n\n\n<div class=\"wp-block-columns is-layout-flex wp-container-core-columns-is-layout-9d6595d7 wp-block-columns-is-layout-flex\">\n<div class=\"wp-block-column is-layout-flow wp-block-column-is-layout-flow\" style=\"flex-basis:60%\">\n<h3 class=\"wp-block-heading line-heading-full\">Honneurs et prix<\/h3>\n\n\n\n<h1 class=\"wp-block-heading\">Reconna\u00eetre <strong>\n  <mark style=\"background-color:rgba(0, 0, 0, 0)\" class=\"has-inline-color has-blue-2-color\">l&#8217;excellence en mati\u00e8re de urbanisme<\/mark>\n<\/strong> dans tout le Canada<\/h1>\n\n\n\n<p class=\"lede\">D\u00e9couvrez les prix d\u00e9cern\u00e9s par l&#8217;ICU qui r\u00e9compensent l&#8217;excellence en mati\u00e8re d&#8217;urbanisme \u00e0 travers le Canada. Ils mettent en lumi\u00e8re les r\u00e9alisations extraordinaires de collectivit\u00e9s, d&#8217;organisations et d&#8217;individus en mati\u00e8re de planification, \u00e0 tous les stades de leur carri\u00e8re. Ils sont \u00e0 la fois historiques et \u00e0 la pointe de la modernit\u00e9.<\/p>\n\n\n\n<p><strong>Nous acceptons d\u00e8s maintenant les candidatures pour notre programme de r\u00e9compenses et de titres honorifiques 2026. <\/strong><\/p>\n\n\n\n<p><strong>Date limite : 27 janvier 2026, 23h59 HP <\/strong><\/p>\n<\/div>\n\n\n\n<div class=\"wp-block-column is-layout-flow wp-block-column-is-layout-flow\" style=\"flex-basis:33.33%\"><\/div>\n<\/div>\n\n\n\n<div style=\"height:60px\" aria-hidden=\"true\" class=\"wp-block-spacer\"><\/div>\n\n\n\n<div class=\"wp-block-group\"><div class=\"wp-block-group__inner-container is-layout-constrained wp-block-group-is-layout-constrained\">\n<h2 class=\"wp-block-heading\">Prix<\/h2>\n\n\n\n<div class=\"wp-block-group smpadding has-gainsboro-background-color has-background\"><div class=\"wp-block-group__inner-container is-layout-constrained wp-block-group-is-layout-constrained\">\n<h3 class=\"wp-block-heading\"><strong>Prix canadiens<\/strong> <strong>\n  <strong>\n    <strong>d\u2019excellence en urbanisme<\/strong>\n  <\/strong>\n<\/strong><\/h3>\n\n\n\n<p>Depuis 1983, l\u2019ICU r\u00e9compense des projets d\u2019urbanisme exceptionnels pour leur excellence, leur innovation et leur impact sur la profession. Aujourd&#8217;hui, alors que nous entrons dans une nouvelle \u00e8re, nous avons repens\u00e9 notre programme de r\u00e9compenses afin de refl\u00e9ter l&#8217;\u00e9volution du contexte de l\u2019urbanisme. Au cours des 40 derni\u00e8res ann\u00e9es, le monde qui nous entoure s&#8217;est transform\u00e9, mais notre engagement in\u00e9branlable \u00e0 c\u00e9l\u00e9brer l&#8217;excellence en mati\u00e8re d&#8217;urbanisme demeure in\u00e9branlable. Les Prix canadiens d&#8217;excellence en urbanisme poursuivront cette tradition en r\u00e9compensant les projets qui font preuve d&#8217;innovation, qui ont un impact positif sur la profession, et qui d\u00e9montrent un potentiel de mise en \u0153uvre.<\/p>\n\n\n\n<p><strong>Les candidatures pour le r\u00e9sum\u00e9 du projet sont closes.<\/strong><\/p>\n\n\n\n<div style=\"height:20px\" aria-hidden=\"true\" class=\"wp-block-spacer\"><\/div>\n\n\n\n<div class=\"wp-block-buttons is-layout-flex wp-block-buttons-is-layout-flex\">\n<div class=\"wp-block-button is-style-fill\"><a class=\"wp-block-button__link wp-element-button\" href=\"https:\/\/www.cip-icu.ca\/fr\/distinctions-et-prix\/pceu\/\"><strong>Lire les lignes directrices pour les nominations<\/strong><\/a><\/div>\n\n\n\n<div class=\"wp-block-button is-style-fill\"><a class=\"wp-block-button__link wp-element-button\" href=\"https:\/\/www.cip-icu.ca\/fr\/distinctions-et-prix\/pceu\/les-laureats\/\"><strong>Rencontrez les laur\u00e9ats 2025<\/strong><\/a><\/div>\n\n\n\n<div class=\"wp-block-button is-style-fill\"><a class=\"wp-block-button__link wp-element-button\" href=\"https:\/\/www.cip-icu.ca\/fr\/distinctions-et-prix\/pceu\/prix-canadiens-dexcellence-en-urbanisme-2025-finalistes\/\"><strong>Rencontrez les finalistes 2025<\/strong><\/a><\/div>\n\n\n\n<div class=\"wp-block-button is-style-outline is-style-outline--1\"><a class=\"wp-block-button__link wp-element-button\" href=\"https:\/\/www.cip-icu.ca\/fr\/prix-dexcellence-en-matiere-de-planification\/\"><strong>En savoir plus sur les anciens laur\u00e9ats<\/strong><\/a><\/div>\n\n\n\n<div class=\"wp-block-button is-style-outline is-style-outline--2\"><a class=\"wp-block-button__link wp-element-button\" href=\"https:\/\/www.cip-icu.ca\/fr\/distinctions-et-prix\/pceu\/jury-du-prix-canadien-dexcellence-en-urbanisme\/\"><strong>Rencontrez le jury<\/strong> <strong>2025<\/strong><\/a><\/div>\n<\/div>\n<\/div><\/div>\n\n\n\n<div style=\"height:40px\" aria-hidden=\"true\" class=\"wp-block-spacer\"><\/div>\n\n\n\n<div class=\"wp-block-group smpadding has-gainsboro-background-color has-background\"><div class=\"wp-block-group__inner-container is-layout-constrained wp-block-group-is-layout-constrained\">\n<h3 class=\"wp-block-heading\" id=\"emerging\"><strong>Prix de l\u2019urbaniste \u00e9mergent <\/strong><\/h3>\n\n\n\n<p>Le prix de l&#8217;urbaniste \u00e9mergent de l&#8217;ICU (anciennement connu sous le nom de Prix du pr\u00e9sident : jeune planificateur) c\u00e9l\u00e8bre les dirigeants de demain. Il reconna\u00eet la r\u00e9ussite et les r\u00e9alisations professionnelles exceptionnelles &#8211; y compris le leadership et\/ou le service \u00e0 la profession &#8211; d&#8217;un urbaniste canadien au cours de ses dix premi\u00e8res ann\u00e9es d&#8217;exp\u00e9rience professionnelle en urbanisme.<\/p>\n\n\n\n<p><strong>Les candidatures sont ouvertes. Date limite : 27 janvier 2026, 23 h 59. HP <\/strong><\/p>\n\n\n\n<div style=\"height:20px\" aria-hidden=\"true\" class=\"wp-block-spacer\"><\/div>\n\n\n\n<div class=\"wp-block-buttons is-layout-flex wp-block-buttons-is-layout-flex\">\n<div class=\"wp-block-button is-style-fill\"><a class=\"wp-block-button__link wp-element-button\" href=\"https:\/\/canadianinstituteofplanners.submittable.com\/submit\/336726\/nominations-pour-le-prix-de-lurbaniste-emergent-de-licu\"><strong>Soumettez votre candidature<\/strong><\/a><\/div>\n\n\n\n<div class=\"wp-block-button\"><a class=\"wp-block-button__link wp-element-button\" href=\"https:\/\/www.cip-icu.ca\/fr\/distinctions-et-prix\/lignes-directrices-relatives-aux-mises-en-nomination-le-prix-de-lurbaniste-emergent\/\"><strong>Lire les lignes directrices pour les nominations<\/strong><\/a><\/div>\n\n\n\n<div class=\"wp-block-button is-style-outline is-style-outline--3\"><a class=\"wp-block-button__link wp-element-button\" href=\"https:\/\/www.cip-icu.ca\/fr\/prix-du-planificateur-emergent\/\"><strong>En savoir plus sur les anciens laur\u00e9ats<\/strong><\/a><\/div>\n<\/div>\n\n\n\n<div style=\"height:60px\" aria-hidden=\"true\" class=\"wp-block-spacer\"><\/div>\n<\/div><\/div>\n\n\n\n<div style=\"height:40px\" aria-hidden=\"true\" class=\"wp-block-spacer\"><\/div>\n\n\n\n<div class=\"wp-block-group smpadding has-gainsboro-background-color has-background\"><div class=\"wp-block-group__inner-container is-layout-constrained wp-block-group-is-layout-constrained\">\n<h3 class=\"wp-block-heading\"><strong><strong>Prix nationaux d&#8217;urbanisme<\/strong><\/strong><\/h3>\n\n\n\n<p>L&#8217;Institut canadien des urbanistes, l&#8217;Association des architectes paysagistes du Canada et l&#8217;Institut royal d&#8217;architecture du Canada ont cr\u00e9\u00e9 le programme des Prix nationaux de l&#8217;esth\u00e9tique urbaine en 2006 afin de r\u00e9compenser les personnes, les organisations, les entreprises et les projets au Canada qui ont contribu\u00e9 \u00e0 la qualit\u00e9 de vie et \u00e0 la durabilit\u00e9 des collectivit\u00e9s canadiennes. Ce programme encourage la soumission de projets interdisciplinaires et multidisciplinaires dans six cat\u00e9gories impliquant des urbanistes, des architectes paysagistes, des architectes et\/ou d&#8217;autres disciplines.<\/p>\n\n\n\n<p><strong>Les nominations sont termin\u00e9es. <\/strong><\/p>\n\n\n\n<div style=\"height:20px\" aria-hidden=\"true\" class=\"wp-block-spacer\"><\/div>\n\n\n\n<div class=\"wp-block-buttons is-layout-flex wp-block-buttons-is-layout-flex\">\n<div class=\"wp-block-button\"><a class=\"wp-block-button__link wp-element-button\" href=\"https:\/\/raic.org\/honours-awards\/national-urban-design-awards\" target=\"_blank\" rel=\"noreferrer noopener\"><strong>En savoir plus<\/strong><\/a><\/div>\n<\/div>\n<\/div><\/div>\n\n\n\n<div style=\"height:60px\" aria-hidden=\"true\" class=\"wp-block-spacer\"><\/div>\n<\/div><\/div>\n\n\n\n<div style=\"height:60px\" aria-hidden=\"true\" class=\"wp-block-spacer\"><\/div>\n\n\n\n<div class=\"wp-block-group\"><div class=\"wp-block-group__inner-container is-layout-constrained wp-block-group-is-layout-constrained\">\n<h2 class=\"wp-block-heading\">Distinctions<\/h2>\n\n\n\n<div class=\"wp-block-group smpadding has-gainsboro-background-color has-background\"><div class=\"wp-block-group__inner-container is-layout-constrained wp-block-group-is-layout-constrained\">\n<h3 class=\"wp-block-heading\" id=\"fellow\"><strong>Fellow de l&#8217;Institut canadien des urbanistes<\/strong><\/h3>\n\n\n\n<p>Le titre de Fellow de l&#8217;Institut canadien des urbanistes est la plus haute distinction que l&#8217;Institut puisse d\u00e9cerner \u00e0 un urbaniste. Cette distinction reconna\u00eet l&#8217;excellence, identifie d&#8217;\u00e9minents mod\u00e8les, promeut les progr\u00e8s dans la pratique de la planification et attire les leaders \u00e0 l&#8217;avant-garde de la planification au Canada. Cette exp\u00e9rience professionnelle doit \u00eatre significative au niveau de la planification nationale ou internationale. Les Fellows utilisent fi\u00e8rement le titre de FICU pour d\u00e9signer les Fellow de l&#8217;Institut canadien des urbanistes.<\/p>\n\n\n\n<p><strong>Les candidatures sont ouvertes. Date limite : 27 janvier 2026, 23 h 59. HP <\/strong><\/p>\n\n\n\n<div class=\"wp-block-buttons is-layout-flex wp-block-buttons-is-layout-flex\">\n<div class=\"wp-block-button is-style-fill\"><a class=\"wp-block-button__link wp-element-button\" href=\"https:\/\/canadianinstituteofplanners.submittable.com\/submit\/336706\/nominations-au-college-des-fellows-de-licu\"><strong>Soumettez votre candidature<\/strong><\/a><\/div>\n\n\n\n<div class=\"wp-block-button\"><a class=\"wp-block-button__link wp-element-button\" href=\"https:\/\/www.cip-icu.ca\/fr\/distinctions-et-prix\/lignes-directrices-pour-les-nominations-fellow\/\"><strong>Lire les lignes directrices pour les nominations<\/strong><\/a><\/div>\n\n\n\n<div class=\"wp-block-button is-style-outline is-style-outline--4\"><a class=\"wp-block-button__link wp-element-button\" href=\"https:\/\/www.cip-icu.ca\/fr\/college-des-fellows\/\"><strong>Rencontrez les Fellows de l&#8217;ICU<\/strong><\/a><\/div>\n<\/div>\n<\/div><\/div>\n\n\n\n<div style=\"height:60px\" aria-hidden=\"true\" class=\"wp-block-spacer\"><\/div>\n\n\n\n<div class=\"wp-block-group smpadding has-gainsboro-background-color has-background\"><div class=\"wp-block-group__inner-container is-layout-constrained wp-block-group-is-layout-constrained\">\n<h3 class=\"wp-block-heading\" id=\"honorary\"><strong>Membre honoraire de l&#8217;Institut canadien des urbanistes<\/strong><\/h3>\n\n\n\n<p>Le titre de membre honoraire de l\u2019Institut canadien des urbanistes est la plus grande distinction que l\u2019Institut puisse d\u00e9cerner \u00e0 un ou une non-urbaniste. Cette distinction prestigieuse, institu\u00e9e en 2019, souligne le travail de particuliers qui \u0153uvrent hors du cadre de la profession urbanistique et dont la contribution est notable sur le plan de la promotion ou de l\u2019am\u00e9lioration de la pratique de l\u2019urbanisme et de la profession. Cette distinction reconna\u00eet l\u2019apport hors du commun d\u2019une personne \u00e0 la vitalit\u00e9, la r\u00e9silience et la p\u00e9rennit\u00e9 d\u2019une ou de plusieurs collectivit\u00e9s au Canada ou \u00e0 travers le monde.<\/p>\n\n\n\n<p><strong>Les candidatures sont ouvertes. Date limite : 27 janvier 2026, 23 h 59. HP <\/strong><\/p>\n\n\n\n<div class=\"wp-block-buttons is-layout-flex wp-block-buttons-is-layout-flex\">\n<div class=\"wp-block-button is-style-fill\"><a class=\"wp-block-button__link wp-element-button\" href=\"https:\/\/canadianinstituteofplanners.submittable.com\/submit\/336731\/nominations-pour-le-membre-honoraire-de-linstitut-canadien-des-urbanistes\"><strong>Soumettez votre candidature<\/strong><\/a><\/div>\n\n\n\n<div class=\"wp-block-button\"><a class=\"wp-block-button__link wp-element-button\" href=\"https:\/\/www.cip-icu.ca\/fr\/distinctions-et-prix\/lignes-directrices-pour-les-nominations-membre-honoraire\/\"><strong>Lire les lignes directrices pour les nominations<\/strong><\/a><\/div>\n\n\n\n<div class=\"wp-block-button is-style-outline is-style-outline--5\"><a class=\"wp-block-button__link wp-element-button\" href=\"https:\/\/www.cip-icu.ca\/fr\/membres-honoraires\/\"><strong>Rencontrez les membres honoraires de l&#8217;ICU<\/strong><\/a><\/div>\n<\/div>\n<\/div><\/div>\n<\/div><\/div>\n\n\n\n<div style=\"height:100px\" aria-hidden=\"true\" class=\"wp-block-spacer\"><\/div>\n","protected":false},"excerpt":{"rendered":"<p>Reconna\u00eetre l&#8217;excellence en mati\u00e8re de urbanisme dans tout le Canada D\u00e9couvrez les prix d\u00e9cern\u00e9s par l&#8217;ICU qui r\u00e9compensent l&#8217;excellence en mati\u00e8re d&#8217;urbanisme \u00e0 travers le&hellip;<\/p>\n","protected":false},"author":12,"featured_media":0,"parent":0,"menu_order":0,"comment_status":"closed","ping_status":"closed","template":"","meta":{"_acf_changed":false,"footnotes":""},"class_list":["post-22148","page","type-page","status-publish","hentry"],"acf":[],"_links":{"self":[{"href":"https:\/\/www.cip-icu.ca\/fr\/wp-json\/wp\/v2\/pages\/22148","targetHints":{"allow":["GET"]}}],"collection":[{"href":"https:\/\/www.cip-icu.ca\/fr\/wp-json\/wp\/v2\/pages"}],"about":[{"href":"https:\/\/www.cip-icu.ca\/fr\/wp-json\/wp\/v2\/types\/page"}],"author":[{"embeddable":true,"href":"https:\/\/www.cip-icu.ca\/fr\/wp-json\/wp\/v2\/users\/12"}],"replies":[{"embeddable":true,"href":"https:\/\/www.cip-icu.ca\/fr\/wp-json\/wp\/v2\/comments?post=22148"}],"version-history":[{"count":22,"href":"https:\/\/www.cip-icu.ca\/fr\/wp-json\/wp\/v2\/pages\/22148\/revisions"}],"predecessor-version":[{"id":41481,"href":"https:\/\/www.cip-icu.ca\/fr\/wp-json\/wp\/v2\/pages\/22148\/revisions\/41481"}],"wp:attachment":[{"href":"https:\/\/www.cip-icu.ca\/fr\/wp-json\/wp\/v2\/media?parent=22148"}],"curies":[{"name":"wp","href":"https:\/\/api.w.org\/{rel}","templated":true}]}}