{"id":22150,"date":"2023-09-18T12:46:17","date_gmt":"2023-09-18T19:46:17","guid":{"rendered":"https:\/\/www.cip-icu.ca\/badges-numeriques\/"},"modified":"2025-08-07T10:37:07","modified_gmt":"2025-08-07T17:37:07","slug":"badges-numeriques","status":"publish","type":"page","link":"https:\/\/www.cip-icu.ca\/fr\/badges-numeriques\/","title":{"rendered":"Badges num\u00e9riques"},"content":{"rendered":"\n<div style=\"height:140px\" aria-hidden=\"true\" class=\"wp-block-spacer\"><\/div>\n\n<div class=\"wp-block-columns is-layout-flex wp-container-core-columns-is-layout-9d6595d7 wp-block-columns-is-layout-flex\">\n<div class=\"wp-block-column is-vertically-aligned-center is-layout-flow wp-block-column-is-layout-flow\" style=\"flex-basis:65%\">\n<h2 class=\"wp-block-heading line-heading-full\">Badges num\u00e9riques<\/h2>\n\n\n\n<h1 class=\"wp-block-heading\">Amplifiez vos <strong>\n  <mark style=\"background-color:rgba(0, 0, 0, 0)\" class=\"has-inline-color has-accent-color\">r\u00e9alisations<\/mark>\n<\/strong><\/h1>\n\n\n\n<p class=\"lede\">L&#8217;ICU reconna\u00eet et c\u00e9l\u00e8bre les r\u00e9alisations en mati\u00e8re de planification de carri\u00e8re \u00e0 chaque \u00e9tape, en s&#8217;engageant \u00e0 fournir un <em>soutien professionnel tout au long de la vie<\/em>. Nous sommes fiers d&#8217;amplifier les r\u00e9alisations des membres &#8211; ainsi que de partager des informations sur la mani\u00e8re dont elles ont \u00e9t\u00e9 obtenues &#8211; par le biais d&#8217;un programme de badges num\u00e9riques, soutenu par Credly et v\u00e9rifi\u00e9 par CIP.<\/p>\n<\/div>\n\n\n\n<div class=\"wp-block-column is-vertically-aligned-center is-layout-flow wp-block-column-is-layout-flow\" style=\"flex-basis:35%\"><div class=\"wp-block-image\">\n<figure class=\"aligncenter size-full is-resized\"><img loading=\"lazy\" decoding=\"async\" width=\"600\" height=\"600\" src=\"https:\/\/www.cip-icu.ca\/wp-content\/uploads\/2023\/09\/CIP_Credly_badge_EN_MCIP_600x600.png\" alt=\"\" class=\"wp-image-16512\" style=\"object-fit:cover;width:250px;height:250px\" srcset=\"https:\/\/www.cip-icu.ca\/wp-content\/uploads\/2023\/09\/CIP_Credly_badge_EN_MCIP_600x600.png 600w, https:\/\/www.cip-icu.ca\/wp-content\/uploads\/2023\/09\/CIP_Credly_badge_EN_MCIP_600x600-160x160.png 160w\" sizes=\"auto, (max-width: 600px) 100vw, 600px\" \/><\/figure>\n<\/div><\/div>\n<\/div>\n\n<div style=\"height:10px\" aria-hidden=\"true\" class=\"wp-block-spacer\"><\/div>\n\n<div class=\"wp-block-group break-out mdpadding has-white-to-lightgrey-gradient-background has-background\"><div class=\"wp-block-group__inner-container is-layout-constrained wp-block-group-is-layout-constrained\">\n<div class=\"wp-block-group container\"><div class=\"wp-block-group__inner-container is-layout-constrained wp-block-group-is-layout-constrained\">\n<h2 class=\"wp-block-heading has-text-align-center\">Les avantages<\/h2>\n\n\n\n<div class=\"wp-block-columns is-layout-flex wp-container-core-columns-is-layout-9d6595d7 wp-block-columns-is-layout-flex\">\n<div class=\"wp-block-column is-layout-flow wp-block-column-is-layout-flow\"><div class=\"wp-block-image\">\n<figure class=\"aligncenter size-large\"><img loading=\"lazy\" decoding=\"async\" width=\"49\" height=\"44\" src=\"https:\/\/www.cip-icu.ca\/wp-content\/uploads\/2023\/09\/Shareability.svg\" alt=\"\" class=\"wp-image-16521\"\/><\/figure>\n<\/div>\n\n\n<p class=\"has-text-align-center has-large-font-size\">Partageabilit\u00e9<\/p>\n\n\n\n<p class=\"has-text-align-center\">G\u00e9rez, partagez et c\u00e9l\u00e9brez facilement vos r\u00e9alisations.<\/p>\n<\/div>\n\n\n\n<div class=\"wp-block-column is-layout-flow wp-block-column-is-layout-flow\"><div class=\"wp-block-image\">\n<figure class=\"aligncenter size-large\"><img loading=\"lazy\" decoding=\"async\" width=\"52\" height=\"52\" src=\"https:\/\/www.cip-icu.ca\/wp-content\/uploads\/2023\/09\/Credibility.svg\" alt=\"\" class=\"wp-image-16519\"\/><\/figure>\n<\/div>\n\n\n<p class=\"has-text-align-center has-large-font-size\">Cr\u00e9dibilit\u00e9<\/p>\n\n\n\n<p class=\"has-text-align-center\">Il renforce votre cr\u00e9dibilit\u00e9 car tous les badges sont d\u00e9livr\u00e9s par le CIP.<\/p>\n<\/div>\n\n\n\n<div class=\"wp-block-column is-layout-flow wp-block-column-is-layout-flow\"><div class=\"wp-block-image\">\n<figure class=\"aligncenter size-large\"><img loading=\"lazy\" decoding=\"async\" width=\"55\" height=\"55\" src=\"https:\/\/www.cip-icu.ca\/wp-content\/uploads\/2023\/09\/Recognition.svg\" alt=\"\" class=\"wp-image-16520\"\/><\/figure>\n<\/div>\n\n\n<p class=\"has-text-align-center has-large-font-size\">Reconnaissance<\/p>\n\n\n\n<p class=\"has-text-align-center\">D\u00e9veloppez votre r\u00e9seau de membres de l&#8217;ICU et de professionnels de l&#8217;urbanisme.<\/p>\n<\/div>\n<\/div>\n<\/div><\/div>\n<\/div><\/div>\n\n<div style=\"height:60px\" aria-hidden=\"true\" class=\"wp-block-spacer\"><\/div>\n\n<h2 class=\"wp-block-heading\">Gagnez votre badge<\/h2>\n\n<p>Les badges num\u00e9riques du CIP sont d\u00e9livr\u00e9s en reconnaissance des r\u00e9alisations professionnelles, y compris celles acquises par le biais de l&#8217;exp\u00e9rience professionnelle, des comp\u00e9tences et des acquis de l&#8217;apprentissage, notamment :  <\/p>\n\n<ul class=\"wp-block-list icon-list\">\n<li><a href=\"https:\/\/www.cip-icu.ca\/fr\/rejoindre-le-cip\/admissibilite-des-membres\/\" data-type=\"page\" data-id=\"16304\">Statut de membre<\/a> (par exemple, MCIP\u00ae et candidat)<\/li>\n\n\n\n<li><a href=\"https:\/\/www.cip-icu.ca\/fr\/benevole\/\">B\u00e9n\u00e9volat<\/a> (par exemple, conseil d&#8217;administration, membres de comit\u00e9s, repr\u00e9sentants des \u00e9tudiants, pr\u00e9sentation \u00e0 la conf\u00e9rence nationale)<\/li>\n\n\n\n<li><a href=\"https:\/\/www.cip-icu.ca\/fr\/distinctions-et-prix\/\" data-type=\"page\" data-id=\"16336\">Distinctions et prix<\/a> (par exemple, Coll\u00e8ge des boursiers, bourses d&#8217;\u00e9tudes)  <\/li>\n\n\n\n<li>Programmes de d\u00e9veloppement professionnel reconnus par le CIP (par exemple, le programme des leaders \u00e9mergents, The Path)  <\/li>\n<\/ul>\n\n<div style=\"height:14px\" aria-hidden=\"true\" class=\"wp-block-spacer\"><\/div>\n\n<p>Pour en savoir plus sur les badges num\u00e9riques du PCI et sur <a href=\"https:\/\/www.credly.com\/organizations\/canadian-institute-of-planners\/badges\">la mani\u00e8re de les obtenir, cliquez ici<\/a>.<\/p>\n\n<div style=\"height:60px\" aria-hidden=\"true\" class=\"wp-block-spacer\"><\/div>\n\r\n<div class=\"vertical-tabs tabs-549691 badges-tabs\">\r\n\r\n    <div class=\"container\">\r\n\r\n        <div class=\"vertical-tabs-tabs swiper-container\">\r\n            \r\n                <div class=\"swiper-pagination\"><\/div>\r\n\r\n                <div class=\"swiper-wrapper\">\r\n\r\n                \r\n                    <div class=\"tab-inner swiper-slide\">\r\n                        <p class=\"lede\"><a href=\"https:\/\/www.cip-icu.ca\/fr\/rejoindre-le-cip\/types-dadhesion-et-cotisations\/\"><img loading=\"lazy\" decoding=\"async\" class=\"size-full wp-image-16512 alignleft\" src=\"https:\/\/www.cip-icu.ca\/wp-content\/uploads\/2023\/09\/CIP_Credly_badge_EN_MCIP_600x600.png\" alt=\"\" width=\"600\" height=\"600\" srcset=\"https:\/\/www.cip-icu.ca\/wp-content\/uploads\/2023\/09\/CIP_Credly_badge_EN_MCIP_600x600.png 600w, https:\/\/www.cip-icu.ca\/wp-content\/uploads\/2023\/09\/CIP_Credly_badge_EN_MCIP_600x600-160x160.png 160w\" sizes=\"auto, (max-width: 600px) 100vw, 600px\" \/><\/a><br \/>\n<img loading=\"lazy\" decoding=\"async\" class=\"alignnone wp-image-35799\" src=\"https:\/\/www.cip-icu.ca\/wp-content\/uploads\/2025\/05\/CIP_Credly_badge_EN_Candidate_600x600-V2-636x636.png\" alt=\"\" width=\"600\" height=\"600\" srcset=\"https:\/\/www.cip-icu.ca\/wp-content\/uploads\/2025\/05\/CIP_Credly_badge_EN_Candidate_600x600-V2-636x636.png 636w, https:\/\/www.cip-icu.ca\/wp-content\/uploads\/2025\/05\/CIP_Credly_badge_EN_Candidate_600x600-V2-1296x1296.png 1296w, https:\/\/www.cip-icu.ca\/wp-content\/uploads\/2025\/05\/CIP_Credly_badge_EN_Candidate_600x600-V2-160x160.png 160w, https:\/\/www.cip-icu.ca\/wp-content\/uploads\/2025\/05\/CIP_Credly_badge_EN_Candidate_600x600-V2-768x768.png 768w, https:\/\/www.cip-icu.ca\/wp-content\/uploads\/2025\/05\/CIP_Credly_badge_EN_Candidate_600x600-V2-1536x1536.png 1536w, https:\/\/www.cip-icu.ca\/wp-content\/uploads\/2025\/05\/CIP_Credly_badge_EN_Candidate_600x600-V2-2048x2048.png 2048w, https:\/\/www.cip-icu.ca\/wp-content\/uploads\/2025\/05\/CIP_Credly_badge_EN_Candidate_600x600-V2-300x300.png 300w, https:\/\/www.cip-icu.ca\/wp-content\/uploads\/2025\/05\/CIP_Credly_badge_EN_Candidate_600x600-V2-600x600.png 600w, https:\/\/www.cip-icu.ca\/wp-content\/uploads\/2025\/05\/CIP_Credly_badge_EN_Candidate_600x600-V2-100x100.png 100w\" sizes=\"auto, (max-width: 600px) 100vw, 600px\" \/><\/p>\n                    <\/div>\r\n\r\n                \r\n                    <div class=\"tab-inner swiper-slide\">\r\n                        <p class=\"lede\"><a href=\"https:\/\/www.cip-icu.ca\/fr\/conseil-dadministration\/\"><img loading=\"lazy\" decoding=\"async\" class=\"alignleft wp-image-16505 size-full\" src=\"https:\/\/www.cip-icu.ca\/wp-content\/uploads\/2023\/09\/CIP_Credly_badge_EN_Board-Direction_600x600.png\" alt=\"\" width=\"600\" height=\"600\" srcset=\"https:\/\/www.cip-icu.ca\/wp-content\/uploads\/2023\/09\/CIP_Credly_badge_EN_Board-Direction_600x600.png 600w, https:\/\/www.cip-icu.ca\/wp-content\/uploads\/2023\/09\/CIP_Credly_badge_EN_Board-Direction_600x600-160x160.png 160w\" sizes=\"auto, (max-width: 600px) 100vw, 600px\" \/><\/a><br \/>\n<a href=\"https:\/\/www.cip-icu.ca\/fr\/college-des-fellows\/\"><img loading=\"lazy\" decoding=\"async\" class=\"alignleft wp-image-16511 size-full\" src=\"https:\/\/www.cip-icu.ca\/wp-content\/uploads\/2023\/09\/CIP_Credly_badge_EN_Fellow_600x600.png\" alt=\"\" width=\"600\" height=\"600\" srcset=\"https:\/\/www.cip-icu.ca\/wp-content\/uploads\/2023\/09\/CIP_Credly_badge_EN_Fellow_600x600.png 600w, https:\/\/www.cip-icu.ca\/wp-content\/uploads\/2023\/09\/CIP_Credly_badge_EN_Fellow_600x600-160x160.png 160w\" sizes=\"auto, (max-width: 600px) 100vw, 600px\" \/><\/a><br \/>\n<img loading=\"lazy\" decoding=\"async\" class=\"alignnone wp-image-35802\" src=\"https:\/\/www.cip-icu.ca\/wp-content\/uploads\/2025\/05\/CIP-Student-Liaison-636x636.png\" alt=\"\" width=\"600\" height=\"600\" srcset=\"https:\/\/www.cip-icu.ca\/wp-content\/uploads\/2025\/05\/CIP-Student-Liaison-636x636.png 636w, https:\/\/www.cip-icu.ca\/wp-content\/uploads\/2025\/05\/CIP-Student-Liaison-1296x1296.png 1296w, https:\/\/www.cip-icu.ca\/wp-content\/uploads\/2025\/05\/CIP-Student-Liaison-160x160.png 160w, https:\/\/www.cip-icu.ca\/wp-content\/uploads\/2025\/05\/CIP-Student-Liaison-768x768.png 768w, https:\/\/www.cip-icu.ca\/wp-content\/uploads\/2025\/05\/CIP-Student-Liaison-1536x1536.png 1536w, https:\/\/www.cip-icu.ca\/wp-content\/uploads\/2025\/05\/CIP-Student-Liaison-2048x2048.png 2048w, https:\/\/www.cip-icu.ca\/wp-content\/uploads\/2025\/05\/CIP-Student-Liaison-300x300.png 300w, https:\/\/www.cip-icu.ca\/wp-content\/uploads\/2025\/05\/CIP-Student-Liaison-600x600.png 600w, https:\/\/www.cip-icu.ca\/wp-content\/uploads\/2025\/05\/CIP-Student-Liaison-100x100.png 100w\" sizes=\"auto, (max-width: 600px) 100vw, 600px\" \/><\/p>\n                    <\/div>\r\n\r\n                \r\n                    <div class=\"tab-inner swiper-slide\">\r\n                        <p class=\"lede\"><img loading=\"lazy\" decoding=\"async\" class=\"alignnone wp-image-38149 size-full\" src=\"https:\/\/www.cip-icu.ca\/wp-content\/uploads\/2025\/08\/CIP_Credly_badge_EN_PSTF-Scholarship-2025.png\" alt=\"\" width=\"601\" height=\"601\" srcset=\"https:\/\/www.cip-icu.ca\/wp-content\/uploads\/2025\/08\/CIP_Credly_badge_EN_PSTF-Scholarship-2025.png 601w, https:\/\/www.cip-icu.ca\/wp-content\/uploads\/2025\/08\/CIP_Credly_badge_EN_PSTF-Scholarship-2025-160x160.png 160w, https:\/\/www.cip-icu.ca\/wp-content\/uploads\/2025\/08\/CIP_Credly_badge_EN_PSTF-Scholarship-2025-300x300.png 300w, https:\/\/www.cip-icu.ca\/wp-content\/uploads\/2025\/08\/CIP_Credly_badge_EN_PSTF-Scholarship-2025-100x100.png 100w\" sizes=\"auto, (max-width: 601px) 100vw, 601px\" \/><br \/>\n<img loading=\"lazy\" decoding=\"async\" class=\"alignnone wp-image-38147 size-full\" src=\"https:\/\/www.cip-icu.ca\/wp-content\/uploads\/2025\/08\/CIP_Credly_badge_EN_Emerging-Planner-Award-2025.png\" alt=\"\" width=\"600\" height=\"600\" srcset=\"https:\/\/www.cip-icu.ca\/wp-content\/uploads\/2025\/08\/CIP_Credly_badge_EN_Emerging-Planner-Award-2025.png 600w, https:\/\/www.cip-icu.ca\/wp-content\/uploads\/2025\/08\/CIP_Credly_badge_EN_Emerging-Planner-Award-2025-160x160.png 160w, https:\/\/www.cip-icu.ca\/wp-content\/uploads\/2025\/08\/CIP_Credly_badge_EN_Emerging-Planner-Award-2025-300x300.png 300w, https:\/\/www.cip-icu.ca\/wp-content\/uploads\/2025\/08\/CIP_Credly_badge_EN_Emerging-Planner-Award-2025-100x100.png 100w\" sizes=\"auto, (max-width: 600px) 100vw, 600px\" \/><br \/>\n<img loading=\"lazy\" decoding=\"async\" class=\"alignnone wp-image-38145 size-medium\" src=\"https:\/\/www.cip-icu.ca\/wp-content\/uploads\/2025\/08\/CIP_Credly_badge_EN_Plan-Canada-2025-636x636.png\" alt=\"\" width=\"636\" height=\"636\" srcset=\"https:\/\/www.cip-icu.ca\/wp-content\/uploads\/2025\/08\/CIP_Credly_badge_EN_Plan-Canada-2025-636x636.png 636w, https:\/\/www.cip-icu.ca\/wp-content\/uploads\/2025\/08\/CIP_Credly_badge_EN_Plan-Canada-2025-1296x1296.png 1296w, https:\/\/www.cip-icu.ca\/wp-content\/uploads\/2025\/08\/CIP_Credly_badge_EN_Plan-Canada-2025-160x160.png 160w, https:\/\/www.cip-icu.ca\/wp-content\/uploads\/2025\/08\/CIP_Credly_badge_EN_Plan-Canada-2025-768x768.png 768w, https:\/\/www.cip-icu.ca\/wp-content\/uploads\/2025\/08\/CIP_Credly_badge_EN_Plan-Canada-2025-1536x1536.png 1536w, https:\/\/www.cip-icu.ca\/wp-content\/uploads\/2025\/08\/CIP_Credly_badge_EN_Plan-Canada-2025-300x300.png 300w, https:\/\/www.cip-icu.ca\/wp-content\/uploads\/2025\/08\/CIP_Credly_badge_EN_Plan-Canada-2025-600x600.png 600w, https:\/\/www.cip-icu.ca\/wp-content\/uploads\/2025\/08\/CIP_Credly_badge_EN_Plan-Canada-2025-100x100.png 100w, https:\/\/www.cip-icu.ca\/wp-content\/uploads\/2025\/08\/CIP_Credly_badge_EN_Plan-Canada-2025.png 2048w\" sizes=\"auto, (max-width: 636px) 100vw, 636px\" \/><\/p>\n                    <\/div>\r\n\r\n                \r\n                    <div class=\"tab-inner swiper-slide\">\r\n                        <p class=\"lede\"><img loading=\"lazy\" decoding=\"async\" class=\"alignnone wp-image-30608\" src=\"https:\/\/www.cip-icu.ca\/wp-content\/uploads\/2024\/11\/CIP_Credly_badge_EN_ELP-2025-636x636.png\" alt=\"\" width=\"487\" height=\"487\" srcset=\"https:\/\/www.cip-icu.ca\/wp-content\/uploads\/2024\/11\/CIP_Credly_badge_EN_ELP-2025-636x636.png 636w, https:\/\/www.cip-icu.ca\/wp-content\/uploads\/2024\/11\/CIP_Credly_badge_EN_ELP-2025-1296x1296.png 1296w, https:\/\/www.cip-icu.ca\/wp-content\/uploads\/2024\/11\/CIP_Credly_badge_EN_ELP-2025-160x160.png 160w, https:\/\/www.cip-icu.ca\/wp-content\/uploads\/2024\/11\/CIP_Credly_badge_EN_ELP-2025-768x768.png 768w, https:\/\/www.cip-icu.ca\/wp-content\/uploads\/2024\/11\/CIP_Credly_badge_EN_ELP-2025-1536x1536.png 1536w, https:\/\/www.cip-icu.ca\/wp-content\/uploads\/2024\/11\/CIP_Credly_badge_EN_ELP-2025-2048x2048.png 2048w\" sizes=\"auto, (max-width: 487px) 100vw, 487px\" \/><\/p>\n                    <\/div>\r\n\r\n                \r\n                    <div class=\"tab-inner swiper-slide\">\r\n                        <p class=\"lede\"><img loading=\"lazy\" decoding=\"async\" class=\"alignleft wp-image-38143 \" src=\"https:\/\/www.cip-icu.ca\/wp-content\/uploads\/2025\/08\/Conference-Presenter-2025.png\" alt=\"\" width=\"490\" height=\"490\" srcset=\"https:\/\/www.cip-icu.ca\/wp-content\/uploads\/2025\/08\/Conference-Presenter-2025.png 600w, https:\/\/www.cip-icu.ca\/wp-content\/uploads\/2025\/08\/Conference-Presenter-2025-160x160.png 160w, https:\/\/www.cip-icu.ca\/wp-content\/uploads\/2025\/08\/Conference-Presenter-2025-300x300.png 300w, https:\/\/www.cip-icu.ca\/wp-content\/uploads\/2025\/08\/Conference-Presenter-2025-100x100.png 100w\" sizes=\"auto, (max-width: 490px) 100vw, 490px\" \/><\/p>\n<p>&nbsp;<\/p>\n                    <\/div>\r\n\r\n                \r\n                <\/div>\r\n\r\n                    <\/div>\r\n\r\n    <\/div>\r\n\r\n<\/div>\r\n\r\n<style>\r\n    .tabs-549691 .swiper-pagination:before{\r\n        content: 'Nos badges' !important;\r\n    }\r\n<\/style>\r\n\r\n<script type=\"text\/javascript\">\r\n            var menuTitles = [];\r\n                    menuTitles.push(\"Membres du CIP\");\r\n                    menuTitles.push(\"B\u00e9n\u00e9voles du conseil d'administration et des comit\u00e9s du PIC\");\r\n                    menuTitles.push(\"B\u00e9n\u00e9ficiaires de bourses d'\u00e9tudes et de prix\");\r\n                    menuTitles.push(\"Leaders \u00e9mergents\");\r\n                    menuTitles.push(\"Pr\u00e9sentateurs de la conf\u00e9rence nationale du CIP\");\r\n            <\/script>\r\n\r\n\r\n\r\n\r\n\n<div style=\"height:60px\" aria-hidden=\"true\" class=\"wp-block-spacer\"><\/div>\n\n<div class=\"wp-block-group break-out smpadding has-green-1-10-opacity-background-color has-background\"><div class=\"wp-block-group__inner-container is-layout-constrained wp-block-group-is-layout-constrained\">\n<div class=\"wp-block-group container\"><div class=\"wp-block-group__inner-container is-layout-constrained wp-block-group-is-layout-constrained\">\n<div class=\"wp-block-columns is-layout-flex wp-container-core-columns-is-layout-9d6595d7 wp-block-columns-is-layout-flex\">\n<div class=\"wp-block-column is-layout-flow wp-block-column-is-layout-flow\">\n<h4 class=\"wp-block-heading wp-embed-aspect-16-9 wp-has-aspect-ratio\">Acc\u00e9der \u00e0 votre badge<\/h4>\n\n\n\n<figure class=\"wp-block-embed is-type-video is-provider-vimeo wp-block-embed-vimeo wp-embed-aspect-16-9 wp-has-aspect-ratio\"><div class=\"wp-block-embed__wrapper\">\n<iframe loading=\"lazy\" title=\"How to Accept Your CIP Digital Badge\" src=\"https:\/\/player.vimeo.com\/video\/831487158?dnt=1&amp;app_id=122963\" width=\"500\" height=\"276\" frameborder=\"0\" allow=\"autoplay; fullscreen; picture-in-picture; clipboard-write\"><\/iframe>\n<\/div><\/figure>\n\n\n\n<p class=\"wp-embed-aspect-16-9 wp-has-aspect-ratio\">Si vous avez re\u00e7u un badge num\u00e9rique CIP, vous recevrez un courriel de <a href=\"mailto:admin@credly.com\">admin@credly.com<\/a> contenant des instructions sur la mani\u00e8re de l&#8217;accepter. L&#8217;acceptation et la r\u00e9ception de votre badge sont faciles et s\u00e9curis\u00e9es.  <\/p>\n<\/div>\n\n\n\n<div class=\"wp-block-column is-layout-flow wp-block-column-is-layout-flow\">\n<h4 class=\"wp-block-heading wp-embed-aspect-16-9 wp-has-aspect-ratio\">Partagez et c\u00e9l\u00e9brez votre badge<\/h4>\n\n\n\n<figure class=\"wp-block-embed is-type-video is-provider-vimeo wp-block-embed-vimeo wp-embed-aspect-16-9 wp-has-aspect-ratio\"><div class=\"wp-block-embed__wrapper\">\n<iframe loading=\"lazy\" title=\"How to Share Your CIP Digital Badge\" src=\"https:\/\/player.vimeo.com\/video\/831498575?dnt=1&amp;app_id=122963\" width=\"500\" height=\"281\" frameborder=\"0\" allow=\"autoplay; fullscreen; picture-in-picture; clipboard-write\"><\/iframe>\n<\/div><\/figure>\n\n\n\n<p class=\"wp-embed-aspect-16-9 wp-has-aspect-ratio\">Les badges peuvent facilement \u00eatre li\u00e9s et partag\u00e9s dans un format num\u00e9riquement v\u00e9rifiable de la mani\u00e8re suivante :<\/p>\n\n\n\n<ul class=\"wp-block-list wp-embed-aspect-16-9 wp-has-aspect-ratio\">\n<li>LinkedIn et autres plateformes de m\u00e9dias sociaux<\/li>\n\n\n\n<li>Signatures de courriels<\/li>\n\n\n\n<li>Int\u00e9gration dans un site web personnel ou professionnel<\/li>\n<\/ul>\n<\/div>\n<\/div>\n<\/div><\/div>\n<\/div><\/div>\n\n<div style=\"height:70px\" aria-hidden=\"true\" class=\"wp-block-spacer\"><\/div>\n\n<p class=\"has-text-align-center\">Veuillez contacter <a href=\"mailto:membership@cip-icu.ca\">membership@cip-icu.ca<\/a> pour toute question relative aux badges num\u00e9riques CIP. Pour obtenir de l&#8217;aide ou des tutoriels de Credly, visitez le site <a href=\"https:\/\/support.credly.com\/hc\/en-us\" target=\"_blank\" rel=\"noreferrer noopener\">www.support.credly.com<\/a>.  <\/p>\n\n<div style=\"height:70px\" aria-hidden=\"true\" class=\"wp-block-spacer\"><\/div>\n","protected":false},"excerpt":{"rendered":"<p>Amplifiez vos r\u00e9alisations L&#8217;ICU reconna\u00eet et c\u00e9l\u00e8bre les r\u00e9alisations en mati\u00e8re de planification de carri\u00e8re \u00e0 chaque \u00e9tape, en s&#8217;engageant \u00e0 fournir un soutien professionnel&hellip;<\/p>\n","protected":false},"author":12,"featured_media":0,"parent":0,"menu_order":0,"comment_status":"closed","ping_status":"closed","template":"","meta":{"_acf_changed":false,"footnotes":""},"class_list":["post-22150","page","type-page","status-publish","hentry"],"acf":[],"_links":{"self":[{"href":"https:\/\/www.cip-icu.ca\/fr\/wp-json\/wp\/v2\/pages\/22150","targetHints":{"allow":["GET"]}}],"collection":[{"href":"https:\/\/www.cip-icu.ca\/fr\/wp-json\/wp\/v2\/pages"}],"about":[{"href":"https:\/\/www.cip-icu.ca\/fr\/wp-json\/wp\/v2\/types\/page"}],"author":[{"embeddable":true,"href":"https:\/\/www.cip-icu.ca\/fr\/wp-json\/wp\/v2\/users\/12"}],"replies":[{"embeddable":true,"href":"https:\/\/www.cip-icu.ca\/fr\/wp-json\/wp\/v2\/comments?post=22150"}],"version-history":[{"count":2,"href":"https:\/\/www.cip-icu.ca\/fr\/wp-json\/wp\/v2\/pages\/22150\/revisions"}],"predecessor-version":[{"id":38157,"href":"https:\/\/www.cip-icu.ca\/fr\/wp-json\/wp\/v2\/pages\/22150\/revisions\/38157"}],"wp:attachment":[{"href":"https:\/\/www.cip-icu.ca\/fr\/wp-json\/wp\/v2\/media?parent=22150"}],"curies":[{"name":"wp","href":"https:\/\/api.w.org\/{rel}","templated":true}]}}