{"id":22155,"date":"2023-09-18T12:42:16","date_gmt":"2023-09-18T19:42:16","guid":{"rendered":"https:\/\/www.cip-icu.ca\/planification-des-etudiants\/"},"modified":"2025-04-14T07:14:04","modified_gmt":"2025-04-14T14:14:04","slug":"planification-des-etudiants","status":"publish","type":"page","link":"https:\/\/www.cip-icu.ca\/fr\/planification-des-etudiants\/","title":{"rendered":"\u00c9tudiants en urbanisme"},"content":{"rendered":"\n<div class=\"wp-block-columns is-layout-flex wp-container-core-columns-is-layout-9d6595d7 wp-block-columns-is-layout-flex\">\n<div class=\"wp-block-column is-layout-flow wp-block-column-is-layout-flow\" style=\"flex-basis:60%\">\n<div style=\"height:140px\" aria-hidden=\"true\" class=\"wp-block-spacer\"><\/div>\n\n\n\n<h3 class=\"wp-block-heading line-heading-full\">Adh\u00e9sion des \u00e9tudiants au l&#8217;ICU<\/h3>\n\n\n\n<h1 class=\"wp-block-heading has-black-color has-text-color\">Un soutien qui commence en classe <mark style=\"background-color:rgba(0, 0, 0, 0)\" class=\"has-inline-color has-accent-color\"><strong>salle de classe<\/strong><\/mark><\/h1>\n\n\n\n<p class=\"lede\">L&#8217;adh\u00e9sion \u00e0 l&#8217;ICU est gratuite pour tous les \u00e9tudiants de niveau postsecondaire &#8211; <em>quel que soit le programme, o\u00f9 qu&#8217;ils soient !<\/em> Nous sommes l\u00e0 pour vous soutenir \u00e0 chaque \u00e9tape de votre carri\u00e8re de planificateur.  <\/p>\n\n\n\n<p><a href=\"#conference\">Conf\u00e9rence nationale d&#8217;urbanisme<\/a><\/p>\n\n\n\n<p><a href=\"#awards\">Bourses d&#8217;\u00e9tudes et prix<\/a><\/p>\n\n\n\n<p><a href=\"#jobs\">Carrefour national d&#8217;emplois de l&#8217;ICU<\/a> <\/p>\n\n\n\n<p><a href=\"#publications\">Publications d&#8217;urbanisme<\/a><\/p>\n\n\n\n<p><a href=\"#learning\">Possibilit\u00e9s d&#8217;apprentissage et ressources<\/a><\/p>\n\n\n\n<p><a href=\"#liaisons\">Liaisons avec les \u00e9tudiants<\/a><\/p>\n\n\n\n<div style=\"height:40px\" aria-hidden=\"true\" class=\"wp-block-spacer\"><\/div>\n<\/div>\n\n\n\n<div class=\"wp-block-column is-layout-flow wp-block-column-is-layout-flow\" style=\"flex-basis:33.33%\"><\/div>\n<\/div>\n\n<h2 class=\"wp-block-heading\" id=\"conference\">Participez \u00e0 la plus grande conf\u00e9rence sur la planification au Canada  <\/h2>\n\n<p>Rejoignez-nous \u00e0 Toronto du 8 au 10 juillet pour <a href=\"https:\/\/site.pheedloop.com\/event\/action2025\/home\" target=\"_blank\" rel=\"noreferrer noopener\">ACTION 2025<\/a>, la conf\u00e9rence nationale de planification de l&#8217;ICU et de l&#8217;IPPO.  <\/p>\n\n<div class=\"wp-block-columns is-layout-flex wp-container-core-columns-is-layout-9d6595d7 wp-block-columns-is-layout-flex\">\n<div class=\"wp-block-column is-layout-flow wp-block-column-is-layout-flow\" style=\"flex-basis:66.66%\">\n<p><strong>Des r\u00e9ductions exclusives pour les \u00e9tudiants : <\/strong>Vous pouvez participer \u00e0 l&#8217;int\u00e9gralit\u00e9 de la conf\u00e9rence de trois jours pour seulement 299 dollars, y compris l&#8217;acc\u00e8s \u00e0 tous les \u00e9v\u00e9nements sociaux et de r\u00e9seautage.  <\/p>\n\n\n\n<p><strong>Pr\u00e9sentez votre recherche :<\/strong> Pr\u00e9sentez vos recherches dans notre galerie de posters ou proposez une session dirig\u00e9e par des \u00e9tudiants pour partager vos id\u00e9es. Les candidatures sont d\u00e9sormais closes.<\/p>\n\n\n\n<p><strong>Aide \u00e0 la carri\u00e8re : <\/strong>Visitez notre salon de d\u00e9veloppement professionnel pour en savoir plus sur notre <a href=\"https:\/\/www.cip-icu.ca\/fr\/badges-numeriques\/\">programme de badges num\u00e9riques<\/a>, obtenir une photo professionnelle ou prendre rendez-vous avec un responsable du recrutement pour examiner votre CV.  <\/p>\n\n\n\n<p><strong>Possibilit\u00e9s de b\u00e9n\u00e9volat : <\/strong>Inscrivez-vous en tant qu&#8217;\u00e9tudiant b\u00e9n\u00e9vole et recevez le remboursement d&#8217;une partie de vos frais d&#8217;inscription \u00e0 la conf\u00e9rence. Les candidatures sont d\u00e9sormais closes.<\/p>\n<\/div>\n\n\n\n<div class=\"wp-block-column is-layout-flow wp-block-column-is-layout-flow\" style=\"flex-basis:33.33%\">\n<figure class=\"wp-block-image size-large\"><a href=\"https:\/\/site.pheedloop.com\/event\/action2025\/home\" target=\"_blank\" rel=\"noreferrer noopener\"><img loading=\"lazy\" decoding=\"async\" width=\"1296\" height=\"595\" src=\"https:\/\/www.cip-icu.ca\/wp-content\/uploads\/2024\/07\/2025ActionLogo-1296x595.png\" alt=\"\" class=\"wp-image-29075\" srcset=\"https:\/\/www.cip-icu.ca\/wp-content\/uploads\/2024\/07\/2025ActionLogo-1296x595.png 1296w, https:\/\/www.cip-icu.ca\/wp-content\/uploads\/2024\/07\/2025ActionLogo-636x292.png 636w, https:\/\/www.cip-icu.ca\/wp-content\/uploads\/2024\/07\/2025ActionLogo-768x353.png 768w, https:\/\/www.cip-icu.ca\/wp-content\/uploads\/2024\/07\/2025ActionLogo-1536x706.png 1536w, https:\/\/www.cip-icu.ca\/wp-content\/uploads\/2024\/07\/2025ActionLogo.png 1811w\" sizes=\"auto, (max-width: 1296px) 100vw, 1296px\" \/><\/a><\/figure>\n<\/div>\n<\/div>\n\n<div style=\"height:40px\" aria-hidden=\"true\" class=\"wp-block-spacer\"><\/div>\n\n<h2 class=\"wp-block-heading\" id=\"awards\">Bourses d&#8217;\u00e9tudes et prix<\/h2>\n\n<h3 class=\"wp-block-heading\">Fonds d&#8217;affectation sp\u00e9ciale des \u00e9tudiants pour la planification de la CIP\/ICU<\/h3>\n\n<p>L&#8217;<a href=\"https:\/\/www.cip-pstf.ca\/program\">ICU a cr\u00e9\u00e9 le Fonds fiduciaire pour les \u00e9tudiants en urbanisme de l&#8217;ICU<\/a> (CIP-PSTF) en 1989 afin de contribuer \u00e0 l&#8217;avancement de l&#8217;urbanisme professionnel. Aujourd&#8217;hui, le CIP-PSTF est l&#8217;organisme caritatif national de la profession d&#8217;urbaniste au Canada. Il offre un programme de bourses d&#8217;\u00e9tudes aux \u00e9tudiants des programmes d&#8217;urbanisme accr\u00e9dit\u00e9s au Canada.   <\/p>\n\n<p><strong>Bourses : <\/strong>Les bourses sont attribu\u00e9es aux \u00e9tudiants qui ont besoin d&#8217;une aide financi\u00e8re pour financer leurs \u00e9tudes. Les candidatures sont actuellement closes. <\/p>\n\n<p><strong>Bourses d&#8217;\u00e9tudes : <\/strong>Les bourses sont attribu\u00e9es aux projets d&#8217;\u00e9tudiants qui font preuve d&#8217;excellence et d&#8217;une contribution potentielle \u00e0 la profession d&#8217;urbaniste (en th\u00e9orie ou en pratique), ou d&#8217;un service potentiel \u00e0 une communaut\u00e9 ou \u00e0 un groupe communautaire. Les candidatures sont actuellement closes. <\/p>\n\n<p><strong>Bonus : <\/strong>Chaque ann\u00e9e, les laur\u00e9ats des bourses sont \u00e9ligibles au programme de bourses de voyage de la Fondation Ages de l&#8217;ICU-PSTF, qui leur permet d&#8217;assister gratuitement \u00e0 la conf\u00e9rence nationale annuelle de l&#8217;ICU sur la planification.  <\/p>\n\n<p><strong>Prix de l&#8217;\u00e9tudiant dipl\u00f4m\u00e9 exceptionnel : <\/strong>Ce prix est d\u00e9cern\u00e9 \u00e0 un \u00e9tudiant dipl\u00f4m\u00e9 de chaque programme d&#8217;urbanisme accr\u00e9dit\u00e9 (premier et deuxi\u00e8me cycles) au Canada, qui a fait preuve d&#8217;une contribution exceptionnelle \u00e0 sa future profession.<\/p>\n\n<div style=\"height:20px\" aria-hidden=\"true\" class=\"wp-block-spacer\"><\/div>\n\n<h3 class=\"wp-block-heading\">Prix de l&#8217;\u00e9tudiant en planification autochtone du College of Fellows<\/h3>\n\n<p>Administr\u00e9 par Indspire, ce prix annuel (g\u00e9n\u00e9reusement soutenu par <a href=\"https:\/\/urbansystems.ca\/\">Urban Systems<\/a>) vise \u00e0 \u00e9largir la pratique de la planification au Canada en faisant entendre la voix des autochtones dans la profession. Le prix soutient les \u00e9tudes post-secondaires \u00e0 temps partiel ou \u00e0 temps plein d&#8217;\u00e9tudiants autochtones dans un programme d&#8217;urbanisme canadien accr\u00e9dit\u00e9. Pour en savoir plus sur le College of Fellows Indigenous Planning Student Award, veuillez consulter le site <a href=\"https:\/\/indspire.ca\/cof\/\">Indspire<\/a>.  <\/p>\n\n<div style=\"height:80px\" aria-hidden=\"true\" class=\"wp-block-spacer\"><\/div>\n\n<h2 class=\"wp-block-heading\" id=\"jobs\">Carrefour national d&#8217;emplois de l&#8217;ICU <\/h2>\n\n<p>Le Carrefour national d&#8217;emplois de l&#8217;ICU est le seul site national d&#8217;offres d&#8217;emploi pour la profession d&#8217;urbaniste. <\/p>\n\n<p>Vous pouvez t\u00e9l\u00e9charger votre CV dans notre base de donn\u00e9es \u00e0 tout moment afin d&#8217;\u00eatre pris en consid\u00e9ration pour des postes d&#8217;\u00e9tudiants et des stages.  <\/p>\n\n<div class=\"wp-block-buttons is-layout-flex wp-block-buttons-is-layout-flex\">\n<div class=\"wp-block-button\"><a class=\"wp-block-button__link wp-element-button\" href=\"https:\/\/www.cip-icu.ca\/fr\/emplois\/\"><strong>Visitez le Job Board<\/strong><\/a><\/div>\n<\/div>\n\n<div style=\"height:80px\" aria-hidden=\"true\" class=\"wp-block-spacer\"><\/div>\n\n<h2 class=\"wp-block-heading\" id=\"publications\">Publications sur la planification au Canada  <\/h2>\n\n<p><strong>Lisez gratuitement : <\/strong>L&#8217;adh\u00e9sion des \u00e9tudiants comprend un abonnement num\u00e9rique \u00e0 <em><a href=\"https:\/\/www.cip-icu.ca\/fr\/plan-canada\/\">Plan Canada<\/a><\/em> le magazine national de planification du Canada.  <\/p>\n\n<p><strong>Faites-vous publier : <\/strong>Notre magazine trimestriel est lu par 90 % des planificateurs professionnels agr\u00e9\u00e9s du Canada et est le magazine de r\u00e9f\u00e9rence pour les sujets li\u00e9s \u00e0 la planification. Nous vous invitons \u00e0 <a href=\"https:\/\/www.cip-icu.ca\/fr\/plan-canada\/\">nous soumettre des<\/a> articles courts, des comptes rendus de recherche, des notes sur la pratique, des critiques de livres ou de films, etc.   <\/p>\n\n<p><strong>Plongez dans les archives : <\/strong>L&#8217;Universit\u00e9 de l&#8217;\u00eele de Vancouver h\u00e9berge des <a href=\"https:\/\/viurrspace.ca\/handle\/10613\/5149\" target=\"_blank\" rel=\"noreferrer noopener\">archives en ligne<\/a> du magazine <em>Plan Canada <\/em>qui sont parfaites pour vos travaux de cours et de recherche. Tous les num\u00e9ros sont en libre acc\u00e8s et fournissent un contexte historique sur la profession d&#8217;urbaniste au Canada, les num\u00e9ros de la collection remontant \u00e0 1959.<\/p>\n\n<p><strong>Recherche en libre acc\u00e8s :<\/strong> Le <em><a href=\"https:\/\/ojs.library.queensu.ca\/index.php\/cpp\">Revue canadienne d&#8217;urbanisme et de politique<\/a> <\/em>est une revue en ligne bilingue en libre acc\u00e8s, \u00e9valu\u00e9e par les pairs et publi\u00e9e par l&#8217;ICU et l&#8217;Association des programmes de planification des universit\u00e9s canadiennes.  <\/p>\n\n<div style=\"height:80px\" aria-hidden=\"true\" class=\"wp-block-spacer\"><\/div>\n\n<h2 class=\"wp-block-heading\" id=\"learning\">Poursuivre l&#8217;apprentissage en dehors de la salle de classe  <\/h2>\n\n<p><strong>Acc\u00e9dez aux webinaires gratuits :<\/strong> Marquez le <a href=\"https:\/\/www.cip-icu.ca\/fr\/calendrier-des-evenements\/\">calendrier des \u00e9v\u00e9nements de l&#8217;ICU<\/a> pour vous tenir au courant des derni\u00e8res sessions de formation et des discussions au sein de la profession d&#8217;urbaniste.  <\/p>\n\n<p><strong>Ressources de planification : <\/strong>Vous avez acc\u00e8s 24 heures sur 24 et 7 jours sur 7 \u00e0 des centaines d&#8217;enregistrements et de ressources dans le <a href=\"https:\/\/www.cip-icu.ca\/fr\/cpl-hub\/\">HUB CPL<\/a> de l&#8217;espace membre.  <\/p>\n\n<div style=\"height:80px\" aria-hidden=\"true\" class=\"wp-block-spacer\"><\/div>\n\n<h2 class=\"wp-block-heading\" id=\"liaisons\">Liaisons avec les \u00e9tudiants du l&#8217;ICU<\/h2>\n\n<p>Les agents de liaison avec les \u00e9tudiants de l&#8217;ICU sont l\u00e0 pour aider les \u00e9tudiants des programmes de planification accr\u00e9dit\u00e9s \u00e0 acc\u00e9der \u00e0 tous les avantages et services inclus dans votre adh\u00e9sion gratuite en tant qu&#8217;\u00e9tudiant.  <\/p>\n\n<p>Trouvez la personne charg\u00e9e de la liaison avec les \u00e9tudiants pour votre programme :  <\/p>\n\n<figure class=\"wp-block-table membership-table\"><table class=\"mtr-table mtr-thead-th\"><thead><tr><th data-mtr-content=\"L\u2019\u00e9cole\" class=\"mtr-th-tag\"><div class=\"mtr-cell-content\"><strong>L\u2019\u00e9cole<\/strong><\/div><\/th><th data-mtr-content=\"Liaison\" class=\"mtr-th-tag\"><div class=\"mtr-cell-content\"><strong>Liaison<\/strong><\/div><\/th><\/tr><\/thead><tbody><tr><td data-mtr-content=\"L\u2019\u00e9cole\" class=\"mtr-td-tag\"><div class=\"mtr-cell-content\">Universit\u00e9 de l\u2019\u00eele de Vancouver<\/div><\/td><td data-mtr-content=\"Liaison\" class=\"mtr-td-tag\"><div class=\"mtr-cell-content\">Nikkitta Fame<\/div><\/td><\/tr><tr><td data-mtr-content=\"L\u2019\u00e9cole\" class=\"mtr-td-tag\"><div class=\"mtr-cell-content\">Universit\u00e9 de la Saskatchewan<\/div><\/td><td data-mtr-content=\"Liaison\" class=\"mtr-td-tag\"><div class=\"mtr-cell-content\">Sarah Peterson<\/div><\/td><\/tr><tr><td data-mtr-content=\"L\u2019\u00e9cole\" class=\"mtr-td-tag\"><div class=\"mtr-cell-content\">Universit\u00e9 de Calgary<\/div><\/td><td data-mtr-content=\"Liaison\" class=\"mtr-td-tag\"><div class=\"mtr-cell-content\">Julien Doucette-Preville<\/div><\/td><\/tr><tr><td data-mtr-content=\"L\u2019\u00e9cole\" class=\"mtr-td-tag\"><div class=\"mtr-cell-content\">Universit\u00e9 de Queen\u2019s<\/div><\/td><td data-mtr-content=\"Liaison\" class=\"mtr-td-tag\"><div class=\"mtr-cell-content\">Chloe Bullen<\/div><\/td><\/tr><tr><td data-mtr-content=\"L\u2019\u00e9cole\" class=\"mtr-td-tag\"><div class=\"mtr-cell-content\">Universit\u00e9 de Queen\u2019s<\/div><\/td><td data-mtr-content=\"Liaison\" class=\"mtr-td-tag\"><div class=\"mtr-cell-content\">Homa Jalili Safarian<\/div><\/td><\/tr><tr><td data-mtr-content=\"L\u2019\u00e9cole\" class=\"mtr-td-tag\"><div class=\"mtr-cell-content\">Universit\u00e9 de York<\/div><\/td><td data-mtr-content=\"Liaison\" class=\"mtr-td-tag\"><div class=\"mtr-cell-content\">Rudia Nam (repr\u00e9sentante de deuxi\u00e8me ann\u00e9e)<\/div><\/td><\/tr><tr><td data-mtr-content=\"L\u2019\u00e9cole\" class=\"mtr-td-tag\"><div class=\"mtr-cell-content\">Universit\u00e9 de York<\/div><\/td><td data-mtr-content=\"Liaison\" class=\"mtr-td-tag\"><div class=\"mtr-cell-content\">Charlotte Minnes<\/div><\/td><\/tr><tr><td data-mtr-content=\"L\u2019\u00e9cole\" class=\"mtr-td-tag\"><div class=\"mtr-cell-content\">Universit\u00e9 de Guelph<\/div><\/td><td data-mtr-content=\"Liaison\" class=\"mtr-td-tag\"><div class=\"mtr-cell-content\">Natasha Gaudio Harrison<\/div><\/td><\/tr><tr><td data-mtr-content=\"L\u2019\u00e9cole\" class=\"mtr-td-tag\"><div class=\"mtr-cell-content\">Universit\u00e9 de Guelph<\/div><\/td><td data-mtr-content=\"Liaison\" class=\"mtr-td-tag\"><div class=\"mtr-cell-content\">Kimberly Bell<\/div><\/td><\/tr><tr><td data-mtr-content=\"L\u2019\u00e9cole\" class=\"mtr-td-tag\"><div class=\"mtr-cell-content\">Universit\u00e9 du Manitoba<\/div><\/td><td data-mtr-content=\"Liaison\" class=\"mtr-td-tag\"><div class=\"mtr-cell-content\">Sawyer Klassen<\/div><\/td><\/tr><tr><td data-mtr-content=\"L\u2019\u00e9cole\" class=\"mtr-td-tag\"><div class=\"mtr-cell-content\">Universit\u00e9 m\u00e9tropolitaine de Toronto<\/div><\/td><td data-mtr-content=\"Liaison\" class=\"mtr-td-tag\"><div class=\"mtr-cell-content\">Anika Munir<\/div><\/td><\/tr><tr><td data-mtr-content=\"L\u2019\u00e9cole\" class=\"mtr-td-tag\"><div class=\"mtr-cell-content\">Universit\u00e9 de l\u2019Alberta<\/div><\/td><td data-mtr-content=\"Liaison\" class=\"mtr-td-tag\"><div class=\"mtr-cell-content\">Bradley Sarandi  <\/div><\/td><\/tr><tr><td data-mtr-content=\"L\u2019\u00e9cole\" class=\"mtr-td-tag\"><div class=\"mtr-cell-content\">Universit\u00e9 de l\u2019Alberta<\/div><\/td><td data-mtr-content=\"Liaison\" class=\"mtr-td-tag\"><div class=\"mtr-cell-content\">Daniel Witte  <\/div><\/td><\/tr><tr><td data-mtr-content=\"L\u2019\u00e9cole\" class=\"mtr-td-tag\"><div class=\"mtr-cell-content\">Universit\u00e9 McGill<\/div><\/td><td data-mtr-content=\"Liaison\" class=\"mtr-td-tag\"><div class=\"mtr-cell-content\">Bridget Buglioni<\/div><\/td><\/tr><tr><td data-mtr-content=\"L\u2019\u00e9cole\" class=\"mtr-td-tag\"><div class=\"mtr-cell-content\">Universit\u00e9 de Dalhousie<\/div><\/td><td data-mtr-content=\"Liaison\" class=\"mtr-td-tag\"><div class=\"mtr-cell-content\">Alana Titerle<br>Danielle McCabe<\/div><\/td><\/tr><tr><td data-mtr-content=\"L\u2019\u00e9cole\" class=\"mtr-td-tag\"><div class=\"mtr-cell-content\">Universit\u00e9 Laval<\/div><\/td><td data-mtr-content=\"Liaison\" class=\"mtr-td-tag\"><div class=\"mtr-cell-content\">\u00c9milie B\u00e9land<\/div><\/td><\/tr><\/tbody><\/table><\/figure>\n\n<div style=\"height:40px\" aria-hidden=\"true\" class=\"wp-block-spacer\"><\/div>\n\n<p>Vous pouvez \u00e9galement adh\u00e9rer \u00e0 votre institut ou association provinciale ou territoriale en une seule \u00e9tape. Pour en savoir plus <a href=\"https:\/\/www.cip-icu.ca\/fr\/planification-des-etudiants\/\">, cliquez ici<\/a>.  <\/p>\n\n<div style=\"height:80px\" aria-hidden=\"true\" class=\"wp-block-spacer\"><\/div>\n","protected":false},"excerpt":{"rendered":"<p>L&#8217;adh\u00e9sion \u00e0 l&#8217;ICU est gratuite pour tous les \u00e9tudiants de niveau postsecondaire &#8211; quel que soit le programme, o\u00f9 qu&#8217;ils soient ! Nous sommes l\u00e0&hellip;<\/p>\n","protected":false},"author":12,"featured_media":0,"parent":0,"menu_order":0,"comment_status":"closed","ping_status":"closed","template":"","meta":{"_acf_changed":false,"footnotes":""},"class_list":["post-22155","page","type-page","status-publish","hentry"],"acf":[],"_links":{"self":[{"href":"https:\/\/www.cip-icu.ca\/fr\/wp-json\/wp\/v2\/pages\/22155","targetHints":{"allow":["GET"]}}],"collection":[{"href":"https:\/\/www.cip-icu.ca\/fr\/wp-json\/wp\/v2\/pages"}],"about":[{"href":"https:\/\/www.cip-icu.ca\/fr\/wp-json\/wp\/v2\/types\/page"}],"author":[{"embeddable":true,"href":"https:\/\/www.cip-icu.ca\/fr\/wp-json\/wp\/v2\/users\/12"}],"replies":[{"embeddable":true,"href":"https:\/\/www.cip-icu.ca\/fr\/wp-json\/wp\/v2\/comments?post=22155"}],"version-history":[{"count":9,"href":"https:\/\/www.cip-icu.ca\/fr\/wp-json\/wp\/v2\/pages\/22155\/revisions"}],"predecessor-version":[{"id":42855,"href":"https:\/\/www.cip-icu.ca\/fr\/wp-json\/wp\/v2\/pages\/22155\/revisions\/42855"}],"wp:attachment":[{"href":"https:\/\/www.cip-icu.ca\/fr\/wp-json\/wp\/v2\/media?parent=22155"}],"curies":[{"name":"wp","href":"https:\/\/api.w.org\/{rel}","templated":true}]}}