{"id":22157,"date":"2023-09-18T12:48:23","date_gmt":"2023-09-18T19:48:23","guid":{"rendered":"https:\/\/www.cip-icu.ca\/calendrier-des-evenements\/"},"modified":"2025-02-12T06:57:05","modified_gmt":"2025-02-12T14:57:05","slug":"calendrier-des-evenements","status":"publish","type":"page","link":"https:\/\/www.cip-icu.ca\/fr\/calendrier-des-evenements\/","title":{"rendered":"Calendrier des \u00e9v\u00e9nements"},"content":{"rendered":"\n<div style=\"height:140px\" aria-hidden=\"true\" class=\"wp-block-spacer\"><\/div>\n\n\n\n<div class=\"wp-block-columns is-layout-flex wp-container-core-columns-is-layout-9d6595d7 wp-block-columns-is-layout-flex\">\n<div class=\"wp-block-column is-layout-flow wp-block-column-is-layout-flow\" style=\"flex-basis:60%\">\n<h3 class=\"wp-block-heading line-heading-full\">\u00c9v\u00e9nements de l&#8217;ICU<\/h3>\n\n\n\n<h1 class=\"wp-block-heading\">\u00c9tablir des liens gr\u00e2ce \u00e0 <strong><mark style=\"background-color:rgba(0, 0, 0, 0)\" class=\"has-inline-color has-accent-color\">\u00c9v\u00e9nements de l&#8217;ICU<\/mark><br><\/strong><\/h1>\n\n\n\n<p class=\"has-regular-font-size\" class=\"lede\">Les \u00e9v\u00e9nements d&#8217;apprentissage et de mise en r\u00e9seau font partie de notre engagement \u00e0 fournir un <em>soutien professionnel pour la vie<\/em>. D\u00e9couvrez tous les webinaires, ateliers et autres, propos\u00e9s par l&#8217;ICU et les <a href=\"https:\/\/www.cip-icu.ca\/Resources\/Provincial-and-Territorial-Institutes-and-Associat\" target=\"_blank\" rel=\"noreferrer noopener\">associations et instituts provinciaux et territoriaux (AIPT)<\/a> sur notre calendrier d&#8217;\u00e9v\u00e9nements nationaux.<\/p>\n<\/div>\n\n\n\n<div class=\"wp-block-column is-layout-flow wp-block-column-is-layout-flow\" style=\"flex-basis:33.33%\"><\/div>\n<\/div>\n\n\n\n<div style=\"height:100px\" aria-hidden=\"true\" class=\"wp-block-spacer\"><\/div>\n\n\n\n<iframe loading=\"lazy\" allowfullscreen=\"\" frameborder=\"0\" height=\"1340\" scrolling=\"yes\" src=\"https:\/\/members.cip-icu.ca\/mpower\/event\/calendar?request_locale=fr\" width=\"100%\"><\/iframe>\n\n\n\n<h2 class=\"wp-block-heading\">Vous souhaitez ajouter un \u00e9v\u00e9nement au calendrier ?<\/h2>\n\n\n\n<div class=\"wp-block-buttons is-layout-flex wp-block-buttons-is-layout-flex\">\n<div class=\"wp-block-button\"><a class=\"wp-block-button__link wp-element-button\" href=\"https:\/\/www.cip-icu.ca\/fr\/nous-contacter\/\">Prendre contact<\/a><\/div>\n<\/div>\n\n\n\n<div style=\"height:100px\" aria-hidden=\"true\" class=\"wp-block-spacer\"><\/div>\n","protected":false},"excerpt":{"rendered":"<p>Les \u00e9v\u00e9nements d&#8217;apprentissage et de mise en r\u00e9seau font partie de notre engagement \u00e0 fournir un soutien professionnel pour la vie. D\u00e9couvrez tous les webinaires,&hellip;<\/p>\n","protected":false},"author":12,"featured_media":0,"parent":0,"menu_order":0,"comment_status":"closed","ping_status":"closed","template":"","meta":{"_acf_changed":false,"footnotes":""},"class_list":["post-22157","page","type-page","status-publish","hentry"],"acf":[],"_links":{"self":[{"href":"https:\/\/www.cip-icu.ca\/fr\/wp-json\/wp\/v2\/pages\/22157","targetHints":{"allow":["GET"]}}],"collection":[{"href":"https:\/\/www.cip-icu.ca\/fr\/wp-json\/wp\/v2\/pages"}],"about":[{"href":"https:\/\/www.cip-icu.ca\/fr\/wp-json\/wp\/v2\/types\/page"}],"author":[{"embeddable":true,"href":"https:\/\/www.cip-icu.ca\/fr\/wp-json\/wp\/v2\/users\/12"}],"replies":[{"embeddable":true,"href":"https:\/\/www.cip-icu.ca\/fr\/wp-json\/wp\/v2\/comments?post=22157"}],"version-history":[{"count":2,"href":"https:\/\/www.cip-icu.ca\/fr\/wp-json\/wp\/v2\/pages\/22157\/revisions"}],"predecessor-version":[{"id":32248,"href":"https:\/\/www.cip-icu.ca\/fr\/wp-json\/wp\/v2\/pages\/22157\/revisions\/32248"}],"wp:attachment":[{"href":"https:\/\/www.cip-icu.ca\/fr\/wp-json\/wp\/v2\/media?parent=22157"}],"curies":[{"name":"wp","href":"https:\/\/api.w.org\/{rel}","templated":true}]}}