{"id":22159,"date":"2023-09-18T12:48:18","date_gmt":"2023-09-18T16:48:18","guid":{"rendered":"https:\/\/www.cip-icu.ca\/journee-mondiale-de-lurbanisme\/"},"modified":"2025-10-20T09:00:06","modified_gmt":"2025-10-20T13:00:06","slug":"journee-mondiale-de-lurbanisme","status":"publish","type":"page","link":"https:\/\/www.cip-icu.ca\/fr\/journee-mondiale-de-lurbanisme\/","title":{"rendered":"Journ\u00e9e mondiale de l&#8217;urbanisme"},"content":{"rendered":"\n<div class=\"wp-block-columns are-vertically-aligned-center is-layout-flex wp-container-core-columns-is-layout-9d6595d7 wp-block-columns-is-layout-flex\">\n<div class=\"wp-block-column is-vertically-aligned-center is-layout-flow wp-block-column-is-layout-flow\" style=\"flex-basis:60%\">\n<div style=\"height:120px\" aria-hidden=\"true\" class=\"wp-block-spacer\"><\/div>\n\n\n\n<h3 class=\"wp-block-heading line-heading-full\">Journ\u00e9e mondiale de l&#8217;urbanisme  <\/h3>\n\n\n\n<h1 class=\"wp-block-heading\"><strong><mark style=\"background-color:rgba(0, 0, 0, 0)\" class=\"has-inline-color has-accent-color\">Am\u00e9liorer les communaut\u00e9s<\/mark><\/strong> Gr\u00e2ce \u00e0 la planification  <\/h1>\n\n\n\n<p class=\"lede\">Lors de la Journ\u00e9e mondiale de l&#8217;urbanisme, qui a lieu chaque ann\u00e9e le 8 novembre, les urbanistes et les collectivit\u00e9s du monde entier se r\u00e9unissent pour c\u00e9l\u00e9brer la mani\u00e8re dont un bon urbanisme am\u00e9liore la vie des gens et profite \u00e0 la soci\u00e9t\u00e9 dans son ensemble, en cr\u00e9ant des lieux o\u00f9 il fait bon vivre, travailler et se divertir.<\/p>\n<\/div>\n\n\n\n<div class=\"wp-block-column is-vertically-aligned-center is-layout-flow wp-block-column-is-layout-flow\">\n<div style=\"height:55px\" aria-hidden=\"true\" class=\"wp-block-spacer\"><\/div>\n\n\n<div class=\"wp-block-image wp-duotone-unset-1\">\n<figure class=\"aligncenter size-full is-resized\"><img loading=\"lazy\" decoding=\"async\" width=\"1000\" height=\"1019\" src=\"https:\/\/www.cip-icu.ca\/wp-content\/uploads\/2023\/10\/WTPD.png\" alt=\"\" class=\"wp-image-17975\" style=\"aspect-ratio:1;object-fit:cover;width:350px;height:undefinedpx\" srcset=\"https:\/\/www.cip-icu.ca\/wp-content\/uploads\/2023\/10\/WTPD.png 1000w, https:\/\/www.cip-icu.ca\/wp-content\/uploads\/2023\/10\/WTPD-636x648.png 636w, https:\/\/www.cip-icu.ca\/wp-content\/uploads\/2023\/10\/WTPD-768x783.png 768w\" sizes=\"auto, (max-width: 1000px) 100vw, 1000px\" \/><\/figure>\n<\/div><\/div>\n<\/div>\n\n<div style=\"height:90px\" aria-hidden=\"true\" class=\"wp-block-spacer\"><\/div>\n\n<div class=\"wp-block-group has-blue-2-10-opacity-background-color has-background\"><div class=\"wp-block-group__inner-container is-layout-constrained wp-block-group-is-layout-constrained\">\n<div style=\"height:35px\" aria-hidden=\"true\" class=\"wp-block-spacer\"><\/div>\n\n\n\n<h4 class=\"wp-block-heading\">J&#8217;aurais aim\u00e9 conna\u00eetre l&#8217;urbanisme : Webinaire sur notre profession avec les \u00e9l\u00e8ves du primaire et du secondaire<\/h4>\n\n\n\n<p>On a besoin de plus d&#8217;urbanistes partout au Canada pour relever les d\u00e9fis complexes de nos collectivit\u00e9s. Pourtant, l&#8217;urbanisme est un domaine peu connu des enfants et des jeunes, et beaucoup d\u00e9couvrent la profession plus tard dans leur carri\u00e8re. <\/p>\n\n\n\n<p>\u00c0 l&#8217;occasion de la Semaine mondiale de l&#8217;urbanisme, nous vous invitons \u00e0 d\u00e9couvrir comment visiter une \u00e9cole locale et inspirer la prochaine g\u00e9n\u00e9ration d&#8217;urbanistes. Recevez un mod\u00e8le de pr\u00e9sentation et d\u00e9couvrez des conseils pratiques pour partager votre travail avec des \u00e9l\u00e8ves de tous \u00e2ges de mani\u00e8re ludique et accessible. <\/p>\n\n\n\n<div class=\"wp-block-buttons is-layout-flex wp-block-buttons-is-layout-flex\">\n<div class=\"wp-block-button is-style-outline is-style-outline--2\"><a class=\"wp-block-button__link wp-element-button\" href=\"https:\/\/members.cip-icu.ca\/mpower\/event\/landing.action?id=88\">Registre<\/a><\/div>\n<\/div>\n\n\n\n<div style=\"height:26px\" aria-hidden=\"true\" class=\"wp-block-spacer\"><\/div>\n\n\n\n<hr class=\"wp-block-separator has-alpha-channel-opacity\"\/>\n\n\n\n<div style=\"height:26px\" aria-hidden=\"true\" class=\"wp-block-spacer\"><\/div>\n\n\n\n<h4 class=\"wp-block-heading\">Conf\u00e9rence de l&#8217;APA pour la Journ\u00e9e mondiale de l&#8217;urbanisme 2025 <\/h4>\n\n\n\n<p>L\u2019ICU est fier d&#8217;\u00eatre partenaire du congr\u00e8s virtuel de la Journ\u00e9e mondiale de l&#8217;urbanisme (WTPD) de l&#8217;<a href=\"https:\/\/www.planning.org\/\" target=\"_blank\" rel=\"noreferrer noopener\">American Planning Association<\/a>. Le th\u00e8me de cette ann\u00e9e, \u00ab <em>With Planning We Can!<\/em> \u00bb (Avec l&#8217;urbanisme, c&#8217;est possible!), c\u00e9l\u00e8bre la mani\u00e8re dont l&#8217;urbanisme donne du pouvoir aux communaut\u00e9s et ouvre la voie \u00e0 la prosp\u00e9rit\u00e9.<br\/> <\/p>\n\n\n\n<p>Organis\u00e9e le vendredi <strong>7 novembre<\/strong>, la conf\u00e9rence WTPD 2025 mettra l&#8217;accent sur l&#8217;urbanisme en tant que levier essentiel pour b\u00e2tir des communaut\u00e9s durables, \u00e9quitables et r\u00e9silientes. Ensemble, nous c\u00e9l\u00e9brerons le r\u00f4le de l&#8217;urbanisme dans la r\u00e9solution des d\u00e9fis sociaux, \u00e9conomiques et environnementaux mondiaux, qui contribue en fin de compte \u00e0 fournir des logements, des infrastructures, des solutions climatiques et des r\u00e9sultats plus sains pour tous. <\/p>\n\n\n\n<p><strong>Unit\u00e9s FPC :<\/strong> toutes les s\u00e9ances sont admissibles pour les unit\u00e9s FPC autod\u00e9clar\u00e9es. Pour toute question concernant l&#8217;enregistrement de votre FPC, veuillez communiquer avec votre IAPT.  <\/p>\n\n\n\n<div style=\"height:11px\" aria-hidden=\"true\" class=\"wp-block-spacer\"><\/div>\n\n\n\n<div class=\"wp-block-buttons is-layout-flex wp-block-buttons-is-layout-flex\">\n<div class=\"wp-block-button\"><a class=\"wp-block-button__link wp-element-button\" href=\"https:\/\/planning.zoom.us\/webinar\/register\/WN_QaiHqoJdQKGDFcYqZ43vyg#\/registration\">Registre<\/a><\/div>\n<\/div>\n\n\n\n<div style=\"height:46px\" aria-hidden=\"true\" class=\"wp-block-spacer\"><\/div>\n<\/div><\/div>\n\n<div style=\"height:60px\" aria-hidden=\"true\" class=\"wp-block-spacer\"><\/div>\n\n<div class=\"wp-block-group has-gainsboro-background-color has-background\"><div class=\"wp-block-group__inner-container is-layout-constrained wp-block-group-is-layout-constrained\">\n<div style=\"height:27px\" aria-hidden=\"true\" class=\"wp-block-spacer\"><\/div>\n\n\n\n<h3 class=\"wp-block-heading\"><strong>Aidez-nous \u00e0 proclamer le 8 novembre Journ\u00e9e mondiale de l&#8217;urbanisme !<\/strong><\/h3>\n\n\n\n<p>Les urbanistes jouent un r\u00f4le crucial dans le fa\u00e7onnement de nos communaut\u00e9s, et cet anniversaire est l&#8217;occasion de mettre en valeur les contributions des urbanistes \u00e0 travers le Canada.  <\/p>\n\n\n\n<p>Pour vous aider \u00e0 souligner cette occasion dans votre communaut\u00e9, nous avons cr\u00e9\u00e9 un formulaire de d\u00e9claration de la JMU personnalisable. Vous pouvez utiliser les formulaires ci-dessous pour demander \u00e0 votre municipalit\u00e9 ou \u00e0 votre r\u00e9gion de reconna\u00eetre et de c\u00e9l\u00e9brer officiellement cette journ\u00e9e. <\/p>\n\n\n\n<div style=\"height:35px\" aria-hidden=\"true\" class=\"wp-block-spacer\"><\/div>\n\n\n\n<div class=\"wp-block-buttons is-content-justification-center is-layout-flex wp-container-core-buttons-is-layout-16018d1d wp-block-buttons-is-layout-flex\">\n<div class=\"wp-block-button is-style-outline is-style-outline--3\"><a class=\"wp-block-button__link wp-element-button\" href=\"https:\/\/www.cip-icu.ca\/wp-content\/uploads\/2025\/08\/WTPD-Statement-for-Municipalities-Formatted-EN-2025.docx\">D\u00e9claration pour les municipalit\u00e9s<\/a><\/div>\n\n\n\n<div class=\"wp-block-button is-style-outline is-style-outline--4\"><a class=\"wp-block-button__link wp-element-button\" href=\"https:\/\/www.cip-icu.ca\/wp-content\/uploads\/2025\/08\/WTPD-Statement-for-Provinces-and-Territories-Formatted-EN-2025.docx\">D\u00e9claration pour les provinces et territoires<\/a><\/div>\n<\/div>\n\n\n\n<div style=\"height:45px\" aria-hidden=\"true\" class=\"wp-block-spacer\"><\/div>\n\n\n\n<p class=\"has-text-align-center\">Vous ne savez pas comment soumettre une proclamation? Nous avons dress\u00e9 une liste de villes disposant de ressources en ligne pour vous guider tout au long du processus: <\/p>\n\n\n\n<div style=\"height:18px\" aria-hidden=\"true\" class=\"wp-block-spacer\"><\/div>\n\n\n\n<p class=\"has-text-align-center\"><strong>Provinces<\/strong><br\/><a href=\"https:\/\/www2.gov.bc.ca\/gov\/content\/governments\/celebrating-british-columbia\/proclamations\/request\" target=\"_blank\" rel=\"noreferrer noopener\">Colombie-Britannique<\/a> l <a href=\"https:\/\/www.alberta.ca\/request-provincial-declaration\" target=\"_blank\" rel=\"noreferrer noopener\">Alberta<\/a> l <a href=\"https:\/\/www.princeedwardisland.ca\/en\/service\/request-a-message-or-proclamation\" target=\"_blank\" rel=\"noreferrer noopener\">\u00cele-du-Prince-\u00c9douard<\/a> l <a href=\"https:\/\/commissionerofyukon.ca\/contact\" target=\"_blank\" rel=\"noreferrer noopener\">Yukon<\/a><\/p>\n\n\n\n<p class=\"has-text-align-center\"><strong>Villes<\/strong><br\/><a href=\"https:\/\/vancouver.ca\/your-government\/request-a-proclamation.aspx\" target=\"_blank\" rel=\"noreferrer noopener\">Vancouver<\/a> l <a href=\"https:\/\/www.edmonton.ca\/city_government\/city-protocol\" target=\"_blank\" rel=\"noreferrer noopener\">Edmonton<\/a> l <a href=\"https:\/\/forms.calgary.ca\/content\/forms\/af\/public\/public\/proclamation-or-letter-of-recognition-request-CC943.html\" target=\"_blank\" rel=\"noreferrer noopener\">Calgary<\/a> l <a href=\"https:\/\/www.saskatoon.ca\/city-hall\/civic-meetings-events\/flag-raising-and-proclamations\/approved-proclamations-flag-raisings\" target=\"_blank\" rel=\"noreferrer noopener\">Saskatoon<\/a> l <a href=\"https:\/\/www.regina.ca\/city-government\/administration\/office-of-the-city-clerk\/proclamations\/\" target=\"_blank\" rel=\"noreferrer noopener\">Regina<\/a> l <a href=\"https:\/\/ottawa.ca\/en\/city-hall\/city-manager-administration-and-policies\/office-protocol\/events-and-activities#section-9003ae15-e507-495b-bda8-5ebb09414cd9\" target=\"_blank\" rel=\"noreferrer noopener\">Ottawa<\/a> l <a href=\"https:\/\/www.gatineau.ca\/portail\/default.aspx?p=guichet_municipal\/conseil_municipal\/proclamations_officielles\" target=\"_blank\" rel=\"noreferrer noopener\">Gatineau<\/a> l <a href=\"https:\/\/www.toronto.ca\/city-government\/awards-tributes\/tributes\/proclamations-congratulatory-scrolls-and-letters-of-greeting\/proclamations\/\" target=\"_blank\" rel=\"noreferrer noopener\">Toronto<\/a> l <a href=\"https:\/\/www.halifax.ca\/city-hall\/mayor-mike-savage\/requests\" target=\"_blank\" rel=\"noreferrer noopener\">Halifax<\/a> l <a href=\"https:\/\/www.stjohns.ca\/en\/city-hall\/proclamations-and-protocol-requests.aspx\" target=\"_blank\" rel=\"noreferrer noopener\">St. John&#8217;s<\/a><\/p>\n\n\n\n<div style=\"height:27px\" aria-hidden=\"true\" class=\"wp-block-spacer\"><\/div>\n<\/div><\/div>\n\n<div style=\"height:90px\" aria-hidden=\"true\" class=\"wp-block-spacer\"><\/div>\n\n<blockquote class=\"wp-block-quote has-text-align-right is-layout-flow wp-block-quote-is-layout-flow\">\n<p class=\"has-text-align-left\"><strong>Nous sommes convaincus que le logement est un d\u00e9fi qui n\u00e9cessite des approches collaboratives et holistiques \u00e0 plusieurs niveaux, associant les communaut\u00e9s, les acteurs des secteurs priv\u00e9 et public, ainsi que tous les niveaux de gouvernement. Nous savons que les urbanistes et les professionnels de l&#8217;urbanisme sont pr\u00eats \u00e0 jouer leur r\u00f4le pour favoriser des changements transformateurs et b\u00e2tir un avenir meilleur, plus juste et plus durable.<\/strong><\/p>\n<cite><a href=\"https:\/\/www.cip-icu.ca\/fr\/actualites\/journee-mondiale-de-lurbanisme-2024-declaration-du-gpn\/\">Global Planners Network,<\/a> 2024<\/cite><\/blockquote>\n\n<div style=\"height:37px\" aria-hidden=\"true\" class=\"wp-block-spacer\"><\/div>\n\n<div class=\"wp-block-group smpadding\"><div class=\"wp-block-group__inner-container is-layout-constrained wp-block-group-is-layout-constrained\">\n<h2 class=\"wp-block-heading\"><strong>S&#8217;impliquer<\/strong><\/h2>\n\n\n\n<p>Voici comment vous pouvez participer \u00e0 la Journ\u00e9e mondiale de l&#8217;urbanisme :<\/p>\n\n\n\n<ul class=\"wp-block-list\">\n<li>Consultez le calendrier des \u00e9v\u00e9nements pour conna\u00eetre les activit\u00e9s et les \u00e9v\u00e9nements de l&#8217;ICU et de la r\u00e9gion.<\/li>\n\n\n\n<li>Rejoignez la campagne et partagez vos t\u00e9moignages sur l&#8217;impact positif de la planification dans la construction de villes et de communaut\u00e9s plus r\u00e9silientes, o\u00f9 que vous soyez dans le monde.<\/li>\n\n\n\n<li>T\u00e9l\u00e9chargez le logo de la Journ\u00e9e mondiale de l&#8217;urbanisme <a href=\"https:\/\/www.rtpi.org.uk\/media\/9579\/wtpd-block.jpg\" target=\"_blank\" rel=\"noreferrer noopener\">ici<\/a> pour l&#8217;utiliser dans vos histoires sociales et vos posts.<\/li>\n\n\n\n<li>Utilisez les hashtags #WTPD et #WorldTownPlanningDay, et n&#8217;oubliez pas de mentionner l&#8217;ICU dans votre message.<\/li>\n<\/ul>\n<\/div><\/div>\n\n<div style=\"height:60px\" aria-hidden=\"true\" class=\"wp-block-spacer\"><\/div>\n\n<div class=\"wp-block-group smpadding has-white-color has-accent-background-color has-text-color has-background\"><div class=\"wp-block-group__inner-container is-layout-constrained wp-block-group-is-layout-constrained\">\n<h2 class=\"wp-block-heading\"><strong>Le saviez-vous ?<\/strong><\/h2>\n\n\n\n<p class=\"has-white-color has-text-color\">Le professeur argentin Carlos Mar\u00eda della Paolera a lanc\u00e9 la Journ\u00e9e mondiale de l&#8217;urbanisme \u00e0 Buenos Aires en 1949. Elle est aujourd&#8217;hui c\u00e9l\u00e9br\u00e9e dans plus de 30 pays par des webinaires, des conf\u00e9rences, des concours scolaires, des collectes de fonds, des \u00e9v\u00e9nements caritatifs, des remises de prix, des randonn\u00e9es \u00e0 v\u00e9lo et des festivals de rue.<\/p>\n<\/div><\/div>\n\n<div style=\"height:136px\" aria-hidden=\"true\" class=\"wp-block-spacer\"><\/div>\n","protected":false},"excerpt":{"rendered":"<p>Lors de la Journ\u00e9e mondiale de l&#8217;urbanisme, qui a lieu chaque ann\u00e9e le 8 novembre, les urbanistes et les collectivit\u00e9s du monde entier se r\u00e9unissent&hellip;<\/p>\n","protected":false},"author":12,"featured_media":0,"parent":0,"menu_order":0,"comment_status":"closed","ping_status":"closed","template":"","meta":{"_acf_changed":false,"footnotes":""},"class_list":["post-22159","page","type-page","status-publish","hentry"],"acf":[],"_links":{"self":[{"href":"https:\/\/www.cip-icu.ca\/fr\/wp-json\/wp\/v2\/pages\/22159","targetHints":{"allow":["GET"]}}],"collection":[{"href":"https:\/\/www.cip-icu.ca\/fr\/wp-json\/wp\/v2\/pages"}],"about":[{"href":"https:\/\/www.cip-icu.ca\/fr\/wp-json\/wp\/v2\/types\/page"}],"author":[{"embeddable":true,"href":"https:\/\/www.cip-icu.ca\/fr\/wp-json\/wp\/v2\/users\/12"}],"replies":[{"embeddable":true,"href":"https:\/\/www.cip-icu.ca\/fr\/wp-json\/wp\/v2\/comments?post=22159"}],"version-history":[{"count":16,"href":"https:\/\/www.cip-icu.ca\/fr\/wp-json\/wp\/v2\/pages\/22159\/revisions"}],"predecessor-version":[{"id":39915,"href":"https:\/\/www.cip-icu.ca\/fr\/wp-json\/wp\/v2\/pages\/22159\/revisions\/39915"}],"wp:attachment":[{"href":"https:\/\/www.cip-icu.ca\/fr\/wp-json\/wp\/v2\/media?parent=22159"}],"curies":[{"name":"wp","href":"https:\/\/api.w.org\/{rel}","templated":true}]}}