{"id":22161,"date":"2023-09-18T12:48:27","date_gmt":"2023-09-18T19:48:27","guid":{"rendered":"https:\/\/www.cip-icu.ca\/code-de-conduite-de-levenement\/"},"modified":"2025-09-16T06:30:58","modified_gmt":"2025-09-16T13:30:58","slug":"code-de-conduite-de-levenement","status":"publish","type":"page","link":"https:\/\/www.cip-icu.ca\/fr\/code-de-conduite-de-levenement\/","title":{"rendered":"Code de conduite de l&#8217;\u00e9v\u00e9nement"},"content":{"rendered":"\n<div style=\"height:120px\" aria-hidden=\"true\" class=\"wp-block-spacer\"><\/div>\n\n<div class=\"wp-block-columns is-layout-flex wp-container-core-columns-is-layout-9d6595d7 wp-block-columns-is-layout-flex\">\n<div class=\"wp-block-column is-layout-flow wp-block-column-is-layout-flow\" style=\"flex-basis:66.66%\">\n<h3 class=\"wp-block-heading line-heading-full\">Ev\u00e9nements<\/h3>\n\n\n\n<h1 class=\"wp-block-heading\">Ev\u00e9nement <strong>\n  <mark style=\"background-color:rgba(0, 0, 0, 0)\" class=\"has-inline-color has-accent-color\">Code de conduite<\/mark>\n<\/strong><\/h1>\n\n\n\n<p class=\"lede\">L&#8217;ICU s&#8217;engage \u00e0 offrir une exp\u00e9rience s\u00fbre et accueillante \u00e0 tous et toutes, y compris les participants, les orateurs, les exposants, les sponsors, les b\u00e9n\u00e9voles et le personnel du CIP. l&#8217;ICU appr\u00e9cie votre pr\u00e9sence et attend de tous les participants qu&#8217;ils contribuent \u00e0 garantir une exp\u00e9rience s\u00fbre et positive pour tous.<\/p>\n<\/div>\n\n\n\n<div class=\"wp-block-column is-layout-flow wp-block-column-is-layout-flow\" style=\"flex-basis:33.33%\"><\/div>\n<\/div>\n\n<div style=\"height:100px\" aria-hidden=\"true\" class=\"wp-block-spacer\"><\/div>\n\n<div style=\"height:20px\" aria-hidden=\"true\" class=\"wp-block-spacer\"><\/div>\n\n<div class=\"wp-block-group has-green-1-10-opacity-background-color has-background\"><div class=\"wp-block-group__inner-container is-layout-constrained wp-block-group-is-layout-constrained\">\n<div class=\"wp-block-group\"><div class=\"wp-block-group__inner-container is-layout-constrained wp-block-group-is-layout-constrained\">\n<div style=\"height:40px\" aria-hidden=\"true\" class=\"wp-block-spacer\"><\/div>\n\n\n\n<h4 class=\"wp-block-heading\"><strong>Tous les participants sont soumis au code de conduite de l&#8217;\u00e9v\u00e9nement et sont cens\u00e9s comprendre que l&#8217;ICU : <\/strong><\/h4>\n<\/div><\/div>\n\n\n\n<ul class=\"wp-block-list icon-list\">\n<li>Fera respecter ce code pendant toute la dur\u00e9e de l&#8217;\u00e9v\u00e9nement<\/li>\n\n\n\n<li>Sera disponible pour r\u00e9pondre en temps utile aux plaintes concernant des comportements inacceptables \u00e0 tout moment de l&#8217;\u00e9v\u00e9nement et veillera \u00e0 la s\u00e9curit\u00e9 des plaignants<\/li>\n\n\n\n<li>S&#8217;attend \u00e0 ce qu&#8217;on lui demande de mettre fin \u00e0 des comportements inacceptables.<\/li>\n\n\n\n<li>Peut contacter la s\u00e9curit\u00e9 de l&#8217;h\u00f4tel\/du lieu de conf\u00e9rence ou les autorit\u00e9s polici\u00e8res locales.<\/li>\n\n\n\n<li>Ne remboursera pas les droits d&#8217;inscription ou les frais aux participants expuls\u00e9s d&#8217;une manifestation<\/li>\n\n\n\n<li>Les participants ayant fait preuve d&#8217;un comportement inacceptable peuvent \u00eatre exclus des futurs \u00e9v\u00e9nements CIP en direct ou virtuels.<\/li>\n\n\n\n<li>Il peut signaler les membres qui ont enfreint le code de conduite de l&#8217;\u00e9v\u00e9nement \u00e0 leur institut et association provinciale ou territoriale, \u00e0 leur \u00e9cole et\/ou \u00e0 leur entreprise.<\/li>\n<\/ul>\n\n\n\n<div style=\"height:20px\" aria-hidden=\"true\" class=\"wp-block-spacer\"><\/div>\n\n\n\n<h4 class=\"wp-block-heading\"><strong>Les comportements inacceptables incluent, sans s\u2019y limiter :<\/strong><\/h4>\n\n\n\n<ul class=\"wp-block-list icon-list\">\n<li>Le harc\u00e8lement, qui comprend les commentaires verbaux offensants li\u00e9s au sexe, \u00e0 l&#8217;orientation sexuelle, au handicap, \u00e0 l&#8217;apparence physique, \u00e0 la taille, \u00e0 la race, \u00e0 la religion, aux images sexuelles dans les espaces publics, \u00e0 l&#8217;intimidation d\u00e9lib\u00e9r\u00e9e, \u00e0 la traque, \u00e0 la filature, \u00e0 la photographie ou \u00e0 l&#8217;enregistrement harcelant, \u00e0 la perturbation soutenue des discussions ou d&#8217;autres \u00e9v\u00e9nements, au contact physique inappropri\u00e9 et \u00e0 l&#8217;attention sexuelle importune<\/li>\n\n\n\n<li>Menace r\u00e9elle ou implicite de pr\u00e9judice ou de dommage professionnel ou financier<\/li>\n\n\n\n<li>Perturbation inappropri\u00e9e des r\u00e9unions ou des \u00e9v\u00e9nements, y compris les activit\u00e9s sociales<\/li>\n\n\n\n<li>Photographie, enregistrement en vid\u00e9o ou en audio des diapositives, des pr\u00e9sentations orales ou des affiches sans l&#8217;autorisation du pr\u00e9sentateur\/de l&#8217;auteur<\/li>\n\n\n\n<li>Violation des r\u00e8gles et r\u00e8glements de l&#8217;h\u00f4tel, du centre de congr\u00e8s ou de tout autre site participant<\/li>\n<\/ul>\n\n\n\n<div style=\"height:20px\" aria-hidden=\"true\" class=\"wp-block-spacer\"><\/div>\n\n\n\n<div class=\"wp-block-buttons is-layout-flex wp-block-buttons-is-layout-flex\">\n<div class=\"wp-block-button\"><a class=\"wp-block-button__link wp-element-button\" href=\"https:\/\/www.cip-icu.ca\/wp-content\/uploads\/2024\/12\/ACTION-Event-Code-of-Conduct-Intake-Form-2025.pdf\" target=\"_blank\" rel=\"noreferrer noopener\">Signaler une \u00e9ventuelle violation du code de conduite lors d&#8217;un \u00e9v\u00e9nement<\/a><\/div>\n<\/div>\n\n\n\n<div style=\"height:40px\" aria-hidden=\"true\" class=\"wp-block-spacer\"><\/div>\n<\/div><\/div>\n\n<div style=\"height:50px\" aria-hidden=\"true\" class=\"wp-block-spacer\"><\/div>\n\n<h1 class=\"wp-block-heading has-large-font-size\">Besoin d&#8217;aide ?  <\/h1>\n\n<div class=\"wp-block-buttons is-layout-flex wp-block-buttons-is-layout-flex\">\n<div class=\"wp-block-button\"><a class=\"wp-block-button__link wp-element-button\" href=\"https:\/\/www.cip-icu.ca\/fr\/nous-contacter\/\"><strong>Nous contacter<\/strong><\/a><\/div>\n<\/div>\n\n<div style=\"height:100px\" aria-hidden=\"true\" class=\"wp-block-spacer\"><\/div>\n","protected":false},"excerpt":{"rendered":"<p>Ev\u00e9nement Code de conduite L&#8217;ICU s&#8217;engage \u00e0 offrir une exp\u00e9rience s\u00fbre et accueillante \u00e0 tous et toutes, y compris les participants, les orateurs, les exposants,&hellip;<\/p>\n","protected":false},"author":12,"featured_media":0,"parent":0,"menu_order":0,"comment_status":"closed","ping_status":"closed","template":"","meta":{"_acf_changed":false,"footnotes":""},"class_list":["post-22161","page","type-page","status-publish","hentry"],"acf":[],"_links":{"self":[{"href":"https:\/\/www.cip-icu.ca\/fr\/wp-json\/wp\/v2\/pages\/22161","targetHints":{"allow":["GET"]}}],"collection":[{"href":"https:\/\/www.cip-icu.ca\/fr\/wp-json\/wp\/v2\/pages"}],"about":[{"href":"https:\/\/www.cip-icu.ca\/fr\/wp-json\/wp\/v2\/types\/page"}],"author":[{"embeddable":true,"href":"https:\/\/www.cip-icu.ca\/fr\/wp-json\/wp\/v2\/users\/12"}],"replies":[{"embeddable":true,"href":"https:\/\/www.cip-icu.ca\/fr\/wp-json\/wp\/v2\/comments?post=22161"}],"version-history":[{"count":4,"href":"https:\/\/www.cip-icu.ca\/fr\/wp-json\/wp\/v2\/pages\/22161\/revisions"}],"predecessor-version":[{"id":39141,"href":"https:\/\/www.cip-icu.ca\/fr\/wp-json\/wp\/v2\/pages\/22161\/revisions\/39141"}],"wp:attachment":[{"href":"https:\/\/www.cip-icu.ca\/fr\/wp-json\/wp\/v2\/media?parent=22161"}],"curies":[{"name":"wp","href":"https:\/\/api.w.org\/{rel}","templated":true}]}}