{"id":22163,"date":"2023-09-18T12:48:34","date_gmt":"2023-09-18T19:48:34","guid":{"rendered":"https:\/\/www.cip-icu.ca\/healthy-communities\/"},"modified":"2024-08-15T11:32:53","modified_gmt":"2024-08-15T18:32:53","slug":"healthy-communities","status":"publish","type":"page","link":"https:\/\/www.cip-icu.ca\/fr\/healthy-communities\/","title":{"rendered":"Collectivit\u00e9s saines"},"content":{"rendered":"\n<div class=\"wp-block-columns are-vertically-aligned-top is-layout-flex wp-container-core-columns-is-layout-9d6595d7 wp-block-columns-is-layout-flex\">\n<div class=\"wp-block-column is-vertically-aligned-top is-layout-flow wp-block-column-is-layout-flow\">\n<div style=\"height:100px\" aria-hidden=\"true\" class=\"wp-block-spacer\"><\/div>\n\n\n\n<figure class=\"wp-block-image size-full wp-duotone-unset-1\"><img loading=\"lazy\" decoding=\"async\" width=\"367\" height=\"75\" src=\"https:\/\/www.cip-icu.ca\/wp-content\/uploads\/2023\/11\/CIP-HealthyCommunities_FR-e1700574109924.png\" alt=\"\" class=\"wp-image-22652\"\/><\/figure>\n\n\n\n<h1 class=\"wp-block-heading\">La fa\u00e7on dont les espaces sont con\u00e7us est <strong><mark style=\"background-color:rgba(0, 0, 0, 0)\" class=\"has-inline-color has-blue-2-color\">plus critique<\/mark> <\/strong>que jamais<\/h1>\n\n\n\n<p class=\"lede\">En tant qu&#8217;urbanistes, nous cr\u00e9ons et soutenons des conditions qui am\u00e9liorent la sant\u00e9 et le bien-\u00eatre de la communaut\u00e9 et des individus.<\/p>\n<\/div>\n\n\n\n<div class=\"wp-block-column is-vertically-aligned-top is-layout-flow wp-block-column-is-layout-flow\">\n<figure class=\"wp-block-image size-full corner-bottom-right wp-duotone-unset-2\"><img loading=\"lazy\" decoding=\"async\" width=\"1152\" height=\"768\" src=\"https:\/\/www.cip-icu.ca\/wp-content\/uploads\/2023\/11\/HC.png\" alt=\"\" class=\"wp-image-20402\" style=\"aspect-ratio:3\/2;object-fit:cover\" srcset=\"https:\/\/www.cip-icu.ca\/wp-content\/uploads\/2023\/11\/HC.png 1152w, https:\/\/www.cip-icu.ca\/wp-content\/uploads\/2023\/11\/HC-636x424.png 636w, https:\/\/www.cip-icu.ca\/wp-content\/uploads\/2023\/11\/HC-768x512.png 768w, https:\/\/www.cip-icu.ca\/wp-content\/uploads\/2023\/11\/HC-720x480.png 720w\" sizes=\"auto, (max-width: 1152px) 100vw, 1152px\" \/><\/figure>\n\n\n\n<blockquote class=\"wp-block-quote is-layout-flow wp-block-quote-is-layout-flow\">\n<p>L&#8217;ICU envisage un avenir o\u00f9 la planification, la conception, l&#8217;am\u00e9nagement et la gestion de chaque collectivit\u00e9 contribuent \u00e0 cr\u00e9er des environnements vibrants aux modes de vie actifs qui favorisent et prot\u00e8gent la sant\u00e9 de tous les Canadiens en r\u00e9haussant l&#8217;\u00e9quit\u00e9 sociale et l&#8217;\u00e9quit\u00e9 en sant\u00e9 de la collectivit\u00e9. \u00bb<\/p>\n<\/blockquote>\n<\/div>\n<\/div>\n\n\n\n<div style=\"height:30px\" aria-hidden=\"true\" class=\"wp-block-spacer\"><\/div>\n\n\n\n<div class=\"wp-block-columns scroll-image is-layout-flex wp-container-core-columns-is-layout-9d6595d7 wp-block-columns-is-layout-flex\">\n<div class=\"wp-block-column scroll-image is-layout-flow wp-block-column-is-layout-flow\" style=\"flex-basis:40%\">\n<figure class=\"wp-block-image size-full corner-top-left wp-duotone-unset-3\"><img loading=\"lazy\" decoding=\"async\" width=\"1000\" height=\"768\" src=\"https:\/\/www.cip-icu.ca\/wp-content\/uploads\/2023\/11\/Healthy-2.png\" alt=\"\" class=\"wp-image-20458\" srcset=\"https:\/\/www.cip-icu.ca\/wp-content\/uploads\/2023\/11\/Healthy-2.png 1000w, https:\/\/www.cip-icu.ca\/wp-content\/uploads\/2023\/11\/Healthy-2-636x488.png 636w, https:\/\/www.cip-icu.ca\/wp-content\/uploads\/2023\/11\/Healthy-2-768x590.png 768w, https:\/\/www.cip-icu.ca\/wp-content\/uploads\/2023\/11\/Healthy-2-306x236.png 306w\" sizes=\"auto, (max-width: 1000px) 100vw, 1000px\" \/><\/figure>\n<\/div>\n\n\n\n<div class=\"wp-block-column is-layout-flow wp-block-column-is-layout-flow\">\n<h2 class=\"wp-block-heading\">Aspirer \u00e0 plus<\/h2>\n\n\n\n<p>En tant que professionnels charg\u00e9s de fa\u00e7onner l&#8217;environnement b\u00e2ti, naturel et social, les urbanistes peuvent contribuer et promouvoir les conditions dans lesquelles la sant\u00e9 et le bien-\u00eatre de la communaut\u00e9 et des individus peuvent \u00eatre am\u00e9lior\u00e9s. Les urbanistes sont form\u00e9s pour voir une communaut\u00e9 de mani\u00e8re holistique et sont dans une position unique pour int\u00e9grer diverses perspectives, collaborer avec une grande vari\u00e9t\u00e9 de professionnels et de parties prenantes, et apporter des solutions qui d\u00e9montrent les principes de l&#8217;am\u00e9nagement d&#8217;une communaut\u00e9 en bonne sant\u00e9.<\/p>\n\n\n\n<p>L&#8217;ICU entreprend les actions suivantes pour s&#8217;assurer que l&#8217;organisation contribue \u00e0 l&#8217;avancement de l&#8217;urbanisme au profit de la sant\u00e9 publique :<\/p>\n\n\n\n<ul class=\"wp-block-list list-columns\">\n<li>Promouvoir la vision d&#8217;une collectivit\u00e9 saine dans nos communications, nos actions de d\u00e9fense des politiques, nos normes \u00e9ducatives, nos activit\u00e9s de d\u00e9veloppement professionnel et nos collaborations avec d&#8217;autres professions.<\/li>\n\n\n\n<li>Faire du d\u00e9veloppement et de l&#8217;approfondissement des partenariats avec d&#8217;autres organisations professionnelles une priorit\u00e9 dans notre approche de l&#8217;am\u00e9nagement des collectivit\u00e9s saines.<\/li>\n\n\n\n<li>Veiller \u00e0 ce que les urbanistes en exercice aient acc\u00e8s aux ressources, aux donn\u00e9es, \u00e0 la formation et aux autres formes de soutien dont ils ont besoin pour int\u00e9grer pleinement l&#8217;optique des collectivit\u00e9s saines dans leur travail.<\/li>\n\n\n\n<li>Plaider en faveur de politiques et d&#8217;actions internationales et f\u00e9d\u00e9rales qui contribueront \u00e0 l&#8217;am\u00e9lioration de la sant\u00e9 des collectivit\u00e9s<\/li>\n\n\n\n<li>Envisager d&#8217;autres priorit\u00e9s de mise en \u0153uvre sur la base d&#8217;une analyse annuelle de l&#8217;environnement et d&#8217;une enqu\u00eate aupr\u00e8s des membres.<\/li>\n<\/ul>\n\n\n\n<div class=\"wp-block-buttons is-layout-flex wp-block-buttons-is-layout-flex\">\n<div class=\"wp-block-button is-style-fill\"><a class=\"wp-block-button__link wp-element-button\" href=\"\/wp-content\/uploads\/2023\/09\/Strategic-Plan_ENGLISH_2023.pdf\" target=\"_blank\" rel=\"noreferrer noopener\">En savoir plus sur notre plan strat\u00e9gique<\/a><\/div>\n<\/div>\n<\/div>\n<\/div>\n\n\n\n<div style=\"height:60px\" aria-hidden=\"true\" class=\"wp-block-spacer\"><\/div>\n\n\n\n<div class=\"wp-block-group break-out lgpadding bg-diagonal-gradient\"><div class=\"wp-block-group__inner-container is-layout-constrained wp-block-group-is-layout-constrained\">\n<div class=\"wp-block-group container\"><div class=\"wp-block-group__inner-container is-layout-constrained wp-block-group-is-layout-constrained\">\n<div class=\"wp-block-columns is-layout-flex wp-container-core-columns-is-layout-9d6595d7 wp-block-columns-is-layout-flex\">\n<div class=\"wp-block-column is-layout-flow wp-block-column-is-layout-flow\" style=\"flex-basis:66.66%\">\n<h3 class=\"wp-block-heading line-heading\">Passer \u00e0 l&#8217;action<\/h3>\n\n\n\n<h2 class=\"wp-block-heading\">Notre action en faveur des collectivit\u00e9s saines<\/h2>\n\n\n\n<p>La relation entre la planification de nos collectivit\u00e9s et l\u2019\u00e9tat de sant\u00e9 des Canadiens est d\u2019autant plus importante que les facteurs de stress sociaux et environnementaux contribuent \u00e0 l\u2019augmentation des probl\u00e8mes de sant\u00e9 physique et mentale au Canada.<\/p>\n\n\n\n<div style=\"height:30px\" aria-hidden=\"true\" class=\"wp-block-spacer\"><\/div>\n\n\n\n<div class=\"wp-block-group smpadding has-blue-2-30-opacity-background-color has-background\"><div class=\"wp-block-group__inner-container is-layout-constrained wp-block-group-is-layout-constrained\">\n<p><strong>Politique sur la planification de collectivit\u00e9s sain\u00e9s<\/strong><\/p>\n\n\n\n<p>Notre politique des collectivit\u00e9s saines d\u00e9finit le r\u00f4le de l&#8217;urbanisme dans la promotion d&#8217;environnements dynamiques et de modes de vie actifs qui favorisent et prot\u00e8gent la sant\u00e9 de tous les Canadiens, en renfor\u00e7ant l&#8217;\u00e9quit\u00e9 sociale et sanitaire de nos communaut\u00e9s.<\/p>\n\n\n\n<p><strong><a href=\"https:\/\/www.cip-icu.ca\/wp-content\/uploads\/2023\/12\/policy-healthy-fr-2023-new-branding-edit-2.pdf\" data-type=\"link\" data-id=\"https:\/\/www.cip-icu.ca\/wp-content\/uploads\/2023\/12\/policy-healthy-fr-2023-new-branding-edit-2.pdf\" target=\"_blank\" rel=\"noreferrer noopener\">Lire la politique<\/a><\/strong><\/p>\n<\/div><\/div>\n<\/div>\n\n\n\n<div class=\"wp-block-column is-layout-flow wp-block-column-is-layout-flow\" style=\"flex-basis:33.33%\">\n<figure class=\"wp-block-image size-full\"><img loading=\"lazy\" decoding=\"async\" width=\"900\" height=\"900\" src=\"https:\/\/www.cip-icu.ca\/wp-content\/uploads\/2023\/11\/Healthy-Communities.png\" alt=\"\" class=\"wp-image-20416\" srcset=\"https:\/\/www.cip-icu.ca\/wp-content\/uploads\/2023\/11\/Healthy-Communities.png 900w, https:\/\/www.cip-icu.ca\/wp-content\/uploads\/2023\/11\/Healthy-Communities-636x636.png 636w, https:\/\/www.cip-icu.ca\/wp-content\/uploads\/2023\/11\/Healthy-Communities-160x160.png 160w, https:\/\/www.cip-icu.ca\/wp-content\/uploads\/2023\/11\/Healthy-Communities-768x768.png 768w\" sizes=\"auto, (max-width: 900px) 100vw, 900px\" \/><\/figure>\n<\/div>\n<\/div>\n\n\n\n<div class=\"wp-block-columns is-layout-flex wp-container-core-columns-is-layout-9d6595d7 wp-block-columns-is-layout-flex\">\n<div class=\"wp-block-column is-layout-flow wp-block-column-is-layout-flow\">\n<p><strong>Rapport sur l\u2019int\u00e9gration de la sant\u00e9 dans l\u2019urbanisme<\/strong><\/p>\n\n\n\n<p>L&#8217;ICU est fier de soutenir le <em>rapport sur l\u2019int\u00e9gration de la sant\u00e9 dans l\u2019urbanisme au Canada<\/em>, qui donne un aper\u00e7u des priorit\u00e9s partag\u00e9es par les urbanistes et les professionnels de la sant\u00e9 publique. <\/p>\n\n\n\n<p><strong><a href=\"\/wp-content\/uploads\/2023\/09\/2021-11-02-2021-Report-on-Health-and-Planning-In-Canada.pdf\" data-type=\"link\" data-id=\"\/wp-content\/uploads\/2023\/09\/2021-11-02-2021-Report-on-Health-and-Planning-In-Canada.pdf\" target=\"_blank\" rel=\"noreferrer noopener\">Lire le rapport<\/a><\/strong><\/p>\n<\/div>\n\n\n\n<div class=\"wp-block-column is-layout-flow wp-block-column-is-layout-flow\">\n<p><strong>Urbanisme et bien-\u00eatre des collectivit\u00e9s : guide du praticien<\/strong><\/p>\n\n\n\n<p>L&#8217;ICU est fier de soutenir le <em>Planning and Community Health Practitioner&#8217;s Handbook<\/em> <em>(Urbanisme et bien-\u00eatre des collectivit\u00e9s : guide du praticien)<\/em> qui offre un aper\u00e7u des priorit\u00e9s partag\u00e9es par les urbanistes et les professionnels de la sant\u00e9 publique.<\/p>\n\n\n\n<p><strong><a href=\"\/wp-content\/uploads\/2023\/09\/2021-11-02-Planning-and-Community-Health-A-Practitioner-s-Handbook.pdf\" data-type=\"link\" data-id=\"\/wp-content\/uploads\/2023\/09\/2021-11-02-Planning-and-Community-Health-A-Practitioner-s-Handbook.pdf\" target=\"_blank\" rel=\"noreferrer noopener\">Lire le manuel<\/a><\/strong><\/p>\n<\/div>\n\n\n\n<div class=\"wp-block-column is-layout-flow wp-block-column-is-layout-flow\">\n<p><strong>Guide pratique des communaut\u00e9s en sant\u00e9<\/strong><\/p>\n\n\n\n<p>Le <em>guide pratique des communaut\u00e9s en sant\u00e9 de l&#8217;ICU<\/em> est con\u00e7u pour aider les urbanistes \u00e0 promouvoir des collectivit\u00e9s plus saines et \u00e0 comprendre comment les professionnels de la sant\u00e9 peuvent les aider \u00e0 atteindre cet objectif commun.<\/p>\n\n\n\n<p><strong><a href=\"\/wp-content\/uploads\/2023\/09\/2021-11-02-Planning-and-Community-Health-A-Practitioner-s-Handbook.pdf\" data-type=\"link\" data-id=\"\/wp-content\/uploads\/2023\/09\/2021-11-02-Planning-and-Community-Health-A-Practitioner-s-Handbook.pdf\" target=\"_blank\" rel=\"noreferrer noopener\">Lire le guide<\/a><\/strong><\/p>\n<\/div>\n<\/div>\n<\/div><\/div>\n<\/div><\/div>\n\n\n\n<div style=\"height:100px\" aria-hidden=\"true\" class=\"wp-block-spacer\"><\/div>\n\n\n\n<h2 class=\"wp-block-heading\">Plus de ressources<\/h2>\n\n\n\n<div class=\"wp-block-columns is-layout-flex wp-container-core-columns-is-layout-9d6595d7 wp-block-columns-is-layout-flex\">\n<div class=\"wp-block-column has-gainsboro-background-color has-background is-layout-flow wp-block-column-is-layout-flow\">\n<div style=\"height:20px\" aria-hidden=\"true\" class=\"wp-block-spacer\"><\/div>\n\n\n\n<figure class=\"wp-block-image size-large\"><img loading=\"lazy\" decoding=\"async\" width=\"1296\" height=\"864\" src=\"https:\/\/www.cip-icu.ca\/wp-content\/uploads\/2023\/11\/blog-1296x864.png\" alt=\"\" class=\"wp-image-20970\" srcset=\"https:\/\/www.cip-icu.ca\/wp-content\/uploads\/2023\/11\/blog-1296x864.png 1296w, https:\/\/www.cip-icu.ca\/wp-content\/uploads\/2023\/11\/blog-636x424.png 636w, https:\/\/www.cip-icu.ca\/wp-content\/uploads\/2023\/11\/blog-768x512.png 768w, https:\/\/www.cip-icu.ca\/wp-content\/uploads\/2023\/11\/blog-1536x1024.png 1536w, https:\/\/www.cip-icu.ca\/wp-content\/uploads\/2023\/11\/blog-720x480.png 720w, https:\/\/www.cip-icu.ca\/wp-content\/uploads\/2023\/11\/blog.png 1920w\" sizes=\"auto, (max-width: 1296px) 100vw, 1296px\" \/><\/figure>\n\n\n\n<p class=\"has-text-align-center\">Consultez nos derniers articles de blog sur les collectivit\u00e9s saines.<\/p>\n\n\n\n<div class=\"wp-block-buttons is-content-justification-center is-layout-flex wp-container-core-buttons-is-layout-16018d1d wp-block-buttons-is-layout-flex\">\n<div class=\"wp-block-button is-style-outline is-style-outline--4\"><a class=\"wp-block-button__link wp-element-button\" href=\"https:\/\/www.cip-icu.ca\/fr\/tag\/collectivites-saines\/\"><strong>Lire la suite<\/strong><\/a><\/div>\n<\/div>\n\n\n\n<div style=\"height:20px\" aria-hidden=\"true\" class=\"wp-block-spacer\"><\/div>\n<\/div>\n\n\n\n<div class=\"wp-block-column has-gainsboro-background-color has-background is-layout-flow wp-block-column-is-layout-flow\">\n<div style=\"height:20px\" aria-hidden=\"true\" class=\"wp-block-spacer\"><\/div>\n\n\n\n<figure class=\"wp-block-image size-large\"><img loading=\"lazy\" decoding=\"async\" width=\"1296\" height=\"864\" src=\"https:\/\/www.cip-icu.ca\/wp-content\/uploads\/2023\/11\/CPL_FR-1296x864.png\" alt=\"\" class=\"wp-image-22684\" srcset=\"https:\/\/www.cip-icu.ca\/wp-content\/uploads\/2023\/11\/CPL_FR-1296x864.png 1296w, https:\/\/www.cip-icu.ca\/wp-content\/uploads\/2023\/11\/CPL_FR-636x424.png 636w, https:\/\/www.cip-icu.ca\/wp-content\/uploads\/2023\/11\/CPL_FR-768x512.png 768w, https:\/\/www.cip-icu.ca\/wp-content\/uploads\/2023\/11\/CPL_FR-1536x1024.png 1536w, https:\/\/www.cip-icu.ca\/wp-content\/uploads\/2023\/11\/CPL_FR-720x480.png 720w, https:\/\/www.cip-icu.ca\/wp-content\/uploads\/2023\/11\/CPL_FR.png 1920w\" sizes=\"auto, (max-width: 1296px) 100vw, 1296px\" \/><\/figure>\n\n\n\n<p class=\"has-text-align-center\">Regardez nos derniers webinaires sur les collectivit\u00e9s saines.<\/p>\n\n\n\n<div class=\"wp-block-buttons is-content-justification-center is-layout-flex wp-container-core-buttons-is-layout-16018d1d wp-block-buttons-is-layout-flex\">\n<div class=\"wp-block-button is-style-outline is-style-outline--5\"><a class=\"wp-block-button__link wp-element-button\" href=\"https:\/\/www.cip-icu.ca\/fr\/cpl-hub\/\"><strong>Visitez le CAP HUB<\/strong><\/a><\/div>\n<\/div>\n\n\n\n<div style=\"height:20px\" aria-hidden=\"true\" class=\"wp-block-spacer\"><\/div>\n<\/div>\n\n\n\n<div class=\"wp-block-column has-gainsboro-background-color has-background is-layout-flow wp-block-column-is-layout-flow\">\n<div style=\"height:20px\" aria-hidden=\"true\" class=\"wp-block-spacer\"><\/div>\n\n\n\n<figure class=\"wp-block-image size-large\"><img loading=\"lazy\" decoding=\"async\" width=\"1296\" height=\"864\" src=\"https:\/\/www.cip-icu.ca\/wp-content\/uploads\/2023\/11\/resources--1296x864.png\" alt=\"\" class=\"wp-image-20971\" srcset=\"https:\/\/www.cip-icu.ca\/wp-content\/uploads\/2023\/11\/resources--1296x864.png 1296w, https:\/\/www.cip-icu.ca\/wp-content\/uploads\/2023\/11\/resources--636x424.png 636w, https:\/\/www.cip-icu.ca\/wp-content\/uploads\/2023\/11\/resources--768x512.png 768w, https:\/\/www.cip-icu.ca\/wp-content\/uploads\/2023\/11\/resources--1536x1024.png 1536w, https:\/\/www.cip-icu.ca\/wp-content\/uploads\/2023\/11\/resources--720x480.png 720w, https:\/\/www.cip-icu.ca\/wp-content\/uploads\/2023\/11\/resources-.png 1920w\" sizes=\"auto, (max-width: 1296px) 100vw, 1296px\" \/><\/figure>\n\n\n\n<p class=\"has-text-align-center has-black-color has-text-color has-link-color wp-elements-7a10aa13f2fc8e6e67fc59115d13128f\">Lire d&#8217;autres ressources sur les collectivit\u00e9s saines.<\/p>\n\n\n\n<div class=\"wp-block-buttons is-content-justification-center is-layout-flex wp-container-core-buttons-is-layout-16018d1d wp-block-buttons-is-layout-flex\">\n<div class=\"wp-block-button is-style-outline is-style-outline--6\"><a class=\"wp-block-button__link has-text-align-center wp-element-button\" href=\"https:\/\/www.cip-icu.ca\/fr\/bibliotheque-de-ressources\/?_sft_resource_category=healthy-communities\"><strong>Voir les ressources<\/strong><\/a><\/div>\n<\/div>\n\n\n\n<div style=\"height:20px\" aria-hidden=\"true\" class=\"wp-block-spacer\"><\/div>\n<\/div>\n\n\n\n<div class=\"wp-block-column has-gainsboro-background-color has-background is-layout-flow wp-block-column-is-layout-flow\">\n<div style=\"height:20px\" aria-hidden=\"true\" class=\"wp-block-spacer\"><\/div>\n\n\n\n<figure class=\"wp-block-image size-large\"><img loading=\"lazy\" decoding=\"async\" width=\"1296\" height=\"864\" src=\"https:\/\/www.cip-icu.ca\/wp-content\/uploads\/2023\/11\/partnership--1296x864.png\" alt=\"\" class=\"wp-image-20972\" srcset=\"https:\/\/www.cip-icu.ca\/wp-content\/uploads\/2023\/11\/partnership--1296x864.png 1296w, https:\/\/www.cip-icu.ca\/wp-content\/uploads\/2023\/11\/partnership--636x424.png 636w, https:\/\/www.cip-icu.ca\/wp-content\/uploads\/2023\/11\/partnership--768x512.png 768w, https:\/\/www.cip-icu.ca\/wp-content\/uploads\/2023\/11\/partnership--1536x1024.png 1536w, https:\/\/www.cip-icu.ca\/wp-content\/uploads\/2023\/11\/partnership--720x480.png 720w, https:\/\/www.cip-icu.ca\/wp-content\/uploads\/2023\/11\/partnership-.png 1920w\" sizes=\"auto, (max-width: 1296px) 100vw, 1296px\" \/><\/figure>\n\n\n\n<p class=\"has-text-align-center\">Voir avec qui nous travaillons sur les collectivit\u00e9s saines.<\/p>\n\n\n\n<div class=\"wp-block-buttons is-content-justification-center is-layout-flex wp-container-core-buttons-is-layout-16018d1d wp-block-buttons-is-layout-flex\">\n<div class=\"wp-block-button is-style-outline is-style-outline--7\"><a class=\"wp-block-button__link wp-element-button\" href=\"https:\/\/www.cip-icu.ca\/fr\/partenariats-et-representants\/\"><strong>Voir les partenariats<\/strong><\/a><\/div>\n<\/div>\n\n\n\n<div style=\"height:20px\" aria-hidden=\"true\" class=\"wp-block-spacer\"><\/div>\n<\/div>\n<\/div>\n\n\n\n<div style=\"height:100px\" aria-hidden=\"true\" class=\"wp-block-spacer\"><\/div>\n","protected":false},"excerpt":{"rendered":"<p>En tant qu&#8217;urbanistes, nous cr\u00e9ons et soutenons des conditions qui am\u00e9liorent la sant\u00e9 et le bien-\u00eatre de la communaut\u00e9 et des individus. L&#8217;ICU envisage un&hellip;<\/p>\n","protected":false},"author":12,"featured_media":0,"parent":0,"menu_order":0,"comment_status":"closed","ping_status":"closed","template":"","meta":{"_acf_changed":false,"footnotes":""},"class_list":["post-22163","page","type-page","status-publish","hentry"],"acf":[],"_links":{"self":[{"href":"https:\/\/www.cip-icu.ca\/fr\/wp-json\/wp\/v2\/pages\/22163","targetHints":{"allow":["GET"]}}],"collection":[{"href":"https:\/\/www.cip-icu.ca\/fr\/wp-json\/wp\/v2\/pages"}],"about":[{"href":"https:\/\/www.cip-icu.ca\/fr\/wp-json\/wp\/v2\/types\/page"}],"author":[{"embeddable":true,"href":"https:\/\/www.cip-icu.ca\/fr\/wp-json\/wp\/v2\/users\/12"}],"replies":[{"embeddable":true,"href":"https:\/\/www.cip-icu.ca\/fr\/wp-json\/wp\/v2\/comments?post=22163"}],"version-history":[{"count":9,"href":"https:\/\/www.cip-icu.ca\/fr\/wp-json\/wp\/v2\/pages\/22163\/revisions"}],"predecessor-version":[{"id":29413,"href":"https:\/\/www.cip-icu.ca\/fr\/wp-json\/wp\/v2\/pages\/22163\/revisions\/29413"}],"wp:attachment":[{"href":"https:\/\/www.cip-icu.ca\/fr\/wp-json\/wp\/v2\/media?parent=22163"}],"curies":[{"name":"wp","href":"https:\/\/api.w.org\/{rel}","templated":true}]}}