{"id":22164,"date":"2023-09-18T12:48:14","date_gmt":"2023-09-18T19:48:14","guid":{"rendered":"https:\/\/www.cip-icu.ca\/conferences-precedentes\/"},"modified":"2025-08-06T06:24:43","modified_gmt":"2025-08-06T13:24:43","slug":"conferences-precedentes","status":"publish","type":"page","link":"https:\/\/www.cip-icu.ca\/fr\/conferences-precedentes\/","title":{"rendered":"Conf\u00e9rences pr\u00e9c\u00e9dentes"},"content":{"rendered":"\n<div class=\"wp-block-columns is-layout-flex wp-container-core-columns-is-layout-9d6595d7 wp-block-columns-is-layout-flex\">\n<div class=\"wp-block-column is-layout-flow wp-block-column-is-layout-flow\" style=\"flex-basis:60%\">\n<div style=\"height:140px\" aria-hidden=\"true\" class=\"wp-block-spacer\"><\/div>\n\n\n\n<h1 class=\"wp-block-heading has-black-color has-text-color\"><strong><mark style=\"background-color:rgba(0, 0, 0, 0)\" class=\"has-inline-color has-accent-color\">Conf\u00e9rences<\/mark><\/strong> pr\u00e9c\u00e9dentes<\/h1>\n\n\n\n<p class=\"lede\">Chaque ann\u00e9e, l&#8217;ICU organise une conf\u00e9rence nationale afin d&#8217;aborder des questions et des sujets cl\u00e9s qui ont un impact et une influence sur la profession d&#8217;urbaniste. En savoir plus sur nos conf\u00e9rences pass\u00e9es :  <\/p>\n<\/div>\n\n\n\n<div class=\"wp-block-column is-layout-flow wp-block-column-is-layout-flow\" style=\"flex-basis:33.33%\"><\/div>\n<\/div>\n\n<div style=\"height:100px\" aria-hidden=\"true\" class=\"wp-block-spacer\"><\/div>\n\n<div class=\"wp-block-columns alignwide is-layout-flex wp-container-core-columns-is-layout-9d6595d7 wp-block-columns-is-layout-flex\">\n<div class=\"wp-block-column is-layout-flow wp-block-column-is-layout-flow\">\n<div class=\"wp-block-group has-gainsboro-background-color has-background\"><div class=\"wp-block-group__inner-container is-layout-constrained wp-block-group-is-layout-constrained\"><div class=\"wp-block-image\">\n<figure class=\"aligncenter size-large is-resized\"><img loading=\"lazy\" decoding=\"async\" width=\"1296\" height=\"595\" src=\"https:\/\/www.cip-icu.ca\/wp-content\/uploads\/2024\/07\/2025ActionLogo-1296x595.png\" alt=\"\" class=\"wp-image-29075\" style=\"aspect-ratio:2.1636363636363636;object-fit:contain;width:171px;height:auto\" srcset=\"https:\/\/www.cip-icu.ca\/wp-content\/uploads\/2024\/07\/2025ActionLogo-1296x595.png 1296w, https:\/\/www.cip-icu.ca\/wp-content\/uploads\/2024\/07\/2025ActionLogo-636x292.png 636w, https:\/\/www.cip-icu.ca\/wp-content\/uploads\/2024\/07\/2025ActionLogo-768x353.png 768w, https:\/\/www.cip-icu.ca\/wp-content\/uploads\/2024\/07\/2025ActionLogo-1536x706.png 1536w, https:\/\/www.cip-icu.ca\/wp-content\/uploads\/2024\/07\/2025ActionLogo.png 1811w\" sizes=\"auto, (max-width: 1296px) 100vw, 1296px\" \/><\/figure>\n<\/div>\n\n\n<div style=\"height:10px\" aria-hidden=\"true\" class=\"wp-block-spacer\"><\/div>\n\n\n\n<p class=\"has-text-align-left has-regular-font-size\"><strong>2025<\/strong><\/p>\n\n\n\n<p class=\"has-text-align-left has-regular-font-size\">L&#8217;ICU et l&#8217;Institut des planificateurs professionnels de l\u2019Ontario ont organis\u00e9 \u00ab Action \u00bb, qui s&#8217;est tenu en ligne et en personne \u00e0 Toronto, en Ontario. <\/p>\n\n\n\n<div style=\"height:20px\" aria-hidden=\"true\" class=\"wp-block-spacer\"><\/div>\n\n\n\n<p><strong><a href=\"https:\/\/www.cip-icu.ca\/wp-content\/uploads\/2025\/07\/ACTION-2025-Pocket-Programming.pdf\" target=\"_blank\" rel=\"noreferrer noopener\">Voir le programme<\/a><\/strong><\/p>\n\n\n\n<a href=\"https:\/\/www.cip-icu.ca\/fr\/conferences-precedentes\/action-2025-photo-gallery\/\"><strong>Voir les photos<\/strong><\/a><\/p>\n<\/div><\/div>\n<\/div>\n\n\n\n<div class=\"wp-block-column is-layout-flow wp-block-column-is-layout-flow\">\n<div class=\"wp-block-group has-gainsboro-background-color has-background\"><div class=\"wp-block-group__inner-container is-layout-constrained wp-block-group-is-layout-constrained\"><div class=\"wp-block-image\">\n<figure class=\"aligncenter size-large is-resized\"><img loading=\"lazy\" decoding=\"async\" width=\"1296\" height=\"1296\" src=\"https:\/\/www.cip-icu.ca\/wp-content\/uploads\/2023\/11\/Connection-logo_en-1296x1296.png\" alt=\"\" class=\"wp-image-23660\" style=\"aspect-ratio:2.1636363636363636;object-fit:contain;width:262px;height:auto\"\/><\/figure>\n<\/div>\n\n\n<p class=\"has-text-align-left has-regular-font-size\"><strong>2024<\/strong><\/p>\n\n\n\n<p class=\"has-text-align-left has-regular-font-size\">Le CIP et l&#8217;Alberta Professional Planners Institute ont organis\u00e9 &#8220;Connection&#8221;, qui s&#8217;est d\u00e9roul\u00e9 en ligne et en personne \u00e0 Edmonton, AB.  <\/p>\n\n\n\n<div style=\"height:20px\" aria-hidden=\"true\" class=\"wp-block-spacer\"><\/div>\n\n\n\n<p><strong><a href=\"https:\/\/www.cip-icu.ca\/wp-content\/uploads\/2024\/07\/CONNECTION-2024-Pocket-Program-4x4-1.pdf\" target=\"_blank\" rel=\"noreferrer noopener\">Voir le programme<\/a><\/strong><\/p>\n\n\n\n<p><a href=\"https:\/\/www.cip-icu.ca\/past-conferences\/connection-2024-photo-gallery\/\"><strong>Voir les photos<\/strong><\/a>\n<\/div><\/div>\n<\/div>\n\n\n\n<div class=\"wp-block-column is-layout-flow wp-block-column-is-layout-flow\">\n<div class=\"wp-block-group has-gainsboro-background-color has-background\"><div class=\"wp-block-group__inner-container is-layout-constrained wp-block-group-is-layout-constrained\"><div class=\"wp-block-image\">\n<figure class=\"aligncenter size-large is-resized\"><img loading=\"lazy\" decoding=\"async\" width=\"1296\" height=\"478\" src=\"https:\/\/www.cip-icu.ca\/wp-content\/uploads\/2023\/11\/2023-Navigation-Hybrid-Logo_EN_color_finalize-1296x478.png\" alt=\"\" class=\"wp-image-18737\" style=\"object-fit:contain;width:238px;height:110px\" srcset=\"https:\/\/www.cip-icu.ca\/wp-content\/uploads\/2023\/11\/2023-Navigation-Hybrid-Logo_EN_color_finalize-1296x478.png 1296w, https:\/\/www.cip-icu.ca\/wp-content\/uploads\/2023\/11\/2023-Navigation-Hybrid-Logo_EN_color_finalize-636x234.png 636w, https:\/\/www.cip-icu.ca\/wp-content\/uploads\/2023\/11\/2023-Navigation-Hybrid-Logo_EN_color_finalize-768x283.png 768w, https:\/\/www.cip-icu.ca\/wp-content\/uploads\/2023\/11\/2023-Navigation-Hybrid-Logo_EN_color_finalize-1536x566.png 1536w, https:\/\/www.cip-icu.ca\/wp-content\/uploads\/2023\/11\/2023-Navigation-Hybrid-Logo_EN_color_finalize-2048x755.png 2048w\" sizes=\"auto, (max-width: 1296px) 100vw, 1296px\" \/><\/figure>\n<\/div>\n\n\n<p class=\"has-text-align-left has-regular-font-size\"><strong>2023<\/strong><\/p>\n\n\n\n<p class=\"has-text-align-left has-regular-font-size\">Le CIP et l&#8217;Institut des planificateurs de l&#8217;Atlantique ont organis\u00e9 &#8220;Navigation&#8221;, qui s&#8217;est d\u00e9roul\u00e9 en ligne et en personne \u00e0 Halifax (Nouvelle-\u00c9cosse).  <\/p>\n\n\n\n<div style=\"height:20px\" aria-hidden=\"true\" class=\"wp-block-spacer\"><\/div>\n\n\n\n<p><strong><a href=\"https:\/\/www.cip-icu.ca\/wp-content\/uploads\/2023\/11\/Pocket-Program-2023_final-1.pdf\" target=\"_blank\" rel=\"noreferrer noopener\">Voir le programme<\/a><\/strong><\/p>\n<\/div><\/div>\n<\/div>\n<\/div>\n\n<div style=\"height:60px\" aria-hidden=\"true\" class=\"wp-block-spacer\"><\/div>\n\n<div class=\"wp-block-columns alignwide is-layout-flex wp-container-core-columns-is-layout-9d6595d7 wp-block-columns-is-layout-flex\">\n<div class=\"wp-block-column is-layout-flow wp-block-column-is-layout-flow\">\n<div class=\"wp-block-group has-gainsboro-background-color has-background\"><div class=\"wp-block-group__inner-container is-layout-constrained wp-block-group-is-layout-constrained\"><div class=\"wp-block-image\">\n<figure class=\"aligncenter size-full is-resized\"><img loading=\"lazy\" decoding=\"async\" width=\"861\" height=\"864\" src=\"https:\/\/www.cip-icu.ca\/wp-content\/uploads\/2023\/11\/2022-Elevation-2.0-EN.png\" alt=\"\" class=\"wp-image-18735\" style=\"object-fit:contain;width:undefinedpx;height:120px\" srcset=\"https:\/\/www.cip-icu.ca\/wp-content\/uploads\/2023\/11\/2022-Elevation-2.0-EN.png 861w, https:\/\/www.cip-icu.ca\/wp-content\/uploads\/2023\/11\/2022-Elevation-2.0-EN-636x638.png 636w, https:\/\/www.cip-icu.ca\/wp-content\/uploads\/2023\/11\/2022-Elevation-2.0-EN-160x160.png 160w, https:\/\/www.cip-icu.ca\/wp-content\/uploads\/2023\/11\/2022-Elevation-2.0-EN-768x771.png 768w\" sizes=\"auto, (max-width: 861px) 100vw, 861px\" \/><\/figure>\n<\/div>\n\n\n<p class=\"has-text-align-left has-regular-font-size\"><strong>2022<\/strong><\/p>\n\n\n\n<p class=\"has-text-align-left has-regular-font-size\">Le CIP et le Planning Institute of British Columbia ont organis\u00e9 &#8220;Elevation 2.0&#8221;, une conf\u00e9rence hybride qui s&#8217;est d\u00e9roul\u00e9e \u00e0 Whistler, en Colombie-Britannique, et en ligne.<\/p>\n\n\n\n<div style=\"height:20px\" aria-hidden=\"true\" class=\"wp-block-spacer\"><\/div>\n\n\n\n<p><strong><a href=\"https:\/\/www.cip-icu.ca\/wp-content\/uploads\/2023\/11\/Pocket-Program-2022-1.pdf\" target=\"_blank\" rel=\"noreferrer noopener\">Voir le programme<\/a><\/strong><\/p>\n<\/div><\/div>\n<\/div>\n\n\n\n<div class=\"wp-block-column is-layout-flow wp-block-column-is-layout-flow\">\n<div class=\"wp-block-group has-gainsboro-background-color has-background\"><div class=\"wp-block-group__inner-container is-layout-constrained wp-block-group-is-layout-constrained\"><div class=\"wp-block-image\">\n<figure class=\"aligncenter size-large is-resized\"><img loading=\"lazy\" decoding=\"async\" width=\"1296\" height=\"1296\" src=\"https:\/\/www.cip-icu.ca\/wp-content\/uploads\/2023\/11\/2020-Elevation-Webseries-Logo-Colour-1296x1296.png\" alt=\"\" class=\"wp-image-18736\" style=\"object-fit:contain;width:undefinedpx;height:120px\" srcset=\"https:\/\/www.cip-icu.ca\/wp-content\/uploads\/2023\/11\/2020-Elevation-Webseries-Logo-Colour-1296x1296.png 1296w, https:\/\/www.cip-icu.ca\/wp-content\/uploads\/2023\/11\/2020-Elevation-Webseries-Logo-Colour-636x636.png 636w, https:\/\/www.cip-icu.ca\/wp-content\/uploads\/2023\/11\/2020-Elevation-Webseries-Logo-Colour-160x160.png 160w, https:\/\/www.cip-icu.ca\/wp-content\/uploads\/2023\/11\/2020-Elevation-Webseries-Logo-Colour-768x768.png 768w, https:\/\/www.cip-icu.ca\/wp-content\/uploads\/2023\/11\/2020-Elevation-Webseries-Logo-Colour-1536x1536.png 1536w, https:\/\/www.cip-icu.ca\/wp-content\/uploads\/2023\/11\/2020-Elevation-Webseries-Logo-Colour-2048x2048.png 2048w\" sizes=\"auto, (max-width: 1296px) 100vw, 1296px\" \/><\/figure>\n<\/div>\n\n\n<p class=\"has-text-align-left has-regular-font-size\"><strong>2020<\/strong><\/p>\n\n\n\n<p class=\"has-text-align-left has-regular-font-size\">Le CIP et le Planning Institute of British Columbia ont organis\u00e9 une s\u00e9rie de webinaires intitul\u00e9e &#8220;Elevation 2.0&#8221;.<\/p>\n\n\n\n<div style=\"height:20px\" aria-hidden=\"true\" class=\"wp-block-spacer\"><\/div>\n<\/div><\/div>\n<\/div>\n\n\n\n<div class=\"wp-block-column is-layout-flow wp-block-column-is-layout-flow\">\n<div class=\"wp-block-group has-gainsboro-background-color has-background\"><div class=\"wp-block-group__inner-container is-layout-constrained wp-block-group-is-layout-constrained\"><div class=\"wp-block-image\">\n<figure class=\"aligncenter size-large is-resized\"><img loading=\"lazy\" decoding=\"async\" width=\"1296\" height=\"1296\" src=\"https:\/\/www.cip-icu.ca\/wp-content\/uploads\/2023\/11\/2019-Generation-01-1296x1296.png\" alt=\"\" class=\"wp-image-18734\" style=\"object-fit:contain;width:undefinedpx;height:120px\" srcset=\"https:\/\/www.cip-icu.ca\/wp-content\/uploads\/2023\/11\/2019-Generation-01-1296x1296.png 1296w, https:\/\/www.cip-icu.ca\/wp-content\/uploads\/2023\/11\/2019-Generation-01-636x636.png 636w, https:\/\/www.cip-icu.ca\/wp-content\/uploads\/2023\/11\/2019-Generation-01-160x160.png 160w, https:\/\/www.cip-icu.ca\/wp-content\/uploads\/2023\/11\/2019-Generation-01-768x768.png 768w, https:\/\/www.cip-icu.ca\/wp-content\/uploads\/2023\/11\/2019-Generation-01-1536x1536.png 1536w, https:\/\/www.cip-icu.ca\/wp-content\/uploads\/2023\/11\/2019-Generation-01-2048x2048.png 2048w\" sizes=\"auto, (max-width: 1296px) 100vw, 1296px\" \/><\/figure>\n<\/div>\n\n\n<p class=\"has-text-align-left has-regular-font-size\"><strong>2019<\/strong><\/p>\n\n\n\n<p class=\"has-text-align-left has-regular-font-size\">La CIP a tenu sa conf\u00e9rence et sa c\u00e9l\u00e9bration du centenaire, &#8220;G\u00e9n\u00e9ration&#8221;, \u00e0 Ottawa, en Ontario.<\/p>\n\n\n\n<div style=\"height:20px\" aria-hidden=\"true\" class=\"wp-block-spacer\"><\/div>\n\n\n\n<p><strong><a href=\"https:\/\/www.cip-icu.ca\/wp-content\/uploads\/2023\/11\/2019-BOOKLET-POCKET-PROGRAM-2019-FINAL-1.pdf\" target=\"_blank\" rel=\"noreferrer noopener\">Voir le programme<\/a><\/strong><\/p>\n<\/div><\/div>\n<\/div>\n<\/div>\n\n<div style=\"height:60px\" aria-hidden=\"true\" class=\"wp-block-spacer\"><\/div>\n\n<div class=\"wp-block-columns is-layout-flex wp-container-core-columns-is-layout-9d6595d7 wp-block-columns-is-layout-flex\">\n<div class=\"wp-block-column is-layout-flow wp-block-column-is-layout-flow\">\n<div class=\"wp-block-group has-gainsboro-background-color has-background\"><div class=\"wp-block-group__inner-container is-layout-constrained wp-block-group-is-layout-constrained\"><div class=\"wp-block-image\">\n<figure class=\"aligncenter size-large is-resized\"><img loading=\"lazy\" decoding=\"async\" width=\"1296\" height=\"285\" src=\"https:\/\/www.cip-icu.ca\/wp-content\/uploads\/2023\/12\/Soul-2018-1296x285.png\" alt=\"\" class=\"wp-image-24384\" style=\"object-fit:contain;width:237px;height:63px\" srcset=\"https:\/\/www.cip-icu.ca\/wp-content\/uploads\/2023\/12\/Soul-2018-1296x285.png 1296w, https:\/\/www.cip-icu.ca\/wp-content\/uploads\/2023\/12\/Soul-2018-636x140.png 636w, https:\/\/www.cip-icu.ca\/wp-content\/uploads\/2023\/12\/Soul-2018-768x169.png 768w, https:\/\/www.cip-icu.ca\/wp-content\/uploads\/2023\/12\/Soul-2018-1536x337.png 1536w, https:\/\/www.cip-icu.ca\/wp-content\/uploads\/2023\/12\/Soul-2018-2048x450.png 2048w\" sizes=\"auto, (max-width: 1296px) 100vw, 1296px\" \/><\/figure>\n<\/div>\n\n\n<div style=\"height:20px\" aria-hidden=\"true\" class=\"wp-block-spacer\"><\/div>\n\n\n\n<p class=\"has-text-align-left has-regular-font-size\"><strong>2018<\/strong><\/p>\n\n\n\n<p class=\"has-text-align-left has-regular-font-size\">Le CIP et le Manitoba Professional Planners Institute ont organis\u00e9 la conf\u00e9rence &#8220;SOUL&#8221; \u00e0 Winnipeg, au Manitoba.<\/p>\n\n\n\n<div style=\"height:20px\" aria-hidden=\"true\" class=\"wp-block-spacer\"><\/div>\n\n\n\n<p><strong><a href=\"https:\/\/www.cip-icu.ca\/wp-content\/uploads\/2023\/11\/2018-At-a-Glance-Pocket-Guide-20180710-1.pdf\" target=\"_blank\" rel=\"noreferrer noopener\">Voir le programme<\/a><\/strong><\/p>\n<\/div><\/div>\n<\/div>\n\n\n\n<div class=\"wp-block-column is-layout-flow wp-block-column-is-layout-flow\">\n<div class=\"wp-block-group has-gainsboro-background-color has-background\"><div class=\"wp-block-group__inner-container is-layout-constrained wp-block-group-is-layout-constrained\"><div class=\"wp-block-image\">\n<figure class=\"aligncenter size-large is-resized\"><img decoding=\"async\" src=\"https:\/\/www.cip-icu.ca\/wp-content\/uploads\/2023\/12\/2017-Building-Resilience-Logo--1296x1002.png\" alt=\"\" class=\"wp-image-24387\" style=\"object-fit:contain;width:238px;height:110px\"\/><\/figure>\n<\/div>\n\n\n<p class=\"has-text-align-left has-regular-font-size\"><strong>2017<\/strong><\/p>\n\n\n\n<p class=\"has-text-align-left has-regular-font-size\">Le CIP et l&#8217;Alberta Professional Planners Institute ont organis\u00e9 une conf\u00e9rence intitul\u00e9e &#8220;Building Resilience&#8221; \u00e0 Calgary, en Alberta.<\/p>\n\n\n\n<div style=\"height:20px\" aria-hidden=\"true\" class=\"wp-block-spacer\"><\/div>\n\n\n\n<p><strong><a href=\"https:\/\/www.cip-icu.ca\/wp-content\/uploads\/2023\/11\/2017-CIP-Building-Resilience-At-a-Glance-Pocket-Guide-1.pdf\" target=\"_blank\" rel=\"noreferrer noopener\">Voir le programme<\/a><\/strong><\/p>\n<\/div><\/div>\n<\/div>\n\n\n\n<div class=\"wp-block-column is-layout-flow wp-block-column-is-layout-flow\">\n<div class=\"wp-block-group has-gainsboro-background-color has-background\"><div class=\"wp-block-group__inner-container is-layout-constrained wp-block-group-is-layout-constrained\"><div class=\"wp-block-image\">\n<figure class=\"aligncenter size-full is-resized\"><img loading=\"lazy\" decoding=\"async\" width=\"240\" height=\"240\" src=\"https:\/\/www.cip-icu.ca\/wp-content\/uploads\/2023\/11\/2016-Logo-Accent-thumbnail.png\" alt=\"\" class=\"wp-image-18731\" style=\"object-fit:contain;width:undefinedpx;height:120px\" srcset=\"https:\/\/www.cip-icu.ca\/wp-content\/uploads\/2023\/11\/2016-Logo-Accent-thumbnail.png 240w, https:\/\/www.cip-icu.ca\/wp-content\/uploads\/2023\/11\/2016-Logo-Accent-thumbnail-160x160.png 160w\" sizes=\"auto, (max-width: 240px) 100vw, 240px\" \/><\/figure>\n<\/div>\n\n\n<p class=\"has-text-align-left has-regular-font-size\"><strong>2016<\/strong><\/p>\n\n\n\n<p class=\"has-text-align-left has-regular-font-size\">Le CIP et l&#8217;Ordre des urbanistes du Qu\u00e9bec ont accueilli &#8220;<a href=\"https:\/\/www.cip-icu.ca\/News-Events\/National-Conference\/ACCENT-2016-Conference\">Accent<\/a>&#8221; dans la ville de Qu\u00e9bec, au Qu\u00e9bec.<\/p>\n\n\n\n<div style=\"height:20px\" aria-hidden=\"true\" class=\"wp-block-spacer\"><\/div>\n\n\n\n<p><strong><a href=\"https:\/\/www.cip-icu.ca\/wp-content\/uploads\/2023\/11\/2016-Accent-Pocket-Program-1.pdf\" target=\"_blank\" rel=\"noreferrer noopener\">Voir le programme<\/a><\/strong><\/p>\n<\/div><\/div>\n<\/div>\n<\/div>\n\n<div style=\"height:60px\" aria-hidden=\"true\" class=\"wp-block-spacer\"><\/div>\n\n<div class=\"wp-block-columns is-layout-flex wp-container-core-columns-is-layout-9d6595d7 wp-block-columns-is-layout-flex\">\n<div class=\"wp-block-column is-layout-flow wp-block-column-is-layout-flow\">\n<div class=\"wp-block-group has-gainsboro-background-color has-background\"><div class=\"wp-block-group__inner-container is-layout-constrained wp-block-group-is-layout-constrained\"><div class=\"wp-block-image\">\n<figure class=\"aligncenter size-full is-resized\"><img loading=\"lazy\" decoding=\"async\" width=\"792\" height=\"610\" src=\"https:\/\/www.cip-icu.ca\/wp-content\/uploads\/2023\/11\/2015-THRIVE_visualidentity_SO.png\" alt=\"\" class=\"wp-image-18730\" style=\"object-fit:contain;width:undefinedpx;height:120px\" srcset=\"https:\/\/www.cip-icu.ca\/wp-content\/uploads\/2023\/11\/2015-THRIVE_visualidentity_SO.png 792w, https:\/\/www.cip-icu.ca\/wp-content\/uploads\/2023\/11\/2015-THRIVE_visualidentity_SO-636x490.png 636w, https:\/\/www.cip-icu.ca\/wp-content\/uploads\/2023\/11\/2015-THRIVE_visualidentity_SO-768x592.png 768w, https:\/\/www.cip-icu.ca\/wp-content\/uploads\/2023\/11\/2015-THRIVE_visualidentity_SO-306x236.png 306w\" sizes=\"auto, (max-width: 792px) 100vw, 792px\" \/><\/figure>\n<\/div>\n\n\n<p class=\"has-text-align-left has-regular-font-size\"><strong>2015<\/strong><\/p>\n\n\n\n<p class=\"has-text-align-left has-regular-font-size\">Le CIP et le Saskatchewan Professional Planners Institute ont organis\u00e9 &#8220;THRIVE&#8221; \u00e0 Saskatoon, SK.  <\/p>\n\n\n\n<div style=\"height:20px\" aria-hidden=\"true\" class=\"wp-block-spacer\"><\/div>\n\n\n\n<p><strong><a href=\"https:\/\/www.cip-icu.ca\/wp-content\/uploads\/2023\/11\/2015-Saskatoon-Final-Program-1.pdf\" target=\"_blank\" rel=\"noreferrer noopener\">Voir le programme<\/a><\/strong><\/p>\n<\/div><\/div>\n<\/div>\n\n\n\n<div class=\"wp-block-column is-layout-flow wp-block-column-is-layout-flow\">\n<div class=\"wp-block-group has-gainsboro-background-color has-background\"><div class=\"wp-block-group__inner-container is-layout-constrained wp-block-group-is-layout-constrained\"><div class=\"wp-block-image\">\n<figure class=\"aligncenter size-large is-resized\"><img loading=\"lazy\" decoding=\"async\" width=\"1296\" height=\"663\" src=\"https:\/\/www.cip-icu.ca\/wp-content\/uploads\/2023\/12\/2014-LOGO_eng-1296x663.png\" alt=\"\" class=\"wp-image-24389\" style=\"object-fit:contain;width:undefinedpx;height:120px\" srcset=\"https:\/\/www.cip-icu.ca\/wp-content\/uploads\/2023\/12\/2014-LOGO_eng-1296x663.png 1296w, https:\/\/www.cip-icu.ca\/wp-content\/uploads\/2023\/12\/2014-LOGO_eng-636x326.png 636w, https:\/\/www.cip-icu.ca\/wp-content\/uploads\/2023\/12\/2014-LOGO_eng-768x393.png 768w, https:\/\/www.cip-icu.ca\/wp-content\/uploads\/2023\/12\/2014-LOGO_eng-1536x786.png 1536w, https:\/\/www.cip-icu.ca\/wp-content\/uploads\/2023\/12\/2014-LOGO_eng-2048x1048.png 2048w\" sizes=\"auto, (max-width: 1296px) 100vw, 1296px\" \/><\/figure>\n<\/div>\n\n\n<p class=\"has-text-align-left has-regular-font-size\"><strong>2014<\/strong><\/p>\n\n\n\n<p class=\"has-text-align-left has-regular-font-size\">L&#8217;ICU et l&#8217;Institut des planificateurs de l&#8217;Atlantique ont organis\u00e9 la conf\u00e9rence &#8220;People Matter&#8221; \u00e0 Fredericton, au Nouveau-Brunswick.  <\/p>\n\n\n\n<div style=\"height:20px\" aria-hidden=\"true\" class=\"wp-block-spacer\"><\/div>\n\n\n\n<p><strong><a href=\"https:\/\/www.cip-icu.ca\/wp-content\/uploads\/2023\/11\/2014-People-Matter_portable-1.pdf\" target=\"_blank\" rel=\"noreferrer noopener\">Voir le programme<\/a><\/strong><\/p>\n<\/div><\/div>\n<\/div>\n\n\n\n<div class=\"wp-block-column is-layout-flow wp-block-column-is-layout-flow\">\n<div class=\"wp-block-group has-gainsboro-background-color has-background\"><div class=\"wp-block-group__inner-container is-layout-constrained wp-block-group-is-layout-constrained\"><div class=\"wp-block-image\">\n<figure class=\"aligncenter size-full is-resized\"><img loading=\"lazy\" decoding=\"async\" width=\"726\" height=\"1107\" src=\"https:\/\/www.cip-icu.ca\/wp-content\/uploads\/2023\/11\/2013_INFUSE_FULL_EN.jpg\" alt=\"\" class=\"wp-image-18728\" style=\"object-fit:contain;width:undefinedpx;height:120px\" srcset=\"https:\/\/www.cip-icu.ca\/wp-content\/uploads\/2023\/11\/2013_INFUSE_FULL_EN.jpg 726w, https:\/\/www.cip-icu.ca\/wp-content\/uploads\/2023\/11\/2013_INFUSE_FULL_EN-636x970.jpg 636w\" sizes=\"auto, (max-width: 726px) 100vw, 726px\" \/><\/figure>\n<\/div>\n\n\n<p class=\"has-text-align-left has-regular-font-size\"><strong>2013<\/strong><\/p>\n\n\n\n<p class=\"has-text-align-left has-regular-font-size\">Le CIP et le Planning Institute of British Columbia ont organis\u00e9 &#8220;INFUSE&#8221; \u00e0 Vancouver, en Colombie-Britannique.  <\/p>\n\n\n\n<div style=\"height:20px\" aria-hidden=\"true\" class=\"wp-block-spacer\"><\/div>\n\n\n\n<p><strong><a href=\"https:\/\/www.cip-icu.ca\/wp-content\/uploads\/2023\/11\/2013-IN-FUSE-PRELIM-PROGRAM-1.pdf\" target=\"_blank\" rel=\"noreferrer noopener\">Voir le programme<\/a><\/strong><\/p>\n<\/div><\/div>\n<\/div>\n<\/div>\n\n<div style=\"height:60px\" aria-hidden=\"true\" class=\"wp-block-spacer\"><\/div>\n\n<div class=\"wp-block-columns is-layout-flex wp-container-core-columns-is-layout-9d6595d7 wp-block-columns-is-layout-flex\">\n<div class=\"wp-block-column is-layout-flow wp-block-column-is-layout-flow\">\n<div class=\"wp-block-group has-gainsboro-background-color has-background\"><div class=\"wp-block-group__inner-container is-layout-constrained wp-block-group-is-layout-constrained\"><div class=\"wp-block-image\">\n<figure class=\"aligncenter size-full is-resized\"><img loading=\"lazy\" decoding=\"async\" width=\"418\" height=\"134\" src=\"https:\/\/www.cip-icu.ca\/wp-content\/uploads\/2023\/11\/2012-The_Great_Exchange.png\" alt=\"\" class=\"wp-image-18727\" style=\"object-fit:contain;width:216px;height:69px\"\/><\/figure>\n<\/div>\n\n\n<p class=\"has-text-align-left has-regular-font-size\"><strong>2012<\/strong><\/p>\n\n\n\n<p class=\"has-text-align-left has-regular-font-size\">Le CIP et l&#8217;Alberta Professional Planners Institute ont organis\u00e9 le &#8220;Great Exchange 2012 : Passer des id\u00e9es \u00e0 l&#8217;action&#8221; \u00e0 Banff, en Alberta.<\/p>\n\n\n\n<div style=\"height:20px\" aria-hidden=\"true\" class=\"wp-block-spacer\"><\/div>\n\n\n\n<p><strong><a href=\"https:\/\/www.cip-icu.ca\/wp-content\/uploads\/2023\/11\/2012-CIP-APPI-Conference-final-program-1.pdf\" target=\"_blank\" rel=\"noreferrer noopener\">Voir le programme<\/a><\/strong><\/p>\n<\/div><\/div>\n<\/div>\n\n\n\n<div class=\"wp-block-column is-layout-flow wp-block-column-is-layout-flow\"><\/div>\n\n\n\n<div class=\"wp-block-column is-layout-flow wp-block-column-is-layout-flow\"><\/div>\n<\/div>\n\n<div class=\"wp-block-group ptia-logos\"><div class=\"wp-block-group__inner-container is-layout-constrained wp-block-group-is-layout-constrained\">\n<div style=\"height:80px\" aria-hidden=\"true\" class=\"wp-block-spacer\"><\/div>\n<\/div><\/div>\n\n<div style=\"height:40px\" aria-hidden=\"true\" class=\"wp-block-spacer\"><\/div>\n\n<div style=\"height:40px\" aria-hidden=\"true\" class=\"wp-block-spacer\"><\/div>\n\n<h2 class=\"wp-block-heading\">Enregistrements et ressources<\/h2>\n\n<p>Les enregistrements et les ressources des conf\u00e9rences pr\u00e9c\u00e9dentes sont disponibles sur le CPL HUB.<\/p>\n\n<div class=\"wp-block-buttons is-layout-flex wp-block-buttons-is-layout-flex\">\n<div class=\"wp-block-button\"><a class=\"wp-block-button__link wp-element-button\" href=\"https:\/\/www.cip-icu.ca\/fr\/cpl-hub\/\">Aller au HUB CPL<\/a><\/div>\n<\/div>\n\n<div style=\"height:40px\" aria-hidden=\"true\" class=\"wp-block-spacer\"><\/div>\n\n<div style=\"height:40px\" aria-hidden=\"true\" class=\"wp-block-spacer\"><\/div>\n\n<div style=\"height:100px\" aria-hidden=\"true\" class=\"wp-block-spacer\"><\/div>\n","protected":false},"excerpt":{"rendered":"<p>Chaque ann\u00e9e, l&#8217;ICU organise une conf\u00e9rence nationale afin d&#8217;aborder des questions et des sujets cl\u00e9s qui ont un impact et une influence sur la profession&hellip;<\/p>\n","protected":false},"author":12,"featured_media":0,"parent":0,"menu_order":0,"comment_status":"closed","ping_status":"closed","template":"","meta":{"_acf_changed":false,"footnotes":""},"class_list":["post-22164","page","type-page","status-publish","hentry"],"acf":[],"_links":{"self":[{"href":"https:\/\/www.cip-icu.ca\/fr\/wp-json\/wp\/v2\/pages\/22164","targetHints":{"allow":["GET"]}}],"collection":[{"href":"https:\/\/www.cip-icu.ca\/fr\/wp-json\/wp\/v2\/pages"}],"about":[{"href":"https:\/\/www.cip-icu.ca\/fr\/wp-json\/wp\/v2\/types\/page"}],"author":[{"embeddable":true,"href":"https:\/\/www.cip-icu.ca\/fr\/wp-json\/wp\/v2\/users\/12"}],"replies":[{"embeddable":true,"href":"https:\/\/www.cip-icu.ca\/fr\/wp-json\/wp\/v2\/comments?post=22164"}],"version-history":[{"count":5,"href":"https:\/\/www.cip-icu.ca\/fr\/wp-json\/wp\/v2\/pages\/22164\/revisions"}],"predecessor-version":[{"id":38129,"href":"https:\/\/www.cip-icu.ca\/fr\/wp-json\/wp\/v2\/pages\/22164\/revisions\/38129"}],"wp:attachment":[{"href":"https:\/\/www.cip-icu.ca\/fr\/wp-json\/wp\/v2\/media?parent=22164"}],"curies":[{"name":"wp","href":"https:\/\/api.w.org\/{rel}","templated":true}]}}