{"id":22167,"date":"2023-09-18T12:48:45","date_gmt":"2023-09-18T19:48:45","guid":{"rendered":"https:\/\/www.cip-icu.ca\/equity-diversity-inclusion\/"},"modified":"2025-02-05T08:57:16","modified_gmt":"2025-02-05T16:57:16","slug":"equity-diversity-inclusion","status":"publish","type":"page","link":"https:\/\/www.cip-icu.ca\/fr\/equity-diversity-inclusion\/","title":{"rendered":"\u00c9quit\u00e9, diversit\u00e9, inclusion et accessibilit\u00e9"},"content":{"rendered":"\n<div class=\"wp-block-columns are-vertically-aligned-top is-layout-flex wp-container-core-columns-is-layout-9d6595d7 wp-block-columns-is-layout-flex\">\n<div class=\"wp-block-column is-vertically-aligned-top is-layout-flow wp-block-column-is-layout-flow\">\n<div style=\"height:100px\" aria-hidden=\"true\" class=\"wp-block-spacer\"><\/div>\n\n\n\n<figure class=\"wp-block-image size-full is-resized wp-duotone-unset-1\"><img loading=\"lazy\" decoding=\"async\" width=\"1845\" height=\"357\" src=\"https:\/\/www.cip-icu.ca\/wp-content\/uploads\/2025\/01\/CIP-EDIA_FR.png\" alt=\"\" class=\"wp-image-31191\" style=\"width:455px;height:auto\" srcset=\"https:\/\/www.cip-icu.ca\/wp-content\/uploads\/2025\/01\/CIP-EDIA_FR.png 1845w, https:\/\/www.cip-icu.ca\/wp-content\/uploads\/2025\/01\/CIP-EDIA_FR-636x123.png 636w, https:\/\/www.cip-icu.ca\/wp-content\/uploads\/2025\/01\/CIP-EDIA_FR-1296x251.png 1296w, https:\/\/www.cip-icu.ca\/wp-content\/uploads\/2025\/01\/CIP-EDIA_FR-768x149.png 768w, https:\/\/www.cip-icu.ca\/wp-content\/uploads\/2025\/01\/CIP-EDIA_FR-1536x297.png 1536w, https:\/\/www.cip-icu.ca\/wp-content\/uploads\/2025\/01\/CIP-EDIA_FR-600x116.png 600w\" sizes=\"auto, (max-width: 1845px) 100vw, 1845px\" \/><\/figure>\n\n\n\n<h1 class=\"wp-block-heading\">Accueil <strong><mark style=\"background-color:rgba(0, 0, 0, 0)\" class=\"has-inline-color has-darkorange-color\">Inclusion<\/mark><\/strong> lieux<\/h1>\n\n\n\n<p class=\"lede\">Les urbanistes cr\u00e9ent des communaut\u00e9s s\u00fbres et inclusives pour tous gr\u00e2ce \u00e0 un engagement r\u00e9fl\u00e9chi et \u00e0 des approches participatives.<\/p>\n\n\n\n<p>La profession d&#8217;urbaniste au Canada a la responsabilit\u00e9 \u00e9thique de travailler pour le bien public. L&#8217;application d&#8217;une optique d&#8217;\u00e9quit\u00e9, de diversit\u00e9, d&#8217;inclusion et d&#8217;accessibilit\u00e9 (EDIA) \u00e0 tous les niveaux de la pratique de la planification est n\u00e9cessaire pour confronter et traiter le racisme et la discrimination syst\u00e9miques dans les syst\u00e8mes de gouvernance, les pratiques et les politiques que les planificateurs cr\u00e9ent, influencent et mettent en \u0153uvre.<\/p>\n<\/div>\n\n\n\n<div class=\"wp-block-column is-vertically-aligned-top is-layout-flow wp-block-column-is-layout-flow\">\n<figure class=\"wp-block-image size-full corner-bottom-right wp-duotone-unset-2\"><img loading=\"lazy\" decoding=\"async\" width=\"1000\" height=\"768\" src=\"https:\/\/www.cip-icu.ca\/wp-content\/uploads\/2023\/11\/EDI3.png\" alt=\"\" class=\"wp-image-20463\" style=\"aspect-ratio:3\/2;object-fit:cover\" srcset=\"https:\/\/www.cip-icu.ca\/wp-content\/uploads\/2023\/11\/EDI3.png 1000w, https:\/\/www.cip-icu.ca\/wp-content\/uploads\/2023\/11\/EDI3-636x488.png 636w, https:\/\/www.cip-icu.ca\/wp-content\/uploads\/2023\/11\/EDI3-768x590.png 768w, https:\/\/www.cip-icu.ca\/wp-content\/uploads\/2023\/11\/EDI3-306x236.png 306w\" sizes=\"auto, (max-width: 1000px) 100vw, 1000px\" \/><\/figure>\n\n\n\n<blockquote class=\"wp-block-quote is-layout-flow wp-block-quote-is-layout-flow\">\n<p>L&#8217;application d&#8217;une optique d&#8217;\u00e9quit\u00e9, de diversit\u00e9, d&#8217;inclusion et d&#8217;accessibilit\u00e9 \u00e0 la pratique de la planification est n\u00e9cessaire pour confronter et traiter le racisme et la discrimination syst\u00e9miques&#8221;.<\/p>\n<\/blockquote>\n<\/div>\n<\/div>\n\n\n\n<div style=\"height:10px\" aria-hidden=\"true\" class=\"wp-block-spacer\"><\/div>\n\n\n\n<div class=\"wp-block-columns scroll-image is-layout-flex wp-container-core-columns-is-layout-9d6595d7 wp-block-columns-is-layout-flex\">\n<div class=\"wp-block-column scroll-image is-layout-flow wp-block-column-is-layout-flow\" style=\"flex-basis:40%\">\n<figure class=\"wp-block-image size-full corner-top-left wp-duotone-unset-3\"><img loading=\"lazy\" decoding=\"async\" width=\"1000\" height=\"768\" src=\"https:\/\/www.cip-icu.ca\/wp-content\/uploads\/2023\/11\/EDI2.png\" alt=\"\" class=\"wp-image-20461\" srcset=\"https:\/\/www.cip-icu.ca\/wp-content\/uploads\/2023\/11\/EDI2.png 1000w, https:\/\/www.cip-icu.ca\/wp-content\/uploads\/2023\/11\/EDI2-636x488.png 636w, https:\/\/www.cip-icu.ca\/wp-content\/uploads\/2023\/11\/EDI2-768x590.png 768w, https:\/\/www.cip-icu.ca\/wp-content\/uploads\/2023\/11\/EDI2-306x236.png 306w\" sizes=\"auto, (max-width: 1000px) 100vw, 1000px\" \/><\/figure>\n<\/div>\n\n\n\n<div class=\"wp-block-column is-layout-flow wp-block-column-is-layout-flow\">\n<h2 class=\"wp-block-heading\">Aspirer \u00e0 plus<\/h2>\n\n\n\n<p>L&#8217;ICU aspire \u00e0 \u00eatre une voix de confiance<em> <\/em>pour l&#8217;\u00e9quit\u00e9, la diversit\u00e9 et l&#8217;inclusion pour la communaut\u00e9 des urbanistes du Canada :<\/p>\n\n\n\n<p><strong>Dirigeants<\/strong>: Repr\u00e9senter la diversit\u00e9 de nos communaut\u00e9s au sein de la direction de l&#8217;organisation<\/p>\n\n\n\n<p><strong>Membres<\/strong>: Soutenir un lieu de travail inclusif et des pratiques de planification pour les professionnels<\/p>\n\n\n\n<p><strong>Communaut\u00e9s<\/strong>: Plaider en faveur de l&#8217;\u00e9quit\u00e9 sociale dans la planification de nos diverses communaut\u00e9s<\/p>\n\n\n\n<div class=\"wp-block-buttons is-layout-flex wp-block-buttons-is-layout-flex\">\n<div class=\"wp-block-button\"><a class=\"wp-block-button__link wp-element-button\" href=\"https:\/\/www.cip-icu.ca\/fr\/plan-strategique-et-impact\/\" target=\"_blank\" rel=\"noreferrer noopener\"><strong>En savoir plus sur notre plan strat\u00e9gique<\/strong><\/a><\/div>\n<\/div>\n<\/div>\n<\/div>\n\n\n\n<div style=\"height:60px\" aria-hidden=\"true\" class=\"wp-block-spacer\"><\/div>\n\n\n\n<div class=\"wp-block-group break-out lgpadding bg-diagonal-gradient\"><div class=\"wp-block-group__inner-container is-layout-constrained wp-block-group-is-layout-constrained\">\n<div class=\"wp-block-group container\"><div class=\"wp-block-group__inner-container is-layout-constrained wp-block-group-is-layout-constrained\">\n<div class=\"wp-block-columns is-layout-flex wp-container-core-columns-is-layout-9d6595d7 wp-block-columns-is-layout-flex\">\n<div class=\"wp-block-column is-layout-flow wp-block-column-is-layout-flow\" style=\"flex-basis:66.66%\">\n<h3 class=\"wp-block-heading line-heading\">Passer \u00e0 l&#8217;action<\/h3>\n\n\n\n<h2 class=\"wp-block-heading\" style=\"text-transform:capitalize\">Notre travail sur EDIA  <\/h2>\n\n\n\n<p>Le CIP s&#8217;engage \u00e0 int\u00e9grer en permanence les principes d&#8217;\u00e9quit\u00e9, de diversit\u00e9, d&#8217;inclusion et d&#8217;accessibilit\u00e9 dans son travail.<\/p>\n\n\n\n<div style=\"height:44px\" aria-hidden=\"true\" class=\"wp-block-spacer\"><\/div>\n\n\n\n<div class=\"wp-block-group smpadding has-darkorange-30-opacity-background-color has-background\"><div class=\"wp-block-group__inner-container is-layout-constrained wp-block-group-is-layout-constrained\">\n<h3 class=\"wp-block-heading has-large-font-size\"><strong>2024 <strong>Enqu\u00eate sur l&#8217;\u00e9quit\u00e9, la diversit\u00e9 et l&#8217;inclusion<\/strong><\/strong><\/h3>\n\n\n\n<p>D\u00e9termin\u00e9 \u00e0 suivre nos progr\u00e8s en mati\u00e8re d&#8217;\u00e9quit\u00e9, de diversit\u00e9, d&#8217;inclusion et d&#8217;accessibilit\u00e9 (EDIA) depuis 2021, le PCI a men\u00e9 sa deuxi\u00e8me enqu\u00eate EDI Insight en 2024. Cette enqu\u00eate fournit un aper\u00e7u actualis\u00e9 des donn\u00e9es d\u00e9mographiques des membres, ainsi que de leur sentiment d&#8217;inclusion et d&#8217;appartenance, et plaide en faveur de nos efforts continus pour inspirer une profession plus \u00e9quitable pour tous. <\/p>\n\n\n\n<p><strong><a href=\"https:\/\/www.cip-icu.ca\/wp-content\/uploads\/2024\/09\/2024-Equity-Diversity-and-Inclusion-Insight-Survey-Report-FRENCH_compressed.pdf\" target=\"_blank\" rel=\"noreferrer noopener\">Lire le rapport<\/a><\/strong><\/p>\n<\/div><\/div>\n\n\n\n<div style=\"height:30px\" aria-hidden=\"true\" class=\"wp-block-spacer\"><\/div>\n<\/div>\n\n\n\n<div class=\"wp-block-column is-layout-flow wp-block-column-is-layout-flow\" style=\"flex-basis:33.33%\">\n<figure class=\"wp-block-image size-full\"><img loading=\"lazy\" decoding=\"async\" width=\"900\" height=\"900\" src=\"https:\/\/www.cip-icu.ca\/wp-content\/uploads\/2023\/11\/EDI.png\" alt=\"\" class=\"wp-image-20457\" srcset=\"https:\/\/www.cip-icu.ca\/wp-content\/uploads\/2023\/11\/EDI.png 900w, https:\/\/www.cip-icu.ca\/wp-content\/uploads\/2023\/11\/EDI-636x636.png 636w, https:\/\/www.cip-icu.ca\/wp-content\/uploads\/2023\/11\/EDI-160x160.png 160w, https:\/\/www.cip-icu.ca\/wp-content\/uploads\/2023\/11\/EDI-768x768.png 768w\" sizes=\"auto, (max-width: 900px) 100vw, 900px\" \/><\/figure>\n<\/div>\n<\/div>\n\n\n\n<div class=\"wp-block-columns is-layout-flex wp-container-core-columns-is-layout-9d6595d7 wp-block-columns-is-layout-flex\">\n<div class=\"wp-block-column is-layout-flow wp-block-column-is-layout-flow\">\n<p><strong>Enqu\u00eate sur l&#8217;\u00e9quit\u00e9, la diversit\u00e9 et l&#8217;inclusion 2021  <\/strong><\/p>\n\n\n\n<p>L&#8217;<em>enqu\u00eate sur l&#8217;\u00e9quit\u00e9, la diversit\u00e9 et l&#8217;inclusion de l&#8217;<\/em> ICU s&#8217;est pench\u00e9e sur les exp\u00e9riences et les opinions des membres en mati\u00e8re d&#8217;inclusion et d&#8217;appartenance, ainsi que sur les donn\u00e9es d\u00e9mographiques actuelles de la profession d&#8217;urbaniste. L&#8217;enqu\u00eate s&#8217;est concentr\u00e9e sur les cinq \u00e9l\u00e9ments cl\u00e9s de l&#8217;inclusion et des environnements inclusifs : l&#8217;appartenance, l&#8217;\u00e9quit\u00e9, le soutien, la voix et le leadership.<\/p>\n\n\n\n<p><strong><a href=\"https:\/\/www.cip-icu.ca\/wp-content\/uploads\/2023\/12\/202310newBranding_Equity-Diversity-Inclusion-Insight-Survey.pdf\" data-type=\"link\" data-id=\"\/wp-content\/uploads\/2023\/09\/20211019_Equity-Diversity-Inclusion-Insight-Survey.pdf\" target=\"_blank\" rel=\"noreferrer noopener\">Lire le rapport<\/a><\/strong><\/p>\n<\/div>\n\n\n\n<div class=\"wp-block-column is-layout-flow wp-block-column-is-layout-flow\">\n<p><strong>Le d\u00e9fi 50-30 : votre avantage en mati\u00e8re de diversit\u00e9<\/strong><\/p>\n\n\n\n<p>Le CIP est un fier signataire du <em>d\u00e9fi 50-30<\/em> du gouvernement du Canada. Ce programme incite les organisations canadiennes \u00e0 accro\u00eetre la repr\u00e9sentation et l&#8217;inclusion de groupes divers sur leur lieu de travail, tout en soulignant les avantages qu&#8217;il y a \u00e0 donner \u00e0 tous les Canadiens une place \u00e0 la table des n\u00e9gociations.<\/p>\n\n\n\n<p><strong><a href=\"https:\/\/www.cip-icu.ca\/\/www.ic.gc.ca\/eic\/site\/icgc.nsf\/eng\/07706.html\" target=\"_blank\" rel=\"noreferrer noopener\">En savoir plus<\/a><\/strong><\/p>\n<\/div>\n\n\n\n<div class=\"wp-block-column is-layout-flow wp-block-column-is-layout-flow\">\n<p><strong><strong>Feuille de route pour l&#8217;\u00e9quit\u00e9, la diversit\u00e9 et l&#8217;inclusion<\/strong><\/strong><\/p>\n\n\n\n<p>En 2020, le CIP a adopt\u00e9 une <em>feuille de route sur l&#8217;\u00e9quit\u00e9, la diversit\u00e9 et l&#8217;inclusion<\/em>, qui guide notre action dans quatre domaines : le leadership, l&#8217;engagement, l&#8217;\u00e9ducation et la communication, les changements syst\u00e9miques et le soutien. La feuille de route nous aide \u00e0 am\u00e9liorer la repr\u00e9sentation de la profession et contribue \u00e0 une gouvernance \u00e9quitable gr\u00e2ce \u00e0 des initiatives de sensibilisation et de renforcement des capacit\u00e9s, ainsi qu&#8217;\u00e0 un soutien financier aux urbanistes.<\/p>\n\n\n\n<p><strong><a href=\"https:\/\/www.cip-icu.ca\/wp-content\/uploads\/2023\/12\/EDI-Roadmap-English-202310.pdf\" target=\"_blank\" rel=\"noreferrer noopener\">Lire la feuille de route<\/a><\/strong><\/p>\n<\/div>\n<\/div>\n<\/div><\/div>\n<\/div><\/div>\n\n\n\n<div style=\"height:50px\" aria-hidden=\"true\" class=\"wp-block-spacer\"><\/div>\n\n\n\n<h2 class=\"wp-block-heading\">Ressources additionnelles<\/h2>\n\n\n\n<div class=\"wp-block-columns is-layout-flex wp-container-core-columns-is-layout-9d6595d7 wp-block-columns-is-layout-flex\">\n<div class=\"wp-block-column has-gainsboro-background-color has-background is-layout-flow wp-block-column-is-layout-flow\">\n<div style=\"height:20px\" aria-hidden=\"true\" class=\"wp-block-spacer\"><\/div>\n\n\n\n<figure class=\"wp-block-image size-large\"><img loading=\"lazy\" decoding=\"async\" width=\"1296\" height=\"864\" src=\"https:\/\/www.cip-icu.ca\/wp-content\/uploads\/2023\/11\/blog-1296x864.png\" alt=\"\" class=\"wp-image-20970\" srcset=\"https:\/\/www.cip-icu.ca\/wp-content\/uploads\/2023\/11\/blog-1296x864.png 1296w, https:\/\/www.cip-icu.ca\/wp-content\/uploads\/2023\/11\/blog-636x424.png 636w, https:\/\/www.cip-icu.ca\/wp-content\/uploads\/2023\/11\/blog-768x512.png 768w, https:\/\/www.cip-icu.ca\/wp-content\/uploads\/2023\/11\/blog-1536x1024.png 1536w, https:\/\/www.cip-icu.ca\/wp-content\/uploads\/2023\/11\/blog-720x480.png 720w, https:\/\/www.cip-icu.ca\/wp-content\/uploads\/2023\/11\/blog.png 1920w\" sizes=\"auto, (max-width: 1296px) 100vw, 1296px\" \/><\/figure>\n\n\n\n<p>Consultez les derniers articles de blog sur l&#8217;\u00e9quit\u00e9, la diversit\u00e9, l&#8217;inclusion et l&#8217;accessibilit\u00e9.<\/p>\n\n\n\n<div class=\"wp-block-buttons is-content-justification-center is-layout-flex wp-container-core-buttons-is-layout-16018d1d wp-block-buttons-is-layout-flex\">\n<div class=\"wp-block-button is-style-outline is-style-outline--4\"><a class=\"wp-block-button__link wp-element-button\" href=\"\/?tag=edi-fr\"><strong>Lire la suite<\/strong><\/a><\/div>\n<\/div>\n\n\n\n<div style=\"height:20px\" aria-hidden=\"true\" class=\"wp-block-spacer\"><\/div>\n<\/div>\n\n\n\n<div class=\"wp-block-column has-gainsboro-background-color has-background is-layout-flow wp-block-column-is-layout-flow\">\n<div style=\"height:20px\" aria-hidden=\"true\" class=\"wp-block-spacer\"><\/div>\n\n\n\n<figure class=\"wp-block-image size-large\"><img loading=\"lazy\" decoding=\"async\" width=\"1296\" height=\"864\" src=\"https:\/\/www.cip-icu.ca\/wp-content\/uploads\/2023\/11\/Blog-Featured-Images-1296x864.png\" alt=\"\" class=\"wp-image-20975\" srcset=\"https:\/\/www.cip-icu.ca\/wp-content\/uploads\/2023\/11\/Blog-Featured-Images-1296x864.png 1296w, https:\/\/www.cip-icu.ca\/wp-content\/uploads\/2023\/11\/Blog-Featured-Images-636x424.png 636w, https:\/\/www.cip-icu.ca\/wp-content\/uploads\/2023\/11\/Blog-Featured-Images-768x512.png 768w, https:\/\/www.cip-icu.ca\/wp-content\/uploads\/2023\/11\/Blog-Featured-Images-1536x1024.png 1536w, https:\/\/www.cip-icu.ca\/wp-content\/uploads\/2023\/11\/Blog-Featured-Images-720x480.png 720w, https:\/\/www.cip-icu.ca\/wp-content\/uploads\/2023\/11\/Blog-Featured-Images.png 1920w\" sizes=\"auto, (max-width: 1296px) 100vw, 1296px\" \/><\/figure>\n\n\n\n<p>Regardez nos derniers webinaires sur l&#8217;\u00e9quit\u00e9, la diversit\u00e9, l&#8217;inclusion et l&#8217;accessibilit\u00e9.<\/p>\n\n\n\n<div class=\"wp-block-buttons is-content-justification-center is-layout-flex wp-container-core-buttons-is-layout-16018d1d wp-block-buttons-is-layout-flex\">\n<div class=\"wp-block-button is-style-outline is-style-outline--5\"><a class=\"wp-block-button__link wp-element-button\" href=\"https:\/\/www.cip-icu.ca\/fr\/cpl-hub\/\"><strong>Visitez le CAP HUB<\/strong><\/a><\/div>\n<\/div>\n\n\n\n<div style=\"height:20px\" aria-hidden=\"true\" class=\"wp-block-spacer\"><\/div>\n<\/div>\n\n\n\n<div class=\"wp-block-column has-gainsboro-background-color has-background is-layout-flow wp-block-column-is-layout-flow\">\n<div style=\"height:20px\" aria-hidden=\"true\" class=\"wp-block-spacer\"><\/div>\n\n\n\n<figure class=\"wp-block-image size-large\"><img loading=\"lazy\" decoding=\"async\" width=\"1296\" height=\"864\" src=\"https:\/\/www.cip-icu.ca\/wp-content\/uploads\/2023\/11\/resources--1296x864.png\" alt=\"\" class=\"wp-image-20971\" srcset=\"https:\/\/www.cip-icu.ca\/wp-content\/uploads\/2023\/11\/resources--1296x864.png 1296w, https:\/\/www.cip-icu.ca\/wp-content\/uploads\/2023\/11\/resources--636x424.png 636w, https:\/\/www.cip-icu.ca\/wp-content\/uploads\/2023\/11\/resources--768x512.png 768w, https:\/\/www.cip-icu.ca\/wp-content\/uploads\/2023\/11\/resources--1536x1024.png 1536w, https:\/\/www.cip-icu.ca\/wp-content\/uploads\/2023\/11\/resources--720x480.png 720w, https:\/\/www.cip-icu.ca\/wp-content\/uploads\/2023\/11\/resources-.png 1920w\" sizes=\"auto, (max-width: 1296px) 100vw, 1296px\" \/><\/figure>\n\n\n\n<p>Lisez d&#8217;autres ressources sur l&#8217;\u00e9quit\u00e9, la diversit\u00e9, l&#8217;inclusion et l&#8217;accessibilit\u00e9.<\/p>\n\n\n\n<div class=\"wp-block-buttons is-content-justification-center is-layout-flex wp-container-core-buttons-is-layout-16018d1d wp-block-buttons-is-layout-flex\">\n<div class=\"wp-block-button is-style-outline is-style-outline--6\"><a class=\"wp-block-button__link wp-element-button\" href=\"https:\/\/www.cip-icu.ca\/fr\/bibliotheque-de-ressources\/?_sft_resource_category=edi\"><strong>Voir les ressources<\/strong><\/a><\/div>\n<\/div>\n\n\n\n<div style=\"height:20px\" aria-hidden=\"true\" class=\"wp-block-spacer\"><\/div>\n<\/div>\n\n\n\n<div class=\"wp-block-column has-gainsboro-background-color has-background is-layout-flow wp-block-column-is-layout-flow\">\n<div style=\"height:20px\" aria-hidden=\"true\" class=\"wp-block-spacer\"><\/div>\n\n\n\n<figure class=\"wp-block-image size-large\"><img loading=\"lazy\" decoding=\"async\" width=\"1296\" height=\"864\" src=\"https:\/\/www.cip-icu.ca\/wp-content\/uploads\/2023\/11\/partnership--1296x864.png\" alt=\"\" class=\"wp-image-20972\" srcset=\"https:\/\/www.cip-icu.ca\/wp-content\/uploads\/2023\/11\/partnership--1296x864.png 1296w, https:\/\/www.cip-icu.ca\/wp-content\/uploads\/2023\/11\/partnership--636x424.png 636w, https:\/\/www.cip-icu.ca\/wp-content\/uploads\/2023\/11\/partnership--768x512.png 768w, https:\/\/www.cip-icu.ca\/wp-content\/uploads\/2023\/11\/partnership--1536x1024.png 1536w, https:\/\/www.cip-icu.ca\/wp-content\/uploads\/2023\/11\/partnership--720x480.png 720w, https:\/\/www.cip-icu.ca\/wp-content\/uploads\/2023\/11\/partnership-.png 1920w\" sizes=\"auto, (max-width: 1296px) 100vw, 1296px\" \/><\/figure>\n\n\n\n<p>Voyez avec qui nous travaillons sur l&#8217;\u00e9quit\u00e9, la diversit\u00e9, l&#8217;inclusion et l&#8217;accessibilit\u00e9.<\/p>\n\n\n\n<div class=\"wp-block-buttons is-content-justification-center is-layout-flex wp-container-core-buttons-is-layout-16018d1d wp-block-buttons-is-layout-flex\">\n<div class=\"wp-block-button is-style-outline is-style-outline--7\"><a class=\"wp-block-button__link wp-element-button\" href=\"https:\/\/www.cip-icu.ca\/fr\/partenariats-et-representants\/\"><strong>Voir les partenariats<\/strong><\/a><\/div>\n<\/div>\n\n\n\n<div style=\"height:20px\" aria-hidden=\"true\" class=\"wp-block-spacer\"><\/div>\n<\/div>\n<\/div>\n\n\n\n<div style=\"height:100px\" aria-hidden=\"true\" class=\"wp-block-spacer\"><\/div>\n","protected":false},"excerpt":{"rendered":"<p>Les urbanistes cr\u00e9ent des communaut\u00e9s s\u00fbres et inclusives pour tous gr\u00e2ce \u00e0 un engagement r\u00e9fl\u00e9chi et \u00e0 des approches participatives. La profession d&#8217;urbaniste au Canada&hellip;<\/p>\n","protected":false},"author":12,"featured_media":0,"parent":0,"menu_order":0,"comment_status":"closed","ping_status":"closed","template":"","meta":{"_acf_changed":false,"footnotes":""},"class_list":["post-22167","page","type-page","status-publish","hentry"],"acf":[],"_links":{"self":[{"href":"https:\/\/www.cip-icu.ca\/fr\/wp-json\/wp\/v2\/pages\/22167","targetHints":{"allow":["GET"]}}],"collection":[{"href":"https:\/\/www.cip-icu.ca\/fr\/wp-json\/wp\/v2\/pages"}],"about":[{"href":"https:\/\/www.cip-icu.ca\/fr\/wp-json\/wp\/v2\/types\/page"}],"author":[{"embeddable":true,"href":"https:\/\/www.cip-icu.ca\/fr\/wp-json\/wp\/v2\/users\/12"}],"replies":[{"embeddable":true,"href":"https:\/\/www.cip-icu.ca\/fr\/wp-json\/wp\/v2\/comments?post=22167"}],"version-history":[{"count":18,"href":"https:\/\/www.cip-icu.ca\/fr\/wp-json\/wp\/v2\/pages\/22167\/revisions"}],"predecessor-version":[{"id":31918,"href":"https:\/\/www.cip-icu.ca\/fr\/wp-json\/wp\/v2\/pages\/22167\/revisions\/31918"}],"wp:attachment":[{"href":"https:\/\/www.cip-icu.ca\/fr\/wp-json\/wp\/v2\/media?parent=22167"}],"curies":[{"name":"wp","href":"https:\/\/api.w.org\/{rel}","templated":true}]}}