{"id":22169,"date":"2023-09-18T12:48:38","date_gmt":"2023-09-18T19:48:38","guid":{"rendered":"https:\/\/www.cip-icu.ca\/housing\/"},"modified":"2024-08-15T11:33:33","modified_gmt":"2024-08-15T18:33:33","slug":"housing","status":"publish","type":"page","link":"https:\/\/www.cip-icu.ca\/fr\/housing\/","title":{"rendered":"Logement"},"content":{"rendered":"\n<div class=\"wp-block-columns are-vertically-aligned-top is-layout-flex wp-container-core-columns-is-layout-9d6595d7 wp-block-columns-is-layout-flex\">\n<div class=\"wp-block-column is-vertically-aligned-top is-layout-flow wp-block-column-is-layout-flow\">\n<div style=\"height:100px\" aria-hidden=\"true\" class=\"wp-block-spacer\"><\/div>\n\n\n\n<figure class=\"wp-block-image size-full wp-duotone-unset-1\"><img loading=\"lazy\" decoding=\"async\" width=\"213\" height=\"75\" src=\"https:\/\/www.cip-icu.ca\/wp-content\/uploads\/2023\/11\/CIP-Housing_FR-e1700574189511.png\" alt=\"\" class=\"wp-image-22654\"\/><\/figure>\n\n\n\n<h1 class=\"wp-block-heading\">Aider \u00e0 r\u00e9soudre<strong>   <mark style=\"background-color:rgba(0, 0, 0, 0)\" class=\"has-inline-color has-blue-color\">le d\u00e9fi du logement<\/mark> <\/strong><\/h1>\n\n\n\n<p class=\"lede\">Il n&#8217;existe pas de solution universelle \u00e0 la crise du logement, alors que les pr\u00e9occupations croissantes en mati\u00e8re d&#8217;accessibilit\u00e9 et de choix s&#8217;intensifient dans tout le pays.<\/p>\n\n\n\n<p>En 2023, la population du Canada atteindra 40 millions d&#8217;habitants et devrait augmenter de 1,5 million d&#8217;ici \u00e0 2025, en grande partie gr\u00e2ce \u00e0 des objectifs ambitieux en mati\u00e8re d&#8217;immigration. Si cette augmentation rapide de la population devrait \u00eatre b\u00e9n\u00e9fique pour l&#8217;\u00e9conomie, elle cr\u00e9era \u00e9galement une pression sur le march\u00e9 du logement, d\u00e9j\u00e0 tr\u00e8s volatil.  <\/p>\n\n\n\n<p>Les urbanistes sont dans une position unique pour influencer les questions structurelles li\u00e9es au logement et l&#8217;ICU s&#8217;engage \u00e0 les aider \u00e0 relever ce d\u00e9fi.<\/p>\n<\/div>\n\n\n\n<div class=\"wp-block-column is-vertically-aligned-top is-layout-flow wp-block-column-is-layout-flow\">\n<figure class=\"wp-block-image size-full corner-bottom-right\"><img loading=\"lazy\" decoding=\"async\" width=\"1000\" height=\"768\" src=\"https:\/\/www.cip-icu.ca\/wp-content\/uploads\/2023\/11\/Housing-issue2.png\" alt=\"\" class=\"wp-image-20432\" style=\"aspect-ratio:3\/2;object-fit:cover\" srcset=\"https:\/\/www.cip-icu.ca\/wp-content\/uploads\/2023\/11\/Housing-issue2.png 1000w, https:\/\/www.cip-icu.ca\/wp-content\/uploads\/2023\/11\/Housing-issue2-636x488.png 636w, https:\/\/www.cip-icu.ca\/wp-content\/uploads\/2023\/11\/Housing-issue2-768x590.png 768w, https:\/\/www.cip-icu.ca\/wp-content\/uploads\/2023\/11\/Housing-issue2-306x236.png 306w\" sizes=\"auto, (max-width: 1000px) 100vw, 1000px\" \/><\/figure>\n\n\n\n<blockquote class=\"wp-block-quote is-layout-flow wp-block-quote-is-layout-flow\">\n<p>L&#8217;ICU envisage un avenir dans lequel la planification et le d\u00e9veloppement du logement au Canada permettent une offre diversifi\u00e9e de logements abordables, accessibles, et ad\u00e9quats dans tous les domaines, et qui r\u00e9pondent aux besoins de notre soci\u00e9t\u00e9 multig\u00e9n\u00e9rationnelle. \u00bb<\/p>\n<\/blockquote>\n<\/div>\n<\/div>\n\n\n\n<div style=\"height:1px\" aria-hidden=\"true\" class=\"wp-block-spacer\"><\/div>\n\n\n\n<div class=\"wp-block-columns scroll-image d-none is-layout-flex wp-container-core-columns-is-layout-9d6595d7 wp-block-columns-is-layout-flex\">\n<div class=\"wp-block-column scroll-image is-layout-flow wp-block-column-is-layout-flow\" style=\"flex-basis:40%\">\n<figure class=\"wp-block-image size-full is-resized corner-top-left wp-duotone-unset-2\"><img loading=\"lazy\" decoding=\"async\" width=\"1000\" height=\"768\" src=\"https:\/\/www.cip-icu.ca\/wp-content\/uploads\/2023\/11\/Housing-3.png\" alt=\"\" class=\"wp-image-20438\" style=\"width:431px;height:auto\" srcset=\"https:\/\/www.cip-icu.ca\/wp-content\/uploads\/2023\/11\/Housing-3.png 1000w, https:\/\/www.cip-icu.ca\/wp-content\/uploads\/2023\/11\/Housing-3-636x488.png 636w, https:\/\/www.cip-icu.ca\/wp-content\/uploads\/2023\/11\/Housing-3-768x590.png 768w, https:\/\/www.cip-icu.ca\/wp-content\/uploads\/2023\/11\/Housing-3-306x236.png 306w\" sizes=\"auto, (max-width: 1000px) 100vw, 1000px\" \/><\/figure>\n<\/div>\n\n\n\n<div class=\"wp-block-column is-layout-flow wp-block-column-is-layout-flow\">\n<h2 class=\"wp-block-heading\">Aspirer \u00e0 plus<\/h2>\n\n\n\n<p>L&#8217;ICU est actuellement en train de d\u00e9velopper les aspirations \u00e0 long terme pour ce domaine de travail.<\/p>\n\n\n\n<div class=\"wp-block-buttons is-layout-flex wp-block-buttons-is-layout-flex\">\n<div class=\"wp-block-button is-style-fill\"><a class=\"wp-block-button__link wp-element-button\" href=\"\/wp-content\/uploads\/2023\/09\/Strategic-Plan_ENGLISH_2023.pdf\" target=\"_blank\" rel=\"noreferrer noopener\">En savoir plus sur notre plan strat\u00e9gique<\/a><\/div>\n<\/div>\n<\/div>\n<\/div>\n\n\n\n<div style=\"height:1px\" aria-hidden=\"true\" class=\"wp-block-spacer\"><\/div>\n\n\n\n<div class=\"wp-block-group break-out lgpadding bg-diagonal-gradient\"><div class=\"wp-block-group__inner-container is-layout-constrained wp-block-group-is-layout-constrained\">\n<div class=\"wp-block-group container\"><div class=\"wp-block-group__inner-container is-layout-constrained wp-block-group-is-layout-constrained\">\n<div class=\"wp-block-columns is-layout-flex wp-container-core-columns-is-layout-9d6595d7 wp-block-columns-is-layout-flex\">\n<div class=\"wp-block-column is-layout-flow wp-block-column-is-layout-flow\" style=\"flex-basis:66.66%\">\n<h3 class=\"wp-block-heading line-heading\">Passer \u00e0 l&#8217;action<\/h3>\n\n\n\n<h2 class=\"wp-block-heading\">Notre travail dans le domaine du logement  <\/h2>\n\n\n\n<p>Une croissance d\u00e9mographique rapide est b\u00e9n\u00e9fique pour l&#8217;\u00e9conomie, mais elle exercera une forte pression sur un march\u00e9 du logement d\u00e9j\u00e0 instable. Il appartient aux planificateurs de contribuer \u00e0 la r\u00e9solution de ce probl\u00e8me afin d&#8217;assurer un meilleur avenir \u00e0 la population canadienne.<\/p>\n\n\n\n<div style=\"height:30px\" aria-hidden=\"true\" class=\"wp-block-spacer\"><\/div>\n\n\n\n<div class=\"wp-block-group smpadding has-blue-30-opacity-background-color has-background\"><div class=\"wp-block-group__inner-container is-layout-constrained wp-block-group-is-layout-constrained\">\n<p><strong><strong><em>Plan Canada  <\/em><\/strong><\/strong><\/p>\n\n\n\n<p>L&#8217;\u00e9dition du printemps 2023 du magazine<em> Plan Canada<\/em> est consacr\u00e9e \u00e0 l&#8217;accessibilit\u00e9 et aux choix en mati\u00e8re de logement. \u00c0 la suite de la publication, un panel d&#8217;auteurs a partag\u00e9 d&#8217;autres id\u00e9es tir\u00e9es de leurs articles et a approfondi le th\u00e8me, en examinant les points d&#8217;intersection et les diff\u00e9rences entre leurs travaux lors d&#8217;un s\u00e9minaire en ligne sur l&#8217;accessibilit\u00e9 au logement.  <\/p>\n\n\n\n<p><strong><a href=\"https:\/\/www.cip-icu.ca\/Resources\/Plan-Canada\/Plan-Canada-Spring-2023\" data-type=\"link\" data-id=\"https:\/\/www.cip-icu.ca\/Resources\/Plan-Canada\/Plan-Canada-Spring-2023\">Lire la suite<\/a><\/strong><\/p>\n<\/div><\/div>\n<\/div>\n\n\n\n<div class=\"wp-block-column is-layout-flow wp-block-column-is-layout-flow\" style=\"flex-basis:33.33%\">\n<figure class=\"wp-block-image size-full\"><img loading=\"lazy\" decoding=\"async\" width=\"900\" height=\"900\" src=\"https:\/\/www.cip-icu.ca\/wp-content\/uploads\/2023\/11\/Housing-issue.png\" alt=\"\" class=\"wp-image-20428\" srcset=\"https:\/\/www.cip-icu.ca\/wp-content\/uploads\/2023\/11\/Housing-issue.png 900w, https:\/\/www.cip-icu.ca\/wp-content\/uploads\/2023\/11\/Housing-issue-636x636.png 636w, https:\/\/www.cip-icu.ca\/wp-content\/uploads\/2023\/11\/Housing-issue-160x160.png 160w, https:\/\/www.cip-icu.ca\/wp-content\/uploads\/2023\/11\/Housing-issue-768x768.png 768w\" sizes=\"auto, (max-width: 900px) 100vw, 900px\" \/><\/figure>\n<\/div>\n<\/div>\n\n\n\n<div class=\"wp-block-columns is-layout-flex wp-container-core-columns-is-layout-9d6595d7 wp-block-columns-is-layout-flex\">\n<div class=\"wp-block-column is-layout-flow wp-block-column-is-layout-flow\">\n<p><strong>Lignes directrices pour une communaut\u00e9 en bonne sant\u00e9<\/strong><\/p>\n\n\n\n<p>L&#8217;ICU est un fier partenaire de l&#8217;initiative Housing for Health (H4H), bas\u00e9e \u00e0 l&#8217;Universit\u00e9 de l&#8217;Alberta et ax\u00e9e sur le lien entre le logement, l&#8217;environnement b\u00e2ti et la sant\u00e9. Le r\u00e9sultat de cette collaboration est l&#8217;\u00e9laboration des lignes directrices pour une communaut\u00e9 en bonne sant\u00e9 par plus de 100 partenaires multisectoriels.  <\/p>\n\n\n\n<p><strong><a href=\"\/wp-content\/uploads\/2023\/09\/Healthy-Community-Guidelines_V2p_Aug-18-2023.pdf\" data-type=\"link\" data-id=\"\/wp-content\/uploads\/2023\/09\/Healthy-Community-Guidelines_V2p_Aug-18-2023.pdf\" target=\"_blank\" rel=\"noreferrer noopener\">Lire les lignes directrices<\/a><\/strong><\/p>\n<\/div>\n\n\n\n<div class=\"wp-block-column is-layout-flow wp-block-column-is-layout-flow\">\n<p><strong>Discussions nationales sur les questions de logement<\/strong><\/p>\n\n\n\n<p>L&#8217;ICU est membre du Comit\u00e9 consultatif de recherche en urbanisme de la Soci\u00e9t\u00e9 canadienne d&#8217;hypoth\u00e8ques et de logement. La repr\u00e9sentante Lilian Chau UPC, MICU, apporte une perspective d&#8217;urbanisme aux discussions nationales sur les questions importantes en mati\u00e8re de logement.<\/p>\n<\/div>\n<\/div>\n\n\n\n<div class=\"wp-block-columns is-layout-flex wp-container-core-columns-is-layout-9d6595d7 wp-block-columns-is-layout-flex\">\n<div class=\"wp-block-column is-layout-flow wp-block-column-is-layout-flow\">\n<p><strong>Conf\u00e9rence nationale<\/strong><\/p>\n\n\n\n<p>Les questions de logement sont \u00e9galement \u00e0 l&#8217;ordre du jour des conf\u00e9rences annuelles de l&#8217;ICU. Les sessions abordent des sujets tels que la priorisation des logements hors march\u00e9, l&#8217;exploration de d\u00e9fis complexes en mati\u00e8re de logement avec diverses parties prenantes par le biais de la co-conception, la r\u00e9ponse aux besoins de logement des personnes \u00e2g\u00e9es vuln\u00e9rables, et bien plus encore.<\/p>\n\n\n\n<p><strong><a href=\"https:\/\/site.pheedloop.com\/event\/connection2024\/home\/\" target=\"_blank\" rel=\"noreferrer noopener\">En savoir plus<\/a><\/strong><\/p>\n<\/div>\n\n\n\n<div class=\"wp-block-column is-layout-flow wp-block-column-is-layout-flow\">\n<p><strong>100+ : Profil du Canada sur les ODD urbains<\/strong><\/p>\n\n\n\n<p>L&#8217;ICU est un fier partenaire du <a href=\"https:\/\/www.worldurbanpavilion.org\/\" target=\"_blank\" rel=\"noreferrer noopener\">Pavillon urbain mondial de Regent Park &#8211; Propuls\u00e9 par Daniels<\/a> dans le cadre du projet 100+ : Profil du Canada sur les objectifs de d\u00e9veloppement durable (ODD) en milieu urbain. En collaboration avec l&#8217;OPPI, le Coll\u00e8ge des Fellows de l&#8217;ICU a d\u00e9sign\u00e9 des projets qui illustrent le d\u00e9veloppement urbain durable et qui contribuent \u00e0 la r\u00e9alisation des <a href=\"https:\/\/unhabitat.org\/about-us\/sustainable-development-goals\" data-type=\"link\" data-id=\"https:\/\/unhabitat.org\/about-us\/sustainable-development-goals\" target=\"_blank\" rel=\"noreferrer noopener\">ODD relatifs au logement et \u00e0 l&#8217;urbanisme d&#8217;ONU-Habitat<\/a>.  <\/p>\n\n\n\n<p><strong><a href=\"https:\/\/www.worldurbanpavilion.org\/Canada-Frontrunner-of-Urban-SDGs\/100-plus\" target=\"_blank\" rel=\"noreferrer noopener\">En savoir plus<\/a><\/strong><\/p>\n<\/div>\n<\/div>\n<\/div><\/div>\n<\/div><\/div>\n\n\n\n<div style=\"height:40px\" aria-hidden=\"true\" class=\"wp-block-spacer\"><\/div>\n\n\n\n<h2 class=\"wp-block-heading\">Plus de ressources<\/h2>\n\n\n\n<div class=\"wp-block-columns is-layout-flex wp-container-core-columns-is-layout-9d6595d7 wp-block-columns-is-layout-flex\">\n<div class=\"wp-block-column has-gainsboro-background-color has-background is-layout-flow wp-block-column-is-layout-flow\">\n<div style=\"height:20px\" aria-hidden=\"true\" class=\"wp-block-spacer\"><\/div>\n\n\n<div class=\"wp-block-image\">\n<figure class=\"aligncenter size-large\"><img loading=\"lazy\" decoding=\"async\" width=\"1296\" height=\"864\" src=\"https:\/\/www.cip-icu.ca\/wp-content\/uploads\/2023\/11\/blog-1296x864.png\" alt=\"\" class=\"wp-image-20970\" srcset=\"https:\/\/www.cip-icu.ca\/wp-content\/uploads\/2023\/11\/blog-1296x864.png 1296w, https:\/\/www.cip-icu.ca\/wp-content\/uploads\/2023\/11\/blog-636x424.png 636w, https:\/\/www.cip-icu.ca\/wp-content\/uploads\/2023\/11\/blog-768x512.png 768w, https:\/\/www.cip-icu.ca\/wp-content\/uploads\/2023\/11\/blog-1536x1024.png 1536w, https:\/\/www.cip-icu.ca\/wp-content\/uploads\/2023\/11\/blog-720x480.png 720w, https:\/\/www.cip-icu.ca\/wp-content\/uploads\/2023\/11\/blog.png 1920w\" sizes=\"auto, (max-width: 1296px) 100vw, 1296px\" \/><\/figure>\n<\/div>\n\n\n<p class=\"has-text-align-center\">Consultez nos derniers articles de blog sur le logement.  <\/p>\n\n\n\n<div class=\"wp-block-buttons is-content-justification-center is-layout-flex wp-container-core-buttons-is-layout-16018d1d wp-block-buttons-is-layout-flex\">\n<div class=\"wp-block-button is-style-outline is-style-outline--3\"><a class=\"wp-block-button__link wp-element-button\" href=\"https:\/\/www.cip-icu.ca\/fr\/tag\/logement\/\"><strong>Lire la suite<\/strong><\/a><\/div>\n<\/div>\n\n\n\n<div style=\"height:20px\" aria-hidden=\"true\" class=\"wp-block-spacer\"><\/div>\n<\/div>\n\n\n\n<div class=\"wp-block-column has-gainsboro-background-color has-background is-layout-flow wp-block-column-is-layout-flow\">\n<div style=\"height:20px\" aria-hidden=\"true\" class=\"wp-block-spacer\"><\/div>\n\n\n<div class=\"wp-block-image\">\n<figure class=\"aligncenter size-large\"><img loading=\"lazy\" decoding=\"async\" width=\"1296\" height=\"864\" src=\"https:\/\/www.cip-icu.ca\/wp-content\/uploads\/2023\/11\/CPL_FR-1296x864.png\" alt=\"\" class=\"wp-image-22684\" srcset=\"https:\/\/www.cip-icu.ca\/wp-content\/uploads\/2023\/11\/CPL_FR-1296x864.png 1296w, https:\/\/www.cip-icu.ca\/wp-content\/uploads\/2023\/11\/CPL_FR-636x424.png 636w, https:\/\/www.cip-icu.ca\/wp-content\/uploads\/2023\/11\/CPL_FR-768x512.png 768w, https:\/\/www.cip-icu.ca\/wp-content\/uploads\/2023\/11\/CPL_FR-1536x1024.png 1536w, https:\/\/www.cip-icu.ca\/wp-content\/uploads\/2023\/11\/CPL_FR-720x480.png 720w, https:\/\/www.cip-icu.ca\/wp-content\/uploads\/2023\/11\/CPL_FR.png 1920w\" sizes=\"auto, (max-width: 1296px) 100vw, 1296px\" \/><\/figure>\n<\/div>\n\n\n<p class=\"has-text-align-center\">Regardez nos derniers webinaires sur le logement.<\/p>\n\n\n\n<div class=\"wp-block-buttons is-content-justification-center is-layout-flex wp-container-core-buttons-is-layout-16018d1d wp-block-buttons-is-layout-flex\">\n<div class=\"wp-block-button is-style-outline is-style-outline--4\"><a class=\"wp-block-button__link wp-element-button\" href=\"https:\/\/www.cip-icu.ca\/fr\/cpl-hub\/\"><strong>Visitez le CAP HUB<\/strong><\/a><\/div>\n<\/div>\n\n\n\n<div style=\"height:20px\" aria-hidden=\"true\" class=\"wp-block-spacer\"><\/div>\n<\/div>\n\n\n\n<div class=\"wp-block-column has-gainsboro-background-color has-background is-layout-flow wp-block-column-is-layout-flow\">\n<div style=\"height:20px\" aria-hidden=\"true\" class=\"wp-block-spacer\"><\/div>\n\n\n<div class=\"wp-block-image\">\n<figure class=\"aligncenter size-large\"><img loading=\"lazy\" decoding=\"async\" width=\"1296\" height=\"864\" src=\"https:\/\/www.cip-icu.ca\/wp-content\/uploads\/2023\/11\/resources--1296x864.png\" alt=\"\" class=\"wp-image-20971\" srcset=\"https:\/\/www.cip-icu.ca\/wp-content\/uploads\/2023\/11\/resources--1296x864.png 1296w, https:\/\/www.cip-icu.ca\/wp-content\/uploads\/2023\/11\/resources--636x424.png 636w, https:\/\/www.cip-icu.ca\/wp-content\/uploads\/2023\/11\/resources--768x512.png 768w, https:\/\/www.cip-icu.ca\/wp-content\/uploads\/2023\/11\/resources--1536x1024.png 1536w, https:\/\/www.cip-icu.ca\/wp-content\/uploads\/2023\/11\/resources--720x480.png 720w, https:\/\/www.cip-icu.ca\/wp-content\/uploads\/2023\/11\/resources-.png 1920w\" sizes=\"auto, (max-width: 1296px) 100vw, 1296px\" \/><\/figure>\n<\/div>\n\n\n<p class=\"has-text-align-center\">Vous trouverez d&#8217;autres ressources sur le logement dans notre biblioth\u00e8que de ressources.<\/p>\n\n\n\n<div class=\"wp-block-buttons is-content-justification-center is-layout-flex wp-container-core-buttons-is-layout-16018d1d wp-block-buttons-is-layout-flex\">\n<div class=\"wp-block-button is-style-outline is-style-outline--5\"><a class=\"wp-block-button__link wp-element-button\" href=\"https:\/\/www.cip-icu.ca\/fr\/bibliotheque-de-ressources\/?_sft_resource_category=housing\"><strong>Voir les ressources<\/strong><\/a><\/div>\n<\/div>\n\n\n\n<div style=\"height:20px\" aria-hidden=\"true\" class=\"wp-block-spacer\"><\/div>\n<\/div>\n\n\n\n<div class=\"wp-block-column has-gainsboro-background-color has-background is-layout-flow wp-block-column-is-layout-flow\">\n<div style=\"height:20px\" aria-hidden=\"true\" class=\"wp-block-spacer\"><\/div>\n\n\n<div class=\"wp-block-image\">\n<figure class=\"aligncenter size-large\"><img loading=\"lazy\" decoding=\"async\" width=\"1296\" height=\"864\" src=\"https:\/\/www.cip-icu.ca\/wp-content\/uploads\/2023\/11\/partnership--1296x864.png\" alt=\"\" class=\"wp-image-20972\" srcset=\"https:\/\/www.cip-icu.ca\/wp-content\/uploads\/2023\/11\/partnership--1296x864.png 1296w, https:\/\/www.cip-icu.ca\/wp-content\/uploads\/2023\/11\/partnership--636x424.png 636w, https:\/\/www.cip-icu.ca\/wp-content\/uploads\/2023\/11\/partnership--768x512.png 768w, https:\/\/www.cip-icu.ca\/wp-content\/uploads\/2023\/11\/partnership--1536x1024.png 1536w, https:\/\/www.cip-icu.ca\/wp-content\/uploads\/2023\/11\/partnership--720x480.png 720w, https:\/\/www.cip-icu.ca\/wp-content\/uploads\/2023\/11\/partnership-.png 1920w\" sizes=\"auto, (max-width: 1296px) 100vw, 1296px\" \/><\/figure>\n<\/div>\n\n\n<p class=\"has-text-align-center\">Voir avec qui nous travaillons sur le logement.  <\/p>\n\n\n\n<div class=\"wp-block-buttons is-content-justification-center is-layout-flex wp-container-core-buttons-is-layout-16018d1d wp-block-buttons-is-layout-flex\">\n<div class=\"wp-block-button is-style-outline is-style-outline--6\"><a class=\"wp-block-button__link wp-element-button\" href=\"https:\/\/www.cip-icu.ca\/fr\/partenariats-et-representants\/\"><strong>Voir les partenariats<\/strong><\/a><\/div>\n<\/div>\n\n\n\n<div style=\"height:20px\" aria-hidden=\"true\" class=\"wp-block-spacer\"><\/div>\n<\/div>\n<\/div>\n\n\n\n<div style=\"height:60px\" aria-hidden=\"true\" class=\"wp-block-spacer\"><\/div>\n","protected":false},"excerpt":{"rendered":"<p>Il n&#8217;existe pas de solution universelle \u00e0 la crise du logement, alors que les pr\u00e9occupations croissantes en mati\u00e8re d&#8217;accessibilit\u00e9 et de choix s&#8217;intensifient dans tout&hellip;<\/p>\n","protected":false},"author":12,"featured_media":0,"parent":0,"menu_order":0,"comment_status":"closed","ping_status":"closed","template":"","meta":{"_acf_changed":false,"footnotes":""},"class_list":["post-22169","page","type-page","status-publish","hentry"],"acf":[],"_links":{"self":[{"href":"https:\/\/www.cip-icu.ca\/fr\/wp-json\/wp\/v2\/pages\/22169","targetHints":{"allow":["GET"]}}],"collection":[{"href":"https:\/\/www.cip-icu.ca\/fr\/wp-json\/wp\/v2\/pages"}],"about":[{"href":"https:\/\/www.cip-icu.ca\/fr\/wp-json\/wp\/v2\/types\/page"}],"author":[{"embeddable":true,"href":"https:\/\/www.cip-icu.ca\/fr\/wp-json\/wp\/v2\/users\/12"}],"replies":[{"embeddable":true,"href":"https:\/\/www.cip-icu.ca\/fr\/wp-json\/wp\/v2\/comments?post=22169"}],"version-history":[{"count":13,"href":"https:\/\/www.cip-icu.ca\/fr\/wp-json\/wp\/v2\/pages\/22169\/revisions"}],"predecessor-version":[{"id":42924,"href":"https:\/\/www.cip-icu.ca\/fr\/wp-json\/wp\/v2\/pages\/22169\/revisions\/42924"}],"wp:attachment":[{"href":"https:\/\/www.cip-icu.ca\/fr\/wp-json\/wp\/v2\/media?parent=22169"}],"curies":[{"name":"wp","href":"https:\/\/api.w.org\/{rel}","templated":true}]}}