{"id":22170,"date":"2023-09-18T12:49:33","date_gmt":"2023-09-18T16:49:33","guid":{"rendered":"https:\/\/www.cip-icu.ca\/rejoindre-notre-equipe\/"},"modified":"2026-04-02T15:25:04","modified_gmt":"2026-04-02T19:25:04","slug":"rejoindre-notre-equipe","status":"publish","type":"page","link":"https:\/\/www.cip-icu.ca\/fr\/rejoindre-notre-equipe\/","title":{"rendered":"Rejoindre notre \u00e9quipe"},"content":{"rendered":"\n<div style=\"height:140px\" aria-hidden=\"true\" class=\"wp-block-spacer\"><\/div>\n\n\n\n<div class=\"wp-block-columns is-layout-flex wp-container-core-columns-is-layout-9d6595d7 wp-block-columns-is-layout-flex\">\n<div class=\"wp-block-column is-layout-flow wp-block-column-is-layout-flow\" style=\"flex-basis:60%\">\n<h3 class=\"wp-block-heading line-heading-full\">Rejoindre notre \u00e9quipe<\/h3>\n\n\n\n<h1 class=\"wp-block-heading\">Venez <mark style=\"background-color:rgba(0, 0, 0, 0)\" class=\"has-inline-color has-accent-color\"><strong>travailler<\/strong><\/mark> avec nous<\/h1>\n\n\n\n<p class=\"lede\">Chaque membre de l&#8217;\u00e9quipe de l&#8217;ICU contribue activement \u00e0 notre mission qui consiste \u00e0 soutenir nos membres, \u00e0 apporter une valeur ajout\u00e9e \u00e0 l&#8217;\u00e9cosyst\u00e8me plus large de la planification au Canada et \u00e0 d\u00e9fendre les questions prioritaires pour un plus grand impact collectif. Par notre travail, nous nous effor\u00e7ons de concr\u00e9tiser la vision de l&#8217;ICU, \u00e0 savoir des communaut\u00e9s inclusives et dynamiques, respectueusement connect\u00e9es au monde naturel, pour le bien-\u00eatre des g\u00e9n\u00e9rations actuelles et futures.<\/p>\n<\/div>\n\n\n\n<div class=\"wp-block-column is-layout-flow wp-block-column-is-layout-flow\" style=\"flex-basis:33.33%\"><\/div>\n<\/div>\n\n\n\n<div style=\"height:30px\" aria-hidden=\"true\" class=\"wp-block-spacer\"><\/div>\n\n\n\n<h3 class=\"wp-block-heading\">Opportunit\u00e9s actuelles <\/h3>\n\n\n\n<div style=\"height:32px\" aria-hidden=\"true\" class=\"wp-block-spacer\"><\/div>\n\n\n\n<div class=\"wp-block-group has-gainsboro-background-color has-background\"><div class=\"wp-block-group__inner-container is-layout-constrained wp-block-group-is-layout-constrained\">\n<div style=\"height:17px\" aria-hidden=\"true\" class=\"wp-block-spacer\"><\/div>\n\n\n\n<p>Aucune opportunit\u00e9 n&#8217;est disponible actuellement. Veuillez r\u00e9essayer plus tard.<\/p>\n<\/div><\/div>\n\n\n\n<div style=\"height:126px\" aria-hidden=\"true\" class=\"wp-block-spacer\"><\/div>\n\n\n\n<h3 class=\"wp-block-heading\">\u00c9quit\u00e9, diversit\u00e9, inclusion et accessibilit\u00e9<\/h3>\n\n\n\n<p>L&#8217;ICU s&#8217;engage fermement en faveur d&#8217;un lieu de travail diversifi\u00e9, inclusif et accessible et s&#8217;efforce de maintenir un environnement de travail positif et collaboratif qui favorise l&#8217;\u00e9panouissement personnel et professionnel de tous les employ\u00e9s. L&#8217;ICU s&#8217;engage \u00e9galement en faveur de la sant\u00e9 et de la s\u00e9curit\u00e9 de son personnel, de ses membres et des communaut\u00e9s dans lesquelles elle vit et travaille.<\/p>\n\n\n\n<div style=\"height:80px\" aria-hidden=\"true\" class=\"wp-block-spacer\"><\/div>\n\n\n\n<div class=\"wp-block-columns scroll-image is-layout-flex wp-container-core-columns-is-layout-9d6595d7 wp-block-columns-is-layout-flex\">\n<div class=\"wp-block-column scroll-image is-layout-flow wp-block-column-is-layout-flow\" style=\"flex-basis:40%\">\n<figure class=\"wp-block-image size-full\"><img loading=\"lazy\" decoding=\"async\" width=\"900\" height=\"900\" src=\"https:\/\/www.cip-icu.ca\/wp-content\/uploads\/2023\/11\/join-us.png\" alt=\"\" class=\"wp-image-20933\" srcset=\"https:\/\/www.cip-icu.ca\/wp-content\/uploads\/2023\/11\/join-us.png 900w, https:\/\/www.cip-icu.ca\/wp-content\/uploads\/2023\/11\/join-us-636x636.png 636w, https:\/\/www.cip-icu.ca\/wp-content\/uploads\/2023\/11\/join-us-160x160.png 160w, https:\/\/www.cip-icu.ca\/wp-content\/uploads\/2023\/11\/join-us-768x768.png 768w\" sizes=\"auto, (max-width: 900px) 100vw, 900px\" \/><\/figure>\n<\/div>\n\n\n\n<div class=\"wp-block-column is-layout-flow wp-block-column-is-layout-flow\">\n<h2 class=\"wp-block-heading\">Notre d\u00e9claration de philosophie<\/h2>\n\n\n\n<p>Nous maintenons un environnement de travail qui favorise l&#8217;\u00e9panouissement personnel et professionnel de tous les employ\u00e9s. Le maintien d&#8217;un tel environnement rel\u00e8ve de la responsabilit\u00e9 de chaque membre du personnel. En raison de leur r\u00f4le, les cadres ont la responsabilit\u00e9 suppl\u00e9mentaire de diriger de mani\u00e8re \u00e0 cr\u00e9er un environnement respectueux de chaque personne, favorisant un d\u00e9veloppement fort et unifi\u00e9 du personnel.<\/p>\n\n\n\n<p>Il incombe \u00e0 l&#8217;ensemble du personnel de<\/p>\n\n\n\n<ul class=\"wp-block-list list-columns\">\n<li>Favoriser la coop\u00e9ration et la communication entre les personnes<\/li>\n\n\n\n<li>Se traiter mutuellement de mani\u00e8re \u00e9quitable, avec dignit\u00e9 et respect<\/li>\n\n\n\n<li>S&#8217;efforcer de parvenir \u00e0 une compr\u00e9hension mutuelle des normes relatives aux attentes en mati\u00e8re de performances et communiquer pour renforcer cette compr\u00e9hension.<\/li>\n\n\n\n<li>Encourager et prendre en consid\u00e9ration les opinions des autres employ\u00e9s ou membres, et les inviter \u00e0 participer aux d\u00e9cisions qui affectent leur travail.<\/li>\n\n\n\n<li>Chercher \u00e0 \u00e9viter les conflits sur le lieu de travail et, s&#8217;ils surviennent, r\u00e9agir \u00e9quitablement et rapidement afin de fournir les moyens de les r\u00e9soudre.  <\/li>\n\n\n\n<li>Administrer toutes les politiques de mani\u00e8re \u00e9quitable, en reconnaissant que les emplois sont diff\u00e9rents mais que chacun est important, et que chaque employ\u00e9 a droit \u00e0 un traitement \u00e9quitable.  <\/li>\n\n\n\n<li>reconna\u00eetre que les employ\u00e9s peuvent rencontrer des difficult\u00e9s dans leur vie personnelle et faire preuve de compassion et de compr\u00e9hension<\/li>\n<\/ul>\n<\/div>\n<\/div>\n\n\n\n<div style=\"height:80px\" aria-hidden=\"true\" class=\"wp-block-spacer\"><\/div>\n\n\n\n<div class=\"wp-block-columns scroll-image is-layout-flex wp-container-core-columns-is-layout-9d6595d7 wp-block-columns-is-layout-flex\">\n<div class=\"wp-block-column is-layout-flow wp-block-column-is-layout-flow\">\n<h2 class=\"wp-block-heading\">Nos avantages<\/h2>\n\n\n\n<p>Les employ\u00e9s de l&#8217;ICU b\u00e9n\u00e9ficient de divers avantages pour leur bien-\u00eatre.<\/p>\n\n\n\n<ul class=\"wp-block-list list-columns\">\n<li>Environnement de travail hybride ou enti\u00e8rement \u00e0 distance, en fonction du r\u00f4le.<\/li>\n\n\n\n<li>Horaires flexibles<\/li>\n\n\n\n<li>Droit \u00e0 des vacances g\u00e9n\u00e9reuses, plus des cong\u00e9s suppl\u00e9mentaires non statutaires<\/li>\n\n\n\n<li>Cong\u00e9 personnel g\u00e9n\u00e9reusement r\u00e9mun\u00e9r\u00e9  <\/li>\n\n\n\n<li>Programme d&#8217;assistance aux employ\u00e9s et \u00e0 leur famille, financ\u00e9 par l&#8217;employeur et disponible 24 heures sur 24 et 7 jours sur 7  <\/li>\n\n\n\n<li>Prestations compl\u00e8tes de sant\u00e9 et de soins dentaires prises en charge par l&#8217;employeur, y compris l&#8217;assurance-vie et l&#8217;assurance-invalidit\u00e9  <\/li>\n\n\n\n<li>Programme d&#8217;abondement des cotisations \u00e0 un REER ou \u00e0 un CELI<\/li>\n\n\n\n<li>Environnement de travail bilingue  <\/li>\n\n\n\n<li>Un environnement de travail stimulant qui favorise le d\u00e9veloppement professionnel<\/li>\n<\/ul>\n<\/div>\n\n\n\n<div class=\"wp-block-column scroll-image is-layout-flow wp-block-column-is-layout-flow\" style=\"flex-basis:40%\">\n<figure class=\"wp-block-image size-full\"><img loading=\"lazy\" decoding=\"async\" width=\"900\" height=\"900\" src=\"https:\/\/www.cip-icu.ca\/wp-content\/uploads\/2023\/11\/join-us2.png\" alt=\"\" class=\"wp-image-20934\" srcset=\"https:\/\/www.cip-icu.ca\/wp-content\/uploads\/2023\/11\/join-us2.png 900w, https:\/\/www.cip-icu.ca\/wp-content\/uploads\/2023\/11\/join-us2-636x636.png 636w, https:\/\/www.cip-icu.ca\/wp-content\/uploads\/2023\/11\/join-us2-160x160.png 160w, https:\/\/www.cip-icu.ca\/wp-content\/uploads\/2023\/11\/join-us2-768x768.png 768w\" sizes=\"auto, (max-width: 900px) 100vw, 900px\" \/><\/figure>\n<\/div>\n<\/div>\n\n\n\n<div style=\"height:30px\" aria-hidden=\"true\" class=\"wp-block-spacer\"><\/div>\n\n\n\n<div style=\"height:100px\" aria-hidden=\"true\" class=\"wp-block-spacer\"><\/div>\n","protected":false},"excerpt":{"rendered":"<p>Chaque membre de l&#8217;\u00e9quipe de l&#8217;ICU contribue activement \u00e0 notre mission qui consiste \u00e0 soutenir nos membres, \u00e0 apporter une valeur ajout\u00e9e \u00e0 l&#8217;\u00e9cosyst\u00e8me plus&hellip;<\/p>\n","protected":false},"author":12,"featured_media":0,"parent":0,"menu_order":0,"comment_status":"closed","ping_status":"closed","template":"","meta":{"_acf_changed":false,"footnotes":""},"class_list":["post-22170","page","type-page","status-publish","hentry"],"acf":[],"_links":{"self":[{"href":"https:\/\/www.cip-icu.ca\/fr\/wp-json\/wp\/v2\/pages\/22170","targetHints":{"allow":["GET"]}}],"collection":[{"href":"https:\/\/www.cip-icu.ca\/fr\/wp-json\/wp\/v2\/pages"}],"about":[{"href":"https:\/\/www.cip-icu.ca\/fr\/wp-json\/wp\/v2\/types\/page"}],"author":[{"embeddable":true,"href":"https:\/\/www.cip-icu.ca\/fr\/wp-json\/wp\/v2\/users\/12"}],"replies":[{"embeddable":true,"href":"https:\/\/www.cip-icu.ca\/fr\/wp-json\/wp\/v2\/comments?post=22170"}],"version-history":[{"count":28,"href":"https:\/\/www.cip-icu.ca\/fr\/wp-json\/wp\/v2\/pages\/22170\/revisions"}],"predecessor-version":[{"id":44171,"href":"https:\/\/www.cip-icu.ca\/fr\/wp-json\/wp\/v2\/pages\/22170\/revisions\/44171"}],"wp:attachment":[{"href":"https:\/\/www.cip-icu.ca\/fr\/wp-json\/wp\/v2\/media?parent=22170"}],"curies":[{"name":"wp","href":"https:\/\/api.w.org\/{rel}","templated":true}]}}