{"id":22173,"date":"2023-09-18T12:48:31","date_gmt":"2023-09-18T19:48:31","guid":{"rendered":"https:\/\/www.cip-icu.ca\/climate-change\/"},"modified":"2024-08-15T11:32:28","modified_gmt":"2024-08-15T18:32:28","slug":"climate-change","status":"publish","type":"page","link":"https:\/\/www.cip-icu.ca\/fr\/climate-change\/","title":{"rendered":"Changement climatique"},"content":{"rendered":"\n<div class=\"wp-block-columns are-vertically-aligned-top is-layout-flex wp-container-core-columns-is-layout-9d6595d7 wp-block-columns-is-layout-flex\">\n<div class=\"wp-block-column is-vertically-aligned-top is-layout-flow wp-block-column-is-layout-flow\">\n<div style=\"height:100px\" aria-hidden=\"true\" class=\"wp-block-spacer\"><\/div>\n\n\n\n<figure class=\"wp-block-image size-full wp-duotone-unset-1\"><img loading=\"lazy\" decoding=\"async\" width=\"404\" height=\"75\" src=\"https:\/\/www.cip-icu.ca\/wp-content\/uploads\/2023\/11\/CIP-Climate_FR-e1700574019853.png\" alt=\"\" class=\"wp-image-22648\" style=\"object-fit:cover\"\/><\/figure>\n\n\n\n<h1 class=\"wp-block-heading\"><mark style=\"background-color:rgba(0, 0, 0, 0)\" class=\"has-inline-color has-green-2-color\"><strong>Le temps d&#8217;agir<\/strong><\/mark> c&#8217;est maintenant<\/h1>\n\n\n\n<p class=\"lede\">Le climat change partout dans le monde, qui a provoqu\u00e9 une augmentation des risques, des conditions m\u00e9t\u00e9orologiques extr\u00eames et des transformations de l&#8217;environnement physique au Canada et ailleurs. La pr\u00e9paration aux impacts in\u00e9vitables du changement climatique n\u00e9cessite un changement radical dans la mani\u00e8re dont nous construisons nos communaut\u00e9s, et requiert une action imm\u00e9diate et engag\u00e9e \u00e0 tous les niveaux du gouvernement, de la soci\u00e9t\u00e9 et dans tous les secteurs.<\/p>\n<\/div>\n\n\n\n<div class=\"wp-block-column is-vertically-aligned-top is-layout-flow wp-block-column-is-layout-flow\">\n<figure class=\"wp-block-image size-full corner-bottom-right\"><img loading=\"lazy\" decoding=\"async\" width=\"1366\" height=\"768\" src=\"https:\/\/www.cip-icu.ca\/wp-content\/uploads\/2023\/11\/climate-change-issue.png\" alt=\"\" class=\"wp-image-20395\" srcset=\"https:\/\/www.cip-icu.ca\/wp-content\/uploads\/2023\/11\/climate-change-issue.png 1366w, https:\/\/www.cip-icu.ca\/wp-content\/uploads\/2023\/11\/climate-change-issue-636x358.png 636w, https:\/\/www.cip-icu.ca\/wp-content\/uploads\/2023\/11\/climate-change-issue-1296x729.png 1296w, https:\/\/www.cip-icu.ca\/wp-content\/uploads\/2023\/11\/climate-change-issue-768x432.png 768w\" sizes=\"auto, (max-width: 1366px) 100vw, 1366px\" \/><\/figure>\n\n\n\n<blockquote class=\"wp-block-quote is-layout-flow wp-block-quote-is-layout-flow\">\n<p>L&#8217;ICU envisage un avenir o\u00f9 la planification, la conception, l&#8217;am\u00e9nagement et la gestion des collectivit\u00e9s canadiennes contribuent \u00e0 stabiliser le climat et \u00e0 renforcer la r\u00e9silience devant les changements climatiques in\u00e9vitables et, du coup, \u00e0 favoriser des collectivit\u00e9s plus prosp\u00e8res et \u00e9quitables o\u00f9 il fait bon vivre. <em>\u00bb<\/em><\/p>\n<\/blockquote>\n<\/div>\n<\/div>\n\n\n\n<div style=\"height:60px\" aria-hidden=\"true\" class=\"wp-block-spacer hide-mobile\"><\/div>\n\n\n\n<div class=\"wp-block-columns scroll-image is-layout-flex wp-container-core-columns-is-layout-9d6595d7 wp-block-columns-is-layout-flex\">\n<div class=\"wp-block-column scroll-image is-layout-flow wp-block-column-is-layout-flow\" style=\"flex-basis:40%\">\n<figure class=\"wp-block-image size-full corner-top-left\"><img loading=\"lazy\" decoding=\"async\" width=\"516\" height=\"454\" src=\"https:\/\/www.cip-icu.ca\/wp-content\/uploads\/2023\/09\/CIP-CLIMATE-CHANGE3.png\" alt=\"\" class=\"wp-image-16529\"\/><\/figure>\n<\/div>\n\n\n\n<div class=\"wp-block-column is-layout-flow wp-block-column-is-layout-flow\">\n<h2 class=\"wp-block-heading\">Aspirer \u00e0 plus<\/h2>\n\n\n\n<p>Les urbanistes sont dans une position unique pour rassembler les d\u00e9cideurs, les professions connexes et le public dans une approche int\u00e9gr\u00e9e et collaborative, et dans un programme d&#8217;urbanisme prudente et ax\u00e9e sur l&#8217;\u00e9quit\u00e9 pour aider \u00e0 lutter contre le changement climatique et ses cons\u00e9quences n\u00e9gatives.<\/p>\n\n\n\n<p>L&#8217;ICU a entrepris les actions suivantes pour s&#8217;assurer que l&#8217;organisation contribue \u00e0 l&#8217;avancement d&#8217;un urbanisme tenant compte du changement climatique : <\/p>\n\n\n\n<ul class=\"wp-block-list list-columns\">\n<li>Promouvoir la planification du changement climatique dans nos communications, nos actions de d\u00e9fense des politiques, nos normes \u00e9ducatives, nos activit\u00e9s de d\u00e9veloppement professionnel et notre travail avec d&#8217;autres professions.<\/li>\n\n\n\n<li>D\u00e9velopper et approfondir les partenariats avec d&#8217;autres organisations professionnelles, en tant que priorit\u00e9 dans notre approche de la planification du changement climatique<\/li>\n\n\n\n<li>Veiller \u00e0 ce que les urbanistes en exercice aient acc\u00e8s aux ressources, aux donn\u00e9es, \u00e0 la formation et aux autres formes de soutien dont ils ont besoin pour int\u00e9grer pleinement la perspective du changement climatique dans leur travail.<\/li>\n\n\n\n<li>Plaider en faveur de politiques et d&#8217;actions internationales et f\u00e9d\u00e9rales qui contribuent \u00e0 une planification plus solide du changement climatique<\/li>\n\n\n\n<li>Envisager d&#8217;autres priorit\u00e9s de mise en \u0153uvre, sur la base d&#8217;une analyse annuelle de l&#8217;environnement et d&#8217;une enqu\u00eate aupr\u00e8s des membres.<\/li>\n<\/ul>\n\n\n\n<div class=\"wp-block-buttons is-layout-flex wp-block-buttons-is-layout-flex\">\n<div class=\"wp-block-button is-style-fill\"><a class=\"wp-block-button__link wp-element-button\" href=\"\/wp-content\/uploads\/2023\/09\/Strategic-Plan_ENGLISH_2023.pdf\" target=\"_blank\" rel=\"noreferrer noopener\">En savoir plus sur notre plan strat\u00e9gique<\/a><\/div>\n<\/div>\n<\/div>\n<\/div>\n\n\n\n<div style=\"height:30px\" aria-hidden=\"true\" class=\"wp-block-spacer\"><\/div>\n\n\n\n<div class=\"wp-block-group break-out lgpadding bg-diagonal-gradient\"><div class=\"wp-block-group__inner-container is-layout-constrained wp-block-group-is-layout-constrained\">\n<div class=\"wp-block-group container\"><div class=\"wp-block-group__inner-container is-layout-constrained wp-block-group-is-layout-constrained\">\n<div class=\"wp-block-columns is-layout-flex wp-container-core-columns-is-layout-9d6595d7 wp-block-columns-is-layout-flex\">\n<div class=\"wp-block-column is-layout-flow wp-block-column-is-layout-flow\" style=\"flex-basis:66.66%\">\n<h3 class=\"wp-block-heading line-heading\">Passer \u00e0 l&#8217;action<\/h3>\n\n\n\n<h2 class=\"wp-block-heading\">Notre travail sur le changement climatique<\/h2>\n\n\n\n<p>La complexit\u00e9 et l&#8217;ampleur du changement climatique exigent une approche int\u00e9gr\u00e9e et collaborative. L&#8217;urbanisme qui est fond\u00e9 sur le changement climatique doit trouver un \u00e9quilibre entre des aspects vari\u00e9s, voire contradictoires. Nous avons travaill\u00e9 pour nous adapter \u00e0 l&#8217;\u00e9volution du climat.<\/p>\n\n\n\n<div class=\"wp-block-group smpadding has-green-2-30-opacity-background-color has-background\"><div class=\"wp-block-group__inner-container is-layout-constrained wp-block-group-is-layout-constrained\">\n<p><strong>Politique sur la planification en mati\u00e8re de changement climatique<\/strong><\/p>\n\n\n\n<p>Notre politique en mati\u00e8re de changement climatique d\u00e9finit le r\u00f4le que joue la planification pour relever les d\u00e9fis complexes du changement climatique et appelle les urbanistes \u00e0 agir pour cr\u00e9er des communaut\u00e9s r\u00e9silientes et contribuant \u00e0 la stabilit\u00e9 du climat.<\/p>\n\n\n\n<p><strong><a href=\"https:\/\/www.cip-icu.ca\/wp-content\/uploads\/2023\/12\/policy-climate-fr-2023-new-branding-edit-1.pdf\" data-type=\"link\" data-id=\"https:\/\/www.cip-icu.ca\/wp-content\/uploads\/2023\/12\/policy-climate-fr-2023-new-branding-edit-1.pdf\" target=\"_blank\" rel=\"noreferrer noopener\">Lire la politique<\/a><\/strong><\/p>\n<\/div><\/div>\n<\/div>\n\n\n\n<div class=\"wp-block-column is-layout-flow wp-block-column-is-layout-flow\" style=\"flex-basis:33.33%\">\n<figure class=\"wp-block-image size-full\"><img loading=\"lazy\" decoding=\"async\" width=\"444\" height=\"446\" src=\"https:\/\/www.cip-icu.ca\/wp-content\/uploads\/2023\/09\/hexagons.png\" alt=\"\" class=\"wp-image-16481\" srcset=\"https:\/\/www.cip-icu.ca\/wp-content\/uploads\/2023\/09\/hexagons.png 444w, https:\/\/www.cip-icu.ca\/wp-content\/uploads\/2023\/09\/hexagons-160x160.png 160w\" sizes=\"auto, (max-width: 444px) 100vw, 444px\" \/><\/figure>\n<\/div>\n<\/div>\n\n\n\n<div class=\"wp-block-columns is-layout-flex wp-container-core-columns-is-layout-9d6595d7 wp-block-columns-is-layout-flex\">\n<div class=\"wp-block-column is-layout-flow wp-block-column-is-layout-flow\">\n<p><strong>Engagement en faveur de la neutralit\u00e9 carbone<\/strong><\/p>\n\n\n\n<p>Nous reconnaissons que le changement climatique est la principale menace pour notre monde et les communaut\u00e9s dans lesquelles nous vivons et travaillons. C&#8217;est pourquoi nous nous engageons \u00e0 poursuivre notre action et notre plaidoyer dans ce domaine, et \u00e0 mettre en \u0153uvre de nouvelles mesures pour r\u00e9duire notre propre impact carbone.<\/p>\n\n\n\n<p><strong><a href=\"https:\/\/www.cip-icu.ca\/News-and-Events\/Newsroom\/News-Releases-and-Public\/Policy-Statements\/Canadian-Institute-of-Planners-Commits-to-Carbon-N\" data-type=\"link\" data-id=\"https:\/\/www.cip-icu.ca\/News-and-Events\/Newsroom\/News-Releases-and-Public\/Policy-Statements\/Canadian-Institute-of-Planners-Commits-to-Carbon-N\" target=\"_blank\" rel=\"noreferrer noopener\">Lire la d\u00e9claration compl\u00e8te<\/a><\/strong><\/p>\n<\/div>\n\n\n\n<div class=\"wp-block-column is-layout-flow wp-block-column-is-layout-flow\">\n<p><strong>Adaptation au climat  <\/strong><\/p>\n\n\n\n<p>Il est essentiel que la profession d&#8217;urbaniste poss\u00e8de les comp\u00e9tences en mati\u00e8re d&#8217;adaptation au climat n\u00e9cessaires pour faire face aux cons\u00e9quences imminentes sur les environnements b\u00e2tis, naturels et sociaux. La<a href=\"https:\/\/www.canada.ca\/en\/services\/environment\/weather\/climatechange\/climate-plan\/national-adaptation-strategy.html\" target=\"_blank\" rel=\"noreferrer noopener\"> <\/a><a href=\"https:\/\/www.canada.ca\/fr\/services\/environnement\/meteo\/changementsclimatiques\/plan-climatique\/strategie-nationale-adaptation.html\" data-type=\"link\" data-id=\"https:\/\/www.canada.ca\/fr\/services\/environnement\/meteo\/changementsclimatiques\/plan-climatique\/strategie-nationale-adaptation.html\" target=\"_blank\" rel=\"noreferrer noopener\">strat\u00e9gie nationale d&#8217;adaptation<\/a> du gouvernement canadien s&#8217;est fix\u00e9 pour objectif que 70 % des urbanistes soient en mesure d&#8217;utiliser les outils et les informations relatifs \u00e0 l&#8217;adaptation au climat. <\/p>\n\n\n\n<p><strong><a href=\"https:\/\/www.canada.ca\/fr\/services\/environnement\/meteo\/changementsclimatiques\/plan-climatique\/strategie-nationale-adaptation\/strategie-complete.html\" data-type=\"link\" data-id=\"https:\/\/www.planners4climateaction.org\/\" target=\"_blank\" rel=\"noreferrer noopener\">Voir la strat\u00e9gie<\/a><\/strong><\/p>\n<\/div>\n\n\n\n<div class=\"wp-block-column is-layout-flow wp-block-column-is-layout-flow\">\n<p><strong>Enqu\u00eate de benchmarking aupr\u00e8s des urbanistes professionnels  <\/strong><\/p>\n\n\n\n<p>Afin de comprendre les besoins des urbanistes en mati\u00e8re de connaissances et de comp\u00e9tences en mati\u00e8re d&#8217;adaptation au climat, l&#8217;ICU m\u00e8ne r\u00e9guli\u00e8rement des enqu\u00eates aupr\u00e8s des urbanistes, la premi\u00e8re ayant \u00e9t\u00e9 r\u00e9alis\u00e9e en 2009. En partenariat avec Ressources naturelles Canada dans le cadre de la <a href=\"https:\/\/www.canada.ca\/fr\/services\/environnement\/meteo\/changementsclimatiques\/plan-climatique\/strategie-nationale-adaptation.html\" target=\"_blank\" rel=\"noreferrer noopener\">strat\u00e9gie nationale d&#8217;adaptation<\/a>, une nouvelle enqu\u00eate a \u00e9t\u00e9 publi\u00e9e en 2023, et le nouveau rapport est d\u00e9sormais disponible.<\/p>\n\n\n\n<p><strong><a href=\"https:\/\/www.cip-icu.ca\/wp-content\/uploads\/2024\/04\/POR136-22-rapport.pdf\">Examiner l&#8217;enqu\u00eate<\/a><\/strong><\/p>\n<\/div>\n<\/div>\n<\/div><\/div>\n<\/div><\/div>\n\n\n\n<div style=\"height:40px\" aria-hidden=\"true\" class=\"wp-block-spacer\"><\/div>\n\n\n\n<h2 class=\"wp-block-heading\">Plus de ressources<\/h2>\n\n\n\n<div class=\"wp-block-columns is-layout-flex wp-container-core-columns-is-layout-9d6595d7 wp-block-columns-is-layout-flex\">\n<div class=\"wp-block-column has-gainsboro-background-color has-background is-layout-flow wp-block-column-is-layout-flow\">\n<div style=\"height:20px\" aria-hidden=\"true\" class=\"wp-block-spacer\"><\/div>\n\n\n<div class=\"wp-block-image\">\n<figure class=\"aligncenter size-large\"><img loading=\"lazy\" decoding=\"async\" width=\"1296\" height=\"864\" src=\"https:\/\/www.cip-icu.ca\/wp-content\/uploads\/2023\/11\/blog-1296x864.png\" alt=\"\" class=\"wp-image-20970\" srcset=\"https:\/\/www.cip-icu.ca\/wp-content\/uploads\/2023\/11\/blog-1296x864.png 1296w, https:\/\/www.cip-icu.ca\/wp-content\/uploads\/2023\/11\/blog-636x424.png 636w, https:\/\/www.cip-icu.ca\/wp-content\/uploads\/2023\/11\/blog-768x512.png 768w, https:\/\/www.cip-icu.ca\/wp-content\/uploads\/2023\/11\/blog-1536x1024.png 1536w, https:\/\/www.cip-icu.ca\/wp-content\/uploads\/2023\/11\/blog-720x480.png 720w, https:\/\/www.cip-icu.ca\/wp-content\/uploads\/2023\/11\/blog.png 1920w\" sizes=\"auto, (max-width: 1296px) 100vw, 1296px\" \/><\/figure>\n<\/div>\n\n\n<p class=\"has-text-align-center\">Consultez nos derniers articles de blog sur le changement climatique.<\/p>\n\n\n\n<div class=\"wp-block-buttons is-content-justification-center is-layout-flex wp-container-core-buttons-is-layout-16018d1d wp-block-buttons-is-layout-flex\">\n<div class=\"wp-block-button is-style-outline is-style-outline--2\"><a class=\"wp-block-button__link has-text-align-center wp-element-button\" href=\"https:\/\/www.cip-icu.ca\/fr\/tag\/changement-climatique\/\"><strong>Lire la suite<\/strong><\/a><\/div>\n<\/div>\n\n\n\n<div style=\"height:20px\" aria-hidden=\"true\" class=\"wp-block-spacer\"><\/div>\n<\/div>\n\n\n\n<div class=\"wp-block-column has-gainsboro-background-color has-background is-layout-flow wp-block-column-is-layout-flow\">\n<div style=\"height:20px\" aria-hidden=\"true\" class=\"wp-block-spacer\"><\/div>\n\n\n<div class=\"wp-block-image\">\n<figure class=\"aligncenter size-large\"><img loading=\"lazy\" decoding=\"async\" width=\"1296\" height=\"864\" src=\"https:\/\/www.cip-icu.ca\/wp-content\/uploads\/2023\/11\/CPL_FR-1296x864.png\" alt=\"\" class=\"wp-image-22684\" srcset=\"https:\/\/www.cip-icu.ca\/wp-content\/uploads\/2023\/11\/CPL_FR-1296x864.png 1296w, https:\/\/www.cip-icu.ca\/wp-content\/uploads\/2023\/11\/CPL_FR-636x424.png 636w, https:\/\/www.cip-icu.ca\/wp-content\/uploads\/2023\/11\/CPL_FR-768x512.png 768w, https:\/\/www.cip-icu.ca\/wp-content\/uploads\/2023\/11\/CPL_FR-1536x1024.png 1536w, https:\/\/www.cip-icu.ca\/wp-content\/uploads\/2023\/11\/CPL_FR-720x480.png 720w, https:\/\/www.cip-icu.ca\/wp-content\/uploads\/2023\/11\/CPL_FR.png 1920w\" sizes=\"auto, (max-width: 1296px) 100vw, 1296px\" \/><\/figure>\n<\/div>\n\n\n<p class=\"has-text-align-center\">Regardez nos derniers webinaires sur le changement climatique.<\/p>\n\n\n\n<div class=\"wp-block-buttons is-content-justification-center is-layout-flex wp-container-core-buttons-is-layout-16018d1d wp-block-buttons-is-layout-flex\">\n<div class=\"wp-block-button is-style-outline is-style-outline--3\"><a class=\"wp-block-button__link wp-element-button\" href=\"https:\/\/www.cip-icu.ca\/fr\/cpl-hub\/\"><strong>Visitez le CAP HUB<\/strong><\/a><\/div>\n<\/div>\n\n\n\n<div style=\"height:20px\" aria-hidden=\"true\" class=\"wp-block-spacer\"><\/div>\n<\/div>\n\n\n\n<div class=\"wp-block-column has-gainsboro-background-color has-background is-layout-flow wp-block-column-is-layout-flow\">\n<div style=\"height:20px\" aria-hidden=\"true\" class=\"wp-block-spacer\"><\/div>\n\n\n<div class=\"wp-block-image\">\n<figure class=\"aligncenter size-large\"><img loading=\"lazy\" decoding=\"async\" width=\"1296\" height=\"864\" src=\"https:\/\/www.cip-icu.ca\/wp-content\/uploads\/2023\/11\/resources--1296x864.png\" alt=\"\" class=\"wp-image-20971\" srcset=\"https:\/\/www.cip-icu.ca\/wp-content\/uploads\/2023\/11\/resources--1296x864.png 1296w, https:\/\/www.cip-icu.ca\/wp-content\/uploads\/2023\/11\/resources--636x424.png 636w, https:\/\/www.cip-icu.ca\/wp-content\/uploads\/2023\/11\/resources--768x512.png 768w, https:\/\/www.cip-icu.ca\/wp-content\/uploads\/2023\/11\/resources--1536x1024.png 1536w, https:\/\/www.cip-icu.ca\/wp-content\/uploads\/2023\/11\/resources--720x480.png 720w, https:\/\/www.cip-icu.ca\/wp-content\/uploads\/2023\/11\/resources-.png 1920w\" sizes=\"auto, (max-width: 1296px) 100vw, 1296px\" \/><\/figure>\n<\/div>\n\n\n<p class=\"has-text-align-center\">Lire d&#8217;autres ressources sur le changement climatique.<\/p>\n\n\n\n<div class=\"wp-block-buttons is-content-justification-center is-layout-flex wp-container-core-buttons-is-layout-16018d1d wp-block-buttons-is-layout-flex\">\n<div class=\"wp-block-button is-style-outline is-style-outline--4\"><a class=\"wp-block-button__link wp-element-button\"><strong>Voir les ressources<\/strong><\/a><\/div>\n<\/div>\n\n\n\n<div style=\"height:20px\" aria-hidden=\"true\" class=\"wp-block-spacer\"><\/div>\n<\/div>\n\n\n\n<div class=\"wp-block-column has-gainsboro-background-color has-background is-layout-flow wp-block-column-is-layout-flow\">\n<div style=\"height:20px\" aria-hidden=\"true\" class=\"wp-block-spacer\"><\/div>\n\n\n<div class=\"wp-block-image\">\n<figure class=\"aligncenter size-large\"><img loading=\"lazy\" decoding=\"async\" width=\"1296\" height=\"864\" src=\"https:\/\/www.cip-icu.ca\/wp-content\/uploads\/2023\/11\/partnership--1296x864.png\" alt=\"\" class=\"wp-image-20972\" srcset=\"https:\/\/www.cip-icu.ca\/wp-content\/uploads\/2023\/11\/partnership--1296x864.png 1296w, https:\/\/www.cip-icu.ca\/wp-content\/uploads\/2023\/11\/partnership--636x424.png 636w, https:\/\/www.cip-icu.ca\/wp-content\/uploads\/2023\/11\/partnership--768x512.png 768w, https:\/\/www.cip-icu.ca\/wp-content\/uploads\/2023\/11\/partnership--1536x1024.png 1536w, https:\/\/www.cip-icu.ca\/wp-content\/uploads\/2023\/11\/partnership--720x480.png 720w, https:\/\/www.cip-icu.ca\/wp-content\/uploads\/2023\/11\/partnership-.png 1920w\" sizes=\"auto, (max-width: 1296px) 100vw, 1296px\" \/><\/figure>\n<\/div>\n\n\n<p class=\"has-text-align-center\">Voir avec qui nous travaillons sur le changement climatique.<\/p>\n\n\n\n<div class=\"wp-block-buttons is-content-justification-center is-layout-flex wp-container-core-buttons-is-layout-16018d1d wp-block-buttons-is-layout-flex\">\n<div class=\"wp-block-button is-style-outline is-style-outline--5\"><a class=\"wp-block-button__link wp-element-button\" href=\"https:\/\/www.cip-icu.ca\/fr\/partenariats-et-representants\/\"><strong>Voir les partenariats<\/strong><\/a><\/div>\n<\/div>\n\n\n\n<div style=\"height:20px\" aria-hidden=\"true\" class=\"wp-block-spacer\"><\/div>\n<\/div>\n<\/div>\n\n\n\n<div style=\"height:100px\" aria-hidden=\"true\" class=\"wp-block-spacer\"><\/div>\n","protected":false},"excerpt":{"rendered":"<p>Le climat change partout dans le monde, qui a provoqu\u00e9 une augmentation des risques, des conditions m\u00e9t\u00e9orologiques extr\u00eames et des transformations de l&#8217;environnement physique au&hellip;<\/p>\n","protected":false},"author":12,"featured_media":0,"parent":0,"menu_order":0,"comment_status":"closed","ping_status":"closed","template":"","meta":{"_acf_changed":false,"footnotes":""},"class_list":["post-22173","page","type-page","status-publish","hentry"],"acf":[],"_links":{"self":[{"href":"https:\/\/www.cip-icu.ca\/fr\/wp-json\/wp\/v2\/pages\/22173","targetHints":{"allow":["GET"]}}],"collection":[{"href":"https:\/\/www.cip-icu.ca\/fr\/wp-json\/wp\/v2\/pages"}],"about":[{"href":"https:\/\/www.cip-icu.ca\/fr\/wp-json\/wp\/v2\/types\/page"}],"author":[{"embeddable":true,"href":"https:\/\/www.cip-icu.ca\/fr\/wp-json\/wp\/v2\/users\/12"}],"replies":[{"embeddable":true,"href":"https:\/\/www.cip-icu.ca\/fr\/wp-json\/wp\/v2\/comments?post=22173"}],"version-history":[{"count":19,"href":"https:\/\/www.cip-icu.ca\/fr\/wp-json\/wp\/v2\/pages\/22173\/revisions"}],"predecessor-version":[{"id":29412,"href":"https:\/\/www.cip-icu.ca\/fr\/wp-json\/wp\/v2\/pages\/22173\/revisions\/29412"}],"wp:attachment":[{"href":"https:\/\/www.cip-icu.ca\/fr\/wp-json\/wp\/v2\/media?parent=22173"}],"curies":[{"name":"wp","href":"https:\/\/api.w.org\/{rel}","templated":true}]}}