{"id":22175,"date":"2023-09-18T12:48:42","date_gmt":"2023-09-18T16:48:42","guid":{"rendered":"https:\/\/www.cip-icu.ca\/reconciliation\/"},"modified":"2026-04-01T10:16:12","modified_gmt":"2026-04-01T14:16:12","slug":"reconciliation","status":"publish","type":"page","link":"https:\/\/www.cip-icu.ca\/fr\/reconciliation\/","title":{"rendered":"R\u00e9conciliation"},"content":{"rendered":"\n<div class=\"wp-block-columns are-vertically-aligned-top is-layout-flex wp-container-core-columns-is-layout-9d6595d7 wp-block-columns-is-layout-flex\">\n<div class=\"wp-block-column is-vertically-aligned-top is-layout-flow wp-block-column-is-layout-flow\">\n<div style=\"height:94px\" aria-hidden=\"true\" class=\"wp-block-spacer\"><\/div>\n\n\n\n<figure class=\"wp-block-image size-full is-resized wp-duotone-unset-1\"><img loading=\"lazy\" decoding=\"async\" width=\"292\" height=\"75\" src=\"https:\/\/www.cip-icu.ca\/wp-content\/uploads\/2023\/11\/CIP-Reconciliation_FR-e1700574252776.png\" alt=\"\" class=\"wp-image-22656\" style=\"width:292px;height:undefinedpx\"\/><\/figure>\n\n\n\n<h1 class=\"wp-block-heading\">Le <strong><mark style=\"background-color:rgba(0, 0, 0, 0)\" class=\"has-inline-color has-orange-color\">feu <\/mark><\/strong>que nous entretenons<\/h1>\n\n\n\n<p class=\"lede\">Le Plan d&#8217;action pour la r\u00e9conciliation (PAR) de l\u2019ICU, intitul\u00e9 <em>Le feu que nous entretenons : v\u00e9rit\u00e9 et relations dans l\u2019urbanisme canadien<\/em>, marque une premi\u00e8re \u00e9tape importante dans notre cheminement vers la r\u00e9conciliation. Une v\u00e9ritable r\u00e9conciliation exige des efforts soutenus, un partenariat \u00e0 long terme et un engagement \u00e0 \u00e9voluer en fonction des besoins et des voix des peuples autochtones. Le PAR fournit un cadre qui inspire l&#8217;apprentissage continu au sein de la profession d\u2019urbaniste et engage les urbanistes \u00e0 prendre des mesures concr\u00e8tes en faveur de la r\u00e9conciliation dans tous les domaines de pratique.  <\/p>\n\n\n\n<div style=\"height:16px\" aria-hidden=\"true\" class=\"wp-block-spacer\"><\/div>\n\n\n\n<div class=\"wp-block-buttons is-layout-flex wp-block-buttons-is-layout-flex\">\n<div class=\"wp-block-button\"><a class=\"wp-block-button__link wp-element-button\" href=\"https:\/\/www.cip-icu.ca\/wp-content\/uploads\/2026\/02\/Reconciliation-Action-Plan-FR.pdf\" target=\"_blank\" rel=\"noreferrer noopener\">Lire le plan complet<\/a><\/div>\n<\/div>\n<\/div>\n\n\n\n<div class=\"wp-block-column is-vertically-aligned-top is-layout-flow wp-block-column-is-layout-flow\">\n<div style=\"height:184px\" aria-hidden=\"true\" class=\"wp-block-spacer\"><\/div>\n\n\n\n<figure class=\"wp-block-image size-large is-resized\"><img loading=\"lazy\" decoding=\"async\" width=\"1296\" height=\"421\" src=\"https:\/\/www.cip-icu.ca\/wp-content\/uploads\/2026\/02\/CanoeArt_RAP-1296x421.png\" alt=\"\" class=\"wp-image-42491\" style=\"aspect-ratio:3.07839177528915;width:437px;height:auto\" srcset=\"https:\/\/www.cip-icu.ca\/wp-content\/uploads\/2026\/02\/CanoeArt_RAP-1296x421.png 1296w, https:\/\/www.cip-icu.ca\/wp-content\/uploads\/2026\/02\/CanoeArt_RAP-636x207.png 636w, https:\/\/www.cip-icu.ca\/wp-content\/uploads\/2026\/02\/CanoeArt_RAP-768x250.png 768w, https:\/\/www.cip-icu.ca\/wp-content\/uploads\/2026\/02\/CanoeArt_RAP-1536x499.png 1536w, https:\/\/www.cip-icu.ca\/wp-content\/uploads\/2026\/02\/CanoeArt_RAP-2048x665.png 2048w, https:\/\/www.cip-icu.ca\/wp-content\/uploads\/2026\/02\/CanoeArt_RAP-600x195.png 600w\" sizes=\"auto, (max-width: 1296px) 100vw, 1296px\" \/><\/figure>\n\n\n\n<blockquote class=\"wp-block-quote is-layout-flow wp-block-quote-is-layout-flow\">\n<p>La r\u00e9conciliation commence par la reconnaissance et la compr\u00e9hension de la v\u00e9rit\u00e9, et exige des efforts soutenus, des partenariats et un engagement \u00e0 \u00e9voluer.<\/p>\n<\/blockquote>\n<\/div>\n<\/div>\n\n\n\n<div style=\"height:49px\" aria-hidden=\"true\" class=\"wp-block-spacer\"><\/div>\n\n\n\n<div class=\"wp-block-columns is-layout-flex wp-container-core-columns-is-layout-9d6595d7 wp-block-columns-is-layout-flex\">\n<div class=\"wp-block-column is-layout-flow wp-block-column-is-layout-flow\" style=\"flex-basis:40%\">\n<figure class=\"wp-block-image size-full wp-duotone-unset-2\"><img loading=\"lazy\" decoding=\"async\" width=\"899\" height=\"1016\" src=\"https:\/\/www.cip-icu.ca\/wp-content\/uploads\/2026\/02\/Reconciliation-Hexagons.png\" alt=\"\" class=\"wp-image-42615\" srcset=\"https:\/\/www.cip-icu.ca\/wp-content\/uploads\/2026\/02\/Reconciliation-Hexagons.png 899w, https:\/\/www.cip-icu.ca\/wp-content\/uploads\/2026\/02\/Reconciliation-Hexagons-636x719.png 636w, https:\/\/www.cip-icu.ca\/wp-content\/uploads\/2026\/02\/Reconciliation-Hexagons-768x868.png 768w, https:\/\/www.cip-icu.ca\/wp-content\/uploads\/2026\/02\/Reconciliation-Hexagons-600x678.png 600w\" sizes=\"auto, (max-width: 899px) 100vw, 899px\" \/><\/figure>\n<\/div>\n\n\n\n<div class=\"wp-block-column is-layout-flow wp-block-column-is-layout-flow\">\n<h2 class=\"wp-block-heading\">Nos premiers pas<\/h2>\n\n\n\n<p>Le cheminement de l\u2019ICU vers la r\u00e9conciliation commence par la reconnaissance que l&#8217;histoire de la profession d&#8217;urbaniste est ancr\u00e9e dans la cr\u00e9ation et la mise en \u0153uvre du syst\u00e8me de r\u00e9serves, l&#8217;arpentage et le morcellement des terres autochtones, ainsi que la suppression active ou la r\u00e9pression des syst\u00e8mes de planification autochtones qui ont fa\u00e7onn\u00e9 des collectivit\u00e9s dynamiques pendant des mill\u00e9naires. Ces actions font non seulement partie de notre histoire, mais elles perdurent \u00e9galement dans les processus, les politiques et les pratiques professionnelles actuels. <\/p>\n\n\n\n<p class=\"icon-list\">En tant qu&#8217;organisation, notre force r\u00e9side dans notre capacit\u00e9 \u00e0 rassembler, \u00e0 guider, \u00e0 \u00e9duquer et \u00e0 plaider en faveur du changement, en mobilisant la profession pour int\u00e9grer la r\u00e9conciliation dans tous les aspects du travail d\u2019urbanisme. Nous nous engageons \u00e0 fournir des outils, des possibilit\u00e9s de partenariat et une voix professionnelle unifi\u00e9e en faveur de la r\u00e9conciliation. <\/p>\n\n\n\n<ul class=\"wp-block-list icon-list\">\n<li><strong>Gouvernance <\/strong>: l\u2019ICU r\u00e9visera ses r\u00e8glements de gouvernance afin d&#8217;ajouter un nouveau poste de directeur destin\u00e9 \u00e0 une personne issue des Premi\u00e8res Nations, des Inuits ou des M\u00e9tis qui poss\u00e8de des comp\u00e9tences, une expertise et une exp\u00e9rience v\u00e9cue en mati\u00e8re de r\u00e9conciliation, et qui conna\u00eet bien son application \u00e0 l\u2019urbanisme.<\/li>\n\n\n\n<li><strong>Comit\u00e9 consultatif autochtone <\/strong>: l&#8217;ICU mettra en place une nouvelle version du Comit\u00e9 consultatif autochtone, qui jouera un r\u00f4le cl\u00e9 dans l&#8217;orientation de la mise en \u0153uvre du Plan d&#8217;action pour la r\u00e9conciliation, en veillant \u00e0 ce que le travail reste ancr\u00e9 dans les perspectives, les connaissances et les priorit\u00e9s autochtones.<\/li>\n\n\n\n<li><strong>Fonds de r\u00e9conciliation <\/strong>: l\u2019ICU a cr\u00e9\u00e9 un nouveau <a href=\"https:\/\/www.cip-icu.ca\/fr\/fonds-reconciliation\/\">fonds de r\u00e9conciliation<\/a> afin d\u2019all\u00e9ger les obstacles financiers qui ont limit\u00e9 la participation des Autochtones aux espaces de planification professionnels, notamment en tant que membres et contributeurs \u00e0 nos programmes et \u00e9v\u00e9nements.&nbsp;<\/li>\n<\/ul>\n<\/div>\n<\/div>\n\n\n\n<div class=\"wp-block-group container\"><div class=\"wp-block-group__inner-container is-layout-constrained wp-block-group-is-layout-constrained\">\n<div class=\"wp-block-columns is-layout-flex wp-container-core-columns-is-layout-9d6595d7 wp-block-columns-is-layout-flex\">\n<div class=\"wp-block-column is-layout-flow wp-block-column-is-layout-flow\" style=\"flex-basis:66.66%\">\n<h3 class=\"wp-block-heading line-heading\">Passer \u00e0 l&#8217;action<\/h3>\n\n\n\n<h2 class=\"wp-block-heading\">Nos engagements<\/h2>\n\n\n\n<p>La profession d&#8217;urbaniste est li\u00e9e au processus de r\u00e9conciliation et a la responsabilit\u00e9 de faciliter des relations solides et respectueuses entre les peuples autochtones et non autochtones.<\/p>\n\n\n\n<div style=\"height:30px\" aria-hidden=\"true\" class=\"wp-block-spacer\"><\/div>\n\n\n\n<div class=\"wp-block-group smpadding has-orange-30-opacity-background-color has-background\"><div class=\"wp-block-group__inner-container is-layout-constrained wp-block-group-is-layout-constrained\">\n<p><strong>Piliers d\u2019action<\/strong><\/p>\n\n\n\n<p>Chaque pilier repr\u00e9sente un domaine dans lequel un changement d\u00e9lib\u00e9r\u00e9 est n\u00e9cessaire pour faire progresser la r\u00e9conciliation au sein de l\u2019ICU et influencer la profession d\u2019urbaniste au sens large. Ensemble, ils guident les engagements de l\u2019ICU \u00e0 amplifier les savoirs autochtones, \u00e0 favoriser la formation professionnelle et la collaboration, \u00e0 identifier et \u00e0 s\u2019efforcer de d\u00e9manteler les obstacles syst\u00e9miques, \u00e0 am\u00e9liorer les pratiques et les outils de planification et \u00e0 assurer la transformation op\u00e9rationnelle au sein de l\u2019ICU. <\/p>\n\n\n\n<p><strong><a href=\"https:\/\/www.cip-icu.ca\/wp-content\/uploads\/2026\/02\/Reconciliation-Action-Plan-FR.pdf\" target=\"_blank\" rel=\"noreferrer noopener\">Lire la suite<\/a><\/strong><\/p>\n<\/div><\/div>\n<\/div>\n\n\n\n<div class=\"wp-block-column is-layout-flow wp-block-column-is-layout-flow\" style=\"flex-basis:33.33%\">\n<figure class=\"wp-block-image size-full\"><img loading=\"lazy\" decoding=\"async\" width=\"667\" height=\"801\" src=\"https:\/\/www.cip-icu.ca\/wp-content\/uploads\/2026\/02\/RAPHexagonsV2-1.png\" alt=\"\" class=\"wp-image-42637\" srcset=\"https:\/\/www.cip-icu.ca\/wp-content\/uploads\/2026\/02\/RAPHexagonsV2-1.png 667w, https:\/\/www.cip-icu.ca\/wp-content\/uploads\/2026\/02\/RAPHexagonsV2-1-636x764.png 636w, https:\/\/www.cip-icu.ca\/wp-content\/uploads\/2026\/02\/RAPHexagonsV2-1-600x721.png 600w\" sizes=\"auto, (max-width: 667px) 100vw, 667px\" \/><\/figure>\n<\/div>\n<\/div>\n\n\n\n<div class=\"wp-block-columns is-layout-flex wp-container-core-columns-is-layout-9d6595d7 wp-block-columns-is-layout-flex\">\n<div class=\"wp-block-column is-layout-flow wp-block-column-is-layout-flow\">\n<p><strong><strong>Collectivit\u00e9s saines, durabilit\u00e9 et intendance<\/strong><\/strong><\/p>\n\n\n\n<p>Valoriser les syst\u00e8mes de connaissances autochtones afin d&#8217;am\u00e9liorer la durabilit\u00e9 environnementale, l&#8217;\u00e9quit\u00e9 en mati\u00e8re de sant\u00e9, la r\u00e9silience climatique et l\u2019intendance responsable dans l\u2019urbanisme.<\/p>\n\n\n\n<div style=\"height:28px\" aria-hidden=\"true\" class=\"wp-block-spacer\"><\/div>\n\n\n\n<p><strong><strong>Identifier les obstacles dans les syst\u00e8mes de planification<\/strong><\/strong><\/p>\n\n\n\n<p>Reconna\u00eetre et documenter les obstacles institutionnels et les barri\u00e8res syst\u00e9miques qui entravent la participation et les droits des Autochtones dans les processus de planification.<\/p>\n<\/div>\n\n\n\n<div class=\"wp-block-column is-layout-flow wp-block-column-is-layout-flow\">\n<p><strong><strong>\u00c9ducation et renforcement des capacit\u00e9s<\/strong><\/strong><\/p>\n\n\n\n<p>Honorer l&#8217;histoire, les droits et les principes de planification des peuples autochtones dans l&#8217;\u00e9ducation et le d\u00e9veloppement professionnel \u00e0 tous les niveaux.<\/p>\n\n\n\n<div style=\"height:48px\" aria-hidden=\"true\" class=\"wp-block-spacer\"><\/div>\n\n\n\n<p><strong>Faire progresser et soutenir les changements structurels et politiques<\/strong><\/p>\n\n\n\n<p>Travailler dans le cadre du r\u00f4le national de l\u2019ICU et de l&#8217;expertise de ses membres pour soutenir les actions de d\u00e9fense men\u00e9es par les Autochtones, renforcer la compr\u00e9hension des urbanistes des droits et des cadres juridiques autochtones, et amplifier les syst\u00e8mes de gouvernance et les priorit\u00e9s autochtones dans les politiques et les pratiques d&#8217;urbanisme.<\/p>\n<\/div>\n\n\n\n<div class=\"wp-block-column is-layout-flow wp-block-column-is-layout-flow\">\n<p><strong><strong>\u00c9tablir des partenariats et une collaboration avec les peuples, les collectivit\u00e9s et les organisations autochtones<\/strong><\/strong><\/p>\n\n\n\n<p>Accro\u00eetre la repr\u00e9sentation, le sentiment d&#8217;appartenance, le leadership et le partenariat des Autochtones au sein de la profession de l&#8217;urbanisme, notamment par le biais de parcours alternatifs et de mentorat.<\/p>\n\n\n\n<div style=\"height:28px\" aria-hidden=\"true\" class=\"wp-block-spacer\"><\/div>\n\n\n\n<p><strong>Int\u00e9gration op\u00e9rationnelle<\/strong><\/p>\n\n\n\n<p>Transformer les politiques internes, la gouvernance, l&#8217;emploi et les achats de l&#8217;ICU, afin d&#8217;int\u00e9grer la r\u00e9conciliation, la responsabilit\u00e9 et le leadership autochtone \u00e0 sa culture.<\/p>\n<\/div>\n<\/div>\n<\/div><\/div>\n\n\n\n<div style=\"height:40px\" aria-hidden=\"true\" class=\"wp-block-spacer\"><\/div>\n\n\n\n<div class=\"wp-block-group container  data-aos_fade-up aos-animate data-aos-delay_50 has-white-color has-orange-30-opacity-background-color has-text-color has-background\"><div class=\"wp-block-group__inner-container is-layout-constrained wp-block-group-is-layout-constrained\">\n<div class=\"wp-block-columns are-vertically-aligned-center is-layout-flex wp-container-core-columns-is-layout-9d6595d7 wp-block-columns-is-layout-flex\">\n<div class=\"wp-block-column is-vertically-aligned-center is-layout-flow wp-block-column-is-layout-flow\">\n<h2 class=\"wp-block-heading has-black-color has-text-color has-link-color wp-elements-46e2a0bf900d313254f715f007795c10\"><strong><strong>Remerciements<\/strong><\/strong><\/h2>\n\n\n\n<p class=\"has-black-color has-text-color has-link-color wp-elements-286692b419d6ab955e23d774a9abec59\">L&#8217;Institut canadien des urbanistes tient \u00e0 exprimer sa profonde gratitude \u00e0 tous ceux qui ont travaill\u00e9 avec nous pour aider \u00e0 orienter, \u00e0 fa\u00e7onner et \u00e0 renforcer ce Plan d&#8217;action pour la r\u00e9conciliation. Nous tenons tout d&#8217;abord \u00e0 souligner le leadership et la sagesse inestimables du Comit\u00e9 consultatif autochtone. Nous remercions \u00e9galement les nombreux urbanistes, gardiens du savoir, a\u00een\u00e9s, jeunes et membres des collectivit\u00e9s autochtones qui ont partag\u00e9 leurs exp\u00e9riences, leurs id\u00e9es et leurs aspirations.  <\/p>\n<\/div>\n<\/div>\n<\/div><\/div>\n\n\n\n<div style=\"height:91px\" aria-hidden=\"true\" class=\"wp-block-spacer\"><\/div>\n\n\n\n<div class=\"wp-block-columns is-layout-flex wp-container-core-columns-is-layout-9d6595d7 wp-block-columns-is-layout-flex\">\n<div class=\"wp-block-column has-gainsboro-background-color has-background is-layout-flow wp-block-column-is-layout-flow\">\n<div style=\"height:20px\" aria-hidden=\"true\" class=\"wp-block-spacer\"><\/div>\n\n\n\n<figure class=\"wp-block-image size-large\"><img loading=\"lazy\" decoding=\"async\" width=\"1296\" height=\"864\" src=\"https:\/\/www.cip-icu.ca\/wp-content\/uploads\/2023\/11\/blog-1296x864.png\" alt=\"\" class=\"wp-image-20970\" srcset=\"https:\/\/www.cip-icu.ca\/wp-content\/uploads\/2023\/11\/blog-1296x864.png 1296w, https:\/\/www.cip-icu.ca\/wp-content\/uploads\/2023\/11\/blog-636x424.png 636w, https:\/\/www.cip-icu.ca\/wp-content\/uploads\/2023\/11\/blog-768x512.png 768w, https:\/\/www.cip-icu.ca\/wp-content\/uploads\/2023\/11\/blog-1536x1024.png 1536w, https:\/\/www.cip-icu.ca\/wp-content\/uploads\/2023\/11\/blog-720x480.png 720w, https:\/\/www.cip-icu.ca\/wp-content\/uploads\/2023\/11\/blog.png 1920w\" sizes=\"auto, (max-width: 1296px) 100vw, 1296px\" \/><\/figure>\n\n\n\n<p class=\"has-text-align-center\">Consultez les derniers articles de blog sur la r\u00e9conciliation. <\/p>\n\n\n\n<div class=\"wp-block-buttons is-content-justification-center is-layout-flex wp-container-core-buttons-is-layout-16018d1d wp-block-buttons-is-layout-flex\">\n<div class=\"wp-block-button is-style-outline is-style-outline--3\"><a class=\"wp-block-button__link wp-element-button\" href=\"https:\/\/www.cip-icu.ca\/fr\/tag\/reconciliation-fr\/\"><strong>Lire la suite<\/strong><\/a><\/div>\n<\/div>\n\n\n\n<div style=\"height:20px\" aria-hidden=\"true\" class=\"wp-block-spacer\"><\/div>\n<\/div>\n\n\n\n<div class=\"wp-block-column has-gainsboro-background-color has-background is-layout-flow wp-block-column-is-layout-flow\">\n<div style=\"height:20px\" aria-hidden=\"true\" class=\"wp-block-spacer\"><\/div>\n\n\n\n<figure class=\"wp-block-image size-large\"><img loading=\"lazy\" decoding=\"async\" width=\"1296\" height=\"864\" src=\"https:\/\/www.cip-icu.ca\/wp-content\/uploads\/2023\/11\/Blog-Featured-Images-1296x864.png\" alt=\"\" class=\"wp-image-20975\" srcset=\"https:\/\/www.cip-icu.ca\/wp-content\/uploads\/2023\/11\/Blog-Featured-Images-1296x864.png 1296w, https:\/\/www.cip-icu.ca\/wp-content\/uploads\/2023\/11\/Blog-Featured-Images-636x424.png 636w, https:\/\/www.cip-icu.ca\/wp-content\/uploads\/2023\/11\/Blog-Featured-Images-768x512.png 768w, https:\/\/www.cip-icu.ca\/wp-content\/uploads\/2023\/11\/Blog-Featured-Images-1536x1024.png 1536w, https:\/\/www.cip-icu.ca\/wp-content\/uploads\/2023\/11\/Blog-Featured-Images-720x480.png 720w, https:\/\/www.cip-icu.ca\/wp-content\/uploads\/2023\/11\/Blog-Featured-Images.png 1920w\" sizes=\"auto, (max-width: 1296px) 100vw, 1296px\" \/><\/figure>\n\n\n\n<p class=\"has-text-align-center\">Regardez nos derniers webinaires sur la r\u00e9conciliation.  <\/p>\n\n\n\n<div class=\"wp-block-buttons is-content-justification-center is-layout-flex wp-container-core-buttons-is-layout-16018d1d wp-block-buttons-is-layout-flex\">\n<div class=\"wp-block-button is-style-outline is-style-outline--4\"><a class=\"wp-block-button__link wp-element-button\" href=\"https:\/\/www.cip-icu.ca\/fr\/cpl-hub\/\"><strong>Visitez le CAP HUB<\/strong><\/a><\/div>\n<\/div>\n\n\n\n<div style=\"height:20px\" aria-hidden=\"true\" class=\"wp-block-spacer\"><\/div>\n<\/div>\n\n\n\n<div class=\"wp-block-column has-gainsboro-background-color has-background is-layout-flow wp-block-column-is-layout-flow\">\n<div style=\"height:20px\" aria-hidden=\"true\" class=\"wp-block-spacer\"><\/div>\n\n\n\n<figure class=\"wp-block-image size-large\"><img loading=\"lazy\" decoding=\"async\" width=\"1296\" height=\"864\" src=\"https:\/\/www.cip-icu.ca\/wp-content\/uploads\/2023\/11\/resources--1296x864.png\" alt=\"\" class=\"wp-image-20971\" srcset=\"https:\/\/www.cip-icu.ca\/wp-content\/uploads\/2023\/11\/resources--1296x864.png 1296w, https:\/\/www.cip-icu.ca\/wp-content\/uploads\/2023\/11\/resources--636x424.png 636w, https:\/\/www.cip-icu.ca\/wp-content\/uploads\/2023\/11\/resources--768x512.png 768w, https:\/\/www.cip-icu.ca\/wp-content\/uploads\/2023\/11\/resources--1536x1024.png 1536w, https:\/\/www.cip-icu.ca\/wp-content\/uploads\/2023\/11\/resources--720x480.png 720w, https:\/\/www.cip-icu.ca\/wp-content\/uploads\/2023\/11\/resources-.png 1920w\" sizes=\"auto, (max-width: 1296px) 100vw, 1296px\" \/><\/figure>\n\n\n\n<p class=\"has-text-align-center\">Lire d&#8217;autres ressources sur la r\u00e9conciliation.  <\/p>\n\n\n\n<div class=\"wp-block-buttons is-content-justification-center is-layout-flex wp-container-core-buttons-is-layout-16018d1d wp-block-buttons-is-layout-flex\">\n<div class=\"wp-block-button is-style-outline is-style-outline--5\"><a class=\"wp-block-button__link wp-element-button\" href=\"https:\/\/www.cip-icu.ca\/fr\/bibliotheque-de-ressources\/?_sft_resource_category=reconciliation\"><strong>Voir les ressources<\/strong><\/a><\/div>\n<\/div>\n\n\n\n<div style=\"height:20px\" aria-hidden=\"true\" class=\"wp-block-spacer\"><\/div>\n<\/div>\n<\/div>\n\n\n\n<div style=\"height:100px\" aria-hidden=\"true\" class=\"wp-block-spacer\"><\/div>\n","protected":false},"excerpt":{"rendered":"<p>La profession d&#8217;urbaniste est li\u00e9e au processus de r\u00e9conciliation et a la responsabilit\u00e9 de faciliter des relations solides et respectueuses entre les peuples autochtones et non autochtones.<\/p>\n","protected":false},"author":12,"featured_media":0,"parent":0,"menu_order":0,"comment_status":"closed","ping_status":"closed","template":"","meta":{"_acf_changed":false,"footnotes":""},"class_list":["post-22175","page","type-page","status-publish","hentry"],"acf":[],"_links":{"self":[{"href":"https:\/\/www.cip-icu.ca\/fr\/wp-json\/wp\/v2\/pages\/22175","targetHints":{"allow":["GET"]}}],"collection":[{"href":"https:\/\/www.cip-icu.ca\/fr\/wp-json\/wp\/v2\/pages"}],"about":[{"href":"https:\/\/www.cip-icu.ca\/fr\/wp-json\/wp\/v2\/types\/page"}],"author":[{"embeddable":true,"href":"https:\/\/www.cip-icu.ca\/fr\/wp-json\/wp\/v2\/users\/12"}],"replies":[{"embeddable":true,"href":"https:\/\/www.cip-icu.ca\/fr\/wp-json\/wp\/v2\/comments?post=22175"}],"version-history":[{"count":35,"href":"https:\/\/www.cip-icu.ca\/fr\/wp-json\/wp\/v2\/pages\/22175\/revisions"}],"predecessor-version":[{"id":44112,"href":"https:\/\/www.cip-icu.ca\/fr\/wp-json\/wp\/v2\/pages\/22175\/revisions\/44112"}],"wp:attachment":[{"href":"https:\/\/www.cip-icu.ca\/fr\/wp-json\/wp\/v2\/media?parent=22175"}],"curies":[{"name":"wp","href":"https:\/\/api.w.org\/{rel}","templated":true}]}}