{"id":22176,"date":"2023-09-18T12:49:15","date_gmt":"2023-09-18T19:49:15","guid":{"rendered":"https:\/\/www.cip-icu.ca\/plan-strategique-et-impact\/"},"modified":"2025-01-03T10:21:30","modified_gmt":"2025-01-03T18:21:30","slug":"plan-strategique-et-impact","status":"publish","type":"page","link":"https:\/\/www.cip-icu.ca\/fr\/plan-strategique-et-impact\/","title":{"rendered":"Plan strat\u00e9gique et impact"},"content":{"rendered":"\n<div style=\"height:140px\" aria-hidden=\"true\" class=\"wp-block-spacer\"><\/div>\n\n\n\n<div class=\"wp-block-columns is-layout-flex wp-container-core-columns-is-layout-9d6595d7 wp-block-columns-is-layout-flex\">\n<div class=\"wp-block-column is-layout-flow wp-block-column-is-layout-flow\" style=\"flex-basis:66%\">\n<h3 class=\"wp-block-heading line-heading-full\">Plan strat\u00e9gique et impact<\/h3>\n\n\n\n<h1 class=\"wp-block-heading\">1 835 jours<strong> <mark style=\"background-color:rgba(0, 0, 0, 0)\" class=\"has-inline-color has-accent-color\">d&#8217;impact<\/mark> <\/strong><\/h1>\n\n\n\n<p class=\"lede\">C\u2019est avec optimisme et fiert\u00e9 que l\u2019Institut canadien des urbanistes (ICU) pr\u00e9sente son nouveau plan strat\u00e9gique quinquennal ainsi que sa mission, sa vision et ses valeurs actualis\u00e9es.<\/p>\n\n\n\n<div style=\"height:30px\" aria-hidden=\"true\" class=\"wp-block-spacer\"><\/div>\n\n\n\n<div class=\"wp-block-buttons is-layout-flex wp-block-buttons-is-layout-flex\">\n<div class=\"wp-block-button\"><a class=\"wp-block-button__link wp-element-button\" href=\"https:\/\/www.cip-icu.ca\/fr\/a-propos-de-nous\/\"><strong>Lisez-les maintenant<\/strong><\/a><\/div>\n<\/div>\n<\/div>\n\n\n\n<div class=\"wp-block-column is-layout-flow wp-block-column-is-layout-flow\"><\/div>\n<\/div>\n\n\n\n<div style=\"height:120px\" aria-hidden=\"true\" class=\"wp-block-spacer\"><\/div>\n\n\n\n<div class=\"wp-block-group\"><div class=\"wp-block-group__inner-container is-layout-constrained wp-block-group-is-layout-constrained\">\n<h2 class=\"wp-block-heading has-text-align-center\">Engag\u00e9s pour l&#8217;impact : Nos priorit\u00e9s strat\u00e9giques<\/h2>\n\n\n\n<p class=\"has-text-align-center\"><strong>\u00ab 1 835 jours d\u2019impact \u00bb<\/strong> refl\u00e8te notre intention et notre engagement \u00e0 exploiter nos atouts collectifs au service du bien, et \u00e0 susciter des changements positifs chaque jour au cours des cinq ann\u00e9es \u00e0 venir.<\/p>\n<\/div><\/div>\n\n\n<div class=\"wp-block-image\">\n<figure class=\"aligncenter size-large\"><img loading=\"lazy\" decoding=\"async\" width=\"1296\" height=\"664\" src=\"https:\/\/www.cip-icu.ca\/wp-content\/uploads\/2025\/01\/Strategic-Plan-Diagram-view-FR-2925-1296x664.png\" alt=\"\" class=\"wp-image-31235\" srcset=\"https:\/\/www.cip-icu.ca\/wp-content\/uploads\/2025\/01\/Strategic-Plan-Diagram-view-FR-2925-1296x664.png 1296w, https:\/\/www.cip-icu.ca\/wp-content\/uploads\/2025\/01\/Strategic-Plan-Diagram-view-FR-2925-636x326.png 636w, https:\/\/www.cip-icu.ca\/wp-content\/uploads\/2025\/01\/Strategic-Plan-Diagram-view-FR-2925-768x393.png 768w, https:\/\/www.cip-icu.ca\/wp-content\/uploads\/2025\/01\/Strategic-Plan-Diagram-view-FR-2925-1536x786.png 1536w, https:\/\/www.cip-icu.ca\/wp-content\/uploads\/2025\/01\/Strategic-Plan-Diagram-view-FR-2925-2048x1049.png 2048w, https:\/\/www.cip-icu.ca\/wp-content\/uploads\/2025\/01\/Strategic-Plan-Diagram-view-FR-2925-600x307.png 600w\" sizes=\"auto, (max-width: 1296px) 100vw, 1296px\" \/><\/figure>\n<\/div>\n\n\n<div class=\"wp-block-buttons is-content-justification-center is-layout-flex wp-container-core-buttons-is-layout-16018d1d wp-block-buttons-is-layout-flex\">\n<div class=\"wp-block-button is-style-outline is-style-outline--1\"><a class=\"wp-block-button__link wp-element-button\" href=\"https:\/\/www.cip-icu.ca\/wp-content\/uploads\/2024\/05\/Strategic-Plan_FRENCH_Updated.pdf\"><strong>Lire le plan strat\u00e9gique<\/strong><\/a><\/div>\n<\/div>\n\n\n\n<div style=\"height:60px\" aria-hidden=\"true\" class=\"wp-block-spacer\"><\/div>\n\n\n\n<div class=\"wp-block-group break-out lgpadding center-mobile has-gainsboro-background-color has-background\"><div class=\"wp-block-group__inner-container is-layout-constrained wp-block-group-is-layout-constrained\">\n<div class=\"wp-block-group container\"><div class=\"wp-block-group__inner-container is-layout-constrained wp-block-group-is-layout-constrained\">\n<h2 class=\"wp-block-heading has-text-align-center\">Action int\u00e9gr\u00e9e sur des enjeux complexes<\/h2>\n\n\n\n<p class=\"has-text-align-center\">Renforcer nos efforts de plaidoyer en mati\u00e8re de changement climatique et de communaut\u00e9s saines, ainsi qu&#8217;un nouvel engagement en faveur du logement.<\/p>\n\n\n\n<div style=\"height:30px\" aria-hidden=\"true\" class=\"wp-block-spacer\"><\/div>\n\n\n\n<div class=\"wp-block-columns is-layout-flex wp-container-core-columns-is-layout-9d6595d7 wp-block-columns-is-layout-flex\">\n<div class=\"wp-block-column is-layout-flow wp-block-column-is-layout-flow\">\n<figure class=\"wp-block-image size-full\"><img loading=\"lazy\" decoding=\"async\" width=\"404\" height=\"75\" src=\"https:\/\/www.cip-icu.ca\/wp-content\/uploads\/2023\/11\/CIP-Climate_FR-e1700574019853.png\" alt=\"\" class=\"wp-image-22648\"\/><\/figure>\n\n\n\n<div class=\"wp-block-buttons is-layout-flex wp-block-buttons-is-layout-flex\">\n<div class=\"wp-block-button is-style-outline is-style-outline--2\"><a class=\"wp-block-button__link has-black-color has-text-color wp-element-button\" href=\"https:\/\/www.cip-icu.ca\/fr\/climate-change\/\"><strong>Changement climatique<\/strong><\/a><\/div>\n<\/div>\n<\/div>\n\n\n\n<div class=\"wp-block-column is-layout-flow wp-block-column-is-layout-flow\">\n<figure class=\"wp-block-image size-full\"><img loading=\"lazy\" decoding=\"async\" width=\"367\" height=\"75\" src=\"https:\/\/www.cip-icu.ca\/wp-content\/uploads\/2023\/11\/CIP-HealthyCommunities_FR-e1700574109924.png\" alt=\"\" class=\"wp-image-22652\"\/><\/figure>\n\n\n\n<div class=\"wp-block-buttons is-layout-flex wp-block-buttons-is-layout-flex\">\n<div class=\"wp-block-button is-style-outline is-style-outline--3\"><a class=\"wp-block-button__link has-black-color has-text-color wp-element-button\" href=\"https:\/\/www.cip-icu.ca\/fr\/healthy-communities\/\"><strong>Collectivit\u00e9s saines<\/strong><\/a><\/div>\n<\/div>\n<\/div>\n\n\n\n<div class=\"wp-block-column is-layout-flow wp-block-column-is-layout-flow\">\n<figure class=\"wp-block-image size-full\"><img loading=\"lazy\" decoding=\"async\" width=\"213\" height=\"75\" src=\"https:\/\/www.cip-icu.ca\/wp-content\/uploads\/2023\/11\/CIP-Housing_FR-e1700574189511.png\" alt=\"\" class=\"wp-image-22654\"\/><\/figure>\n\n\n\n<div class=\"wp-block-buttons is-layout-flex wp-block-buttons-is-layout-flex\">\n<div class=\"wp-block-button is-style-outline is-style-outline--4\"><a class=\"wp-block-button__link has-black-color has-text-color wp-element-button\" href=\"https:\/\/www.cip-icu.ca\/fr\/housing\/\"><strong>Logement<\/strong><\/a><\/div>\n<\/div>\n<\/div>\n<\/div>\n<\/div><\/div>\n\n\n\n<div class=\"wp-block-group container\"><div class=\"wp-block-group__inner-container is-layout-constrained wp-block-group-is-layout-constrained\">\n<div style=\"height:80px\" aria-hidden=\"true\" class=\"wp-block-spacer\"><\/div>\n\n\n\n<h2 class=\"wp-block-heading has-text-align-center\">Un urbanisme plus \u00e9quitable, ensemble<\/h2>\n\n\n\n<p class=\"has-text-align-center\">Reconnaissant que les pratiques historiques d&#8217;urbanisme ont fait partie du probl\u00e8me, nous poursuivons notre voyage vers la r\u00e9conciliation et l&#8217;\u00e9quit\u00e9, la diversit\u00e9, l&#8217;inclusion et l&#8217;accessibilit\u00e9 (EDIA), afin de faire partie de la solution.<\/p>\n\n\n\n<div style=\"height:30px\" aria-hidden=\"true\" class=\"wp-block-spacer\"><\/div>\n\n\n\n<div class=\"wp-block-columns are-vertically-aligned-center is-layout-flex wp-container-core-columns-is-layout-9d6595d7 wp-block-columns-is-layout-flex\">\n<div class=\"wp-block-column is-vertically-aligned-center is-layout-flow wp-block-column-is-layout-flow\" style=\"flex-basis:40%\">\n<figure class=\"wp-block-image size-full is-resized\"><img loading=\"lazy\" decoding=\"async\" width=\"292\" height=\"75\" src=\"https:\/\/www.cip-icu.ca\/wp-content\/uploads\/2023\/11\/CIP-Reconciliation_FR-e1700574252776.png\" alt=\"\" class=\"wp-image-22656\" style=\"width:undefinedpx\"\/><\/figure>\n\n\n\n<div class=\"wp-block-buttons is-layout-flex wp-block-buttons-is-layout-flex\">\n<div class=\"wp-block-button is-style-outline is-style-outline--5\"><a class=\"wp-block-button__link has-black-color has-text-color wp-element-button\" href=\"https:\/\/www.cip-icu.ca\/fr\/reconciliation\/\"><strong>R\u00e9conciliation<\/strong><\/a><\/div>\n<\/div>\n<\/div>\n\n\n\n<div class=\"wp-block-column is-vertically-aligned-center is-layout-flow wp-block-column-is-layout-flow\" style=\"flex-basis:40%\">\n<figure class=\"wp-block-image size-full\"><img loading=\"lazy\" decoding=\"async\" width=\"1845\" height=\"357\" src=\"https:\/\/www.cip-icu.ca\/wp-content\/uploads\/2025\/01\/CIP-EDIA_FR.png\" alt=\"\" class=\"wp-image-31191\" srcset=\"https:\/\/www.cip-icu.ca\/wp-content\/uploads\/2025\/01\/CIP-EDIA_FR.png 1845w, https:\/\/www.cip-icu.ca\/wp-content\/uploads\/2025\/01\/CIP-EDIA_FR-636x123.png 636w, https:\/\/www.cip-icu.ca\/wp-content\/uploads\/2025\/01\/CIP-EDIA_FR-1296x251.png 1296w, https:\/\/www.cip-icu.ca\/wp-content\/uploads\/2025\/01\/CIP-EDIA_FR-768x149.png 768w, https:\/\/www.cip-icu.ca\/wp-content\/uploads\/2025\/01\/CIP-EDIA_FR-1536x297.png 1536w, https:\/\/www.cip-icu.ca\/wp-content\/uploads\/2025\/01\/CIP-EDIA_FR-600x116.png 600w\" sizes=\"auto, (max-width: 1845px) 100vw, 1845px\" \/><\/figure>\n\n\n\n<div class=\"wp-block-buttons is-layout-flex wp-block-buttons-is-layout-flex\">\n<div class=\"wp-block-button is-style-outline is-style-outline--6\"><a class=\"wp-block-button__link has-black-color has-text-color wp-element-button\" href=\"https:\/\/www.cip-icu.ca\/fr\/equity-diversity-inclusion\/\"><strong>\u00c9quit\u00e9, diversit\u00e9, inclusion<\/strong> <strong>&amp; accessibilit\u00e9<\/strong><\/a><\/div>\n<\/div>\n<\/div>\n<\/div>\n\n\n\n\n<\/div><\/div>\n<\/div><\/div>\n\n\n\n<div style=\"height:60px\" aria-hidden=\"true\" class=\"wp-block-spacer\"><\/div>\n\n\n\n<div class=\"wp-block-group lgpadding svg-background-solid has-white-color has-blue-2-background-color has-text-color has-background\"><div class=\"wp-block-group__inner-container is-layout-constrained wp-block-group-is-layout-constrained\">\n<div class=\"wp-block-columns is-layout-flex wp-container-core-columns-is-layout-9d6595d7 wp-block-columns-is-layout-flex\">\n<div class=\"wp-block-column is-layout-flow wp-block-column-is-layout-flow\">\n<figure class=\"wp-block-image size-large\"><img loading=\"lazy\" decoding=\"async\" width=\"69\" height=\"81\" src=\"https:\/\/www.cip-icu.ca\/wp-content\/uploads\/2023\/10\/cip-logo-icon.svg\" alt=\"\" class=\"wp-image-17663\"\/><\/figure>\n\n\n\n<p class=\"has-large-font-size\"><strong>Soutien \u00e0 la carri\u00e8re pour la vie<\/strong><\/p>\n<\/div>\n\n\n\n<div class=\"wp-block-column is-layout-flow wp-block-column-is-layout-flow\">\n<div style=\"height:110px\" aria-hidden=\"true\" class=\"wp-block-spacer hide-mobile\"><\/div>\n\n\n\n<p>L&#8217;ICU vise \u00e0 fournir des ressources accessibles, pratiques et utiles aux membres tout au long de leur parcours professionnel, r\u00e9pondant \u00e0 leurs divers besoins de nos membres afin qu\u2019ils puissent mener des carri\u00e8res longues, fructueuses et satisfaisantes.<\/p>\n\n\n\n<div class=\"wp-block-buttons is-layout-flex wp-block-buttons-is-layout-flex\">\n<div class=\"wp-block-button is-style-outline is-style-outline--7\"><a class=\"wp-block-button__link has-white-color has-text-color wp-element-button\" href=\"https:\/\/jobboard.cip-icu.ca\/\" target=\"_blank\" rel=\"noreferrer noopener\"><strong>D\u00e9couvrez notre site d&#8217;offres d&#8217;emploi<\/strong><\/a><\/div>\n<\/div>\n<\/div>\n<\/div>\n<\/div><\/div>\n\n\n\n<div style=\"height:60px\" aria-hidden=\"true\" class=\"wp-block-spacer\"><\/div>\n\n\n\n<div class=\"wp-block-columns are-vertically-aligned-center is-layout-flex wp-container-core-columns-is-layout-9d6595d7 wp-block-columns-is-layout-flex\">\n<div class=\"wp-block-column is-vertically-aligned-center is-layout-flow wp-block-column-is-layout-flow\">\n<figure class=\"wp-block-image size-full\"><img loading=\"lazy\" decoding=\"async\" width=\"900\" height=\"900\" src=\"https:\/\/www.cip-icu.ca\/wp-content\/uploads\/2023\/11\/Fitting-Into-the-Bigger-Picture.png\" alt=\"\" class=\"wp-image-20912\" srcset=\"https:\/\/www.cip-icu.ca\/wp-content\/uploads\/2023\/11\/Fitting-Into-the-Bigger-Picture.png 900w, https:\/\/www.cip-icu.ca\/wp-content\/uploads\/2023\/11\/Fitting-Into-the-Bigger-Picture-636x636.png 636w, https:\/\/www.cip-icu.ca\/wp-content\/uploads\/2023\/11\/Fitting-Into-the-Bigger-Picture-160x160.png 160w, https:\/\/www.cip-icu.ca\/wp-content\/uploads\/2023\/11\/Fitting-Into-the-Bigger-Picture-768x768.png 768w\" sizes=\"auto, (max-width: 900px) 100vw, 900px\" \/><\/figure>\n\n\n\n<blockquote class=\"wp-block-quote is-layout-flow wp-block-quote-is-layout-flow\">\n<p class=\"has-large-font-size\"><strong><em>\u00ab\u2009L\u2019ICU se fera entendre davantage sur les grands enjeux et les politiques qui fa\u00e7onnent notre monde. Notre objectif est de changer le visage de l\u2019urbanisme au moyen d\u2019une planification plus \u00e9quitable et d\u2019un soutien professionnel permanent.\u2009\u00bb<\/em><\/strong><\/p>\n<\/blockquote>\n<\/div>\n\n\n\n<div class=\"wp-block-column is-vertically-aligned-center is-layout-flow wp-block-column-is-layout-flow\">\n<h2 class=\"wp-block-heading\">S&#8217;inscrire dans un cadre plus large<\/h2>\n\n\n\n<p>Nous avons d\u00e9lib\u00e9r\u00e9ment s\u00e9par\u00e9 ce qui est vraiment strat\u00e9gique de nos op\u00e9rations quotidiennes et de nos efforts d&#8217;am\u00e9lioration continue. Notre plan refl\u00e8te le programme de changement strat\u00e9gique plus large et repr\u00e9sente un point de convergence pour le temps et l&#8217;attention du directeur afin de l&#8217;aider \u00e0 le faire avancer.  <\/p>\n\n\n\n<p>Conform\u00e9ment \u00e0 sa mission, l&#8217;ICU continuera \u00e0 soutenir ses membres et l&#8217;ensemble de l&#8217;\u00e9cosyst\u00e8me de l&#8217;urbanisme au Canada, notamment en collaborant \u00e9troitement avec ses partenaires et les associations et instituts provinciaux et territoriaux afin d&#8217;accro\u00eetre l&#8217;impact collectif.<\/p>\n\n\n\n<div class=\"wp-block-buttons is-layout-flex wp-block-buttons-is-layout-flex\">\n<div class=\"wp-block-button is-style-fill\"><a class=\"wp-block-button__link wp-element-button\" href=\"https:\/\/www.cip-icu.ca\/fr\/partenariats-et-representants\/\"><strong>Nos partenaires<\/strong><\/a><\/div>\n\n\n\n<div class=\"wp-block-button is-style-outline is-style-outline--8\"><a class=\"wp-block-button__link wp-element-button\" href=\"https:\/\/www.cip-icu.ca\/fr\/instituts-et-associations-professionnels-et-territoriaux-ptia\/\"><strong>Les IAPT<\/strong><\/a><\/div>\n<\/div>\n<\/div>\n<\/div>\n\n\n\n<div style=\"height:60px\" aria-hidden=\"true\" class=\"wp-block-spacer\"><\/div>\n\n\n\n<div class=\"wp-block-group svg-background-full lgpadding has-green-1-10-opacity-background-color has-background\"><div class=\"wp-block-group__inner-container is-layout-constrained wp-block-group-is-layout-constrained\">\n<h2 class=\"wp-block-heading has-text-align-center\">Le voyage est notre destination<\/h2>\n\n\n\n<p class=\"has-text-align-center\">Le plan strat\u00e9gique est une feuille de route, ainsi qu&#8217;un document \u00e9volutif, qui jette les bases de 1 835 jours d&#8217;impact cibl\u00e9. Dans le cadre de notre approche, nous nous effor\u00e7ons d&#8217;\u00eatre plus cr\u00e9atifs et plus agiles, tout en explorant de nouvelles fa\u00e7ons de travailler ensemble et de mesurer l&#8217;impact. Il s&#8217;agit de progresser plut\u00f4t que d&#8217;atteindre la perfection.  <\/p>\n\n\n\n<div class=\"wp-block-buttons is-content-justification-center is-layout-flex wp-container-core-buttons-is-layout-16018d1d wp-block-buttons-is-layout-flex\">\n<div class=\"wp-block-button is-style-outline is-style-outline--9\"><a class=\"wp-block-button__link wp-element-button\" href=\"https:\/\/www.cip-icu.ca\/fr\/tag\/plan-strategique\/\" target=\"_blank\" rel=\"noreferrer noopener\"><strong>En savoir plus sur le blog<\/strong><\/a><\/div>\n<\/div>\n<\/div><\/div>\n\n\n\n<div style=\"height:100px\" aria-hidden=\"true\" class=\"wp-block-spacer\"><\/div>\n","protected":false},"excerpt":{"rendered":"<p>C\u2019est avec optimisme et fiert\u00e9 que l\u2019Institut canadien des urbanistes (ICU) pr\u00e9sente son nouveau plan strat\u00e9gique quinquennal ainsi que sa mission, sa vision et ses&hellip;<\/p>\n","protected":false},"author":12,"featured_media":0,"parent":0,"menu_order":0,"comment_status":"closed","ping_status":"closed","template":"","meta":{"_acf_changed":false,"footnotes":""},"class_list":["post-22176","page","type-page","status-publish","hentry"],"acf":[],"_links":{"self":[{"href":"https:\/\/www.cip-icu.ca\/fr\/wp-json\/wp\/v2\/pages\/22176","targetHints":{"allow":["GET"]}}],"collection":[{"href":"https:\/\/www.cip-icu.ca\/fr\/wp-json\/wp\/v2\/pages"}],"about":[{"href":"https:\/\/www.cip-icu.ca\/fr\/wp-json\/wp\/v2\/types\/page"}],"author":[{"embeddable":true,"href":"https:\/\/www.cip-icu.ca\/fr\/wp-json\/wp\/v2\/users\/12"}],"replies":[{"embeddable":true,"href":"https:\/\/www.cip-icu.ca\/fr\/wp-json\/wp\/v2\/comments?post=22176"}],"version-history":[{"count":10,"href":"https:\/\/www.cip-icu.ca\/fr\/wp-json\/wp\/v2\/pages\/22176\/revisions"}],"predecessor-version":[{"id":31237,"href":"https:\/\/www.cip-icu.ca\/fr\/wp-json\/wp\/v2\/pages\/22176\/revisions\/31237"}],"wp:attachment":[{"href":"https:\/\/www.cip-icu.ca\/fr\/wp-json\/wp\/v2\/media?parent=22176"}],"curies":[{"name":"wp","href":"https:\/\/api.w.org\/{rel}","templated":true}]}}