{"id":22179,"date":"2023-09-18T12:49:06","date_gmt":"2023-09-18T19:49:06","guid":{"rendered":"https:\/\/www.cip-icu.ca\/partenariats-et-representants\/"},"modified":"2025-05-21T06:53:00","modified_gmt":"2025-05-21T13:53:00","slug":"partenariats-et-representants","status":"publish","type":"page","link":"https:\/\/www.cip-icu.ca\/fr\/partenariats-et-representants\/","title":{"rendered":"Partenariats et repr\u00e9sentants"},"content":{"rendered":"\n<div style=\"height:140px\" aria-hidden=\"true\" class=\"wp-block-spacer\"><\/div>\n\n\n\n<div class=\"wp-block-columns is-layout-flex wp-container-core-columns-is-layout-9d6595d7 wp-block-columns-is-layout-flex\">\n<div class=\"wp-block-column is-layout-flow wp-block-column-is-layout-flow\" style=\"flex-basis:60%\">\n<h3 class=\"wp-block-heading line-heading-full\">Impact<\/h3>\n\n\n\n<h1 class=\"wp-block-heading has-black-color has-text-color\">Partenariats et <strong><mark style=\"background-color:rgba(0, 0, 0, 0)\" class=\"has-inline-color has-accent-color\">repr\u00e9sentants<\/mark><\/strong><\/h1>\n\n\n\n<p class=\"lede\">En r\u00e9unissant des personnes et des partenaires et en tirant parti d&#8217;id\u00e9es strat\u00e9giques, l&#8217;ICU contribue \u00e0 accro\u00eetre l&#8217;influence et l&#8217;impact collectifs de la profession d&#8217;urbaniste sur les questions qui nous occupent, telles que le changement climatique.<\/p>\n<\/div>\n\n\n\n<div class=\"wp-block-column is-layout-flow wp-block-column-is-layout-flow\" style=\"flex-basis:33.33%\"><\/div>\n<\/div>\n\n\n\n<div style=\"height:80px\" aria-hidden=\"true\" class=\"wp-block-spacer\"><\/div>\n\n\n\n<h2 class=\"wp-block-heading\">Groupes de travail sur les politiques nationales<\/h2>\n\n\n\n<p>Nous sommes heureux de vous annoncer la cr\u00e9ation de nouveaux groupes de travail, afin de mettre \u00e0 profit le travail remarquable de nos membres ayant contribu\u00e9 \u00e0 l\u2019\u00e9laboration de nos politiques nationales en 2018 et 2019. Ces groupes nous aideront \u00e0 orienter les prochaines \u00e9tapes de notre d\u00e9fense des int\u00e9r\u00eats de la profession d\u2019urbaniste.<\/p>\n\n\n\n<p>Nous recherchons six \u00e0 dix membres pour rejoindre les groupes de travail sur les sujets suivants\u00a0: <\/p>\n\n\n\n<ul class=\"wp-block-list\">\n<li>Att\u00e9nuation et adaptation au changement climatique<\/li>\n\n\n\n<li>Logement et communaut\u00e9s saines<\/li>\n\n\n\n<li>Croissance \u00e9conomique et r\u00e9silience<\/li>\n\n\n\n<li>R\u00e9conciliation et urbanisme autochtone <\/li>\n<\/ul>\n\n\n\n<div class=\"wp-block-buttons is-layout-flex wp-block-buttons-is-layout-flex\">\n<div class=\"wp-block-button\"><a class=\"wp-block-button__link wp-element-button\" href=\"https:\/\/www.cip-icu.ca\/fr\/groupes-travail-politiques-nationales\/\">En savoir plus<\/a><\/div>\n<\/div>\n\n\n\n<div style=\"height:80px\" aria-hidden=\"true\" class=\"wp-block-spacer\"><\/div>\n\n\n\n<h2 class=\"wp-block-heading\">Repr\u00e9sentants de l&#8217;ICU<\/h2>\n\n\n\n<p>Les r\u00e9alisations de l&#8217;ICU sont le fruit du travail de nos b\u00e9n\u00e9voles qui veillent \u00e0 ce que notre gouvernance, nos programmes et nos vastes r\u00e9seaux soient utiles et efficaces. Ce travail est soutenu par les membres qui repr\u00e9sentent l&#8217;ICU dans un certain nombre d&#8217;organismes externes nationaux et internationaux, notamment : <\/p>\n\n\n\n<div style=\"height:50px\" aria-hidden=\"true\" class=\"wp-block-spacer\"><\/div>\n\n\n\n<figure class=\"wp-block-table membership-table\"><table class=\"mtr-table mtr-thead-th\"><thead><tr><th data-mtr-content=\"Organisation\" class=\"mtr-th-tag\"><div class=\"mtr-cell-content\">Organisation<\/div><\/th><th data-mtr-content=\"Repr\u00e9sentant(s)\" class=\"mtr-th-tag\"><div class=\"mtr-cell-content\">Repr\u00e9sentant(s)<\/div><\/th><\/tr><\/thead><tbody><tr><td data-mtr-content=\"Organisation\" class=\"mtr-td-tag\"><div class=\"mtr-cell-content\"><strong>Service canadien de la faune (SCF), Secteur du d\u00e9veloppement urbain des secteurs prioritaires<\/strong><\/div><\/td><td data-mtr-content=\"Repr\u00e9sentant(s)\" class=\"mtr-td-tag\"><div class=\"mtr-cell-content\">Cassandra Cummings UPC, MICU<\/div><\/td><\/tr><tr><td data-mtr-content=\"Organisation\" class=\"mtr-td-tag\"><div class=\"mtr-cell-content\"><strong>Conseil consultatif de la ferme exp\u00e9rimentale centrale (CEFAC)<\/strong><\/div><\/td><td data-mtr-content=\"Repr\u00e9sentant(s)\" class=\"mtr-td-tag\"><div class=\"mtr-cell-content\">Rajbir Sian UPC, MICU<\/div><\/td><\/tr><tr><td data-mtr-content=\"Organisation\" class=\"mtr-td-tag\"><div class=\"mtr-cell-content\"><strong>Climate Risk Institute (CRI) Professions Advancing Adaptation Competencies (comp\u00e9tences en mati\u00e8re d\u2019adaptation) \u2013 Sous-comit\u00e9 d\u2019urbanisme<\/strong><\/div><\/td><td data-mtr-content=\"Repr\u00e9sentant(s)\" class=\"mtr-td-tag\"><div class=\"mtr-cell-content\">Annamarie Burgess LPP, MICU<br>Catherine Craig-St-Louis MICU<br>Dylan Schick<br>Georgina Campos<br>Jeff Zukiwsky UPC, MICU<br>Kim Fowler UPC, MICU<br>Mir Ahsan Talpur UPC, MICU<br>Nadya Mrochkovskaia<br>Shane Gagnon UPC, MICU<br>Stephanie Gagnon UPC, MICU<\/div><\/td><\/tr><tr><td data-mtr-content=\"Organisation\" class=\"mtr-td-tag\"><div class=\"mtr-cell-content\"><strong>Association des urbanistes du Commonwealth (CAP)<\/strong><\/div><\/td><td data-mtr-content=\"Repr\u00e9sentant(s)\" class=\"mtr-td-tag\"><div class=\"mtr-cell-content\">Wayne Caldwell PhD, UPC, MICU<br>Edith Gingras OUQ, UPC, MICU (R\u00e9seau des femmes du Commonwealth dans le domaine de l\u2019urbanisme)<br>Devin Husk (Groupe de pilotage du r\u00e9seau des jeunes urbanistes)<\/div><\/td><\/tr><tr><td data-mtr-content=\"Organisation\" class=\"mtr-td-tag\"><div class=\"mtr-cell-content\"><strong>Institut pour le travail et la sant\u00e9 (IWH) \/ Agence de sant\u00e9 publique du Canada (ASPC)<\/strong><\/div><\/td><td data-mtr-content=\"Repr\u00e9sentant(s)\" class=\"mtr-td-tag\"><div class=\"mtr-cell-content\">Ezra Lipton UPC, MICU<br>Timothy Shah UPC, MICU<\/div><\/td><\/tr><tr><td data-mtr-content=\"Organisation\" class=\"mtr-td-tag\"><div class=\"mtr-cell-content\"><strong>Ressources naturelles Canada (RNCan), Comit\u00e9 directeur national du mod\u00e8le sismique mondial (GEM) Canada<\/strong><\/div><\/td><td data-mtr-content=\"Repr\u00e9sentant(s)\" class=\"mtr-td-tag\"><div class=\"mtr-cell-content\">Bill Brown UPC, MICU<\/div><\/td><\/tr><tr><td data-mtr-content=\"Organisation\" class=\"mtr-td-tag\"><div class=\"mtr-cell-content\"><strong>Ressources naturelles Canada (RNCan) Comit\u00e9 directeur national \u2013 Guidance sur le niveau de la mer<\/strong><\/div><\/td><td data-mtr-content=\"Repr\u00e9sentant(s)\" class=\"mtr-td-tag\"><div class=\"mtr-cell-content\">Carla Stewart UPC, MICU<\/div><\/td><\/tr><tr><td data-mtr-content=\"Organisation\" class=\"mtr-td-tag\"><div class=\"mtr-cell-content\"><strong>Jury des prix nationaux d\u2019urbanisme<\/strong><\/div><\/td><td data-mtr-content=\"Repr\u00e9sentant(s)\" class=\"mtr-td-tag\"><div class=\"mtr-cell-content\">Audrey Alemao UPC, MICU<br><\/div><\/td><\/tr><tr><td data-mtr-content=\"Organisation\" class=\"mtr-td-tag\"><div class=\"mtr-cell-content\"><strong>Groupe de travail sur les v\u00e9hicules autonomes de l\u2019Association des transports du Canada (ATC)<\/strong><\/div><\/td><td data-mtr-content=\"Repr\u00e9sentant(s)\" class=\"mtr-td-tag\"><div class=\"mtr-cell-content\">Victor Ngo UPC, MICU<\/div><\/td><\/tr><\/tbody><\/table><\/figure>\n\n\n\n\n\n\n\n<div style=\"height:40px\" aria-hidden=\"true\" class=\"wp-block-spacer\"><\/div>\n\n\n\n<div class=\"wp-block-group alignwide has-green-1-10-opacity-background-color has-background\"><div class=\"wp-block-group__inner-container is-layout-constrained wp-block-group-is-layout-constrained\">\n<div class=\"wp-block-group alignwide\"><div class=\"wp-block-group__inner-container is-layout-constrained wp-block-group-is-layout-constrained\">\n<div style=\"height:50px\" aria-hidden=\"true\" class=\"wp-block-spacer\"><\/div>\n\n\n\n<h2 class=\"wp-block-heading\">Nos partenaires  <\/h2>\n\n\n\n<p>En tant que porte-parole national des professionnels canadiens de l&#8217;urbanisme, l&#8217;ICU appr\u00e9cie les relations \u00e9troites qu&#8217;il entretient avec ses professions alli\u00e9es et avec de nombreuses organisations et associations d&#8217;urbanisme \u00e0 travers le monde, ainsi qu&#8217;avec certains organismes et initiatives des Nations unies.  <\/p>\n\n\n\n<div style=\"height:30px\" aria-hidden=\"true\" class=\"wp-block-spacer\"><\/div>\n\n\n\n    \n    \n    <div class=\"accordion  \">\n\n                    \n            <div class=\"accordion-item\" >\n                <button class=\"accordion-button no-btn-style\" aria-controls=\"content-1\" aria-expanded=\"false\" id=\"accordion-control-1\" >Professions alli\u00e9es<\/button>\n\n                <div class=\"content\" aria-hidden=\"true\" id=\"content-1\" >\n                                            <span class=\"inner\">\n                    \n                    <p class=\"lede\"><span style=\"font-weight: 400;\">Partenaires de longue date, l&#8217;ICU, <\/span><a href=\"https:\/\/www.csla-aapc.ca\/csla-aapc\" target=\"_blank\" rel=\"noopener\"><span style=\"font-weight: 400;\">l&#8217;Association des architectes paysagistes du Canada<\/span><\/a><span style=\"font-weight: 400;\"> (<\/span><span style=\"font-weight: 400;\">AAPC), <\/span><a href=\"https:\/\/engineerscanada.ca\/home\" target=\"_blank\" rel=\"noopener\"><span style=\"font-weight: 400;\">Ing\u00e9nieurs Canada<\/span><\/a> <span style=\"font-weight: 400;\">et l&#8217;<\/span><a href=\"https:\/\/raic.org\/\" target=\"_blank\" rel=\"noopener\"><span style=\"font-weight: 400;\">Institut royal d&#8217;architecture du Canada<\/span><\/a> <span style=\"font-weight: 400;\">(IRAC) ont sign\u00e9 un accord en 2018 pour confirmer nos engagements communs. Il s&#8217;agit notamment de rechercher en permanence des possibilit\u00e9s de croisement, de promotion crois\u00e9e, de partage des ressources et de transfert des connaissances au profit de nos membres et de la soci\u00e9t\u00e9.<\/span><\/p>\n\n                    <\/span>\n                <\/div>\n            <\/div>\n\n                    \n            <div class=\"accordion-item\" >\n                <button class=\"accordion-button no-btn-style\" aria-controls=\"content-2\" aria-expanded=\"false\" id=\"accordion-control-2\" >Commonwealth Association of Planners<\/button>\n\n                <div class=\"content\" aria-hidden=\"true\" id=\"content-2\" >\n                                            <span class=\"inner\">\n                    \n                    <p class=\"lede\"><span style=\"font-weight: 400;\">L&#8217;ICU est un membre fondateur de l&#8217;<\/span><a href=\"https:\/\/www.cip-icu.ca\/\/www.commonwealth-planners.org\/\" target=\"_blank\" rel=\"noopener\"><span style=\"font-weight: 400;\">Association des urbanistes du Commonwealth<\/span><\/a><span style=\"font-weight: 400;\"> (CAP), une organisation qui cherche \u00e0 d\u00e9velopper les comp\u00e9tences des urbanistes et des planificateurs r\u00e9gionaux \u00e0 travers le Commonwealth afin de relever les d\u00e9fis de l&#8217;urbanisation et du d\u00e9veloppement durable des \u00e9tablissements humains. L&#8217;ICU contribue \u00e0 l&#8217;\u00e9laboration de prises de position et de politiques, y compris la <\/span><a href=\"https:\/\/www.commonwealth-planners.org\/cwip-network\" target=\"_blank\" rel=\"noopener\"><span style=\"font-weight: 400;\">Manifeste des femmes du Commonwealth dans la planification<\/span><\/a><span style=\"font-weight: 400;\"> et l&#8217;<\/span><a href=\"https:\/\/www.commonwealth-planners.org\/call-to-action-sustainable-cities\" target=\"_blank\" rel=\"noopener\"><span style=\"font-weight: 400;\">Appel \u00e0 l&#8217;action sur l&#8217;urbanisation durable dans le Commonwealth<\/span><\/a> <span style=\"font-weight: 400;\">et soutient les \u00e9v\u00e9nements majeurs (par exemple, les r\u00e9unions des chefs de gouvernement du Commonwealth). <\/span><\/p>\n<p>&nbsp;<\/p>\n<p><span style=\"font-weight: 400;\">Les activit\u00e9s de la CAP sont largement soutenues par des contributions de b\u00e9n\u00e9voles, dont les repr\u00e9sentants actuels de l&#8217;ICU \u00e0 la CAP. <\/span><\/p>\n\n                    <\/span>\n                <\/div>\n            <\/div>\n\n                    \n            <div class=\"accordion-item\" >\n                <button class=\"accordion-button no-btn-style\" aria-controls=\"content-3\" aria-expanded=\"false\" id=\"accordion-control-3\" >Agences gouvernementales<\/button>\n\n                <div class=\"content\" aria-hidden=\"true\" id=\"content-3\" >\n                                            <span class=\"inner\">\n                    \n                    <p class=\"lede\"><span style=\"font-weight: 400;\">En r\u00e9ponse \u00e0 l&#8217;appel lanc\u00e9 \u00e0 70 % des membres des associations professionnelles concern\u00e9es (y compris les urbanistes) pour qu&#8217;ils aient la capacit\u00e9 d&#8217;appliquer des outils et des informations sur l&#8217;adaptation au changement climatique et de communiquer \u00e0 leurs clients ou \u00e0 leurs publics cibles les arguments en faveur des mesures d&#8217;adaptation, d&#8217;ici \u00e0 2027,<\/span> <a href=\"https:\/\/natural-resources.canada.ca\/home\" target=\"_blank\" rel=\"noopener\"><span style=\"font-weight: 400;\">Ressources naturelles Canada<\/span><br \/>\n<\/a><span style=\"font-weight: 400;\"> (RNCan) a cr\u00e9\u00e9 le groupe de travail sur les comp\u00e9tences en mati\u00e8re d&#8217;adaptation (ASWG) afin de r\u00e9unir les professions cit\u00e9es et les personnes qui poss\u00e8dent une expertise en mati\u00e8re de formation dans ce domaine. L&#8217;ICU a rejoint le GTSA au moment de sa cr\u00e9ation en 2022 et a travaill\u00e9 avec RNCan pour sonder les urbanistes sur leurs niveaux actuels de comp\u00e9tences en mati\u00e8re d&#8217;adaptation climatique, en tant qu&#8217;outil d&#8217;analyse comparative au printemps 2023. <\/span><\/p>\n\n                    <\/span>\n                <\/div>\n            <\/div>\n\n                    \n            <div class=\"accordion-item\" >\n                <button class=\"accordion-button no-btn-style\" aria-controls=\"content-4\" aria-expanded=\"false\" id=\"accordion-control-4\" >Global Planners Network <\/button>\n\n                <div class=\"content\" aria-hidden=\"true\" id=\"content-4\" >\n                                            <span class=\"inner\">\n                    \n                    <p class=\"lede\"><span style=\"font-weight: 400;\">En 2006, la collaboration de l&#8217;ICU avec des organisations internationales d&#8217;urbanisme a conduit au lancement du Global Planners Network (GPN), un forum destin\u00e9 \u00e0 partager les meilleures pratiques d&#8217;urbanisme, \u00e0 renforcer les r\u00e9seaux personnels et institutionnels et \u00e0 trouver des moyens de rassembler les urbanistes.<\/span><\/p>\n<p><span style=\"font-weight: 400;\">Le pr\u00e9sident et la directrice g\u00e9n\u00e9rale de l&#8217;ICU participent au GPN en partageant des informations actualis\u00e9es sur les d\u00e9veloppements en mati\u00e8re d&#8217;urbanisme, en coordonnant les activit\u00e9s internationales de sensibilisation (par exemple, <a href=\"https:\/\/www.cip-icu.ca\/\/cip-icu.ca\/world-town-planning-day\/\" target=\"_blank\" rel=\"noopener\">la Journ\u00e9e mondiale de l&#8217;urbanisme<\/a>) et en entretenant des partenariats solides avec les instituts membres.<\/span><span style=\"font-weight: 400;\">) et de maintenir des partenariats solides entre les instituts membres. <\/span><\/p>\n<p><span style=\"font-weight: 400;\">Par l&#8217;interm\u00e9diaire de GPN, l&#8217;ICU est \u00e9galement signataire de la <\/span><em><span style=\"font-weight: 400;\">D\u00e9claration de Katowice 2022 : Transformer nos villes pour un avenir meilleur<\/span><\/em><span style=\"font-weight: 400;\">qui d\u00e9finit l&#8217;engagement de la communaut\u00e9 mondiale des urbanistes \u00e0 relever les d\u00e9fis pos\u00e9s par l&#8217;urbanisation rapide, la pauvret\u00e9 et l&#8217;in\u00e9galit\u00e9, la perte de biodiversit\u00e9, le changement climatique, les conflits et les catastrophes naturelles.<\/span><\/p>\n\n                    <\/span>\n                <\/div>\n            <\/div>\n\n                    \n            <div class=\"accordion-item\" >\n                <button class=\"accordion-button no-btn-style\" aria-controls=\"content-5\" aria-expanded=\"false\" id=\"accordion-control-5\" >Nations Unies<\/button>\n\n                <div class=\"content\" aria-hidden=\"true\" id=\"content-5\" >\n                                            <span class=\"inner\">\n                    \n                    <p class=\"lede\"><a href=\"https:\/\/unhabitat.org\/\" target=\"_blank\" rel=\"noopener\"><b>ONU-Habitat<\/b><\/a><span style=\"font-weight: 400;\">: En 1976, le Canada a accueilli la premi\u00e8re conf\u00e9rence des Nations unies sur les \u00e9tablissements humains (HABITAT I) \u00e0 Vancouver. Les participants ont sign\u00e9 la Charte de Vancouver, un manifeste mondial pour une action nationale et internationale en mati\u00e8re d&#8217;urbanisation mondiale. Cette conf\u00e9rence a conduit \u00e0 la cr\u00e9ation de la Commission des Nations unies pour les \u00e9tablissements humains et du Centre des Nations unies pour les \u00e9tablissements humains (UN-HABITAT), qui ont lanc\u00e9 le premier Forum urbain mondial en 2002 \u00e0 Nairobi, au Kenya.<\/span><\/p>\n<p><span style=\"font-weight: 400;\">En 2003, l&#8217;ICU a \u00e9t\u00e9 invit\u00e9 \u00e0 aider le gouvernement f\u00e9d\u00e9ral du Canada \u00e0 pr\u00e9parer le Forum urbain mondial de 2006 \u00e0 Vancouver. Juste avant cet \u00e9v\u00e9nement, le Congr\u00e8s mondial des urbanistes 2006 (qui s&#8217;est \u00e9galement tenu \u00e0 Vancouver) a r\u00e9uni pr\u00e8s de 1 200 d\u00e9l\u00e9gu\u00e9s du monde entier et a vu 15 pays signer la d\u00e9claration de Vancouver sur l&#8217;urbanisation, le d\u00e9veloppement et la planification. Ce document a jet\u00e9 les bases du r\u00e9seau des urbanistes mondiaux.<\/span><\/p>\n<p><span style=\"font-weight: 400;\">Ces derni\u00e8res ann\u00e9es, l&#8217;ICU a particip\u00e9 au <\/span><a href=\"https:\/\/wuf.unhabitat.org\/about-wuf\" target=\"_blank\" rel=\"noopener\"><span style=\"font-weight: 400;\">Forum urbain mondial<\/span><\/a> <span style=\"font-weight: 400;\">afin d&#8217;\u00e9tablir et de renforcer ses relations internationales, d&#8217;apporter son expertise en mati\u00e8re d&#8217;urbanisme en participant \u00e0 des sessions et \u00e0 des groupes d&#8217;experts, et de renforcer sa r\u00e9putation en tant que porte-parole de l&#8217;urbanisme canadien.<\/span><\/p>\n<p><span style=\"font-weight: 400;\"><strong>Pavillon urbain mondial : <\/strong>En 2022, l&#8217;ICU a sign\u00e9 un protocole d&#8217;accord avec le Forum de l&#8217;\u00e9conomie urbaine pour devenir un collaborateur officiel du <\/span><a href=\"https:\/\/www.worldurbanpavilion.org\/\" target=\"_blank\" rel=\"noopener\"><span style=\"font-weight: 400;\">Pavillon urbain mondial \u00e0 Regent Park<\/span><\/a><span style=\"font-weight: 400;\"> (Toronto). Le Pavillon est une initiative de l&#8217;Association du Forum de l&#8217;\u00e9conomie urbaine et de l&#8217;ONU-Habitat, avec le soutien de la Soci\u00e9t\u00e9 canadienne d&#8217;hypoth\u00e8ques et de logement (SCHL). Gr\u00e2ce \u00e0 ce partenariat, l&#8217;ICU et ses membres contribuent \u00e0 faire progresser les objectifs de d\u00e9veloppement durable (ODD) par le partage de connaissances professionnelles et d&#8217;innovations urbaines. L&#8217;ICU contribue activement \u00e0 l&#8217;\u00e9laboration du plan d&#8217;action du Pavillon. <\/span><a href=\"https:\/\/www.worldurbanpavilion.org\/canada-frontrunner-of-urban-sdgs\/\" target=\"_blank\" rel=\"noopener\"><span style=\"font-weight: 400;\">Le Canada : Le Canada, pr\u00e9curseur des ODD urbains<\/span><\/a><span style=\"font-weight: 400;\"> et le projet \u00ab 100+ : Canada Profile on Urban SDGs \u00bb, qui recense, \u00e9value et catalogue des exemples urbains novateurs et transformateurs de villes, de communaut\u00e9s et d&#8217;organisations canadiennes en faveur du d\u00e9veloppement urbain durable.<\/span><\/p>\n\n                    <\/span>\n                <\/div>\n            <\/div>\n\n                    \n            <div class=\"accordion-item\" >\n                <button class=\"accordion-button no-btn-style\" aria-controls=\"content-6\" aria-expanded=\"false\" id=\"accordion-control-6\" >Planners for Climate Action (P4CA)<\/button>\n\n                <div class=\"content\" aria-hidden=\"true\" id=\"content-6\" >\n                                            <span class=\"inner\">\n                    \n                    <p class=\"lede\"><span style=\"font-weight: 400;\">En 2017, l&#8217;ICU est devenu membre de Planners for Climate Action (\u00ab <\/span><a href=\"https:\/\/www.planners4climateaction.org\/\" target=\"_blank\" rel=\"noopener\"><span style=\"font-weight: 400;\">Urbanistes pour l&#8217;action climatique \u00bb<\/span><\/a><span style=\"font-weight: 400;\">)<\/span><span style=\"font-weight: 400;\">. <\/span><span style=\"font-weight: 400;\">La Commission europ\u00e9enne a cr\u00e9\u00e9 l&#8217;Agence europ\u00e9enne pour l&#8217;environnement lors de la 23e conf\u00e9rence des parties (COP-23) \u00e0 la convention-cadre des Nations unies sur les changements climatiques (CCNUCC), \u00e0 Bonn, en Allemagne. L&#8217;initiative, convoqu\u00e9e par ONU-Habitat, est compos\u00e9e d&#8217;associations de praticiens et d&#8217;enseignants d&#8217;urbanisme, repr\u00e9sentant collectivement des dizaines de milliers d&#8217;urbanistes dans le monde, ainsi que d&#8217;autres partenaires actifs dans ce domaine. Nous appr\u00e9cions les contributions volontaires de nombreux membres qui participent activement aux comit\u00e9s du P4CA. <\/span><\/p>\n\n                    <\/span>\n                <\/div>\n            <\/div>\n\n        \n    <\/div>\n\n    \n<\/div><\/div>\n<\/div><\/div>\n\n\n\n<div style=\"height:67px\" aria-hidden=\"true\" class=\"wp-block-spacer\"><\/div>\n","protected":false},"excerpt":{"rendered":"<p>En r\u00e9unissant des personnes et des partenaires et en tirant parti d&#8217;id\u00e9es strat\u00e9giques, l&#8217;ICU contribue \u00e0 accro\u00eetre l&#8217;influence et l&#8217;impact collectifs de la profession d&#8217;urbaniste&hellip;<\/p>\n","protected":false},"author":12,"featured_media":0,"parent":0,"menu_order":0,"comment_status":"closed","ping_status":"closed","template":"","meta":{"_acf_changed":false,"footnotes":""},"class_list":["post-22179","page","type-page","status-publish","hentry"],"acf":[],"_links":{"self":[{"href":"https:\/\/www.cip-icu.ca\/fr\/wp-json\/wp\/v2\/pages\/22179","targetHints":{"allow":["GET"]}}],"collection":[{"href":"https:\/\/www.cip-icu.ca\/fr\/wp-json\/wp\/v2\/pages"}],"about":[{"href":"https:\/\/www.cip-icu.ca\/fr\/wp-json\/wp\/v2\/types\/page"}],"author":[{"embeddable":true,"href":"https:\/\/www.cip-icu.ca\/fr\/wp-json\/wp\/v2\/users\/12"}],"replies":[{"embeddable":true,"href":"https:\/\/www.cip-icu.ca\/fr\/wp-json\/wp\/v2\/comments?post=22179"}],"version-history":[{"count":14,"href":"https:\/\/www.cip-icu.ca\/fr\/wp-json\/wp\/v2\/pages\/22179\/revisions"}],"predecessor-version":[{"id":42927,"href":"https:\/\/www.cip-icu.ca\/fr\/wp-json\/wp\/v2\/pages\/22179\/revisions\/42927"}],"wp:attachment":[{"href":"https:\/\/www.cip-icu.ca\/fr\/wp-json\/wp\/v2\/media?parent=22179"}],"curies":[{"name":"wp","href":"https:\/\/api.w.org\/{rel}","templated":true}]}}