{"id":22185,"date":"2023-09-18T12:49:50","date_gmt":"2023-09-18T16:49:50","guid":{"rendered":"https:\/\/www.cip-icu.ca\/fonds-daffectation-speciale-pour-les-etudiants-en-planification-cip-pstf\/"},"modified":"2025-10-16T11:57:35","modified_gmt":"2025-10-16T15:57:35","slug":"fonds-daffectation-speciale-pour-les-etudiants-en-planification-cip-pstf","status":"publish","type":"page","link":"https:\/\/www.cip-icu.ca\/fr\/fonds-daffectation-speciale-pour-les-etudiants-en-planification-cip-pstf\/","title":{"rendered":"Le fonds en fid\u00e9icommis pour \u00e9tudiants en urbanisme et am\u00e9nagement de l\u2019ICU (FFEUA-ICU)"},"content":{"rendered":"\n<div class=\"wp-block-columns is-layout-flex wp-container-core-columns-is-layout-9d6595d7 wp-block-columns-is-layout-flex\">\n<div class=\"wp-block-column is-layout-flow wp-block-column-is-layout-flow\" style=\"flex-basis:66.66%\">\n<div style=\"height:100px\" aria-hidden=\"true\" class=\"wp-block-spacer\"><\/div>\n<\/div>\n\n\n\n<div class=\"wp-block-column is-layout-flow wp-block-column-is-layout-flow\" style=\"flex-basis:33.33%\"><\/div>\n<\/div>\n\n<div class=\"wp-block-columns is-layout-flex wp-container-core-columns-is-layout-9d6595d7 wp-block-columns-is-layout-flex\">\n<div class=\"wp-block-column is-layout-flow wp-block-column-is-layout-flow\" style=\"flex-basis:60%\">\n<h3 class=\"wp-block-heading line-heading-full\">R\u00e9seau d&#8217;urbanisme<\/h3>\n\n\n\n<h1 class=\"wp-block-heading\">Le fonds en fid\u00e9icommis pour \u00e9tudiants en urbanisme et am\u00e9nagement de l\u2019ICU (FFEUA-ICU) <\/h1>\n\n\n\n<p class=\"lede\"><a href=\"https:\/\/www.cip-pstf.ca\/\">Le fonds en fid\u00e9icommis pour \u00e9tudiants en urbanisme et am\u00e9nagement de l\u2019ICU (FFEUA-ICU)<\/a> est l\u2019organisation caritative nationale de la profession d\u2019urbaniste au Canada. Il offre un programme de bourses d\u2019\u00e9tudes aux \u00e9tudiants des programmes d\u2019urbanisme accr\u00e9dit\u00e9s au Canada.<br\/><br\/><\/p>\n<\/div>\n\n\n\n<div class=\"wp-block-column is-layout-flow wp-block-column-is-layout-flow\">\n<div style=\"height:40px\" aria-hidden=\"true\" class=\"wp-block-spacer\"><\/div>\n\n\n\n<figure class=\"wp-block-image size-large\"><a href=\"https:\/\/www.cip-pstf.ca\/?lang=fr\"><img loading=\"lazy\" decoding=\"async\" width=\"1296\" height=\"479\" src=\"https:\/\/www.cip-icu.ca\/wp-content\/uploads\/2023\/11\/PSTF_Logo_RGB_for_website-1296x479.png\" alt=\"\" class=\"wp-image-18994\" srcset=\"https:\/\/www.cip-icu.ca\/wp-content\/uploads\/2023\/11\/PSTF_Logo_RGB_for_website-1296x479.png 1296w, https:\/\/www.cip-icu.ca\/wp-content\/uploads\/2023\/11\/PSTF_Logo_RGB_for_website-636x235.png 636w, https:\/\/www.cip-icu.ca\/wp-content\/uploads\/2023\/11\/PSTF_Logo_RGB_for_website-768x284.png 768w, https:\/\/www.cip-icu.ca\/wp-content\/uploads\/2023\/11\/PSTF_Logo_RGB_for_website.png 1305w\" sizes=\"auto, (max-width: 1296px) 100vw, 1296px\" \/><\/a><\/figure>\n<\/div>\n<\/div>\n\n<div class=\"wp-block-group break-out lgpadding\"><div class=\"wp-block-group__inner-container is-layout-constrained wp-block-group-is-layout-constrained\">\n<div class=\"wp-block-group container\"><div class=\"wp-block-group__inner-container is-layout-constrained wp-block-group-is-layout-constrained\">\n<div class=\"wp-block-columns is-layout-flex wp-container-core-columns-is-layout-9d6595d7 wp-block-columns-is-layout-flex\">\n<div class=\"wp-block-column is-layout-flow wp-block-column-is-layout-flow\" style=\"flex-basis:66.66%\">\n<div class=\"wp-block-group smpadding has-green-2-10-opacity-background-color has-background\"><div class=\"wp-block-group__inner-container is-layout-constrained wp-block-group-is-layout-constrained\">\n<div style=\"height:14px\" aria-hidden=\"true\" class=\"wp-block-spacer\"><\/div>\n\n\n\n<h2 class=\"wp-block-heading\">L&#8217;histoire<\/h2>\n\n\n\n<p>L\u2019Institut canadien des urbanistes (ICU) a cr\u00e9\u00e9 le FFEUA-ICU en 1989 afin de contribuer \u00e0 l&#8217;avancement de l&#8217;urbanisme professionnelle. Apr\u00e8s avoir \u00e9t\u00e9 constitu\u00e9 en entit\u00e9 autonome en vertu de la Loi sur les corporations canadiennes, le fonds a obtenu le statut d&#8217;organisme de bienfaisance en 1990. <\/p>\n\n\n\n<div style=\"height:14px\" aria-hidden=\"true\" class=\"wp-block-spacer\"><\/div>\n<\/div><\/div>\n\n\n\n<div style=\"height:40px\" aria-hidden=\"true\" class=\"wp-block-spacer\"><\/div>\n\n\n\n<div class=\"wp-block-group smpadding has-green-2-10-opacity-background-color has-background\"><div class=\"wp-block-group__inner-container is-layout-constrained wp-block-group-is-layout-constrained\">\n<div style=\"height:14px\" aria-hidden=\"true\" class=\"wp-block-spacer\"><\/div>\n\n\n\n<h2 class=\"wp-block-heading\">Impact<\/h2>\n\n\n\n<p><strong>Plus de 170 bourses d&#8217;\u00e9tudes et d&#8217;entretien ont \u00e9t\u00e9 accord\u00e9es, soit pr\u00e8s de 600 000 dollars d&#8217;aide financi\u00e8re \u00e0 des \u00e9tudiants m\u00e9ritants.<\/strong><\/p>\n\n\n\n<p>Chaque ann\u00e9e, l&#8217; ICU fait un don au FFEUA-ICU pour couvrir les frais administratifs, la bourse d&#8217;Impact sur la diversit\u00e9 de l&#8217;ICU et le programme de prix pour les \u00e9tudiants dipl\u00f4m\u00e9s exceptionnels. Cela permet \u00e0 100 % des dons du public d&#8217;aller directement aux \u00e9tudiants. L&#8217;ICU apporte \u00e9galement un soutien en nature au FFEUA-ICU en assurant son secr\u00e9tariat, le personnel de l&#8217;ICU g\u00e9rant ses op\u00e9rations. <\/p>\n\n\n\n<div class=\"wp-block-buttons is-layout-flex wp-block-buttons-is-layout-flex\">\n<div class=\"wp-block-button is-style-outline is-style-outline--1\"><a class=\"wp-block-button__link has-black-color has-text-color has-link-color wp-element-button\" href=\"https:\/\/www.cip-pstf.ca\/impact?lang=fr\" target=\"_blank\" rel=\"noreferrer noopener\"><strong>En savoir plus<\/strong><\/a><\/div>\n<\/div>\n\n\n\n<div style=\"height:14px\" aria-hidden=\"true\" class=\"wp-block-spacer\"><\/div>\n<\/div><\/div>\n\n\n\n<div style=\"height:40px\" aria-hidden=\"true\" class=\"wp-block-spacer\"><\/div>\n\n\n\n<div class=\"wp-block-group has-green-2-10-opacity-background-color has-background\"><div class=\"wp-block-group__inner-container is-layout-constrained wp-block-group-is-layout-constrained\">\n<div style=\"height:14px\" aria-hidden=\"true\" class=\"wp-block-spacer\"><\/div>\n\n\n\n<h2 class=\"wp-block-heading\">Possibilit\u00e9s de parrainage d&#8217;entreprise<\/h2>\n\n\n\n<p>Le FFEUA-ICU se pr\u00e9occupe sans cesse de cr\u00e9er de nouvelles <a href=\"https:\/\/www.cip-pstf.ca\/scholarships?lang=fr\">bourses<\/a> et <a href=\"https:\/\/www.cip-pstf.ca\/bursaries\">bourses d&#8217;entretien<\/a> afin de soutenir les futurs urbanistes dans leurs \u00e9tudes et leurs recherches.<\/p>\n\n\n\n<p><a href=\"https:\/\/www.cip-pstf.ca\/sponsorship\">Le parrainage<\/a> d&#8217;une bourse d&#8217;\u00e9tudes annuelle est un moyen efficace de d\u00e9montrer l&#8217;engagement de votre organisation envers la profession d&#8217;urbaniste et votre soutien aux personnes dans le besoin. C&#8217;est \u00e9galement une excellente occasion d&#8217;honorer le(s) fondateur(s) de votre organisation en leur l\u00e9guant un h\u00e9ritage important qui profitera \u00e0 la fois au Canada et \u00e0 ses futurs urbanistes. <\/p>\n\n\n\n<p>Comme commanditaire, vous pouvez d\u00e9finir un parrainage ou une bourse en fonction de vos propres crit\u00e8res, au-del\u00e0 des conditions d\u2019\u00e9ligibilit\u00e9 de base de toutes les offres du FFEUA-ICU. Au nombre de ces possibilit\u00e9s figurent des sp\u00e9cifications concernant les domaines et les niveaux d\u2019\u00e9tudes, ainsi que des dispositions visant \u00e0 promouvoir l\u2019\u00e9quit\u00e9, la diversit\u00e9 et l\u2019inclusion. <\/p>\n\n\n\n<p>Le FFEUA-ICU se chargera de promouvoir la bourse, d\u2019en \u00e9valuer les candidatures et de l\u2019attribuer, et veillera \u00e0 la gestion prudente des fonds donn\u00e9s. Votre organisme recevra un re\u00e7u pour don de charit\u00e9 correspondant au montant total de votre contribution financi\u00e8re annuelle. <\/p>\n\n\n\n<p>Pour discuter des possibilit\u00e9s de parrainage de bourses d&#8217;\u00e9tudes, veuillez nous contacter \u00e0 l&#8217;adresse <a href=\"mailto:cip-pstf@cip-icu.ca\">cip-pstf@cip-icu.ca<\/a>.<\/p>\n\n\n\n<div style=\"height:14px\" aria-hidden=\"true\" class=\"wp-block-spacer\"><\/div>\n<\/div><\/div>\n<\/div>\n\n\n\n<div class=\"wp-block-column is-layout-flow wp-block-column-is-layout-flow\" style=\"flex-basis:33.33%\">\n<figure class=\"wp-block-image size-full is-resized\"><img loading=\"lazy\" decoding=\"async\" width=\"900\" height=\"900\" src=\"https:\/\/www.cip-icu.ca\/wp-content\/uploads\/2023\/11\/PSTF.png\" alt=\"\" class=\"wp-image-20942\" style=\"width:356px;height:auto\" srcset=\"https:\/\/www.cip-icu.ca\/wp-content\/uploads\/2023\/11\/PSTF.png 900w, https:\/\/www.cip-icu.ca\/wp-content\/uploads\/2023\/11\/PSTF-636x636.png 636w, https:\/\/www.cip-icu.ca\/wp-content\/uploads\/2023\/11\/PSTF-160x160.png 160w, https:\/\/www.cip-icu.ca\/wp-content\/uploads\/2023\/11\/PSTF-768x768.png 768w\" sizes=\"auto, (max-width: 900px) 100vw, 900px\" \/><\/figure>\n<\/div>\n<\/div>\n<\/div><\/div>\n<\/div><\/div>\n\n<div style=\"height:70px\" aria-hidden=\"true\" class=\"wp-block-spacer\"><\/div>\n","protected":false},"excerpt":{"rendered":"<p>Le fonds en fid\u00e9icommis pour \u00e9tudiants en urbanisme et am\u00e9nagement de l\u2019ICU (FFEUA-ICU) est l\u2019organisation caritative nationale de la profession d\u2019urbaniste au Canada. Il offre&hellip;<\/p>\n","protected":false},"author":12,"featured_media":0,"parent":0,"menu_order":0,"comment_status":"closed","ping_status":"closed","template":"","meta":{"_acf_changed":false,"footnotes":""},"class_list":["post-22185","page","type-page","status-publish","hentry"],"acf":[],"_links":{"self":[{"href":"https:\/\/www.cip-icu.ca\/fr\/wp-json\/wp\/v2\/pages\/22185","targetHints":{"allow":["GET"]}}],"collection":[{"href":"https:\/\/www.cip-icu.ca\/fr\/wp-json\/wp\/v2\/pages"}],"about":[{"href":"https:\/\/www.cip-icu.ca\/fr\/wp-json\/wp\/v2\/types\/page"}],"author":[{"embeddable":true,"href":"https:\/\/www.cip-icu.ca\/fr\/wp-json\/wp\/v2\/users\/12"}],"replies":[{"embeddable":true,"href":"https:\/\/www.cip-icu.ca\/fr\/wp-json\/wp\/v2\/comments?post=22185"}],"version-history":[{"count":15,"href":"https:\/\/www.cip-icu.ca\/fr\/wp-json\/wp\/v2\/pages\/22185\/revisions"}],"predecessor-version":[{"id":39873,"href":"https:\/\/www.cip-icu.ca\/fr\/wp-json\/wp\/v2\/pages\/22185\/revisions\/39873"}],"wp:attachment":[{"href":"https:\/\/www.cip-icu.ca\/fr\/wp-json\/wp\/v2\/media?parent=22185"}],"curies":[{"name":"wp","href":"https:\/\/api.w.org\/{rel}","templated":true}]}}