{"id":22200,"date":"2023-09-18T12:49:46","date_gmt":"2023-09-18T19:49:46","guid":{"rendered":"https:\/\/www.cip-icu.ca\/secretariats\/"},"modified":"2024-08-01T05:44:15","modified_gmt":"2024-08-01T12:44:15","slug":"secretariats","status":"publish","type":"page","link":"https:\/\/www.cip-icu.ca\/fr\/secretariats\/","title":{"rendered":"Secr\u00e9tariats"},"content":{"rendered":"\n<div style=\"height:140px\" aria-hidden=\"true\" class=\"wp-block-spacer\"><\/div>\n\n\n\n<div class=\"wp-block-columns is-layout-flex wp-container-core-columns-is-layout-9d6595d7 wp-block-columns-is-layout-flex\">\n<div class=\"wp-block-column is-layout-flow wp-block-column-is-layout-flow\" style=\"flex-basis:60%\">\n<h3 class=\"wp-block-heading line-heading-full\">R\u00e9seau de planification<\/h3>\n\n\n\n<h1 class=\"wp-block-heading has-black-color has-text-color\">Secr\u00e9tariats<\/h1>\n\n\n\n<p class=\"lede\">L&#8217;Institut canadien des urbanistes est le secr\u00e9tariat de divers organismes qui relient et soutiennent la profession d&#8217;urbaniste au Canada. Il est charg\u00e9 d&#8217;assurer la continuit\u00e9 des dossiers, la maintenance des contrats et la coordination des r\u00e9unions et de l&#8217;engagement des membres.  <\/p>\n<\/div>\n\n\n\n<div class=\"wp-block-column is-layout-flow wp-block-column-is-layout-flow\" style=\"flex-basis:33.33%\"><\/div>\n<\/div>\n\n\n\n<div style=\"height:80px\" aria-hidden=\"true\" class=\"wp-block-spacer\"><\/div>\n\n\n\n    \n    \n    <div class=\"accordion full-width \">\n\n                    \n            <div class=\"accordion-item\" >\n                <button class=\"accordion-button no-btn-style\" aria-controls=\"content-1\" aria-expanded=\"false\" id=\"accordion-control-1\" >Forum de l&#8217;Alliance pour la planification<\/button>\n\n                <div class=\"content\" aria-hidden=\"true\" id=\"content-1\" >\n                                            <span class=\"inner\">\n                    \n                    <p class=\"lede\">Le forum de l&#8217;Alliance des professions de l&#8217;urbanisme au Canada (PAF) a \u00e9t\u00e9 cr\u00e9\u00e9 en 2017 comme cadre de collaboration, de partage d&#8217;informations, de recommandation d&#8217;actions sur des questions d&#8217;importance nationale et r\u00e9gionale, et de mise en r\u00e9seau en tant que communaut\u00e9 de pratique pour faire progresser la profession d&#8217;urbaniste au Canada.<\/p>\n<p>Les membres du PAF comprennent les pr\u00e9sidents du CIP et des <a href=\"https:\/\/www.cip-icu.ca\/professional-territorial-institutes-associations-ptias\/\">associations ou instituts provinciaux ou territoriaux<\/a> (PTIA), le Comit\u00e9 des normes et le <a href=\"https:\/\/psb-planningcanada.ca\/\" target=\"_blank\" rel=\"noopener\">Conseil des normes professionnelles<\/a> (PSB). Les cadres sup\u00e9rieurs de ces organisations y assistent en tant qu&#8217;observateurs.<\/p>\n<p>Le PAF est destin\u00e9 \u00e0 servir de canal de communication entre les organisations. Il ne s&#8217;agit pas d&#8217;un organe de d\u00e9cision, mais il est reconnu que le PAF doit \u00eatre ax\u00e9 sur l&#8217;action sous la forme d&#8217;une r\u00e9flexion strat\u00e9gique, d&#8217;une recherche, d&#8217;une d\u00e9finition des options de solution et d&#8217;une formulation de recommandations. Toute question n\u00e9cessitant une d\u00e9cision est renvoy\u00e9e aux conseils d&#8217;administration ou aux conseils pour examen individuel et ratification.<\/p>\n\n                    <\/span>\n                <\/div>\n            <\/div>\n\n                    \n            <div class=\"accordion-item\" >\n                <button class=\"accordion-button no-btn-style\" aria-controls=\"content-2\" aria-expanded=\"false\" id=\"accordion-control-2\" >Groupe des administrateurs communs<\/button>\n\n                <div class=\"content\" aria-hidden=\"true\" id=\"content-2\" >\n                                            <span class=\"inner\">\n                    \n                    <p class=\"lede\">Le groupe des administrateurs conjoints (GAC) est un organe consultatif et de coordination cr\u00e9\u00e9 par l&#8217;Institut canadien des urbanistes (ICU),  <a href=\"https:\/\/www.cip-icu.ca\/professional-territorial-institutes-associations-ptias\/\">Instituts et associations professionnels et territoriaux (PTIA)<\/a>et le  <a href=\"https:\/\/psb-planningcanada.ca\/\" target=\"_blank\" rel=\"noopener\">Conseil des normes professionnelles<\/a>  (PSB) pour partager des informations et rechercher des solutions \u00e0 des questions op\u00e9rationnelles d&#8217;int\u00e9r\u00eat mutuel, en vue de mieux aligner et rationaliser les politiques, les pratiques et les proc\u00e9dures par le biais d&#8217;un dialogue, d&#8217;une collaboration et d&#8217;une coordination continus au niveau des cadres sup\u00e9rieurs et de l&#8217;administration.<\/p>\n\n                    <\/span>\n                <\/div>\n            <\/div>\n\n                    \n            <div class=\"accordion-item\" >\n                <button class=\"accordion-button no-btn-style\" aria-controls=\"content-3\" aria-expanded=\"false\" id=\"accordion-control-3\" >Fonds d&#8217;affectation sp\u00e9ciale des \u00e9tudiants pour la planification de la CIP\/ICU  <\/button>\n\n                <div class=\"content\" aria-hidden=\"true\" id=\"content-3\" >\n                                            <span class=\"inner\">\n                    \n                    <p class=\"lede\">Le <a href=\"https:\/\/www.cip-pstf.ca\/\" target=\"_blank\" rel=\"noopener\">CIP\/ICU Planning Student Trust Fund (CIP-PSTF<\/a> ) est l&#8217;organisation caritative nationale de la profession d&#8217;urbaniste au Canada. Il offre un programme de bourses d&#8217;\u00e9tudes aux \u00e9tudiants des programmes d&#8217;urbanisme accr\u00e9dit\u00e9s au Canada. Bien qu&#8217;il s&#8217;agisse d&#8217;une organisation caritative ind\u00e9pendante, le CIP fournit gratuitement tout le personnel n\u00e9cessaire pour r\u00e9pondre aux besoins du CIP-PSTF en mati\u00e8re de gouvernance, de finances, de collecte de fonds et de communication. Le CIP fournit \u00e9galement un financement de base \u00e0 l&#8217;organisation pour la distribution de ses bourses d&#8217;\u00e9tudes, ainsi que pour couvrir ses frais g\u00e9n\u00e9raux.<\/p>\n\n                    <\/span>\n                <\/div>\n            <\/div>\n\n        \n    <\/div>\n\n    \n\n\n\n<div style=\"height:100px\" aria-hidden=\"true\" class=\"wp-block-spacer\"><\/div>\n","protected":false},"excerpt":{"rendered":"<p>L&#8217;Institut canadien des urbanistes est le secr\u00e9tariat de divers organismes qui relient et soutiennent la profession d&#8217;urbaniste au Canada. Il est charg\u00e9 d&#8217;assurer la continuit\u00e9&hellip;<\/p>\n","protected":false},"author":12,"featured_media":0,"parent":0,"menu_order":0,"comment_status":"closed","ping_status":"closed","template":"","meta":{"_acf_changed":false,"footnotes":""},"class_list":["post-22200","page","type-page","status-publish","hentry"],"acf":[],"_links":{"self":[{"href":"https:\/\/www.cip-icu.ca\/fr\/wp-json\/wp\/v2\/pages\/22200","targetHints":{"allow":["GET"]}}],"collection":[{"href":"https:\/\/www.cip-icu.ca\/fr\/wp-json\/wp\/v2\/pages"}],"about":[{"href":"https:\/\/www.cip-icu.ca\/fr\/wp-json\/wp\/v2\/types\/page"}],"author":[{"embeddable":true,"href":"https:\/\/www.cip-icu.ca\/fr\/wp-json\/wp\/v2\/users\/12"}],"replies":[{"embeddable":true,"href":"https:\/\/www.cip-icu.ca\/fr\/wp-json\/wp\/v2\/comments?post=22200"}],"version-history":[{"count":4,"href":"https:\/\/www.cip-icu.ca\/fr\/wp-json\/wp\/v2\/pages\/22200\/revisions"}],"predecessor-version":[{"id":42934,"href":"https:\/\/www.cip-icu.ca\/fr\/wp-json\/wp\/v2\/pages\/22200\/revisions\/42934"}],"wp:attachment":[{"href":"https:\/\/www.cip-icu.ca\/fr\/wp-json\/wp\/v2\/media?parent=22200"}],"curies":[{"name":"wp","href":"https:\/\/api.w.org\/{rel}","templated":true}]}}