{"id":22203,"date":"2023-11-17T08:45:09","date_gmt":"2023-11-17T16:45:09","guid":{"rendered":"https:\/\/www.cip-icu.ca\/membres-honoraires\/"},"modified":"2024-05-29T15:26:58","modified_gmt":"2024-05-29T22:26:58","slug":"membres-honoraires","status":"publish","type":"page","link":"https:\/\/www.cip-icu.ca\/fr\/membres-honoraires\/","title":{"rendered":"Membres honoraires"},"content":{"rendered":"\n<div class=\"wp-block-columns are-vertically-aligned-center is-layout-flex wp-container-core-columns-is-layout-9d6595d7 wp-block-columns-is-layout-flex\">\n<div class=\"wp-block-column is-vertically-aligned-center is-layout-flow wp-block-column-is-layout-flow\" style=\"flex-basis:60%\">\n<div style=\"height:100px\" aria-hidden=\"true\" class=\"wp-block-spacer\"><\/div>\n\n\n\n<h3 class=\"wp-block-heading line-heading-full\">Reconnaissance<\/h3>\n\n\n\n<h1 class=\"wp-block-heading\"><strong><br><\/strong>Les Membres <strong><mark style=\"background-color:rgba(0, 0, 0, 0)\" class=\"has-inline-color has-accent-color\">honoraires<\/mark><\/strong><\/h1>\n\n\n\n<p class=\"lede\">Le titre de membre honoraire de l&#8217;Institut canadien des urbanistes est la plus haute distinction que l&#8217;Institut puisse accorder \u00e0 une personne qui n&#8217;est pas urbaniste. Cette prestigieuse distinction r\u00e9compense des \u00e9ducateurs, des journalistes, des fonctionnaires, des membres de la communaut\u00e9 et d&#8217;autres personnes travaillant en dehors de la profession d&#8217;urbaniste qui ont apport\u00e9 une contribution significative \u00e0 la discipline.<\/p>\n<\/div>\n\n\n\n<div class=\"wp-block-column is-vertically-aligned-center is-layout-flow wp-block-column-is-layout-flow\">\n<div style=\"height:60px\" aria-hidden=\"true\" class=\"wp-block-spacer\"><\/div>\n<\/div>\n<\/div>\n\n\n\n<div style=\"height:40px\" aria-hidden=\"true\" class=\"wp-block-spacer\"><\/div>\n\n\n\n<div class=\"wp-block-group has-accent-background-color has-background\"><div class=\"wp-block-group__inner-container is-layout-constrained wp-block-group-is-layout-constrained\">\n<div style=\"height:25px\" aria-hidden=\"true\" class=\"wp-block-spacer\"><\/div>\n\n\n\n<h2 class=\"wp-block-heading has-white-color has-text-color has-link-color wp-elements-24fca3742292198a63f17896a0d5ee4c\">Devenir membre honoraire<\/h2>\n\n\n\n<p class=\"has-white-color has-text-color has-link-color has-regular-font-size wp-elements-3be3daad7506e250c144b6a03d42262c\">Pour devenir membre honoraire, une personne doit \u00eatre propos\u00e9e par un membre en r\u00e8gle de l&#8217;ICU et respecter les crit\u00e8res de nomination. La candidature est pr\u00e9sent\u00e9e au jury des prix et r\u00e9compenses du CIP, qui \u00e9met une recommandation au conseil d&#8217;administration du CIP. Les nouveaux membres honoraires sont pr\u00e9sent\u00e9s lors de la c\u00e9r\u00e9monie de remise des prix et des distinctions \u00e0 l&#8217;occasion de la conf\u00e9rence nationale de la CIP. Les membres honoraires n&#8217;ont pas le droit de vote au sein de l&#8217;Institut.<br><br>Pour conna\u00eetre les lignes directrices relatives aux nominations, consultez <a href=\"https:\/\/www.cip-icu.ca\/fr\/distinctions-et-prix\/\">la page des distinctions honorifiques du CIP<\/a>.<\/p>\n\n\n\n<div style=\"height:25px\" aria-hidden=\"true\" class=\"wp-block-spacer\"><\/div>\n<\/div><\/div>\n\n\n\n<div style=\"height:100px\" aria-hidden=\"true\" class=\"wp-block-spacer\"><\/div>\n\n\n\n<h2 class=\"wp-block-heading\">Nos membres honoraires  <\/h2>\n\n\n<div class=\"member-display\">\n\t\t\t\t<div class=\"member-row row\">\n\t\t\t\t\t<div class=\"member-item col-12 col-md-6 col-lg-4 col-xl-3\">\n\t                <div class=\"member-inner\">\n\t                    <img decoding=\"async\" class=\"member-img\" src=\"https:\/\/www.cip-icu.ca\/wp-content\/uploads\/2024\/05\/Alan.png\" alt=\"\">\n\t                    <div class=\"member-info\">\n\t                        <span class=\"member-name\">Alan DeSousa<\/span>\n\t                        <span class=\"member-year\">2024<\/span>\n\t                        <span class=\"member-title\"><\/span>\n\t                        \n\t                        \n\t                    <\/div>\n\t                <\/div>\n\t                <div class=\"member-popup\">\n\t                    <div class=\"member-popup-background\"><\/div>\n\t                    <div class=\"member-popup-inner\">\n\t                        <div class=\"member-popup-close\">\n\t                            <i class=\"fas fa-times\"><\/i>\n\t                        <\/div>\n\t                        <div class=\"row\">\n\t                            <div class=\"col-12 col-md-3 left-col\">\n\t                                <img decoding=\"async\" class=\"member-img\" src=\"https:\/\/www.cip-icu.ca\/wp-content\/uploads\/2024\/05\/Alan.png\" alt=\"\">\n\t\t\t\t\t\t\t  \n\t\t\t\t\t\t\t  \n\t                            <\/div>\n\t                            <div class=\"col-12 col-md-8 right-col\">\n\t                                <span class=\"member-name\">Alan DeSousa<\/span>\n\t                                <span class=\"member-year\">2024<\/span>\n\t                                <span class=\"member-title\"><\/span>\n\t                                 <div class=\"member-bio\"><p>Alan DeSousa a \u00e9t\u00e9 un fervent d\u00e9fenseur de l\u2019urbanisme tout au long de sa carri\u00e8re au sein du gouvernement. Maire de Saint-Laurent, Ville de Montr\u00e9al depuis 2001, il a fait preuve de leadership dans la promotion du d\u00e9veloppement durable, de la pr\u00e9servation de l\u2019environnement et de la construction \u00e9cologique par le biais de politiques, de plans et de programmes. En plus de sa bonne administration \u00e0 SaintLaurent, il a soutenu activement des initiatives li\u00e9es \u00e0 la protection du patrimoine, \u00e0 l\u2019architecture cr\u00e9ative, au transport public et actif, en plus de faire valoir l\u2019importance d\u2019une planification \u00e9clair\u00e9e aux niveaux provincial, m\u00e9tropolitain et local. Il a milit\u00e9 longtemps en faveur d\u2019une politique d\u2019urbanisme et d\u2019architecture \u00e0 l\u2019\u00e9chelle provinciale, laquelle, apr\u00e8s de nombreuses consultations aupr\u00e8s de ses pairs, a \u00e9t\u00e9 adopt\u00e9e au Qu\u00e9bec en 2023.<\/p>\n<p>Au cours de ses nombreuses ann\u00e9es de service public, M. DeSousa a \u00e9t\u00e9 le fer de lance de l\u2019adoption et de la mise en \u0153uvre du Plan de d\u00e9veloppement durable de Montr\u00e9al, de la Strat\u00e9gie de d\u00e9veloppement \u00e9conomique de Montr\u00e9al, incluant une politique de design urbain, et de la Politique de protection des espaces naturels de la Communaut\u00e9 m\u00e9tropolitaine de Montr\u00e9al, laquelle couvre d\u00e9sormais 17 % de la r\u00e9gion m\u00e9tropolitaine. Il a dirig\u00e9 un certain nombre de projets d\u2019am\u00e9nagement qui incarnaient des pratiques de planification novatrices, notamment celui du secteur Bois-Franc. Ce projet r\u00e9ussi d\u2019am\u00e9nagement ax\u00e9 sur le transport en commun de type \u201cNew Urbanist\u201d est consid\u00e9r\u00e9 aujourd\u2019hui comme l\u2019un des 50 meilleurs au Qu\u00e9bec, selon l\u2019Ordre des urbanistes du Qu\u00e9bec. M. DeSousa est \u00e9galement \u00e0 l\u2019origine d\u2019am\u00e9nagements ax\u00e9s sur le transport en commun adapt\u00e9s \u00e0 leur emplacement autour des gares Bois-Franc et du Ruisseau. Aussi, il a plaid\u00e9 en faveur d\u2019un vaste volet consacr\u00e9 \u00e0 la pr\u00e9servation des espaces naturels au sein du premier parc d\u2019affaires de haute technologie au Canada.<\/p>\n<p>Saint-Laurent est une communaut\u00e9 tr\u00e8s diversifi\u00e9e d\u2019un point de vue culturel, linguistique et socio-\u00e9conomique. Une grande partie de Saint-Laurent a \u00e9t\u00e9 d\u00e9velopp\u00e9e au milieu du 20e si\u00e8cle avec l\u2019objectif d\u2019accueillir un grand nombre de v\u00e9hicules. Saint-Laurent n\u2019ayant pas initialement la composition sociale et la trame urbaine g\u00e9n\u00e9ralement associ\u00e9es \u00e0 des programmes environnementaux d\u2019envergure, M. DeSousa a sensibilis\u00e9 sa communaut\u00e9 aux questions environnementales en veillant \u00e0 int\u00e9grer aux pr\u00e9occupations quotidiennes des r\u00e9sidents et r\u00e9sidentes de Saint-Laurent des objectifs ax\u00e9s vers la pr\u00e9servation de l\u2019environnement et la planification urbaine de mani\u00e8re \u00e0 en souligner la pertinence et l\u2019importance pour ces derniers.<\/p>\n<p>M. DeSousa a re\u00e7u de nombreux prix au cours de sa carri\u00e8re, dont deux li\u00e9s en particulier \u00e0 ses initiatives en mati\u00e8re d\u2019urbanisme ainsi que de pr\u00e9servation de l\u2019environnement et du patrimoine, soit le prix Jean-Paul-L\u2019Allier de l\u2019Ordre des urbanistes du Qu\u00e9bec, en 2015, et le prix Frederick-Todd de l\u2019Association des architectes paysagistes du Qu\u00e9bec en 2023.<\/p>\n<\/div>\n\t                            <\/div>\n\t                        <\/div>\n\t                    <\/div>\n\t                <\/div>\n\t            <\/div><div class=\"member-item col-12 col-md-6 col-lg-4 col-xl-3\">\n\t                <div class=\"member-inner\">\n\t                    <img decoding=\"async\" class=\"member-img\" src=\"https:\/\/www.cip-icu.ca\/wp-content\/uploads\/2023\/11\/Michael-Harcourt.png\" alt=\"\">\n\t                    <div class=\"member-info\">\n\t                        <span class=\"member-name\">Hon. Michael F. Harcourt OC<\/span>\n\t                        <span class=\"member-year\">2020<\/span>\n\t                        <span class=\"member-title\"><\/span>\n\t                        \n\t                        \n\t                    <\/div>\n\t                <\/div>\n\t                <div class=\"member-popup\">\n\t                    <div class=\"member-popup-background\"><\/div>\n\t                    <div class=\"member-popup-inner\">\n\t                        <div class=\"member-popup-close\">\n\t                            <i class=\"fas fa-times\"><\/i>\n\t                        <\/div>\n\t                        <div class=\"row\">\n\t                            <div class=\"col-12 col-md-3 left-col\">\n\t                                <img decoding=\"async\" class=\"member-img\" src=\"https:\/\/www.cip-icu.ca\/wp-content\/uploads\/2023\/11\/Michael-Harcourt.png\" alt=\"\">\n\t\t\t\t\t\t\t  \n\t\t\t\t\t\t\t  \n\t                            <\/div>\n\t                            <div class=\"col-12 col-md-8 right-col\">\n\t                                <span class=\"member-name\">Hon. Michael F. Harcourt OC<\/span>\n\t                                <span class=\"member-year\">2020<\/span>\n\t                                <span class=\"member-title\"><\/span>\n\t                                 <div class=\"member-bio\"><p>Tout au long de sa carri\u00e8re et de son engagement citoyen, Michael Harcourt a \u00e9t\u00e9 un d\u00e9fenseur constant d&#8217;une planification communautaire et r\u00e9gionale innovante et responsable. En tant qu&#8217;avocat communautaire, conseiller municipal et maire de la ville de Vancouver, et en tant que membre de la l\u00e9gislature et premier ministre de la Colombie-Britannique, M. Harcourt a fa\u00e7onn\u00e9 et soutenu des villes et des r\u00e9gions plus durables, plus dynamiques, plus vivables et plus \u00e9quitables. Il a \u00e9t\u00e9 l&#8217;ami et l&#8217;alli\u00e9 des urbanistes, de la profession d&#8217;urbaniste et des personnes, des communaut\u00e9s et des r\u00e9gions que nous servons.<\/p>\n<p>Le soutien d&#8217;Harcourt \u00e0 la profession d&#8217;urbaniste et aux principes que nous d\u00e9fendons a \u00e9t\u00e9 courageux, fort et articul\u00e9 sur de nombreux fronts. Tr\u00e8s t\u00f4t, son activisme communautaire a favoris\u00e9 une r\u00e9forme des politiques et des pratiques de planification \u00e0 Vancouver, mettant fin \u00e0 l&#8217;\u00e9limination brutale des bidonvilles et \u00e0 la construction d&#8217;autoroutes urbaines. Plus tard, son leadership civique \u00e0 Vancouver a permis de d\u00e9finir une vision pour la ville avant l&#8217;Expo 86 et a inspir\u00e9 la transformation de la ville par la suite. Ensuite, sa direction provinciale a parrain\u00e9 de nouvelles approches et une nouvelle l\u00e9gislation en mati\u00e8re de gestion des ressources en Colombie-Britannique, afin d&#8217;\u00e9quilibrer les besoins \u00e9conomiques et les imp\u00e9ratifs de responsabilit\u00e9 environnementale, en imposant un d\u00e9veloppement r\u00e9gional int\u00e9gr\u00e9 et durable. Harcourt a \u00e9galement contribu\u00e9 \u00e0 faire reconna\u00eetre la nature non c\u00e9d\u00e9e du territoire de la province (les territoires traditionnels de nombreuses Premi\u00e8res nations), facilitant ainsi la formation de la Commission des trait\u00e9s de la Colombie-Britannique. Au-del\u00e0 du gouvernement, M. Harcourt a abord\u00e9 les th\u00e8mes cl\u00e9s de la planification contemporaine \u00e0 l&#8217;\u00e9chelle nationale et internationale en tant que membre de la Table ronde nationale sur l&#8217;environnement et l&#8217;\u00e9conomie, pr\u00e9sident du Comit\u00e9 consultatif national sur les villes et les collectivit\u00e9s, pr\u00e9sident honoraire du Centre international pour les villes durables, conseiller de la Commission \u00e9cofiscale du Canada et conseiller sp\u00e9cial du Premier ministre pour les villes et l&#8217;environnement. Harcourt transmet avec \u00e9loquence le message de la planification dans ses livres et autres \u00e9crits, dans ses discours publics et dans son enseignement au Canada et dans le monde entier.<\/p>\n<p>La d\u00e9fense et le soutien de Harcourt \u00e0 la planification et sa collaboration avec les planificateurs ont \u00e9t\u00e9 c\u00e9l\u00e9br\u00e9s \u00e0 l&#8217;\u00e9chelle provinciale et nationale. Il est membre honoraire du Planning Institute of British Columbia et a re\u00e7u le Jane Jacobs Lifetime Achievement Award de l&#8217;Institut urbain du Canada. En rassemblant toutes ses contributions \u00e0 la vie canadienne, Harcourt est \u00e9galement Officier de l&#8217;Ordre du Canada.<\/p>\n<\/div>\n\t                            <\/div>\n\t                        <\/div>\n\t                    <\/div>\n\t                <\/div>\n\t            <\/div>\n\t\t\t\t<\/div>\n\t\t\t<\/div>\n\n\n\n<div style=\"height:60px\" aria-hidden=\"true\" class=\"wp-block-spacer\"><\/div>\n","protected":false},"excerpt":{"rendered":"<p>Reconnaissance Les Membres honoraires Le titre de membre honoraire de l&#8217;Institut canadien des urbanistes est la plus haute distinction que l&#8217;Institut puisse accorder \u00e0 une [&hellip;]<\/p>\n","protected":false},"author":14,"featured_media":0,"parent":0,"menu_order":0,"comment_status":"closed","ping_status":"closed","template":"","meta":{"_acf_changed":false,"footnotes":""},"class_list":["post-22203","page","type-page","status-publish","hentry"],"acf":[],"_links":{"self":[{"href":"https:\/\/www.cip-icu.ca\/fr\/wp-json\/wp\/v2\/pages\/22203","targetHints":{"allow":["GET"]}}],"collection":[{"href":"https:\/\/www.cip-icu.ca\/fr\/wp-json\/wp\/v2\/pages"}],"about":[{"href":"https:\/\/www.cip-icu.ca\/fr\/wp-json\/wp\/v2\/types\/page"}],"author":[{"embeddable":true,"href":"https:\/\/www.cip-icu.ca\/fr\/wp-json\/wp\/v2\/users\/14"}],"replies":[{"embeddable":true,"href":"https:\/\/www.cip-icu.ca\/fr\/wp-json\/wp\/v2\/comments?post=22203"}],"version-history":[{"count":5,"href":"https:\/\/www.cip-icu.ca\/fr\/wp-json\/wp\/v2\/pages\/22203\/revisions"}],"predecessor-version":[{"id":28587,"href":"https:\/\/www.cip-icu.ca\/fr\/wp-json\/wp\/v2\/pages\/22203\/revisions\/28587"}],"wp:attachment":[{"href":"https:\/\/www.cip-icu.ca\/fr\/wp-json\/wp\/v2\/media?parent=22203"}],"curies":[{"name":"wp","href":"https:\/\/api.w.org\/{rel}","templated":true}]}}