{"id":23280,"date":"2023-11-21T10:45:17","date_gmt":"2023-11-21T15:45:17","guid":{"rendered":"https:\/\/www.cip-icu.ca\/ressources-du-centre-dapprentissage\/"},"modified":"2026-01-27T13:55:32","modified_gmt":"2026-01-27T18:55:32","slug":"ressources-du-centre-dapprentissage","status":"publish","type":"page","link":"https:\/\/www.cip-icu.ca\/fr\/ressources-du-centre-dapprentissage\/","title":{"rendered":"Ressources du centre d&#8217;apprentissage"},"content":{"rendered":"\n<div style=\"height:100px\" aria-hidden=\"true\" class=\"wp-block-spacer\"><\/div>\n\n<h1 class=\"wp-block-heading\">Ressources du centre d&#8217;apprentissage<\/h1>\n<form data-sf-form-id='23279' data-is-rtl='0' data-maintain-state='' data-results-url='https:\/\/www.cip-icu.ca\/fr\/ressources-du-centre-dapprentissage\/' data-ajax-url='https:\/\/www.cip-icu.ca\/fr\/?sfid=23279&amp;sf_action=get_data&amp;sf_data=all' data-ajax-form-url='https:\/\/www.cip-icu.ca\/fr\/?sfid=23279&amp;sf_action=get_data&amp;sf_data=form' data-display-result-method='shortcode' data-use-history-api='1' data-template-loaded='0' data-lang-code='fr' data-ajax='1' data-ajax-data-type='json' data-ajax-links-selector='.pagination a' data-ajax-target='#search-filter-results-23279' data-ajax-pagination-type='normal' data-update-ajax-url='1' data-only-results-ajax='1' data-scroll-to-pos='0' data-init-paged='1' data-auto-update='1' data-auto-count='1' data-auto-count-refresh-mode='1' action='https:\/\/www.cip-icu.ca\/fr\/ressources-du-centre-dapprentissage\/' method='post' class='searchandfilter' id='search-filter-form-23279' autocomplete='off' data-instance-count='1'><ul><li class=\"sf-field-taxonomy-learning_hub_category\" data-sf-field-name=\"_sft_learning_hub_category\" data-sf-field-type=\"taxonomy\" data-sf-field-input-type=\"select\"><h4>Cat\u00e9gorie<\/h4>\t\t<label>\n\t\t\t\t   \t\t<select name=\"_sft_learning_hub_category[]\" class=\"sf-input-select\" title=\"\">\n\t\t\t\t\t\t  \t\t\t<option class=\"sf-level-0 sf-item-0 sf-option-active\" selected=\"selected\" data-sf-count=\"0\" data-sf-depth=\"0\" value=\"\">Toutes les cat\u00e9gories<\/option>\n\t\t\t\t\t\t\t\t\t\t\t<option class=\"sf-level-0 sf-item-138\" data-sf-count=\"46\" data-sf-depth=\"0\" value=\"document-fr\">Document&nbsp;&nbsp;(46)<\/option>\n\t\t\t\t\t\t\t\t\t\t\t<option class=\"sf-level-0 sf-item-137\" data-sf-count=\"279\" data-sf-depth=\"0\" value=\"video-fr\">Vid\u00e9o&nbsp;&nbsp;(279)<\/option>\n\t\t\t\t\t\t\t\t\t\t\t<\/select><\/label>\t\t\t\t\t\t\t\t\t\t<\/li><li class=\"sf-field-taxonomy-learning_hub_tag\" data-sf-field-name=\"_sft_learning_hub_tag\" data-sf-field-type=\"taxonomy\" data-sf-field-input-type=\"select\"><h4>Tags<\/h4>\t\t<label>\n\t\t\t\t   \t\t<select name=\"_sft_learning_hub_tag[]\" class=\"sf-input-select\" title=\"\">\n\t\t\t\t\t\t  \t\t\t<option class=\"sf-level-0 sf-item-0 sf-option-active\" selected=\"selected\" data-sf-count=\"0\" data-sf-depth=\"0\" value=\"\">Toutes les \u00e9tiquettes<\/option>\n\t\t\t\t\t\t\t\t\t\t\t<option class=\"sf-level-0 sf-item-129\" data-sf-count=\"5\" data-sf-depth=\"0\" value=\"adhesion\">Adh\u00e9sion&nbsp;&nbsp;(5)<\/option>\n\t\t\t\t\t\t\t\t\t\t\t<option class=\"sf-level-0 sf-item-130\" data-sf-count=\"44\" data-sf-depth=\"0\" value=\"changement-climatique\">Changement climatique&nbsp;&nbsp;(44)<\/option>\n\t\t\t\t\t\t\t\t\t\t\t<option class=\"sf-level-0 sf-item-131\" data-sf-count=\"45\" data-sf-depth=\"0\" value=\"collectivites-saines\">Collectivit\u00e9s saines&nbsp;&nbsp;(45)<\/option>\n\t\t\t\t\t\t\t\t\t\t\t<option class=\"sf-level-0 sf-item-135\" data-sf-count=\"150\" data-sf-depth=\"0\" value=\"conference-fr\">Conf\u00e9rence&nbsp;&nbsp;(150)<\/option>\n\t\t\t\t\t\t\t\t\t\t\t<option class=\"sf-level-0 sf-item-134\" data-sf-count=\"32\" data-sf-depth=\"0\" value=\"edia-fr\">EDIA&nbsp;&nbsp;(32)<\/option>\n\t\t\t\t\t\t\t\t\t\t\t<option class=\"sf-level-0 sf-item-132\" data-sf-count=\"31\" data-sf-depth=\"0\" value=\"logement\">Logement&nbsp;&nbsp;(31)<\/option>\n\t\t\t\t\t\t\t\t\t\t\t<option class=\"sf-level-0 sf-item-136\" data-sf-count=\"27\" data-sf-depth=\"0\" value=\"plan-canada-fr\">Plan Canada&nbsp;&nbsp;(27)<\/option>\n\t\t\t\t\t\t\t\t\t\t\t<option class=\"sf-level-0 sf-item-133\" data-sf-count=\"35\" data-sf-depth=\"0\" value=\"reconciliation-fr\">R\u00e9conciliation&nbsp;&nbsp;(35)<\/option>\n\t\t\t\t\t\t\t\t\t\t\t<option class=\"sf-level-0 sf-item-128\" data-sf-count=\"30\" data-sf-depth=\"0\" value=\"soutien-carriere\">Soutien \u00e0 la carri\u00e8re&nbsp;&nbsp;(30)<\/option>\n\t\t\t\t\t\t\t\t\t\t\t<option class=\"sf-level-0 sf-item-539\" data-sf-count=\"8\" data-sf-depth=\"0\" value=\"world-town-planning-day\">World Town Planning Day&nbsp;&nbsp;(8)<\/option>\n\t\t\t\t\t\t\t\t\t\t\t<\/select><\/label>\t\t\t\t\t\t\t\t\t\t<\/li><li class=\"sf-field-search\" data-sf-field-name=\"search\" data-sf-field-type=\"search\" data-sf-field-input-type=\"\">\t\t<label>\n\t\t\t\t   <input placeholder=\"Recherche ...\" name=\"_sf_search[]\" class=\"sf-input-text\" type=\"text\" value=\"\" title=\"\"><\/label>\t\t<\/li><\/ul><\/form>\n<div class=\"search-filter-results\" id=\"search-filter-results-23279\">\r\n    <div class=\"resource-library-wrap row\">\r\n\r\n\t\t\t<div id=\"resource-43984\" class=\"resource-item col-12 col-sm-12 col-md-6 col-lg-4 col-xl-4\" itemscope itemprop=\"blogPost\" itemtype=\"http:\/\/schema.org\/BlogPosting\" role=\"article\">\r\n\r\n            \r\n            <div class=\"resource-inner learning-resource-inner\">\r\n\r\n                <div class=\"learning-resource-text\">\r\n\r\n                    \r\n                    \r\n                        <div class=\"resource-cat\">\r\n                            Document                        <\/div>\r\n\r\n                    \r\n                    <div class=\"inner-text\">\r\n\r\n                        <h2><a href=\"https:\/\/www.cip-icu.ca\/fr\/learning-hub\/plan-canada-issue-sustainable-development-goal-11-sustainable-cities-and-communities\/\">Plan Canada Issue: Sustainable Development Goal 11 &#8211; Sustainable Cities and Communities<\/a><\/h2>\r\n\r\n                        <div class=\"excerpt\">\r\n                            Spring 2026, VOL. 66, NO. 1\r\n                        <\/div>\r\n\r\n                        <div class=\"resource-tags\">\r\n                            Collectivit\u00e9s saines, Plan Canada                        <\/div>\r\n\r\n                    <\/div>\r\n\r\n                <\/div>\r\n\r\n            <\/div>\r\n\r\n        <\/div><!-- #post-## -->\r\n\r\n\t\t\t\t<div id=\"resource-43808\" class=\"resource-item col-12 col-sm-12 col-md-6 col-lg-4 col-xl-4\" itemscope itemprop=\"blogPost\" itemtype=\"http:\/\/schema.org\/BlogPosting\" role=\"article\">\r\n\r\n            \r\n            <div class=\"resource-inner learning-resource-inner\">\r\n\r\n                <div class=\"learning-resource-text\">\r\n\r\n                    \r\n                    \r\n                        <div class=\"resource-cat\">\r\n                            Vid\u00e9o                        <\/div>\r\n\r\n                    \r\n                    <div class=\"inner-text\">\r\n\r\n                        <h2><a href=\"https:\/\/www.cip-icu.ca\/fr\/learning-hub\/paralleling-oral-and-western-view-governance-systems\/\">Paralleling Oral and Western View Governance Systems<\/a><\/h2>\r\n\r\n                        <div class=\"excerpt\">\r\n                            In this webinar, Desmond Jackson will provide an in-depth view of his (Blackfoot) oral way of life. He will discuss ... <a href=https:\/\/www.cip-icu.ca\/fr\/learning-hub\/paralleling-oral-and-western-view-governance-systems\/>En savoir plus<\/a> \r\n                        <\/div>\r\n\r\n                        <div class=\"resource-tags\">\r\n                            R\u00e9conciliation                        <\/div>\r\n\r\n                    <\/div>\r\n\r\n                <\/div>\r\n\r\n            <\/div>\r\n\r\n        <\/div><!-- #post-## -->\r\n\r\n\t\t\t\t<div id=\"resource-43502\" class=\"resource-item col-12 col-sm-12 col-md-6 col-lg-4 col-xl-4\" itemscope itemprop=\"blogPost\" itemtype=\"http:\/\/schema.org\/BlogPosting\" role=\"article\">\r\n\r\n            \r\n            <div class=\"resource-inner learning-resource-inner\">\r\n\r\n                <div class=\"learning-resource-text\">\r\n\r\n                    \r\n                    \r\n                        <div class=\"resource-cat\">\r\n                            Vid\u00e9o                        <\/div>\r\n\r\n                    \r\n                    <div class=\"inner-text\">\r\n\r\n                        <h2><a href=\"https:\/\/www.cip-icu.ca\/fr\/learning-hub\/celebrating-black-leadership-in-planning\/\">Celebrating Black Leadership in Planning<\/a><\/h2>\r\n\r\n                        <div class=\"excerpt\">\r\n                            This joint webinar featuring the\u00a0Black Planners &amp; Urbanists Association (BPUA)\u00a0explores how equity and anti-racism informed planning practices can strengthen planning ... <a href=https:\/\/www.cip-icu.ca\/fr\/learning-hub\/celebrating-black-leadership-in-planning\/>En savoir plus<\/a> \r\n                        <\/div>\r\n\r\n                        <div class=\"resource-tags\">\r\n                            Collectivit\u00e9s saines, EDIA                        <\/div>\r\n\r\n                    <\/div>\r\n\r\n                <\/div>\r\n\r\n            <\/div>\r\n\r\n        <\/div><!-- #post-## -->\r\n\r\n\t\t\t\t<div id=\"resource-43044\" class=\"resource-item col-12 col-sm-12 col-md-6 col-lg-4 col-xl-4\" itemscope itemprop=\"blogPost\" itemtype=\"http:\/\/schema.org\/BlogPosting\" role=\"article\">\r\n\r\n            \r\n            <div class=\"resource-inner learning-resource-inner\">\r\n\r\n                <div class=\"learning-resource-text\">\r\n\r\n                    \r\n                    \r\n                        <div class=\"resource-cat\">\r\n                            Vid\u00e9o                        <\/div>\r\n\r\n                    \r\n                    <div class=\"inner-text\">\r\n\r\n                        <h2><a href=\"https:\/\/www.cip-icu.ca\/fr\/learning-hub\/plan-canada-webinar-series-peoples-choice-planning-for-disruption\/\">Plan Canada Webinar Series : People\u2019s Choice \u2013 Planning for Disruption<\/a><\/h2>\r\n\r\n                        <div class=\"excerpt\">\r\n                            February 12, 2026 - Disruptions are rarely unforeseen. We\u2019re aware of risk factors and we can plan and prepare for ... <a href=https:\/\/www.cip-icu.ca\/fr\/learning-hub\/plan-canada-webinar-series-peoples-choice-planning-for-disruption\/>En savoir plus<\/a> \r\n                        <\/div>\r\n\r\n                        <div class=\"resource-tags\">\r\n                            Changement climatique, Plan Canada                        <\/div>\r\n\r\n                    <\/div>\r\n\r\n                <\/div>\r\n\r\n            <\/div>\r\n\r\n        <\/div><!-- #post-## -->\r\n\r\n\t\t\t\t<div id=\"resource-43085\" class=\"resource-item col-12 col-sm-12 col-md-6 col-lg-4 col-xl-4\" itemscope itemprop=\"blogPost\" itemtype=\"http:\/\/schema.org\/BlogPosting\" role=\"article\">\r\n\r\n            \r\n            <div class=\"resource-inner learning-resource-inner\">\r\n\r\n                <div class=\"learning-resource-text\">\r\n\r\n                    \r\n                    \r\n                        <div class=\"resource-cat\">\r\n                            Vid\u00e9o                        <\/div>\r\n\r\n                    \r\n                    <div class=\"inner-text\">\r\n\r\n                        <h2><a href=\"https:\/\/www.cip-icu.ca\/fr\/learning-hub\/wtpd-2025-one-plan-many-cultures\/\">WTPD 2025 One Plan Many Cultures<\/a><\/h2>\r\n\r\n                        <div class=\"excerpt\">\r\n                            For 20+ years, The Urban Collaborative has planned with communities across languages andnorms in Eastern Europe and the Pacific: pre-war ... <a href=https:\/\/www.cip-icu.ca\/fr\/learning-hub\/wtpd-2025-one-plan-many-cultures\/>En savoir plus<\/a> \r\n                        <\/div>\r\n\r\n                        <div class=\"resource-tags\">\r\n                            Collectivit\u00e9s saines, World Town Planning Day                        <\/div>\r\n\r\n                    <\/div>\r\n\r\n                <\/div>\r\n\r\n            <\/div>\r\n\r\n        <\/div><!-- #post-## -->\r\n\r\n\t\t\t\t<div id=\"resource-43084\" class=\"resource-item col-12 col-sm-12 col-md-6 col-lg-4 col-xl-4\" itemscope itemprop=\"blogPost\" itemtype=\"http:\/\/schema.org\/BlogPosting\" role=\"article\">\r\n\r\n            \r\n            <div class=\"resource-inner learning-resource-inner\">\r\n\r\n                <div class=\"learning-resource-text\">\r\n\r\n                    \r\n                    \r\n                        <div class=\"resource-cat\">\r\n                            Vid\u00e9o                        <\/div>\r\n\r\n                    \r\n                    <div class=\"inner-text\">\r\n\r\n                        <h2><a href=\"https:\/\/www.cip-icu.ca\/fr\/learning-hub\/wtpd-2025-closing-the-feedback-loop\/\">WTPD 2025 Closing the Feedback Loop<\/a><\/h2>\r\n\r\n                        <div class=\"excerpt\">\r\n                            Planners today face a challenge: how to meaningfully engage communities while managingoverwhelming input volumes. Attendees will explore how NYC Planning ... <a href=https:\/\/www.cip-icu.ca\/fr\/learning-hub\/wtpd-2025-closing-the-feedback-loop\/>En savoir plus<\/a> \r\n                        <\/div>\r\n\r\n                        <div class=\"resource-tags\">\r\n                            Collectivit\u00e9s saines, World Town Planning Day                        <\/div>\r\n\r\n                    <\/div>\r\n\r\n                <\/div>\r\n\r\n            <\/div>\r\n\r\n        <\/div><!-- #post-## -->\r\n\r\n\t\t\t\t<div id=\"resource-43087\" class=\"resource-item col-12 col-sm-12 col-md-6 col-lg-4 col-xl-4\" itemscope itemprop=\"blogPost\" itemtype=\"http:\/\/schema.org\/BlogPosting\" role=\"article\">\r\n\r\n            \r\n            <div class=\"resource-inner learning-resource-inner\">\r\n\r\n                <div class=\"learning-resource-text\">\r\n\r\n                    \r\n                    \r\n                        <div class=\"resource-cat\">\r\n                            Vid\u00e9o                        <\/div>\r\n\r\n                    \r\n                    <div class=\"inner-text\">\r\n\r\n                        <h2><a href=\"https:\/\/www.cip-icu.ca\/fr\/learning-hub\/wtpd-2025-opening-remarks-indigenous-values-within-the-planning-process\/\">WTPD 2025 Opening Remarks &amp; Indigenous Values Within the Planning Process<\/a><\/h2>\r\n\r\n                        <div class=\"excerpt\">\r\n                            The Indigenous Design Guidelines at TMU show what\u2019s possible when institutions engageIndigenous communities meaningfully. Guided by \u201cNothing for us, without ... <a href=https:\/\/www.cip-icu.ca\/fr\/learning-hub\/wtpd-2025-opening-remarks-indigenous-values-within-the-planning-process\/>En savoir plus<\/a> \r\n                        <\/div>\r\n\r\n                        <div class=\"resource-tags\">\r\n                            R\u00e9conciliation, World Town Planning Day                        <\/div>\r\n\r\n                    <\/div>\r\n\r\n                <\/div>\r\n\r\n            <\/div>\r\n\r\n        <\/div><!-- #post-## -->\r\n\r\n\t\t\t\t<div id=\"resource-43082\" class=\"resource-item col-12 col-sm-12 col-md-6 col-lg-4 col-xl-4\" itemscope itemprop=\"blogPost\" itemtype=\"http:\/\/schema.org\/BlogPosting\" role=\"article\">\r\n\r\n            \r\n            <div class=\"resource-inner learning-resource-inner\">\r\n\r\n                <div class=\"learning-resource-text\">\r\n\r\n                    \r\n                    \r\n                        <div class=\"resource-cat\">\r\n                            Vid\u00e9o                        <\/div>\r\n\r\n                    \r\n                    <div class=\"inner-text\">\r\n\r\n                        <h2><a href=\"https:\/\/www.cip-icu.ca\/fr\/learning-hub\/wtpd-2025-making-the-invisible-visible\/\">WTPD 2025 Making the Invisible Visible<\/a><\/h2>\r\n\r\n                        <div class=\"excerpt\">\r\n                            Urban planning often overlooks marginalized groups. This session explores participatorymethods that surface hidden needs and empower overlooked voices\u2014from underrepresentedcommunities, youth ... <a href=https:\/\/www.cip-icu.ca\/fr\/learning-hub\/wtpd-2025-making-the-invisible-visible\/>En savoir plus<\/a> \r\n                        <\/div>\r\n\r\n                        <div class=\"resource-tags\">\r\n                            EDIA, World Town Planning Day                        <\/div>\r\n\r\n                    <\/div>\r\n\r\n                <\/div>\r\n\r\n            <\/div>\r\n\r\n        <\/div><!-- #post-## -->\r\n\r\n\t\t\t\t<div id=\"resource-43117\" class=\"resource-item col-12 col-sm-12 col-md-6 col-lg-4 col-xl-4\" itemscope itemprop=\"blogPost\" itemtype=\"http:\/\/schema.org\/BlogPosting\" role=\"article\">\r\n\r\n            \r\n            <div class=\"resource-inner learning-resource-inner\">\r\n\r\n                <div class=\"learning-resource-text\">\r\n\r\n                    \r\n                    \r\n                        <div class=\"resource-cat\">\r\n                            Vid\u00e9o                        <\/div>\r\n\r\n                    \r\n                    <div class=\"inner-text\">\r\n\r\n                        <h2><a href=\"https:\/\/www.cip-icu.ca\/fr\/learning-hub\/wtpd-2025-reframing-engagement\/\">WTPD 2025 Reframing Engagement<\/a><\/h2>\r\n\r\n                        <div class=\"excerpt\">\r\n                            Traditional community engagement processes often focus on identifying and fixing problems.This session introduces a transformative, strengths-based approach using AppreciativeInquiry to ... <a href=https:\/\/www.cip-icu.ca\/fr\/learning-hub\/wtpd-2025-reframing-engagement\/>En savoir plus<\/a> \r\n                        <\/div>\r\n\r\n                        <div class=\"resource-tags\">\r\n                            World Town Planning Day                        <\/div>\r\n\r\n                    <\/div>\r\n\r\n                <\/div>\r\n\r\n            <\/div>\r\n\r\n        <\/div><!-- #post-## -->\r\n\r\n\t\t\t\t<div id=\"resource-43089\" class=\"resource-item col-12 col-sm-12 col-md-6 col-lg-4 col-xl-4\" itemscope itemprop=\"blogPost\" itemtype=\"http:\/\/schema.org\/BlogPosting\" role=\"article\">\r\n\r\n            \r\n            <div class=\"resource-inner learning-resource-inner\">\r\n\r\n                <div class=\"learning-resource-text\">\r\n\r\n                    \r\n                    \r\n                        <div class=\"resource-cat\">\r\n                            Vid\u00e9o                        <\/div>\r\n\r\n                    \r\n                    <div class=\"inner-text\">\r\n\r\n                        <h2><a href=\"https:\/\/www.cip-icu.ca\/fr\/learning-hub\/wtpd-2025-fast-and-fun-sessions\/\">WTPD 2025 Fast and Fun Sessions<\/a><\/h2>\r\n\r\n                        <div class=\"excerpt\">\r\n                            Fast and Fun Presentations: Nicole Marchant: Bringing World Planning Day to the Community Andrew Tumusiimirwe: Integrating Climate-Resilient Infrastructure in Bugongi ... <a href=https:\/\/www.cip-icu.ca\/fr\/learning-hub\/wtpd-2025-fast-and-fun-sessions\/>En savoir plus<\/a> \r\n                        <\/div>\r\n\r\n                        <div class=\"resource-tags\">\r\n                            Changement climatique, Collectivit\u00e9s saines, EDIA, World Town Planning Day                        <\/div>\r\n\r\n                    <\/div>\r\n\r\n                <\/div>\r\n\r\n            <\/div>\r\n\r\n        <\/div><!-- #post-## -->\r\n\r\n\t\t\t\t<div id=\"resource-41608\" class=\"resource-item col-12 col-sm-12 col-md-6 col-lg-4 col-xl-4\" itemscope itemprop=\"blogPost\" itemtype=\"http:\/\/schema.org\/BlogPosting\" role=\"article\">\r\n\r\n            \r\n            <div class=\"resource-inner learning-resource-inner\">\r\n\r\n                <div class=\"learning-resource-text\">\r\n\r\n                    \r\n                    \r\n                        <div class=\"resource-cat\">\r\n                            Vid\u00e9o                        <\/div>\r\n\r\n                    \r\n                    <div class=\"inner-text\">\r\n\r\n                        <h2><a href=\"https:\/\/www.cip-icu.ca\/fr\/learning-hub\/wtpd-2025-fast-and-fun-sessions\/\">WTPD 2025 Fast and Fun Sessions<\/a><\/h2>\r\n\r\n                        <div class=\"excerpt\">\r\n                            \r\n                        <\/div>\r\n\r\n                        <div class=\"resource-tags\">\r\n                            World Town Planning Day                        <\/div>\r\n\r\n                    <\/div>\r\n\r\n                <\/div>\r\n\r\n            <\/div>\r\n\r\n        <\/div><!-- #post-## -->\r\n\r\n\t\t\t\t<div id=\"resource-41460\" class=\"resource-item col-12 col-sm-12 col-md-6 col-lg-4 col-xl-4\" itemscope itemprop=\"blogPost\" itemtype=\"http:\/\/schema.org\/BlogPosting\" role=\"article\">\r\n\r\n            \r\n            <div class=\"resource-inner learning-resource-inner\">\r\n\r\n                <div class=\"learning-resource-text\">\r\n\r\n                    \r\n                    \r\n                        <div class=\"resource-cat\">\r\n                            Document                        <\/div>\r\n\r\n                    \r\n                    <div class=\"inner-text\">\r\n\r\n                        <h2><a href=\"https:\/\/www.cip-icu.ca\/fr\/learning-hub\/plan-canada-issue-peoples-choice-planning-for-disruption\/\">Plan Canada Issue: People\u2019s Choice &#8211; Planning for Disruption<\/a><\/h2>\r\n\r\n                        <div class=\"excerpt\">\r\n                            Canadians are facing an evolving array of gradual and sudden economic, environmental, and social challenges, with disproportionate consequences across our ... <a href=https:\/\/www.cip-icu.ca\/fr\/learning-hub\/plan-canada-issue-peoples-choice-planning-for-disruption\/>En savoir plus<\/a> \r\n                        <\/div>\r\n\r\n                        <div class=\"resource-tags\">\r\n                            Changement climatique, Collectivit\u00e9s saines, Logement, Plan Canada, Soutien \u00e0 la carri\u00e8re                        <\/div>\r\n\r\n                    <\/div>\r\n\r\n                <\/div>\r\n\r\n            <\/div>\r\n\r\n        <\/div><!-- #post-## -->\r\n\r\n\t\t\r\n    <\/div>\r\n\r\n\r\n    <div class=\"pagination\">\r\n        <br \/><div class='wp-pagenavi' role='navigation'>\n<span class='pages'>Page 1 of 26<\/span><span aria-current='page' class='current'>1<\/span><a class=\"page larger\" title=\"Page 2\" href=\"https:\/\/www.cip-icu.ca\/fr\/ressources-du-centre-dapprentissage\/?sf_paged=2\">2<\/a><a class=\"page larger\" title=\"Page 3\" href=\"https:\/\/www.cip-icu.ca\/fr\/ressources-du-centre-dapprentissage\/?sf_paged=3\">3<\/a><a class=\"page larger\" title=\"Page 4\" href=\"https:\/\/www.cip-icu.ca\/fr\/ressources-du-centre-dapprentissage\/?sf_paged=4\">4<\/a><a class=\"page larger\" title=\"Page 5\" href=\"https:\/\/www.cip-icu.ca\/fr\/ressources-du-centre-dapprentissage\/?sf_paged=5\">5<\/a><span class='extend'>...<\/span><a class=\"nextpostslink\" rel=\"next\" aria-label=\"Next Page\" href=\"https:\/\/www.cip-icu.ca\/fr\/ressources-du-centre-dapprentissage\/?sf_paged=2\">&gt;<\/a><a class=\"last\" aria-label=\"Last Page\" href=\"https:\/\/www.cip-icu.ca\/fr\/ressources-du-centre-dapprentissage\/?sf_paged=26\">26 \u00bb<\/a>\n<\/div>    <\/div>\r\n\r\n\t<\/div>\n","protected":false},"excerpt":{"rendered":"<p>WINTER 2025, VOL. 65, NO. 4 Canadians are facing an evolving array of gradual and sudden economic, environmental, and social challenges, with disproportionate consequences across&hellip;<\/p>\n","protected":false},"author":12,"featured_media":0,"parent":0,"menu_order":0,"comment_status":"closed","ping_status":"closed","template":"","meta":{"_acf_changed":false,"footnotes":""},"class_list":["post-23280","page","type-page","status-publish","hentry"],"acf":[],"_links":{"self":[{"href":"https:\/\/www.cip-icu.ca\/fr\/wp-json\/wp\/v2\/pages\/23280","targetHints":{"allow":["GET"]}}],"collection":[{"href":"https:\/\/www.cip-icu.ca\/fr\/wp-json\/wp\/v2\/pages"}],"about":[{"href":"https:\/\/www.cip-icu.ca\/fr\/wp-json\/wp\/v2\/types\/page"}],"author":[{"embeddable":true,"href":"https:\/\/www.cip-icu.ca\/fr\/wp-json\/wp\/v2\/users\/12"}],"replies":[{"embeddable":true,"href":"https:\/\/www.cip-icu.ca\/fr\/wp-json\/wp\/v2\/comments?post=23280"}],"version-history":[{"count":3,"href":"https:\/\/www.cip-icu.ca\/fr\/wp-json\/wp\/v2\/pages\/23280\/revisions"}],"predecessor-version":[{"id":41727,"href":"https:\/\/www.cip-icu.ca\/fr\/wp-json\/wp\/v2\/pages\/23280\/revisions\/41727"}],"wp:attachment":[{"href":"https:\/\/www.cip-icu.ca\/fr\/wp-json\/wp\/v2\/media?parent=23280"}],"curies":[{"name":"wp","href":"https:\/\/api.w.org\/{rel}","templated":true}]}}