{"id":23798,"date":"2023-11-27T12:47:12","date_gmt":"2023-11-27T20:47:12","guid":{"rendered":"https:\/\/www.cip-icu.ca\/conference-nationale\/preinscription-a-connection-2024\/"},"modified":"2024-10-16T08:45:50","modified_gmt":"2024-10-16T15:45:50","slug":"preinscription-a-connection-2024","status":"publish","type":"page","link":"https:\/\/www.cip-icu.ca\/fr\/conference-nationale\/preinscription-a-connection-2024\/","title":{"rendered":"Pr\u00e9inscription \u00e0 CONNECTION 2024"},"content":{"rendered":"\n<div style=\"height:140px\" aria-hidden=\"true\" class=\"wp-block-spacer\"><\/div>\n\n<div class=\"wp-block-columns is-layout-flex wp-container-core-columns-is-layout-9d6595d7 wp-block-columns-is-layout-flex\">\n<div class=\"wp-block-column is-layout-flow wp-block-column-is-layout-flow\" style=\"flex-basis:60%\">\n<h3 class=\"wp-block-heading line-heading-full\">Conf\u00e9rence nationale<\/h3>\n\n\n\n<h1 class=\"wp-block-heading\"><strong><mark style=\"background-color:rgba(0, 0, 0, 0)\" class=\"has-inline-color has-accent-color\">Pr\u00e9inscription<\/mark><\/strong> \u00e0 CONNECTION 2024<\/h1>\n\n\n\n<p class=\"lede\">CIP is pleased to provide advance conference invoicing for CONNECTION 2024. Please note that you will receive an invoice upon submitting your form.<\/p>\n\n\n\n<div style=\"height:10px\" aria-hidden=\"true\" class=\"wp-block-spacer\"><\/div>\n\n\n\n<h2 class=\"wp-block-heading\">Comment proc\u00e9der \u00e0 sa pr\u00e9inscription <\/h2>\n\n\n\n<ul class=\"wp-block-list\">\n<li><strong>1re \u00e9tape :<\/strong> remplissez le formulaire ci-dessous en indiquant le type et le nombre de d\u00e9l\u00e9gu\u00e9s que vous souhaitez inscrire \u00e0 la conf\u00e9rence. <\/li>\n\n\n\n<li><strong>2e \u00e9tape :<\/strong> l\u2019ICU vous enverra une facture.<\/li>\n\n\n\n<li><strong>Step 3: <\/strong>When <strong>registration opens on March 6, 2024<\/strong>, you will receive a registration code to complete the registration process and select your schedule. At this time, learning tours and workshops will be available for an additional fee. <\/li>\n<\/ul>\n<\/div>\n\n\n\n<div class=\"wp-block-column is-layout-flow wp-block-column-is-layout-flow\" style=\"flex-basis:33.33%\">\n<figure class=\"wp-block-image size-large\"><img loading=\"lazy\" decoding=\"async\" width=\"1296\" height=\"1296\" src=\"https:\/\/www.cip-icu.ca\/wp-content\/uploads\/2023\/11\/Connection-logo_en-1296x1296.png\" alt=\"\" class=\"wp-image-23660\"\/><\/figure>\n<\/div>\n<\/div>\n\n<div style=\"height:25px\" aria-hidden=\"true\" class=\"wp-block-spacer\"><\/div>\n\n<h2 class=\"wp-block-heading\">Frais d\u2019inscription<\/h2>\n\n<figure class=\"wp-block-table\"><table class=\"mtr-table mtr-tr-td\"><tbody><tr><td data-mtr-content=\"Membres ICU (L\u00e8ve-t\u00f4t)\" class=\"mtr-td-tag\"><div class=\"mtr-cell-content\">Membres ICU (L\u00e8ve-t\u00f4t)<\/div><\/td><td data-mtr-content=\"$849\" class=\"mtr-td-tag\"><div class=\"mtr-cell-content\">$849<\/div><\/td><\/tr><tr><td data-mtr-content=\"Membres ICU (L\u00e8ve-t\u00f4t)\" class=\"mtr-td-tag\"><div class=\"mtr-cell-content\">Non-membres (L\u00e8ve-t\u00f4t)<\/div><\/td><td data-mtr-content=\"$849\" class=\"mtr-td-tag\"><div class=\"mtr-cell-content\">$1 049<\/div><\/td><\/tr><tr><td data-mtr-content=\"Membres ICU (L\u00e8ve-t\u00f4t)\" class=\"mtr-td-tag\"><div class=\"mtr-cell-content\">Membres \u00e9tudiants<\/div><\/td><td data-mtr-content=\"$849\" class=\"mtr-td-tag\"><div class=\"mtr-cell-content\">$299<\/div><\/td><\/tr><tr><td data-mtr-content=\"Membres ICU (L\u00e8ve-t\u00f4t)\" class=\"mtr-td-tag\"><div class=\"mtr-cell-content\">Membres retrait\u00e9s <\/div><\/td><td data-mtr-content=\"$849\" class=\"mtr-td-tag\"><div class=\"mtr-cell-content\">$299<\/div><\/td><\/tr><tr><td data-mtr-content=\"Membres ICU (L\u00e8ve-t\u00f4t)\" class=\"mtr-td-tag\"><div class=\"mtr-cell-content\">Non-membres retrait\u00e9s<\/div><\/td><td data-mtr-content=\"$849\" class=\"mtr-td-tag\"><div class=\"mtr-cell-content\">$499<\/div><\/td><\/tr><\/tbody><\/table><\/figure>\n\n<div style=\"height:40px\" aria-hidden=\"true\" class=\"wp-block-spacer\"><\/div>\n\n<h2 class=\"wp-block-heading\">Formulaire de pr\u00e9inscription <\/h2>\n\n<div style=\"height:40px\" aria-hidden=\"true\" class=\"wp-block-spacer\"><\/div>\n\n<p>CONNECTION 2024 offre l\u2019occasion de rejoindre un public engag\u00e9 et \u00e0 l\u2019\u00e9coute de d\u00e9cideurs politiques, de leaders de l\u2019industrie et de praticiens avant, pendant et apr\u00e8s la conf\u00e9rence. <a href=\"https:\/\/site.pheedloop.com\/event\/connection2024\/partners-exhibitors\/partnership\" target=\"_blank\" rel=\"noreferrer noopener\">Apprenez-en plus sur la possibilit\u00e9 de devenir partenaire et\/ou exposant ici.<\/a> <\/p>\n\n<div style=\"height:100px\" aria-hidden=\"true\" class=\"wp-block-spacer\"><\/div>\n","protected":false},"excerpt":{"rendered":"<p>CIP is pleased to provide advance conference invoicing for CONNECTION 2024. Please note that you will receive an invoice upon submitting your form. 1re \u00e9tape&hellip;<\/p>\n","protected":false},"author":14,"featured_media":0,"parent":22147,"menu_order":0,"comment_status":"closed","ping_status":"closed","template":"","meta":{"_acf_changed":false,"footnotes":""},"class_list":["post-23798","page","type-page","status-publish","hentry"],"acf":[],"_links":{"self":[{"href":"https:\/\/www.cip-icu.ca\/fr\/wp-json\/wp\/v2\/pages\/23798","targetHints":{"allow":["GET"]}}],"collection":[{"href":"https:\/\/www.cip-icu.ca\/fr\/wp-json\/wp\/v2\/pages"}],"about":[{"href":"https:\/\/www.cip-icu.ca\/fr\/wp-json\/wp\/v2\/types\/page"}],"author":[{"embeddable":true,"href":"https:\/\/www.cip-icu.ca\/fr\/wp-json\/wp\/v2\/users\/14"}],"replies":[{"embeddable":true,"href":"https:\/\/www.cip-icu.ca\/fr\/wp-json\/wp\/v2\/comments?post=23798"}],"version-history":[{"count":5,"href":"https:\/\/www.cip-icu.ca\/fr\/wp-json\/wp\/v2\/pages\/23798\/revisions"}],"predecessor-version":[{"id":30241,"href":"https:\/\/www.cip-icu.ca\/fr\/wp-json\/wp\/v2\/pages\/23798\/revisions\/30241"}],"up":[{"embeddable":true,"href":"https:\/\/www.cip-icu.ca\/fr\/wp-json\/wp\/v2\/pages\/22147"}],"wp:attachment":[{"href":"https:\/\/www.cip-icu.ca\/fr\/wp-json\/wp\/v2\/media?parent=23798"}],"curies":[{"name":"wp","href":"https:\/\/api.w.org\/{rel}","templated":true}]}}