{"id":24670,"date":"2023-12-28T10:05:08","date_gmt":"2023-12-28T18:05:08","guid":{"rendered":"https:\/\/www.cip-icu.ca\/comite-de-redaction\/application\/"},"modified":"2025-10-02T12:37:38","modified_gmt":"2025-10-02T19:37:38","slug":"comite-redaction-application","status":"publish","type":"page","link":"https:\/\/www.cip-icu.ca\/fr\/benevole\/comite-redaction-application\/","title":{"rendered":"Comit\u00e9 de r\u00e9daction de Plan Canada : Demande de b\u00e9n\u00e9volat"},"content":{"rendered":"\n<div style=\"height:140px\" aria-hidden=\"true\" class=\"wp-block-spacer\"><\/div>\n\n\n\n<div class=\"wp-block-columns are-vertically-aligned-center is-layout-flex wp-container-core-columns-is-layout-9d6595d7 wp-block-columns-is-layout-flex\">\n<div class=\"wp-block-column is-vertically-aligned-center is-layout-flow wp-block-column-is-layout-flow\" style=\"flex-basis:65%\">\n<h2 class=\"wp-block-heading line-heading-full\">Occasion de b\u00e9n\u00e9volat<\/h2>\n\n\n\n<h1 class=\"wp-block-heading\"><mark style=\"background-color:rgba(0, 0, 0, 0)\" class=\"has-inline-color has-accent-color\"><strong>Comit\u00e9 de r\u00e9daction<\/strong><\/mark> de Plan Canada <\/h1>\n\n\n\n<p class=\"lede\">Portez-vous volontaire et joignez-vous au <a href=\"https:\/\/www.cip-icu.ca\/fr\/comite-de-redaction\/\" data-type=\"page\" data-id=\"18544\">Comit\u00e9 de r\u00e9daction<\/a> de <em>Plan Canada<\/em>, dont le r\u00f4le est d\u2019y favoriser la publication d\u2019un contenu de haute qualit\u00e9, actuel, pertinent et passionnant sur l\u2019urbanisme.<\/p>\n\n\n\n<p>Pour en savoir plus sur le comit\u00e9, consultez son mandat <a href=\"https:\/\/www.cip-icu.ca\/wp-content\/uploads\/2025\/10\/Plan-Canada-Editorial-Committee-TOR-February-2024.pdf\" target=\"_blank\" rel=\"noreferrer noopener\">ici<\/a>.<\/p>\n\n\n\n<p>Pour que votre candidature soit prise en consid\u00e9ration, veuillez remplir et soumettre le formulaire en ligne avant <strong>7 novembre 2025, 23 h 59 HP<\/strong>.<\/p>\n\n\n\n<p><em>Veuillez noter que ce comit\u00e9 fonctionne en anglais. Par cons\u00e9quent, le mandat et le formulaire de candidature sont uniquement disponibles en anglais.<\/em> <\/p>\n<\/div>\n\n\n\n<div class=\"wp-block-column is-vertically-aligned-center is-layout-flow wp-block-column-is-layout-flow\" style=\"flex-basis:35%\"><\/div>\n<\/div>\n\n\n<div class=\"wpforms-container wpforms-block wpforms-block-755825f9-67da-4b6e-a085-a00515981f5c\" id=\"wpforms-24585\"><form id=\"wpforms-form-24585\" class=\"wpforms-validate wpforms-form wpforms-ajax-form\" data-formid=\"24585\" method=\"post\" enctype=\"multipart\/form-data\" action=\"\/fr\/wp-json\/wp\/v2\/pages\/24670?wpforms_form_id=24585\" data-token=\"9afb122605f6225cdf58dbf614a00707\" data-token-time=\"1776231004\"><noscript class=\"wpforms-error-noscript\">Please enable JavaScript in your browser to complete this form.<\/noscript><div class=\"wpforms-field-container\"><div id=\"wpforms-24585-field_1-container\" class=\"wpforms-field wpforms-field-name\" data-field-id=\"1\"><label class=\"wpforms-field-label\">Name <span class=\"wpforms-required-label\">*<\/span><\/label><div class=\"wpforms-field-row wpforms-field-medium\"><div class=\"wpforms-field-row-block wpforms-first wpforms-one-half\"><input type=\"text\" id=\"wpforms-24585-field_1\" class=\"wpforms-field-name-first wpforms-field-required\" name=\"wpforms[fields][1][first]\" required><label for=\"wpforms-24585-field_1\" class=\"wpforms-field-sublabel after\">First<\/label><\/div><div class=\"wpforms-field-row-block wpforms-one-half\"><input type=\"text\" id=\"wpforms-24585-field_1-last\" class=\"wpforms-field-name-last wpforms-field-required\" name=\"wpforms[fields][1][last]\" required><label for=\"wpforms-24585-field_1-last\" class=\"wpforms-field-sublabel after\">Last<\/label><\/div><\/div><\/div><div id=\"wpforms-24585-field_20-container\" class=\"wpforms-field wpforms-field-layout\" data-field-id=\"20\"><div class=\"wpforms-field-layout-columns wpforms-field-layout-preset-50-50\"><div class=\"wpforms-layout-column wpforms-layout-column-50\" ><div id=\"wpforms-24585-field_3-container\" class=\"wpforms-field wpforms-field-email\" data-field-id=\"3\"><label class=\"wpforms-field-label\" for=\"wpforms-24585-field_3\">Email <span class=\"wpforms-required-label\">*<\/span><\/label><input type=\"email\" id=\"wpforms-24585-field_3\" class=\"wpforms-field-medium wpforms-field-required\" name=\"wpforms[fields][3]\" spellcheck=\"false\" required><\/div><div id=\"wpforms-24585-field_27-container\" class=\"wpforms-field wpforms-field-text\" data-field-id=\"27\"><label class=\"wpforms-field-label\" for=\"wpforms-24585-field_27\">Job Title <span class=\"wpforms-required-label\">*<\/span><\/label><input type=\"text\" id=\"wpforms-24585-field_27\" class=\"wpforms-field-medium wpforms-field-required\" name=\"wpforms[fields][27]\" required><\/div><div id=\"wpforms-24585-field_21-container\" class=\"wpforms-field wpforms-field-text\" data-field-id=\"21\"><label class=\"wpforms-field-label\" for=\"wpforms-24585-field_21\">City<\/label><input type=\"text\" id=\"wpforms-24585-field_21\" class=\"wpforms-field-medium\" name=\"wpforms[fields][21]\" ><\/div><\/div><div class=\"wpforms-layout-column wpforms-layout-column-50\" ><div id=\"wpforms-24585-field_6-container\" class=\"wpforms-field wpforms-field-phone\" data-field-id=\"6\"><label class=\"wpforms-field-label\" for=\"wpforms-24585-field_6\">Phone<\/label><input type=\"tel\" id=\"wpforms-24585-field_6\" class=\"wpforms-field-medium wpforms-smart-phone-field\" data-rule-smart-phone-field=\"true\" name=\"wpforms[fields][6]\" aria-label=\"Phone\" ><\/div><div id=\"wpforms-24585-field_28-container\" class=\"wpforms-field wpforms-field-text\" data-field-id=\"28\"><label class=\"wpforms-field-label\" for=\"wpforms-24585-field_28\">Organization<\/label><input type=\"text\" id=\"wpforms-24585-field_28\" class=\"wpforms-field-medium\" name=\"wpforms[fields][28]\" ><\/div><div id=\"wpforms-24585-field_22-container\" class=\"wpforms-field wpforms-field-text\" data-field-id=\"22\"><label class=\"wpforms-field-label\" for=\"wpforms-24585-field_22\">Province\/Territory <span class=\"wpforms-required-label\">*<\/span><\/label><input type=\"text\" id=\"wpforms-24585-field_22\" class=\"wpforms-field-medium wpforms-field-required\" name=\"wpforms[fields][22]\" required><\/div><\/div><\/div><\/div><div id=\"wpforms-24585-field_30-container\" class=\"wpforms-field wpforms-field-layout\" data-field-id=\"30\"><div class=\"wpforms-field-layout-rows wpforms-field-large\"><div class=\"wpforms-layout-row\"><div class=\"wpforms-layout-column wpforms-layout-column-50\"><div id=\"wpforms-24585-field_7-container\" class=\"wpforms-field wpforms-field-select wpforms-field-select-style-classic\" data-field-id=\"7\"><label class=\"wpforms-field-label\" for=\"wpforms-24585-field_7\">CIP Membership <span class=\"wpforms-required-label\">*<\/span><\/label><select id=\"wpforms-24585-field_7\" class=\"wpforms-field-medium wpforms-field-required\" name=\"wpforms[fields][7]\" required=\"required\"><option value=\"Student Member\"  class=\"choice-1 depth-1\"  >Student Member<\/option><option value=\"Pre-Candidate Member\"  class=\"choice-2 depth-1\"  >Pre-Candidate Member<\/option><option value=\"Candidate Member\"  class=\"choice-3 depth-1\"  >Candidate Member<\/option><option value=\"Professional Member (MCIP\u00ae)\"  class=\"choice-4 depth-1\"  >Professional Member (MCIP\u00ae)<\/option><option value=\"Retired Member\"  class=\"choice-5 depth-1\"  >Retired Member<\/option><option value=\"International Professional Member (MCIP-I)\"  class=\"choice-6 depth-1\"  >International Professional Member (MCIP-I)<\/option><option value=\"Public Subscriber\"  class=\"choice-7 depth-1\"  >Public Subscriber<\/option><option value=\"Not a member\"  class=\"choice-8 depth-1\"  >Not a member<\/option><\/select><\/div><\/div><div class=\"wpforms-layout-column wpforms-layout-column-50\"><div id=\"wpforms-24585-field_32-container\" class=\"wpforms-field wpforms-field-checkbox\" data-field-id=\"32\"><label class=\"wpforms-field-label\">Language  <span class=\"wpforms-required-label\">*<\/span><\/label><ul id=\"wpforms-24585-field_32\" class=\"wpforms-field-required\"><li class=\"choice-1 depth-1\"><input type=\"checkbox\" id=\"wpforms-24585-field_32_1\" name=\"wpforms[fields][32][]\" value=\"English\" required ><label class=\"wpforms-field-label-inline\" for=\"wpforms-24585-field_32_1\">English<\/label><\/li><li class=\"choice-2 depth-1\"><input type=\"checkbox\" id=\"wpforms-24585-field_32_2\" name=\"wpforms[fields][32][]\" value=\"French\" required ><label class=\"wpforms-field-label-inline\" for=\"wpforms-24585-field_32_2\">French<\/label><\/li><\/ul><div class=\"wpforms-field-description\">Plan Canada is a bilingual magazine. While the Editorial Committee operates in English, we welcome and encourage article submissions in French. Please indicate the languages you are comfortable working in. | Plan Canada est un magazine bilingue. Bien que le comit\u00e9 de r\u00e9daction travaille en anglais, nous acceptons et encourageons les soumissions d&#8217;articles en fran\u00e7ais. Veuillez indiquer les langues dans lesquelles vous \u00eates \u00e0 l&#8217;aise de travailler. <\/div><\/div><\/div><\/div><div class=\"wpforms-layout-row\"><div class=\"wpforms-layout-column wpforms-layout-column-50\"><div id=\"wpforms-24585-field_29-container\" class=\"wpforms-field wpforms-field-checkbox\" data-field-id=\"29\"><label class=\"wpforms-field-label\">Designations<\/label><ul id=\"wpforms-24585-field_29\"><li class=\"choice-1 depth-1\"><input type=\"checkbox\" id=\"wpforms-24585-field_29_1\" name=\"wpforms[fields][29][]\" value=\"RPP\"  ><label class=\"wpforms-field-label-inline\" for=\"wpforms-24585-field_29_1\">RPP<\/label><\/li><li class=\"choice-2 depth-1\"><input type=\"checkbox\" id=\"wpforms-24585-field_29_2\" name=\"wpforms[fields][29][]\" value=\"LPP\"  ><label class=\"wpforms-field-label-inline\" for=\"wpforms-24585-field_29_2\">LPP<\/label><\/li><li class=\"choice-3 depth-1\"><input type=\"checkbox\" id=\"wpforms-24585-field_29_3\" name=\"wpforms[fields][29][]\" value=\"urbaniste\"  ><label class=\"wpforms-field-label-inline\" for=\"wpforms-24585-field_29_3\">urbaniste<\/label><\/li><li class=\"choice-4 depth-1\"><input type=\"checkbox\" id=\"wpforms-24585-field_29_4\" name=\"wpforms[fields][29][]\" value=\"MCIP\"  ><label class=\"wpforms-field-label-inline\" for=\"wpforms-24585-field_29_4\">MCIP<\/label><\/li><li class=\"choice-5 depth-1\"><input type=\"checkbox\" id=\"wpforms-24585-field_29_5\" name=\"wpforms[fields][29][]\" value=\"FCIP\"  ><label class=\"wpforms-field-label-inline\" for=\"wpforms-24585-field_29_5\">FCIP<\/label><\/li><\/ul><\/div><\/div><div class=\"wpforms-layout-column wpforms-layout-column-50\"><div id=\"wpforms-24585-field_33-container\" class=\"wpforms-field wpforms-field-radio\" data-field-id=\"33\"><label class=\"wpforms-field-label\">I identify as a member of an equity-deserving group: <span class=\"wpforms-required-label\">*<\/span><\/label><ul id=\"wpforms-24585-field_33\" class=\"wpforms-field-required\"><li class=\"choice-1 depth-1\"><input type=\"radio\" id=\"wpforms-24585-field_33_1\" name=\"wpforms[fields][33]\" value=\"Yes\" required ><label class=\"wpforms-field-label-inline\" for=\"wpforms-24585-field_33_1\">Yes<\/label><\/li><li class=\"choice-2 depth-1\"><input type=\"radio\" id=\"wpforms-24585-field_33_2\" name=\"wpforms[fields][33]\" value=\"No\" required ><label class=\"wpforms-field-label-inline\" for=\"wpforms-24585-field_33_2\">No<\/label><\/li><li class=\"choice-4 depth-1\"><input type=\"radio\" id=\"wpforms-24585-field_33_4\" name=\"wpforms[fields][33]\" value=\"Prefer not to answer\" required ><label class=\"wpforms-field-label-inline\" for=\"wpforms-24585-field_33_4\">Prefer not to answer<\/label><\/li><\/ul><\/div><\/div><\/div><div class=\"wpforms-layout-row\"><div class=\"wpforms-layout-column wpforms-layout-column-50\"><\/div><div class=\"wpforms-layout-column wpforms-layout-column-50\"><div id=\"wpforms-24585-field_34-container\" class=\"wpforms-field wpforms-field-radio\" data-field-id=\"34\"><label class=\"wpforms-field-label\">I identify as an Indigenous person (First Nations, M\u00e9tis or Inuit):  <span class=\"wpforms-required-label\">*<\/span><\/label><ul id=\"wpforms-24585-field_34\" class=\"wpforms-field-required\"><li class=\"choice-1 depth-1\"><input type=\"radio\" id=\"wpforms-24585-field_34_1\" name=\"wpforms[fields][34]\" value=\"Yes\" required ><label class=\"wpforms-field-label-inline\" for=\"wpforms-24585-field_34_1\">Yes<\/label><\/li><li class=\"choice-2 depth-1\"><input type=\"radio\" id=\"wpforms-24585-field_34_2\" name=\"wpforms[fields][34]\" value=\"No\" required ><label class=\"wpforms-field-label-inline\" for=\"wpforms-24585-field_34_2\">No<\/label><\/li><li class=\"choice-4 depth-1\"><input type=\"radio\" id=\"wpforms-24585-field_34_4\" name=\"wpforms[fields][34]\" value=\"Prefer not to answer\" required ><label class=\"wpforms-field-label-inline\" for=\"wpforms-24585-field_34_4\">Prefer not to answer<\/label><\/li><\/ul><\/div><\/div><\/div><\/div><\/div><div id=\"wpforms-24585-field_35-container\" class=\"wpforms-field wpforms-field-radio\" data-field-id=\"35\"><label class=\"wpforms-field-label\">Have you previously volunteered with either your PTIA or CIP? <\/label><ul id=\"wpforms-24585-field_35\"><li class=\"choice-1 depth-1\"><input type=\"radio\" id=\"wpforms-24585-field_35_1\" name=\"wpforms[fields][35]\" value=\"Yes\"  ><label class=\"wpforms-field-label-inline\" for=\"wpforms-24585-field_35_1\">Yes<\/label><\/li><li class=\"choice-2 depth-1\"><input type=\"radio\" id=\"wpforms-24585-field_35_2\" name=\"wpforms[fields][35]\" value=\"No\"  ><label class=\"wpforms-field-label-inline\" for=\"wpforms-24585-field_35_2\">No<\/label><\/li><\/ul><\/div><div id=\"wpforms-24585-field_37-container\" class=\"wpforms-field wpforms-field-text\" data-field-id=\"37\"><label class=\"wpforms-field-label\" for=\"wpforms-24585-field_37\">Please list any other volunteer committees you are currently a member of:<\/label><input type=\"text\" id=\"wpforms-24585-field_37\" class=\"wpforms-field-medium\" name=\"wpforms[fields][37]\" ><\/div><div id=\"wpforms-24585-field_13-container\" class=\"wpforms-field wpforms-field-textarea\" data-field-id=\"13\"><label class=\"wpforms-field-label\" for=\"wpforms-24585-field_13\">In bullet point format, please tell us why you are interested in this particular volunteer experience <span class=\"wpforms-required-label\">*<\/span><\/label><textarea id=\"wpforms-24585-field_13\" class=\"wpforms-field-medium wpforms-field-required\" name=\"wpforms[fields][13]\" required><\/textarea><\/div><div id=\"wpforms-24585-field_12-container\" class=\"wpforms-field wpforms-field-textarea\" data-field-id=\"12\"><label class=\"wpforms-field-label\" for=\"wpforms-24585-field_12\">Short Biography (Please note that this short bio may be used in communications such as the CIP website). <span class=\"wpforms-required-label\">*<\/span><\/label><textarea id=\"wpforms-24585-field_12\" class=\"wpforms-field-medium wpforms-field-required wpforms-limit-characters-enabled\" data-form-id=\"24585\" data-field-id=\"12\" data-text-limit=\"150\" name=\"wpforms[fields][12]\" maxlength=\"150\" required><\/textarea><\/div><div id=\"wpforms-24585-field_11-container\" class=\"wpforms-field wpforms-field-file-upload\" data-field-id=\"11\"><label class=\"wpforms-field-label\" for=\"wpforms-24585-field_11\"> (Please note that this photo may be used in conference materials). <span class=\"wpforms-required-label\">*<\/span><\/label><div\n\t\tclass=\"wpforms-uploader wpforms-field-required\"\n\t\tdata-field-id=\"11\"\n\t\tdata-form-id=\"24585\"\n\t\tdata-input-name=\"wpforms_24585_11\"\n\t\tdata-extensions=\"jpg,jpeg,jpe,gif,png,bmp,tiff,tif,webp,avif,ico,heic,heif,heics,heifs,asf,asx,wmv,wmx,wm,avi,divx,mov,qt,mpeg,mpg,mpe,mp4,m4v,ogv,webm,mkv,3gp,3gpp,3g2,3gp2,txt,asc,c,cc,h,srt,csv,tsv,ics,rtx,css,vtt,mp3,m4a,m4b,aac,ra,ram,wav,x-wav,ogg,oga,flac,mid,midi,wma,wax,mka,rtf,pdf,class,tar,zip,gz,gzip,rar,7z,psd,xcf,doc,pot,pps,ppt,wri,xla,xls,xlt,xlw,mpp,docx,docm,dotx,dotm,xlsx,xlsm,xlsb,xltx,xltm,xlam,pptx,pptm,ppsx,ppsm,potx,potm,ppam,sldx,sldm,onetoc,onetoc2,onepkg,oxps,xps,odt,odp,ods,odg,odc,odb,odf,wp,wpd,key,numbers,pages\"\n\t\tdata-max-size=\"209715200\"\n\t\tdata-max-file-number=\"1\"\n\t\tdata-post-max-size=\"209715200\"\n\t\tdata-max-parallel-uploads=\"4\"\n\t\tdata-parallel-uploads=\"true\"\n\t\tdata-file-chunk-size=\"2097152\">\n\t<div class=\"dz-message\">\n\t\t<svg  viewBox=\"0 0 640 640\" focusable=\"false\" data-icon=\"inbox\" width=\"50px\" height=\"50px\" fill=\"currentColor\" aria-hidden=\"true\">\n\t\t\t<path d=\"M352 173.3L352 384C352 401.7 337.7 416 320 416C302.3 416 288 401.7 288 384L288 173.3L246.6 214.7C234.1 227.2 213.8 227.2 201.3 214.7C188.8 202.2 188.8 181.9 201.3 169.4L297.3 73.4C309.8 60.9 330.1 60.9 342.6 73.4L438.6 169.4C451.1 181.9 451.1 202.2 438.6 214.7C426.1 227.2 405.8 227.2 393.3 214.7L352 173.3zM320 464C364.2 464 400 428.2 400 384L480 384C515.3 384 544 412.7 544 448L544 480C544 515.3 515.3 544 480 544L160 544C124.7 544 96 515.3 96 480L96 448C96 412.7 124.7 384 160 384L240 384C240 428.2 275.8 464 320 464zM464 488C477.3 488 488 477.3 488 464C488 450.7 477.3 440 464 440C450.7 440 440 450.7 440 464C440 477.3 450.7 488 464 488z\"\/>\n\t\t<\/svg>\n\n\t\t<span class=\"modern-title\">\n\t\t\t\t\t\t\tDrag &amp; Drop Files, \t\t\t\t<span>Choose Files to Upload<\/span>\n\t\t\t\t\t<\/span>\n\n\t\t\t<\/div>\n<\/div>\n\n<input\n\t\ttype=\"text\"\n\t\tautocomplete=\"off\"\n\t\treadonly\n\t\tclass=\"dropzone-input\"\n\t\tstyle=\"position:absolute!important;clip:rect(0,0,0,0)!important;height:1px!important;width:1px!important;border:0!important;overflow:hidden!important;padding:0!important;margin:0!important;\"\n\t\tid=\"wpforms-24585-field_11\"\n\t\tname=\"wpforms_24585_11\" required\t\tvalue=\"\">\n<\/div><div id=\"wpforms-24585-field_10-container\" class=\"wpforms-field wpforms-field-url\" data-field-id=\"10\"><label class=\"wpforms-field-label\" for=\"wpforms-24585-field_10\">LinkedIn profile<\/label><input type=\"url\" id=\"wpforms-24585-field_10\" class=\"wpforms-field-medium\" name=\"wpforms[fields][10]\" ><\/div><div id=\"wpforms-24585-field_38-container\" class=\"wpforms-field wpforms-field-radio\" data-field-id=\"38\"><label class=\"wpforms-field-label\">If not selected at this time, I consent that CIP may keep my application on file for 12 months for consideration of any similar position vacancies: <span class=\"wpforms-required-label\">*<\/span><\/label><ul id=\"wpforms-24585-field_38\" class=\"wpforms-field-required\"><li class=\"choice-1 depth-1\"><input type=\"radio\" id=\"wpforms-24585-field_38_1\" name=\"wpforms[fields][38]\" value=\"Yes\" required ><label class=\"wpforms-field-label-inline\" for=\"wpforms-24585-field_38_1\">Yes<\/label><\/li><li class=\"choice-2 depth-1\"><input type=\"radio\" id=\"wpforms-24585-field_38_2\" name=\"wpforms[fields][38]\" value=\"No\" required ><label class=\"wpforms-field-label-inline\" for=\"wpforms-24585-field_38_2\">No<\/label><\/li><\/ul><\/div><\/div><!-- .wpforms-field-container --><div class=\"wpforms-submit-container\" ><input type=\"hidden\" name=\"wpforms[id]\" value=\"24585\"><input type=\"hidden\" name=\"page_title\" value=\"\"><input type=\"hidden\" name=\"page_url\" value=\"https:\/\/www.cip-icu.ca\/fr\/wp-json\/wp\/v2\/pages\/24670\"><input type=\"hidden\" name=\"url_referer\" value=\"\"><button type=\"submit\" name=\"wpforms[submit]\" id=\"wpforms-submit-24585\" class=\"wpforms-submit\" data-alt-text=\"Sending...\" data-submit-text=\"Submit\" aria-live=\"assertive\" value=\"wpforms-submit\">Submit<\/button><img loading=\"lazy\" decoding=\"async\" src=\"https:\/\/www.cip-icu.ca\/wp-content\/plugins\/wpforms\/assets\/images\/submit-spin.svg\" class=\"wpforms-submit-spinner\" style=\"display: none;\" width=\"26\" height=\"26\" alt=\"Loading\"><\/div><\/form><\/div>  <!-- .wpforms-container -->\n\n\n<div style=\"height:60px\" aria-hidden=\"true\" class=\"wp-block-spacer\"><\/div>\n","protected":false},"excerpt":{"rendered":"<p>Portez-vous volontaire et joignez-vous au Comit\u00e9 de r\u00e9daction de Plan Canada, dont le r\u00f4le est d\u2019y favoriser la publication d\u2019un contenu de haute qualit\u00e9, actuel, pertinent et passionnant sur l\u2019urbanisme.<\/p>\n","protected":false},"author":14,"featured_media":38839,"parent":22136,"menu_order":0,"comment_status":"closed","ping_status":"closed","template":"","meta":{"_acf_changed":false,"footnotes":""},"class_list":["post-24670","page","type-page","status-publish","has-post-thumbnail","hentry"],"acf":[],"_links":{"self":[{"href":"https:\/\/www.cip-icu.ca\/fr\/wp-json\/wp\/v2\/pages\/24670","targetHints":{"allow":["GET"]}}],"collection":[{"href":"https:\/\/www.cip-icu.ca\/fr\/wp-json\/wp\/v2\/pages"}],"about":[{"href":"https:\/\/www.cip-icu.ca\/fr\/wp-json\/wp\/v2\/types\/page"}],"author":[{"embeddable":true,"href":"https:\/\/www.cip-icu.ca\/fr\/wp-json\/wp\/v2\/users\/14"}],"replies":[{"embeddable":true,"href":"https:\/\/www.cip-icu.ca\/fr\/wp-json\/wp\/v2\/comments?post=24670"}],"version-history":[{"count":8,"href":"https:\/\/www.cip-icu.ca\/fr\/wp-json\/wp\/v2\/pages\/24670\/revisions"}],"predecessor-version":[{"id":39693,"href":"https:\/\/www.cip-icu.ca\/fr\/wp-json\/wp\/v2\/pages\/24670\/revisions\/39693"}],"up":[{"embeddable":true,"href":"https:\/\/www.cip-icu.ca\/fr\/wp-json\/wp\/v2\/pages\/22136"}],"wp:featuredmedia":[{"embeddable":true,"href":"https:\/\/www.cip-icu.ca\/fr\/wp-json\/wp\/v2\/media\/38839"}],"wp:attachment":[{"href":"https:\/\/www.cip-icu.ca\/fr\/wp-json\/wp\/v2\/media?parent=24670"}],"curies":[{"name":"wp","href":"https:\/\/api.w.org\/{rel}","templated":true}]}}