{"id":25061,"date":"2025-02-10T06:55:15","date_gmt":"2025-02-10T11:55:15","guid":{"rendered":"https:\/\/www.cip-icu.ca\/plan-canada\/ete-2024\/"},"modified":"2026-03-16T12:28:58","modified_gmt":"2026-03-16T16:28:58","slug":"ete","status":"publish","type":"page","link":"https:\/\/www.cip-icu.ca\/fr\/plan-canada\/ete\/","title":{"rendered":"\u00c9t\u00e9"},"content":{"rendered":"\n<div style=\"height:140px\" aria-hidden=\"true\" class=\"wp-block-spacer\"><\/div>\n\n\n\n<div class=\"wp-block-columns are-vertically-aligned-center is-layout-flex wp-container-core-columns-is-layout-9d6595d7 wp-block-columns-is-layout-flex\">\n<div class=\"wp-block-column is-vertically-aligned-center is-layout-flow wp-block-column-is-layout-flow\" style=\"flex-basis:60%\">\n<h2 class=\"wp-block-heading line-heading-full\">Plan Canada \u00c9t\u00e9 2026 <\/h2>\n\n\n\n<h1 class=\"wp-block-heading\">Investir dans l&#8217;avenir du Canada <\/h1>\n\n\n\n<h3 class=\"wp-block-heading\">Repenser la fa\u00e7on dont nous finan\u00e7ons la croissance<\/h3>\n\n\n\n<p class=\"lede\">Depuis qu&#8217;elle a franchi le cap des 40 millions d&#8217;habitants en 2023, la population canadienne a continu\u00e9 de cro\u00eetre rapidement, ce qui a des r\u00e9percussions importantes sur l\u2019urbanisme. La croissance ne se limitant pas aux grandes r\u00e9gions m\u00e9tropolitaines du Canada, les collectivit\u00e9s de toutes tailles sont confront\u00e9es aux d\u00e9fis et aux possibilit\u00e9s li\u00e9s \u00e0 l&#8217;expansion d\u00e9mographique.<\/p>\n\n\n\n<p>Avec cette croissance, les collectivit\u00e9s sont confront\u00e9es \u00e0 une demande accrue de logements, de terrains commerciaux et d&#8217;emplois, d&#8217;un plus large \u00e9ventail d&#8217;options de transport, d&#8217;\u00e9quipements et de services publics, ainsi que d&#8217;infrastructures sociales, tout en devant assumer leurs responsabilit\u00e9s sociales, environnementales et \u00e9conomiques.<\/p>\n<\/div>\n\n\n\n<div class=\"wp-block-column is-layout-flow wp-block-column-is-layout-flow\" style=\"flex-basis:40%\">\n<div style=\"height:24px\" aria-hidden=\"true\" class=\"wp-block-spacer\"><\/div>\n\n\n\n<figure class=\"wp-block-image size-full is-resized\"><img loading=\"lazy\" decoding=\"async\" width=\"940\" height=\"788\" src=\"https:\/\/www.cip-icu.ca\/wp-content\/uploads\/2026\/02\/2026-Summer-Plan-Canada-FR.png\" alt=\"\" class=\"wp-image-42986\" style=\"aspect-ratio:1.192942515651679;width:400px;height:auto\" srcset=\"https:\/\/www.cip-icu.ca\/wp-content\/uploads\/2026\/02\/2026-Summer-Plan-Canada-FR.png 940w, https:\/\/www.cip-icu.ca\/wp-content\/uploads\/2026\/02\/2026-Summer-Plan-Canada-FR-636x533.png 636w, https:\/\/www.cip-icu.ca\/wp-content\/uploads\/2026\/02\/2026-Summer-Plan-Canada-FR-768x644.png 768w, https:\/\/www.cip-icu.ca\/wp-content\/uploads\/2026\/02\/2026-Summer-Plan-Canada-FR-600x503.png 600w\" sizes=\"auto, (max-width: 940px) 100vw, 940px\" \/><\/figure>\n<\/div>\n<\/div>\n\n\n\n<p>Cela soul\u00e8ve une question fondamentale et urgente : <strong>alors que les collectivit\u00e9s canadiennes continuent de cro\u00eetre, comment financer les infrastructures et les services n\u00e9cessaires pour r\u00e9pondre aux pressions li\u00e9es \u00e0 la croissance et, tout aussi important, qui doit en assumer le co\u00fbt?<\/strong> <\/p>\n\n\n\n<p>Le num\u00e9ro d&#8217;\u00e9t\u00e9 de Plan Canada invite les contributeurs \u00e0 examiner de mani\u00e8re critique les structures financi\u00e8res, institutionnelles et politiques de la croissance dans les collectivit\u00e9s canadiennes. Alors que les outils de financement traditionnels, notamment les imp\u00f4ts fonciers, les frais de d\u00e9veloppement, les frais d&#8217;utilisation et les transferts des gouvernements sup\u00e9rieurs, sont mis \u00e0 rude \u00e9preuve ou contest\u00e9s, les urbanistes doivent faire des compromis de plus en plus difficiles en mati\u00e8re de financement de la croissance. <\/p>\n\n\n\n<p>Nous recherchons des articles qui explorent comment la croissance est actuellement financ\u00e9e, comment les pratiques existantes en mati\u00e8re de planification et de financement de la croissance sont remises en question, et quels mod\u00e8les alternatifs ou r\u00e9formes sp\u00e9cifiques pourraient mieux aligner les objectifs de planification sur les r\u00e9alit\u00e9s fiscales de plus en plus marqu\u00e9es par l&#8217;aust\u00e9rit\u00e9.<\/p>\n\n\n\n<p><strong>Date limite : 15 mars 2026 \u00e0 23 h 59 HP<\/strong> <\/p>\n\n\n\n<div style=\"height:40px\" aria-hidden=\"true\" class=\"wp-block-spacer\"><\/div>\n\n\n\n<h4 class=\"wp-block-heading\">La soumission d&#8217;articles est d\u00e9sormais ferm\u00e9e.<\/h4>\n\n\n\n<div style=\"height:60px\" aria-hidden=\"true\" class=\"wp-block-spacer\"><\/div>\n","protected":false},"excerpt":{"rendered":"<p>Le num\u00e9ro d&#8217;\u00e9t\u00e9 de Plan Canada invite les contributeurs \u00e0 examiner de mani\u00e8re critique les structures financi\u00e8res, institutionnelles et politiques de la croissance dans les collectivit\u00e9s canadiennes. <\/p>\n","protected":false},"author":14,"featured_media":42986,"parent":22153,"menu_order":0,"comment_status":"closed","ping_status":"closed","template":"","meta":{"_acf_changed":false,"footnotes":""},"class_list":["post-25061","page","type-page","status-publish","has-post-thumbnail","hentry"],"acf":[],"_links":{"self":[{"href":"https:\/\/www.cip-icu.ca\/fr\/wp-json\/wp\/v2\/pages\/25061","targetHints":{"allow":["GET"]}}],"collection":[{"href":"https:\/\/www.cip-icu.ca\/fr\/wp-json\/wp\/v2\/pages"}],"about":[{"href":"https:\/\/www.cip-icu.ca\/fr\/wp-json\/wp\/v2\/types\/page"}],"author":[{"embeddable":true,"href":"https:\/\/www.cip-icu.ca\/fr\/wp-json\/wp\/v2\/users\/14"}],"replies":[{"embeddable":true,"href":"https:\/\/www.cip-icu.ca\/fr\/wp-json\/wp\/v2\/comments?post=25061"}],"version-history":[{"count":25,"href":"https:\/\/www.cip-icu.ca\/fr\/wp-json\/wp\/v2\/pages\/25061\/revisions"}],"predecessor-version":[{"id":43753,"href":"https:\/\/www.cip-icu.ca\/fr\/wp-json\/wp\/v2\/pages\/25061\/revisions\/43753"}],"up":[{"embeddable":true,"href":"https:\/\/www.cip-icu.ca\/fr\/wp-json\/wp\/v2\/pages\/22153"}],"wp:featuredmedia":[{"embeddable":true,"href":"https:\/\/www.cip-icu.ca\/fr\/wp-json\/wp\/v2\/media\/42986"}],"wp:attachment":[{"href":"https:\/\/www.cip-icu.ca\/fr\/wp-json\/wp\/v2\/media?parent=25061"}],"curies":[{"name":"wp","href":"https:\/\/api.w.org\/{rel}","templated":true}]}}