{"id":26279,"date":"2024-03-11T06:45:27","date_gmt":"2024-03-11T10:45:27","guid":{"rendered":"https:\/\/www.cip-icu.ca\/plan-canada\/automne-2024\/"},"modified":"2026-03-20T12:09:54","modified_gmt":"2026-03-20T16:09:54","slug":"automne","status":"publish","type":"page","link":"https:\/\/www.cip-icu.ca\/fr\/plan-canada\/automne\/","title":{"rendered":"Automne"},"content":{"rendered":"\n<div style=\"height:100px\" aria-hidden=\"true\" class=\"wp-block-spacer\"><\/div>\n\n\n\n<div class=\"wp-block-columns are-vertically-aligned-center is-layout-flex wp-container-core-columns-is-layout-9d6595d7 wp-block-columns-is-layout-flex\">\n<div class=\"wp-block-column is-vertically-aligned-center is-layout-flow wp-block-column-is-layout-flow\" style=\"flex-basis:65%\">\n<h2 class=\"wp-block-heading line-heading-full\">Plan Canada, num\u00e9ro d&#8217;automne 2026<\/h2>\n\n\n\n<h1 class=\"wp-block-heading\">Intensification : densification intercalaire, r\u00e9am\u00e9nagement et r\u00e9utilisation adaptative<\/h1>\n\n\n\n<h4 class=\"wp-block-heading\">Quel r\u00f4le l\u2019intensification jouera-t-elle dans l&#8217;\u00e9volution des communaut\u00e9s canadiennes?<\/h4>\n\n\n\n<p class=\"lede\">Au cours du XXe si\u00e8cle, le d\u00e9veloppement p\u00e9riph\u00e9rique ou en banlieue a constitu\u00e9 le mod\u00e8le de croissance pr\u00e9dominant, et ce malgr\u00e9 une prise de conscience accrue de ses nombreux co\u00fbts et externalit\u00e9s. Parall\u00e8lement, la densification, c\u2019est-\u00e0-dire la concentration du d\u00e9veloppement et de la croissance au sein de quartiers existants et matures, est devenue une strat\u00e9gie d\u2019am\u00e9nagement courante, car elle permet d\u2019accueillir la croissance et le d\u00e9veloppement d\u2019une mani\u00e8re plus durable sur les plans \u00e9conomique, environnemental et social. Dans le m\u00eame temps, l\u2019exode vers les grands centres urbains et les changements survenus dans les syst\u00e8mes \u00e9conomiques, d\u2019am\u00e9nagement du territoire et de transport des petites villes et des zones rurales du Canada ont eu un impact durable sur le paysage.  <\/p>\n<\/div>\n\n\n\n<div class=\"wp-block-column is-vertically-aligned-center is-layout-flow wp-block-column-is-layout-flow\" style=\"flex-basis:35%\">\n<div style=\"height:40px\" aria-hidden=\"true\" class=\"wp-block-spacer\"><\/div>\n\n\n\n<figure class=\"wp-block-image size-full is-resized\"><img loading=\"lazy\" decoding=\"async\" width=\"940\" height=\"788\" src=\"https:\/\/www.cip-icu.ca\/wp-content\/uploads\/2026\/03\/2026-Fall-Plan-Canada-FR.png\" alt=\"\" class=\"wp-image-43879\" style=\"width:350px;height:auto\" srcset=\"https:\/\/www.cip-icu.ca\/wp-content\/uploads\/2026\/03\/2026-Fall-Plan-Canada-FR.png 940w, https:\/\/www.cip-icu.ca\/wp-content\/uploads\/2026\/03\/2026-Fall-Plan-Canada-FR-636x533.png 636w, https:\/\/www.cip-icu.ca\/wp-content\/uploads\/2026\/03\/2026-Fall-Plan-Canada-FR-768x644.png 768w, https:\/\/www.cip-icu.ca\/wp-content\/uploads\/2026\/03\/2026-Fall-Plan-Canada-FR-600x503.png 600w\" sizes=\"auto, (max-width: 940px) 100vw, 940px\" \/><\/figure>\n<\/div>\n<\/div>\n\n\n\n<p>Le num\u00e9ro d\u2019automne 2026 de Plan Canada explorera des r\u00e9cits, des id\u00e9es, des projets et des propositions li\u00e9s aux trois principales formes d\u2019intensification : la densification intercalaire, le r\u00e9am\u00e9nagement et la r\u00e9utilisation adaptative. Nous invitons les contributions qui portent \u00e0 la fois sur les r\u00e9alisations pass\u00e9es et les orientations \u00e9mergentes. Des projets innovants et des outils de politique publique aux r\u00e9flexions critiques et aux perspectives communautaires, nous accueillons un large \u00e9ventail de sujets li\u00e9s \u00e0 la densification.  <\/p>\n\n\n\n<p>Les responsables de ce num\u00e9ro sont <a href=\"mailto:rylan.graham@unbc.ca?subject=Plan%20Canada%20Fall%202026%20Submission\">Rylan Graham<\/a>, PhD, UPC, MICU, et <a href=\"mailto:Ezra.Wasser@toronto.ca?subject=Plan%20Canada%20Fall%202026%20Submission\">Ezra Wasser<\/a>, UPC, MICU. Veuillez communiquer avec nous pour discuter d&#8217;id\u00e9es d&#8217;articles. <\/p>\n\n\n\n<p><strong>Date limite de soumission : le 17 juillet 2026 \u00e0 23 h 59 HP<\/strong><\/p>\n\n\n\n<div style=\"height:20px\" aria-hidden=\"true\" class=\"wp-block-spacer\"><\/div>\n\n\n<div class=\"wpforms-container wpforms-block wpforms-block-8b4bf55f-4ef1-4e19-9886-25b630f25055\" id=\"wpforms-17738\"><form id=\"wpforms-form-17738\" class=\"wpforms-validate wpforms-form wpforms-ajax-form\" data-formid=\"17738\" method=\"post\" enctype=\"multipart\/form-data\" action=\"\/fr\/wp-json\/wp\/v2\/pages\/26279?wpforms_form_id=17738\" data-token=\"373649f7effc529bf91c5bc141a9f9ff\" data-token-time=\"1777414192\"><noscript class=\"wpforms-error-noscript\">Please enable JavaScript in your browser to complete this form.<\/noscript><div class=\"wpforms-field-container\"><div id=\"wpforms-17738-field_0-container\" class=\"wpforms-field wpforms-field-name\" data-field-id=\"0\"><label class=\"wpforms-field-label\">Nom <span class=\"wpforms-required-label\">*<\/span><\/label><div class=\"wpforms-field-row wpforms-field-large\"><div class=\"wpforms-field-row-block wpforms-first wpforms-one-half\"><input type=\"text\" id=\"wpforms-17738-field_0\" class=\"wpforms-field-name-first wpforms-field-required\" name=\"wpforms[fields][0][first]\" required><label for=\"wpforms-17738-field_0\" class=\"wpforms-field-sublabel after\">First<\/label><\/div><div class=\"wpforms-field-row-block wpforms-one-half\"><input type=\"text\" id=\"wpforms-17738-field_0-last\" class=\"wpforms-field-name-last wpforms-field-required\" name=\"wpforms[fields][0][last]\" required><label for=\"wpforms-17738-field_0-last\" class=\"wpforms-field-sublabel after\">Last<\/label><\/div><\/div><\/div><div id=\"wpforms-17738-field_3-container\" class=\"wpforms-field wpforms-field-layout\" data-field-id=\"3\"><div class=\"wpforms-field-layout-columns wpforms-field-layout-preset-50-50\"><div class=\"wpforms-layout-column wpforms-layout-column-50\" ><div id=\"wpforms-17738-field_1-container\" class=\"wpforms-field wpforms-field-email\" data-field-id=\"1\"><label class=\"wpforms-field-label\" for=\"wpforms-17738-field_1\">Adresse \u00e9lectronique <span class=\"wpforms-required-label\">*<\/span><\/label><input type=\"email\" id=\"wpforms-17738-field_1\" class=\"wpforms-field-medium wpforms-field-required\" name=\"wpforms[fields][1]\" spellcheck=\"false\" required><\/div><\/div><div class=\"wpforms-layout-column wpforms-layout-column-50\" ><div id=\"wpforms-17738-field_4-container\" class=\"wpforms-field wpforms-field-phone\" data-field-id=\"4\"><label class=\"wpforms-field-label\" for=\"wpforms-17738-field_4\">Num\u00e9ro de t\u00e9l\u00e9phone<\/label><input type=\"tel\" id=\"wpforms-17738-field_4\" class=\"wpforms-field-medium wpforms-smart-phone-field\" data-rule-smart-phone-field=\"true\" name=\"wpforms[fields][4]\" aria-label=\"Num\u00e9ro de t\u00e9l\u00e9phone\" ><\/div><\/div><\/div><\/div><div id=\"wpforms-17738-field_19-container\" class=\"wpforms-field wpforms-field-checkbox wpforms-conditional-trigger\" data-field-id=\"19\"><label class=\"wpforms-field-label\">Confirmation de la soumission <span class=\"wpforms-required-label\">*<\/span><\/label><ul id=\"wpforms-17738-field_19\" class=\"wpforms-field-required\" data-choice-limit=\"1\"><li class=\"choice-1 depth-1\"><input type=\"checkbox\" id=\"wpforms-17738-field_19_1\" data-rule-check-limit=\"true\" name=\"wpforms[fields][19][]\" value=\"Je n&#039;ai pas soumis cet article, ou un article substantiellement similaire, \u00e0 une autre publication.\" required ><label class=\"wpforms-field-label-inline\" for=\"wpforms-17738-field_19_1\">Je n&#8217;ai pas soumis cet article, ou un article substantiellement similaire, \u00e0 une autre publication.<\/label><\/li><li class=\"choice-2 depth-1\"><input type=\"checkbox\" id=\"wpforms-17738-field_19_2\" data-rule-check-limit=\"true\" name=\"wpforms[fields][19][]\" value=\"J&#039;ai soumis cet article, ou un article substantiellement similaire, \u00e0 une autre publication.\" required ><label class=\"wpforms-field-label-inline\" for=\"wpforms-17738-field_19_2\">J&#8217;ai soumis cet article, ou un article substantiellement similaire, \u00e0 une autre publication.<\/label><\/li><\/ul><\/div><div id=\"wpforms-17738-field_20-container\" class=\"wpforms-field wpforms-field-textarea wpforms-conditional-field wpforms-conditional-show\" data-field-id=\"20\" style=\"display:none;\"><label class=\"wpforms-field-label\" for=\"wpforms-17738-field_20\">Autres publications D\u00e9tails de la soumission<\/label><textarea id=\"wpforms-17738-field_20\" class=\"wpforms-field-medium\" name=\"wpforms[fields][20]\" ><\/textarea><div class=\"wpforms-field-description\">Si vous avez soumis un article, ou un article similaire, \u00e0 une autre publication, veuillez en indiquer les d\u00e9tails ici.  <\/div><\/div><div id=\"wpforms-17738-field_7-container\" class=\"wpforms-field wpforms-field-text\" data-field-id=\"7\"><label class=\"wpforms-field-label\" for=\"wpforms-17738-field_7\">Titre de l&#039;article <span class=\"wpforms-required-label\">*<\/span><\/label><input type=\"text\" id=\"wpforms-17738-field_7\" class=\"wpforms-field-large wpforms-field-required\" name=\"wpforms[fields][7]\" placeholder=\"Nom de l&#039;article\" required><\/div><div id=\"wpforms-17738-field_21-container\" class=\"wpforms-field wpforms-field-text\" data-field-id=\"21\"><label class=\"wpforms-field-label\" for=\"wpforms-17738-field_21\">Titre abr\u00e9g\u00e9 de l&#039;article <span class=\"wpforms-required-label\">*<\/span><\/label><input type=\"text\" id=\"wpforms-17738-field_21\" class=\"wpforms-field-medium wpforms-field-required\" name=\"wpforms[fields][21]\" required><\/div><div id=\"wpforms-17738-field_2-container\" class=\"wpforms-field wpforms-field-textarea\" data-field-id=\"2\"><label class=\"wpforms-field-label\" for=\"wpforms-17738-field_2\">R\u00e9sum\u00e9 de l&#039;article <span class=\"wpforms-required-label\">*<\/span><\/label><textarea id=\"wpforms-17738-field_2\" class=\"wpforms-field-medium wpforms-field-required wpforms-limit-words-enabled\" data-form-id=\"17738\" data-field-id=\"2\" data-text-limit=\"100\" name=\"wpforms[fields][2]\" placeholder=\"R\u00e9sum\u00e9 (100 mots maximum)\" required><\/textarea><\/div><div id=\"wpforms-17738-field_22-container\" class=\"wpforms-field wpforms-field-textarea\" data-field-id=\"22\"><label class=\"wpforms-field-label\" for=\"wpforms-17738-field_22\">Veuillez saisir une biographie d&#039;une ou deux phrases pour chaque auteur. <span class=\"wpforms-required-label\">*<\/span><\/label><textarea id=\"wpforms-17738-field_22\" class=\"wpforms-field-medium wpforms-field-required\" name=\"wpforms[fields][22]\" required><\/textarea><\/div><div id=\"wpforms-17738-field_10-container\" class=\"wpforms-field wpforms-field-file-upload\" data-field-id=\"10\"><label class=\"wpforms-field-label\" for=\"wpforms-17738-field_10\">T\u00e9l\u00e9charger l&#039;article <span class=\"wpforms-required-label\">*<\/span><\/label><div\n\t\tclass=\"wpforms-uploader wpforms-field-required\"\n\t\tdata-field-id=\"10\"\n\t\tdata-form-id=\"17738\"\n\t\tdata-input-name=\"wpforms_17738_10\"\n\t\tdata-extensions=\"jpg,jpeg,jpe,gif,png,bmp,tiff,tif,webp,avif,ico,heic,heif,heics,heifs,asf,asx,wmv,wmx,wm,avi,divx,mov,qt,mpeg,mpg,mpe,mp4,m4v,ogv,webm,mkv,3gp,3gpp,3g2,3gp2,txt,asc,c,cc,h,srt,csv,tsv,ics,rtx,css,vtt,mp3,m4a,m4b,aac,ra,ram,wav,x-wav,ogg,oga,flac,mid,midi,wma,wax,mka,rtf,pdf,class,tar,zip,gz,gzip,rar,7z,psd,xcf,doc,pot,pps,ppt,wri,xla,xls,xlt,xlw,mpp,docx,docm,dotx,dotm,xlsx,xlsm,xlsb,xltx,xltm,xlam,pptx,pptm,ppsx,ppsm,potx,potm,ppam,sldx,sldm,onetoc,onetoc2,onepkg,oxps,xps,odt,odp,ods,odg,odc,odb,odf,wp,wpd,key,numbers,pages\"\n\t\tdata-max-size=\"209715200\"\n\t\tdata-max-file-number=\"1\"\n\t\tdata-post-max-size=\"209715200\"\n\t\tdata-max-parallel-uploads=\"4\"\n\t\tdata-parallel-uploads=\"true\"\n\t\tdata-file-chunk-size=\"2097152\">\n\t<div class=\"dz-message\">\n\t\t<svg  viewBox=\"0 0 640 640\" focusable=\"false\" data-icon=\"inbox\" width=\"50px\" height=\"50px\" fill=\"currentColor\" aria-hidden=\"true\">\n\t\t\t<path d=\"M352 173.3L352 384C352 401.7 337.7 416 320 416C302.3 416 288 401.7 288 384L288 173.3L246.6 214.7C234.1 227.2 213.8 227.2 201.3 214.7C188.8 202.2 188.8 181.9 201.3 169.4L297.3 73.4C309.8 60.9 330.1 60.9 342.6 73.4L438.6 169.4C451.1 181.9 451.1 202.2 438.6 214.7C426.1 227.2 405.8 227.2 393.3 214.7L352 173.3zM320 464C364.2 464 400 428.2 400 384L480 384C515.3 384 544 412.7 544 448L544 480C544 515.3 515.3 544 480 544L160 544C124.7 544 96 515.3 96 480L96 448C96 412.7 124.7 384 160 384L240 384C240 428.2 275.8 464 320 464zM464 488C477.3 488 488 477.3 488 464C488 450.7 477.3 440 464 440C450.7 440 440 450.7 440 464C440 477.3 450.7 488 464 488z\"\/>\n\t\t<\/svg>\n\n\t\t<span class=\"modern-title\">\n\t\t\t\t\t\t\tDrag &amp; Drop Files, \t\t\t\t<span>Choose Files to Upload<\/span>\n\t\t\t\t\t<\/span>\n\n\t\t\t<\/div>\n<\/div>\n\n<input\n\t\ttype=\"text\"\n\t\tautocomplete=\"off\"\n\t\treadonly\n\t\tclass=\"dropzone-input\"\n\t\tstyle=\"position:absolute!important;clip:rect(0,0,0,0)!important;height:1px!important;width:1px!important;border:0!important;overflow:hidden!important;padding:0!important;margin:0!important;\"\n\t\tid=\"wpforms-17738-field_10\"\n\t\tname=\"wpforms_17738_10\" required\t\tvalue=\"\">\n<\/div><div id=\"wpforms-17738-field_11-container\" class=\"wpforms-field wpforms-field-file-upload\" data-field-id=\"11\"><label class=\"wpforms-field-label\" for=\"wpforms-17738-field_11\">T\u00e9l\u00e9charger le mat\u00e9riel d&#039;appui<\/label><div\n\t\tclass=\"wpforms-uploader \"\n\t\tdata-field-id=\"11\"\n\t\tdata-form-id=\"17738\"\n\t\tdata-input-name=\"wpforms_17738_11\"\n\t\tdata-extensions=\"jpg,jpeg,jpe,gif,png,bmp,tiff,tif,webp,avif,ico,heic,heif,heics,heifs,asf,asx,wmv,wmx,wm,avi,divx,mov,qt,mpeg,mpg,mpe,mp4,m4v,ogv,webm,mkv,3gp,3gpp,3g2,3gp2,txt,asc,c,cc,h,srt,csv,tsv,ics,rtx,css,vtt,mp3,m4a,m4b,aac,ra,ram,wav,x-wav,ogg,oga,flac,mid,midi,wma,wax,mka,rtf,pdf,class,tar,zip,gz,gzip,rar,7z,psd,xcf,doc,pot,pps,ppt,wri,xla,xls,xlt,xlw,mpp,docx,docm,dotx,dotm,xlsx,xlsm,xlsb,xltx,xltm,xlam,pptx,pptm,ppsx,ppsm,potx,potm,ppam,sldx,sldm,onetoc,onetoc2,onepkg,oxps,xps,odt,odp,ods,odg,odc,odb,odf,wp,wpd,key,numbers,pages\"\n\t\tdata-max-size=\"209715200\"\n\t\tdata-max-file-number=\"5\"\n\t\tdata-post-max-size=\"209715200\"\n\t\tdata-max-parallel-uploads=\"4\"\n\t\tdata-parallel-uploads=\"true\"\n\t\tdata-file-chunk-size=\"2097152\">\n\t<div class=\"dz-message\">\n\t\t<svg  viewBox=\"0 0 640 640\" focusable=\"false\" data-icon=\"inbox\" width=\"50px\" height=\"50px\" fill=\"currentColor\" aria-hidden=\"true\">\n\t\t\t<path d=\"M352 173.3L352 384C352 401.7 337.7 416 320 416C302.3 416 288 401.7 288 384L288 173.3L246.6 214.7C234.1 227.2 213.8 227.2 201.3 214.7C188.8 202.2 188.8 181.9 201.3 169.4L297.3 73.4C309.8 60.9 330.1 60.9 342.6 73.4L438.6 169.4C451.1 181.9 451.1 202.2 438.6 214.7C426.1 227.2 405.8 227.2 393.3 214.7L352 173.3zM320 464C364.2 464 400 428.2 400 384L480 384C515.3 384 544 412.7 544 448L544 480C544 515.3 515.3 544 480 544L160 544C124.7 544 96 515.3 96 480L96 448C96 412.7 124.7 384 160 384L240 384C240 428.2 275.8 464 320 464zM464 488C477.3 488 488 477.3 488 464C488 450.7 477.3 440 464 440C450.7 440 440 450.7 440 464C440 477.3 450.7 488 464 488z\"\/>\n\t\t<\/svg>\n\n\t\t<span class=\"modern-title\">\n\t\t\t\t\t\t\tDrag &amp; Drop Files, \t\t\t\t<span>Choose Files to Upload<\/span>\n\t\t\t\t\t<\/span>\n\n\t\t\t\t\t<span class=\"modern-hint\">You can upload up to 5 files.<\/span>\n\t\t\t<\/div>\n<\/div>\n\n<input\n\t\ttype=\"text\"\n\t\tautocomplete=\"off\"\n\t\treadonly\n\t\tclass=\"dropzone-input\"\n\t\tstyle=\"position:absolute!important;clip:rect(0,0,0,0)!important;height:1px!important;width:1px!important;border:0!important;overflow:hidden!important;padding:0!important;margin:0!important;\"\n\t\tid=\"wpforms-17738-field_11\"\n\t\tname=\"wpforms_17738_11\" \t\tvalue=\"\">\n<\/div><div id=\"wpforms-17738-field_12-container\" class=\"wpforms-field wpforms-field-file-upload\" data-field-id=\"12\"><label class=\"wpforms-field-label\" for=\"wpforms-17738-field_12\">Formulaire de renonciation pour les auteurs Le nom du fichier appara\u00eet ici <span class=\"wpforms-required-label\">*<\/span><\/label><div\n\t\tclass=\"wpforms-uploader wpforms-field-required\"\n\t\tdata-field-id=\"12\"\n\t\tdata-form-id=\"17738\"\n\t\tdata-input-name=\"wpforms_17738_12\"\n\t\tdata-extensions=\"jpg,jpeg,jpe,gif,png,bmp,tiff,tif,webp,avif,ico,heic,heif,heics,heifs,asf,asx,wmv,wmx,wm,avi,divx,mov,qt,mpeg,mpg,mpe,mp4,m4v,ogv,webm,mkv,3gp,3gpp,3g2,3gp2,txt,asc,c,cc,h,srt,csv,tsv,ics,rtx,css,vtt,mp3,m4a,m4b,aac,ra,ram,wav,x-wav,ogg,oga,flac,mid,midi,wma,wax,mka,rtf,pdf,class,tar,zip,gz,gzip,rar,7z,psd,xcf,doc,pot,pps,ppt,wri,xla,xls,xlt,xlw,mpp,docx,docm,dotx,dotm,xlsx,xlsm,xlsb,xltx,xltm,xlam,pptx,pptm,ppsx,ppsm,potx,potm,ppam,sldx,sldm,onetoc,onetoc2,onepkg,oxps,xps,odt,odp,ods,odg,odc,odb,odf,wp,wpd,key,numbers,pages\"\n\t\tdata-max-size=\"209715200\"\n\t\tdata-max-file-number=\"1\"\n\t\tdata-post-max-size=\"209715200\"\n\t\tdata-max-parallel-uploads=\"4\"\n\t\tdata-parallel-uploads=\"true\"\n\t\tdata-file-chunk-size=\"2097152\">\n\t<div class=\"dz-message\">\n\t\t<svg  viewBox=\"0 0 640 640\" focusable=\"false\" data-icon=\"inbox\" width=\"50px\" height=\"50px\" fill=\"currentColor\" aria-hidden=\"true\">\n\t\t\t<path d=\"M352 173.3L352 384C352 401.7 337.7 416 320 416C302.3 416 288 401.7 288 384L288 173.3L246.6 214.7C234.1 227.2 213.8 227.2 201.3 214.7C188.8 202.2 188.8 181.9 201.3 169.4L297.3 73.4C309.8 60.9 330.1 60.9 342.6 73.4L438.6 169.4C451.1 181.9 451.1 202.2 438.6 214.7C426.1 227.2 405.8 227.2 393.3 214.7L352 173.3zM320 464C364.2 464 400 428.2 400 384L480 384C515.3 384 544 412.7 544 448L544 480C544 515.3 515.3 544 480 544L160 544C124.7 544 96 515.3 96 480L96 448C96 412.7 124.7 384 160 384L240 384C240 428.2 275.8 464 320 464zM464 488C477.3 488 488 477.3 488 464C488 450.7 477.3 440 464 440C450.7 440 440 450.7 440 464C440 477.3 450.7 488 464 488z\"\/>\n\t\t<\/svg>\n\n\t\t<span class=\"modern-title\">\n\t\t\t\t\t\t\tDrag &amp; Drop Files, \t\t\t\t<span>Choose Files to Upload<\/span>\n\t\t\t\t\t<\/span>\n\n\t\t\t<\/div>\n<\/div>\n\n<input\n\t\ttype=\"text\"\n\t\tautocomplete=\"off\"\n\t\treadonly\n\t\tclass=\"dropzone-input\"\n\t\tstyle=\"position:absolute!important;clip:rect(0,0,0,0)!important;height:1px!important;width:1px!important;border:0!important;overflow:hidden!important;padding:0!important;margin:0!important;\"\n\t\tid=\"wpforms-17738-field_12\"\n\t\tname=\"wpforms_17738_12\" required\t\tvalue=\"\">\n<\/div><div id=\"wpforms-17738-field_13-container\" class=\"wpforms-field wpforms-field-checkbox policy-checkbox\" data-field-id=\"13\"><label class=\"wpforms-field-label wpforms-label-hide\">Lignes directrices \u00e0 l&#039;intention des auteurs Remerciements <span class=\"wpforms-required-label\">*<\/span><\/label><ul id=\"wpforms-17738-field_13\" class=\"wpforms-field-required\"><li class=\"choice-1 depth-1\"><input type=\"checkbox\" id=\"wpforms-17738-field_13_1\" name=\"wpforms[fields][13][]\" value=\"J&#039;ai lu et j&#039;accepte les lignes directrices \u00e0 l&#039;intention des auteurs\" required ><label class=\"wpforms-field-label-inline\" for=\"wpforms-17738-field_13_1\">J&#8217;ai lu et j&#8217;accepte les lignes directrices \u00e0 l&#8217;intention des auteurs<\/label><\/li><\/ul><\/div><div id=\"wpforms-17738-field_14-container\" class=\"wpforms-field wpforms-field-checkbox policy-checkbox\" data-field-id=\"14\"><label class=\"wpforms-field-label wpforms-label-hide\">Reconnaissance de la politique des langues officielles <span class=\"wpforms-required-label\">*<\/span><\/label><ul id=\"wpforms-17738-field_14\" class=\"wpforms-field-required\"><li class=\"choice-1 depth-1\"><input type=\"checkbox\" id=\"wpforms-17738-field_14_1\" name=\"wpforms[fields][14][]\" value=\"J&#039;ai lu et je reconnais la politique de Plan Canada en mati\u00e8re de langues officielles.\" required ><label class=\"wpforms-field-label-inline\" for=\"wpforms-17738-field_14_1\">J&#8217;ai lu et je reconnais la politique de Plan Canada en mati\u00e8re de langues officielles.<\/label><\/li><\/ul><\/div><div id=\"wpforms-17738-field_15-container\" class=\"wpforms-field wpforms-field-html\" data-field-id=\"15\"><div id=\"wpforms-17738-field_15\"><div class=\"plan-canada-form-alert\">\n<div class=\"left\">\n<img decoding=\"async\" src=\"\/wp-content\/uploads\/2023\/10\/icon-park-outline_attention.svg\"\/>\n<\/div>\n<div class=\"right\">\n<h3>Avant de poser votre candidature, veuillez lire ce qui suit :<\/h3>\n\nNos <a target=\"_blank\" href=\"\/wp-content\/uploads\/2023\/10\/Plan-Canada-Author-Guidelines-Updated-August-2022-EN.pdf\">lignes directrices pour les auteurs<\/a>\n<br \/>\nUne reconnaissance de la compr\u00e9hension de la <a target=\"_blank\" href=\"\/wp-content\/uploads\/2023\/10\/Official-language-policy.pdf\">politique des langues officielles de Plan Canada<\/a>\n<br \/><br \/>\nVeuillez remplir le formulaire suivant et le joindre : <a target=\"_blank\" href=\"https:\/\/www.cip-icu.ca\/wp-content\/uploads\/2023\/10\/PC-Waiver-EN.pdf\">Renonciation au droit d&#8217;auteur<\/a>\n\n\n<\/div>\n<\/div><\/div><\/div><\/div><!-- .wpforms-field-container --><div class=\"wpforms-submit-container\" ><input type=\"hidden\" name=\"wpforms[id]\" value=\"17738\"><input type=\"hidden\" name=\"page_title\" value=\"\"><input type=\"hidden\" name=\"page_url\" value=\"https:\/\/www.cip-icu.ca\/fr\/wp-json\/wp\/v2\/pages\/26279\"><input type=\"hidden\" name=\"url_referer\" value=\"\"><button type=\"submit\" name=\"wpforms[submit]\" id=\"wpforms-submit-17738\" class=\"wpforms-submit\" data-alt-text=\"Envoi...\" data-submit-text=\"Soumettre\" aria-live=\"assertive\" value=\"wpforms-submit\">Soumettre<\/button><img loading=\"lazy\" decoding=\"async\" src=\"https:\/\/www.cip-icu.ca\/wp-content\/plugins\/wpforms\/assets\/images\/submit-spin.svg\" class=\"wpforms-submit-spinner\" style=\"display: none;\" width=\"26\" height=\"26\" alt=\"Loading\"><\/div><\/form><\/div>  <!-- .wpforms-container -->\n\n\n<div style=\"height:60px\" aria-hidden=\"true\" class=\"wp-block-spacer\"><\/div>\n","protected":false},"excerpt":{"rendered":"<p>Le num\u00e9ro d\u2019automne 2026 de Plan Canada explorera des r\u00e9cits, des id\u00e9es, des projets et des propositions li\u00e9s aux trois principales formes d\u2019intensification : la densification intercalaire, le r\u00e9am\u00e9nagement et la r\u00e9utilisation adaptative. Nous invitons les contributions qui portent \u00e0 la fois sur les r\u00e9alisations pass\u00e9es et les orientations \u00e9mergentes. Des projets innovants et des outils de politique publique aux r\u00e9flexions critiques et aux perspectives communautaires, nous accueillons un large \u00e9ventail de sujets li\u00e9s \u00e0 la densification.  <\/p>\n","protected":false},"author":14,"featured_media":43879,"parent":22153,"menu_order":0,"comment_status":"closed","ping_status":"closed","template":"","meta":{"_acf_changed":false,"footnotes":""},"class_list":["post-26279","page","type-page","status-publish","has-post-thumbnail","hentry"],"acf":[],"_links":{"self":[{"href":"https:\/\/www.cip-icu.ca\/fr\/wp-json\/wp\/v2\/pages\/26279","targetHints":{"allow":["GET"]}}],"collection":[{"href":"https:\/\/www.cip-icu.ca\/fr\/wp-json\/wp\/v2\/pages"}],"about":[{"href":"https:\/\/www.cip-icu.ca\/fr\/wp-json\/wp\/v2\/types\/page"}],"author":[{"embeddable":true,"href":"https:\/\/www.cip-icu.ca\/fr\/wp-json\/wp\/v2\/users\/14"}],"replies":[{"embeddable":true,"href":"https:\/\/www.cip-icu.ca\/fr\/wp-json\/wp\/v2\/comments?post=26279"}],"version-history":[{"count":12,"href":"https:\/\/www.cip-icu.ca\/fr\/wp-json\/wp\/v2\/pages\/26279\/revisions"}],"predecessor-version":[{"id":43880,"href":"https:\/\/www.cip-icu.ca\/fr\/wp-json\/wp\/v2\/pages\/26279\/revisions\/43880"}],"up":[{"embeddable":true,"href":"https:\/\/www.cip-icu.ca\/fr\/wp-json\/wp\/v2\/pages\/22153"}],"wp:featuredmedia":[{"embeddable":true,"href":"https:\/\/www.cip-icu.ca\/fr\/wp-json\/wp\/v2\/media\/43879"}],"wp:attachment":[{"href":"https:\/\/www.cip-icu.ca\/fr\/wp-json\/wp\/v2\/media?parent=26279"}],"curies":[{"name":"wp","href":"https:\/\/api.w.org\/{rel}","templated":true}]}}