{"id":27387,"date":"2024-04-15T12:58:33","date_gmt":"2024-04-15T16:58:33","guid":{"rendered":"https:\/\/www.cip-icu.ca\/?page_id=27387"},"modified":"2026-03-27T16:39:22","modified_gmt":"2026-03-27T20:39:22","slug":"candidats-au-conseil-dadministration","status":"publish","type":"page","link":"https:\/\/www.cip-icu.ca\/fr\/gouvernance\/candidats-au-conseil-dadministration\/","title":{"rendered":"Candidats au conseil d&#8217;administration"},"content":{"rendered":"\n<div style=\"height:140px\" aria-hidden=\"true\" class=\"wp-block-spacer\"><\/div>\n\n\n\n<div class=\"wp-block-columns is-layout-flex wp-container-core-columns-is-layout-9d6595d7 wp-block-columns-is-layout-flex\">\n<div class=\"wp-block-column is-layout-flow wp-block-column-is-layout-flow\" style=\"flex-basis:60%\">\n<h3 class=\"wp-block-heading line-heading-full\">Conseil d\u2019administration <\/h3>\n\n\n\n<h1 class=\"wp-block-heading\">Appel de <strong><mark style=\"background-color:rgba(0, 0, 0, 0)\" class=\"has-inline-color has-accent-color\">candidatures<\/mark><\/strong><\/h1>\n\n\n\n<p class=\"lede\">L\u2019Institut canadien des urbanistes (ICU) lance un appel \u00e0 candidatures pour son <a href=\"https:\/\/www.cip-icu.ca\/fr\/conseil-dadministration\/\" data-type=\"page\" data-id=\"16379\">conseil d\u2019administration<\/a> pour le mandat 2026\/2029.<\/p>\n\n\n\n<p>C\u2019est l\u2019occasion pour vous de diriger, d\u2019influencer et de d\u00e9fendre la profession d\u2019urbaniste au Canada.<\/p>\n<\/div>\n\n\n\n<div class=\"wp-block-column is-layout-flow wp-block-column-is-layout-flow\"><\/div>\n<\/div>\n\n\n\n<p><strong>Postes \u00e0 pourvoir :<\/strong><\/p>\n\n\n\n<ul class=\"wp-block-list\">\n<li>R\u00e9gion 3 : Saskatchewan<\/li>\n\n\n\n<li>R\u00e9gion 4 : Manitoba<\/li>\n\n\n\n<li>Universitaire<\/li>\n\n\n\n<li>\u00c9tudiant<\/li>\n\n\n\n<li>Directeur g\u00e9n\u00e9ral<\/li>\n<\/ul>\n\n\n\n<p>Les mandats sont de trois ans, sauf le membre \u00e9tudiant dont le mandat est de deux ans.<\/p>\n\n\n\n<p><strong>Conditions d&#8217;\u00e9ligibilit\u00e9 :<\/strong><\/p>\n\n\n\n<ul class=\"wp-block-list\">\n<li><strong>Postes r\u00e9gionaux : <\/strong>MICU\u00ae ou FICU en r\u00e8gle<\/li>\n\n\n\n<li><strong>Universitaire : <\/strong>MICU\u00ae ou FICU en r\u00e8gle; membres \u00e0 temps plein du corps enseignant d\u2019un programme de planification d\u2019une universit\u00e9 canadienne accr\u00e9dit\u00e9e<\/li>\n\n\n\n<li><strong>Directeur g\u00e9n\u00e9ral :<\/strong> Ouvert aux membres et aux non-membres<\/li>\n\n\n\n<li><strong>\u00c9tudiant :<\/strong> \u00c9tudiant inscrit \u00e0 un programme d\u2019urbanisme agr\u00e9\u00e9<\/li>\n<\/ul>\n\n\n\n<p><strong>Avant de postuler :<\/strong><\/p>\n\n\n\n<p>Familiarisez-vous avec les documents fondamentaux qui guident la gouvernance et les valeurs de l\u2019ICU :<\/p>\n\n\n\n<ul class=\"wp-block-list\">\n<li><a href=\"https:\/\/www.cip-icu.ca\/wp-content\/uploads\/2025\/01\/2025-CIP-Director-Qualifications_EN-v2.pdf\">Qualifications du directeur<\/a><\/li>\n\n\n\n<li><a href=\"https:\/\/www.cip-icu.ca\/fr\/plan-strategique-et-impact\/\" target=\"_blank\" rel=\"noreferrer noopener\">Plan strat\u00e9gique de l\u2019ICU<\/a><\/li>\n\n\n\n<li><a href=\"https:\/\/www.cip-icu.ca\/fr\/rejoindre-le-cip\/codes-de-conduite-et-dethique-professionnelle\/\" target=\"_blank\" rel=\"noreferrer noopener\">Code de conduite professionnelle de l\u2019ICU<\/a><\/li>\n\n\n\n<li><a href=\"https:\/\/www.cip-icu.ca\/wp-content\/uploads\/2024\/10\/CIP-Bylaws-2017-06-19-FR.pdf\" target=\"_blank\" rel=\"noreferrer noopener\">R\u00e8glements internes de l\u2019ICU<\/a><\/li>\n<\/ul>\n\n\n\n<div style=\"height:40px\" aria-hidden=\"true\" class=\"wp-block-spacer\"><\/div>\n\n\n\n<p><strong>Les candidatures sont maintenant closes.<\/strong><\/p>\n\n\n\n<div style=\"height:80px\" aria-hidden=\"true\" class=\"wp-block-spacer\"><\/div>\n","protected":false},"excerpt":{"rendered":"<p>L\u2019Institut canadien des urbanistes (ICU) lance un appel \u00e0 candidatures pour son conseil d\u2019administration pour le mandat 2026\/2029. C\u2019est l\u2019occasion pour vous de diriger, d\u2019influencer&hellip;<\/p>\n","protected":false},"author":14,"featured_media":0,"parent":22202,"menu_order":0,"comment_status":"closed","ping_status":"closed","template":"","meta":{"_acf_changed":false,"footnotes":""},"class_list":["post-27387","page","type-page","status-publish","hentry"],"acf":[],"_links":{"self":[{"href":"https:\/\/www.cip-icu.ca\/fr\/wp-json\/wp\/v2\/pages\/27387","targetHints":{"allow":["GET"]}}],"collection":[{"href":"https:\/\/www.cip-icu.ca\/fr\/wp-json\/wp\/v2\/pages"}],"about":[{"href":"https:\/\/www.cip-icu.ca\/fr\/wp-json\/wp\/v2\/types\/page"}],"author":[{"embeddable":true,"href":"https:\/\/www.cip-icu.ca\/fr\/wp-json\/wp\/v2\/users\/14"}],"replies":[{"embeddable":true,"href":"https:\/\/www.cip-icu.ca\/fr\/wp-json\/wp\/v2\/comments?post=27387"}],"version-history":[{"count":28,"href":"https:\/\/www.cip-icu.ca\/fr\/wp-json\/wp\/v2\/pages\/27387\/revisions"}],"predecessor-version":[{"id":44009,"href":"https:\/\/www.cip-icu.ca\/fr\/wp-json\/wp\/v2\/pages\/27387\/revisions\/44009"}],"up":[{"embeddable":true,"href":"https:\/\/www.cip-icu.ca\/fr\/wp-json\/wp\/v2\/pages\/22202"}],"wp:attachment":[{"href":"https:\/\/www.cip-icu.ca\/fr\/wp-json\/wp\/v2\/media?parent=27387"}],"curies":[{"name":"wp","href":"https:\/\/api.w.org\/{rel}","templated":true}]}}