{"id":28846,"date":"2024-06-27T12:47:15","date_gmt":"2024-06-27T16:47:15","guid":{"rendered":"https:\/\/www.cip-icu.ca\/distinctions-et-prix\/prix-canadiens-dexcellence-en-urbanisme\/"},"modified":"2026-02-05T09:19:15","modified_gmt":"2026-02-05T14:19:15","slug":"pceu","status":"publish","type":"page","link":"https:\/\/www.cip-icu.ca\/fr\/distinctions-et-prix\/pceu\/","title":{"rendered":"Prix canadiens d&#8217;excellence en urbanisme"},"content":{"rendered":"\n<div style=\"height:140px\" aria-hidden=\"true\" class=\"wp-block-spacer\"><\/div>\n\n\n\n<div class=\"wp-block-columns is-layout-flex wp-container-core-columns-is-layout-9d6595d7 wp-block-columns-is-layout-flex\">\n<div class=\"wp-block-column is-layout-flow wp-block-column-is-layout-flow\" style=\"flex-basis:60%\">\n<h3 class=\"wp-block-heading line-heading-full\">Honneurs et prix<\/h3>\n\n\n\n<h1 class=\"wp-block-heading\"><mark style=\"background-color:rgba(0, 0, 0, 0)\" class=\"has-inline-color has-blue-2-color\"><strong>Prix <\/strong><\/mark>canadiens d&#8217;excellence en urbanisme<\/h1>\n\n\n\n<p class=\"lede\">Depuis 1983, l&#8217;ICU r\u00e9compense des projets d&#8217;urbanisme exceptionnels pour leur excellence, leur innovation et leur impact sur la profession. Aujourd&#8217;hui, alors que nous entrons dans une nouvelle \u00e8re, nous avons repens\u00e9 notre programme de r\u00e9compenses afin de refl\u00e9ter l&#8217;\u00e9volution du contexte de l\u2019urbanisme.<\/p>\n\n\n\n<p>Au cours des 40 derni\u00e8res ann\u00e9es, le monde qui nous entoure s&#8217;est transform\u00e9, mais notre engagement in\u00e9branlable \u00e0 c\u00e9l\u00e9brer l&#8217;excellence en mati\u00e8re d&#8217;urbanisme demeure in\u00e9branlable. Les Prix canadiens d&#8217;excellence en urbanisme poursuivront cette tradition en r\u00e9compensant les projets qui font preuve d&#8217;innovation, qui ont un impact positif sur la profession, et qui d\u00e9montrent un potentiel de mise en \u0153uvre.<\/p>\n<\/div>\n\n\n\n<div class=\"wp-block-column is-layout-flow wp-block-column-is-layout-flow\" style=\"flex-basis:33.33%\"><\/div>\n<\/div>\n\n\n\n<div style=\"height:46px\" aria-hidden=\"true\" class=\"wp-block-spacer\"><\/div>\n\n\n\n<div class=\"wp-block-buttons is-content-justification-center is-layout-flex wp-container-core-buttons-is-layout-16018d1d wp-block-buttons-is-layout-flex\">\n<div class=\"wp-block-button\"><a class=\"wp-block-button__link wp-element-button\" href=\"https:\/\/www.cip-icu.ca\/fr\/distinctions-et-prix\/pceu\/directives-candidatures\/\"><mark style=\"background-color:rgba(0, 0, 0, 0)\" class=\"has-inline-color has-white-color\"><strong>Directives de soumission pour les Prix canadiens d&#8217;excellence en urbanisme<\/strong><\/mark><\/a><\/div>\n<\/div>\n\n\n\n<div style=\"height:40px\" aria-hidden=\"true\" class=\"wp-block-spacer\"><\/div>\n\n\n\n<div class=\"wp-block-buttons is-content-justification-center is-layout-flex wp-container-core-buttons-is-layout-16018d1d wp-block-buttons-is-layout-flex\">\n<div class=\"wp-block-button is-style-fill\"><a class=\"wp-block-button__link wp-element-button\" href=\"https:\/\/www.cip-icu.ca\/fr\/blog\/finalistes-des-prix-canadiens-dexcellence-en-urbanisme-2026\/\"><strong>Rencontrez les finalistes 2026<\/strong><\/a><\/div>\n\n\n\n<div class=\"wp-block-button is-style-fill\"><a class=\"wp-block-button__link wp-element-button\" href=\"https:\/\/www.cip-icu.ca\/fr\/distinctions-et-prix\/pceu\/les-laureats\/\"><strong>Rencontrez les laur\u00e9ats 2025<\/strong><\/a><\/div>\n\n\n\n<div class=\"wp-block-button is-style-outline is-style-outline--1\"><a class=\"wp-block-button__link wp-element-button\" href=\"https:\/\/www.cip-icu.ca\/fr\/prix-dexcellence-en-matiere-de-planification\/\"><strong>En savoir plus sur les anciens laur\u00e9ats<\/strong><\/a><\/div>\n\n\n\n<div class=\"wp-block-button is-style-outline is-style-outline--2\"><a class=\"wp-block-button__link wp-element-button\" href=\"https:\/\/www.cip-icu.ca\/fr\/distinctions-et-prix\/pceu\/jury-du-prix-canadien-dexcellence-en-urbanisme\/\"><strong>Rencontrez le jury<\/strong> <strong>2025<\/strong><\/a><\/div>\n<\/div>\n\n\n\n<div style=\"height:164px\" aria-hidden=\"true\" class=\"wp-block-spacer\"><\/div>\n\n\n\n<h2 class=\"wp-block-heading\">Questions fr\u00e9quentes<\/h2>\n\n\n\n    \n            <div class=\"faq-wrap\" itemscope itemtype=\"https:\/\/schema.org\/FAQPage\">\n    \n    <div class=\"accordion  \">\n\n                    \n            <div class=\"accordion-item\" itemscope itemprop=\"mainEntity\" itemtype=\"https:\/\/schema.org\/Question\">\n                <button class=\"accordion-button no-btn-style\" aria-controls=\"content-1\" aria-expanded=\"false\" id=\"accordion-control-1\" itemprop=\"name\">Quels types de soumissions sont accept\u00e9es?<\/button>\n\n                <div class=\"content\" aria-hidden=\"true\" id=\"content-1\" itemscope itemprop=\"acceptedAnswer\" itemtype=\"https:\/\/schema.org\/Answer\">\n                                            <span itemprop=\"text\">\n                    \n                    <p class=\"lede\">Les soumissions peuvent inclure des publications sur la recherche et les politiques, des ressources multim\u00e9dias et des outils interactifs. Il peut s&#8217;agir par exemple d&#8217;articles, de rapports, de livres, de vid\u00e9os, de sites web, de podcasts ou d&#8217;autres m\u00e9dias qui promeuvent la profession d&#8217;urbaniste, forment les urbanistes et le grand public aux pratiques d&#8217;urbanisme ou mettent en \u0153uvre des politiques ou des pratiques d&#8217;urbanisme innovantes. <\/p>\n\n                    <\/span>\n                <\/div>\n            <\/div>\n\n                    \n            <div class=\"accordion-item\" itemscope itemprop=\"mainEntity\" itemtype=\"https:\/\/schema.org\/Question\">\n                <button class=\"accordion-button no-btn-style\" aria-controls=\"content-2\" aria-expanded=\"false\" id=\"accordion-control-2\" itemprop=\"name\">Est-ce que je, ou un membre de mon \u00e9quipe, dois \u00eatre membre en bonne et due forme de l\u2019ICU?<\/button>\n\n                <div class=\"content\" aria-hidden=\"true\" id=\"content-2\" itemscope itemprop=\"acceptedAnswer\" itemtype=\"https:\/\/schema.org\/Answer\">\n                                            <span itemprop=\"text\">\n                    \n                    <p class=\"lede\">Non, il n&#8217;est pas n\u00e9cessaire d&#8217;\u00eatre membre du CIP pour \u00eatre pris en consid\u00e9ration pour le CAPE. Toutefois, si vous souhaitez devenir membre de la CIP, vous pouvez vous <a href=\"https:\/\/www.cip-icu.ca\/fr\/rejoindre-le-cip\/\">inscrire ici<\/a>! <\/p>\n\n                    <\/span>\n                <\/div>\n            <\/div>\n\n                    \n            <div class=\"accordion-item\" itemscope itemprop=\"mainEntity\" itemtype=\"https:\/\/schema.org\/Question\">\n                <button class=\"accordion-button no-btn-style\" aria-controls=\"content-3\" aria-expanded=\"false\" id=\"accordion-control-3\" itemprop=\"name\">Le projet peut-il toujours \u00eatre en cours, ou doit-il \u00eatre compl\u00e9t\u00e9, pour \u00eatre valide lors de la demande? <\/button>\n\n                <div class=\"content\" aria-hidden=\"true\" id=\"content-3\" itemscope itemprop=\"acceptedAnswer\" itemtype=\"https:\/\/schema.org\/Answer\">\n                                            <span itemprop=\"text\">\n                    \n                    <p class=\"lede\">Les projets doivent avoir \u00e9t\u00e9 compl\u00e9t\u00e9s \u00e0 la date indiqu\u00e9e dans les lignes directrices relatives \u00e0 l&#8217;admissibilit\u00e9.<\/p>\n\n                    <\/span>\n                <\/div>\n            <\/div>\n\n                    \n            <div class=\"accordion-item\" itemscope itemprop=\"mainEntity\" itemtype=\"https:\/\/schema.org\/Question\">\n                <button class=\"accordion-button no-btn-style\" aria-controls=\"content-4\" aria-expanded=\"false\" id=\"accordion-control-4\" itemprop=\"name\">Qu\u2019est-ce qu\u2019un plan statuaire?<\/button>\n\n                <div class=\"content\" aria-hidden=\"true\" id=\"content-4\" itemscope itemprop=\"acceptedAnswer\" itemtype=\"https:\/\/schema.org\/Answer\">\n                                            <span itemprop=\"text\">\n                    \n                    <p class=\"lede\">Un plan statutaire est un document juridique\/r\u00e8glement qui doit faire l&#8217;objet de trois lectures et d&#8217;une audience publique avant d&#8217;\u00eatre adopt\u00e9 par un conseil municipal. Une fois adopt\u00e9, la municipalit\u00e9 et les habitants ont l&#8217;obligation l\u00e9gale d&#8217;adh\u00e9rer au plan. <\/p>\n\n                    <\/span>\n                <\/div>\n            <\/div>\n\n                    \n            <div class=\"accordion-item\" itemscope itemprop=\"mainEntity\" itemtype=\"https:\/\/schema.org\/Question\">\n                <button class=\"accordion-button no-btn-style\" aria-controls=\"content-5\" aria-expanded=\"false\" id=\"accordion-control-5\" itemprop=\"name\">Que re\u00e7oivent les laur\u00e9ats qui ont \u00e9t\u00e9 accept\u00e9s? <\/button>\n\n                <div class=\"content\" aria-hidden=\"true\" id=\"content-5\" itemscope itemprop=\"acceptedAnswer\" itemtype=\"https:\/\/schema.org\/Answer\">\n                                            <span itemprop=\"text\">\n                    \n                    <ul>\n<li>Les laur\u00e9ats des Prix d&#8217;excellence re\u00e7oivent un prix en cristal, un certificat et deux billets pour la c\u00e9r\u00e9monie de remise des prix lors du congr\u00e8s<\/li>\n<li>Les candidats ayant \u00e9t\u00e9 pr\u00e9s\u00e9lectionn\u00e9s re\u00e7oivent un certificat<\/li>\n<\/ul>\n\n                    <\/span>\n                <\/div>\n            <\/div>\n\n        \n    <\/div>\n\n            <\/div>\n    \n\n\n\n<div style=\"height:40px\" aria-hidden=\"true\" class=\"wp-block-spacer\"><\/div>\n\n\n\n\n","protected":false},"excerpt":{"rendered":"<p>Les Prix canadiens d&#8217;excellence en urbanisme r\u00e9compenseront les projets qui font preuve d&#8217;innovation, qui ont un impact positif sur la profession et qui d\u00e9montrent un potentiel de mise en \u0153uvre.<\/p>\n","protected":false},"author":14,"featured_media":28825,"parent":22148,"menu_order":0,"comment_status":"closed","ping_status":"closed","template":"","meta":{"_acf_changed":false,"footnotes":""},"class_list":["post-28846","page","type-page","status-publish","has-post-thumbnail","hentry"],"acf":[],"_links":{"self":[{"href":"https:\/\/www.cip-icu.ca\/fr\/wp-json\/wp\/v2\/pages\/28846","targetHints":{"allow":["GET"]}}],"collection":[{"href":"https:\/\/www.cip-icu.ca\/fr\/wp-json\/wp\/v2\/pages"}],"about":[{"href":"https:\/\/www.cip-icu.ca\/fr\/wp-json\/wp\/v2\/types\/page"}],"author":[{"embeddable":true,"href":"https:\/\/www.cip-icu.ca\/fr\/wp-json\/wp\/v2\/users\/14"}],"replies":[{"embeddable":true,"href":"https:\/\/www.cip-icu.ca\/fr\/wp-json\/wp\/v2\/comments?post=28846"}],"version-history":[{"count":22,"href":"https:\/\/www.cip-icu.ca\/fr\/wp-json\/wp\/v2\/pages\/28846\/revisions"}],"predecessor-version":[{"id":42861,"href":"https:\/\/www.cip-icu.ca\/fr\/wp-json\/wp\/v2\/pages\/28846\/revisions\/42861"}],"up":[{"embeddable":true,"href":"https:\/\/www.cip-icu.ca\/fr\/wp-json\/wp\/v2\/pages\/22148"}],"wp:featuredmedia":[{"embeddable":true,"href":"https:\/\/www.cip-icu.ca\/fr\/wp-json\/wp\/v2\/media\/28825"}],"wp:attachment":[{"href":"https:\/\/www.cip-icu.ca\/fr\/wp-json\/wp\/v2\/media?parent=28846"}],"curies":[{"name":"wp","href":"https:\/\/api.w.org\/{rel}","templated":true}]}}