{"id":28900,"date":"2024-07-15T09:36:56","date_gmt":"2024-07-15T13:36:56","guid":{"rendered":"https:\/\/www.cip-icu.ca\/hiver-2024\/"},"modified":"2025-10-21T09:54:20","modified_gmt":"2025-10-21T13:54:20","slug":"hiver-2025","status":"publish","type":"page","link":"https:\/\/www.cip-icu.ca\/fr\/plan-canada\/hiver-2025\/","title":{"rendered":"Hiver 2025"},"content":{"rendered":"\n<div style=\"height:100px\" aria-hidden=\"true\" class=\"wp-block-spacer\"><\/div>\n\n\n\n<div class=\"wp-block-columns are-vertically-aligned-center is-layout-flex wp-container-core-columns-is-layout-9d6595d7 wp-block-columns-is-layout-flex\">\n<div class=\"wp-block-column is-vertically-aligned-center is-layout-flow wp-block-column-is-layout-flow\" style=\"flex-basis:65%\">\n<h2 class=\"wp-block-heading line-heading-full\">Num\u00e9ro de Plan Canada Hiver 2025<\/h2>\n\n\n\n<h1 class=\"wp-block-heading\"><strong><mark style=\"background-color:rgba(0, 0, 0, 0)\" class=\"has-inline-color has-grey-color\">Choix du public : <\/mark><\/strong>Planifier en pr\u00e9vision des perturbations&nbsp;: la r\u00e9silience dans un avenir incertain<\/h1>\n\n\n\n<p class=\"lede\">Plan Canada vous prie d&#8217;annoncer le th\u00e8me gagnant de son \u00e9dition hiver 2025&nbsp;: planifier en pr\u00e9vision des perturbations&nbsp;: la r\u00e9silience dans un avenir incertain.<\/p>\n\n\n\n<p>Les Canadiens sont confront\u00e9s \u00e0 une s\u00e9rie de d\u00e9fis \u00e9conomiques, environnementaux et sociaux tant progressifs que soudains, dont les cons\u00e9quences sont disproportionn\u00e9es selon les r\u00e9gions et les groupes d\u00e9mographiques. Apr\u00e8s avoir travers\u00e9 une s\u00e9rie de crises mondiales, nationales et locales interd\u00e9pendantes, nous avons tir\u00e9 plusieurs le\u00e7ons qui s&#8217;appliquent directement aux institutions et aux syst\u00e8mes canadiens. Comment les urbanistes peuvent-ils aider ce pays \u00e0 \u00eatre r\u00e9silient?<\/p>\n\n\n\n<p>Les perturbations sont rarement impr\u00e9vues. Nous connaissons les facteurs de risque et nous pouvons planifier et nous pr\u00e9parer \u00e0 divers sc\u00e9narios. Les urbanistes sont bien plac\u00e9s pour identifier les sc\u00e9narios, \u00e9tablir des liens entre les disciplines et assurer le leadership en mati\u00e8re d&#8217;att\u00e9nuation des risques et de r\u00e9silience aux catastrophes.<\/p>\n<\/div>\n\n\n\n<div class=\"wp-block-column is-vertically-aligned-center is-layout-flow wp-block-column-is-layout-flow\" style=\"flex-basis:35%\">\n<div style=\"height:40px\" aria-hidden=\"true\" class=\"wp-block-spacer\"><\/div>\n\n\n\n<div style=\"height:100px\" aria-hidden=\"true\" class=\"wp-block-spacer\"><\/div>\n\n\n\n<figure class=\"wp-block-image size-full is-resized\"><img loading=\"lazy\" decoding=\"async\" width=\"940\" height=\"788\" src=\"https:\/\/www.cip-icu.ca\/wp-content\/uploads\/2025\/10\/2025-Winter-FBLI-EN.png\" alt=\"\" class=\"wp-image-39757\" style=\"width:444px;height:auto\" srcset=\"https:\/\/www.cip-icu.ca\/wp-content\/uploads\/2025\/10\/2025-Winter-FBLI-EN.png 940w, https:\/\/www.cip-icu.ca\/wp-content\/uploads\/2025\/10\/2025-Winter-FBLI-EN-636x533.png 636w, https:\/\/www.cip-icu.ca\/wp-content\/uploads\/2025\/10\/2025-Winter-FBLI-EN-768x644.png 768w, https:\/\/www.cip-icu.ca\/wp-content\/uploads\/2025\/10\/2025-Winter-FBLI-EN-600x503.png 600w\" sizes=\"auto, (max-width: 940px) 100vw, 940px\" \/><\/figure>\n<\/div>\n<\/div>\n\n\n\n<p>Comment les urbanistes aident-ils les communaut\u00e9s \u00e0 se pr\u00e9parer, \u00e0 r\u00e9agir et \u00e0 s&#8217;adapter \u00e0 des d\u00e9fis complexes? Nous aimerions conna\u00eetre votre opinion sur des sujets tels que&nbsp;:<\/p>\n\n\n\n<ul class=\"wp-block-list\">\n<li>Adaptation et r\u00e9silience;<\/li>\n\n\n\n<li>Cadres pour la recherche, la planification, la mobilisation des ressources, la r\u00e9ponse et le r\u00e9tablissement en cas de perturbations et de sc\u00e9narios d&#8217;urgence;<\/li>\n\n\n\n<li>Approches durables pour faire face \u00e0 l&#8217;incertitude \u00e9conomique et aux crises environnementales;<\/li>\n\n\n\n<li>R\u00e9duction des risques, minimisation de la vuln\u00e9rabilit\u00e9, pr\u00e9vention des situations d&#8217;urgence et att\u00e9nuation des catastrophes;<\/li>\n\n\n\n<li>Att\u00e9nuation des in\u00e9galit\u00e9s et promotion de la justice dans la planification et la r\u00e9ponse aux catastrophes;<\/li>\n\n\n\n<li>R\u00f4le des institutions, des strat\u00e9gies et de la l\u00e9gislation dans la r\u00e9ponse aux perturbations;<\/li>\n\n\n\n<li>Collaboration interdisciplinaire et intergouvernementale;<\/li>\n\n\n\n<li>Communication publique et participation \u00e0 la r\u00e9ponse aux perturbations;<\/li>\n\n\n\n<li>Sensibilisation aux perturbations;<\/li>\n\n\n\n<li>Diff\u00e9rences en mati\u00e8re de pr\u00e9paration et de r\u00e9sultats selon les zones g\u00e9ographiques et les groupes d\u00e9mographiques; et<\/li>\n\n\n\n<li>Pr\u00e9visibilit\u00e9 et impr\u00e9visibilit\u00e9.<\/li>\n<\/ul>\n\n\n\n<p>La date limite pour la soumission des articles pour notre num\u00e9ro d&#8217;hiver 2025 est <strong>le 20&nbsp;octobre&nbsp;2025<\/strong>.<\/p>\n\n\n\n<p>Les co-responsables de ce num\u00e9ro sont <a href=\"mailto:ezra.wasser@toronto.ca\">Ezra Wasser<\/a> UPC, MICU et <a href=\"mailto:harrisonmellis@gmail.com\">Harrison Ellis<\/a> UPC, MICU.<\/p>\n\n\n\n<div style=\"height:74px\" aria-hidden=\"true\" class=\"wp-block-spacer\"><\/div>\n\n\n\n<h3 class=\"wp-block-heading\"><strong>Les soumissions sont closes<\/strong>.<\/h3>\n","protected":false},"excerpt":{"rendered":"<p>Plan Canada vous prie d&#8217;annoncer le th\u00e8me gagnant de son \u00e9dition hiver 2025&nbsp;: planifier en pr\u00e9vision des perturbations&nbsp;: la r\u00e9silience dans un avenir incertain. Les&hellip;<\/p>\n","protected":false},"author":21,"featured_media":0,"parent":22153,"menu_order":0,"comment_status":"closed","ping_status":"closed","template":"","meta":{"_acf_changed":false,"footnotes":""},"class_list":["post-28900","page","type-page","status-publish","hentry"],"acf":[],"_links":{"self":[{"href":"https:\/\/www.cip-icu.ca\/fr\/wp-json\/wp\/v2\/pages\/28900","targetHints":{"allow":["GET"]}}],"collection":[{"href":"https:\/\/www.cip-icu.ca\/fr\/wp-json\/wp\/v2\/pages"}],"about":[{"href":"https:\/\/www.cip-icu.ca\/fr\/wp-json\/wp\/v2\/types\/page"}],"author":[{"embeddable":true,"href":"https:\/\/www.cip-icu.ca\/fr\/wp-json\/wp\/v2\/users\/21"}],"replies":[{"embeddable":true,"href":"https:\/\/www.cip-icu.ca\/fr\/wp-json\/wp\/v2\/comments?post=28900"}],"version-history":[{"count":5,"href":"https:\/\/www.cip-icu.ca\/fr\/wp-json\/wp\/v2\/pages\/28900\/revisions"}],"predecessor-version":[{"id":39965,"href":"https:\/\/www.cip-icu.ca\/fr\/wp-json\/wp\/v2\/pages\/28900\/revisions\/39965"}],"up":[{"embeddable":true,"href":"https:\/\/www.cip-icu.ca\/fr\/wp-json\/wp\/v2\/pages\/22153"}],"wp:attachment":[{"href":"https:\/\/www.cip-icu.ca\/fr\/wp-json\/wp\/v2\/media?parent=28900"}],"curies":[{"name":"wp","href":"https:\/\/api.w.org\/{rel}","templated":true}]}}