{"id":29155,"date":"2024-07-22T08:47:05","date_gmt":"2024-07-22T15:47:05","guid":{"rendered":"https:\/\/www.cip-icu.ca\/conference-nationale\/program-advisory-committee-application\/"},"modified":"2025-09-05T11:17:07","modified_gmt":"2025-09-05T18:17:07","slug":"candidature-comite-consultatif-programme","status":"publish","type":"page","link":"https:\/\/www.cip-icu.ca\/fr\/conference-nationale\/candidature-comite-consultatif-programme\/","title":{"rendered":"Comit\u00e9 consultatif de la programmation du congr\u00e8s national"},"content":{"rendered":"\n<div style=\"height:100px\" aria-hidden=\"true\" class=\"wp-block-spacer\"><\/div>\n\n<div class=\"wp-block-columns are-vertically-aligned-center is-layout-flex wp-container-core-columns-is-layout-9d6595d7 wp-block-columns-is-layout-flex\">\n<div class=\"wp-block-column is-vertically-aligned-center is-layout-flow wp-block-column-is-layout-flow\" style=\"flex-basis:65%\">\n<h2 class=\"wp-block-heading line-heading-full\">Possibilit\u00e9 de b\u00e9n\u00e9volat de l&#8217;ICU<\/h2>\n\n\n\n<h1 class=\"wp-block-heading\">Comit\u00e9 consultatif du programme de la <strong><mark style=\"background-color:rgba(0, 0, 0, 0)\" class=\"has-inline-color has-accent-color\">conf\u00e9rence nationale<\/mark><\/strong><\/h1>\n\n\n\n<p class=\"lede\">Portez-vous volontaire pour rejoindre notre comit\u00e9 consultatif du programme de la conf\u00e9rence nationale.<\/p>\n\n\n\n<p>Pour en savoir plus sur le comit\u00e9, consultez son mandat <a href=\"https:\/\/www.cip-icu.ca\/wp-content\/uploads\/2025\/07\/Conference-Committee-TOR-EN-Final_updated.pdf\" target=\"_blank\" rel=\"noreferrer noopener\">ici<\/a> (seulement disponible en anglais).<\/p>\n\n\n\n<p>Pour que votre candidature soit prise en consid\u00e9ration, veuillez remplir et soumettre le formulaire en ligne avant <strong>Lundi 3 septembre, 23h59 HP<\/strong>.<\/p>\n<\/div>\n\n\n\n<div class=\"wp-block-column is-vertically-aligned-center is-layout-flow wp-block-column-is-layout-flow\" style=\"flex-basis:35%\"><\/div>\n<\/div>\n\n<h5 class=\"wp-block-heading\"><strong>Ce formulaire de demande est d\u00e9sormais ferm\u00e9<br\/><br\/> <br\/> <br\/><\/strong><\/h5>\n\n<div style=\"height:40px\" aria-hidden=\"true\" class=\"wp-block-spacer\"><\/div>\n","protected":false},"excerpt":{"rendered":"<p>Se porter volontaire pour rejoindre le comit\u00e9 consultatif du programme de la conf\u00e9rence nationale.<\/p>\n","protected":false},"author":14,"featured_media":0,"parent":22147,"menu_order":0,"comment_status":"closed","ping_status":"closed","template":"","meta":{"_acf_changed":false,"footnotes":""},"class_list":["post-29155","page","type-page","status-publish","hentry"],"acf":[],"_links":{"self":[{"href":"https:\/\/www.cip-icu.ca\/fr\/wp-json\/wp\/v2\/pages\/29155","targetHints":{"allow":["GET"]}}],"collection":[{"href":"https:\/\/www.cip-icu.ca\/fr\/wp-json\/wp\/v2\/pages"}],"about":[{"href":"https:\/\/www.cip-icu.ca\/fr\/wp-json\/wp\/v2\/types\/page"}],"author":[{"embeddable":true,"href":"https:\/\/www.cip-icu.ca\/fr\/wp-json\/wp\/v2\/users\/14"}],"replies":[{"embeddable":true,"href":"https:\/\/www.cip-icu.ca\/fr\/wp-json\/wp\/v2\/comments?post=29155"}],"version-history":[{"count":11,"href":"https:\/\/www.cip-icu.ca\/fr\/wp-json\/wp\/v2\/pages\/29155\/revisions"}],"predecessor-version":[{"id":38882,"href":"https:\/\/www.cip-icu.ca\/fr\/wp-json\/wp\/v2\/pages\/29155\/revisions\/38882"}],"up":[{"embeddable":true,"href":"https:\/\/www.cip-icu.ca\/fr\/wp-json\/wp\/v2\/pages\/22147"}],"wp:attachment":[{"href":"https:\/\/www.cip-icu.ca\/fr\/wp-json\/wp\/v2\/media?parent=29155"}],"curies":[{"name":"wp","href":"https:\/\/api.w.org\/{rel}","templated":true}]}}