{"id":29173,"date":"2024-07-22T07:25:45","date_gmt":"2024-07-22T14:25:45","guid":{"rendered":"https:\/\/www.cip-icu.ca\/distinctions-et-prix\/prix-canadiens-dexcellence-en-urbanisme\/candidature-au-jury-du-pceu\/"},"modified":"2025-09-09T06:38:41","modified_gmt":"2025-09-09T13:38:41","slug":"candidature-au-jury-du-pceu","status":"publish","type":"page","link":"https:\/\/www.cip-icu.ca\/fr\/distinctions-et-prix\/pceu\/candidature-au-jury-du-pceu\/","title":{"rendered":"Candidature au jury du PCEU"},"content":{"rendered":"\n<div style=\"height:100px\" aria-hidden=\"true\" class=\"wp-block-spacer\"><\/div>\n\n<div class=\"wp-block-columns are-vertically-aligned-center is-layout-flex wp-container-core-columns-is-layout-9d6595d7 wp-block-columns-is-layout-flex\">\n<div class=\"wp-block-column is-vertically-aligned-center is-layout-flow wp-block-column-is-layout-flow\" style=\"flex-basis:65%\">\n<h2 class=\"wp-block-heading line-heading-full\">Possibilit\u00e9 de b\u00e9n\u00e9volat de l&#8217;ICU<\/h2>\n\n\n\n<h1 class=\"wp-block-heading\">Jury du Prix canadiens d&#8217;<mark style=\"background-color:rgba(0, 0, 0, 0)\" class=\"has-inline-color has-blue-2-color\"><strong>excellence en urbanisme<\/strong><\/mark> <\/h1>\n\n\n\n<p class=\"lede\">Joignez-vous au jury du Prix canadiens d&#8217;excellence en urbanisme. <\/p>\n\n\n\n<p>Pour en savoir plus sur le comit\u00e9, consultez son mandat <a href=\"https:\/\/www.cip-icu.ca\/wp-content\/uploads\/2024\/07\/CAPE-Jury-Terms-of-Reference-2024.pdf\">ici<\/a> (seulement disponible en anglais).<\/p>\n\n\n\n<p>Pour que votre candidature soit prise en consid\u00e9ration, veuillez remplir et soumettre le formulaire en ligne avant <strong>8 septembre 2025, 23h59 HP<\/strong>.<\/p>\n\n\n\n<p>*<strong>Remarque<\/strong>: la langue op\u00e9rationnelle des postes de volontaires de l&#8217;ICU est l&#8217;anglais. Les descriptions de poste et les termes de r\u00e9f\u00e9rence sont disponibles en anglais seulement.<\/p>\n<\/div>\n\n\n\n<div class=\"wp-block-column is-vertically-aligned-center is-layout-flow wp-block-column-is-layout-flow\" style=\"flex-basis:35%\"><\/div>\n<\/div>\n\n<h4 class=\"wp-block-heading\"><strong>Ce formulaire est d\u00e9sormais ferm\u00e9.<\/strong><\/h4>\n\n<div style=\"height:100px\" aria-hidden=\"true\" class=\"wp-block-spacer\"><\/div>\n","protected":false},"excerpt":{"rendered":"<p>Joignez-vous au jury du Prix canadiens d&#8217;excellence en urbanisme. <\/p>\n","protected":false},"author":14,"featured_media":28825,"parent":28846,"menu_order":0,"comment_status":"closed","ping_status":"closed","template":"","meta":{"_acf_changed":false,"footnotes":""},"class_list":["post-29173","page","type-page","status-publish","has-post-thumbnail","hentry"],"acf":[],"_links":{"self":[{"href":"https:\/\/www.cip-icu.ca\/fr\/wp-json\/wp\/v2\/pages\/29173","targetHints":{"allow":["GET"]}}],"collection":[{"href":"https:\/\/www.cip-icu.ca\/fr\/wp-json\/wp\/v2\/pages"}],"about":[{"href":"https:\/\/www.cip-icu.ca\/fr\/wp-json\/wp\/v2\/types\/page"}],"author":[{"embeddable":true,"href":"https:\/\/www.cip-icu.ca\/fr\/wp-json\/wp\/v2\/users\/14"}],"replies":[{"embeddable":true,"href":"https:\/\/www.cip-icu.ca\/fr\/wp-json\/wp\/v2\/comments?post=29173"}],"version-history":[{"count":9,"href":"https:\/\/www.cip-icu.ca\/fr\/wp-json\/wp\/v2\/pages\/29173\/revisions"}],"predecessor-version":[{"id":38953,"href":"https:\/\/www.cip-icu.ca\/fr\/wp-json\/wp\/v2\/pages\/29173\/revisions\/38953"}],"up":[{"embeddable":true,"href":"https:\/\/www.cip-icu.ca\/fr\/wp-json\/wp\/v2\/pages\/28846"}],"wp:featuredmedia":[{"embeddable":true,"href":"https:\/\/www.cip-icu.ca\/fr\/wp-json\/wp\/v2\/media\/28825"}],"wp:attachment":[{"href":"https:\/\/www.cip-icu.ca\/fr\/wp-json\/wp\/v2\/media?parent=29173"}],"curies":[{"name":"wp","href":"https:\/\/api.w.org\/{rel}","templated":true}]}}