{"id":29724,"date":"2024-09-09T08:11:35","date_gmt":"2024-09-09T12:11:35","guid":{"rendered":"https:\/\/www.cip-icu.ca\/benevole\/le-jury-des-honneurs-et-prix\/"},"modified":"2025-10-29T10:53:31","modified_gmt":"2025-10-29T14:53:31","slug":"le-jury-des-honneurs-et-prix","status":"publish","type":"page","link":"https:\/\/www.cip-icu.ca\/fr\/benevole\/le-jury-des-honneurs-et-prix\/","title":{"rendered":"Le jury des honneurs et prix"},"content":{"rendered":"\n<div class=\"wp-block-columns are-vertically-aligned-center is-layout-flex wp-container-core-columns-is-layout-9d6595d7 wp-block-columns-is-layout-flex\">\n<div class=\"wp-block-column is-vertically-aligned-center is-layout-flow wp-block-column-is-layout-flow\" style=\"flex-basis:65%\">\n<div style=\"height:100px\" aria-hidden=\"true\" class=\"wp-block-spacer\"><\/div>\n\n\n\n<h2 class=\"wp-block-heading line-heading-full\">Possibilit\u00e9 de b\u00e9n\u00e9volat de l&#8217;ICU<\/h2>\n\n\n\n<h1 class=\"wp-block-heading\"><strong><mark style=\"background-color:rgba(0, 0, 0, 0)\" class=\"has-inline-color has-blue-2-color\">Jury<\/mark><\/strong> d&#8217;honneur et de prix.<\/h1>\n\n\n\n<p class=\"lede\">Participez b\u00e9n\u00e9volement \u00e0 notre jury d&#8217;honneur et de prix.<\/p>\n\n\n\n<p>Les jur\u00e9s doivent \u00eatre des membres professionnels (MICU) ou des Fellows (FICU) de l&#8217;ICU en r\u00e8gle. <\/p>\n\n\n\n<p>Pour en savoir plus sur le comit\u00e9, consultez son mandat <a href=\"https:\/\/www.cip-icu.ca\/wp-content\/uploads\/2024\/09\/HAJ-Terms-of-Reference_FR-Final.pdf\" target=\"_blank\" rel=\"noreferrer noopener\">ici<\/a>.<\/p>\n\n\n\n<p>Pour que votre candidature soit prise en consid\u00e9ration, veuillez remplir et soumettre le formulaire en ligne avant <strong>27 octobre 2025, 23 h 59 HP<\/strong>.<\/p>\n<\/div>\n\n\n\n<div class=\"wp-block-column is-vertically-aligned-center is-layout-flow wp-block-column-is-layout-flow\" style=\"flex-basis:35%\"><\/div>\n<\/div>\n\n\n\n<h2 class=\"wp-block-heading\">Ce formulaire est d\u00e9sormais ferm\u00e9.<\/h2>\n\n\n\n<div style=\"height:60px\" aria-hidden=\"true\" class=\"wp-block-spacer\"><\/div>\n","protected":false},"excerpt":{"rendered":"<p>Participez b\u00e9n\u00e9volement \u00e0 notre jury d&#8217;honneur et de prix.<\/p>\n","protected":false},"author":14,"featured_media":28825,"parent":22136,"menu_order":0,"comment_status":"closed","ping_status":"closed","template":"","meta":{"_acf_changed":false,"footnotes":""},"class_list":["post-29724","page","type-page","status-publish","has-post-thumbnail","hentry"],"acf":[],"_links":{"self":[{"href":"https:\/\/www.cip-icu.ca\/fr\/wp-json\/wp\/v2\/pages\/29724","targetHints":{"allow":["GET"]}}],"collection":[{"href":"https:\/\/www.cip-icu.ca\/fr\/wp-json\/wp\/v2\/pages"}],"about":[{"href":"https:\/\/www.cip-icu.ca\/fr\/wp-json\/wp\/v2\/types\/page"}],"author":[{"embeddable":true,"href":"https:\/\/www.cip-icu.ca\/fr\/wp-json\/wp\/v2\/users\/14"}],"replies":[{"embeddable":true,"href":"https:\/\/www.cip-icu.ca\/fr\/wp-json\/wp\/v2\/comments?post=29724"}],"version-history":[{"count":5,"href":"https:\/\/www.cip-icu.ca\/fr\/wp-json\/wp\/v2\/pages\/29724\/revisions"}],"predecessor-version":[{"id":40173,"href":"https:\/\/www.cip-icu.ca\/fr\/wp-json\/wp\/v2\/pages\/29724\/revisions\/40173"}],"up":[{"embeddable":true,"href":"https:\/\/www.cip-icu.ca\/fr\/wp-json\/wp\/v2\/pages\/22136"}],"wp:featuredmedia":[{"embeddable":true,"href":"https:\/\/www.cip-icu.ca\/fr\/wp-json\/wp\/v2\/media\/28825"}],"wp:attachment":[{"href":"https:\/\/www.cip-icu.ca\/fr\/wp-json\/wp\/v2\/media?parent=29724"}],"curies":[{"name":"wp","href":"https:\/\/api.w.org\/{rel}","templated":true}]}}