{"id":30153,"date":"2024-10-15T13:19:15","date_gmt":"2024-10-15T17:19:15","guid":{"rendered":"https:\/\/www.cip-icu.ca\/?page_id=30153"},"modified":"2026-01-20T09:02:12","modified_gmt":"2026-01-20T14:02:12","slug":"lignes-directrices-pour-les-nominations-fellow","status":"publish","type":"page","link":"https:\/\/www.cip-icu.ca\/fr\/distinctions-et-prix\/lignes-directrices-pour-les-nominations-fellow\/","title":{"rendered":"Lignes directrices pour la nomination 2026 &#8211; Fellow"},"content":{"rendered":"\n<div style=\"height:113px\" aria-hidden=\"true\" class=\"wp-block-spacer\"><\/div>\n\n\n\n<h3 class=\"wp-block-heading line-heading-full\">Fellow de l&#8217;Institut canadien des urbanistes<\/h3>\n\n\n\n<h2 class=\"wp-block-heading has-accent-color has-text-color has-link-color wp-elements-5d6a0852fc8138caf68efd54167559e8\"><strong>Lignes directrices pour la nomination<\/strong> <mark style=\"background-color:rgba(0, 0, 0, 0)\" class=\"has-inline-color has-black-color\">2026 <\/mark><\/h2>\n\n\n\n<div style=\"height:50px\" aria-hidden=\"true\" class=\"wp-block-spacer\"><\/div>\n\n\n\n<div class=\"wp-block-columns is-layout-flex wp-container-core-columns-is-layout-9d6595d7 wp-block-columns-is-layout-flex\">\n<div class=\"wp-block-column is-layout-flow wp-block-column-is-layout-flow\" style=\"flex-basis:66.66%\">\n<p class=\"lede\">Le titre de Fellow de l&#8217;Institut canadien des urbanistes est la plus haute distinction que l&#8217;Institut puisse accorder \u00e0 un urbaniste. Cette distinction reconna\u00eet l&#8217;excellence, identifie des mod\u00e8les \u00e9minents, favorise les avanc\u00e9es dans la pratique de l&#8217;urbanisme et attire des leaders \u00e0 l&#8217;avant-garde de l&#8217;urbanisme au Canada. Ces r\u00e9alisations et cette exp\u00e9rience professionnelles doivent \u00eatre significatives dans un contexte d&#8217;urbanisme national ou international. Les Fellows utilisent fi\u00e8rement la d\u00e9signation FICU, pour d\u00e9signer le Fellow de l&#8217;Institut canadien des urbanistes.   <\/p>\n\n\n\n<p>Pour devenir Fellow, un membre doit \u00eatre propos\u00e9 par un autre membre en r\u00e8gle et respecter les crit\u00e8res de nomination. La candidature est ensuite soumise au jury des prix et distinctions de l&#8217;ICU, qui fait une recommandation au conseil d&#8217;administration de l&#8217;ICU. Les nouveaux Fellows sont pr\u00e9sent\u00e9s lors de la c\u00e9r\u00e9monie de remise des distinctions honorifiques et des prix au cours du congr\u00e8s national de l&#8217;ICU.  <\/p>\n\n\n\n<div style=\"height:27px\" aria-hidden=\"true\" class=\"wp-block-spacer\"><\/div>\n\n\n\n<p><a href=\"#dates\">Dates cles 2026<\/a><br><a href=\"#eligiblenominees\">Candidats \u00e9ligibles<br><\/a><a href=\"#submitnom\">Soumettre une candidature<br><\/a><a href=\"#dossierreq\">Exigences relatives au dossier<br><\/a><a href=\"#categoriesachievement\">Cat\u00e9gories de r\u00e9alisations<br><\/a><a href=\"#supportletters\">Lettres de soutien<br><\/a><a href=\"#submission\">Soumission<br><\/a><a href=\"#juryprocess\">Processus du jury<br><\/a><a href=\"#questions\">Questions<\/a><\/p>\n\n\n\n<div style=\"height:69px\" aria-hidden=\"true\" class=\"wp-block-spacer\"><\/div>\n<\/div>\n\n\n\n<div class=\"wp-block-column is-layout-flow wp-block-column-is-layout-flow\" style=\"flex-basis:33.33%\">\n<figure class=\"wp-block-image size-full is-resized\"><img loading=\"lazy\" decoding=\"async\" width=\"600\" height=\"600\" src=\"https:\/\/www.cip-icu.ca\/wp-content\/uploads\/2024\/10\/CIP_Credly_badge_EN_Fellow_600x600.png\" alt=\"\" class=\"wp-image-30180\" style=\"width:323px;height:auto\" srcset=\"https:\/\/www.cip-icu.ca\/wp-content\/uploads\/2024\/10\/CIP_Credly_badge_EN_Fellow_600x600.png 600w, https:\/\/www.cip-icu.ca\/wp-content\/uploads\/2024\/10\/CIP_Credly_badge_EN_Fellow_600x600-160x160.png 160w\" sizes=\"auto, (max-width: 600px) 100vw, 600px\" \/><\/figure>\n<\/div>\n<\/div>\n\n\n\n<h4 class=\"wp-block-heading has-accent-color has-text-color has-link-color wp-elements-f038d24898ba1aba3bcb88b2e1108ace\" id=\"dates\"><strong>Dates cles 2026<\/strong><\/h4>\n\n\n\n<figure class=\"wp-block-table\"><table class=\"has-fixed-layout mtr-table mtr-tr-td\"><tbody><tr><td data-mtr-content=\"Date limite de soumission des nominations\" class=\"mtr-td-tag\"><div class=\"mtr-cell-content\">Date limite de soumission des nominations<\/div><\/td><td data-mtr-content=\"27 janvier 2026 \u00e0 23 h 59 HE\" class=\"mtr-td-tag\"><div class=\"mtr-cell-content\">27 janvier 2026 \u00e0 23 h 59 HE<\/div><\/td><\/tr><tr><td data-mtr-content=\"Date limite de soumission des nominations\" class=\"mtr-td-tag\"><div class=\"mtr-cell-content\">Envoi d\u2019un avis aux proposants et aux candidats retenus<\/div><\/td><td data-mtr-content=\"27 janvier 2026 \u00e0 23 h 59 HE\" class=\"mtr-td-tag\"><div class=\"mtr-cell-content\">avril 2026<\/div><\/td><\/tr><tr><td data-mtr-content=\"Date limite de soumission des nominations\" class=\"mtr-td-tag\"><div class=\"mtr-cell-content\">Annonce publique des nouveaux Fellows<\/div><\/td><td data-mtr-content=\"27 janvier 2026 \u00e0 23 h 59 HE\" class=\"mtr-td-tag\"><div class=\"mtr-cell-content\">28 mai 2026<\/div><\/td><\/tr><tr><td data-mtr-content=\"Date limite de soumission des nominations\" class=\"mtr-td-tag\"><div class=\"mtr-cell-content\">C\u00e9r\u00e9monie de remise des prix et honneurs \u2013 Montr\u00e9al, QC<\/div><\/td><td data-mtr-content=\"27 janvier 2026 \u00e0 23 h 59 HE\" class=\"mtr-td-tag\"><div class=\"mtr-cell-content\">\u00e0 d\u00e9terminer<\/div><\/td><\/tr><\/tbody><\/table><\/figure>\n\n\n\n<div style=\"height:50px\" aria-hidden=\"true\" class=\"wp-block-spacer\"><\/div>\n\n\n\n<h4 class=\"wp-block-heading\" id=\"eligiblenominees\"><strong>Candidats \u00e9ligibles<\/strong><\/h4>\n\n\n\n<p>Le titre de FICU peut \u00eatre accord\u00e9 \u00e0 un planificateur qui r\u00e9pond aux deux crit\u00e8res suivants :<\/p>\n\n\n\n<ol class=\"wp-block-list\">\n<li>est ou a \u00e9t\u00e9 membre de l\u2019ICU en r\u00e8gle pendant au moins dix ans<br><br>ou<br><br>est une personne qui \u00e9tait membre de l&#8217;ICU et qui est maintenant \u00e0 la retraite, tel que d\u00e9fini dans les statuts<br><br>ou<br><br>est une personne qui a \u00e9t\u00e9 membre de l\u2019ICU en r\u00e8gle et qui est mis en nomination \u00e0 titre posthume dans les cinq ann\u00e9es suivant son d\u00e9c\u00e8s<br><\/li>\n\n\n\n<li>a atteint un haut niveau d\u2019excellence dans au moins deux des cat\u00e9gories suivantes et a apport\u00e9 une contribution d\u2019importance nationale dans l\u2019une d\u2019elles :<\/li>\n<\/ol>\n\n\n\n<ul class=\"wp-block-list\">\n<li>Pratique professionnelle<\/li>\n\n\n\n<li>Enseignement et mentorat \u00e0 l\u2019intention d\u2019urbanistes<\/li>\n\n\n\n<li>Urbanisme et recherche communautaire<\/li>\n\n\n\n<li>Service communautaire et leadership dans la profession<\/li>\n<\/ul>\n\n\n\n<div style=\"height:38px\" aria-hidden=\"true\" class=\"wp-block-spacer\"><\/div>\n\n\n\n<p class=\"has-white-color has-accent-background-color has-text-color has-background has-link-color wp-elements-33a860dbafc7e8ebe197e3bf780a8f2c\"><em>L&#8217;ICU c\u00e9l\u00e8bre et promeut la diversit\u00e9, l&#8217;\u00e9galit\u00e9 et l&#8217;inclusion en offrant des chances \u00e9gales \u00e0 toutes les personnes qualifi\u00e9es, sans \u00e9gard \u00e0 la race, la couleur, l&#8217;origine ethnique, la religion, le sexe, l&#8217;\u00e2ge, l&#8217;origine nationale, le handicap, l&#8217;orientation sexuelle ou l&#8217;apparence.<\/em> <em>L&#8217;ICU croit que le fait d&#8217;honorer les planificateurs qui refl\u00e8tent la diversit\u00e9 de nos membres et de la population canadienne nous rend plus forts.<\/em><\/p>\n\n\n\n<div style=\"height:38px\" aria-hidden=\"true\" class=\"wp-block-spacer\"><\/div>\n\n\n\n<h4 class=\"wp-block-heading\" id=\"submitnom\"><strong>Soumettre une nomination<\/strong><\/h4>\n\n\n\n<p>Tout Fellow (FICU), membre professionnel (MICU) ou membre \u00e0 la retraite de l&#8217;ICU en r\u00e8gle peut pr\u00e9senter un candidat au titre de Fellow.<\/p>\n\n\n\n<p>Pour \u00e9viter la partialit\u00e9, l&#8217;ICU a \u00e9dict\u00e9 des exigences strictes, en pr\u00e9cisant quelles personnes ne peuvent pas pr\u00e9senter un candidat au titre de Fellow. Les personnes suivantes ne peuvent pas pr\u00e9senter un candidat ou r\u00e9diger une lettre d&#8217;appui : <\/p>\n\n\n\n<ul class=\"wp-block-list\">\n<li>un membre du Jury des prix et distinctions de l\u2019ICU<\/li>\n\n\n\n<li>un membre du Conseil d&#8217;administration de l&#8217;ICU<\/li>\n<\/ul>\n\n\n\n<p>Il incombe au proposant de cr\u00e9er un dossier complet et de le pr\u00e9senter en temps voulu. Les proposants doivent conna\u00eetre les exigences et les \u00e9ch\u00e9ances reli\u00e9es \u00e0 la pr\u00e9sentation des dossiers de candidature. Il doit aussi conna\u00eetre le travail du candidat et il a le devoir \u00e9thique de veiller \u00e0 l&#8217;exactitude du dossier.  <\/p>\n\n\n\n<p>Le proposant de la candidature est responsable de la pr\u00e9paration du dossier de candidature \u00e0 l&#8217;insu du candidat. Il est obligatoire que le dossier soit pr\u00e9sent\u00e9 de fa\u00e7on confidentielle. Dans le cas o\u00f9 cette exigence ne serait pas respect\u00e9e, le dossier de nomination pourrait \u00eatre rejet\u00e9. De plus, il est fortement recommand\u00e9 que la famille du candidat ne soit pas inform\u00e9e de sa candidature.   <\/p>\n\n\n\n<p>Le dossier \u00e9crit rev\u00eat une importance capitale puisque le jury se fie au contenu du dossier pour formuler sa recommandation. Le jury ne cherche pas d&#8217;autres informations. <\/p>\n\n\n\n<div style=\"height:43px\" aria-hidden=\"true\" class=\"wp-block-spacer\"><\/div>\n\n\n\n<div class=\"wp-block-group has-gainsboro-background-color has-background\"><div class=\"wp-block-group__inner-container is-layout-constrained wp-block-group-is-layout-constrained\">\n<h4 class=\"wp-block-heading\" id=\"dossierreq\"><strong>Exigence du dossier<\/strong><\/h4>\n\n\n\n<p>Chaque dossier doit comprendre les sections suivantes :<\/p>\n\n\n\n<p>1. Partie A : Une table des mati\u00e8res r\u00e9sumant le contenu du dossier de mise en candidature<\/p>\n\n\n\n<p>2. Partie B : Un aper\u00e7u d&#8217;une page maximum de la soumission qui pr\u00e9cise les cat\u00e9gories dans lesquelles le candidat a \u00e9t\u00e9 propos\u00e9, un r\u00e9sum\u00e9 des contributions importantes du candidat en mati\u00e8re d&#8217;urbanisme sur la sc\u00e8ne nationale\/internationale, ainsi qu&#8217;une liste des personnes qui appuient la candidature et dont la lettre fait partie du dossier de candidature<\/p>\n\n\n\n<p>3. Partie C : Un curriculum vitae \u00e0 jour du candidat, de 4 pages maximum, mettant l&#8217;accent sur les r\u00f4les jou\u00e9s qui sont essentiels pour la nomination en tant que Fellow<\/p>\n\n\n\n<p>4. Partie D : Une description de 2 pages maximum des contributions du candidat dans chaque cat\u00e9gorie s\u00e9lectionn\u00e9e, jusqu&#8217;\u00e0 un maximum de 8 pages au total (pour 4 cat\u00e9gories qualifiantes), avec des preuves irr\u00e9futables d\u00e9montrant l&#8217;excellence des r\u00e9alisations du candidat par rapport aux crit\u00e8res de nomination<\/p>\n\n\n\n<p>5. Partie E : Un minimum de cinq et un maximum de huit lettres d\u2019appui de l\u2019un ou l\u2019autre des suivants :<\/p>\n\n\n\n<ul class=\"wp-block-list\">\n<li>Membres professionnels de l\u2019ICU en r\u00e8gle<\/li>\n\n\n\n<li>Membre \u00e0 la retraite de l\u2019ICU en r\u00e8gle<\/li>\n<\/ul>\n\n\n\n<p>6. Partie F (optionnelle) : Un maximum de cinq lettres d\u2019appui additionnelles de l\u2019un ou l\u2019autre des suivants :<\/p>\n\n\n\n<ul class=\"wp-block-list\">\n<li>Membres candidats de l\u2019ICU en r\u00e8gle<\/li>\n\n\n\n<li>Membres pr\u00e9candidats de l\u2019ICU en r\u00e8gle<\/li>\n\n\n\n<li>Membres \u00e9tudiants de l\u2019ICU en r\u00e8gle<\/li>\n\n\n\n<li>Membres associ\u00e9s du public de l\u2019ICU en r\u00e8gle<\/li>\n\n\n\n<li>Non-membres de l\u2019ICU<\/li>\n<\/ul>\n\n\n\n<p>7. Partie G : Un document sign\u00e9 par le proposant confirmant la confidentialit\u00e9 du processus de mise en candidature et qu&#8217;\u00e0 sa connaissance, le candidat n&#8217;est pas au courant de sa mise en nomination en lien avec le statut de FICU<\/p>\n<\/div><\/div>\n\n\n\n<div style=\"height:61px\" aria-hidden=\"true\" class=\"wp-block-spacer\"><\/div>\n\n\n\n<h4 class=\"wp-block-heading\" id=\"categoriesachievement\"><strong>Cat\u00e9gories de r\u00e9alisations<\/strong><\/h4>\n\n\n\n<p>Le dossier d&#8217;un candidat doit d\u00e9montrer l\u2019excellence et l\u2019\u00e9tendue de son exp\u00e9rience en urbanisme dans au moins deux des quatre cat\u00e9gories suivantes. L\u2019importance de sa contribution \u00e0 l\u2019\u00e9gard de l\u2019urbanisme \u00e0 l\u2019\u00e9chelle nationale ou internationale doit, ou son potentiel \u00e0 \u00eatre adopt\u00e9e \u00e0 l&#8217;\u00e9chelle nationale ou internationale, \u00eatre d\u00e9montr\u00e9e dans au moins une des cat\u00e9gories*. Si une contribution est d\u00e9crite comme \u00ab innovante \u00bb, expliquez en quoi cette contribution est v\u00e9ritablement originale et a un impact sur la th\u00e9orie, l&#8217;enseignement, la pratique ou la profession de l&#8217;urbanisme.  <\/p>\n\n\n\n<ol class=\"wp-block-list\">\n<li><strong>Pratique professionnelle<\/strong><\/li>\n<\/ol>\n\n\n\n<p>Le candidat fait preuve d&#8217;une r\u00e9ussite exceptionnelle dans la pratique de l&#8217;urbanisme et la ma\u00eetrise de la th\u00e9orie, des approches et des techniques de l&#8217;urbanisme. Ces r\u00e9alisations doivent \u00eatre illustr\u00e9es par l&#8217;\u00e9laboration et la mise en \u0153uvre de plans, de projets ou de politiques, <strong>dans des communaut\u00e9s de toute taille et \u00e0 tout niveau de juridiction<\/strong>, et \u00e9tay\u00e9es par des preuves de r\u00e9alisations importantes. Dans cette cat\u00e9gorie, les preuves de r\u00e9alisations exceptionnelles dans les domaines suivants : <\/p>\n\n\n\n<ol style=\"list-style-type:lower-roman\" class=\"wp-block-list\">\n<li>exercer une pratique professionnelle pendant une p\u00e9riode prolong\u00e9e<\/li>\n\n\n\n<li>apporter des contributions en mati\u00e8re d&#8217;urbanisme d\u00e9montrant une ma\u00eetrise des principes dans ce domaine<\/li>\n\n\n\n<li>assumer la responsabilit\u00e9 de contributions en mati\u00e8re d&#8217;urbanisme qui ont apport\u00e9 d\u2019importants changements positifs au sein d&#8217;une collectivit\u00e9<\/li>\n\n\n\n<li>capacit\u00e9 av\u00e9r\u00e9e de transf\u00e9rer la connaissance et la pratique en mati\u00e8re d&#8217;urbanisme d&#8217;un endroit \u00e0 l&#8217;autre<br><br>2. <strong>Enseignement et mentorat des urbanistes<\/strong><\/li>\n<\/ol>\n\n\n\n<p>Le candidat fait preuve d&#8217;une <strong>r\u00e9ussite exceptionnelle dans l&#8217;avancement et le partage des connaissances et des pratiques en mati\u00e8re d&#8217;urbanisme <\/strong>en enseignant l&#8217;urbanisme et\/ou en encadrant des urbanistes en dehors d&#8217;une relation employ\u00e9-employeur. Cela devrait \u00eatre appuy\u00e9 par des preuves de r\u00e9alisations importantes dans les domaines suivants : <\/p>\n\n\n\n<ol style=\"list-style-type:lower-roman\" class=\"wp-block-list\">\n<li>assurer l&#8217;enseignement ou\/et le mentorat pendant une p\u00e9riode prolong\u00e9e<\/li>\n\n\n\n<li>exercer une influence sur la pratique de l&#8217;urbanisme dans le contexte canadien et\/ou sur la sc\u00e8ne internationale<\/li>\n\n\n\n<li>faire preuve de leadership dans l&#8217;essor de l&#8217;enseignement de l&#8217;urbanisme et\/ou le mentorat des urbanistes<\/li>\n\n\n\n<li>faire preuve depuis longtemps d&#8217;un engagement exceptionnel dans la formation \u00e0 l&#8217;urbanisme<br><br>3.<strong> Urbanisme et recherche communautaire<\/strong><\/li>\n<\/ol>\n\n\n\n<p>Le candidat fait preuve d&#8217;une r\u00e9ussite exceptionnelle en apportant une <strong>contribution significative<\/strong> aux fondements th\u00e9oriques de l&#8217;urbanisme et \u00e0 sa pratique. Cela devrait \u00eatre appuy\u00e9 par des preuves de r\u00e9alisations importantes dans les domaines suivants : <\/p>\n\n\n\n<ol style=\"list-style-type:lower-roman\" class=\"wp-block-list\">\n<li>avoir effectu\u00e9 des recherches pendant une p\u00e9riode prolong\u00e9e<\/li>\n\n\n\n<li>faire preuve d&#8217;innovation dans le domaine de l&#8217;urbanisme et de la recherche communautaire<\/li>\n\n\n\n<li>appliquer la recherche \u00e0 la pratique de l&#8217;urbanisme dans des contextes canadiens et\/ou internationaux<br><br>4. <strong>Service communautaire et leadership dans la profession<\/strong><\/li>\n<\/ol>\n\n\n\n<p>Le candidat fait preuve d&#8217;une r\u00e9ussite exceptionnelle et d&#8217;une grande exp\u00e9rience dans <strong>l&#8217;avancement de la profession d&#8217;urbaniste et des principes d&#8217;urbanisme au profit du domaine public<\/strong>. Cela devrait \u00eatre appuy\u00e9 par des preuves de r\u00e9alisations importantes dans les domaines suivants : <\/p>\n\n\n\n<ol style=\"list-style-type:lower-roman\" class=\"wp-block-list\">\n<li>Jouer un r\u00f4le de chef de file en mati\u00e8re de service communautaire en urbanisme pendant une p\u00e9riode prolong\u00e9e<\/li>\n\n\n\n<li>faire preuve de leadership dans la profession pendant une p\u00e9riode prolong\u00e9e<\/li>\n\n\n\n<li>exercer une influence en urbanisme dans l\u2019int\u00e9r\u00eat du domaine public et de la profession d&#8217;urbaniste au Canada<\/li>\n\n\n\n<li>soutien des activit\u00e9s men\u00e9es par les communaut\u00e9s qui font progresser la participation des communaut\u00e9s \u00e0 l&#8217;urbanisme<\/li>\n<\/ol>\n\n\n\n<div style=\"height:49px\" aria-hidden=\"true\" class=\"wp-block-spacer\"><\/div>\n\n\n\n<p><strong><em>*<\/em><\/strong><strong> C<\/strong><em><strong>ontributions d&#8217;importance nationale\/internationale :<\/strong><\/em><\/p>\n\n\n\n<p>\u00c9tant donn\u00e9 que le titre de FICU est une d\u00e9signation nationale, l&#8217;accent est mis sur les contributions du candidat \u00e0 l&#8217;urbanisme professionnel au niveau national ou international et doit \u00eatre d\u00e9montr\u00e9 dans au moins une cat\u00e9gorie.<\/p>\n\n\n\n<p>Une contribution consid\u00e9r\u00e9e comme \u00e9tant d&#8217;importance nationale ou internationale peut comprendre un ou plusieurs des \u00e9l\u00e9ments suivants :<\/p>\n\n\n\n<ul class=\"wp-block-list\">\n<li>L&#8217;\u00e9laboration de politiques, d&#8217;approches de probl\u00e8mes, de conceptions ou de services inhabituels (uniques) qui sont <strong>con\u00e7us localement et qui offrent le potentiel<\/strong> <strong>d&#8217;\u00eatre adopt\u00e9s par d&#8217;autres juridictions<\/strong> \u00e0 divers endroits au Canada ou \u00e0 l&#8217;\u00e9tranger, ou qui le sont par la suite<\/li>\n\n\n\n<li>La participation active, pendant une p\u00e9riode prolong\u00e9e, \u00e0 la formulation, au d\u00e9bat et\/ou \u00e0 la mise en \u0153uvre de politiques et de propositions qui ont ou pourraient avoir un impact national significatif<\/li>\n\n\n\n<li>Des recherches universitaires ou des pratiques professionnelles qui apportent ou pourraient apporter une contribution extraordinaire dans un contexte national ou international<\/li>\n\n\n\n<li>Les r\u00e9alisations internationales d&#8217;un candidat qu&#8217;il introduit dans le contexte de l&#8217;urbanisme canadien peuvent constituer une contribution nationale importante<\/li>\n\n\n\n<li>Service exemplaire \u00e0 l&#8217;ICU pendant une p\u00e9riode prolong\u00e9e dans une vari\u00e9t\u00e9 de r\u00f4les<\/li>\n<\/ul>\n\n\n\n<div style=\"height:60px\" aria-hidden=\"true\" class=\"wp-block-spacer\"><\/div>\n\n\n\n<h4 class=\"wp-block-heading\" id=\"supportletters\"><strong>Lettres d&#8217;appui<\/strong><\/h4>\n\n\n\n<p>Les lettres accompagnant le dossier de mise en candidature d&#8217;un Fellow sont un aspect essentiel de la candidature. Les auteurs des lettres d&#8217;appui doivent conna\u00eetre le travail du candidat. Ces lettres doivent expliquer comment selon l\u2019auteur le candidat satisfait aux crit\u00e8res de s\u00e9lection.  <\/p>\n\n\n\n<p>Les lettres doivent comporter les \u00e9l\u00e9ments suivants :<\/p>\n\n\n\n<ul class=\"wp-block-list\">\n<li>l&#8217;identit\u00e9 de l&#8217;auteur de la lettre<\/li>\n\n\n\n<li>depuis combien de temps et \u00e0 quel titre l&#8217;auteur de la lettre conna\u00eet le candidat<\/li>\n\n\n\n<li>les raisons pour lesquelles le travail du candidat est d&#8217;importance nationale ou remarquable pour d&#8217;autres raisons et des faits justifiant ces affirmations<\/li>\n\n\n\n<li>la signature de l&#8217;auteur de la lettre<\/li>\n<\/ul>\n\n\n\n<p>Les lettres d&#8217;appui ne devraient pas :<\/p>\n\n\n\n<ul class=\"wp-block-list\">\n<li>\u00eatre r\u00e9dig\u00e9es par un membre du personnel de la m\u00eame entreprise ou par un employ\u00e9 imm\u00e9diat sauf dans le cas d\u2019une candidature \u00e0 titre posthume<\/li>\n\n\n\n<li>\u00eatre de simples lettres d&#8217;appui<\/li>\n<\/ul>\n\n\n\n<p>Facteurs \u00e0 prendre en consid\u00e9ration pour les lettres d&#8217;appui :<\/p>\n\n\n\n<ul class=\"wp-block-list\">\n<li>Un dossier bien \u00e9toff\u00e9 contient des lettres de diverses sources soulignant les r\u00e9alisations du candidat selon diff\u00e9rentes perspectives<\/li>\n\n\n\n<li>Un dossier bien \u00e9toff\u00e9 fournit une \u00e9valuation ind\u00e9pendante des contributions provenant de sources autres que celles des auteurs de lettres \u2013 les \u00e9valuations qui mettent en \u00e9vidence l&#8217;importance des r\u00e9alisations prennent plusieurs formes, notamment : des prix, r\u00e9compenses, honneurs, t\u00e9moignages, publications \u00e0 l&#8217;\u00e9chelle nationale ou internationale t\u00e9moignant d&#8217;id\u00e9es ou de r\u00e9sultats de recherche et d\u2019autres moyens par lesquels l\u2019excellence professionnelle est r\u00e9compens\u00e9e<\/li>\n\n\n\n<li>Si une contribution est d\u00e9crite comme &#8220;innovante&#8221;, expliquez en quoi cette contribution est r\u00e9ellement originale et a un impact sur la th\u00e9orie, l&#8217;enseignement, la pratique ou la profession de l\u2019urbanisme<\/li>\n\n\n\n<li>Une liste de r\u00e9alisations ne permet pas en soi au jury de d\u00e9cider de leur importance \u2013 les personnes qui connaissent le candidat doivent fournir un contexte et des preuves \u00e0 l&#8217;appui pour aider le jury \u00e0 proc\u00e9der \u00e0 cette \u00e9valuation \u2013 veuillez d\u00e9montrer au jury de quelle fa\u00e7on cette personne se d\u00e9marque d&#8217;autres membres actifs et comp\u00e9tents de l&#8217;ICU<\/li>\n\n\n\n<li>La connaissance par le r\u00e9dacteur de l&#8217;importance nationale\/internationale de la contribution du candidat \u00e0 l&#8217;urbanisme (voir la section sur les cat\u00e9gories de r\u00e9alisations)<\/li>\n<\/ul>\n\n\n\n<div style=\"height:65px\" aria-hidden=\"true\" class=\"wp-block-spacer\"><\/div>\n\n\n\n<div class=\"wp-block-group has-gainsboro-background-color has-background\"><div class=\"wp-block-group__inner-container is-layout-constrained wp-block-group-is-layout-constrained\">\n<h4 class=\"wp-block-heading\" id=\"submission\"><strong>Soumission<\/strong><\/h4>\n\n\n\n<p>Le dossier doit \u00eatre t\u00e9l\u00e9charg\u00e9 sur <a href=\"https:\/\/canadianinstituteofplanners.submittable.com\/submit\/336706\/nominations-au-college-des-fellows-de-licu\">SUBMITTABLE<\/a> avant le lundi 27 janvier 2026 \u00e0 23 h 59 HE<\/p>\n<\/div><\/div>\n\n\n\n<div style=\"height:60px\" aria-hidden=\"true\" class=\"wp-block-spacer\"><\/div>\n\n\n\n<h4 class=\"wp-block-heading\" id=\"juryprocess\"><strong>Le processus du jury <\/strong><\/h4>\n\n\n\n<p>Les membres du jury sont choisis par le Conseil d&#8217;administration de l&#8217;ICU et ils poss\u00e8dent diff\u00e9rents types d&#8217;exp\u00e9rience dans la pratique professionnelle ou le milieu universitaire. Au moins cinq membres du jury doivent \u00eatre des Fellows de l&#8217;ICU. <\/p>\n\n\n\n<p>Les t\u00e2ches du jury sont les suivantes<\/p>\n\n\n\n<ol class=\"wp-block-list\">\n<li>favoriser les nominations d&#8217;urbanistes remarquables de partout au pays de mani\u00e8re inclusive<\/li>\n\n\n\n<li>examiner chaque dossier pr\u00e9sent\u00e9<\/li>\n\n\n\n<li>recommander les candidats pour l\u2019\u00e9lection \u00e0 titre de Fellows uniquement en fonction de leurs r\u00e9alisations professionnelles remarquables et de leurs importantes contributions nationales en mati\u00e8re d&#8217;urbanisme canadien<\/li>\n\n\n\n<li>pr\u00e9senter les recommandations au Conseil d&#8217;administration de l&#8217;ICU aux fins de ratification<\/li>\n<\/ol>\n\n\n\n<p>Le pr\u00e9sident de l&#8217;ICU informe les nouveaux Fellows de leur d\u00e9signation, ou les repr\u00e9sentants d\u2019un Fellow d\u00e9sign\u00e9 \u00e0 titre posthume. Lorsqu&#8217;un laur\u00e9at (ou une personne d\u00e9sign\u00e9e) ne peut pas participer \u00e0 la conf\u00e9rence, un autre lieu de pr\u00e9sentation sera propos\u00e9. <\/p>\n\n\n\n<div style=\"height:61px\" aria-hidden=\"true\" class=\"wp-block-spacer\"><\/div>\n\n\n\n<h4 class=\"wp-block-heading\" id=\"questions\"><strong>Questions<\/strong><\/h4>\n\n\n\n<p>Les questions relatives au processus de la s\u00e9lection des Fellows peuvent \u00eatre transmises par courriel \u00e0 l\u2019adresse<a href=\"mailto:impact@cip-icu.ca\"> impact@cip-icu.ca.<\/a><\/p>\n\n\n\n<div style=\"height:100px\" aria-hidden=\"true\" class=\"wp-block-spacer\"><\/div>\n","protected":false},"excerpt":{"rendered":"<p>Le titre de Fellow de l&#8217;Institut canadien des urbanistes est la plus haute distinction que l&#8217;Institut puisse accorder \u00e0 un urbaniste. Cette distinction reconna\u00eet l&#8217;excellence,&hellip;<\/p>\n","protected":false},"author":21,"featured_media":0,"parent":22148,"menu_order":0,"comment_status":"closed","ping_status":"closed","template":"","meta":{"_acf_changed":false,"footnotes":""},"class_list":["post-30153","page","type-page","status-publish","hentry"],"acf":[],"_links":{"self":[{"href":"https:\/\/www.cip-icu.ca\/fr\/wp-json\/wp\/v2\/pages\/30153","targetHints":{"allow":["GET"]}}],"collection":[{"href":"https:\/\/www.cip-icu.ca\/fr\/wp-json\/wp\/v2\/pages"}],"about":[{"href":"https:\/\/www.cip-icu.ca\/fr\/wp-json\/wp\/v2\/types\/page"}],"author":[{"embeddable":true,"href":"https:\/\/www.cip-icu.ca\/fr\/wp-json\/wp\/v2\/users\/21"}],"replies":[{"embeddable":true,"href":"https:\/\/www.cip-icu.ca\/fr\/wp-json\/wp\/v2\/comments?post=30153"}],"version-history":[{"count":10,"href":"https:\/\/www.cip-icu.ca\/fr\/wp-json\/wp\/v2\/pages\/30153\/revisions"}],"predecessor-version":[{"id":41491,"href":"https:\/\/www.cip-icu.ca\/fr\/wp-json\/wp\/v2\/pages\/30153\/revisions\/41491"}],"up":[{"embeddable":true,"href":"https:\/\/www.cip-icu.ca\/fr\/wp-json\/wp\/v2\/pages\/22148"}],"wp:attachment":[{"href":"https:\/\/www.cip-icu.ca\/fr\/wp-json\/wp\/v2\/media?parent=30153"}],"curies":[{"name":"wp","href":"https:\/\/api.w.org\/{rel}","templated":true}]}}