{"id":30164,"date":"2024-10-15T13:21:37","date_gmt":"2024-10-15T17:21:37","guid":{"rendered":"https:\/\/www.cip-icu.ca\/?page_id=30164"},"modified":"2026-01-20T09:03:30","modified_gmt":"2026-01-20T14:03:30","slug":"lignes-directrices-pour-les-nominations-membre-honoraire","status":"publish","type":"page","link":"https:\/\/www.cip-icu.ca\/fr\/distinctions-et-prix\/lignes-directrices-pour-les-nominations-membre-honoraire\/","title":{"rendered":"Lignes directrices pour la nomination 2026 &#8211; Membre honoraire"},"content":{"rendered":"\n<div style=\"height:113px\" aria-hidden=\"true\" class=\"wp-block-spacer\"><\/div>\n\n\n\n<h3 class=\"wp-block-heading line-heading-full\">Membre honoraire de l&#8217;Institut canadien des urbanistes<\/h3>\n\n\n\n<h2 class=\"wp-block-heading has-accent-color has-text-color has-link-color wp-elements-7a74bf2820408a7e4f2efae9da6d5f7c\">Lignes directrices pour la nomination <mark style=\"background-color:rgba(0, 0, 0, 0)\" class=\"has-inline-color has-black-color\">2026<\/mark><strong><br><\/strong><\/h2>\n\n\n\n<div style=\"height:50px\" aria-hidden=\"true\" class=\"wp-block-spacer\"><\/div>\n\n\n\n<div class=\"wp-block-columns is-layout-flex wp-container-core-columns-is-layout-9d6595d7 wp-block-columns-is-layout-flex\">\n<div class=\"wp-block-column is-layout-flow wp-block-column-is-layout-flow\" style=\"flex-basis:66.66%\">\n<p class=\"lede\">Le titre de membre honoraire de l\u2019Institut canadien des urbanistes est la plus grande distinction que l\u2019Institut puisse d\u00e9cerner \u00e0 un ou une non-urbaniste. Cette distinction prestigieuse, institu\u00e9e en 2019, souligne le travail de particuliers qui \u0153uvrent hors du cadre de la profession urbanistique et dont la contribution est notable sur le plan de la promotion ou de l\u2019am\u00e9lioration de la pratique de l\u2019urbanisme et de la profession. Cette distinction reconna\u00eet l\u2019apport hors du commun d\u2019une personne \u00e0 la vitalit\u00e9, la r\u00e9silience et la p\u00e9rennit\u00e9 d\u2019une ou de plusieurs collectivit\u00e9s au Canada ou \u00e0 travers le monde.<\/p>\n\n\n\n<p>Pour devenir membre honoraire, une personne doit \u00eatre propos\u00e9e par un membre en r\u00e8gle de l&#8217;ICU et respecter les crit\u00e8res de nomination. Le dossier de mise en nomination est alors transmis au Jury des prix et distinctions de l&#8217;ICU qui fait une recommandation au Conseil d\u2019administration de l\u2019ICU. Les nouveaux membres honoraires sont pr\u00e9sent\u00e9s lors de la c\u00e9r\u00e9monie de remise des distinctions honorifiques et des prix au cours du congr\u00e8s national de l&#8217;ICU. Les membres honoraires n&#8217;ont pas le droit de vote au sein de l&#8217;Institut.<\/p>\n\n\n\n<div style=\"height:27px\" aria-hidden=\"true\" class=\"wp-block-spacer\"><\/div>\n\n\n\n<p><a href=\"#dates\">Dates cles 2026<\/a><br><a href=\"#eligiblenominees\">Candidats admissibles<br><\/a><a href=\"#submitnom\">Soumettre une candidature<br><\/a><a href=\"#dossierreq\">Conditions du dossier<\/a><br><a href=\"#plancontr\">Contributions \u00e0 l&#8217;urbanisme<br><\/a><a href=\"#supportletters\">Lettres de soutien<br><\/a><a href=\"#submission\">Soumission<br><\/a><a href=\"#juryprocess\">Proc\u00e9dure du jury<br><\/a><a href=\"#questions\">Questions<\/a><\/p>\n\n\n\n<div style=\"height:69px\" aria-hidden=\"true\" class=\"wp-block-spacer\"><\/div>\n<\/div>\n\n\n\n<div class=\"wp-block-column is-layout-flow wp-block-column-is-layout-flow\" style=\"flex-basis:33.33%\">\n<figure class=\"wp-block-image size-large is-resized\"><img loading=\"lazy\" decoding=\"async\" width=\"1296\" height=\"1296\" src=\"https:\/\/www.cip-icu.ca\/wp-content\/uploads\/2024\/10\/CIP_Credly_badge_EN_Honorary-Member-1296x1296.png\" alt=\"\" class=\"wp-image-30172\" style=\"width:322px;height:auto\" srcset=\"https:\/\/www.cip-icu.ca\/wp-content\/uploads\/2024\/10\/CIP_Credly_badge_EN_Honorary-Member-1296x1296.png 1296w, https:\/\/www.cip-icu.ca\/wp-content\/uploads\/2024\/10\/CIP_Credly_badge_EN_Honorary-Member-636x636.png 636w, https:\/\/www.cip-icu.ca\/wp-content\/uploads\/2024\/10\/CIP_Credly_badge_EN_Honorary-Member-160x160.png 160w, https:\/\/www.cip-icu.ca\/wp-content\/uploads\/2024\/10\/CIP_Credly_badge_EN_Honorary-Member-768x768.png 768w, https:\/\/www.cip-icu.ca\/wp-content\/uploads\/2024\/10\/CIP_Credly_badge_EN_Honorary-Member-1536x1536.png 1536w, https:\/\/www.cip-icu.ca\/wp-content\/uploads\/2024\/10\/CIP_Credly_badge_EN_Honorary-Member.png 1801w\" sizes=\"auto, (max-width: 1296px) 100vw, 1296px\" \/><\/figure>\n<\/div>\n<\/div>\n\n\n\n<h4 class=\"wp-block-heading has-accent-color has-text-color has-link-color wp-elements-f038d24898ba1aba3bcb88b2e1108ace\" id=\"dates\"><strong>Dates cles 2026<\/strong><\/h4>\n\n\n\n<figure class=\"wp-block-table\"><table class=\"has-fixed-layout mtr-table mtr-tr-td\"><tbody><tr><td data-mtr-content=\"Date limite de soumission des nominations\" class=\"mtr-td-tag\"><div class=\"mtr-cell-content\">Date limite de soumission des nominations<strong><\/strong><\/div><\/td><td data-mtr-content=\"27 janvier 2026 \u00e0 23 h 59 HE\" class=\"mtr-td-tag\"><div class=\"mtr-cell-content\">27 janvier 2026 \u00e0 23 h 59 HE<\/div><\/td><\/tr><tr><td data-mtr-content=\"Date limite de soumission des nominations\" class=\"mtr-td-tag\"><div class=\"mtr-cell-content\">Envoi d\u2019un avis aux proposants et aux candidats retenus<strong><\/strong><\/div><\/td><td data-mtr-content=\"27 janvier 2026 \u00e0 23 h 59 HE\" class=\"mtr-td-tag\"><div class=\"mtr-cell-content\">avril 2026<\/div><\/td><\/tr><tr><td data-mtr-content=\"Date limite de soumission des nominations\" class=\"mtr-td-tag\"><div class=\"mtr-cell-content\">Annonce publique des nouveaux Fellows<strong><\/strong><\/div><\/td><td data-mtr-content=\"27 janvier 2026 \u00e0 23 h 59 HE\" class=\"mtr-td-tag\"><div class=\"mtr-cell-content\">28 mai 2026<\/div><\/td><\/tr><tr><td data-mtr-content=\"Date limite de soumission des nominations\" class=\"mtr-td-tag\"><div class=\"mtr-cell-content\">C\u00e9r\u00e9monie de remise des prix et honneurs \u2013 Montr\u00e9al, Qu\u00e9bec<\/div><\/td><td data-mtr-content=\"27 janvier 2026 \u00e0 23 h 59 HE\" class=\"mtr-td-tag\"><div class=\"mtr-cell-content\">\u00e0 d\u00e9terminer<\/div><\/td><\/tr><\/tbody><\/table><\/figure>\n\n\n\n<div style=\"height:46px\" aria-hidden=\"true\" class=\"wp-block-spacer\"><\/div>\n\n\n\n<h4 class=\"wp-block-heading\" id=\"eligiblenominees\"><strong>Candidats \u00e9ligibles<\/strong><\/h4>\n\n\n\n<p>Le titre de membre honoraire peut \u00eatre d\u00e9cern\u00e9 \u00e0 des personnes qui, sans \u00eatre urbanistes, sont actives dans le domaine, par exemple des enseignants ou enseignantes, des journalistes, des fonctionnaires, des personnes \u00e9lues, des membres de la collectivit\u00e9 ou des membres d\u2019organismes sans but lucratif.<\/p>\n\n\n\n<p>Les personnes mises en nomination doivent \u00eatre de nationalit\u00e9 canadienne, et r\u00e9sider au Canada au moment de leur mise en nomination.<\/p>\n\n\n\n<p>Les Fellows de l\u2019ICU, les membres de l\u2019ICU ou des associations et instituts provinciaux et territoriaux (AIPT), ou ceux qui sont employ\u00e9s dans l\u2019urbanisme mais qui ne sont pas membres, ne peuvent \u00eatre mis en nomination.<\/p>\n\n\n\n<div style=\"height:42px\" aria-hidden=\"true\" class=\"wp-block-spacer\"><\/div>\n\n\n\n<p class=\"has-white-color has-accent-background-color has-text-color has-background has-link-color wp-elements-33a860dbafc7e8ebe197e3bf780a8f2c\"><em>L&#8217;ICU c\u00e9l\u00e8bre et promeut la diversit\u00e9, l&#8217;\u00e9galit\u00e9 et l&#8217;inclusion en offrant des chances \u00e9gales \u00e0 toutes les personnes qualifi\u00e9es, sans \u00e9gard \u00e0 la race, la couleur, l&#8217;origine ethnique, la religion, le sexe, l&#8217;\u00e2ge, l&#8217;origine nationale, le handicap, l&#8217;orientation sexuelle ou l&#8217;apparence.<\/em> <em>L&#8217;ICU croit que le fait d&#8217;honorer les planificateurs qui refl\u00e8tent la diversit\u00e9 de nos membres et de la population canadienne nous rend plus forts.<\/em><\/p>\n\n\n\n<div style=\"height:38px\" aria-hidden=\"true\" class=\"wp-block-spacer\"><\/div>\n\n\n\n<h4 class=\"wp-block-heading\" id=\"submitnom\"><strong>Soumettre une nomination<\/strong><\/h4>\n\n\n\n<p>Tout Fellow (FICU), membre professionnel (MICU) ou membre \u00e0 la retraite de l&#8217;ICU en r\u00e8gle peut pr\u00e9senter un candidat au titre de membre honoraire de l\u2019ICU.<\/p>\n\n\n\n<p>Afin d\u2019\u00e9viter tout parti pris, l\u2019ICU a d\u00e9termin\u00e9 des exigences strictes relatives aux personnes qui ne sont pas admissibles \u00e0 mettre en nomination une autre personne au titre de membre honoraire : <\/p>\n\n\n\n<ul class=\"wp-block-list\">\n<li>un membre du Jury des prix et distinctions de l\u2019ICU<\/li>\n\n\n\n<li>un membre du Conseil d&#8217;administration de l&#8217;ICU<\/li>\n<\/ul>\n\n\n\n<p>Il incombe au proposant de cr\u00e9er un dossier complet et de le pr\u00e9senter en temps voulu. Les proposants doivent conna\u00eetre les exigences et les \u00e9ch\u00e9ances reli\u00e9es \u00e0 la pr\u00e9sentation des dossiers de candidature. Il doit aussi conna\u00eetre le travail du candidat et il a le devoir \u00e9thique de veiller \u00e0 l&#8217;exactitude du dossier.  <\/p>\n\n\n\n<p>Le proposant de la candidature est responsable de la pr\u00e9paration du dossier de candidature \u00e0 l&#8217;insu du candidat. Il est obligatoire que le dossier soit pr\u00e9sent\u00e9 de fa\u00e7on confidentielle. Dans le cas o\u00f9 cette exigence ne serait pas respect\u00e9e, le dossier de nomination pourrait \u00eatre rejet\u00e9. De plus, il est fortement recommand\u00e9 que la famille du candidat ne soit pas inform\u00e9e de sa candidature.   <\/p>\n\n\n\n<p>Le dossier \u00e9crit rev\u00eat une importance capitale puisque le jury se fie au contenu du dossier pour formuler sa recommandation. Le jury ne cherche pas d&#8217;autres informations. <\/p>\n\n\n\n<div style=\"height:54px\" aria-hidden=\"true\" class=\"wp-block-spacer\"><\/div>\n\n\n\n<div class=\"wp-block-group has-gainsboro-background-color has-background\"><div class=\"wp-block-group__inner-container is-layout-constrained wp-block-group-is-layout-constrained\">\n<h4 class=\"wp-block-heading\" id=\"dossierreq\"><strong>Exigence du dossier<\/strong><\/h4>\n\n\n\n<p>Chaque dossier doit comprendre<\/p>\n\n\n\n<ol class=\"wp-block-list\">\n<li>Une lettre d\u2019accompagnement d\u2019une page qui d\u00e9crit comment les r\u00e9alisations et les contributions correspondent aux crit\u00e8res de mise en nomination. Cette lettre doit comprendre le nom complet de la personne mise en nomination (et d\u00e9signations s\u2019il y a lieu), son adresse courriel, une confirmation de son lieu de r\u00e9sidence actuel, ainsi que son statut de citoyennet\u00e9 canadienne ou de son permis de r\u00e9sidence permanente. <br><\/li>\n\n\n\n<li>Un curriculum vit\u00e6 \u00e0 jour de la personne mise en nomination (le plus complet possible).<br><\/li>\n\n\n\n<li>Au moins deux lettres d\u2019appui individuelles de membres professionnel (MICU\/FICU) ou retrait\u00e9 de l\u2019ICU en r\u00e8gle (voir la section qui suit). Au moins une de ces lettres doit \u00eatre re\u00e7ue d&#8217;un membre situ\u00e9 en dehors de la province ou du territoire du candidat. <br><\/li>\n\n\n\n<li>Une d\u00e9claration sign\u00e9e de l\u2019auteur de la mise en nomination que la d\u00e9marche est demeur\u00e9e confidentielle, et qu\u2019au mieux de sa connaissance la personne mise en nomination ignore qu\u2019elle est prise en consid\u00e9ration pour le titre de membre honoraire.<\/li>\n<\/ol>\n<\/div><\/div>\n\n\n\n<div style=\"height:61px\" aria-hidden=\"true\" class=\"wp-block-spacer\"><\/div>\n\n\n\n<h4 class=\"wp-block-heading\" id=\"plancontr\"><strong>Contributions \u00e0 l\u2019urbanisme<\/strong><\/h4>\n\n\n\n<p>Le dossier de mise en nomination d\u2019une personne doit d\u00e9montrer une contribution importante ou hors du commun, au Canada ou \u00e0 l\u2019\u00e9tranger, en appui aux <a href=\"https:\/\/www.cip-icu.ca\/fr\/a-propos-de-nous\/\">valeurs \u00e9nonc\u00e9es de l\u2019ICU<\/a>, par exemple :<\/p>\n\n\n\n<ul class=\"wp-block-list\">\n<li>Faciliter la participation des citoyens et citoyennes \u00e0 l\u2019am\u00e9nagement de collectivit\u00e9s qui rehaussent la qualit\u00e9 de vie.<\/li>\n\n\n\n<li>Participer activement au processus d\u2019am\u00e9nagement pour qu\u2019il concorde avec les aspirations des collectivit\u00e9s et des r\u00e9gions nordiques, rurales, autochtones ou urbaines.<\/li>\n\n\n\n<li>Contribuer \u00e0 l\u2019apprentissage et \u00e0 l\u2019exp\u00e9rience des urbanistes de sorte \u00e0 bonifier leur exercice de la profession.<\/li>\n<\/ul>\n\n\n\n<div style=\"height:54px\" aria-hidden=\"true\" class=\"wp-block-spacer\"><\/div>\n\n\n\n<h4 class=\"wp-block-heading\" id=\"supportletters\"><strong>Lettres d&#8217;appui<\/strong><\/h4>\n\n\n\n<p>Les lettres d\u2019appui \u00e0 une mise en nomination au titre de membre honoraire constituent un \u00e9l\u00e9ment important de la d\u00e9marche. Les auteurs de lettres d\u2019appui doivent conna\u00eetre les r\u00e9alisations ou les contributions de la personne mise en nomination et \u00eatre membre professionnel (MICU\/FICU) ou retrait\u00e9 de l\u2019ICU en r\u00e8gle. <\/p>\n\n\n\n<p>Les lettres d\u2019appui (maximum de deux pages par lettre) doivent contenir le nom de l\u2019auteur, son adresse courriel et sa signature, et doivent d\u00e9montrer comment la personne mise en nomination r\u00e9pond aux crit\u00e8res de mise en nomination. S\u2019il y a lieu, l\u2019information suivante devrait \u00eatre fournie : <\/p>\n\n\n\n<ul class=\"wp-block-list\">\n<li>Toute \u00e9valuation qui t\u00e9moigne de l\u2019importance des r\u00e9alisations et des contributions comme des prix, r\u00e9compenses, distinctions, citations, publications dans des p\u00e9riodiques nationaux ou internationaux d\u2019id\u00e9es ou de constatations, ou tout autre moyen t\u00e9moignant de fa\u00e7on probante d\u2019excellence.<\/li>\n\n\n\n<li>Toute contribution mise en \u0153uvre \u00e0 un endroit et qui a \u00e9t\u00e9 transpos\u00e9e de fa\u00e7on utile ailleurs. Il peut s\u2019agir d\u2019une politique, d\u2019une approche \u00e0 l\u2019\u00e9gard d\u2019un probl\u00e8me, d\u2019un design, d\u2019un service d\u2019envergure nationale ou d\u2019une contribution au savoir jug\u00e9e hors du commun. <\/li>\n<\/ul>\n\n\n\n<div style=\"height:60px\" aria-hidden=\"true\" class=\"wp-block-spacer\"><\/div>\n\n\n\n<div class=\"wp-block-group has-gainsboro-background-color has-background\"><div class=\"wp-block-group__inner-container is-layout-constrained wp-block-group-is-layout-constrained\">\n<h4 class=\"wp-block-heading\" id=\"submission\"><strong>Soumission<\/strong><\/h4>\n\n\n\n<p>Le dossier doit \u00eatre t\u00e9l\u00e9charg\u00e9 sur <a href=\"https:\/\/canadianinstituteofplanners.submittable.com\/submit\/336731\/nominations-pour-le-membre-honoraire-de-linstitut-canadien-des-urbanistes\">SUBMITTABLE<\/a> avant le lundi 27 janvier 2026 \u00e0 23 h 59 HE<\/p>\n<\/div><\/div>\n\n\n\n<div style=\"height:60px\" aria-hidden=\"true\" class=\"wp-block-spacer\"><\/div>\n\n\n\n<h4 class=\"wp-block-heading\" id=\"juryprocess\"><strong>Le processus du jury <\/strong><\/h4>\n\n\n\n<p>Les membres du jury sont choisis par le Conseil d&#8217;administration de l&#8217;ICU et ils poss\u00e8dent diff\u00e9rents types d&#8217;exp\u00e9rience dans la pratique professionnelle ou le milieu universitaire. Au moins cinq membres du jury doivent \u00eatre des Fellows de l&#8217;ICU. <\/p>\n\n\n\n<p>Les t\u00e2ches du jury sont les suivantes<\/p>\n\n\n\n<ul class=\"wp-block-list\">\n<li>examiner chaque dossier pr\u00e9sent\u00e9<\/li>\n\n\n\n<li>recommander des personnes mises en nomination sur la seule base de leur contribution \u00e0 l\u2019urbanisme<\/li>\n\n\n\n<li>formuler des recommandations au Conseil d\u2019administration de l\u2019ICU aux fins de ratification<\/li>\n<\/ul>\n\n\n\n<p>Le pr\u00e9sident de l\u2019ICU informe les nouveaux membres honoraires de leur d\u00e9signation, ou les repr\u00e9sentants d\u2019un membre honoraire d\u00e9sign\u00e9 \u00e0 titre posthume. Lorsqu&#8217;un laur\u00e9at (ou une personne d\u00e9sign\u00e9e) ne peut pas participer \u00e0 la conf\u00e9rence, un autre lieu de pr\u00e9sentation sera propos\u00e9. <\/p>\n\n\n\n<div style=\"height:51px\" aria-hidden=\"true\" class=\"wp-block-spacer\"><\/div>\n\n\n\n<h4 class=\"wp-block-heading\" id=\"questions\"><strong>Questions<\/strong><\/h4>\n\n\n\n<p>Toute question relative au processus de s\u00e9lection des membres honoraires peut \u00eatre transmise par courriel \u00e0 l\u2019adresse<a href=\"mailto:impact@cip-icu.ca\"> impact@cip-icu.ca.<\/a><\/p>\n\n\n\n<div style=\"height:100px\" aria-hidden=\"true\" class=\"wp-block-spacer\"><\/div>\n","protected":false},"excerpt":{"rendered":"<p>Le titre de membre honoraire de l\u2019Institut canadien des urbanistes est la plus grande distinction que l\u2019Institut puisse d\u00e9cerner \u00e0 un ou une non-urbaniste. Cette&hellip;<\/p>\n","protected":false},"author":21,"featured_media":0,"parent":22148,"menu_order":0,"comment_status":"closed","ping_status":"closed","template":"","meta":{"_acf_changed":false,"footnotes":""},"class_list":["post-30164","page","type-page","status-publish","hentry"],"acf":[],"_links":{"self":[{"href":"https:\/\/www.cip-icu.ca\/fr\/wp-json\/wp\/v2\/pages\/30164","targetHints":{"allow":["GET"]}}],"collection":[{"href":"https:\/\/www.cip-icu.ca\/fr\/wp-json\/wp\/v2\/pages"}],"about":[{"href":"https:\/\/www.cip-icu.ca\/fr\/wp-json\/wp\/v2\/types\/page"}],"author":[{"embeddable":true,"href":"https:\/\/www.cip-icu.ca\/fr\/wp-json\/wp\/v2\/users\/21"}],"replies":[{"embeddable":true,"href":"https:\/\/www.cip-icu.ca\/fr\/wp-json\/wp\/v2\/comments?post=30164"}],"version-history":[{"count":10,"href":"https:\/\/www.cip-icu.ca\/fr\/wp-json\/wp\/v2\/pages\/30164\/revisions"}],"predecessor-version":[{"id":41493,"href":"https:\/\/www.cip-icu.ca\/fr\/wp-json\/wp\/v2\/pages\/30164\/revisions\/41493"}],"up":[{"embeddable":true,"href":"https:\/\/www.cip-icu.ca\/fr\/wp-json\/wp\/v2\/pages\/22148"}],"wp:attachment":[{"href":"https:\/\/www.cip-icu.ca\/fr\/wp-json\/wp\/v2\/media?parent=30164"}],"curies":[{"name":"wp","href":"https:\/\/api.w.org\/{rel}","templated":true}]}}