{"id":30189,"date":"2024-10-15T13:17:34","date_gmt":"2024-10-15T17:17:34","guid":{"rendered":"https:\/\/www.cip-icu.ca\/?page_id=30189"},"modified":"2026-01-20T08:54:45","modified_gmt":"2026-01-20T13:54:45","slug":"lignes-directrices-relatives-aux-mises-en-nomination-le-prix-de-lurbaniste-emergent","status":"publish","type":"page","link":"https:\/\/www.cip-icu.ca\/fr\/distinctions-et-prix\/lignes-directrices-relatives-aux-mises-en-nomination-le-prix-de-lurbaniste-emergent\/","title":{"rendered":"Lignes directrices relatives aux mises en nomination &#8211; urbaniste \u00e9mergent"},"content":{"rendered":"\n<div style=\"height:113px\" aria-hidden=\"true\" class=\"wp-block-spacer\"><\/div>\n\n\n\n<h3 class=\"wp-block-heading line-heading-full\">Le Prix de l&#8217;urbaniste \u00e9mergent<\/h3>\n\n\n\n<h2 class=\"wp-block-heading has-accent-color has-text-color has-link-color wp-elements-b5fbc623d1eeafb5b81b4fe63551c3e3\">Lignes directrices pour la nomination 2026<\/h2>\n\n\n\n<div style=\"height:50px\" aria-hidden=\"true\" class=\"wp-block-spacer\"><\/div>\n\n\n\n<div class=\"wp-block-columns is-layout-flex wp-container-core-columns-is-layout-9d6595d7 wp-block-columns-is-layout-flex\">\n<div class=\"wp-block-column is-layout-flow wp-block-column-is-layout-flow\" style=\"flex-basis:66.66%\">\n<p class=\"lede\">Le Prix de l&#8217;urbaniste \u00e9mergent de l&#8217;ICU (anciennement le Prix du pr\u00e9sident de l\u2019ICU : Jeune urbaniste, cr\u00e9\u00e9 en 2011) c\u00e9l\u00e8bre les leaders de demain. Il reconna\u00eet la r\u00e9ussite et les r\u00e9alisations professionnelles exceptionnelles &#8211; y compris le leadership et\/ou le service \u00e0 la profession &#8211; d&#8217;un urbaniste canadien au cours de ses dix premi\u00e8res ann\u00e9es d&#8217;exp\u00e9rience professionnelle en urbanisme.<\/p>\n\n\n\n<p>Les candidats peuvent pr\u00e9senter leur propre candidature ou \u00eatre propos\u00e9s par un employeur, un coll\u00e8gue ou un membre de l&#8217;ICU. La candidature est ensuite soumise au <a>\n  <span style=\"text-decoration: underline;\">Jury des prix et distinctions de l&#8217;ICU<\/span>\n<\/a>, qui fait une recommandation au conseil d&#8217;administration de l&#8217;ICU. <\/p>\n\n\n\n<p>Les laur\u00e9ats sont pr\u00e9sent\u00e9s lors de la c\u00e9r\u00e9monie de remise des prix et distinctions au congr\u00e8s national de l&#8217;ICU. Les frais d&#8217;inscription au congr\u00e8s, ainsi que les frais de d\u00e9placement et d&#8217;h\u00e9bergement, jusqu&#8217;\u00e0 concurrence de 2 000 $, sont couverts par l&#8217;ICU pour permettre au laur\u00e9at de recevoir son prix en personne. D&#8217;autres occasions d&#8217;inclure le laur\u00e9at dans la programmation de l&#8217;ICU peuvent \u00eatre identifi\u00e9es ; toutefois, elles sont facultatives et d\u00e9pendent de l&#8217;int\u00e9r\u00eat et\/ou de la disponibilit\u00e9 du laur\u00e9at.   <\/p>\n\n\n\n<div style=\"height:27px\" aria-hidden=\"true\" class=\"wp-block-spacer\"><\/div>\n\n\n\n<p><a href=\"#dates\">Dates cl\u00e9s<\/a><br><a href=\"#eligiblenominees\">Candidats \u00e9ligibles<\/a> <br><a href=\"#submitnom\">Soumettre une nomination<\/a><br><a href=\"#dossierreq\">Exigence du dossier<\/a><a href=\"#supportletters\"><br><\/a><a href=\"#submission\">Soumission<br><\/a><a href=\"#juryprocess\">Processus du jury<\/a><br><a href=\"#questions\">Questions<\/a><\/p>\n\n\n\n<div style=\"height:69px\" aria-hidden=\"true\" class=\"wp-block-spacer\"><\/div>\n<\/div>\n\n\n\n<div class=\"wp-block-column is-layout-flow wp-block-column-is-layout-flow\" style=\"flex-basis:33.33%\">\n<figure class=\"wp-block-image size-full is-resized\"><img decoding=\"async\" src=\"https:\/\/www.cip-icu.ca\/wp-content\/uploads\/2025\/10\/Credly-Emerging-Planner-Award-Blank-FR.png\" alt=\"\" class=\"wp-image-39816\" style=\"width:322px;height:auto\"\/><\/figure>\n<\/div>\n<\/div>\n\n\n\n<h4 class=\"wp-block-heading has-accent-color has-text-color has-link-color wp-elements-9d3bf71e8994a77f263f4132ea1aa157\"><strong>Dates cles 2026<\/strong><\/h4>\n\n\n\n<figure class=\"wp-block-table\"><table class=\"has-fixed-layout mtr-table mtr-tr-td\"><tbody><tr><td data-mtr-content=\"Date limite de soumission des nominations\" class=\"mtr-td-tag\"><div class=\"mtr-cell-content\">Date limite de soumission des nominations<strong><\/strong><\/div><\/td><td data-mtr-content=\"27 janvier 2026 \u00e0 23 h 59 HE\" class=\"mtr-td-tag\"><div class=\"mtr-cell-content\">27 janvier 2026 \u00e0 23 h 59 HE<\/div><\/td><\/tr><tr><td data-mtr-content=\"Date limite de soumission des nominations\" class=\"mtr-td-tag\"><div class=\"mtr-cell-content\">Envoi d\u2019un avis aux proposants et aux candidats retenus<strong><\/strong><\/div><\/td><td data-mtr-content=\"27 janvier 2026 \u00e0 23 h 59 HE\" class=\"mtr-td-tag\"><div class=\"mtr-cell-content\">avril 2026<\/div><\/td><\/tr><tr><td data-mtr-content=\"Date limite de soumission des nominations\" class=\"mtr-td-tag\"><div class=\"mtr-cell-content\">Annonce publique du(des) laur\u00e9at(s) du Prix de l\u2019urbaniste \u00e9mergent<strong><\/strong><\/div><\/td><td data-mtr-content=\"27 janvier 2026 \u00e0 23 h 59 HE\" class=\"mtr-td-tag\"><div class=\"mtr-cell-content\">28 mai 2026<\/div><\/td><\/tr><tr><td data-mtr-content=\"Date limite de soumission des nominations\" class=\"mtr-td-tag\"><div class=\"mtr-cell-content\">C\u00e9r\u00e9monie de remise des prix et honneurs \u2013 Montr\u00e9al, QC<\/div><\/td><td data-mtr-content=\"27 janvier 2026 \u00e0 23 h 59 HE\" class=\"mtr-td-tag\"><div class=\"mtr-cell-content\">juillet 2026<\/div><\/td><\/tr><\/tbody><\/table><\/figure>\n\n\n\n<div style=\"height:46px\" aria-hidden=\"true\" class=\"wp-block-spacer\"><\/div>\n\n\n\n<h4 class=\"wp-block-heading\" id=\"eligiblenominees\"><strong>Candidats \u00e9ligibles<\/strong><\/h4>\n\n\n\n<p>Pour \u00eatre admissible \u00e0 ce prix, un candidat doit r\u00e9pondre aux crit\u00e8res suivants :<\/p>\n\n\n\n<ol class=\"wp-block-list\">\n<li>\u00eatre un membre en r\u00e8gle de l&#8217;ICU dans la cat\u00e9gorie des candidats ou des membres professionnels (MICU)<\/li>\n\n\n\n<li>est dans les dix premi\u00e8res ann\u00e9es de son exp\u00e9rience professionnelle en planification, d\u00e9finie comme \u00e9tant les dix ann\u00e9es \u00e9coul\u00e9es depuis la date \u00e0 laquelle le candidat est devenu membre candidat de l&#8217;ICU <\/li>\n<\/ol>\n\n\n\n<div style=\"height:42px\" aria-hidden=\"true\" class=\"wp-block-spacer\"><\/div>\n\n\n\n<p class=\"has-white-color has-accent-background-color has-text-color has-background has-link-color wp-elements-3a288542c107e12028d193ab89c9e91f\">L&#8217;ICU c\u00e9l\u00e8bre et promeut la diversit\u00e9, l&#8217;\u00e9galit\u00e9 et l&#8217;inclusion en offrant des chances \u00e9gales \u00e0 toutes les personnes qualifi\u00e9es, sans \u00e9gard \u00e0 la race, la couleur, l&#8217;origine ethnique, la religion, le sexe, l&#8217;\u00e2ge, l&#8217;origine nationale, le handicap, l&#8217;orientation sexuelle ou l&#8217;apparence. L&#8217;ICU croit que le fait d&#8217;honorer les urbanistes qui refl\u00e8tent la diversit\u00e9 de nos membres et de la population canadienne nous rend plus forts.<\/p>\n\n\n\n<div style=\"height:38px\" aria-hidden=\"true\" class=\"wp-block-spacer\"><\/div>\n\n\n\n<h4 class=\"wp-block-heading\" id=\"submitnom\"><strong>Soumettre une nomination<\/strong><\/h4>\n\n\n\n<p>Les personnes peuvent s&#8217;auto-nommer ou \u00eatre nomm\u00e9es par un employeur, un coll\u00e8gue ou un membre de l&#8217;ICU.<\/p>\n\n\n\n<p>Pour \u00e9viter la partialit\u00e9, l&#8217;ICU a \u00e9dict\u00e9 des exigences strictes, en pr\u00e9cisant quelles personnes ne peuvent pas pr\u00e9senter un candidat au titre de Fellow. Les personnes suivantes ne peuvent pas pr\u00e9senter un candidat ou r\u00e9diger une lettre d&#8217;appui : <\/p>\n\n\n\n<ul class=\"wp-block-list\">\n<li>un membre du Jury des prix et distinctions de l\u2019ICU<\/li>\n\n\n\n<li>un membre du Conseil d&#8217;administration de l&#8217;ICU<\/li>\n<\/ul>\n\n\n\n<p>Il incombe au proposant de cr\u00e9er un dossier complet et de le pr\u00e9senter en temps voulu. Les proposants doivent conna\u00eetre les exigences et les \u00e9ch\u00e9ances reli\u00e9es \u00e0 la pr\u00e9sentation des dossiers de candidature. Il doit aussi conna\u00eetre le travail du candidat et il a le devoir \u00e9thique de veiller \u00e0 l&#8217;exactitude du dossier.  <\/p>\n\n\n\n<p>Le dossier \u00e9crit rev\u00eat une importance capitale puisque le jury se fie au contenu du dossier pour formuler sa recommandation. Le jury ne cherche pas d&#8217;autres informations. <\/p>\n\n\n\n<div style=\"height:49px\" aria-hidden=\"true\" class=\"wp-block-spacer\"><\/div>\n\n\n\n<h4 class=\"wp-block-heading\" id=\"dossierreq\"><strong>Exigence du dossier<\/strong><\/h4>\n\n\n\n<p>Chaque dossier doit comprendre<\/p>\n\n\n\n<ol class=\"wp-block-list\">\n<li>Un profil professionnel LinkedIn et\/ou un curriculum vitae, d&#8217;une longueur maximale de 2 pages.<\/li>\n\n\n\n<li>Une d\u00e9claration de 500 mots d\u00e9montrant comment le travail de l\u2019urbaniste est li\u00e9 \u00e0 l\u2019\u00e9nonc\u00e9 de vision de l\u2019ICU : \u00ab Des communaut\u00e9s inclusives et dynamiques, respectueusement connect\u00e9es au monde naturel, pour le bien-\u00eatre des g\u00e9n\u00e9rations actuelles et futures. \u00bb<\/li>\n\n\n\n<li>Une d\u00e9claration de 500 mots du candidat expliquant son engagement dans la profession, y compris le leadership et\/ou les services b\u00e9n\u00e9voles (il peut s\u2019agir de contributions formelles ou informelles).<\/li>\n\n\n\n<li>(Facultatif) Jusqu&#8217;\u00e0 deux lettres de soutien de coll\u00e8gues ou de pairs (maximum deux pages chacune). <\/li>\n<\/ol>\n\n\n\n<div style=\"height:53px\" aria-hidden=\"true\" class=\"wp-block-spacer\"><\/div>\n\n\n\n<div class=\"wp-block-group has-gainsboro-background-color has-background\"><div class=\"wp-block-group__inner-container is-layout-constrained wp-block-group-is-layout-constrained\">\n<h4 class=\"wp-block-heading\" id=\"submission\"><strong>Soumission<\/strong><\/h4>\n\n\n\n<p>Le dossier doit \u00eatre t\u00e9l\u00e9charg\u00e9 sur <a href=\"https:\/\/canadianinstituteofplanners.submittable.com\/submit\/336726\/nominations-pour-le-prix-de-lurbaniste-emergent-de-licu\">SUBMITTABLE<\/a> avant le <strong>lundi 27 janvier 2026 \u00e0 23 h 59 HE<\/strong><\/p>\n<\/div><\/div>\n\n\n\n<div style=\"height:60px\" aria-hidden=\"true\" class=\"wp-block-spacer\"><\/div>\n\n\n\n<h4 class=\"wp-block-heading\" id=\"juryprocess\"><strong>Le processus du jury <\/strong><\/h4>\n\n\n\n<p>Les membres du jury sont choisis par le Conseil d&#8217;administration de l&#8217;ICU et ils poss\u00e8dent diff\u00e9rents types d&#8217;exp\u00e9rience dans la pratique professionnelle ou le milieu universitaire. Au moins cinq membres du jury doivent \u00eatre des Fellows de l&#8217;ICU. <\/p>\n\n\n\n<p>Les t\u00e2ches du jury sont les suivantes<\/p>\n\n\n\n<ul class=\"wp-block-list\">\n<li>examiner chaque dossier pr\u00e9sent\u00e9<\/li>\n\n\n\n<li>recommander les candidats pour le Prix de l\u2019urbaniste \u00e9mergent en se basant uniquement sur les crit\u00e8res suivants<\/li>\n\n\n\n<li>formuler des recommandations au Conseil d\u2019administration de l\u2019ICU aux fins de ratification<\/li>\n<\/ul>\n\n\n\n<p>Pour choisir un laur\u00e9at, le jury \u00e9value la candidature en fonction des pond\u00e9rations suivantes :<\/p>\n\n\n\n<ul class=\"wp-block-list\">\n<li>Contribution \u00e0 la profession (35%)<\/li>\n\n\n\n<li>Lien et alignement avec la vision de l&#8217;ICU (35 %)<\/li>\n\n\n\n<li>R\u00e9alisations professionnelles (30%)<\/li>\n<\/ul>\n\n\n\n<p>Si le jury estime que deux candidats sont \u00e9galement qualifi\u00e9s, il peut choisir de d\u00e9cerner le prix \u00e0 deux personnes au maximum.<\/p>\n\n\n\n<p>Le pr\u00e9sident de l&#8217;ICU informe les laur\u00e9ats qu&#8217;ils ont \u00e9t\u00e9 s\u00e9lectionn\u00e9s. S&#8217;ils ne peuvent pas assister \u00e0 la conf\u00e9rence, un lieu alternatif pour la pr\u00e9sentation sera trouv\u00e9. <\/p>\n\n\n\n<div style=\"height:45px\" aria-hidden=\"true\" class=\"wp-block-spacer\"><\/div>\n\n\n\n<h4 class=\"wp-block-heading\" id=\"questions\"><strong>Questions<\/strong><\/h4>\n\n\n\n<p>Les questions relatives au Prix de l\u2019urbaniste \u00e9mergent peuvent \u00eatre transmises par courriel \u00e0 l\u2019adresse <a href=\"mailto:impact@cip-icu.ca\">suivante : impact@cip-icu.ca<\/a>.<\/p>\n\n\n\n<div style=\"height:100px\" aria-hidden=\"true\" class=\"wp-block-spacer\"><\/div>\n","protected":false},"excerpt":{"rendered":"<p>Le Prix de l&#8217;urbaniste \u00e9mergent de l&#8217;ICU (anciennement le Prix du pr\u00e9sident de l\u2019ICU : Jeune urbaniste, cr\u00e9\u00e9 en 2011) c\u00e9l\u00e8bre les leaders de demain.&hellip;<\/p>\n","protected":false},"author":21,"featured_media":0,"parent":22148,"menu_order":0,"comment_status":"closed","ping_status":"closed","template":"","meta":{"_acf_changed":false,"footnotes":""},"class_list":["post-30189","page","type-page","status-publish","hentry"],"acf":[],"_links":{"self":[{"href":"https:\/\/www.cip-icu.ca\/fr\/wp-json\/wp\/v2\/pages\/30189","targetHints":{"allow":["GET"]}}],"collection":[{"href":"https:\/\/www.cip-icu.ca\/fr\/wp-json\/wp\/v2\/pages"}],"about":[{"href":"https:\/\/www.cip-icu.ca\/fr\/wp-json\/wp\/v2\/types\/page"}],"author":[{"embeddable":true,"href":"https:\/\/www.cip-icu.ca\/fr\/wp-json\/wp\/v2\/users\/21"}],"replies":[{"embeddable":true,"href":"https:\/\/www.cip-icu.ca\/fr\/wp-json\/wp\/v2\/comments?post=30189"}],"version-history":[{"count":16,"href":"https:\/\/www.cip-icu.ca\/fr\/wp-json\/wp\/v2\/pages\/30189\/revisions"}],"predecessor-version":[{"id":41486,"href":"https:\/\/www.cip-icu.ca\/fr\/wp-json\/wp\/v2\/pages\/30189\/revisions\/41486"}],"up":[{"embeddable":true,"href":"https:\/\/www.cip-icu.ca\/fr\/wp-json\/wp\/v2\/pages\/22148"}],"wp:attachment":[{"href":"https:\/\/www.cip-icu.ca\/fr\/wp-json\/wp\/v2\/media?parent=30189"}],"curies":[{"name":"wp","href":"https:\/\/api.w.org\/{rel}","templated":true}]}}