{"id":30392,"date":"2023-11-23T09:51:03","date_gmt":"2023-11-23T14:51:03","guid":{"rendered":"https:\/\/www.cip-icu.ca\/plan-canada\/printemps-2025\/"},"modified":"2026-01-07T16:03:47","modified_gmt":"2026-01-07T21:03:47","slug":"printemps","status":"publish","type":"page","link":"https:\/\/www.cip-icu.ca\/fr\/plan-canada\/printemps\/","title":{"rendered":"Printemps 2026"},"content":{"rendered":"\n<div style=\"height:80px\" aria-hidden=\"true\" class=\"wp-block-spacer\"><\/div>\n\n\n\n<div class=\"wp-block-columns are-vertically-aligned-center is-layout-flex wp-container-core-columns-is-layout-9d6595d7 wp-block-columns-is-layout-flex\">\n<div class=\"wp-block-column is-vertically-aligned-center is-layout-flow wp-block-column-is-layout-flow\" style=\"flex-basis:65%\">\n<h2 class=\"wp-block-heading line-heading-full\">Plan Canada, num\u00e9ro du printemps 2026<\/h2>\n\n\n\n<h1 class=\"wp-block-heading\">Objectif de d\u00e9veloppement durable n\u00b0 11 : villes et communaut\u00e9s durables<\/h1>\n\n\n\n<p class=\"has-large-font-size\" class=\"lede\">Une occasion unique pour les urbanistes canadiens de promouvoir l&#8217;ODD n\u00b0 11<\/p>\n\n\n\n<p>Plan Canada invite ses lecteurs \u00e0 contribuer \u00e0 un num\u00e9ro sp\u00e9cial consacr\u00e9 \u00e0 l&#8217;objectif de d\u00e9veloppement durable n\u00b0 11 des Nations Unies : villes et communaut\u00e9s durables.<\/p>\n\n\n\n<p>Ce num\u00e9ro offre l&#8217;occasion de partager la mani\u00e8re dont les urbanistes de tout le pays contribuent \u00e0 b\u00e2tir des collectivit\u00e9s inclusives, s\u00fbres, r\u00e9silientes et durables, ajoutant ainsi les perspectives et les exp\u00e9riences canadiennes indispensables au d\u00e9bat mondial sur <a href=\"https:\/\/sdgs.un.org\/goals\/goal11\">les objectifs de d\u00e9veloppement durable (ODD) des Nations Unies.<\/a><\/p>\n<\/div>\n\n\n\n<div class=\"wp-block-column is-vertically-aligned-center is-layout-flow wp-block-column-is-layout-flow\" style=\"flex-basis:35%\">\n<figure class=\"wp-block-image size-full is-resized\"><img loading=\"lazy\" decoding=\"async\" width=\"940\" height=\"788\" src=\"https:\/\/www.cip-icu.ca\/wp-content\/uploads\/2025\/11\/2026-Spring-Plan-Canada-FR.png\" alt=\"\" class=\"wp-image-40650\" style=\"width:360px;height:auto\" srcset=\"https:\/\/www.cip-icu.ca\/wp-content\/uploads\/2025\/11\/2026-Spring-Plan-Canada-FR.png 940w, https:\/\/www.cip-icu.ca\/wp-content\/uploads\/2025\/11\/2026-Spring-Plan-Canada-FR-636x533.png 636w, https:\/\/www.cip-icu.ca\/wp-content\/uploads\/2025\/11\/2026-Spring-Plan-Canada-FR-768x644.png 768w, https:\/\/www.cip-icu.ca\/wp-content\/uploads\/2025\/11\/2026-Spring-Plan-Canada-FR-600x503.png 600w\" sizes=\"auto, (max-width: 940px) 100vw, 940px\" \/><\/figure>\n<\/div>\n<\/div>\n\n\n\n<p><strong>Pourquoi l&#8217;ODD n\u00b0 11, et pourquoi maintenant?<\/strong><\/p>\n\n\n\n<p>Chaque ann\u00e9e, les Nations Unies examinent certains ODD afin d&#8217;\u00e9valuer les progr\u00e8s r\u00e9alis\u00e9s \u00e0 l&#8217;\u00e9chelle mondiale. En 2026, <a href=\"https:\/\/unhabitat.org\/\">ONU-Habitat<\/a> m\u00e8nera un examen complet de l&#8217;ODD n\u00b0 11 afin d&#8217;\u00e9valuer les progr\u00e8s accomplis dans la r\u00e9alisation de villes et d&#8217;\u00e9tablissements humains \u00ab inclusifs, s\u00fbrs, r\u00e9silients et durables \u00bb dans le monde entier. <\/p>\n\n\n\n<p>Depuis l&#8217;adoption des ODD en 2015, le <a href=\"https:\/\/www.canada.ca\/en\/employment-social-development\/programs\/agenda-2030.html\">gouvernement du Canada<\/a> a reconnu leur valeur en tant que cadre d&#8217;action, qui s&#8217;aligne naturellement sur le travail des urbanistes qui s&#8217;attaquent \u00e0 des d\u00e9fis \u00e0 long terme, tels que les changements climatiques, la r\u00e9conciliation, le logement et la r\u00e9silience \u00e9conomique.<\/p>\n\n\n\n<p>L&#8217;ODD no 11 refl\u00e8te les principes m\u00eames qui sont au c\u0153ur de l\u2019urbanisme au Canada :<\/p>\n\n\n\n<ul class=\"wp-block-list\">\n<li>Des logements s\u00fbrs, abordables et inclusifs;<\/li>\n\n\n\n<li>Des syst\u00e8mes de transport durables et accessibles;<\/li>\n\n\n\n<li>Des communaut\u00e9s \u00e9quitables, r\u00e9silientes et saines;<\/li>\n\n\n\n<li>La protection du patrimoine culturel et naturel;<\/li>\n\n\n\n<li>L\u2019adaptation aux changements climatiques et la r\u00e9duction des risques de catastrophe;<\/li>\n\n\n\n<li>L\u2019acc\u00e8s aux espaces publics et verts;<\/li>\n\n\n\n<li>La planification r\u00e9gionale et nationale int\u00e9gr\u00e9e;<\/li>\n\n\n\n<li>Les politiques urbaines inclusives et efficaces dans l&#8217;utilisation des ressources et<\/li>\n\n\n\n<li>Le soutien au d\u00e9veloppement urbain r\u00e9silient dans les pays \u00e0 revenu faible et interm\u00e9diaire<\/li>\n<\/ul>\n\n\n\n<p>Dans un environnement mondial en rapide \u00e9volution, la visibilit\u00e9 de l&#8217;ODD no 11 ne peut \u00eatre tenue pour acquise. Il est essentiel que les urbanistes continuent de rendre compte, de raconter des histoires et de fournir des preuves pour d\u00e9montrer sa valeur et sa pertinence. C&#8217;est pourquoi la <a href=\"https:\/\/www.commonwealth-planners.org\/\">Commonwealth Association of Planners<\/a> invite les urbanistes canadiens \u00e0 pr\u00e9senter le travail qu&#8217;ils accomplissent pour faire progresser l&#8217;ODD no 11 et \u00e0 r\u00e9affirmer l&#8217;importance de son renouvellement.  <\/p>\n\n\n\n<p>Les contributions peuvent porter sur des initiatives locales innovantes, des partenariats, des outils de planification ou des approches politiques qui incarnent l&#8217;esprit des communaut\u00e9s durables, inclusives et r\u00e9silientes. Les contributions de ce num\u00e9ro de Plan Canada aideront \u00e0 \u00e9clairer l&#8217;examen mondial de l&#8217;ODD no 11 par les Nations Unies. <\/p>\n\n\n\n<p>Les co\u00e9diteurs de ce num\u00e9ro sont <strong><a href=\"mailto:ThariniPrakash@outlook.com\">Tharini Prakash<\/a><\/strong>, MCP, B.Arch, LEED AP BD+C. et <strong><a href=\"mailto:kelley.moore@innovationsask.ca\">Kelley Moore<\/a><\/strong>, MA, UPC, FICU, secr\u00e9taire g\u00e9n\u00e9rale de la Commonwealth Association of Planners. <\/p>\n\n\n\n<div style=\"height:34px\" aria-hidden=\"true\" class=\"wp-block-spacer\"><\/div>\n\n\n\n<p><strong>Date limite de soumission : 5 janvier 2026 \u00e0 23 h 59 HP<\/strong><\/p>\n\n\n\n<div style=\"height:25px\" aria-hidden=\"true\" class=\"wp-block-spacer\"><\/div>\n\n\n\n<h3 class=\"wp-block-heading\">Les inscriptions sont d\u00e9sormais closes.<\/h3>\n\n\n\n<div style=\"height:68px\" aria-hidden=\"true\" class=\"wp-block-spacer\"><\/div>\n","protected":false},"excerpt":{"rendered":"<p>Plan Canada invite ses lecteurs \u00e0 contribuer \u00e0 un num\u00e9ro sp\u00e9cial consacr\u00e9 \u00e0 l&#8217;objectif de d\u00e9veloppement durable n\u00b0 11 des Nations Unies : villes et communaut\u00e9s durables.<\/p>\n","protected":false},"author":14,"featured_media":40650,"parent":22153,"menu_order":0,"comment_status":"closed","ping_status":"closed","template":"","meta":{"_acf_changed":false,"footnotes":""},"class_list":["post-30392","page","type-page","status-publish","has-post-thumbnail","hentry"],"acf":[],"_links":{"self":[{"href":"https:\/\/www.cip-icu.ca\/fr\/wp-json\/wp\/v2\/pages\/30392","targetHints":{"allow":["GET"]}}],"collection":[{"href":"https:\/\/www.cip-icu.ca\/fr\/wp-json\/wp\/v2\/pages"}],"about":[{"href":"https:\/\/www.cip-icu.ca\/fr\/wp-json\/wp\/v2\/types\/page"}],"author":[{"embeddable":true,"href":"https:\/\/www.cip-icu.ca\/fr\/wp-json\/wp\/v2\/users\/14"}],"replies":[{"embeddable":true,"href":"https:\/\/www.cip-icu.ca\/fr\/wp-json\/wp\/v2\/comments?post=30392"}],"version-history":[{"count":10,"href":"https:\/\/www.cip-icu.ca\/fr\/wp-json\/wp\/v2\/pages\/30392\/revisions"}],"predecessor-version":[{"id":41076,"href":"https:\/\/www.cip-icu.ca\/fr\/wp-json\/wp\/v2\/pages\/30392\/revisions\/41076"}],"up":[{"embeddable":true,"href":"https:\/\/www.cip-icu.ca\/fr\/wp-json\/wp\/v2\/pages\/22153"}],"wp:featuredmedia":[{"embeddable":true,"href":"https:\/\/www.cip-icu.ca\/fr\/wp-json\/wp\/v2\/media\/40650"}],"wp:attachment":[{"href":"https:\/\/www.cip-icu.ca\/fr\/wp-json\/wp\/v2\/media?parent=30392"}],"curies":[{"name":"wp","href":"https:\/\/api.w.org\/{rel}","templated":true}]}}