{"id":30926,"date":"2024-02-15T10:51:21","date_gmt":"2024-02-15T15:51:21","guid":{"rendered":"https:\/\/www.cip-icu.ca\/benevole\/comite-consultatif-indigene\/"},"modified":"2026-04-01T10:10:38","modified_gmt":"2026-04-01T14:10:38","slug":"comite-consultatif-autochtone","status":"publish","type":"page","link":"https:\/\/www.cip-icu.ca\/fr\/benevole\/comite-consultatif-autochtone\/","title":{"rendered":"Comit\u00e9 consultatif autochtone"},"content":{"rendered":"\n<div class=\"wp-block-columns are-vertically-aligned-center is-layout-flex wp-container-core-columns-is-layout-9d6595d7 wp-block-columns-is-layout-flex\">\n<div class=\"wp-block-column is-vertically-aligned-center is-layout-flow wp-block-column-is-layout-flow\" style=\"flex-basis:60%\">\n<div style=\"height:140px\" aria-hidden=\"true\" class=\"wp-block-spacer\"><\/div>\n\n\n\n<h3 class=\"wp-block-heading line-heading-full\">B\u00e9n\u00e9vole <\/h3>\n\n\n\n<h1 class=\"wp-block-heading\">Comit\u00e9 consultatif autochtone<\/h1>\n\n\n\n<p class=\"lede\">L&#8217;ICU recherche des membres pour son Comit\u00e9 consultatif autochtone, qui appuiera les progr\u00e8s dans la mise en \u0153uvre du <a href=\"https:\/\/www.cip-icu.ca\/wp-content\/uploads\/2026\/02\/Reconciliation-Action-Plan-FR.pdf\">Plan d\u2019action pour la r\u00e9conciliation<\/a> (PAR) et le processus de <a href=\"https:\/\/www.cip-icu.ca\/fr\/reconciliation\/\">r\u00e9conciliation<\/a> en cours de l\u2019ICU, y compris les futures mises \u00e0 jour du PAR en tant que document \u00e9volutif.<\/p>\n\n\n\n<p>Le comit\u00e9 fournira des perspectives sur les connaissances, les valeurs, les enseignements et les visions du monde autochtones afin d\u2019\u00e9clairer l\u2019approche de l&#8217;ICU en mati\u00e8re de mise en \u0153uvre du RAP et son travail avec et au service de la profession d\u2019urbaniste.<a id=\"_msocom_1\"><\/a><\/p>\n<\/div>\n\n\n\n<div class=\"wp-block-column is-vertically-aligned-center is-layout-flow wp-block-column-is-layout-flow\"><\/div>\n<\/div>\n\n\n\n<p><strong>Le comit\u00e9 consultatif autochtone s\u2019efforcera de respecter la composition suivante :<\/strong><\/p>\n\n\n\n<ul class=\"wp-block-list\">\n<li>Repr\u00e9sentation diversifi\u00e9e, incluant notamment diff\u00e9rentes nations autochtones, cultures, r\u00e9gions, genres, capacit\u00e9s, neurodiversit\u00e9 et groupes d&#8217;\u00e2ge<\/li>\n\n\n\n<li>Au moins un membre est un a\u00een\u00e9 autochtone ou un gardien du savoir.<\/li>\n\n\n\n<li>Au moins un membre \u00e2g\u00e9 de 18 \u00e0 25 ans<\/li>\n<\/ul>\n\n\n\n<p>Le CCA sera compos\u00e9 de 8 \u00e0 10 membres au total. Bien que l&#8217;ICU accueille favorablement la participation de professionnels autochtones de l\u2019urbanisme parmi ses membres, il n&#8217;est pas n\u00e9cessaire d&#8217;\u00eatre membre de l&#8217;ICU pour postuler \u00e0 cette opportunit\u00e9. <\/p>\n\n\n\n<p><em>La candidature \u00e0 cette opportunit\u00e9 ne garantit pas automatiquement une place au sein du comit\u00e9. Des r\u00e9f\u00e9rences peuvent \u00eatre demand\u00e9es aux candidats pr\u00e9s\u00e9lectionn\u00e9s. <\/em><\/p>\n\n\n\n<p>Les membres du comit\u00e9 seront r\u00e9mun\u00e9r\u00e9s \u00e9quitablement pour leur temps et leur expertise sur la base des meilleures pratiques.<\/p>\n\n\n\n<p><strong>Date limite de d\u00e9p\u00f4t des candidatures : 31 mars 2026 \u00e0 23h59 HP<\/strong><\/p>\n\n\n\n<p><em>Veuillez noter que ce comit\u00e9 fonctionne en anglais. L\u2019adh\u00e9sion \u00e0 l\u2019ICU n\u2019est pas requise.<\/em><\/p>\n\n\n\n<div style=\"height:23px\" aria-hidden=\"true\" class=\"wp-block-spacer\"><\/div>\n\n\n\n<h4 class=\"wp-block-heading\">Les candidatures sont d\u00e9sormais closes.<\/h4>\n\n\n\n<div style=\"height:100px\" aria-hidden=\"true\" class=\"wp-block-spacer\"><\/div>\n","protected":false},"excerpt":{"rendered":"<p>L&#8217;ICU recherche des membres pour son Comit\u00e9 consultatif autochtone, qui appuiera les progr\u00e8s dans la mise en \u0153uvre du Plan d\u2019action pour la r\u00e9conciliation (PAR)&hellip;<\/p>\n","protected":false},"author":14,"featured_media":0,"parent":22136,"menu_order":0,"comment_status":"closed","ping_status":"closed","template":"","meta":{"_acf_changed":false,"footnotes":""},"class_list":["post-30926","page","type-page","status-publish","hentry"],"acf":[],"_links":{"self":[{"href":"https:\/\/www.cip-icu.ca\/fr\/wp-json\/wp\/v2\/pages\/30926","targetHints":{"allow":["GET"]}}],"collection":[{"href":"https:\/\/www.cip-icu.ca\/fr\/wp-json\/wp\/v2\/pages"}],"about":[{"href":"https:\/\/www.cip-icu.ca\/fr\/wp-json\/wp\/v2\/types\/page"}],"author":[{"embeddable":true,"href":"https:\/\/www.cip-icu.ca\/fr\/wp-json\/wp\/v2\/users\/14"}],"replies":[{"embeddable":true,"href":"https:\/\/www.cip-icu.ca\/fr\/wp-json\/wp\/v2\/comments?post=30926"}],"version-history":[{"count":10,"href":"https:\/\/www.cip-icu.ca\/fr\/wp-json\/wp\/v2\/pages\/30926\/revisions"}],"predecessor-version":[{"id":44102,"href":"https:\/\/www.cip-icu.ca\/fr\/wp-json\/wp\/v2\/pages\/30926\/revisions\/44102"}],"up":[{"embeddable":true,"href":"https:\/\/www.cip-icu.ca\/fr\/wp-json\/wp\/v2\/pages\/22136"}],"wp:attachment":[{"href":"https:\/\/www.cip-icu.ca\/fr\/wp-json\/wp\/v2\/media?parent=30926"}],"curies":[{"name":"wp","href":"https:\/\/api.w.org\/{rel}","templated":true}]}}