{"id":31702,"date":"2025-01-27T12:40:54","date_gmt":"2025-01-27T20:40:54","guid":{"rendered":"https:\/\/www.cip-icu.ca\/distinctions-et-prix\/pceu\/jury-du-prix-canadien-dexcellence-en-urbanisme\/"},"modified":"2025-01-28T10:19:26","modified_gmt":"2025-01-28T18:19:26","slug":"jury-du-prix-canadien-dexcellence-en-urbanisme","status":"publish","type":"page","link":"https:\/\/www.cip-icu.ca\/fr\/distinctions-et-prix\/pceu\/jury-du-prix-canadien-dexcellence-en-urbanisme\/","title":{"rendered":"Jury du Prix canadien d&#8217;excellence en urbanisme"},"content":{"rendered":"\n<div class=\"wp-block-columns is-layout-flex wp-container-core-columns-is-layout-9d6595d7 wp-block-columns-is-layout-flex\">\n<div class=\"wp-block-column is-layout-flow wp-block-column-is-layout-flow\" style=\"flex-basis:66.66%\">\n<div style=\"height:128px\" aria-hidden=\"true\" class=\"wp-block-spacer\"><\/div>\n\n\n\n<h1 class=\"wp-block-heading\">Prix canadiens d&#8217;excellence en urbanisme<strong><mark style=\"background-color:rgba(0, 0, 0, 0)\" class=\"has-inline-color has-accent-color\"> Jury<\/mark> <\/strong> <\/h1>\n\n\n\n<p class=\"lede\">Depuis 1983, l&#8217;ICU r\u00e9compense des projets d&#8217;urbanisme exceptionnels pour leur excellence, leur innovation et leur impact sur la profession. Les Prix canadiens d&#8217;excellence en urbanisme poursuivront cette tradition en r\u00e9compensant les projets qui font preuve d&#8217;innovation, qui ont un impact positif sur la profession, et qui d\u00e9montrent un potentiel de mise en \u0153uvre.<\/p>\n<\/div>\n<\/div>\n\n<div style=\"height:100px\" aria-hidden=\"true\" class=\"wp-block-spacer\"><\/div>\n\n<h2 class=\"wp-block-heading\">Rencontrez le <mark style=\"background-color:rgba(0, 0, 0, 0)\" class=\"has-inline-color has-black-color\">jury<\/mark><\/h2>\n\n<div style=\"height:20px\" aria-hidden=\"true\" class=\"wp-block-spacer\"><\/div>\n<div class=\"member-display\">\n\t\t\t\t<div class=\"member-row row\">\n\t\t\t\t\t<div class=\"member-item col-12 col-md-6 col-lg-4 col-xl-3\">\n\t                <div class=\"member-inner\">\n\t                    <img decoding=\"async\" class=\"member-img\" src=\"https:\/\/www.cip-icu.ca\/wp-content\/uploads\/2025\/01\/Dr.-Ann-McAfee-2.jpeg\" alt=\"\">\n\t                    <div class=\"member-info\">\n\t                        <span class=\"member-name\">Ann McAfee RPP, FCIP<\/span>\n\t                        <span class=\"member-year\"><\/span>\n\t                        <span class=\"member-title\"><\/span>\n\t                        \n\t                        \n\t                    <\/div>\n\t                <\/div>\n\t                <div class=\"member-popup\">\n\t                    <div class=\"member-popup-background\"><\/div>\n\t                    <div class=\"member-popup-inner\">\n\t                        <div class=\"member-popup-close\">\n\t                            <i class=\"fas fa-times\"><\/i>\n\t                        <\/div>\n\t                        <div class=\"row\">\n\t                            <div class=\"col-12 col-md-3 left-col\">\n\t                                <img decoding=\"async\" class=\"member-img\" src=\"https:\/\/www.cip-icu.ca\/wp-content\/uploads\/2025\/01\/Dr.-Ann-McAfee-2.jpeg\" alt=\"\">\n\t\t\t\t\t\t\t  \n\t\t\t\t\t\t\t  \n\t                            <\/div>\n\t                            <div class=\"col-12 col-md-8 right-col\">\n\t                                <span class=\"member-name\">Ann McAfee RPP, FCIP<\/span>\n\t                                <span class=\"member-year\"><\/span>\n\t                                <span class=\"member-title\"><\/span>\n\t                                 <div class=\"member-bio\"><p>Ann McAfee (FCIP) est urbaniste depuis plus de 50 ans. En 1974, elle est devenue la premi\u00e8re planificatrice du logement de Vancouver. De 1994 \u00e0 2006, en tant que codirectrice de la planification \u00e0 Vancouver, elle a guid\u00e9 les politiques de la ville et les plans de quartier. Depuis qu&#8217;elle a pris sa retraite, elle planifie \u00e0 l&#8217;\u00e9chelle internationale. Ann est professeur adjoint au SCARP de l&#8217;UBC et membre du Conseil national du logement du Canada.    <\/p>\n<\/div>\n\t                            <\/div>\n\t                        <\/div>\n\t                    <\/div>\n\t                <\/div>\n\t            <\/div><div class=\"member-item col-12 col-md-6 col-lg-4 col-xl-3\">\n\t                <div class=\"member-inner\">\n\t                    <img decoding=\"async\" class=\"member-img\" src=\"https:\/\/www.cip-icu.ca\/wp-content\/uploads\/2025\/01\/Chris-1296x1295.jpg\" alt=\"\">\n\t                    <div class=\"member-info\">\n\t                        <span class=\"member-name\">Chris Hardwicke RPP, MCIP<\/span>\n\t                        <span class=\"member-year\"><\/span>\n\t                        <span class=\"member-title\"><\/span>\n\t                        \n\t                        \n\t                    <\/div>\n\t                <\/div>\n\t                <div class=\"member-popup\">\n\t                    <div class=\"member-popup-background\"><\/div>\n\t                    <div class=\"member-popup-inner\">\n\t                        <div class=\"member-popup-close\">\n\t                            <i class=\"fas fa-times\"><\/i>\n\t                        <\/div>\n\t                        <div class=\"row\">\n\t                            <div class=\"col-12 col-md-3 left-col\">\n\t                                <img decoding=\"async\" class=\"member-img\" src=\"https:\/\/www.cip-icu.ca\/wp-content\/uploads\/2025\/01\/Chris-1296x1295.jpg\" alt=\"\">\n\t\t\t\t\t\t\t  \n\t\t\t\t\t\t\t  \n\t                            <\/div>\n\t                            <div class=\"col-12 col-md-8 right-col\">\n\t                                <span class=\"member-name\">Chris Hardwicke RPP, MCIP<\/span>\n\t                                <span class=\"member-year\"><\/span>\n\t                                <span class=\"member-title\"><\/span>\n\t                                 <div class=\"member-bio\"><p>Chris Hardwicke est urbaniste professionnel agr\u00e9\u00e9, membre de l&#8217;Institut royal d&#8217;architecture du Canada et concepteur urbain, avec plus de 25 ans d&#8217;exp\u00e9rience. Il a acquis une reconnaissance internationale en tant que Fellow du Forum for Urban Design \u00e0 New York, Recognized Practitioner in Urban Design au Royaume-Uni, et en tant que membre du Project for Public Spaces Leadership Committee et du Council for Canadian Urbanism. Chris est guid\u00e9 par le principe selon lequel l&#8217;urbanisme est un vecteur de changement et de renouvellement social. Cette philosophie s&#8217;\u00e9tend de la conception des lieux publics \u00e0 l&#8217;adoption des principes plus larges des villes saines.   <\/p>\n<\/div>\n\t                            <\/div>\n\t                        <\/div>\n\t                    <\/div>\n\t                <\/div>\n\t            <\/div><div class=\"member-item col-12 col-md-6 col-lg-4 col-xl-3\">\n\t                <div class=\"member-inner\">\n\t                    <img decoding=\"async\" class=\"member-img\" src=\"https:\/\/www.cip-icu.ca\/wp-content\/uploads\/2025\/01\/Colton-Kirsop-rotated.jpg\" alt=\"\">\n\t                    <div class=\"member-info\">\n\t                        <span class=\"member-name\">Colton Kirsop MUP, RPP, MCIP<\/span>\n\t                        <span class=\"member-year\"><\/span>\n\t                        <span class=\"member-title\"><\/span>\n\t                        \n\t                        \n\t                    <\/div>\n\t                <\/div>\n\t                <div class=\"member-popup\">\n\t                    <div class=\"member-popup-background\"><\/div>\n\t                    <div class=\"member-popup-inner\">\n\t                        <div class=\"member-popup-close\">\n\t                            <i class=\"fas fa-times\"><\/i>\n\t                        <\/div>\n\t                        <div class=\"row\">\n\t                            <div class=\"col-12 col-md-3 left-col\">\n\t                                <img decoding=\"async\" class=\"member-img\" src=\"https:\/\/www.cip-icu.ca\/wp-content\/uploads\/2025\/01\/Colton-Kirsop-rotated.jpg\" alt=\"\">\n\t\t\t\t\t\t\t  \n\t\t\t\t\t\t\t  \n\t                            <\/div>\n\t                            <div class=\"col-12 col-md-8 right-col\">\n\t                                <span class=\"member-name\">Colton Kirsop MUP, RPP, MCIP<\/span>\n\t                                <span class=\"member-year\"><\/span>\n\t                                <span class=\"member-title\"><\/span>\n\t                                 <div class=\"member-bio\"><p>Colton est un planificateur professionnel agr\u00e9\u00e9 qui a la r\u00e9putation de mener \u00e0 bien des projets de planification ambitieux. Il travaille au bureau de McElhanney \u00e0 Surrey, en Colombie-Britannique, et participe \u00e0 des projets de planification en Colombie-Britannique et en Alberta. Il a 20 ans d&#8217;exp\u00e9rience dans la fourniture de conseils en mati\u00e8re de planification strat\u00e9gique et de d\u00e9veloppement \u00e0 des clients des secteurs public et priv\u00e9, et il a suivi la formation IAP2 sur l&#8217;engagement du public. Colton poss\u00e8de une grande exp\u00e9rience des secteurs public et priv\u00e9 dans le domaine de la planification municipale, plus particuli\u00e8rement en ce qui concerne la r\u00e9vision des r\u00e8glements de zonage, la cr\u00e9ation de logements intercalaires et de logements interm\u00e9diaires manquants, la r\u00e9glementation de la vente de cannabis, les plans communautaires officiels (OCP), les plans de d\u00e9veloppement municipaux (MDP), les plans secondaires, le d\u00e9veloppement de logements abordables et supervis\u00e9s, l&#8217;engagement du public, l&#8217;\u00e9tablissement de la port\u00e9e des projets, la gestion des projets et les approbations de rezonage, et il fait souvent des pr\u00e9sentations au conseil municipal et dans la communaut\u00e9.   <\/p>\n<\/div>\n\t                            <\/div>\n\t                        <\/div>\n\t                    <\/div>\n\t                <\/div>\n\t            <\/div><div class=\"member-item col-12 col-md-6 col-lg-4 col-xl-3\">\n\t                <div class=\"member-inner\">\n\t                    <img decoding=\"async\" class=\"member-img\" src=\"https:\/\/www.cip-icu.ca\/wp-content\/uploads\/2025\/01\/photo-Kathleen-Gallagher.jpg\" alt=\"\">\n\t                    <div class=\"member-info\">\n\t                        <span class=\"member-name\">Kathleen Gallagher RPP, MCIP<\/span>\n\t                        <span class=\"member-year\"><\/span>\n\t                        <span class=\"member-title\"><\/span>\n\t                        \n\t                        \n\t                    <\/div>\n\t                <\/div>\n\t                <div class=\"member-popup\">\n\t                    <div class=\"member-popup-background\"><\/div>\n\t                    <div class=\"member-popup-inner\">\n\t                        <div class=\"member-popup-close\">\n\t                            <i class=\"fas fa-times\"><\/i>\n\t                        <\/div>\n\t                        <div class=\"row\">\n\t                            <div class=\"col-12 col-md-3 left-col\">\n\t                                <img decoding=\"async\" class=\"member-img\" src=\"https:\/\/www.cip-icu.ca\/wp-content\/uploads\/2025\/01\/photo-Kathleen-Gallagher.jpg\" alt=\"\">\n\t\t\t\t\t\t\t  \n\t\t\t\t\t\t\t  \n\t                            <\/div>\n\t                            <div class=\"col-12 col-md-8 right-col\">\n\t                                <span class=\"member-name\">Kathleen Gallagher RPP, MCIP<\/span>\n\t                                <span class=\"member-year\"><\/span>\n\t                                <span class=\"member-title\"><\/span>\n\t                                 <div class=\"member-bio\"><div class=\"todos-form__field\">\n<div class=\"todos-form__field-content todos-form__field-content--notes\">\n<div class=\"formatted_content\">\n<div>Kathleen Gallagher est une urbaniste professionnelle agr\u00e9\u00e9e ayant occup\u00e9 des fonctions de conseill\u00e8re ex\u00e9cutive en urbanisme, notamment dans les domaines du transport, de la planification des transports en commun, de l&#8217;am\u00e9nagement du territoire et du patrimoine, au sein du District de Saanich, de la Ville de Calgary et de la Ville de Banff. Elle est titulaire d&#8217;une ma\u00eetrise en \u00e9tudes environnementales (urbanisme) de l&#8217;Universit\u00e9 de Waterloo et d&#8217;un baccalaur\u00e9at \u00e8s sciences (psychologie) de l&#8217;Universit\u00e9 Dalhousie.<\/div>\n<\/div>\n<\/div>\n<\/div>\n<\/div>\n\t                            <\/div>\n\t                        <\/div>\n\t                    <\/div>\n\t                <\/div>\n\t            <\/div><div class=\"member-item col-12 col-md-6 col-lg-4 col-xl-3\">\n\t                <div class=\"member-inner\">\n\t                    <img decoding=\"async\" class=\"member-img\" src=\"https:\/\/www.cip-icu.ca\/wp-content\/uploads\/2025\/01\/Kyla_Pascal-1296x1512.jpg\" alt=\"\">\n\t                    <div class=\"member-info\">\n\t                        <span class=\"member-name\">Kyla Pascal<\/span>\n\t                        <span class=\"member-year\"><\/span>\n\t                        <span class=\"member-title\"><\/span>\n\t                        \n\t                        \n\t                    <\/div>\n\t                <\/div>\n\t                <div class=\"member-popup\">\n\t                    <div class=\"member-popup-background\"><\/div>\n\t                    <div class=\"member-popup-inner\">\n\t                        <div class=\"member-popup-close\">\n\t                            <i class=\"fas fa-times\"><\/i>\n\t                        <\/div>\n\t                        <div class=\"row\">\n\t                            <div class=\"col-12 col-md-3 left-col\">\n\t                                <img decoding=\"async\" class=\"member-img\" src=\"https:\/\/www.cip-icu.ca\/wp-content\/uploads\/2025\/01\/Kyla_Pascal-1296x1512.jpg\" alt=\"\">\n\t\t\t\t\t\t\t  \n\t\t\t\t\t\t\t  \n\t                            <\/div>\n\t                            <div class=\"col-12 col-md-8 right-col\">\n\t                                <span class=\"member-name\">Kyla Pascal<\/span>\n\t                                <span class=\"member-year\"><\/span>\n\t                                <span class=\"member-title\"><\/span>\n\t                                 <div class=\"member-bio\"><p>Kyla Pascal (elle\/il) est une femme afro-autochtone (dominicaine\/m\u00e9tisse) n\u00e9e et \u00e9lev\u00e9e \u00e0 Amiskwaciw\u00e2skahikan \/ \u140a\u14a5\u1422\u1472\u1427\u148b\u140b\u1427\u1422\u1472\u1426\u1403\u1472\u1423 (Edmonton). Ses exp\u00e9riences et ses int\u00e9r\u00eats sont centr\u00e9s sur la r\u00e9surgence indig\u00e8ne, la pr\u00e9servation culturelle, la sant\u00e9 communautaire, la narration et la justice alimentaire. Elle est planificatrice communautaire, consultante et co-\u00e9ditrice de Hungry Zine. L&#8217;objectif de son travail est de construire des communaut\u00e9s plus r\u00e9silientes, plus justes et plus saines.   <\/p>\n<\/div>\n\t                            <\/div>\n\t                        <\/div>\n\t                    <\/div>\n\t                <\/div>\n\t            <\/div><div class=\"member-item col-12 col-md-6 col-lg-4 col-xl-3\">\n\t                <div class=\"member-inner\">\n\t                    <img decoding=\"async\" class=\"member-img\" src=\"https:\/\/www.cip-icu.ca\/wp-content\/uploads\/2025\/01\/Neal-LaMontagne-1296x1230.jpg\" alt=\"\">\n\t                    <div class=\"member-info\">\n\t                        <span class=\"member-name\">Neal Lamontagne RPP, MCIP<\/span>\n\t                        <span class=\"member-year\"><\/span>\n\t                        <span class=\"member-title\"><\/span>\n\t                        \n\t                        \n\t                    <\/div>\n\t                <\/div>\n\t                <div class=\"member-popup\">\n\t                    <div class=\"member-popup-background\"><\/div>\n\t                    <div class=\"member-popup-inner\">\n\t                        <div class=\"member-popup-close\">\n\t                            <i class=\"fas fa-times\"><\/i>\n\t                        <\/div>\n\t                        <div class=\"row\">\n\t                            <div class=\"col-12 col-md-3 left-col\">\n\t                                <img decoding=\"async\" class=\"member-img\" src=\"https:\/\/www.cip-icu.ca\/wp-content\/uploads\/2025\/01\/Neal-LaMontagne-1296x1230.jpg\" alt=\"\">\n\t\t\t\t\t\t\t  \n\t\t\t\t\t\t\t  \n\t                            <\/div>\n\t                            <div class=\"col-12 col-md-8 right-col\">\n\t                                <span class=\"member-name\">Neal Lamontagne RPP, MCIP<\/span>\n\t                                <span class=\"member-year\"><\/span>\n\t                                <span class=\"member-title\"><\/span>\n\t                                 <div class=\"member-bio\"><p>Neal LaMontagne est charg\u00e9 de cours \u00e0 l&#8217;\u00e9cole d&#8217;urbanisme et de planification r\u00e9gionale de l&#8217;universit\u00e9 d&#8217;Alberta. Planificateur avec plus de 25 ans d&#8217;exp\u00e9rience, il est un g\u00e9n\u00e9raliste de la planification avec des int\u00e9r\u00eats particuliers dans l&#8217;intersection de la planification et de la conception, les villes durables et compatissantes, et la qualit\u00e9 des plans. Ancien membre du comit\u00e9 des prix PIBC, il participe pour la premi\u00e8re fois \u00e0 un jury de prix national.  <\/p>\n<\/div>\n\t                            <\/div>\n\t                        <\/div>\n\t                    <\/div>\n\t                <\/div>\n\t            <\/div><div class=\"member-item col-12 col-md-6 col-lg-4 col-xl-3\">\n\t                <div class=\"member-inner\">\n\t                    <img decoding=\"async\" class=\"member-img\" src=\"https:\/\/www.cip-icu.ca\/wp-content\/uploads\/2025\/01\/Perry-Stein-3.jpg\" alt=\"\">\n\t                    <div class=\"member-info\">\n\t                        <span class=\"member-name\">Perry Stein MA, RPP, MCIP<\/span>\n\t                        <span class=\"member-year\"><\/span>\n\t                        <span class=\"member-title\"><\/span>\n\t                        \n\t                        \n\t                    <\/div>\n\t                <\/div>\n\t                <div class=\"member-popup\">\n\t                    <div class=\"member-popup-background\"><\/div>\n\t                    <div class=\"member-popup-inner\">\n\t                        <div class=\"member-popup-close\">\n\t                            <i class=\"fas fa-times\"><\/i>\n\t                        <\/div>\n\t                        <div class=\"row\">\n\t                            <div class=\"col-12 col-md-3 left-col\">\n\t                                <img decoding=\"async\" class=\"member-img\" src=\"https:\/\/www.cip-icu.ca\/wp-content\/uploads\/2025\/01\/Perry-Stein-3.jpg\" alt=\"\">\n\t\t\t\t\t\t\t  \n\t\t\t\t\t\t\t  \n\t                            <\/div>\n\t                            <div class=\"col-12 col-md-8 right-col\">\n\t                                <span class=\"member-name\">Perry Stein MA, RPP, MCIP<\/span>\n\t                                <span class=\"member-year\"><\/span>\n\t                                <span class=\"member-title\"><\/span>\n\t                                 <div class=\"member-bio\"><p>Perry est directeur des services aux partenaires \u00e0 la ville de Lethbridge. Il est titulaire d&#8217;une ma\u00eetrise en \u00e9tudes latino-am\u00e9ricaines de l&#8217;Universit\u00e9 Simon Fraser et d&#8217;une licence en \u00e9tudes urbaines et r\u00e9gionales de l&#8217;Universit\u00e9 de Lethbridge. Le travail de Perry est ax\u00e9 sur la r\u00e9conciliation, l&#8217;\u00e9quit\u00e9 et l&#8217;inclusion dans le cadre de la planification, de l&#8217;\u00e9laboration des politiques et de l&#8217;am\u00e9nagement et de l&#8217;entretien des lieux. Perry est vice-pr\u00e9sident du conseil d&#8217;administration de l&#8217;\u00e9cole polytechnique de Lethbridge, chercheur affili\u00e9 \u00e0 l&#8217;Institut Prentice (Universit\u00e9 de Lethbridge) et partage r\u00e9guli\u00e8rement ses travaux par le biais de r\u00e9seaux au Canada, au Royaume-Uni et ailleurs.   <\/p>\n<\/div>\n\t                            <\/div>\n\t                        <\/div>\n\t                    <\/div>\n\t                <\/div>\n\t            <\/div>\n\t\t\t\t<\/div>\n\t\t\t<\/div>\n\n<div style=\"height:100px\" aria-hidden=\"true\" class=\"wp-block-spacer\"><\/div>\n","protected":false},"excerpt":{"rendered":"<p>Prix canadiens d&#8217;excellence en urbanisme Jury Depuis 1983, l&#8217;ICU r\u00e9compense des projets d&#8217;urbanisme exceptionnels pour leur excellence, leur innovation et leur impact sur la profession. [&hellip;]<\/p>\n","protected":false},"author":21,"featured_media":0,"parent":28846,"menu_order":0,"comment_status":"closed","ping_status":"closed","template":"","meta":{"_acf_changed":false,"footnotes":""},"class_list":["post-31702","page","type-page","status-publish","hentry"],"acf":[],"_links":{"self":[{"href":"https:\/\/www.cip-icu.ca\/fr\/wp-json\/wp\/v2\/pages\/31702","targetHints":{"allow":["GET"]}}],"collection":[{"href":"https:\/\/www.cip-icu.ca\/fr\/wp-json\/wp\/v2\/pages"}],"about":[{"href":"https:\/\/www.cip-icu.ca\/fr\/wp-json\/wp\/v2\/types\/page"}],"author":[{"embeddable":true,"href":"https:\/\/www.cip-icu.ca\/fr\/wp-json\/wp\/v2\/users\/21"}],"replies":[{"embeddable":true,"href":"https:\/\/www.cip-icu.ca\/fr\/wp-json\/wp\/v2\/comments?post=31702"}],"version-history":[{"count":2,"href":"https:\/\/www.cip-icu.ca\/fr\/wp-json\/wp\/v2\/pages\/31702\/revisions"}],"predecessor-version":[{"id":31711,"href":"https:\/\/www.cip-icu.ca\/fr\/wp-json\/wp\/v2\/pages\/31702\/revisions\/31711"}],"up":[{"embeddable":true,"href":"https:\/\/www.cip-icu.ca\/fr\/wp-json\/wp\/v2\/pages\/28846"}],"wp:attachment":[{"href":"https:\/\/www.cip-icu.ca\/fr\/wp-json\/wp\/v2\/media?parent=31702"}],"curies":[{"name":"wp","href":"https:\/\/api.w.org\/{rel}","templated":true}]}}