{"id":32251,"date":"2024-11-27T10:25:35","date_gmt":"2024-11-27T18:25:35","guid":{"rendered":"https:\/\/www.cip-icu.ca\/centrale-des-carrieres\/"},"modified":"2025-02-28T12:06:31","modified_gmt":"2025-02-28T20:06:31","slug":"centrale-des-carrieres","status":"publish","type":"page","link":"https:\/\/www.cip-icu.ca\/fr\/centrale-des-carrieres\/","title":{"rendered":"Centrale des carri\u00e8res"},"content":{"rendered":"\n<div style=\"height:100px\" aria-hidden=\"true\" class=\"wp-block-spacer\"><\/div>\n\n<div class=\"wp-block-columns is-layout-flex wp-container-core-columns-is-layout-9d6595d7 wp-block-columns-is-layout-flex\">\n<div class=\"wp-block-column is-layout-flow wp-block-column-is-layout-flow\" style=\"flex-basis:66.66%\">\n<h3 class=\"wp-block-heading line-heading-full\">Centrale des carri\u00e8res<\/h3>\n\n\n\n<h1 class=\"wp-block-heading\"><mark style=\"background-color:rgba(0, 0, 0, 0)\" class=\"has-inline-color has-blue-2-color\"><strong>Soutien<\/strong><\/mark> \u00e0 la carri\u00e8re pour la vie<\/h1>\n\n\n\n<p class=\"lede\">Bienvenue sur le site professionnel des urbanistes \u00e0 tous les stades de leur parcours. Que vous lanciez votre carri\u00e8re, que vous progressiez dans votre domaine ou que vous fa\u00e7onniez l&#8217;avenir de la profession, la Centrale des carri\u00e8res de l&#8217;ICU vous met en contact avec les ressources, les opportunit\u00e9s et les r\u00e9seaux qui vous permettront de r\u00e9ussir. <\/p>\n\n\n\n<p>En tant qu&#8217;organisation nationale des urbanistes au Canada, nous fournissons des outils comme le <a href=\"https:\/\/www.cip-icu.ca\/fr\/enquete-sur-les-remunerations-et-les-avantages-sociaux\/\">sondage national sur l&#8217;emploi <\/a>et l&#8217;acc\u00e8s \u00e0 des programmes de formation qui fa\u00e7onnent l&#8217;avenir de l&#8217;urbanisme. Joignez-vous \u00e0 une communaut\u00e9 professionnelle d\u00e9di\u00e9e \u00e0 la durabilit\u00e9, \u00e0 l&#8217;inclusion et \u00e0 l&#8217;innovation. <\/p>\n<\/div>\n\n\n\n<div class=\"wp-block-column is-layout-flow wp-block-column-is-layout-flow\" style=\"flex-basis:33.33%\"><\/div>\n<\/div>\n\n<div style=\"height:40px\" aria-hidden=\"true\" class=\"wp-block-spacer\"><\/div>\n\n<div class=\"wp-block-columns is-layout-flex wp-container-core-columns-is-layout-9d6595d7 wp-block-columns-is-layout-flex\">\n<div class=\"wp-block-column  data-aos_fade-up aos-animate data-aos-delay_100 has-blue-2-10-opacity-background-color has-background is-layout-flow wp-block-column-is-layout-flow\">\n<figure class=\"wp-block-image size-medium\"><img loading=\"lazy\" decoding=\"async\" width=\"636\" height=\"358\" src=\"https:\/\/www.cip-icu.ca\/wp-content\/uploads\/2024\/11\/CIP-Website-Slider-Background-Template-6-636x358.png\" alt=\"\" class=\"wp-image-30717\" style=\"aspect-ratio:16\/9;object-fit:cover\" srcset=\"https:\/\/www.cip-icu.ca\/wp-content\/uploads\/2024\/11\/CIP-Website-Slider-Background-Template-6-636x358.png 636w, https:\/\/www.cip-icu.ca\/wp-content\/uploads\/2024\/11\/CIP-Website-Slider-Background-Template-6-768x432.png 768w, https:\/\/www.cip-icu.ca\/wp-content\/uploads\/2024\/11\/CIP-Website-Slider-Background-Template-6-600x338.png 600w, https:\/\/www.cip-icu.ca\/wp-content\/uploads\/2024\/11\/CIP-Website-Slider-Background-Template-6.png 1000w\" sizes=\"auto, (max-width: 636px) 100vw, 636px\" \/><\/figure>\n\n\n\n<div style=\"height:17px\" aria-hidden=\"true\" class=\"wp-block-spacer\"><\/div>\n\n\n\n<h3 class=\"wp-block-heading has-text-align-center\">Demandeurs d&#8217;emploi<\/h3>\n\n\n\n<p class=\"has-text-align-center\">Trouvez votre prochaine opportunit\u00e9 ! Le CIP National Job Board est con\u00e7u pour aider les professionnels comme vous \u00e0 trouver des postes li\u00e9s \u00e0 la planification qui correspondent \u00e0 vos comp\u00e9tences et \u00e0 vos int\u00e9r\u00eats. <\/p>\n\n\n\n<div style=\"height:17px\" aria-hidden=\"true\" class=\"wp-block-spacer\"><\/div>\n\n\n\n<div class=\"wp-block-buttons is-content-justification-center is-layout-flex wp-container-core-buttons-is-layout-16018d1d wp-block-buttons-is-layout-flex\">\n<div class=\"wp-block-button\"><a class=\"wp-block-button__link has-blue-gradient-background-color has-background wp-element-button\" href=\"https:\/\/www.cip-icu.ca\/fr\/emplois\/\">Recherche d&#8217;emploi<\/a><\/div>\n\n\n\n<div class=\"wp-block-button is-style-fill\"><a class=\"wp-block-button__link has-blue-gradient-background-color has-background wp-element-button\" href=\"https:\/\/www.cip-icu.ca\/fr\/emplois\/soumettez-cv\/\">Soumettez votre CV<\/a><\/div>\n<\/div>\n\n\n\n<div style=\"height:30px\" aria-hidden=\"true\" class=\"wp-block-spacer\"><\/div>\n<\/div>\n\n\n\n<div class=\"wp-block-column  data-aos_fade-up aos-animate data-aos-delay_100 has-blue-2-10-opacity-background-color has-background is-layout-flow wp-block-column-is-layout-flow\">\n<figure class=\"wp-block-image size-medium\"><img loading=\"lazy\" decoding=\"async\" width=\"636\" height=\"424\" src=\"https:\/\/www.cip-icu.ca\/wp-content\/uploads\/2023\/11\/partnership--636x424.png\" alt=\"\" class=\"wp-image-20972\" style=\"aspect-ratio:16\/9;object-fit:cover\" srcset=\"https:\/\/www.cip-icu.ca\/wp-content\/uploads\/2023\/11\/partnership--636x424.png 636w, https:\/\/www.cip-icu.ca\/wp-content\/uploads\/2023\/11\/partnership--1296x864.png 1296w, https:\/\/www.cip-icu.ca\/wp-content\/uploads\/2023\/11\/partnership--768x512.png 768w, https:\/\/www.cip-icu.ca\/wp-content\/uploads\/2023\/11\/partnership--1536x1024.png 1536w, https:\/\/www.cip-icu.ca\/wp-content\/uploads\/2023\/11\/partnership--720x480.png 720w, https:\/\/www.cip-icu.ca\/wp-content\/uploads\/2023\/11\/partnership-.png 1920w\" sizes=\"auto, (max-width: 636px) 100vw, 636px\" \/><\/figure>\n\n\n\n<div style=\"height:17px\" aria-hidden=\"true\" class=\"wp-block-spacer\"><\/div>\n\n\n\n<h3 class=\"wp-block-heading has-text-align-center\">Employeurs<\/h3>\n\n\n\n<p class=\"has-text-align-center\">Trouvez la bonne personne. Le tableau d&#8217;affichage national des emplois de l&#8217;ICU vous met en contact avec des professionnels de la planification sp\u00e9cialis\u00e9s qui sont passionn\u00e9s par le fa\u00e7onnement des collectivit\u00e9s du Canada. <\/p>\n\n\n\n<div style=\"height:17px\" aria-hidden=\"true\" class=\"wp-block-spacer\"><\/div>\n\n\n\n<div class=\"wp-block-buttons is-content-justification-center is-layout-flex wp-container-core-buttons-is-layout-16018d1d wp-block-buttons-is-layout-flex\">\n<div class=\"wp-block-button\"><a class=\"wp-block-button__link has-blue-gradient-background-color has-background wp-element-button\" href=\"https:\/\/www.cip-icu.ca\/fr\/emplois\/produits\/\">Publier un emploi<\/a><\/div>\n\n\n\n<div class=\"wp-block-button is-style-fill\"><a class=\"wp-block-button__link has-blue-gradient-background-color has-background wp-element-button\" href=\"https:\/\/www.cip-icu.ca\/fr\/emplois\/produits\/#rfp\">Publier un appel d&#8217;offres<\/a><\/div>\n<\/div>\n\n\n\n<div style=\"height:30px\" aria-hidden=\"true\" class=\"wp-block-spacer\"><\/div>\n<\/div>\n<\/div>\n\n<div style=\"height:34px\" aria-hidden=\"true\" class=\"wp-block-spacer\"><\/div>\n\n<div class=\"wp-block-group  data-aos_fade-up aos-animate data-aos-delay_100\"><div class=\"wp-block-group__inner-container is-layout-constrained wp-block-group-is-layout-constrained\">\n<div class=\"wp-block-columns is-layout-flex wp-container-core-columns-is-layout-9d6595d7 wp-block-columns-is-layout-flex\">\n<div class=\"wp-block-column is-layout-flow wp-block-column-is-layout-flow\" style=\"flex-basis:69%\">\n<h2 class=\"wp-block-heading\">S&#8217;impliquer<\/h2>\n\n\n\n<p>Vous souhaitez d\u00e9velopper votre r\u00e9seau de contacts professionnels, renforcer vos comp\u00e9tences en mati\u00e8re de leadership et mettre en \u0153uvre de nouvelles id\u00e9es au sein de la profession d&#8217;urbaniste ? Si c&#8217;est le cas, nous avons peut-\u00eatre des opportunit\u00e9s incroyables \u00e0 vous proposer.<\/p>\n<\/div>\n\n\n\n<div class=\"wp-block-column is-layout-flow wp-block-column-is-layout-flow\" style=\"flex-basis:30%\"><\/div>\n<\/div>\n\n\n\n<div class=\"wp-block-columns is-layout-flex wp-container-core-columns-is-layout-9d6595d7 wp-block-columns-is-layout-flex\">\n<div class=\"wp-block-column has-gainsboro-background-color has-background is-layout-flow wp-block-column-is-layout-flow\">\n<figure class=\"wp-block-image size-medium\"><a href=\"https:\/\/www.cip-icu.ca\/fr\/benevole\/\"><img loading=\"lazy\" decoding=\"async\" width=\"636\" height=\"424\" src=\"https:\/\/www.cip-icu.ca\/wp-content\/uploads\/2024\/08\/CIP-PSTF-Evergreen-Website-Image-1920-x-1280-px-2-636x424.png\" alt=\"\" class=\"wp-image-29377\" style=\"aspect-ratio:16\/9;object-fit:cover\" srcset=\"https:\/\/www.cip-icu.ca\/wp-content\/uploads\/2024\/08\/CIP-PSTF-Evergreen-Website-Image-1920-x-1280-px-2-636x424.png 636w, https:\/\/www.cip-icu.ca\/wp-content\/uploads\/2024\/08\/CIP-PSTF-Evergreen-Website-Image-1920-x-1280-px-2-1296x864.png 1296w, https:\/\/www.cip-icu.ca\/wp-content\/uploads\/2024\/08\/CIP-PSTF-Evergreen-Website-Image-1920-x-1280-px-2-768x512.png 768w, https:\/\/www.cip-icu.ca\/wp-content\/uploads\/2024\/08\/CIP-PSTF-Evergreen-Website-Image-1920-x-1280-px-2-1536x1024.png 1536w, https:\/\/www.cip-icu.ca\/wp-content\/uploads\/2024\/08\/CIP-PSTF-Evergreen-Website-Image-1920-x-1280-px-2-720x480.png 720w, https:\/\/www.cip-icu.ca\/wp-content\/uploads\/2024\/08\/CIP-PSTF-Evergreen-Website-Image-1920-x-1280-px-2.png 1920w\" sizes=\"auto, (max-width: 636px) 100vw, 636px\" \/><\/a><\/figure>\n\n\n\n<h3 class=\"wp-block-heading has-text-align-center\">B\u00e9n\u00e9ficiez de votre expertise <\/h3>\n\n\n\n<p class=\"has-text-align-center\">Des comit\u00e9s aux \u00e9v\u00e9nements, il y a de nombreuses fa\u00e7ons de s&#8217;impliquer. Consultez notre <a href=\"https:\/\/www.cip-icu.ca\/fr\/benevole\/\">page consacr\u00e9e au b\u00e9n\u00e9volat<\/a> pour d\u00e9couvrir les possibilit\u00e9s qui s&#8217;offrent \u00e0 vous. <\/p>\n\n\n\n<div style=\"height:17px\" aria-hidden=\"true\" class=\"wp-block-spacer\"><\/div>\n\n\n\n<div class=\"wp-block-buttons is-content-justification-center is-layout-flex wp-container-core-buttons-is-layout-16018d1d wp-block-buttons-is-layout-flex\">\n<div class=\"wp-block-button\"><a class=\"wp-block-button__link has-text-align-center wp-element-button\" href=\"https:\/\/www.cip-icu.ca\/fr\/benevole\/\">B\u00e9n\u00e9vole<\/a><\/div>\n<\/div>\n\n\n\n<div style=\"height:30px\" aria-hidden=\"true\" class=\"wp-block-spacer\"><\/div>\n<\/div>\n\n\n\n<div class=\"wp-block-column has-gainsboro-background-color has-background is-layout-flow wp-block-column-is-layout-flow\">\n<figure class=\"wp-block-image size-medium\"><a href=\"https:\/\/www.cip-pstf.ca\/donate?lang=fr\" target=\"_blank\" rel=\"noreferrer noopener\"><img loading=\"lazy\" decoding=\"async\" width=\"636\" height=\"424\" src=\"https:\/\/www.cip-icu.ca\/wp-content\/uploads\/2024\/08\/CIP-PSTF-Evergreen-Website-Image-1920-x-1280-px-636x424.png\" alt=\"\" class=\"wp-image-29367\" style=\"aspect-ratio:16\/9;object-fit:cover\" srcset=\"https:\/\/www.cip-icu.ca\/wp-content\/uploads\/2024\/08\/CIP-PSTF-Evergreen-Website-Image-1920-x-1280-px-636x424.png 636w, https:\/\/www.cip-icu.ca\/wp-content\/uploads\/2024\/08\/CIP-PSTF-Evergreen-Website-Image-1920-x-1280-px-1296x864.png 1296w, https:\/\/www.cip-icu.ca\/wp-content\/uploads\/2024\/08\/CIP-PSTF-Evergreen-Website-Image-1920-x-1280-px-768x512.png 768w, https:\/\/www.cip-icu.ca\/wp-content\/uploads\/2024\/08\/CIP-PSTF-Evergreen-Website-Image-1920-x-1280-px-1536x1024.png 1536w, https:\/\/www.cip-icu.ca\/wp-content\/uploads\/2024\/08\/CIP-PSTF-Evergreen-Website-Image-1920-x-1280-px-720x480.png 720w, https:\/\/www.cip-icu.ca\/wp-content\/uploads\/2024\/08\/CIP-PSTF-Evergreen-Website-Image-1920-x-1280-px.png 1920w\" sizes=\"auto, (max-width: 636px) 100vw, 636px\" \/><\/a><\/figure>\n\n\n\n<h3 class=\"wp-block-heading has-text-align-center\">Planification du soutien aux \u00e9tudiants<\/h3>\n\n\n\n<p class=\"has-text-align-center\">Vos dons au <a href=\"https:\/\/www.cip-pstf.ca\/donate\" target=\"_blank\" rel=\"noreferrer noopener\">Fonds fiduciaire des \u00e9tudiants en planification de la CIP\/ICU<\/a> soutiennent la prochaine g\u00e9n\u00e9ration de planificateurs en finan\u00e7ant des bourses d&#8217;\u00e9tudes.<\/p>\n\n\n\n<div style=\"height:17px\" aria-hidden=\"true\" class=\"wp-block-spacer\"><\/div>\n\n\n\n<div class=\"wp-block-buttons is-content-justification-center is-layout-flex wp-container-core-buttons-is-layout-16018d1d wp-block-buttons-is-layout-flex\">\n<div class=\"wp-block-button\"><a class=\"wp-block-button__link wp-element-button\" href=\"https:\/\/www.cip-pstf.ca\/donate?lang=fr\" target=\"_blank\" rel=\"noreferrer noopener\">Faire un don<\/a><\/div>\n<\/div>\n\n\n\n<div style=\"height:30px\" aria-hidden=\"true\" class=\"wp-block-spacer\"><\/div>\n<\/div>\n<\/div>\n<\/div><\/div>\n\n<div style=\"height:100px\" aria-hidden=\"true\" class=\"wp-block-spacer\"><\/div>\n\n<h2 class=\"wp-block-heading\">Blogs sur l&#8217;aide \u00e0 la carri\u00e8re<\/h2>\n\n<p>Consultez le blog du l&#8217;ICU pour obtenir les derniers articles contenant des conseils de carri\u00e8re, des ressources et bien d&#8217;autres choses encore. <\/p>\n\n<div class=\"wp-block-query is-layout-flow wp-block-query-is-layout-flow\"><ul class=\"columns-3 wp-block-post-template is-layout-grid wp-container-core-post-template-is-layout-2f3213d7 wp-block-post-template-is-layout-grid\"><li class=\"wp-block-post post-41508 post type-post status-publish format-standard has-post-thumbnail hentry category-blog tag-conference-fr tag-programme-leaders-emergents tag-soutien-carriere\">\n<figure style=\"aspect-ratio:3\/2;\" class=\"wp-block-post-featured-image\"><a href=\"https:\/\/www.cip-icu.ca\/fr\/blog\/leading-with-openness-and-connection-reflections-from-the-2025-cip-emerging-leaders-program\/\" target=\"_self\"  ><img loading=\"lazy\" decoding=\"async\" width=\"1296\" height=\"456\" src=\"https:\/\/www.cip-icu.ca\/wp-content\/uploads\/2026\/01\/ELP-Blog-Feature-Image-1296x456.jpg\" class=\"attachment-post-thumbnail size-post-thumbnail wp-post-image\" alt=\"Diriger avec ouverture et connexion : r\u00e9flexions issues du programme des leaders \u00e9mergents de l\u2019ICU 2025\" style=\"width:100%;height:100%;object-fit:contain;\" \/><\/a><\/figure>\n\n<div class=\"wp-block-post-date has-small-font-size\"><time datetime=\"2026-01-20T12:54:48-05:00\">January 20, 2026<\/time><\/div>\n\n<h2 class=\"wp-block-post-title has-large-font-size\"><a href=\"https:\/\/www.cip-icu.ca\/fr\/blog\/leading-with-openness-and-connection-reflections-from-the-2025-cip-emerging-leaders-program\/\" target=\"_self\" >Diriger avec ouverture et connexion : r\u00e9flexions issues du programme des leaders \u00e9mergents de l\u2019ICU 2025<\/a><\/h2>\n<\/li><li class=\"wp-block-post post-41450 post type-post status-publish format-standard has-post-thumbnail hentry category-blog tag-conference-fr tag-soutien-carriere\">\n<figure style=\"aspect-ratio:3\/2;\" class=\"wp-block-post-featured-image\"><a href=\"https:\/\/www.cip-icu.ca\/fr\/blog\/perspectives-des-partenaires-apercu-des-systemes-urbains-a-action-2025\/\" target=\"_self\"  ><img loading=\"lazy\" decoding=\"async\" width=\"1296\" height=\"456\" src=\"https:\/\/www.cip-icu.ca\/wp-content\/uploads\/2026\/01\/Partner-Perspectives-ACTION-2025-Urban-Systems-FR-1296x456.png\" class=\"attachment-post-thumbnail size-post-thumbnail wp-post-image\" alt=\"Perspectives des partenaires : aper\u00e7u des syst\u00e8mes urbains \u00e0 ACTION 2025\" style=\"width:100%;height:100%;object-fit:contain;\" \/><\/a><\/figure>\n\n<div class=\"wp-block-post-date has-small-font-size\"><time datetime=\"2026-01-19T13:43:41-05:00\">January 19, 2026<\/time><\/div>\n\n<h2 class=\"wp-block-post-title has-large-font-size\"><a href=\"https:\/\/www.cip-icu.ca\/fr\/blog\/perspectives-des-partenaires-apercu-des-systemes-urbains-a-action-2025\/\" target=\"_self\" >Perspectives des partenaires : aper\u00e7u des syst\u00e8mes urbains \u00e0 ACTION 2025<\/a><\/h2>\n<\/li><li class=\"wp-block-post post-40749 post type-post status-publish format-standard has-post-thumbnail hentry category-blog tag-logement tag-soutien-carriere\">\n<figure style=\"aspect-ratio:3\/2;\" class=\"wp-block-post-featured-image\"><a href=\"https:\/\/www.cip-icu.ca\/fr\/blog\/communaute-de-pratique-nationale-en-matiere-de-planification-du-logement\/\" target=\"_self\"  ><img loading=\"lazy\" decoding=\"async\" width=\"1296\" height=\"456\" src=\"https:\/\/www.cip-icu.ca\/wp-content\/uploads\/2025\/12\/National-Planning-Community-of-Practice-on-Housing-FR-1296x456.png\" class=\"attachment-post-thumbnail size-post-thumbnail wp-post-image\" alt=\"Communaut\u00e9 de pratique nationale en mati\u00e8re de planification du logement\" style=\"width:100%;height:100%;object-fit:contain;\" \/><\/a><\/figure>\n\n<div class=\"wp-block-post-date has-small-font-size\"><time datetime=\"2025-12-03T13:52:03-05:00\">December 3, 2025<\/time><\/div>\n\n<h2 class=\"wp-block-post-title has-large-font-size\"><a href=\"https:\/\/www.cip-icu.ca\/fr\/blog\/communaute-de-pratique-nationale-en-matiere-de-planification-du-logement\/\" target=\"_self\" >Communaut\u00e9 de pratique nationale en mati\u00e8re de planification du logement<\/a><\/h2>\n<\/li><\/ul><\/div>\n\n<div style=\"height:26px\" aria-hidden=\"true\" class=\"wp-block-spacer\"><\/div>\n\n<div class=\"wp-block-buttons is-content-justification-center is-layout-flex wp-container-core-buttons-is-layout-16018d1d wp-block-buttons-is-layout-flex\">\n<div class=\"wp-block-button\"><a class=\"wp-block-button__link wp-element-button\" href=\"https:\/\/www.cip-icu.ca\/fr\/tag\/soutien-carriere\/\"><strong>Plus d&#8217;informations sur le blog du l&#8217;ICU<\/strong><\/a><\/div>\n<\/div>\n\n<div style=\"height:136px\" aria-hidden=\"true\" class=\"wp-block-spacer\"><\/div>\n\n\n","protected":false},"excerpt":{"rendered":"<p>D\u00e9couvrez Career Central de l&#8217;Institut canadien des urbanistes : Votre portail vers les emplois en urbanisme, les ressources professionnelles et le d\u00e9veloppement professionnel au Canada.<\/p>\n","protected":false},"author":14,"featured_media":30716,"parent":0,"menu_order":0,"comment_status":"closed","ping_status":"closed","template":"","meta":{"_acf_changed":false,"footnotes":""},"class_list":["post-32251","page","type-page","status-publish","has-post-thumbnail","hentry"],"acf":[],"_links":{"self":[{"href":"https:\/\/www.cip-icu.ca\/fr\/wp-json\/wp\/v2\/pages\/32251","targetHints":{"allow":["GET"]}}],"collection":[{"href":"https:\/\/www.cip-icu.ca\/fr\/wp-json\/wp\/v2\/pages"}],"about":[{"href":"https:\/\/www.cip-icu.ca\/fr\/wp-json\/wp\/v2\/types\/page"}],"author":[{"embeddable":true,"href":"https:\/\/www.cip-icu.ca\/fr\/wp-json\/wp\/v2\/users\/14"}],"replies":[{"embeddable":true,"href":"https:\/\/www.cip-icu.ca\/fr\/wp-json\/wp\/v2\/comments?post=32251"}],"version-history":[{"count":9,"href":"https:\/\/www.cip-icu.ca\/fr\/wp-json\/wp\/v2\/pages\/32251\/revisions"}],"predecessor-version":[{"id":32799,"href":"https:\/\/www.cip-icu.ca\/fr\/wp-json\/wp\/v2\/pages\/32251\/revisions\/32799"}],"wp:featuredmedia":[{"embeddable":true,"href":"https:\/\/www.cip-icu.ca\/fr\/wp-json\/wp\/v2\/media\/30716"}],"wp:attachment":[{"href":"https:\/\/www.cip-icu.ca\/fr\/wp-json\/wp\/v2\/media?parent=32251"}],"curies":[{"name":"wp","href":"https:\/\/api.w.org\/{rel}","templated":true}]}}